{"id":10708,"date":"2024-06-27T15:21:53","date_gmt":"2024-06-27T13:21:53","guid":{"rendered":"https:\/\/linguavivagroup.com\/levels\/"},"modified":"2025-08-06T16:00:52","modified_gmt":"2025-08-06T14:00:52","slug":"sprachniveaus","status":"publish","type":"page","link":"https:\/\/linguavivagroup.com\/de\/sprachniveaus\/","title":{"rendered":"Sprachniveaus"},"content":{"rendered":"<section class=\"wpb-content-wrapper\"><p>[vc_row full_width=&#8220;stretch_row_content_no_spaces&#8220; el_class=&#8220;header-image&#8220;][vc_column][vc_single_image image=&#8220;10698&#8243; img_size=&#8220;full&#8220; el_class=&#8220;img-header-big&#8220;][vc_single_image image=&#8220;10702&#8243; img_size=&#8220;full&#8220; el_class=&#8220;img-header-small&#8220;][\/vc_column][\/vc_row][vc_row el_class=&#8220;sezione&#8220;][vc_column width=&#8220;2\/12&#8243;][\/vc_column][vc_column width=&#8220;8\/12&#8243;][vc_column_text el_class=&#8220;red&#8220;]<\/p>\n<h1 style=\"text-align: center;\">SPRACHNIVEAUS<\/h1>\n<p>[\/vc_column_text][vc_column_text]Unsere Italienischkurse sind f\u00fcr alle Sprachniveaus geeignet \u2013 von der Grundstufe \u00fcber die Mittelstufe bis hin zur Oberstufe.<br \/>\nWeitere Informationen und eine Beschreibung der einzelnen Niveaustufen enth\u00e4lt die folgende Tabelle.[\/vc_column_text][\/vc_column][vc_column width=&#8220;2\/12&#8243;][\/vc_column][\/vc_row][vc_row full_width=&#8220;stretch_row_content&#8220; el_class=&#8220;sezione&#8220;][vc_column][vc_column_text]<\/p>\n<table class=\"table-course table-course-v2 table-course-v3\">\n<tbody>\n<tr>\n<th class=\"title-table white bg-blue\" colspan=\"7\">SPRACHNIVEAUS<\/th>\n<\/tr>\n<tr>\n<td class=\"value-key-table\"><strong>Sprachniveau nach GER<\/strong><\/td>\n<td class=\"value-key-table\"><strong>Sprachniveau nach der Linguaviva-Skala<\/strong><\/td>\n<td class=\"value-key-table\"><b>\u00a0<\/b><\/td>\n<td class=\"value-key-table\"><strong>Unterrichtseinheiten (UE)<\/strong><\/td>\n<td class=\"value-key-table\"><strong>Beschreibung der Sprachkompetenz in Italienisch<\/strong><\/td>\n<td class=\"value-key-table\"><strong>CILS-\/PLIDA-Pr\u00fcfungen<\/strong><\/td>\n<td class=\"value-key-table\"><strong>Wof\u00fcr wird dieses Sprachniveau ben\u00f6tigt?<\/strong><\/td>\n<\/tr>\n<tr>\n<td class=\"title-key-table\" style=\"text-align: center;\" rowspan=\"3\"><strong>C1<\/strong><\/td>\n<td class=\"value-key-table\" style=\"text-align: center;\" rowspan=\"3\">Fortgeschritten<\/td>\n<td style=\"text-align: center;\">12<\/td>\n<td class=\"value-key-table\" style=\"text-align: center;\">80<\/td>\n<td class=\"value-key-table\" style=\"text-align: center;\">Du verstehst alle Arten gesprochener Sprache, live oder gesendet, ohne Schwierigkeiten. Du kannst Dich flie\u00dfend an Diskussionen \u00fcber ein breites Themenspektrum beteiligen und auch idiomatische und umgangssprachliche Ausdr\u00fccke verwenden.<\/td>\n<td class=\"value-key-table\" style=\"text-align: center;\" rowspan=\"3\">CILS 3 PLIDA C1<\/td>\n<td class=\"value-key-table\" style=\"text-align: center;\" rowspan=\"3\">Dieses Sprachniveau ist Voraussetzung f\u00fcr den Einstieg ins Berufsleben in Italien.<\/td>\n<\/tr>\n<tr>\n<td class=\"title-key-table\" style=\"text-align: center;\">11<\/td>\n<td class=\"value-key-table\" style=\"text-align: center;\">\n<div class=\"page\" title=\"Page 5\">\n<div class=\"section\">\n<div class=\"layoutArea\">\n<div class=\"column\">\n<p>80<\/p>\n<\/div>\n<\/div>\n<\/div>\n<\/div>\n<\/td>\n<td class=\"value-key-table\" style=\"text-align: center;\">\n<div class=\"page\" title=\"Page 5\">\n<div class=\"section\">\n<div class=\"layoutArea\">\n<div class=\"column\">\n<p>Du kannst Dich m\u00fchelos an Gespr\u00e4chen und Diskussionen beteiligen und bist mit einigen Redewendungen und umgangssprachlichen Ausdr\u00fccken vertraut.<\/p>\n<\/div>\n<\/div>\n<\/div>\n<\/div>\n<\/td>\n<\/tr>\n<tr>\n<td class=\"title-key-table\" style=\"text-align: center;\">10<\/td>\n<td class=\"value-key-table\" style=\"text-align: center;\">\n<div class=\"page\" title=\"Page 5\">\n<div class=\"section\">\n<div class=\"layoutArea\">\n<div class=\"column\">\n<p>80<\/p>\n<\/div>\n<\/div>\n<\/div>\n<\/div>\n<\/td>\n<td class=\"value-key-table\" style=\"text-align: center;\">\n<div class=\"page\" title=\"Page 5\">\n<div class=\"section\">\n<div class=\"layoutArea\">\n<div class=\"column\">\n<p>Du kannst Deine Gedanken und Meinungen pr\u00e4zise formulieren und Deine Beitr\u00e4ge zu denen anderer Gespr\u00e4chspartner in Beziehung setzen. Du kannst komplexe Sachverhalte klar und detailliert beschreiben.<\/p>\n<p>Du kannst Fachtexte auch au\u00dferhalb Deines Fachgebiets verstehen.<\/p>\n<\/div>\n<\/div>\n<\/div>\n<\/div>\n<\/td>\n<\/tr>\n<tr>\n<td class=\"title-key-table\" style=\"text-align: center;\" rowspan=\"3\"><strong>B2<\/strong><\/td>\n<td class=\"value-key-table\" style=\"text-align: center;\" rowspan=\"3\">Obere Mittelstufe<\/td>\n<td style=\"text-align: center;\">9<\/td>\n<td class=\"value-key-table\" style=\"text-align: center;\">80<\/td>\n<td class=\"value-key-table\" style=\"text-align: center;\">Du kannst Dich spontan und flie\u00dfend ausdr\u00fccken, ohne \u00f6fter deutlich erkennbar nach Worten suchen zu m\u00fcssen.Du kannst Italienisch im beruflichen und gesellschaftlichen Leben flexibel und wirksam gebrauchen.<\/p>\n<p>Du kannst ohne gr\u00f6\u00dfere M\u00fche Fernsehsendungen und Spielfilme verstehen.<\/td>\n<td class=\"value-key-table\" style=\"text-align: center;\" rowspan=\"3\">CILS 2 PLIDA B2<\/td>\n<td class=\"value-key-table\" style=\"text-align: center;\" rowspan=\"3\">Dieses Sprachniveau ist Voraussetzung f\u00fcr die Zulassung zum Studium an italienischen Universit\u00e4ten und Hochschulen Programmes.<\/td>\n<\/tr>\n<tr>\n<td class=\"title-key-table\" style=\"text-align: center;\">8<\/td>\n<td class=\"value-key-table\" style=\"text-align: center;\">\n<div class=\"page\" title=\"Page 5\">\n<div class=\"section\">\n<div class=\"layoutArea\">\n<div class=\"column\">\n<p>80<\/p>\n<\/div>\n<\/div>\n<\/div>\n<\/div>\n<\/td>\n<td class=\"value-key-table\" style=\"text-align: center;\">\n<div class=\"page\" title=\"Page 5\">\n<div class=\"section\">\n<div class=\"layoutArea\">\n<div class=\"column\">\n<p>Du kannst zu einem breiten Themenspektrum aus Deinem Interessengebiet klare und detaillierte Beschreibungen geben. Du kannst einen Standpunkt zu einer aktuellen Frage erl\u00e4utern.<\/p>\n<p>Du kannst die meisten Fernsehnachrichten, Nachrichtensendungen und Spielfilme in Standardsprache verstehen.<\/p>\n<\/div>\n<\/div>\n<\/div>\n<\/div>\n<\/td>\n<\/tr>\n<tr>\n<td class=\"title-key-table\" style=\"text-align: center;\">7<\/td>\n<td class=\"value-key-table\" style=\"text-align: center;\">\n<div class=\"page\" title=\"Page 5\">\n<div class=\"section\">\n<div class=\"layoutArea\">\n<div class=\"column\">\n<p>80<\/p>\n<\/div>\n<\/div>\n<\/div>\n<\/div>\n<\/td>\n<td class=\"value-key-table\" style=\"text-align: center;\">\n<div class=\"page\" title=\"Page 5\">\n<div class=\"section\">\n<div class=\"layoutArea\">\n<div class=\"column\">\n<p>Du kannst Dich einigerma\u00dfen flie\u00dfend und spontan mit Muttersprachler:innen unterhalten.<br \/>\nDu kannst Dich in vertrauten Situationen aktiv an Diskussionen beteiligen und dabei eigene Ansichten begr\u00fcnden und verteidigen.<\/p>\n<\/div>\n<\/div>\n<\/div>\n<\/div>\n<\/td>\n<\/tr>\n<tr>\n<td class=\"title-key-table\" style=\"text-align: center;\" rowspan=\"3\"><strong>B1<\/strong><\/td>\n<td class=\"value-key-table\" style=\"text-align: center;\" rowspan=\"3\">Mittelstufe<\/td>\n<td style=\"text-align: center;\">6<\/td>\n<td class=\"value-key-table\" style=\"text-align: center;\">80<\/td>\n<td class=\"value-key-table\" style=\"text-align: center;\">Du kannst ohne Vorbereitung \u00fcber vertraute Themen und pers\u00f6nliche Interessengebiete sprechen. Du kannst eine Geschichte erz\u00e4hlen oder die Handlung eines Buches oder Films wiedergeben und Deine Reaktionen beschreiben. Du kannst die Hauptinhalte von Radio- und Fernsehsendungen zu aktuellen Themen verstehen.<br \/>\nor TV programmes on current affairs.<\/td>\n<td class=\"value-key-table\" style=\"text-align: center;\" rowspan=\"3\">CILS 1 PLIDA B1<\/td>\n<td class=\"value-key-table\" style=\"text-align: center;\" rowspan=\"3\">Dieses Sprachniveau ist Voraussetzung f\u00fcr die Teilnahme an Praktika, Studienvorbereitungskursen und Berufsausbildungen, wie z.\u00a0B. Kochkurse und Kurse in den Bereichen Mode und Design.<\/td>\n<\/tr>\n<tr>\n<td class=\"title-key-table\" style=\"text-align: center;\">5<\/td>\n<td class=\"value-key-table\" style=\"text-align: center;\">\n<div class=\"page\" title=\"Page 5\">\n<div class=\"section\">\n<div class=\"layoutArea\">\n<div class=\"column\">\n<p>80<\/p>\n<\/div>\n<\/div>\n<\/div>\n<\/div>\n<\/td>\n<td class=\"value-key-table\" style=\"text-align: center;\">\n<div class=\"page\" title=\"Page 5\">\n<div class=\"section\">\n<div class=\"layoutArea\">\n<div class=\"column\">\n<p>Du kannst Dich in den meisten Situationen verst\u00e4ndigen, denen man auf Reisen in Italien begegnet. Du kannst die meisten Gespr\u00e4che \u00fcber vertraute Themen und \u00fcber Themen aus deinen pers\u00f6nlichen Interessengebieten verstehen. Du kannst die Hauptpunkte verstehen, wenn klare Standardsprache verwendet wird und wenn es um vertraute Dinge aus Arbeit, Schule, Freizeit etc. geht.<\/p>\n<\/div>\n<\/div>\n<\/div>\n<\/div>\n<\/td>\n<\/tr>\n<tr>\n<td class=\"title-key-table\" style=\"text-align: center;\">4<\/td>\n<td class=\"value-key-table\" style=\"text-align: center;\">\n<div class=\"page\" title=\"Page 5\">\n<div class=\"section\">\n<div class=\"layoutArea\">\n<div class=\"column\">\n<p>80<\/p>\n<\/div>\n<\/div>\n<\/div>\n<\/div>\n<\/td>\n<td class=\"value-key-table\" style=\"text-align: center;\">\n<div class=\"page\" title=\"Page 5\">\n<div class=\"section\">\n<div class=\"layoutArea\">\n<div class=\"column\">\n<p>Du kannst sehr kurze Gespr\u00e4che f\u00fchren und an kommunikativen Situationen teilnehmen, auch wenn Du normalerweise nicht genug verstehst, um das Gespr\u00e4ch aufrecht zu erhalten.<\/p>\n<\/div>\n<\/div>\n<\/div>\n<\/div>\n<\/td>\n<\/tr>\n<tr>\n<td class=\"title-key-table\" style=\"text-align: center;\" rowspan=\"2\"><strong>A2<\/strong><\/td>\n<td class=\"value-key-table\" style=\"text-align: center;\" rowspan=\"2\">Grundstufe<\/td>\n<td style=\"text-align: center;\">3<\/td>\n<td class=\"value-key-table\" style=\"text-align: center;\">80<\/td>\n<td class=\"value-key-table\" style=\"text-align: center;\">Du kannst Dich in einfachen, routinem\u00e4\u00dfigen Situationen verst\u00e4ndigen, in denen es um einen einfachen und direkten Austausch von Informationen und um vertraute Themen und T\u00e4tigkeiten geht. Du kannst mit einfachen Mitteln die eigene Familie, andere Menschen, die Arbeit und die n\u00e4here Umgebung beschreiben.<\/td>\n<td class=\"value-key-table\" style=\"text-align: center;\" rowspan=\"2\">CILS A2 PLIDA A2<\/td>\n<td class=\"value-key-table\" style=\"text-align: center;\" rowspan=\"2\">Dieses Sprachniveau ist Voraussetzung f\u00fcr die Teilnahme an praktischen Kursen in den Bereichen Kunst und Design, Kunstgeschichte und Kochen.<\/td>\n<\/tr>\n<tr>\n<td class=\"title-key-table\" style=\"text-align: center;\">2<\/td>\n<td class=\"value-key-table\" style=\"text-align: center;\">\n<div class=\"page\" title=\"Page 5\">\n<div class=\"section\">\n<div class=\"layoutArea\">\n<div class=\"column\">\n<p>80<\/p>\n<\/div>\n<\/div>\n<\/div>\n<\/div>\n<\/td>\n<td class=\"value-key-table\" style=\"text-align: center;\">\n<div class=\"page\" title=\"Page 5\">\n<div class=\"section\">\n<div class=\"layoutArea\">\n<div class=\"column\">\n<p>Du kannst einfache Ausdr\u00fccke und S\u00e4tze verwenden, um Dinge zu beschreiben oder um etwas zu bitten. Du kannst Postkarten oder kurze Mitteilungen schreiben und sehr kurze, einfache Texte lesen.<\/p>\n<\/div>\n<\/div>\n<\/div>\n<\/div>\n<\/td>\n<\/tr>\n<tr>\n<td class=\"title-key-table\" style=\"text-align: center;\"><strong>A1<\/strong><\/td>\n<td class=\"value-key-table\" style=\"text-align: center;\">Anf\u00e4nger<\/td>\n<td style=\"text-align: center;\">1<\/td>\n<td class=\"value-key-table\" style=\"text-align: center;\">80<\/td>\n<td class=\"value-key-table\" style=\"text-align: center;\">Du hast noch keine Italienischkenntnisse oder erkennst nur vertraute W\u00f6rter.<\/td>\n<td class=\"value-key-table\" style=\"text-align: center;\">CILS A1 PLIDA A1<\/td>\n<td class=\"value-key-table\" style=\"text-align: center;\"><\/td>\n<\/tr>\n<\/tbody>\n<\/table>\n<p>[\/vc_column_text][\/vc_column][\/vc_row][vc_row][vc_column][vc_empty_space height=&#8220;90px&#8220;][\/vc_column][\/vc_row]<\/p>\n<\/section>","protected":false},"excerpt":{"rendered":"<p>[vc_row full_width=&#8220;stretch_row_content_no_spaces&#8220; el_class=&#8220;header-image&#8220;][vc_column][vc_single_image image=&#8220;10698&#8243; img_size=&#8220;full&#8220; el_class=&#8220;img-header-big&#8220;][vc_single_image image=&#8220;10702&#8243; img_size=&#8220;full&#8220; el_class=&#8220;img-header-small&#8220;][\/vc_column][\/vc_row][vc_row el_class=&#8220;sezione&#8220;][vc_column width=&#8220;2\/12&#8243;][\/vc_column][vc_column width=&#8220;8\/12&#8243;][vc_column_text el_class=&#8220;red&#8220;] SPRACHNIVEAUS [\/vc_column_text][vc_column_text]Unsere Italienischkurse sind f\u00fcr alle Sprachniveaus geeignet \u2013 von der Grundstufe \u00fcber die Mittelstufe bis hin zur Oberstufe. Weitere Informationen und eine Beschreibung der einzelnen Niveaustufen enth\u00e4lt die folgende Tabelle.[\/vc_column_text][\/vc_column][vc_column width=&#8220;2\/12&#8243;][\/vc_column][\/vc_row][vc_row full_width=&#8220;stretch_row_content&#8220; el_class=&#8220;sezione&#8220;][vc_column][vc_column_text] SPRACHNIVEAUS Sprachniveau nach GER Sprachniveau nach der Linguaviva-Skala [&hellip;]<\/p>\n","protected":false},"author":2,"featured_media":0,"parent":0,"menu_order":-1,"comment_status":"closed","ping_status":"closed","template":"","meta":{"inline_featured_image":false,"footnotes":""},"class_list":["post-10708","page","type-page","status-publish","hentry"],"yoast_head":"<!-- This site is optimized with the Yoast SEO plugin v27.2 - https:\/\/yoast.com\/product\/yoast-seo-wordpress\/ -->\n<title>Summer Courses in Florence | Linguaviva<\/title>\n<meta name=\"description\" content=\"Discover our stimulating and comprehensive Italian language study holiday in Florence that follows a programme specifically designed for young people.\" \/>\n<meta name=\"robots\" content=\"index, follow, max-snippet:-1, max-image-preview:large, max-video-preview:-1\" \/>\n<link rel=\"canonical\" href=\"https:\/\/linguavivagroup.com\/de\/sprachniveaus\/\" \/>\n<meta property=\"og:locale\" content=\"de_DE\" \/>\n<meta property=\"og:type\" content=\"article\" \/>\n<meta property=\"og:title\" content=\"Summer Courses in Florence | Linguaviva\" \/>\n<meta property=\"og:description\" content=\"Discover our stimulating and comprehensive Italian language study holiday in Florence that follows a programme specifically designed for young people.\" \/>\n<meta property=\"og:url\" content=\"https:\/\/linguavivagroup.com\/de\/sprachniveaus\/\" \/>\n<meta property=\"og:site_name\" content=\"Linguaviva Educational Group\" \/>\n<meta property=\"article:modified_time\" content=\"2025-08-06T14:00:52+00:00\" \/>\n<meta property=\"og:image\" content=\"https:\/\/linguavivagroup.com\/wp-content\/uploads\/2023\/04\/Educational-group.jpg\" \/>\n\t<meta property=\"og:image:width\" content=\"1920\" \/>\n\t<meta property=\"og:image:height\" content=\"923\" \/>\n\t<meta property=\"og:image:type\" content=\"image\/jpeg\" \/>\n<meta name=\"twitter:card\" content=\"summary_large_image\" \/>\n<meta name=\"twitter:label1\" content=\"Gesch\u00e4tzte Lesezeit\" \/>\n\t<meta name=\"twitter:data1\" content=\"3\u00a0Minuten\" \/>\n<script type=\"application\/ld+json\" class=\"yoast-schema-graph\">{\"@context\":\"https:\/\/schema.org\",\"@graph\":[{\"@type\":\"WebPage\",\"@id\":\"https:\/\/linguavivagroup.com\/de\/sprachniveaus\/\",\"url\":\"https:\/\/linguavivagroup.com\/de\/sprachniveaus\/\",\"name\":\"Summer Courses in Florence | Linguaviva\",\"isPartOf\":{\"@id\":\"https:\/\/linguavivagroup.com\/de\/#website\"},\"datePublished\":\"2024-06-27T13:21:53+00:00\",\"dateModified\":\"2025-08-06T14:00:52+00:00\",\"description\":\"Discover our stimulating and comprehensive Italian language study holiday in Florence that follows a programme specifically designed for young people.\",\"breadcrumb\":{\"@id\":\"https:\/\/linguavivagroup.com\/de\/sprachniveaus\/#breadcrumb\"},\"inLanguage\":\"de\",\"potentialAction\":[{\"@type\":\"ReadAction\",\"target\":[\"https:\/\/linguavivagroup.com\/de\/sprachniveaus\/\"]}]},{\"@type\":\"BreadcrumbList\",\"@id\":\"https:\/\/linguavivagroup.com\/de\/sprachniveaus\/#breadcrumb\",\"itemListElement\":[{\"@type\":\"ListItem\",\"position\":1,\"name\":\"Home\",\"item\":\"https:\/\/linguavivagroup.com\/de\/\"},{\"@type\":\"ListItem\",\"position\":2,\"name\":\"Sprachniveaus\"}]},{\"@type\":\"WebSite\",\"@id\":\"https:\/\/linguavivagroup.com\/de\/#website\",\"url\":\"https:\/\/linguavivagroup.com\/de\/\",\"name\":\"Linguaviva Educational Group\",\"description\":\"Study and learn italian in italy\",\"publisher\":{\"@id\":\"https:\/\/linguavivagroup.com\/de\/#organization\"},\"potentialAction\":[{\"@type\":\"SearchAction\",\"target\":{\"@type\":\"EntryPoint\",\"urlTemplate\":\"https:\/\/linguavivagroup.com\/de\/?s={search_term_string}\"},\"query-input\":{\"@type\":\"PropertyValueSpecification\",\"valueRequired\":true,\"valueName\":\"search_term_string\"}}],\"inLanguage\":\"de\"},{\"@type\":\"Organization\",\"@id\":\"https:\/\/linguavivagroup.com\/de\/#organization\",\"name\":\"Linguaviva Educational Group\",\"url\":\"https:\/\/linguavivagroup.com\/de\/\",\"logo\":{\"@type\":\"ImageObject\",\"inLanguage\":\"de\",\"@id\":\"https:\/\/linguavivagroup.com\/de\/#\/schema\/logo\/image\/\",\"url\":\"https:\/\/linguavivagroup.com\/wp-content\/uploads\/2026\/03\/logo-linguaviva-bianco-50-260.png\",\"contentUrl\":\"https:\/\/linguavivagroup.com\/wp-content\/uploads\/2026\/03\/logo-linguaviva-bianco-50-260.png\",\"width\":260,\"height\":48,\"caption\":\"Linguaviva Educational Group\"},\"image\":{\"@id\":\"https:\/\/linguavivagroup.com\/de\/#\/schema\/logo\/image\/\"}}]}<\/script>\n<!-- \/ Yoast SEO plugin. -->","yoast_head_json":{"title":"Summer Courses in Florence | Linguaviva","description":"Discover our stimulating and comprehensive Italian language study holiday in Florence that follows a programme specifically designed for young people.","robots":{"index":"index","follow":"follow","max-snippet":"max-snippet:-1","max-image-preview":"max-image-preview:large","max-video-preview":"max-video-preview:-1"},"canonical":"https:\/\/linguavivagroup.com\/de\/sprachniveaus\/","og_locale":"de_DE","og_type":"article","og_title":"Summer Courses in Florence | Linguaviva","og_description":"Discover our stimulating and comprehensive Italian language study holiday in Florence that follows a programme specifically designed for young people.","og_url":"https:\/\/linguavivagroup.com\/de\/sprachniveaus\/","og_site_name":"Linguaviva Educational Group","article_modified_time":"2025-08-06T14:00:52+00:00","og_image":[{"width":1920,"height":923,"url":"https:\/\/linguavivagroup.com\/wp-content\/uploads\/2023\/04\/Educational-group.jpg","type":"image\/jpeg"}],"twitter_card":"summary_large_image","twitter_misc":{"Gesch\u00e4tzte Lesezeit":"3\u00a0Minuten"},"schema":{"@context":"https:\/\/schema.org","@graph":[{"@type":"WebPage","@id":"https:\/\/linguavivagroup.com\/de\/sprachniveaus\/","url":"https:\/\/linguavivagroup.com\/de\/sprachniveaus\/","name":"Summer Courses in Florence | Linguaviva","isPartOf":{"@id":"https:\/\/linguavivagroup.com\/de\/#website"},"datePublished":"2024-06-27T13:21:53+00:00","dateModified":"2025-08-06T14:00:52+00:00","description":"Discover our stimulating and comprehensive Italian language study holiday in Florence that follows a programme specifically designed for young people.","breadcrumb":{"@id":"https:\/\/linguavivagroup.com\/de\/sprachniveaus\/#breadcrumb"},"inLanguage":"de","potentialAction":[{"@type":"ReadAction","target":["https:\/\/linguavivagroup.com\/de\/sprachniveaus\/"]}]},{"@type":"BreadcrumbList","@id":"https:\/\/linguavivagroup.com\/de\/sprachniveaus\/#breadcrumb","itemListElement":[{"@type":"ListItem","position":1,"name":"Home","item":"https:\/\/linguavivagroup.com\/de\/"},{"@type":"ListItem","position":2,"name":"Sprachniveaus"}]},{"@type":"WebSite","@id":"https:\/\/linguavivagroup.com\/de\/#website","url":"https:\/\/linguavivagroup.com\/de\/","name":"Linguaviva Educational Group","description":"Study and learn italian in italy","publisher":{"@id":"https:\/\/linguavivagroup.com\/de\/#organization"},"potentialAction":[{"@type":"SearchAction","target":{"@type":"EntryPoint","urlTemplate":"https:\/\/linguavivagroup.com\/de\/?s={search_term_string}"},"query-input":{"@type":"PropertyValueSpecification","valueRequired":true,"valueName":"search_term_string"}}],"inLanguage":"de"},{"@type":"Organization","@id":"https:\/\/linguavivagroup.com\/de\/#organization","name":"Linguaviva Educational Group","url":"https:\/\/linguavivagroup.com\/de\/","logo":{"@type":"ImageObject","inLanguage":"de","@id":"https:\/\/linguavivagroup.com\/de\/#\/schema\/logo\/image\/","url":"https:\/\/linguavivagroup.com\/wp-content\/uploads\/2026\/03\/logo-linguaviva-bianco-50-260.png","contentUrl":"https:\/\/linguavivagroup.com\/wp-content\/uploads\/2026\/03\/logo-linguaviva-bianco-50-260.png","width":260,"height":48,"caption":"Linguaviva Educational Group"},"image":{"@id":"https:\/\/linguavivagroup.com\/de\/#\/schema\/logo\/image\/"}}]}},"_links":{"self":[{"href":"https:\/\/linguavivagroup.com\/de\/wp-json\/wp\/v2\/pages\/10708","targetHints":{"allow":["GET"]}}],"collection":[{"href":"https:\/\/linguavivagroup.com\/de\/wp-json\/wp\/v2\/pages"}],"about":[{"href":"https:\/\/linguavivagroup.com\/de\/wp-json\/wp\/v2\/types\/page"}],"author":[{"embeddable":true,"href":"https:\/\/linguavivagroup.com\/de\/wp-json\/wp\/v2\/users\/2"}],"replies":[{"embeddable":true,"href":"https:\/\/linguavivagroup.com\/de\/wp-json\/wp\/v2\/comments?post=10708"}],"version-history":[{"count":10,"href":"https:\/\/linguavivagroup.com\/de\/wp-json\/wp\/v2\/pages\/10708\/revisions"}],"predecessor-version":[{"id":15069,"href":"https:\/\/linguavivagroup.com\/de\/wp-json\/wp\/v2\/pages\/10708\/revisions\/15069"}],"wp:attachment":[{"href":"https:\/\/linguavivagroup.com\/de\/wp-json\/wp\/v2\/media?parent=10708"}],"curies":[{"name":"wp","href":"https:\/\/api.w.org\/{rel}","templated":true}]}}