{"id":3544,"date":"2023-07-25T15:47:10","date_gmt":"2023-07-25T13:47:10","guid":{"rendered":"https:\/\/linguavivagroup.com\/?page_id=3544"},"modified":"2025-07-14T15:30:16","modified_gmt":"2025-07-14T13:30:16","slug":"italienisch-lernen-italien-erleben","status":"publish","type":"page","link":"https:\/\/linguavivagroup.com\/de\/italienisch-lernen-italien-erleben\/","title":{"rendered":"ITALIENISCH LERNEN, ITALIEN ERLEBEN"},"content":{"rendered":"<section class=\"wpb-content-wrapper\"><p>[vc_row full_width=&#8220;stretch_row_content_no_spaces&#8220; el_class=&#8220;header-image&#8220;][vc_column][vc_single_image image=&#8220;1392&#8243; img_size=&#8220;full&#8220; el_class=&#8220;img-header-big&#8220;][vc_single_image image=&#8220;1392&#8243; img_size=&#8220;full&#8220; el_class=&#8220;img-header-small&#8220;][\/vc_column][\/vc_row][vc_row el_class=&#8220;sezione&#8220;][vc_column width=&#8220;2\/12&#8243;][\/vc_column][vc_column width=&#8220;8\/12&#8243;][vc_column_text el_class=&#8220;red&#8220;]<\/p>\n<h1 style=\"text-align: center;\">ITALIENISCH LERNEN, ITALIEN ERLEBEN<\/h1>\n<p>[\/vc_column_text][vc_column_text]Italienisch lernen und dabei Florenz oder Mailand entdecken? Mit Linguaviva ist das m\u00f6glich! Wir bieten Sprachreisen nach Italien an, die das Erlernen der italienischen Sprache mit dem Kennenlernen der Kunst und des kulturellen Erbes Italiens verbinden. In Florenz schlenderst Du durch die Kopfsteinpflasterstra\u00dfen und bewunderst die Meisterwerke der Renaissance \u2013 in Mailand erlebst Du die kosmopolitische und trendige Atmosph\u00e4re der Modemetropole. Melde Dich f\u00fcr einen unserer Italienischkurse an und erlebe Italien hautnah.[\/vc_column_text][\/vc_column][vc_column width=&#8220;2\/12&#8243;][\/vc_column][\/vc_row][vc_row gap=&#8220;30&#8243; el_class=&#8220;sezione&#8220;][vc_column width=&#8220;1\/3&#8243;][vc_column_text el_class=&#8220;red&#8220;]<\/p>\n<h2>ANGEBOT<\/h2>\n<p>[\/vc_column_text][vc_column_text]Hier findest Du eine \u00dcbersicht \u00fcber unsere Italienischkurse und Sprachaufenthalte.[\/vc_column_text][vc_btn title=&#8220;&#8220; align=&#8220;right&#8220; el_class=&#8220;btn-arrow-red&#8220; link=&#8220;url:https%3A%2F%2Flinguavivagroup.com%2Fde%2Fkurse-fur-italienische-sprache%2F&#8220;][\/vc_column][vc_column width=&#8220;2\/3&#8243;][\/vc_column][\/vc_row][vc_row][vc_column][vc_basic_grid post_type=&#8220;courses&#8220; max_items=&#8220;-1&#8243; gap=&#8220;15&#8243; orderby=&#8220;menu_order&#8220; item=&#8220;508&#8243; initial_loading_animation=&#8220;none&#8220; grid_id=&#8220;vc_gid:1752499290926-b1236af2-372b-7&#8243; el_class=&#8220;elenco-corsi elenco-corsi-red&#8220; taxonomies=&#8220;176&#8243;][\/vc_column][\/vc_row][vc_row full_width=&#8220;stretch_row&#8220; el_class=&#8220;sezione bg-red&#8220;][vc_column][vc_row_inner el_class=&#8220;row-banner-v2_1&#8243;][vc_column_inner width=&#8220;1\/12&#8243;][\/vc_column_inner][vc_column_inner width=&#8220;6\/12&#8243;][vc_single_image image=&#8220;5067&#8243; img_size=&#8220;full&#8220; onclick=&#8220;custom_link&#8220; link=&#8220;#&#8220; el_class=&#8220;img-hover-zoom&#8220;][\/vc_column_inner][vc_column_inner el_class=&#8220;col-mleft-40&#8243; width=&#8220;4\/12&#8243;][vc_column_text el_class=&#8220;white&#8220;]<\/p>\n<h2>SPRACHAUFENTHALT<br \/>\nIN FLORENZ<\/h2>\n<p>[\/vc_column_text][\/vc_column_inner][vc_column_inner width=&#8220;1\/12&#8243;][\/vc_column_inner][\/vc_row_inner][vc_row_inner el_class=&#8220;row-banner-v2_2 no-padding&#8220;][vc_column_inner width=&#8220;1\/12&#8243;][\/vc_column_inner][vc_column_inner width=&#8220;4\/12&#8243;][vc_column_text el_class=&#8220;white&#8220;]Florenz, die Stadt der Kunst und Kultur, ist das ganze Jahr \u00fcber ein beliebtes Reiseziel f\u00fcr unvergessliche Sprachreisen. Mit den Italienischkursen von Linguaviva kannst Du Italienisch lernen und gleichzeitig die Sch\u00e4tze dieser faszinierenden Kulturstadt entdecken. Der spannende Italienischunterricht und die darauf abgestimmten kulturellen Aktivit\u00e4ten bieten Dir die Gelegenheit, die Kunstsch\u00e4tze von Florenz zu erkunden, renommierte Museen zu besuchen, architektonische Meisterwerke zu bewundern, die magische Atmosph\u00e4re der Stadt zu erleben und die italienische K\u00fcche zu genie\u00dfen. Mit einer Sprachreise nach Florenz verbesserst Du Deine Italienischkenntnisse und bekommst einen umfassenden Einblick in die italienische Kultur.[\/vc_column_text][vc_btn title=&#8220;&#8220; align=&#8220;right&#8220; el_class=&#8220;btn-arrow-white&#8220; link=&#8220;url:https%3A%2F%2Flinguavivagroup.com%2Fde%2Fstudienreisen-nach-florenz%2F&#8220;][\/vc_column_inner][vc_column_inner width=&#8220;6\/12&#8243;][vc_single_image image=&#8220;1335&#8243; img_size=&#8220;full&#8220; onclick=&#8220;custom_link&#8220; link=&#8220;#&#8220; el_class=&#8220;img-hover-zoom&#8220;][\/vc_column_inner][vc_column_inner width=&#8220;1\/12&#8243;][\/vc_column_inner][\/vc_row_inner][\/vc_column][\/vc_row][vc_row full_width=&#8220;stretch_row&#8220; el_class=&#8220;sezione bg-light-grey&#8220;][vc_column][vc_row_inner el_class=&#8220;row-banner-v2_1&#8243;][vc_column_inner width=&#8220;1\/12&#8243;][\/vc_column_inner][vc_column_inner el_class=&#8220;col-mright-50&#8243; width=&#8220;4\/12&#8243;][vc_column_text el_class=&#8220;red&#8220;]<\/p>\n<h2>SPRACHAUFENTHALT<br \/>\nIN MAILAND<\/h2>\n<p>[\/vc_column_text][\/vc_column_inner][vc_column_inner width=&#8220;6\/12&#8243;][vc_single_image image=&#8220;5075&#8243; img_size=&#8220;full&#8220; onclick=&#8220;custom_link&#8220; link=&#8220;#&#8220; el_class=&#8220;img-hover-zoom&#8220;][\/vc_column_inner][vc_column_inner width=&#8220;1\/12&#8243;][\/vc_column_inner][\/vc_row_inner][vc_row_inner el_class=&#8220;row-banner-v2_2 no-padding&#8220;][vc_column_inner width=&#8220;1\/12&#8243;][\/vc_column_inner][vc_column_inner width=&#8220;6\/12&#8243;][vc_single_image image=&#8220;1345&#8243; img_size=&#8220;full&#8220; onclick=&#8220;custom_link&#8220; link=&#8220;#&#8220; el_class=&#8220;img-hover-zoom&#8220;][\/vc_column_inner][vc_column_inner width=&#8220;4\/12&#8243;][vc_column_text]Mailand, die pulsierende Design- und Modemetropole Italiens, ist das ganze Jahr \u00fcber das perfekte Reiseziel f\u00fcr einzigartige sprachliche und kulturelle Erlebnisse. Mit den Italienischkursen von Linguaviva kannst Du Italienisch lernen und Dich gleichzeitig von der energiegeladenen Atmosph\u00e4re der Stadt inspirieren lassen. Vor oder nach dem Unterricht flanierst Du durch die Einkaufsstra\u00dfen, besuchst ber\u00fchmte Museen, entdeckst das reiche kulturelle Erbe der Stadt und genie\u00dft die traditionelle Mail\u00e4nder K\u00fcche. Melde Dich f\u00fcr einen Sprachaufenthalt bei Linguaviva an, erlebe Mailand von seiner besten Seite, erweitere Deine Italienischkenntnisse und lerne den echten italienischen Lebensstil kennen.[\/vc_column_text][vc_btn title=&#8220;&#8220; align=&#8220;right&#8220; el_class=&#8220;btn-arrow-red&#8220; link=&#8220;url:https%3A%2F%2Flinguavivagroup.com%2Fde%2Fstudienreisen-nach-mailand%2F&#8220;][\/vc_column_inner][vc_column_inner width=&#8220;1\/12&#8243;][\/vc_column_inner][\/vc_row_inner][\/vc_column][\/vc_row][vc_row full_width=&#8220;stretch_row&#8220; el_class=&#8220;sezione bg-light-grey no-padding-bottom&#8220;][vc_column width=&#8220;2\/12&#8243;][\/vc_column][vc_column width=&#8220;8\/12&#8243;][vc_column_text el_class=&#8220;red no-margin&#8220;]<\/p>\n<h2 style=\"text-align: center;\">SPRACHSCHULE LINGUAVIVA<\/h2>\n<p>[\/vc_column_text][\/vc_column][vc_column width=&#8220;2\/12&#8243;][\/vc_column][\/vc_row][vc_row full_width=&#8220;stretch_row&#8220; el_class=&#8220;sezione bg-light-grey&#8220;][vc_column][vc_row_inner equal_height=&#8220;yes&#8220; gap=&#8220;30&#8243; el_class=&#8220;row-banner-v2_1&#8243;][vc_column_inner width=&#8220;1\/12&#8243;][\/vc_column_inner][vc_column_inner width=&#8220;6\/12&#8243;][vc_single_image image=&#8220;311&#8243; img_size=&#8220;full&#8220; el_class=&#8220;square square-small s-top-50 s-left-50&#8243;][vc_single_image image=&#8220;335&#8243; img_size=&#8220;full&#8220; el_class=&#8220;square square-small s-top-50 s-left50&#8243;][vc_single_image image=&#8220;365&#8243; img_size=&#8220;full&#8220; el_class=&#8220;square square-small s-top50 s-left-50&#8243;][vc_single_image image=&#8220;377&#8243; img_size=&#8220;full&#8220; el_class=&#8220;square square-small s-bottom-50 s-left-50&#8243;][vc_single_image image=&#8220;1372&#8243; img_size=&#8220;full&#8220; onclick=&#8220;custom_link&#8220; link=&#8220;#&#8220; el_class=&#8220;img-hover-zoom&#8220;][\/vc_column_inner][vc_column_inner width=&#8220;3\/12&#8243;][vc_column_text]Linguaviva wurde 1976 in Florenz gegr\u00fcndet. Seitdem vermitteln wir unseren Kursteilnehmenden mit Leidenschaft und innovativen Lernmethoden die italienische Sprache und Kultur.[\/vc_column_text][\/vc_column_inner][vc_column_inner width=&#8220;2\/12&#8243;][\/vc_column_inner][\/vc_row_inner][vc_row_inner equal_height=&#8220;yes&#8220; gap=&#8220;30&#8243; el_class=&#8220;row-banner-v2_2 no-padding&#8220;][vc_column_inner width=&#8220;2\/12&#8243;][\/vc_column_inner][vc_column_inner width=&#8220;3\/12&#8243;][vc_column_text]Als eine der ersten Sprachschulen Italiens bieten wir Sprachaufenthalte an, die qualitativ hochwertigen Italienischunterricht mit dem Kennenlernen der italienischen Kultur verbinden.[\/vc_column_text][vc_btn title=&#8220;&#8220; align=&#8220;right&#8220; el_class=&#8220;btn-arrow-dark&#8220; link=&#8220;url:https%3A%2F%2Flinguavivagroup.com%2Fde%2Fuber-uns%2F&#8220;][\/vc_column_inner][vc_column_inner width=&#8220;6\/12&#8243;][vc_single_image image=&#8220;377&#8243; img_size=&#8220;full&#8220; el_class=&#8220;square square-small s-bottom-50 s-right-50&#8243;][vc_single_image image=&#8220;365&#8243; img_size=&#8220;full&#8220; el_class=&#8220;square square-small s-bottom-50 s-right50 z-index-1&#8243;][vc_single_image image=&#8220;365&#8243; img_size=&#8220;full&#8220; el_class=&#8220;square square-small s-bottom50 s-right-50&#8243;][vc_single_image image=&#8220;353&#8243; img_size=&#8220;full&#8220; el_class=&#8220;square square-small s-bottom-50 s-left-50&#8243;][vc_single_image image=&#8220;1376&#8243; img_size=&#8220;full&#8220; onclick=&#8220;custom_link&#8220; link=&#8220;#&#8220; el_class=&#8220;img-hover-zoom&#8220;][\/vc_column_inner][vc_column_inner width=&#8220;1\/12&#8243;][\/vc_column_inner][\/vc_row_inner][\/vc_column][\/vc_row][vc_row full_width=&#8220;stretch_row&#8220; full_height=&#8220;yes&#8220; content_placement=&#8220;middle&#8220; el_class=&#8220;parallax-row&#8220; css=&#8220;.vc_custom_1682515566461{background-image: url(https:\/\/linguavivagroup.com\/wp-content\/uploads\/2023\/04\/Experience.jpg?id=488) !important;}&#8220;][vc_column width=&#8220;2\/12&#8243;][\/vc_column][vc_column width=&#8220;8\/12&#8243;][vc_column_text el_class=&#8220;white&#8220;]<\/p>\n<h2 style=\"text-align: center;\">ITALIEN ERLEBEN<\/h2>\n<p>[\/vc_column_text][vc_column_text el_class=&#8220;white&#8220;]<\/p>\n<p style=\"text-align: center;\">Linguaviva l\u00e4sst Dich Italien, seine Menschen und seine Kultur erleben<\/p>\n<p>[\/vc_column_text][\/vc_column][vc_column width=&#8220;2\/12&#8243;][\/vc_column][\/vc_row][vc_row][vc_column][\/vc_column][\/vc_row][vc_row full_width=&#8220;stretch_row_content_no_spaces&#8220; el_class=&#8220;sezione bg-red-blue&#8220;][vc_column width=&#8220;1\/2&#8243; el_class=&#8220;col-half-color-left&#8220;][vc_column_text el_class=&#8220;white&#8220;]<\/p>\n<h2>UNTERKUNFT<\/h2>\n<p>[\/vc_column_text][vc_column_text el_class=&#8220;white&#8220;]Gastfamilie, Wohngemeinschaft oder Wohnheim \u2013 wo m\u00f6chtest Du w\u00e4hrend Deiner Zeit in Italien \u00fcbernachten?[\/vc_column_text][vc_btn title=&#8220;&#8220; align=&#8220;right&#8220; el_class=&#8220;btn-arrow-white&#8220; link=&#8220;url:https%3A%2F%2Flinguavivagroup.com%2Fde%2Funsere-unterkunfte%2F&#8220;][\/vc_column][vc_column width=&#8220;1\/2&#8243; el_class=&#8220;col-half-color-right&#8220;][vc_column_text el_class=&#8220;white&#8220;]<\/p>\n<h2>PREISE<\/h2>\n<p>[\/vc_column_text][vc_column_text el_class=&#8220;white&#8220;]Hier erf\u00e4hrst Du alle Preise f\u00fcr die Italienischkurse und Sprachreisen von Linguaviva.[\/vc_column_text][vc_btn title=&#8220;&#8220; align=&#8220;right&#8220; el_class=&#8220;btn-arrow-white&#8220; link=&#8220;url:https%3A%2F%2Flinguavivagroup.com%2Fde%2Ffees%2F&#8220;][\/vc_column][\/vc_row][vc_row][vc_column][vc_empty_space height=&#8220;120px&#8220;][\/vc_column][\/vc_row][vc_row full_width=&#8220;stretch_row_content_no_spaces&#8220; el_class=&#8220;overflow-visible&#8220;][vc_column][vc_single_image image=&#8220;349&#8243; img_size=&#8220;full&#8220; el_class=&#8220;square square-medium mtop-100 left0&#8243;][vc_single_image image=&#8220;349&#8243; img_size=&#8220;full&#8220; el_class=&#8220;square square-medium top0 left0&#8243;][vc_single_image image=&#8220;349&#8243; img_size=&#8220;full&#8220; el_class=&#8220;square square-medium mtop-100 right0&#8243;][vc_single_image image=&#8220;361&#8243; img_size=&#8220;full&#8220; el_class=&#8220;square square-medium top0 right0&#8243;][\/vc_column][\/vc_row][vc_row full_width=&#8220;stretch_row_content_no_spaces&#8220; equal_height=&#8220;yes&#8220; content_placement=&#8220;middle&#8220; el_class=&#8220;bg-light-grey&#8220;][vc_column width=&#8220;1\/2&#8243;][vc_single_image image=&#8220;1381&#8243; img_size=&#8220;full&#8220; alignment=&#8220;center&#8220; el_class=&#8220;no-margin img-hover-zoom&#8220;][vc_column_text el_class=&#8220;banner-corso-title banner-turismo-title bg-red&#8220;]<\/p>\n<h3 style=\"text-align: center;\"><a href=\"https:\/\/linguavivagroup.com\/de\/italienisch-lernen-in-italien\/\">STUDIENVORBEREITENDE ITALIENISCHKURSE<\/a><\/h3>\n<p>[\/vc_column_text][\/vc_column][vc_column width=&#8220;1\/2&#8243;][vc_single_image image=&#8220;1385&#8243; img_size=&#8220;full&#8220; alignment=&#8220;center&#8220; el_class=&#8220;no-margin img-hover-zoom&#8220;][vc_column_text el_class=&#8220;banner-corso-title banner-turismo-title bg-blue&#8220;]<\/p>\n<h3 style=\"text-align: center;\"><a href=\"https:\/\/linguavivagroup.com\/de\/studienaufenthalt-fuer-jugendliche\/\">JUGENDSPRACHREISEN<\/a><\/h3>\n<p>[\/vc_column_text][\/vc_column][\/vc_row]<\/p>\n<\/section>","protected":false},"excerpt":{"rendered":"<p>[vc_row full_width=&#8220;stretch_row_content_no_spaces&#8220; el_class=&#8220;header-image&#8220;][vc_column][vc_single_image image=&#8220;1392&#8243; img_size=&#8220;full&#8220; el_class=&#8220;img-header-big&#8220;][vc_single_image image=&#8220;1392&#8243; img_size=&#8220;full&#8220; el_class=&#8220;img-header-small&#8220;][\/vc_column][\/vc_row][vc_row el_class=&#8220;sezione&#8220;][vc_column width=&#8220;2\/12&#8243;][\/vc_column][vc_column width=&#8220;8\/12&#8243;][vc_column_text el_class=&#8220;red&#8220;] ITALIENISCH LERNEN, ITALIEN ERLEBEN [\/vc_column_text][vc_column_text]Italienisch lernen und dabei Florenz oder Mailand entdecken? Mit Linguaviva ist das m\u00f6glich! Wir bieten Sprachreisen nach Italien an, die das Erlernen der italienischen Sprache mit dem Kennenlernen der Kunst und des kulturellen Erbes Italiens verbinden. In Florenz [&hellip;]<\/p>\n","protected":false},"author":4,"featured_media":0,"parent":0,"menu_order":-1,"comment_status":"closed","ping_status":"closed","template":"","meta":{"inline_featured_image":false,"footnotes":""},"class_list":["post-3544","page","type-page","status-publish","hentry"],"yoast_head":"<!-- This site is optimized with the Yoast SEO plugin v27.2 - https:\/\/yoast.com\/product\/yoast-seo-wordpress\/ -->\n<title>ITALIENISCH LERNEN, ITALIEN ERLEBEN | Linguaviva Educational Group<\/title>\n<meta name=\"description\" content=\"M\u00f6chten Sie Italienisch lernen und gleichzeitig in die Sch\u00f6nheit der faszinierenden St\u00e4dte Florenz und Mailand eintauchen? Linguaviva bietet Ihnen die M\u00f6glichkeit, eine unvergessliche Studienerfahrung in Italien zu machen.\" \/>\n<meta name=\"robots\" content=\"index, follow, max-snippet:-1, max-image-preview:large, max-video-preview:-1\" \/>\n<link rel=\"canonical\" href=\"https:\/\/linguavivagroup.com\/de\/italienisch-lernen-italien-erleben\/\" \/>\n<meta property=\"og:locale\" content=\"de_DE\" \/>\n<meta property=\"og:type\" content=\"article\" \/>\n<meta property=\"og:title\" content=\"ITALIENISCH LERNEN, ITALIEN ERLEBEN | Linguaviva Educational Group\" \/>\n<meta property=\"og:description\" content=\"M\u00f6chten Sie Italienisch lernen und gleichzeitig in die Sch\u00f6nheit der faszinierenden St\u00e4dte Florenz und Mailand eintauchen? Linguaviva bietet Ihnen die M\u00f6glichkeit, eine unvergessliche Studienerfahrung in Italien zu machen.\" \/>\n<meta property=\"og:url\" content=\"https:\/\/linguavivagroup.com\/de\/italienisch-lernen-italien-erleben\/\" \/>\n<meta property=\"og:site_name\" content=\"Linguaviva Educational Group\" \/>\n<meta property=\"article:modified_time\" content=\"2025-07-14T13:30:16+00:00\" \/>\n<meta property=\"og:image\" content=\"https:\/\/linguavivagroup.com\/wp-content\/uploads\/2023\/04\/Educational-group.jpg\" \/>\n\t<meta property=\"og:image:width\" content=\"1920\" \/>\n\t<meta property=\"og:image:height\" content=\"923\" \/>\n\t<meta property=\"og:image:type\" content=\"image\/jpeg\" \/>\n<meta name=\"twitter:card\" content=\"summary_large_image\" \/>\n<meta name=\"twitter:label1\" content=\"Gesch\u00e4tzte Lesezeit\" \/>\n\t<meta name=\"twitter:data1\" content=\"8\u00a0Minuten\" \/>\n<script type=\"application\/ld+json\" class=\"yoast-schema-graph\">{\"@context\":\"https:\/\/schema.org\",\"@graph\":[{\"@type\":\"WebPage\",\"@id\":\"https:\/\/linguavivagroup.com\/de\/italienisch-lernen-italien-erleben\/\",\"url\":\"https:\/\/linguavivagroup.com\/de\/italienisch-lernen-italien-erleben\/\",\"name\":\"ITALIENISCH LERNEN, ITALIEN ERLEBEN | Linguaviva Educational Group\",\"isPartOf\":{\"@id\":\"https:\/\/linguavivagroup.com\/de\/#website\"},\"datePublished\":\"2023-07-25T13:47:10+00:00\",\"dateModified\":\"2025-07-14T13:30:16+00:00\",\"description\":\"M\u00f6chten Sie Italienisch lernen und gleichzeitig in die Sch\u00f6nheit der faszinierenden St\u00e4dte Florenz und Mailand eintauchen? Linguaviva bietet Ihnen die M\u00f6glichkeit, eine unvergessliche Studienerfahrung in Italien zu machen.\",\"breadcrumb\":{\"@id\":\"https:\/\/linguavivagroup.com\/de\/italienisch-lernen-italien-erleben\/#breadcrumb\"},\"inLanguage\":\"de\",\"potentialAction\":[{\"@type\":\"ReadAction\",\"target\":[\"https:\/\/linguavivagroup.com\/de\/italienisch-lernen-italien-erleben\/\"]}]},{\"@type\":\"BreadcrumbList\",\"@id\":\"https:\/\/linguavivagroup.com\/de\/italienisch-lernen-italien-erleben\/#breadcrumb\",\"itemListElement\":[{\"@type\":\"ListItem\",\"position\":1,\"name\":\"Home\",\"item\":\"https:\/\/linguavivagroup.com\/de\/\"},{\"@type\":\"ListItem\",\"position\":2,\"name\":\"ITALIENISCH LERNEN, ITALIEN ERLEBEN\"}]},{\"@type\":\"WebSite\",\"@id\":\"https:\/\/linguavivagroup.com\/de\/#website\",\"url\":\"https:\/\/linguavivagroup.com\/de\/\",\"name\":\"Linguaviva Educational Group\",\"description\":\"Study and learn italian in italy\",\"publisher\":{\"@id\":\"https:\/\/linguavivagroup.com\/de\/#organization\"},\"potentialAction\":[{\"@type\":\"SearchAction\",\"target\":{\"@type\":\"EntryPoint\",\"urlTemplate\":\"https:\/\/linguavivagroup.com\/de\/?s={search_term_string}\"},\"query-input\":{\"@type\":\"PropertyValueSpecification\",\"valueRequired\":true,\"valueName\":\"search_term_string\"}}],\"inLanguage\":\"de\"},{\"@type\":\"Organization\",\"@id\":\"https:\/\/linguavivagroup.com\/de\/#organization\",\"name\":\"Linguaviva Educational Group\",\"url\":\"https:\/\/linguavivagroup.com\/de\/\",\"logo\":{\"@type\":\"ImageObject\",\"inLanguage\":\"de\",\"@id\":\"https:\/\/linguavivagroup.com\/de\/#\/schema\/logo\/image\/\",\"url\":\"https:\/\/linguavivagroup.com\/wp-content\/uploads\/2026\/03\/logo-linguaviva-bianco-50-260.png\",\"contentUrl\":\"https:\/\/linguavivagroup.com\/wp-content\/uploads\/2026\/03\/logo-linguaviva-bianco-50-260.png\",\"width\":260,\"height\":48,\"caption\":\"Linguaviva Educational Group\"},\"image\":{\"@id\":\"https:\/\/linguavivagroup.com\/de\/#\/schema\/logo\/image\/\"}}]}<\/script>\n<!-- \/ Yoast SEO plugin. -->","yoast_head_json":{"title":"ITALIENISCH LERNEN, ITALIEN ERLEBEN | Linguaviva Educational Group","description":"M\u00f6chten Sie Italienisch lernen und gleichzeitig in die Sch\u00f6nheit der faszinierenden St\u00e4dte Florenz und Mailand eintauchen? Linguaviva bietet Ihnen die M\u00f6glichkeit, eine unvergessliche Studienerfahrung in Italien zu machen.","robots":{"index":"index","follow":"follow","max-snippet":"max-snippet:-1","max-image-preview":"max-image-preview:large","max-video-preview":"max-video-preview:-1"},"canonical":"https:\/\/linguavivagroup.com\/de\/italienisch-lernen-italien-erleben\/","og_locale":"de_DE","og_type":"article","og_title":"ITALIENISCH LERNEN, ITALIEN ERLEBEN | Linguaviva Educational Group","og_description":"M\u00f6chten Sie Italienisch lernen und gleichzeitig in die Sch\u00f6nheit der faszinierenden St\u00e4dte Florenz und Mailand eintauchen? Linguaviva bietet Ihnen die M\u00f6glichkeit, eine unvergessliche Studienerfahrung in Italien zu machen.","og_url":"https:\/\/linguavivagroup.com\/de\/italienisch-lernen-italien-erleben\/","og_site_name":"Linguaviva Educational Group","article_modified_time":"2025-07-14T13:30:16+00:00","og_image":[{"width":1920,"height":923,"url":"https:\/\/linguavivagroup.com\/wp-content\/uploads\/2023\/04\/Educational-group.jpg","type":"image\/jpeg"}],"twitter_card":"summary_large_image","twitter_misc":{"Gesch\u00e4tzte Lesezeit":"8\u00a0Minuten"},"schema":{"@context":"https:\/\/schema.org","@graph":[{"@type":"WebPage","@id":"https:\/\/linguavivagroup.com\/de\/italienisch-lernen-italien-erleben\/","url":"https:\/\/linguavivagroup.com\/de\/italienisch-lernen-italien-erleben\/","name":"ITALIENISCH LERNEN, ITALIEN ERLEBEN | Linguaviva Educational Group","isPartOf":{"@id":"https:\/\/linguavivagroup.com\/de\/#website"},"datePublished":"2023-07-25T13:47:10+00:00","dateModified":"2025-07-14T13:30:16+00:00","description":"M\u00f6chten Sie Italienisch lernen und gleichzeitig in die Sch\u00f6nheit der faszinierenden St\u00e4dte Florenz und Mailand eintauchen? Linguaviva bietet Ihnen die M\u00f6glichkeit, eine unvergessliche Studienerfahrung in Italien zu machen.","breadcrumb":{"@id":"https:\/\/linguavivagroup.com\/de\/italienisch-lernen-italien-erleben\/#breadcrumb"},"inLanguage":"de","potentialAction":[{"@type":"ReadAction","target":["https:\/\/linguavivagroup.com\/de\/italienisch-lernen-italien-erleben\/"]}]},{"@type":"BreadcrumbList","@id":"https:\/\/linguavivagroup.com\/de\/italienisch-lernen-italien-erleben\/#breadcrumb","itemListElement":[{"@type":"ListItem","position":1,"name":"Home","item":"https:\/\/linguavivagroup.com\/de\/"},{"@type":"ListItem","position":2,"name":"ITALIENISCH LERNEN, ITALIEN ERLEBEN"}]},{"@type":"WebSite","@id":"https:\/\/linguavivagroup.com\/de\/#website","url":"https:\/\/linguavivagroup.com\/de\/","name":"Linguaviva Educational Group","description":"Study and learn italian in italy","publisher":{"@id":"https:\/\/linguavivagroup.com\/de\/#organization"},"potentialAction":[{"@type":"SearchAction","target":{"@type":"EntryPoint","urlTemplate":"https:\/\/linguavivagroup.com\/de\/?s={search_term_string}"},"query-input":{"@type":"PropertyValueSpecification","valueRequired":true,"valueName":"search_term_string"}}],"inLanguage":"de"},{"@type":"Organization","@id":"https:\/\/linguavivagroup.com\/de\/#organization","name":"Linguaviva Educational Group","url":"https:\/\/linguavivagroup.com\/de\/","logo":{"@type":"ImageObject","inLanguage":"de","@id":"https:\/\/linguavivagroup.com\/de\/#\/schema\/logo\/image\/","url":"https:\/\/linguavivagroup.com\/wp-content\/uploads\/2026\/03\/logo-linguaviva-bianco-50-260.png","contentUrl":"https:\/\/linguavivagroup.com\/wp-content\/uploads\/2026\/03\/logo-linguaviva-bianco-50-260.png","width":260,"height":48,"caption":"Linguaviva Educational Group"},"image":{"@id":"https:\/\/linguavivagroup.com\/de\/#\/schema\/logo\/image\/"}}]}},"_links":{"self":[{"href":"https:\/\/linguavivagroup.com\/de\/wp-json\/wp\/v2\/pages\/3544","targetHints":{"allow":["GET"]}}],"collection":[{"href":"https:\/\/linguavivagroup.com\/de\/wp-json\/wp\/v2\/pages"}],"about":[{"href":"https:\/\/linguavivagroup.com\/de\/wp-json\/wp\/v2\/types\/page"}],"author":[{"embeddable":true,"href":"https:\/\/linguavivagroup.com\/de\/wp-json\/wp\/v2\/users\/4"}],"replies":[{"embeddable":true,"href":"https:\/\/linguavivagroup.com\/de\/wp-json\/wp\/v2\/comments?post=3544"}],"version-history":[{"count":17,"href":"https:\/\/linguavivagroup.com\/de\/wp-json\/wp\/v2\/pages\/3544\/revisions"}],"predecessor-version":[{"id":14947,"href":"https:\/\/linguavivagroup.com\/de\/wp-json\/wp\/v2\/pages\/3544\/revisions\/14947"}],"wp:attachment":[{"href":"https:\/\/linguavivagroup.com\/de\/wp-json\/wp\/v2\/media?parent=3544"}],"curies":[{"name":"wp","href":"https:\/\/api.w.org\/{rel}","templated":true}]}}