{"id":3547,"date":"2023-07-25T16:15:36","date_gmt":"2023-07-25T14:15:36","guid":{"rendered":"https:\/\/linguavivagroup.com\/?page_id=3547"},"modified":"2025-08-06T16:37:54","modified_gmt":"2025-08-06T14:37:54","slug":"italienisch-lernen-florenz-erleben","status":"publish","type":"page","link":"https:\/\/linguavivagroup.com\/de\/italienisch-lernen-florenz-erleben\/","title":{"rendered":"STUDIENREISEN NACH FLORENZ"},"content":{"rendered":"<section class=\"wpb-content-wrapper\"><p>[vc_row full_width=&#8220;stretch_row_content_no_spaces&#8220; el_class=&#8220;header-image&#8220;][vc_column][vc_single_image image=&#8220;2593&#8243; img_size=&#8220;full&#8220; el_class=&#8220;img-header-big&#8220;][vc_single_image image=&#8220;2597&#8243; img_size=&#8220;full&#8220; el_class=&#8220;img-header-small&#8220;][\/vc_column][\/vc_row][vc_row el_class=&#8220;sezione&#8220;][vc_column width=&#8220;2\/12&#8243;][\/vc_column][vc_column width=&#8220;8\/12&#8243;][vc_column_text el_class=&#8220;red&#8220;]<\/p>\n<h1 style=\"text-align: center;\">ITALIENISCH LERNEN, FLORENZ ERLEBEN<\/h1>\n<p>[\/vc_column_text][vc_column_text]Bist Du bereit f\u00fcr Deine n\u00e4chste Sprachreise? Florenz ist die Kunst- und Kulturstadt Italiens, eine Stadt voller Tradition und zeitloser Geschichte \u2013 und der Ort, an dem die italienische Sprache entstand.[\/vc_column_text][\/vc_column][vc_column width=&#8220;2\/12&#8243;][\/vc_column][\/vc_row][vc_row full_width=&#8220;stretch_row&#8220; gap=&#8220;30&#8243; el_class=&#8220;sezione bg-red&#8220;][vc_column width=&#8220;5\/12&#8243;][vc_column_text el_class=&#8220;white&#8220;]<\/p>\n<h2>ITALIENISCHKURSE IN FLORENZ<\/h2>\n<p>[\/vc_column_text][vc_column_text el_class=&#8220;white&#8220;]Verbessere Deine Italienischkenntnisse und erlebe die Kultursch\u00e4tze der Stadt bei einem Sprachaufenthalt in Florenz mit Linguaviva! Unsere Italienischkurse richten sich sowohl an Anfangende als auch an Fortgeschrittene. Der interaktive Unterricht zielt auf die Verbesserung aller vier Sprachfertigkeiten \u2013 Lesen, H\u00f6ren, Schreiben und Sprechen \u2013 ab und bietet einen Einblick in die italienische Kultur. Au\u00dferhalb des Unterrichts hast Du bei spannenden F\u00fchrungen und kreativen Workshops zu den Themen Kunst und Kultur die Gelegenheit, die sch\u00f6nsten Seiten von Florenz, einschlie\u00dflich der lokalen K\u00fcche, zu entdecken. Ein Museum unter freiem Himmel in der Wiege der Renaissance \u2013 Florenz ist einfach perfekt f\u00fcr einen Sprachaufenthalt in Italien.[\/vc_column_text][vc_btn title=&#8220;&#8220; align=&#8220;right&#8220; el_class=&#8220;btn-arrow-white&#8220; link=&#8220;url:https%3A%2F%2Flinguavivagroup.com%2Fde%2Fitalienischkurse-in-florenz%2F&#8220;][\/vc_column][vc_column width=&#8220;1\/12&#8243;][\/vc_column][vc_column width=&#8220;1\/2&#8243; el_class=&#8220;slideshow slideshow-small&#8220;][vc_images_carousel images=&#8220;2617,2621,2625,2629,2633&#8243; img_size=&#8220;full&#8220; onclick=&#8220;link_no&#8220; wrap=&#8220;yes&#8220;][vc_single_image image=&#8220;311&#8243; img_size=&#8220;full&#8220; el_class=&#8220;square square-small s-top-50 s-right-50&#8243;][vc_single_image image=&#8220;335&#8243; img_size=&#8220;full&#8220; el_class=&#8220;square square-small s-top-50 s-right50&#8243;][vc_single_image image=&#8220;335&#8243; img_size=&#8220;full&#8220; el_class=&#8220;square square-small s-top50 s-right-50&#8243;][vc_single_image image=&#8220;335&#8243; img_size=&#8220;full&#8220; el_class=&#8220;square square-small s-bottom-50 s-left-50&#8243;][\/vc_column][vc_column][\/vc_column][\/vc_row][vc_row full_width=&#8220;stretch_row&#8220; gap=&#8220;30&#8243; el_class=&#8220;sezione bg-red no-padding-bottom&#8220;][vc_column width=&#8220;6\/12&#8243; el_class=&#8220;slideshow slideshow-small&#8220;][vc_images_carousel images=&#8220;2601,2605,2609,2613&#8243; img_size=&#8220;full&#8220; onclick=&#8220;link_no&#8220; wrap=&#8220;yes&#8220;][vc_single_image image=&#8220;311&#8243; img_size=&#8220;full&#8220; el_class=&#8220;square square-small s-bottom-50 s-left-50&#8243;][vc_single_image image=&#8220;335&#8243; img_size=&#8220;full&#8220; el_class=&#8220;square square-small s-bottom-50 s-left50&#8243;][vc_single_image image=&#8220;335&#8243; img_size=&#8220;full&#8220; el_class=&#8220;square square-small s-bottom50 s-left-50&#8243;][vc_single_image image=&#8220;335&#8243; img_size=&#8220;full&#8220; el_class=&#8220;square square-small s-top-50 s-right-50&#8243;][\/vc_column][vc_column width=&#8220;1\/12&#8243;][\/vc_column][vc_column width=&#8220;5\/12&#8243;][vc_column_text el_class=&#8220;white&#8220;]<\/p>\n<h2>FLORENZ: DEIN N\u00c4CHSTES REISEZIEL<\/h2>\n<p>[\/vc_column_text][vc_column_text el_class=&#8220;white&#8220;]Die Stadt der Kunst und Kultur, Florenz, verzaubert mit ihrer zeitlosen Sch\u00f6nheit. W\u00e4hrend deines Sprachaufenthalts schlenderst Du durch Kopfsteinpflasterstra\u00dfen und vorbei an k\u00fcnstlerischen Meisterwerken der Renaissance in einer spektakul\u00e4ren architektonischen Kulisse. Du bewunderst die pr\u00e4chtige Kathedrale Santa Maria del Fiore, verlierst Dich in den Sch\u00e4tzen der Uffizien und der Accademia und genie\u00dft den atemberaubenden Blick von der Ponte Vecchio. Auf der Piazza della Signoria l\u00e4sst Du Dich von der magischen Atmosph\u00e4re gefangen nehmen, bevor Du in das pulsierende Nachtleben von Florenz eintauchst.[\/vc_column_text][vc_btn title=&#8220;&#8220; align=&#8220;right&#8220; el_class=&#8220;btn-arrow-white&#8220; link=&#8220;url:https%3A%2F%2Flinguavivagroup.com%2Fde%2Fitalienisch-lernen-in-florenz-italien%2F&#8220;][\/vc_column][\/vc_row][vc_row full_width=&#8220;stretch_row&#8220; gap=&#8220;30&#8243; el_class=&#8220;sezione bg-light-grey&#8220;][vc_column width=&#8220;1\/2&#8243; el_class=&#8220;slideshow slideshow-small&#8220;][vc_images_carousel images=&#8220;2637,2641,2645,2649&#8243; img_size=&#8220;full&#8220; onclick=&#8220;link_no&#8220; wrap=&#8220;yes&#8220;][\/vc_column][vc_column width=&#8220;1\/12&#8243;][\/vc_column][vc_column width=&#8220;5\/12&#8243;][vc_column_text el_class=&#8220;red&#8220;]<\/p>\n<h2>UNTERK\u00dcNFTE IN FLORENZ<\/h2>\n<p>[\/vc_column_text][vc_column_text]W\u00e4hrend Deiner Sprachreise mit Linguaviva stehen Dir verschiedene Unterkunftsm\u00f6glichkeiten zur Verf\u00fcgung, damit Du Deinen Aufenthalt mit in Florenz maximalem Komfort und ganz nach Deinen Bed\u00fcrfnissen gestalten kannst. Du kannst bei einer Gastfamilie wohnen, um den authentischen italienischen Alltag zu erleben und Dein Italienisch auch au\u00dferhalb des Unterrichts zu \u00fcben. Wenn Du unabh\u00e4ngiger wohnen m\u00f6chtest, kannst Du in einer Wohngemeinschaft mit anderen Kursteilnehmenden aus aller Welt leben und Einblicke in andere Kulturen gewinnen. Wenn Du ganz auf Dich gestellt sein m\u00f6chtest, ist ein eigenes Appartement die richtige Wahl: Du hast den ganzen Raum f\u00fcr Dich allein und kannst ungezwungen in Deinem Tempo in die italienische Lebensart eintauchen. Wir beraten Dich gerne und helfen Dir bei der Suche nach der passenden Unterkunft, damit Deine Zeit in Florenz unvergesslich wird.[\/vc_column_text][vc_btn title=&#8220;&#8220; align=&#8220;right&#8220; el_class=&#8220;btn-arrow-red&#8220; link=&#8220;url:https%3A%2F%2Flinguavivagroup.com%2Fde%2Funterkunft-in-florenz%2F&#8220;][\/vc_column][\/vc_row][vc_row][vc_column][vc_empty_space height=&#8220;90px&#8220;][\/vc_column][\/vc_row][vc_row full_width=&#8220;stretch_row&#8220; el_class=&#8220;sezione bg-white-blue&#8220;][vc_column width=&#8220;1\/12&#8243;][\/vc_column][vc_column width=&#8220;5\/12&#8243;][vc_column_text el_class=&#8220;white&#8220;]<\/p>\n<h2>PREISE<\/h2>\n<p>[\/vc_column_text][vc_column_text el_class=&#8220;white&#8220;]Hier erf\u00e4hrst Du alle Preise f\u00fcr die Italienischkurse und Sprachreisen von Linguaviva.[\/vc_column_text][vc_btn title=&#8220;&#8220; align=&#8220;right&#8220; el_class=&#8220;btn-arrow-white&#8220; link=&#8220;url:https%3A%2F%2Flinguavivagroup.com%2Fde%2Fpreise%2F&#8220;][\/vc_column][vc_column width=&#8220;1\/2&#8243;][\/vc_column][\/vc_row][vc_row][vc_column][vc_empty_space height=&#8220;90px&#8220;][\/vc_column][\/vc_row][vc_row full_width=&#8220;stretch_row_content_no_spaces&#8220;][vc_column][vc_single_image image=&#8220;1549&#8243; img_size=&#8220;full&#8220; el_class=&#8220;no-margin&#8220;][vc_row_inner el_class=&#8220;text-banner-destination&#8220;][vc_column_inner][vc_column_text]<\/p>\n<h2>ENTDECKE<br \/>\nMAILAND<\/h2>\n<p>[\/vc_column_text][vc_btn title=&#8220;&#8220; align=&#8220;right&#8220; el_class=&#8220;btn-arrow-white&#8220; link=&#8220;url:https%3A%2F%2Flinguavivagroup.com%2Fde%2Fstudienreisen-nach-mailand%2F&#8220;][vc_raw_html]JTNDc3R5bGUlM0UlMEEuZm9vdGVyLWZvcm0lMjAlN0JkaXNwbGF5JTNBJTIwbm9uZSUzQiU3RCUwQSUzQyUyRnN0eWxlJTNF[\/vc_raw_html][\/vc_column_inner][\/vc_row_inner][\/vc_column][\/vc_row]<\/p>\n<\/section>","protected":false},"excerpt":{"rendered":"<p>[vc_row full_width=&#8220;stretch_row_content_no_spaces&#8220; el_class=&#8220;header-image&#8220;][vc_column][vc_single_image image=&#8220;2593&#8243; img_size=&#8220;full&#8220; el_class=&#8220;img-header-big&#8220;][vc_single_image image=&#8220;2597&#8243; img_size=&#8220;full&#8220; el_class=&#8220;img-header-small&#8220;][\/vc_column][\/vc_row][vc_row el_class=&#8220;sezione&#8220;][vc_column width=&#8220;2\/12&#8243;][\/vc_column][vc_column width=&#8220;8\/12&#8243;][vc_column_text el_class=&#8220;red&#8220;] ITALIENISCH LERNEN, FLORENZ ERLEBEN [\/vc_column_text][vc_column_text]Bist Du bereit f\u00fcr Deine n\u00e4chste Sprachreise? Florenz ist die Kunst- und Kulturstadt Italiens, eine Stadt voller Tradition und zeitloser Geschichte \u2013 und der Ort, an dem die italienische Sprache entstand.[\/vc_column_text][\/vc_column][vc_column width=&#8220;2\/12&#8243;][\/vc_column][\/vc_row][vc_row full_width=&#8220;stretch_row&#8220; gap=&#8220;30&#8243; el_class=&#8220;sezione bg-red&#8220;][vc_column width=&#8220;5\/12&#8243;][vc_column_text el_class=&#8220;white&#8220;] [&hellip;]<\/p>\n","protected":false},"author":4,"featured_media":0,"parent":0,"menu_order":-1,"comment_status":"closed","ping_status":"closed","template":"","meta":{"inline_featured_image":false,"footnotes":""},"class_list":["post-3547","page","type-page","status-publish","hentry"],"yoast_head":"<!-- This site is optimized with the Yoast SEO plugin v27.2 - https:\/\/yoast.com\/product\/yoast-seo-wordpress\/ -->\n<title>STUDIENREISEN NACH FLORENZ | Linguaviva Educational Group<\/title>\n<meta name=\"description\" content=\"Erleben Sie eine spannende Studienreise und lassen Sie sich von den zeitlosen Wundern von Florenz verzaubern, w\u00e4hrend Sie eine der sch\u00f6nsten Sprachen der Welt lernen: Italienisch.\" \/>\n<meta name=\"robots\" content=\"index, follow, max-snippet:-1, max-image-preview:large, max-video-preview:-1\" \/>\n<link rel=\"canonical\" href=\"https:\/\/linguavivagroup.com\/de\/italienisch-lernen-florenz-erleben\/\" \/>\n<meta property=\"og:locale\" content=\"de_DE\" \/>\n<meta property=\"og:type\" content=\"article\" \/>\n<meta property=\"og:title\" content=\"STUDIENREISEN NACH FLORENZ | Linguaviva Educational Group\" \/>\n<meta property=\"og:description\" content=\"Erleben Sie eine spannende Studienreise und lassen Sie sich von den zeitlosen Wundern von Florenz verzaubern, w\u00e4hrend Sie eine der sch\u00f6nsten Sprachen der Welt lernen: Italienisch.\" \/>\n<meta property=\"og:url\" content=\"https:\/\/linguavivagroup.com\/de\/italienisch-lernen-florenz-erleben\/\" \/>\n<meta property=\"og:site_name\" content=\"Linguaviva Educational Group\" \/>\n<meta property=\"article:modified_time\" content=\"2025-08-06T14:37:54+00:00\" \/>\n<meta property=\"og:image\" content=\"https:\/\/linguavivagroup.com\/wp-content\/uploads\/2023\/04\/Educational-group.jpg\" \/>\n\t<meta property=\"og:image:width\" content=\"1920\" \/>\n\t<meta property=\"og:image:height\" content=\"923\" \/>\n\t<meta property=\"og:image:type\" content=\"image\/jpeg\" \/>\n<meta name=\"twitter:card\" content=\"summary_large_image\" \/>\n<meta name=\"twitter:label1\" content=\"Gesch\u00e4tzte Lesezeit\" \/>\n\t<meta name=\"twitter:data1\" content=\"8\u00a0Minuten\" \/>\n<script type=\"application\/ld+json\" class=\"yoast-schema-graph\">{\"@context\":\"https:\/\/schema.org\",\"@graph\":[{\"@type\":\"WebPage\",\"@id\":\"https:\/\/linguavivagroup.com\/de\/italienisch-lernen-florenz-erleben\/\",\"url\":\"https:\/\/linguavivagroup.com\/de\/italienisch-lernen-florenz-erleben\/\",\"name\":\"STUDIENREISEN NACH FLORENZ | Linguaviva Educational Group\",\"isPartOf\":{\"@id\":\"https:\/\/linguavivagroup.com\/de\/#website\"},\"datePublished\":\"2023-07-25T14:15:36+00:00\",\"dateModified\":\"2025-08-06T14:37:54+00:00\",\"description\":\"Erleben Sie eine spannende Studienreise und lassen Sie sich von den zeitlosen Wundern von Florenz verzaubern, w\u00e4hrend Sie eine der sch\u00f6nsten Sprachen der Welt lernen: Italienisch.\",\"breadcrumb\":{\"@id\":\"https:\/\/linguavivagroup.com\/de\/italienisch-lernen-florenz-erleben\/#breadcrumb\"},\"inLanguage\":\"de\",\"potentialAction\":[{\"@type\":\"ReadAction\",\"target\":[\"https:\/\/linguavivagroup.com\/de\/italienisch-lernen-florenz-erleben\/\"]}]},{\"@type\":\"BreadcrumbList\",\"@id\":\"https:\/\/linguavivagroup.com\/de\/italienisch-lernen-florenz-erleben\/#breadcrumb\",\"itemListElement\":[{\"@type\":\"ListItem\",\"position\":1,\"name\":\"Home\",\"item\":\"https:\/\/linguavivagroup.com\/de\/\"},{\"@type\":\"ListItem\",\"position\":2,\"name\":\"STUDIENREISEN NACH FLORENZ\"}]},{\"@type\":\"WebSite\",\"@id\":\"https:\/\/linguavivagroup.com\/de\/#website\",\"url\":\"https:\/\/linguavivagroup.com\/de\/\",\"name\":\"Linguaviva Educational Group\",\"description\":\"Study and learn italian in italy\",\"publisher\":{\"@id\":\"https:\/\/linguavivagroup.com\/de\/#organization\"},\"potentialAction\":[{\"@type\":\"SearchAction\",\"target\":{\"@type\":\"EntryPoint\",\"urlTemplate\":\"https:\/\/linguavivagroup.com\/de\/?s={search_term_string}\"},\"query-input\":{\"@type\":\"PropertyValueSpecification\",\"valueRequired\":true,\"valueName\":\"search_term_string\"}}],\"inLanguage\":\"de\"},{\"@type\":\"Organization\",\"@id\":\"https:\/\/linguavivagroup.com\/de\/#organization\",\"name\":\"Linguaviva Educational Group\",\"url\":\"https:\/\/linguavivagroup.com\/de\/\",\"logo\":{\"@type\":\"ImageObject\",\"inLanguage\":\"de\",\"@id\":\"https:\/\/linguavivagroup.com\/de\/#\/schema\/logo\/image\/\",\"url\":\"https:\/\/linguavivagroup.com\/wp-content\/uploads\/2026\/03\/logo-linguaviva-bianco-50-260.png\",\"contentUrl\":\"https:\/\/linguavivagroup.com\/wp-content\/uploads\/2026\/03\/logo-linguaviva-bianco-50-260.png\",\"width\":260,\"height\":48,\"caption\":\"Linguaviva Educational Group\"},\"image\":{\"@id\":\"https:\/\/linguavivagroup.com\/de\/#\/schema\/logo\/image\/\"}}]}<\/script>\n<!-- \/ Yoast SEO plugin. -->","yoast_head_json":{"title":"STUDIENREISEN NACH FLORENZ | Linguaviva Educational Group","description":"Erleben Sie eine spannende Studienreise und lassen Sie sich von den zeitlosen Wundern von Florenz verzaubern, w\u00e4hrend Sie eine der sch\u00f6nsten Sprachen der Welt lernen: Italienisch.","robots":{"index":"index","follow":"follow","max-snippet":"max-snippet:-1","max-image-preview":"max-image-preview:large","max-video-preview":"max-video-preview:-1"},"canonical":"https:\/\/linguavivagroup.com\/de\/italienisch-lernen-florenz-erleben\/","og_locale":"de_DE","og_type":"article","og_title":"STUDIENREISEN NACH FLORENZ | Linguaviva Educational Group","og_description":"Erleben Sie eine spannende Studienreise und lassen Sie sich von den zeitlosen Wundern von Florenz verzaubern, w\u00e4hrend Sie eine der sch\u00f6nsten Sprachen der Welt lernen: Italienisch.","og_url":"https:\/\/linguavivagroup.com\/de\/italienisch-lernen-florenz-erleben\/","og_site_name":"Linguaviva Educational Group","article_modified_time":"2025-08-06T14:37:54+00:00","og_image":[{"width":1920,"height":923,"url":"https:\/\/linguavivagroup.com\/wp-content\/uploads\/2023\/04\/Educational-group.jpg","type":"image\/jpeg"}],"twitter_card":"summary_large_image","twitter_misc":{"Gesch\u00e4tzte Lesezeit":"8\u00a0Minuten"},"schema":{"@context":"https:\/\/schema.org","@graph":[{"@type":"WebPage","@id":"https:\/\/linguavivagroup.com\/de\/italienisch-lernen-florenz-erleben\/","url":"https:\/\/linguavivagroup.com\/de\/italienisch-lernen-florenz-erleben\/","name":"STUDIENREISEN NACH FLORENZ | Linguaviva Educational Group","isPartOf":{"@id":"https:\/\/linguavivagroup.com\/de\/#website"},"datePublished":"2023-07-25T14:15:36+00:00","dateModified":"2025-08-06T14:37:54+00:00","description":"Erleben Sie eine spannende Studienreise und lassen Sie sich von den zeitlosen Wundern von Florenz verzaubern, w\u00e4hrend Sie eine der sch\u00f6nsten Sprachen der Welt lernen: Italienisch.","breadcrumb":{"@id":"https:\/\/linguavivagroup.com\/de\/italienisch-lernen-florenz-erleben\/#breadcrumb"},"inLanguage":"de","potentialAction":[{"@type":"ReadAction","target":["https:\/\/linguavivagroup.com\/de\/italienisch-lernen-florenz-erleben\/"]}]},{"@type":"BreadcrumbList","@id":"https:\/\/linguavivagroup.com\/de\/italienisch-lernen-florenz-erleben\/#breadcrumb","itemListElement":[{"@type":"ListItem","position":1,"name":"Home","item":"https:\/\/linguavivagroup.com\/de\/"},{"@type":"ListItem","position":2,"name":"STUDIENREISEN NACH FLORENZ"}]},{"@type":"WebSite","@id":"https:\/\/linguavivagroup.com\/de\/#website","url":"https:\/\/linguavivagroup.com\/de\/","name":"Linguaviva Educational Group","description":"Study and learn italian in italy","publisher":{"@id":"https:\/\/linguavivagroup.com\/de\/#organization"},"potentialAction":[{"@type":"SearchAction","target":{"@type":"EntryPoint","urlTemplate":"https:\/\/linguavivagroup.com\/de\/?s={search_term_string}"},"query-input":{"@type":"PropertyValueSpecification","valueRequired":true,"valueName":"search_term_string"}}],"inLanguage":"de"},{"@type":"Organization","@id":"https:\/\/linguavivagroup.com\/de\/#organization","name":"Linguaviva Educational Group","url":"https:\/\/linguavivagroup.com\/de\/","logo":{"@type":"ImageObject","inLanguage":"de","@id":"https:\/\/linguavivagroup.com\/de\/#\/schema\/logo\/image\/","url":"https:\/\/linguavivagroup.com\/wp-content\/uploads\/2026\/03\/logo-linguaviva-bianco-50-260.png","contentUrl":"https:\/\/linguavivagroup.com\/wp-content\/uploads\/2026\/03\/logo-linguaviva-bianco-50-260.png","width":260,"height":48,"caption":"Linguaviva Educational Group"},"image":{"@id":"https:\/\/linguavivagroup.com\/de\/#\/schema\/logo\/image\/"}}]}},"_links":{"self":[{"href":"https:\/\/linguavivagroup.com\/de\/wp-json\/wp\/v2\/pages\/3547","targetHints":{"allow":["GET"]}}],"collection":[{"href":"https:\/\/linguavivagroup.com\/de\/wp-json\/wp\/v2\/pages"}],"about":[{"href":"https:\/\/linguavivagroup.com\/de\/wp-json\/wp\/v2\/types\/page"}],"author":[{"embeddable":true,"href":"https:\/\/linguavivagroup.com\/de\/wp-json\/wp\/v2\/users\/4"}],"replies":[{"embeddable":true,"href":"https:\/\/linguavivagroup.com\/de\/wp-json\/wp\/v2\/comments?post=3547"}],"version-history":[{"count":16,"href":"https:\/\/linguavivagroup.com\/de\/wp-json\/wp\/v2\/pages\/3547\/revisions"}],"predecessor-version":[{"id":15103,"href":"https:\/\/linguavivagroup.com\/de\/wp-json\/wp\/v2\/pages\/3547\/revisions\/15103"}],"wp:attachment":[{"href":"https:\/\/linguavivagroup.com\/de\/wp-json\/wp\/v2\/media?parent=3547"}],"curies":[{"name":"wp","href":"https:\/\/api.w.org\/{rel}","templated":true}]}}