{"id":3550,"date":"2023-07-25T16:06:51","date_gmt":"2023-07-25T14:06:51","guid":{"rendered":"https:\/\/linguavivagroup.com\/?page_id=3550"},"modified":"2025-08-06T16:35:35","modified_gmt":"2025-08-06T14:35:35","slug":"italienisch-lernen-mailand-erleben","status":"publish","type":"page","link":"https:\/\/linguavivagroup.com\/de\/italienisch-lernen-mailand-erleben\/","title":{"rendered":"ITALIENISCH LERNEN, MAILAND ERLEBEN"},"content":{"rendered":"<section class=\"wpb-content-wrapper\"><p>[vc_row full_width=&#8220;stretch_row_content_no_spaces&#8220; el_class=&#8220;header-image&#8220;][vc_column][vc_single_image image=&#8220;2521&#8243; img_size=&#8220;full&#8220; el_class=&#8220;img-header-big&#8220;][vc_single_image image=&#8220;2517&#8243; img_size=&#8220;full&#8220; el_class=&#8220;img-header-small&#8220;][\/vc_column][\/vc_row][vc_row el_class=&#8220;sezione&#8220;][vc_column width=&#8220;2\/12&#8243;][\/vc_column][vc_column width=&#8220;8\/12&#8243;][vc_column_text el_class=&#8220;red&#8220;]<\/p>\n<h1 style=\"text-align: center;\">ITALIENISCH LERNEN, MAILAND ERLEBEN<\/h1>\n<p>[\/vc_column_text][vc_column_text]Bist Du bereit f\u00fcr Deine n\u00e4chste Sprachreise? Mit Linguaviva kannst Du in Mailand, Italiens kosmopolitischer Stadt der Mode und des Designs, Italienisch lernen und eine pulsierende Kulturlandschaft entdecken.[\/vc_column_text][\/vc_column][vc_column width=&#8220;2\/12&#8243;][\/vc_column][\/vc_row][vc_row full_width=&#8220;stretch_row&#8220; gap=&#8220;30&#8243; el_class=&#8220;sezione bg-red&#8220;][vc_column width=&#8220;5\/12&#8243;][vc_column_text el_class=&#8220;white&#8220;]<\/p>\n<h2>ITALIENISCHKURSE IN MAILAND<\/h2>\n<p>[\/vc_column_text][vc_column_text el_class=&#8220;white&#8220;]Verbessere Dein Italienisch und erlebe die pulsierende Atmosph\u00e4re Mailands bei einem Sprachaufenthalt mit Linguaviva! Der Italienischkurs ist ansprechend, effektiv und f\u00fchrt zu konkreten Verbesserungen. Bei kulturellen Aktivit\u00e4ten wie F\u00fchrungen durch Museen und Kunstgalerien kannst Du das Gelernte direkt anwenden und einen Einblick in die trendige Seite der Modemetropole erhalten. Du lernst Italienisch auf unterhaltsame und praxisorientierte Weise und vertiefst Dich voll und ganz in die lebendige Atmosph\u00e4re Mailands.[\/vc_column_text][vc_btn title=&#8220;&#8220; align=&#8220;right&#8220; el_class=&#8220;btn-arrow-white&#8220; link=&#8220;url:https%3A%2F%2Flinguavivagroup.com%2Fde%2Fitalienischkurse-in-mailand%2F&#8220;][\/vc_column][vc_column width=&#8220;1\/12&#8243;][\/vc_column][vc_column width=&#8220;1\/2&#8243; el_class=&#8220;slideshow slideshow-small&#8220;][vc_images_carousel images=&#8220;2545,2549,2553,2557,2561&#8243; img_size=&#8220;full&#8220; onclick=&#8220;link_no&#8220; wrap=&#8220;yes&#8220;][vc_single_image image=&#8220;311&#8243; img_size=&#8220;full&#8220; el_class=&#8220;square square-small s-top-50 s-right-50&#8243;][vc_single_image image=&#8220;335&#8243; img_size=&#8220;full&#8220; el_class=&#8220;square square-small s-top-50 s-right50&#8243;][vc_single_image image=&#8220;335&#8243; img_size=&#8220;full&#8220; el_class=&#8220;square square-small s-top50 s-right-50&#8243;][vc_single_image image=&#8220;335&#8243; img_size=&#8220;full&#8220; el_class=&#8220;square square-small s-bottom-50 s-left-50&#8243;][\/vc_column][\/vc_row][vc_row full_width=&#8220;stretch_row&#8220; gap=&#8220;30&#8243; el_class=&#8220;sezione bg-red no-padding-bottom&#8220;][vc_column width=&#8220;6\/12&#8243; el_class=&#8220;slideshow slideshow-small&#8220;][vc_images_carousel images=&#8220;2525,2529,2533,2537,2541&#8243; img_size=&#8220;full&#8220; onclick=&#8220;link_no&#8220; wrap=&#8220;yes&#8220;][vc_single_image image=&#8220;311&#8243; img_size=&#8220;full&#8220; el_class=&#8220;square square-small s-bottom-50 s-left-50&#8243;][vc_single_image image=&#8220;335&#8243; img_size=&#8220;full&#8220; el_class=&#8220;square square-small s-bottom-50 s-left50&#8243;][vc_single_image image=&#8220;335&#8243; img_size=&#8220;full&#8220; el_class=&#8220;square square-small s-bottom50 s-left-50&#8243;][vc_single_image image=&#8220;335&#8243; img_size=&#8220;full&#8220; el_class=&#8220;square square-small s-top-50 s-right-50&#8243;][\/vc_column][vc_column width=&#8220;1\/12&#8243;][\/vc_column][vc_column width=&#8220;5\/12&#8243;][vc_column_text el_class=&#8220;white&#8220;]<\/p>\n<h2>MAILAND: DEIN N\u00c4CHSTES REISEZIEL<\/h2>\n<p>[\/vc_column_text][vc_column_text el_class=&#8220;white&#8220;]Mailand, Italiens Mode- und Designmetropole, ist eine lebendige, kosmopolitische Stadt und ein spannender Lernort, wo Altes und Neues harmonieren. Das Stadtbild ist gepr\u00e4gt von historischen Geb\u00e4uden und modernen Wolkenkratzern und bietet einen umfassenden Einblick in den italienischen Alltag. Du bewunderst den imposanten Mail\u00e4nder Dom, schlenderst durch die Galleria Vittorio Emanuele\u00a0II ins Herz des Modeviertels und besichtigst moderne Kunstwerke im charmanten K\u00fcnstlerviertel Brera. Du flanierst entlang der Via Montenapoleone, der glamour\u00f6sen Modestra\u00dfe Mailands, und genie\u00dft die Mail\u00e4nder K\u00fcche. Zukunftsgerichtet und zeitgem\u00e4\u00df und dennoch traditionsbewusst \u2013 Mailand ist einfach perfekt f\u00fcr einen Sprachaufenthalt in Italien.[\/vc_column_text][vc_btn title=&#8220;&#8220; align=&#8220;right&#8220; el_class=&#8220;btn-arrow-white&#8220; link=&#8220;url:https%3A%2F%2Flinguavivagroup.com%2Fde%2Fziel-mailand%2F&#8220;][\/vc_column][\/vc_row][vc_row full_width=&#8220;stretch_row&#8220; gap=&#8220;30&#8243; el_class=&#8220;sezione bg-light-grey&#8220;][vc_column width=&#8220;1\/2&#8243; el_class=&#8220;slideshow slideshow-small&#8220;][vc_images_carousel images=&#8220;2565,2569,2573,2577,2581&#8243; img_size=&#8220;full&#8220; onclick=&#8220;link_no&#8220; wrap=&#8220;yes&#8220;][\/vc_column][vc_column width=&#8220;1\/12&#8243;][\/vc_column][vc_column width=&#8220;5\/12&#8243;][vc_column_text el_class=&#8220;red&#8220;]<\/p>\n<h2>UNTERK\u00dcNFTE IN MAILAND<\/h2>\n<p>[\/vc_column_text][vc_column_text]W\u00e4hrend Deiner Sprachreise mit Linguaviva stehen Dir verschiedene Unterkunftsm\u00f6glichkeiten zur Verf\u00fcgung, damit Du Deinen Aufenthalt mit maximalem Komfort und ganz nach Deinen Bed\u00fcrfnissen gestalten kannst. Du kannst bei einer Gastfamilie wohnen, um den authentischen italienischen Alltag zu erleben und Dein Italienisch auch au\u00dferhalb des Unterrichts zu \u00fcben. Wenn Du unabh\u00e4ngiger wohnen m\u00f6chtest, kannst Du in einer Wohngemeinschaft mit anderen Kursteilnehmenden aus aller Welt leben und Einblicke in andere Kulturen gewinnen. Alternativ kannst Du auch in einem Wohnheim oder einem Appartement wohnen und die Stadt in Deinem eigenen Tempo erkunden. Wir beraten Dich gerne und helfen Dir bei der Suche nach der passenden Unterkunft, damit Deine Zeit in Mailand unvergesslich wird.[\/vc_column_text][vc_btn title=&#8220;&#8220; align=&#8220;right&#8220; el_class=&#8220;btn-arrow-red&#8220; link=&#8220;url:https%3A%2F%2Flinguavivagroup.com%2Fde%2Funterkunft-in-mailand%2F&#8220;][\/vc_column][\/vc_row][vc_row][vc_column][vc_empty_space height=&#8220;90px&#8220;][\/vc_column][\/vc_row][vc_row full_width=&#8220;stretch_row&#8220; el_class=&#8220;sezione bg-white-blue&#8220;][vc_column width=&#8220;1\/12&#8243;][\/vc_column][vc_column width=&#8220;5\/12&#8243;][vc_column_text el_class=&#8220;white&#8220;]<\/p>\n<h2>PREISE<\/h2>\n<p>[\/vc_column_text][vc_column_text el_class=&#8220;white&#8220;]Hier erf\u00e4hrst Du alle Preise f\u00fcr die Italienischkurse und Sprachreisen von Linguaviva.[\/vc_column_text][vc_btn title=&#8220;&#8220; align=&#8220;right&#8220; el_class=&#8220;btn-arrow-white&#8220; link=&#8220;url:https%3A%2F%2Flinguavivagroup.com%2Fde%2Fpreise%2F&#8220;][\/vc_column][vc_column width=&#8220;1\/2&#8243;][\/vc_column][\/vc_row][vc_row][vc_column][vc_empty_space height=&#8220;90px&#8220;][\/vc_column][\/vc_row][vc_row full_width=&#8220;stretch_row_content_no_spaces&#8220;][vc_column][vc_single_image image=&#8220;2786&#8243; img_size=&#8220;full&#8220; el_class=&#8220;no-margin&#8220;][vc_row_inner el_class=&#8220;text-banner-destination&#8220;][vc_column_inner][vc_column_text]<\/p>\n<h2>ENTDECKE<br \/>\nFLORENZ<\/h2>\n<p>[\/vc_column_text][vc_btn title=&#8220;&#8220; align=&#8220;right&#8220; el_class=&#8220;btn-arrow-white&#8220; link=&#8220;url:https%3A%2F%2Flinguavivagroup.com%2Fde%2Fjugendsprachreisen-nach-florenz%2F&#8220;][vc_raw_html]JTNDc3R5bGUlM0UlMEEuZm9vdGVyLWZvcm0lMjAlN0JkaXNwbGF5JTNBJTIwbm9uZSUzQiU3RCUwQSUzQyUyRnN0eWxlJTNF[\/vc_raw_html][\/vc_column_inner][\/vc_row_inner][\/vc_column][\/vc_row]<\/p>\n<\/section>","protected":false},"excerpt":{"rendered":"<p>[vc_row full_width=&#8220;stretch_row_content_no_spaces&#8220; el_class=&#8220;header-image&#8220;][vc_column][vc_single_image image=&#8220;2521&#8243; img_size=&#8220;full&#8220; el_class=&#8220;img-header-big&#8220;][vc_single_image image=&#8220;2517&#8243; img_size=&#8220;full&#8220; el_class=&#8220;img-header-small&#8220;][\/vc_column][\/vc_row][vc_row el_class=&#8220;sezione&#8220;][vc_column width=&#8220;2\/12&#8243;][\/vc_column][vc_column width=&#8220;8\/12&#8243;][vc_column_text el_class=&#8220;red&#8220;] ITALIENISCH LERNEN, MAILAND ERLEBEN [\/vc_column_text][vc_column_text]Bist Du bereit f\u00fcr Deine n\u00e4chste Sprachreise? Mit Linguaviva kannst Du in Mailand, Italiens kosmopolitischer Stadt der Mode und des Designs, Italienisch lernen und eine pulsierende Kulturlandschaft entdecken.[\/vc_column_text][\/vc_column][vc_column width=&#8220;2\/12&#8243;][\/vc_column][\/vc_row][vc_row full_width=&#8220;stretch_row&#8220; gap=&#8220;30&#8243; el_class=&#8220;sezione bg-red&#8220;][vc_column width=&#8220;5\/12&#8243;][vc_column_text el_class=&#8220;white&#8220;] ITALIENISCHKURSE IN MAILAND [&hellip;]<\/p>\n","protected":false},"author":4,"featured_media":0,"parent":0,"menu_order":-1,"comment_status":"closed","ping_status":"closed","template":"","meta":{"inline_featured_image":false,"footnotes":""},"class_list":["post-3550","page","type-page","status-publish","hentry"],"yoast_head":"<!-- This site is optimized with the Yoast SEO plugin v27.2 - https:\/\/yoast.com\/product\/yoast-seo-wordpress\/ -->\n<title>ITALIENISCH LERNEN, MAILAND ERLEBEN | Linguaviva Educational Group<\/title>\n<meta name=\"description\" content=\"Kommen Sie zu uns und erleben Sie einen Studienaufenthalt in Mailand, einer kosmopolitischen Metropole, in der sich Kunst, Mode und Kultur zu einem einzigartigen und anregenden Umfeld verbinden.\" \/>\n<meta name=\"robots\" content=\"index, follow, max-snippet:-1, max-image-preview:large, max-video-preview:-1\" \/>\n<link rel=\"canonical\" href=\"https:\/\/linguavivagroup.com\/de\/italienisch-lernen-mailand-erleben\/\" \/>\n<meta property=\"og:locale\" content=\"de_DE\" \/>\n<meta property=\"og:type\" content=\"article\" \/>\n<meta property=\"og:title\" content=\"ITALIENISCH LERNEN, MAILAND ERLEBEN | Linguaviva Educational Group\" \/>\n<meta property=\"og:description\" content=\"Kommen Sie zu uns und erleben Sie einen Studienaufenthalt in Mailand, einer kosmopolitischen Metropole, in der sich Kunst, Mode und Kultur zu einem einzigartigen und anregenden Umfeld verbinden.\" \/>\n<meta property=\"og:url\" content=\"https:\/\/linguavivagroup.com\/de\/italienisch-lernen-mailand-erleben\/\" \/>\n<meta property=\"og:site_name\" content=\"Linguaviva Educational Group\" \/>\n<meta property=\"article:modified_time\" content=\"2025-08-06T14:35:35+00:00\" \/>\n<meta property=\"og:image\" content=\"https:\/\/linguavivagroup.com\/wp-content\/uploads\/2023\/04\/Educational-group.jpg\" \/>\n\t<meta property=\"og:image:width\" content=\"1920\" \/>\n\t<meta property=\"og:image:height\" content=\"923\" \/>\n\t<meta property=\"og:image:type\" content=\"image\/jpeg\" \/>\n<meta name=\"twitter:card\" content=\"summary_large_image\" \/>\n<meta name=\"twitter:label1\" content=\"Gesch\u00e4tzte Lesezeit\" \/>\n\t<meta name=\"twitter:data1\" content=\"8\u00a0Minuten\" \/>\n<script type=\"application\/ld+json\" class=\"yoast-schema-graph\">{\"@context\":\"https:\/\/schema.org\",\"@graph\":[{\"@type\":\"WebPage\",\"@id\":\"https:\/\/linguavivagroup.com\/de\/italienisch-lernen-mailand-erleben\/\",\"url\":\"https:\/\/linguavivagroup.com\/de\/italienisch-lernen-mailand-erleben\/\",\"name\":\"ITALIENISCH LERNEN, MAILAND ERLEBEN | Linguaviva Educational Group\",\"isPartOf\":{\"@id\":\"https:\/\/linguavivagroup.com\/de\/#website\"},\"datePublished\":\"2023-07-25T14:06:51+00:00\",\"dateModified\":\"2025-08-06T14:35:35+00:00\",\"description\":\"Kommen Sie zu uns und erleben Sie einen Studienaufenthalt in Mailand, einer kosmopolitischen Metropole, in der sich Kunst, Mode und Kultur zu einem einzigartigen und anregenden Umfeld verbinden.\",\"breadcrumb\":{\"@id\":\"https:\/\/linguavivagroup.com\/de\/italienisch-lernen-mailand-erleben\/#breadcrumb\"},\"inLanguage\":\"de\",\"potentialAction\":[{\"@type\":\"ReadAction\",\"target\":[\"https:\/\/linguavivagroup.com\/de\/italienisch-lernen-mailand-erleben\/\"]}]},{\"@type\":\"BreadcrumbList\",\"@id\":\"https:\/\/linguavivagroup.com\/de\/italienisch-lernen-mailand-erleben\/#breadcrumb\",\"itemListElement\":[{\"@type\":\"ListItem\",\"position\":1,\"name\":\"Home\",\"item\":\"https:\/\/linguavivagroup.com\/de\/\"},{\"@type\":\"ListItem\",\"position\":2,\"name\":\"ITALIENISCH LERNEN, MAILAND ERLEBEN\"}]},{\"@type\":\"WebSite\",\"@id\":\"https:\/\/linguavivagroup.com\/de\/#website\",\"url\":\"https:\/\/linguavivagroup.com\/de\/\",\"name\":\"Linguaviva Educational Group\",\"description\":\"Study and learn italian in italy\",\"publisher\":{\"@id\":\"https:\/\/linguavivagroup.com\/de\/#organization\"},\"potentialAction\":[{\"@type\":\"SearchAction\",\"target\":{\"@type\":\"EntryPoint\",\"urlTemplate\":\"https:\/\/linguavivagroup.com\/de\/?s={search_term_string}\"},\"query-input\":{\"@type\":\"PropertyValueSpecification\",\"valueRequired\":true,\"valueName\":\"search_term_string\"}}],\"inLanguage\":\"de\"},{\"@type\":\"Organization\",\"@id\":\"https:\/\/linguavivagroup.com\/de\/#organization\",\"name\":\"Linguaviva Educational Group\",\"url\":\"https:\/\/linguavivagroup.com\/de\/\",\"logo\":{\"@type\":\"ImageObject\",\"inLanguage\":\"de\",\"@id\":\"https:\/\/linguavivagroup.com\/de\/#\/schema\/logo\/image\/\",\"url\":\"https:\/\/linguavivagroup.com\/wp-content\/uploads\/2026\/03\/logo-linguaviva-bianco-50-260.png\",\"contentUrl\":\"https:\/\/linguavivagroup.com\/wp-content\/uploads\/2026\/03\/logo-linguaviva-bianco-50-260.png\",\"width\":260,\"height\":48,\"caption\":\"Linguaviva Educational Group\"},\"image\":{\"@id\":\"https:\/\/linguavivagroup.com\/de\/#\/schema\/logo\/image\/\"}}]}<\/script>\n<!-- \/ Yoast SEO plugin. -->","yoast_head_json":{"title":"ITALIENISCH LERNEN, MAILAND ERLEBEN | Linguaviva Educational Group","description":"Kommen Sie zu uns und erleben Sie einen Studienaufenthalt in Mailand, einer kosmopolitischen Metropole, in der sich Kunst, Mode und Kultur zu einem einzigartigen und anregenden Umfeld verbinden.","robots":{"index":"index","follow":"follow","max-snippet":"max-snippet:-1","max-image-preview":"max-image-preview:large","max-video-preview":"max-video-preview:-1"},"canonical":"https:\/\/linguavivagroup.com\/de\/italienisch-lernen-mailand-erleben\/","og_locale":"de_DE","og_type":"article","og_title":"ITALIENISCH LERNEN, MAILAND ERLEBEN | Linguaviva Educational Group","og_description":"Kommen Sie zu uns und erleben Sie einen Studienaufenthalt in Mailand, einer kosmopolitischen Metropole, in der sich Kunst, Mode und Kultur zu einem einzigartigen und anregenden Umfeld verbinden.","og_url":"https:\/\/linguavivagroup.com\/de\/italienisch-lernen-mailand-erleben\/","og_site_name":"Linguaviva Educational Group","article_modified_time":"2025-08-06T14:35:35+00:00","og_image":[{"width":1920,"height":923,"url":"https:\/\/linguavivagroup.com\/wp-content\/uploads\/2023\/04\/Educational-group.jpg","type":"image\/jpeg"}],"twitter_card":"summary_large_image","twitter_misc":{"Gesch\u00e4tzte Lesezeit":"8\u00a0Minuten"},"schema":{"@context":"https:\/\/schema.org","@graph":[{"@type":"WebPage","@id":"https:\/\/linguavivagroup.com\/de\/italienisch-lernen-mailand-erleben\/","url":"https:\/\/linguavivagroup.com\/de\/italienisch-lernen-mailand-erleben\/","name":"ITALIENISCH LERNEN, MAILAND ERLEBEN | Linguaviva Educational Group","isPartOf":{"@id":"https:\/\/linguavivagroup.com\/de\/#website"},"datePublished":"2023-07-25T14:06:51+00:00","dateModified":"2025-08-06T14:35:35+00:00","description":"Kommen Sie zu uns und erleben Sie einen Studienaufenthalt in Mailand, einer kosmopolitischen Metropole, in der sich Kunst, Mode und Kultur zu einem einzigartigen und anregenden Umfeld verbinden.","breadcrumb":{"@id":"https:\/\/linguavivagroup.com\/de\/italienisch-lernen-mailand-erleben\/#breadcrumb"},"inLanguage":"de","potentialAction":[{"@type":"ReadAction","target":["https:\/\/linguavivagroup.com\/de\/italienisch-lernen-mailand-erleben\/"]}]},{"@type":"BreadcrumbList","@id":"https:\/\/linguavivagroup.com\/de\/italienisch-lernen-mailand-erleben\/#breadcrumb","itemListElement":[{"@type":"ListItem","position":1,"name":"Home","item":"https:\/\/linguavivagroup.com\/de\/"},{"@type":"ListItem","position":2,"name":"ITALIENISCH LERNEN, MAILAND ERLEBEN"}]},{"@type":"WebSite","@id":"https:\/\/linguavivagroup.com\/de\/#website","url":"https:\/\/linguavivagroup.com\/de\/","name":"Linguaviva Educational Group","description":"Study and learn italian in italy","publisher":{"@id":"https:\/\/linguavivagroup.com\/de\/#organization"},"potentialAction":[{"@type":"SearchAction","target":{"@type":"EntryPoint","urlTemplate":"https:\/\/linguavivagroup.com\/de\/?s={search_term_string}"},"query-input":{"@type":"PropertyValueSpecification","valueRequired":true,"valueName":"search_term_string"}}],"inLanguage":"de"},{"@type":"Organization","@id":"https:\/\/linguavivagroup.com\/de\/#organization","name":"Linguaviva Educational Group","url":"https:\/\/linguavivagroup.com\/de\/","logo":{"@type":"ImageObject","inLanguage":"de","@id":"https:\/\/linguavivagroup.com\/de\/#\/schema\/logo\/image\/","url":"https:\/\/linguavivagroup.com\/wp-content\/uploads\/2026\/03\/logo-linguaviva-bianco-50-260.png","contentUrl":"https:\/\/linguavivagroup.com\/wp-content\/uploads\/2026\/03\/logo-linguaviva-bianco-50-260.png","width":260,"height":48,"caption":"Linguaviva Educational Group"},"image":{"@id":"https:\/\/linguavivagroup.com\/de\/#\/schema\/logo\/image\/"}}]}},"_links":{"self":[{"href":"https:\/\/linguavivagroup.com\/de\/wp-json\/wp\/v2\/pages\/3550","targetHints":{"allow":["GET"]}}],"collection":[{"href":"https:\/\/linguavivagroup.com\/de\/wp-json\/wp\/v2\/pages"}],"about":[{"href":"https:\/\/linguavivagroup.com\/de\/wp-json\/wp\/v2\/types\/page"}],"author":[{"embeddable":true,"href":"https:\/\/linguavivagroup.com\/de\/wp-json\/wp\/v2\/users\/4"}],"replies":[{"embeddable":true,"href":"https:\/\/linguavivagroup.com\/de\/wp-json\/wp\/v2\/comments?post=3550"}],"version-history":[{"count":16,"href":"https:\/\/linguavivagroup.com\/de\/wp-json\/wp\/v2\/pages\/3550\/revisions"}],"predecessor-version":[{"id":15101,"href":"https:\/\/linguavivagroup.com\/de\/wp-json\/wp\/v2\/pages\/3550\/revisions\/15101"}],"wp:attachment":[{"href":"https:\/\/linguavivagroup.com\/de\/wp-json\/wp\/v2\/media?parent=3550"}],"curies":[{"name":"wp","href":"https:\/\/api.w.org\/{rel}","templated":true}]}}