{"id":3559,"date":"2023-07-25T17:11:53","date_gmt":"2023-07-25T15:11:53","guid":{"rendered":"https:\/\/linguavivagroup.com\/?page_id=3559"},"modified":"2025-07-14T15:53:20","modified_gmt":"2025-07-14T13:53:20","slug":"italienisch-lernen-in-mailand","status":"publish","type":"page","link":"https:\/\/linguavivagroup.com\/de\/italienisch-lernen-in-mailand\/","title":{"rendered":"ITALIENISCH LERNEN IN MAILAND"},"content":{"rendered":"<section class=\"wpb-content-wrapper\"><p>[vc_row full_width=&#8220;stretch_row_content_no_spaces&#8220; el_class=&#8220;header-image&#8220;][vc_column][vc_single_image image=&#8220;2730&#8243; img_size=&#8220;full&#8220; el_class=&#8220;img-header-big&#8220;][vc_single_image image=&#8220;2734&#8243; img_size=&#8220;full&#8220; el_class=&#8220;img-header-small&#8220;][\/vc_column][\/vc_row][vc_row el_class=&#8220;sezione&#8220;][vc_column width=&#8220;2\/12&#8243;][\/vc_column][vc_column width=&#8220;8\/12&#8243;][vc_column_text el_class=&#8220;red&#8220;]<\/p>\n<h1 style=\"text-align: center;\">ITALIENISCH LERNEN IN MAILAND<\/h1>\n<p>[\/vc_column_text][vc_column_text]Die Italienischkurse von Linguaviva in Mailand vermitteln Dir die Sprachkenntnisse, die Du f\u00fcr ein Studium in Italien ben\u00f6tigst. Mailand ist eine der pulsierendsten Metropolen Europas und bietet Studieninteressierten und Berufsbeginnenden unendlich viele M\u00f6glichkeiten. Hier lernst Du andere Kursteilnehmende aus aller Welt kennen, schlie\u00dft neue Freundschaften und bereitest Dich auf Dein sp\u00e4teres Studien- und Berufsleben vor.[\/vc_column_text][\/vc_column][vc_column width=&#8220;2\/12&#8243;][\/vc_column][\/vc_row][vc_row full_width=&#8220;stretch_row&#8220; gap=&#8220;30&#8243; el_class=&#8220;sezione bg-red&#8220;][vc_column width=&#8220;5\/12&#8243;][vc_column_text el_class=&#8220;white&#8220;]<\/p>\n<h2>FIT IN ITALIENISCH F\u00dcR STUDIUM UND BERUF<\/h2>\n<p>[\/vc_column_text][vc_column_text el_class=&#8220;white&#8220;]Linguaviva bietet ein breites Angebot an Italienischkursen, die fundierte Italienischkenntnisse f\u00fcr Studium und Beruf vermitteln. Im Unterricht interagierst Du mit unseren qualifizierten Italienischlehrenden, erwirbst solide Grammatikkenntnisse und verfeinerst Deinen m\u00fcndlichen und schriftlichen Ausdruck. Au\u00dferhalb des Unterrichts setzt Du das Gelernte bei kulturellen Veranstaltungen, Museumsbesuchen und kreativen Workshops zu Design und Mode in die Praxis um. Dabei bekommst Du einen direkten Einblick in das Alltagsleben Mailands, einer der pulsierendsten und inspirierendsten Metropolen Italiens.[\/vc_column_text][vc_btn title=&#8220;&#8220; align=&#8220;right&#8220; el_class=&#8220;btn-arrow-white&#8220; link=&#8220;url:https%3A%2F%2Flinguavivagroup.com%2Fde%2Fkurse%2Funiversity-preparation-course-in-milan%2F&#8220;][\/vc_column][vc_column width=&#8220;1\/12&#8243;][\/vc_column][vc_column width=&#8220;1\/2&#8243; el_class=&#8220;slideshow slideshow-small&#8220;][vc_images_carousel images=&#8220;2758,2762,2766,2770&#8243; img_size=&#8220;full&#8220; onclick=&#8220;link_no&#8220; wrap=&#8220;yes&#8220;][vc_single_image image=&#8220;311&#8243; img_size=&#8220;full&#8220; el_class=&#8220;square square-small s-top-50 s-right-50&#8243;][vc_single_image image=&#8220;335&#8243; img_size=&#8220;full&#8220; el_class=&#8220;square square-small s-top-50 s-right50&#8243;][vc_single_image image=&#8220;335&#8243; img_size=&#8220;full&#8220; el_class=&#8220;square square-small s-top50 s-right-50&#8243;][vc_single_image image=&#8220;335&#8243; img_size=&#8220;full&#8220; el_class=&#8220;square square-small s-bottom-50 s-left-50&#8243;][\/vc_column][\/vc_row][vc_row full_width=&#8220;stretch_row&#8220; gap=&#8220;30&#8243; el_class=&#8220;sezione bg-red no-padding-bottom&#8220;][vc_column width=&#8220;6\/12&#8243; el_class=&#8220;slideshow slideshow-small&#8220;][vc_images_carousel images=&#8220;2738,2742,2746,2750,2754&#8243; img_size=&#8220;full&#8220; onclick=&#8220;link_no&#8220; wrap=&#8220;yes&#8220;][vc_single_image image=&#8220;311&#8243; img_size=&#8220;full&#8220; el_class=&#8220;square square-small s-bottom-50 s-left-50&#8243;][vc_single_image image=&#8220;335&#8243; img_size=&#8220;full&#8220; el_class=&#8220;square square-small s-bottom-50 s-left50&#8243;][vc_single_image image=&#8220;335&#8243; img_size=&#8220;full&#8220; el_class=&#8220;square square-small s-bottom50 s-left-50&#8243;][vc_single_image image=&#8220;335&#8243; img_size=&#8220;full&#8220; el_class=&#8220;square square-small s-top-50 s-right-50&#8243;][\/vc_column][vc_column width=&#8220;1\/12&#8243;][\/vc_column][vc_column width=&#8220;5\/12&#8243;][vc_column_text el_class=&#8220;white&#8220;]<\/p>\n<h2>MAILAND: STUDIERENDENFREUNDLICH UND CHANCENREICH<\/h2>\n<p>[\/vc_column_text][vc_column_text el_class=&#8220;white&#8220;]Mailand ist eine pulsierende Metropole, wo Tradition und Moderne aufeinandertreffen. In einer modernen Kulisse begr\u00fc\u00dft die Stadt junge Menschen aus aller Welt, die sich auf ein Studium in Italien vorbereiten m\u00f6chten. Als Kulturstadt und Wirtschaftsmetropole bietet Mailand neben architektonischen Wundern wie dem Dom und dem Castello Sforzesco auch unendliche Chancen f\u00fcr eine Karriere in den Bereichen Mode, Design und Finanzen. Damit ist Mailand der richtige Ort f\u00fcr Deine berufliche und pers\u00f6nliche Weiterentwicklung.[\/vc_column_text][vc_btn title=&#8220;&#8220; align=&#8220;right&#8220; el_class=&#8220;btn-arrow-white&#8220; link=&#8220;url:https%3A%2F%2Flinguavivagroup.com%2Fde%2Fziel-mailand%2F&#8220;][\/vc_column][\/vc_row][vc_row full_width=&#8220;stretch_row&#8220; gap=&#8220;30&#8243; el_class=&#8220;sezione bg-light-grey&#8220;][vc_column width=&#8220;1\/2&#8243; el_class=&#8220;slideshow slideshow-small&#8220;][vc_images_carousel images=&#8220;2774,2778,2782&#8243; img_size=&#8220;full&#8220; onclick=&#8220;link_no&#8220; wrap=&#8220;yes&#8220;][\/vc_column][vc_column width=&#8220;1\/12&#8243;][\/vc_column][vc_column width=&#8220;5\/12&#8243;][vc_column_text el_class=&#8220;red&#8220;]<\/p>\n<h2>UNTERK\u00dcNFTE IN MAILAND<\/h2>\n<p>[\/vc_column_text][vc_column_text]W\u00e4hrend Deiner Sprachreise mit Linguaviva stehen Dir verschiedene Unterkunftsm\u00f6glichkeiten zur Verf\u00fcgung damit Du Deinen Aufenthalt mit maximalem Komfort und ganz nach Deinen Bed\u00fcrfnissen gestalten kannst. Du kannst bei einer Gastfamilie in Mailand wohnen, um den authentischen italienischen Alltag zu erleben und Dein Italienisch auch au\u00dferhalb des Unterrichts zu \u00fcben. Wenn Du unabh\u00e4ngiger wohnen m\u00f6chtest, kannst Du in einer Wohngemeinschaft mit anderen Kursteilnehmenden leben und Freundschaften mit Menschen aus aller Welt schlie\u00dfen. Alternativ kannst Du auch in einem Appartement wohnen und die Stadt in Deinem eigenen Tempo erkunden. In einem Wohnheim mit anderen jungen Menschen lebst Du ganz studentisch und bekommst Einblicke in andere Kulturen.[\/vc_column_text][vc_btn title=&#8220;&#8220; align=&#8220;right&#8220; el_class=&#8220;btn-arrow-red&#8220; link=&#8220;url:https%3A%2F%2Flinguavivagroup.com%2Fde%2Funterkunft-in-mailand%2F&#8220;][\/vc_column][\/vc_row][vc_row][vc_column][vc_empty_space height=&#8220;90px&#8220;][\/vc_column][\/vc_row][vc_row full_width=&#8220;stretch_row&#8220; el_class=&#8220;sezione bg-white-blue&#8220;][vc_column width=&#8220;1\/12&#8243;][\/vc_column][vc_column width=&#8220;5\/12&#8243;][vc_column_text el_class=&#8220;white&#8220;]<\/p>\n<h2>PREISE<\/h2>\n<p>[\/vc_column_text][vc_column_text el_class=&#8220;white&#8220;]Hier erf\u00e4hrst Du alle Preise f\u00fcr die Italienischkurse und Sprachreisen von Linguaviva.[\/vc_column_text][vc_btn title=&#8220;&#8220; align=&#8220;right&#8220; el_class=&#8220;btn-arrow-white&#8220; link=&#8220;url:https%3A%2F%2Flinguavivagroup.com%2Fde%2Ffees%2F&#8220;][\/vc_column][vc_column width=&#8220;1\/2&#8243;][\/vc_column][\/vc_row][vc_row][vc_column][vc_empty_space height=&#8220;90px&#8220;][\/vc_column][\/vc_row][vc_row full_width=&#8220;stretch_row_content_no_spaces&#8220;][vc_column][vc_single_image image=&#8220;2786&#8243; img_size=&#8220;full&#8220; el_class=&#8220;no-margin&#8220;][vc_row_inner el_class=&#8220;text-banner-destination&#8220;][vc_column_inner][vc_column_text]<\/p>\n<h2>ENTDECKE<br \/>\nFLORENZ<\/h2>\n<p>[\/vc_column_text][vc_btn title=&#8220;&#8220; align=&#8220;right&#8220; el_class=&#8220;btn-arrow-white&#8220; link=&#8220;url:https%3A%2F%2Flinguavivagroup.com%2Fde%2Fitalienisch-lernen-in-florenz%2F&#8220;][vc_raw_html]JTNDc3R5bGUlM0UlMEEuZm9vdGVyLWZvcm0lMjAlN0JkaXNwbGF5JTNBJTIwbm9uZSUzQiU3RCUwQSUzQyUyRnN0eWxlJTNF[\/vc_raw_html][\/vc_column_inner][\/vc_row_inner][\/vc_column][\/vc_row]<\/p>\n<\/section>","protected":false},"excerpt":{"rendered":"<p>[vc_row full_width=&#8220;stretch_row_content_no_spaces&#8220; el_class=&#8220;header-image&#8220;][vc_column][vc_single_image image=&#8220;2730&#8243; img_size=&#8220;full&#8220; el_class=&#8220;img-header-big&#8220;][vc_single_image image=&#8220;2734&#8243; img_size=&#8220;full&#8220; el_class=&#8220;img-header-small&#8220;][\/vc_column][\/vc_row][vc_row el_class=&#8220;sezione&#8220;][vc_column width=&#8220;2\/12&#8243;][\/vc_column][vc_column width=&#8220;8\/12&#8243;][vc_column_text el_class=&#8220;red&#8220;] ITALIENISCH LERNEN IN MAILAND [\/vc_column_text][vc_column_text]Die Italienischkurse von Linguaviva in Mailand vermitteln Dir die Sprachkenntnisse, die Du f\u00fcr ein Studium in Italien ben\u00f6tigst. Mailand ist eine der pulsierendsten Metropolen Europas und bietet Studieninteressierten und Berufsbeginnenden unendlich viele M\u00f6glichkeiten. Hier lernst Du andere Kursteilnehmende [&hellip;]<\/p>\n","protected":false},"author":4,"featured_media":0,"parent":0,"menu_order":-1,"comment_status":"closed","ping_status":"closed","template":"","meta":{"inline_featured_image":false,"footnotes":""},"class_list":["post-3559","page","type-page","status-publish","hentry"],"yoast_head":"<!-- This site is optimized with the Yoast SEO plugin v27.2 - https:\/\/yoast.com\/product\/yoast-seo-wordpress\/ -->\n<title>ITALIENISCH LERNEN IN MAILAND | Linguaviva Educational Group<\/title>\n<meta name=\"description\" content=\"Entscheiden Sie sich f\u00fcr Mailand und bereiten Sie sich mit Linguaviva auf die italienische Universit\u00e4t vor. Sie werden die Sprache lernen und gleichzeitig eine unvergessliche Erfahrung in einer der pulsierendsten St\u00e4dte Europas machen.\" \/>\n<meta name=\"robots\" content=\"index, follow, max-snippet:-1, max-image-preview:large, max-video-preview:-1\" \/>\n<link rel=\"canonical\" href=\"https:\/\/linguavivagroup.com\/de\/italienisch-lernen-in-mailand\/\" \/>\n<meta property=\"og:locale\" content=\"de_DE\" \/>\n<meta property=\"og:type\" content=\"article\" \/>\n<meta property=\"og:title\" content=\"ITALIENISCH LERNEN IN MAILAND | Linguaviva Educational Group\" \/>\n<meta property=\"og:description\" content=\"Entscheiden Sie sich f\u00fcr Mailand und bereiten Sie sich mit Linguaviva auf die italienische Universit\u00e4t vor. Sie werden die Sprache lernen und gleichzeitig eine unvergessliche Erfahrung in einer der pulsierendsten St\u00e4dte Europas machen.\" \/>\n<meta property=\"og:url\" content=\"https:\/\/linguavivagroup.com\/de\/italienisch-lernen-in-mailand\/\" \/>\n<meta property=\"og:site_name\" content=\"Linguaviva Educational Group\" \/>\n<meta property=\"article:modified_time\" content=\"2025-07-14T13:53:20+00:00\" \/>\n<meta property=\"og:image\" content=\"https:\/\/linguavivagroup.com\/wp-content\/uploads\/2023\/04\/Educational-group.jpg\" \/>\n\t<meta property=\"og:image:width\" content=\"1920\" \/>\n\t<meta property=\"og:image:height\" content=\"923\" \/>\n\t<meta property=\"og:image:type\" content=\"image\/jpeg\" \/>\n<meta name=\"twitter:card\" content=\"summary_large_image\" \/>\n<meta name=\"twitter:label1\" content=\"Gesch\u00e4tzte Lesezeit\" \/>\n\t<meta name=\"twitter:data1\" content=\"7\u00a0Minuten\" \/>\n<script type=\"application\/ld+json\" class=\"yoast-schema-graph\">{\"@context\":\"https:\/\/schema.org\",\"@graph\":[{\"@type\":\"WebPage\",\"@id\":\"https:\/\/linguavivagroup.com\/de\/italienisch-lernen-in-mailand\/\",\"url\":\"https:\/\/linguavivagroup.com\/de\/italienisch-lernen-in-mailand\/\",\"name\":\"ITALIENISCH LERNEN IN MAILAND | Linguaviva Educational Group\",\"isPartOf\":{\"@id\":\"https:\/\/linguavivagroup.com\/de\/#website\"},\"datePublished\":\"2023-07-25T15:11:53+00:00\",\"dateModified\":\"2025-07-14T13:53:20+00:00\",\"description\":\"Entscheiden Sie sich f\u00fcr Mailand und bereiten Sie sich mit Linguaviva auf die italienische Universit\u00e4t vor. Sie werden die Sprache lernen und gleichzeitig eine unvergessliche Erfahrung in einer der pulsierendsten St\u00e4dte Europas machen.\",\"breadcrumb\":{\"@id\":\"https:\/\/linguavivagroup.com\/de\/italienisch-lernen-in-mailand\/#breadcrumb\"},\"inLanguage\":\"de\",\"potentialAction\":[{\"@type\":\"ReadAction\",\"target\":[\"https:\/\/linguavivagroup.com\/de\/italienisch-lernen-in-mailand\/\"]}]},{\"@type\":\"BreadcrumbList\",\"@id\":\"https:\/\/linguavivagroup.com\/de\/italienisch-lernen-in-mailand\/#breadcrumb\",\"itemListElement\":[{\"@type\":\"ListItem\",\"position\":1,\"name\":\"Home\",\"item\":\"https:\/\/linguavivagroup.com\/de\/\"},{\"@type\":\"ListItem\",\"position\":2,\"name\":\"ITALIENISCH LERNEN IN MAILAND\"}]},{\"@type\":\"WebSite\",\"@id\":\"https:\/\/linguavivagroup.com\/de\/#website\",\"url\":\"https:\/\/linguavivagroup.com\/de\/\",\"name\":\"Linguaviva Educational Group\",\"description\":\"Study and learn italian in italy\",\"publisher\":{\"@id\":\"https:\/\/linguavivagroup.com\/de\/#organization\"},\"potentialAction\":[{\"@type\":\"SearchAction\",\"target\":{\"@type\":\"EntryPoint\",\"urlTemplate\":\"https:\/\/linguavivagroup.com\/de\/?s={search_term_string}\"},\"query-input\":{\"@type\":\"PropertyValueSpecification\",\"valueRequired\":true,\"valueName\":\"search_term_string\"}}],\"inLanguage\":\"de\"},{\"@type\":\"Organization\",\"@id\":\"https:\/\/linguavivagroup.com\/de\/#organization\",\"name\":\"Linguaviva Educational Group\",\"url\":\"https:\/\/linguavivagroup.com\/de\/\",\"logo\":{\"@type\":\"ImageObject\",\"inLanguage\":\"de\",\"@id\":\"https:\/\/linguavivagroup.com\/de\/#\/schema\/logo\/image\/\",\"url\":\"https:\/\/linguavivagroup.com\/wp-content\/uploads\/2026\/03\/logo-linguaviva-bianco-50-260.png\",\"contentUrl\":\"https:\/\/linguavivagroup.com\/wp-content\/uploads\/2026\/03\/logo-linguaviva-bianco-50-260.png\",\"width\":260,\"height\":48,\"caption\":\"Linguaviva Educational Group\"},\"image\":{\"@id\":\"https:\/\/linguavivagroup.com\/de\/#\/schema\/logo\/image\/\"}}]}<\/script>\n<!-- \/ Yoast SEO plugin. -->","yoast_head_json":{"title":"ITALIENISCH LERNEN IN MAILAND | Linguaviva Educational Group","description":"Entscheiden Sie sich f\u00fcr Mailand und bereiten Sie sich mit Linguaviva auf die italienische Universit\u00e4t vor. Sie werden die Sprache lernen und gleichzeitig eine unvergessliche Erfahrung in einer der pulsierendsten St\u00e4dte Europas machen.","robots":{"index":"index","follow":"follow","max-snippet":"max-snippet:-1","max-image-preview":"max-image-preview:large","max-video-preview":"max-video-preview:-1"},"canonical":"https:\/\/linguavivagroup.com\/de\/italienisch-lernen-in-mailand\/","og_locale":"de_DE","og_type":"article","og_title":"ITALIENISCH LERNEN IN MAILAND | Linguaviva Educational Group","og_description":"Entscheiden Sie sich f\u00fcr Mailand und bereiten Sie sich mit Linguaviva auf die italienische Universit\u00e4t vor. Sie werden die Sprache lernen und gleichzeitig eine unvergessliche Erfahrung in einer der pulsierendsten St\u00e4dte Europas machen.","og_url":"https:\/\/linguavivagroup.com\/de\/italienisch-lernen-in-mailand\/","og_site_name":"Linguaviva Educational Group","article_modified_time":"2025-07-14T13:53:20+00:00","og_image":[{"width":1920,"height":923,"url":"https:\/\/linguavivagroup.com\/wp-content\/uploads\/2023\/04\/Educational-group.jpg","type":"image\/jpeg"}],"twitter_card":"summary_large_image","twitter_misc":{"Gesch\u00e4tzte Lesezeit":"7\u00a0Minuten"},"schema":{"@context":"https:\/\/schema.org","@graph":[{"@type":"WebPage","@id":"https:\/\/linguavivagroup.com\/de\/italienisch-lernen-in-mailand\/","url":"https:\/\/linguavivagroup.com\/de\/italienisch-lernen-in-mailand\/","name":"ITALIENISCH LERNEN IN MAILAND | Linguaviva Educational Group","isPartOf":{"@id":"https:\/\/linguavivagroup.com\/de\/#website"},"datePublished":"2023-07-25T15:11:53+00:00","dateModified":"2025-07-14T13:53:20+00:00","description":"Entscheiden Sie sich f\u00fcr Mailand und bereiten Sie sich mit Linguaviva auf die italienische Universit\u00e4t vor. Sie werden die Sprache lernen und gleichzeitig eine unvergessliche Erfahrung in einer der pulsierendsten St\u00e4dte Europas machen.","breadcrumb":{"@id":"https:\/\/linguavivagroup.com\/de\/italienisch-lernen-in-mailand\/#breadcrumb"},"inLanguage":"de","potentialAction":[{"@type":"ReadAction","target":["https:\/\/linguavivagroup.com\/de\/italienisch-lernen-in-mailand\/"]}]},{"@type":"BreadcrumbList","@id":"https:\/\/linguavivagroup.com\/de\/italienisch-lernen-in-mailand\/#breadcrumb","itemListElement":[{"@type":"ListItem","position":1,"name":"Home","item":"https:\/\/linguavivagroup.com\/de\/"},{"@type":"ListItem","position":2,"name":"ITALIENISCH LERNEN IN MAILAND"}]},{"@type":"WebSite","@id":"https:\/\/linguavivagroup.com\/de\/#website","url":"https:\/\/linguavivagroup.com\/de\/","name":"Linguaviva Educational Group","description":"Study and learn italian in italy","publisher":{"@id":"https:\/\/linguavivagroup.com\/de\/#organization"},"potentialAction":[{"@type":"SearchAction","target":{"@type":"EntryPoint","urlTemplate":"https:\/\/linguavivagroup.com\/de\/?s={search_term_string}"},"query-input":{"@type":"PropertyValueSpecification","valueRequired":true,"valueName":"search_term_string"}}],"inLanguage":"de"},{"@type":"Organization","@id":"https:\/\/linguavivagroup.com\/de\/#organization","name":"Linguaviva Educational Group","url":"https:\/\/linguavivagroup.com\/de\/","logo":{"@type":"ImageObject","inLanguage":"de","@id":"https:\/\/linguavivagroup.com\/de\/#\/schema\/logo\/image\/","url":"https:\/\/linguavivagroup.com\/wp-content\/uploads\/2026\/03\/logo-linguaviva-bianco-50-260.png","contentUrl":"https:\/\/linguavivagroup.com\/wp-content\/uploads\/2026\/03\/logo-linguaviva-bianco-50-260.png","width":260,"height":48,"caption":"Linguaviva Educational Group"},"image":{"@id":"https:\/\/linguavivagroup.com\/de\/#\/schema\/logo\/image\/"}}]}},"_links":{"self":[{"href":"https:\/\/linguavivagroup.com\/de\/wp-json\/wp\/v2\/pages\/3559","targetHints":{"allow":["GET"]}}],"collection":[{"href":"https:\/\/linguavivagroup.com\/de\/wp-json\/wp\/v2\/pages"}],"about":[{"href":"https:\/\/linguavivagroup.com\/de\/wp-json\/wp\/v2\/types\/page"}],"author":[{"embeddable":true,"href":"https:\/\/linguavivagroup.com\/de\/wp-json\/wp\/v2\/users\/4"}],"replies":[{"embeddable":true,"href":"https:\/\/linguavivagroup.com\/de\/wp-json\/wp\/v2\/comments?post=3559"}],"version-history":[{"count":11,"href":"https:\/\/linguavivagroup.com\/de\/wp-json\/wp\/v2\/pages\/3559\/revisions"}],"predecessor-version":[{"id":14955,"href":"https:\/\/linguavivagroup.com\/de\/wp-json\/wp\/v2\/pages\/3559\/revisions\/14955"}],"wp:attachment":[{"href":"https:\/\/linguavivagroup.com\/de\/wp-json\/wp\/v2\/media?parent=3559"}],"curies":[{"name":"wp","href":"https:\/\/api.w.org\/{rel}","templated":true}]}}