{"id":3562,"date":"2023-07-25T15:20:11","date_gmt":"2023-07-25T13:20:11","guid":{"rendered":"https:\/\/linguavivagroup.com\/?page_id=3562"},"modified":"2025-08-06T16:10:38","modified_gmt":"2025-08-06T14:10:38","slug":"jugendsprachreisen","status":"publish","type":"page","link":"https:\/\/linguavivagroup.com\/de\/jugendsprachreisen\/","title":{"rendered":"JUGENDSPRACHREISEN"},"content":{"rendered":"<section class=\"wpb-content-wrapper\"><p>[vc_row full_width=&#8220;stretch_row_content_no_spaces&#8220; el_class=&#8220;header-image&#8220;][vc_column][vc_single_image image=&#8220;3116&#8243; img_size=&#8220;full&#8220; el_class=&#8220;img-header-big&#8220;][vc_single_image image=&#8220;3112&#8243; img_size=&#8220;full&#8220; el_class=&#8220;img-header-small&#8220;][\/vc_column][\/vc_row][vc_row el_class=&#8220;sezione&#8220;][vc_column width=&#8220;2\/12&#8243;][\/vc_column][vc_column width=&#8220;8\/12&#8243;][vc_column_text el_class=&#8220;red&#8220;]<\/p>\n<h1 style=\"text-align: center;\">JUGENDSPRACHREISEN<\/h1>\n<p>[\/vc_column_text][vc_column_text]Du planst f\u00fcr den n\u00e4chsten Sommer eine Sprachreise nach Italien, bei der Du Italienisch lernen und den Sommer mit anderen jungen Leuten in vollen Z\u00fcgen genie\u00dfen m\u00f6chtest? F\u00fcr Jugendliche im Alter von 14 bis 17 Jahren bietet Linguaviva Sprachaufenthalte in Florenz, Mailand oder Lignano an.<br \/>\nStarte mit uns in Deinen n\u00e4chsten Sommerurlaub und erlebe Italien wie nie zuvor.[\/vc_column_text][\/vc_column][vc_column width=&#8220;2\/12&#8243;][\/vc_column][\/vc_row][vc_row gap=&#8220;30&#8243; el_class=&#8220;sezione&#8220;][vc_column width=&#8220;1\/3&#8243;][vc_column_text el_class=&#8220;red&#8220;]<\/p>\n<h2>ANGEBOT<\/h2>\n<p>[\/vc_column_text][vc_column_text]Hier findest Du eine \u00dcbersicht \u00fcber unsere Italienischkurse und Sprachaufenthalte.[\/vc_column_text][vc_btn title=&#8220;&#8220; align=&#8220;right&#8220; el_class=&#8220;btn-arrow-red&#8220; link=&#8220;url:https%3A%2F%2Flinguavivagroup.com%2Fde%2Fkurse-fur-italienische-sprache%2F&#8220;][\/vc_column][vc_column width=&#8220;2\/3&#8243;][\/vc_column][\/vc_row][vc_row][vc_column][vc_basic_grid post_type=&#8220;courses&#8220; max_items=&#8220;-1&#8243; gap=&#8220;15&#8243; orderby=&#8220;menu_order&#8220; item=&#8220;508&#8243; initial_loading_animation=&#8220;none&#8220; grid_id=&#8220;vc_gid:1752501416871-1b3e7131-05d0-2&#8243; el_class=&#8220;elenco-corsi elenco-corsi-red&#8220; taxonomies=&#8220;167&#8243;][\/vc_column][\/vc_row][vc_row full_width=&#8220;stretch_row&#8220; el_class=&#8220;sezione bg-red&#8220;][vc_column][vc_row_inner el_class=&#8220;row-banner-v2_1&#8243;][vc_column_inner width=&#8220;1\/12&#8243;][\/vc_column_inner][vc_column_inner width=&#8220;6\/12&#8243;][vc_single_image image=&#8220;5067&#8243; img_size=&#8220;full&#8220; onclick=&#8220;custom_link&#8220; link=&#8220;#&#8220; el_class=&#8220;img-hover-zoom&#8220;][\/vc_column_inner][vc_column_inner el_class=&#8220;col-mleft-40&#8243; width=&#8220;4\/12&#8243;][vc_column_text el_class=&#8220;white&#8220;]<\/p>\n<h2>ITALIENISCH LERNEN UND ITALIEN ERLEBEN IN FLORENZ<\/h2>\n<p>[\/vc_column_text][\/vc_column_inner][vc_column_inner width=&#8220;1\/12&#8243;][\/vc_column_inner][\/vc_row_inner][vc_row_inner el_class=&#8220;row-banner-v2_2 no-padding&#8220;][vc_column_inner width=&#8220;1\/12&#8243;][\/vc_column_inner][vc_column_inner width=&#8220;4\/12&#8243;][vc_column_text el_class=&#8220;white&#8220;]Florenz, die Stadt der Kunst und Kultur, ist das perfekte Reiseziel f\u00fcr einen unvergesslichen Sprachurlaub f\u00fcr Jugendliche. Die Sprachreisen von Linguaviva verbinden Italienischunterricht mit einem umfassenden Freizeit- und Kulturprogramm, das Dir die sch\u00f6nsten Seiten der Stadt zeigt. Du entdeckst die historischen und k\u00fcnstlerischen Sch\u00e4tze der Stadt, besuchst Museen und bewunderst die Meisterwerke der Renaissance. Spazierend durch die Gassen der Altstadt genie\u00dft Du den Sommer und das italienische Dolce Vita. Eine Sprachreise nach Florenz vermittelt Dir nicht nur Italienischkenntnisse, sondern bietet Dir auch einen Einblick in die italienische Kunst und Kultur in einer der sch\u00f6nsten St\u00e4dte Italiens.[\/vc_column_text][vc_btn title=&#8220;&#8220; align=&#8220;right&#8220; el_class=&#8220;btn-arrow-white&#8220; link=&#8220;url:https%3A%2F%2Flinguavivagroup.com%2Fde%2Fstudienaufenthalt-fuer-junge-menschen-in-florenz%2F&#8220;][\/vc_column_inner][vc_column_inner width=&#8220;6\/12&#8243;][vc_single_image image=&#8220;2986&#8243; img_size=&#8220;full&#8220; onclick=&#8220;custom_link&#8220; link=&#8220;#&#8220; el_class=&#8220;img-hover-zoom&#8220;][\/vc_column_inner][vc_column_inner width=&#8220;1\/12&#8243;][\/vc_column_inner][\/vc_row_inner][\/vc_column][\/vc_row][vc_row full_width=&#8220;stretch_row&#8220; el_class=&#8220;sezione bg-light-grey&#8220;][vc_column][vc_row_inner el_class=&#8220;row-banner-v2_1&#8243;][vc_column_inner width=&#8220;1\/12&#8243;][\/vc_column_inner][vc_column_inner el_class=&#8220;col-mright-50&#8243; width=&#8220;4\/12&#8243;][vc_column_text el_class=&#8220;red&#8220;]<\/p>\n<h2>ITALIENISCH LERNEN F\u00dcR STUDIUM UND KARRIERE IN MAILAND<\/h2>\n<p>[\/vc_column_text][\/vc_column_inner][vc_column_inner width=&#8220;6\/12&#8243;][vc_single_image image=&#8220;5075&#8243; img_size=&#8220;full&#8220; onclick=&#8220;custom_link&#8220; link=&#8220;#&#8220; el_class=&#8220;img-hover-zoom&#8220;][\/vc_column_inner][vc_column_inner width=&#8220;1\/12&#8243;][\/vc_column_inner][\/vc_row_inner][vc_row_inner el_class=&#8220;row-banner-v2_2 no-padding&#8220;][vc_column_inner width=&#8220;1\/12&#8243;][\/vc_column_inner][vc_column_inner width=&#8220;6\/12&#8243;][vc_single_image image=&#8220;2990&#8243; img_size=&#8220;full&#8220; onclick=&#8220;custom_link&#8220; link=&#8220;#&#8220; el_class=&#8220;img-hover-zoom&#8220;][\/vc_column_inner][vc_column_inner width=&#8220;4\/12&#8243;][vc_column_text]Mailand ist eine internationale Wirtschaftsmetropole, die Studieninteressierten und jungen Menschen unendliche Chancen f\u00fcr die pers\u00f6nliche und berufliche Entfaltung bietet. In unseren studienvorbereitenden Italienischkursen erwirbst Du die n\u00f6tigen Sprachkenntnisse f\u00fcr ein sp\u00e4teres Studium oder den Einstieg ins Berufsleben in Italien. Gleichzeitig bekommst Du einen Einblick in das pulsierende Leben der Modemetropole. Ein Sprachaufenthalt in Mailand er\u00f6ffnet Dir neue Perspektiven, erm\u00f6glicht Dir das Erlernen der italienischen Sprache und gibt Dir die Gelegenheit, in das Alltagsleben einer italienischen Metropole einzutauchen.[\/vc_column_text][vc_btn title=&#8220;&#8220; align=&#8220;right&#8220; el_class=&#8220;btn-arrow-red&#8220; link=&#8220;url:https%3A%2F%2Flinguavivagroup.com%2Fde%2Fstudienaufenthalt-fuer-junge-menschen-in-mailand%2F&#8220;][\/vc_column_inner][vc_column_inner width=&#8220;1\/12&#8243;][\/vc_column_inner][\/vc_row_inner][\/vc_column][\/vc_row][vc_row full_width=&#8220;stretch_row&#8220; el_class=&#8220;sezione bg-red&#8220;][vc_column][vc_row_inner el_class=&#8220;row-banner-v2_1&#8243;][vc_column_inner width=&#8220;1\/12&#8243;][\/vc_column_inner][vc_column_inner width=&#8220;6\/12&#8243;][vc_single_image image=&#8220;3121&#8243; img_size=&#8220;full&#8220; onclick=&#8220;custom_link&#8220; link=&#8220;#&#8220; el_class=&#8220;img-hover-zoom&#8220;][\/vc_column_inner][vc_column_inner el_class=&#8220;col-mleft-40&#8243; width=&#8220;4\/12&#8243;][vc_column_text el_class=&#8220;white&#8220;]<\/p>\n<h2>ITALIENISCH LERNEN UND DEN SOMMER GENIESSEN IN LIGNANO<\/h2>\n<p>[\/vc_column_text][\/vc_column_inner][vc_column_inner width=&#8220;1\/12&#8243;][\/vc_column_inner][\/vc_row_inner][vc_row_inner el_class=&#8220;row-banner-v2_2 no-padding&#8220;][vc_column_inner width=&#8220;1\/12&#8243;][\/vc_column_inner][vc_column_inner width=&#8220;4\/12&#8243;][vc_column_text el_class=&#8220;white&#8220;]Das Linguaviva Sommercamp in Lignano Sabbiadoro verbindet Italienischlernen mit dem Spa\u00df eines Sommerurlaubs an der Adria. In einem stimulierenden und entspannten Lernumfeld k\u00f6nnen Jugendliche hier Italienisch lernen und Freundschaften mit Gleichaltrigen aus aller Welt schlie\u00dfen. Ein umfassendes Angebot an Sport- und Freizeitaktivit\u00e4ten sorgt f\u00fcr abwechslungsreiche Unterhaltung nach dem Sprachunterricht. Starte Deinen n\u00e4chsten Sommer mit Linguaviva und erlebe einen unvergesslichen Sprachurlaub an der Adria![\/vc_column_text][vc_btn title=&#8220;&#8220; align=&#8220;right&#8220; el_class=&#8220;btn-arrow-white&#8220; link=&#8220;url:https%3A%2F%2Flinguavivagroup.com%2Fde%2Fstudienaufenthalt-fuer-junge-menschen-in-lignano%2F&#8220;][\/vc_column_inner][vc_column_inner width=&#8220;6\/12&#8243;][vc_single_image image=&#8220;5089&#8243; img_size=&#8220;full&#8220; onclick=&#8220;custom_link&#8220; link=&#8220;#&#8220; el_class=&#8220;img-hover-zoom&#8220;][\/vc_column_inner][vc_column_inner width=&#8220;1\/12&#8243;][\/vc_column_inner][\/vc_row_inner][\/vc_column][\/vc_row][vc_row full_width=&#8220;stretch_row&#8220; el_class=&#8220;sezione bg-light-grey no-padding-bottom&#8220;][vc_column width=&#8220;2\/12&#8243;][\/vc_column][vc_column width=&#8220;8\/12&#8243;][vc_column_text el_class=&#8220;red no-margin&#8220;]<\/p>\n<h2 style=\"text-align: center;\">SPRACHSCHULE LINGUAVIVA<\/h2>\n<p>[\/vc_column_text][\/vc_column][vc_column width=&#8220;2\/12&#8243;][\/vc_column][\/vc_row][vc_row full_width=&#8220;stretch_row&#8220; el_class=&#8220;sezione bg-light-grey&#8220;][vc_column][vc_row_inner equal_height=&#8220;yes&#8220; gap=&#8220;30&#8243; el_class=&#8220;row-banner-v2_1&#8243;][vc_column_inner width=&#8220;1\/12&#8243;][\/vc_column_inner][vc_column_inner width=&#8220;6\/12&#8243;][vc_single_image image=&#8220;311&#8243; img_size=&#8220;full&#8220; el_class=&#8220;square square-small s-top-50 s-left-50&#8243;][vc_single_image image=&#8220;335&#8243; img_size=&#8220;full&#8220; el_class=&#8220;square square-small s-top-50 s-left50&#8243;][vc_single_image image=&#8220;365&#8243; img_size=&#8220;full&#8220; el_class=&#8220;square square-small s-top50 s-left-50&#8243;][vc_single_image image=&#8220;377&#8243; img_size=&#8220;full&#8220; el_class=&#8220;square square-small s-bottom-50 s-left-50&#8243;][vc_single_image image=&#8220;1372&#8243; img_size=&#8220;full&#8220; onclick=&#8220;custom_link&#8220; link=&#8220;#&#8220; el_class=&#8220;img-hover-zoom&#8220;][\/vc_column_inner][vc_column_inner width=&#8220;3\/12&#8243;][vc_column_text]Linguaviva wurde 1976 in Florenz gegr\u00fcndet. Seitdem vermitteln wir unseren Kursteilnehmenden mit Leidenschaft und innovativen Lernmethoden die italienische Sprache und Kultur.[\/vc_column_text][\/vc_column_inner][vc_column_inner width=&#8220;2\/12&#8243;][\/vc_column_inner][\/vc_row_inner][vc_row_inner equal_height=&#8220;yes&#8220; gap=&#8220;30&#8243; el_class=&#8220;row-banner-v2_2 no-padding&#8220;][vc_column_inner width=&#8220;2\/12&#8243;][\/vc_column_inner][vc_column_inner width=&#8220;3\/12&#8243;][vc_column_text]Als eine der ersten Sprachschulen Italiens bieten wir Sprachaufenthalte an, die qualitativ hochwertigen Italienischunterricht mit dem Kennenlernen der italienischen Kultur verbinden.[\/vc_column_text][vc_btn title=&#8220;&#8220; align=&#8220;right&#8220; el_class=&#8220;btn-arrow-dark&#8220; link=&#8220;url:https%3A%2F%2Flinguavivagroup.com%2Fde%2Fuber-uns%2F&#8220;][\/vc_column_inner][vc_column_inner width=&#8220;6\/12&#8243;][vc_single_image image=&#8220;377&#8243; img_size=&#8220;full&#8220; el_class=&#8220;square square-small s-bottom-50 s-right-50&#8243;][vc_single_image image=&#8220;365&#8243; img_size=&#8220;full&#8220; el_class=&#8220;square square-small s-bottom-50 s-right50 z-index-1&#8243;][vc_single_image image=&#8220;365&#8243; img_size=&#8220;full&#8220; el_class=&#8220;square square-small s-bottom50 s-right-50&#8243;][vc_single_image image=&#8220;353&#8243; img_size=&#8220;full&#8220; el_class=&#8220;square square-small s-bottom-50 s-left-50&#8243;][vc_single_image image=&#8220;1376&#8243; img_size=&#8220;full&#8220; onclick=&#8220;custom_link&#8220; link=&#8220;#&#8220; el_class=&#8220;img-hover-zoom&#8220;][\/vc_column_inner][vc_column_inner width=&#8220;1\/12&#8243;][\/vc_column_inner][\/vc_row_inner][\/vc_column][\/vc_row][vc_row full_width=&#8220;stretch_row&#8220; full_height=&#8220;yes&#8220; content_placement=&#8220;middle&#8220; el_class=&#8220;parallax-row&#8220; css=&#8220;.vc_custom_1682515566461{background-image: url(https:\/\/linguavivagroup.com\/wp-content\/uploads\/2023\/04\/Experience.jpg?id=488) !important;}&#8220;][vc_column width=&#8220;2\/12&#8243;][\/vc_column][vc_column width=&#8220;8\/12&#8243;][vc_column_text el_class=&#8220;white&#8220;]<\/p>\n<h2 style=\"text-align: center;\">ITALIEN ERLEBEN<\/h2>\n<p>[\/vc_column_text][vc_column_text el_class=&#8220;white&#8220;]<\/p>\n<p style=\"text-align: center;\">Linguaviva l\u00e4sst Dich Italien, seine Menschen und seine Kultur erleben<\/p>\n<p>[\/vc_column_text][\/vc_column][vc_column width=&#8220;2\/12&#8243;][\/vc_column][\/vc_row][vc_row][vc_column][\/vc_column][\/vc_row][vc_row][vc_column][vc_empty_space height=&#8220;120px&#8220;][\/vc_column][\/vc_row][vc_row full_width=&#8220;stretch_row_content_no_spaces&#8220; el_class=&#8220;overflow-visible&#8220;][vc_column][vc_single_image image=&#8220;349&#8243; img_size=&#8220;full&#8220; el_class=&#8220;square square-medium mtop-100 left0&#8243;][vc_single_image image=&#8220;349&#8243; img_size=&#8220;full&#8220; el_class=&#8220;square square-medium top0 left0&#8243;][vc_single_image image=&#8220;349&#8243; img_size=&#8220;full&#8220; el_class=&#8220;square square-medium mtop-100 right0&#8243;][vc_single_image image=&#8220;361&#8243; img_size=&#8220;full&#8220; el_class=&#8220;square square-medium top0 right0&#8243;][\/vc_column][\/vc_row][vc_row full_width=&#8220;stretch_row_content_no_spaces&#8220; equal_height=&#8220;yes&#8220; content_placement=&#8220;middle&#8220; el_class=&#8220;bg-light-grey&#8220;][vc_column width=&#8220;1\/2&#8243;][vc_single_image image=&#8220;1381&#8243; img_size=&#8220;full&#8220; alignment=&#8220;center&#8220; el_class=&#8220;no-margin img-hover-zoom&#8220;][vc_column_text el_class=&#8220;banner-corso-title banner-turismo-title bg-red&#8220;]<\/p>\n<h3 style=\"text-align: center;\"><a href=\"https:\/\/linguavivagroup.com\/de\/italienisch-lernen-in-italien\/\">SUCHST DU VORBEREITUNG AUF DAS STUDIUM AN DER UNIVERSIT\u00c4T?<\/a><\/h3>\n<p>[\/vc_column_text][\/vc_column][vc_column width=&#8220;1\/2&#8243;][vc_single_image image=&#8220;3000&#8243; img_size=&#8220;full&#8220; alignment=&#8220;center&#8220; el_class=&#8220;no-margin img-hover-zoom&#8220;][vc_column_text el_class=&#8220;banner-corso-title banner-turismo-title bg-blue&#8220;]<\/p>\n<h3 style=\"text-align: center;\"><a href=\"https:\/\/linguavivagroup.com\/de\/italienisch-lernen-italien-erleben\/\">SUCHEN SIE EINEN ITALIENISCH-SPRACHKURS?<\/a><\/h3>\n<p>[\/vc_column_text][\/vc_column][\/vc_row]<\/p>\n<\/section>","protected":false},"excerpt":{"rendered":"<p>[vc_row full_width=&#8220;stretch_row_content_no_spaces&#8220; el_class=&#8220;header-image&#8220;][vc_column][vc_single_image image=&#8220;3116&#8243; img_size=&#8220;full&#8220; el_class=&#8220;img-header-big&#8220;][vc_single_image image=&#8220;3112&#8243; img_size=&#8220;full&#8220; el_class=&#8220;img-header-small&#8220;][\/vc_column][\/vc_row][vc_row el_class=&#8220;sezione&#8220;][vc_column width=&#8220;2\/12&#8243;][\/vc_column][vc_column width=&#8220;8\/12&#8243;][vc_column_text el_class=&#8220;red&#8220;] JUGENDSPRACHREISEN [\/vc_column_text][vc_column_text]Du planst f\u00fcr den n\u00e4chsten Sommer eine Sprachreise nach Italien, bei der Du Italienisch lernen und den Sommer mit anderen jungen Leuten in vollen Z\u00fcgen genie\u00dfen m\u00f6chtest? F\u00fcr Jugendliche im Alter von 14 bis 17 Jahren bietet Linguaviva Sprachaufenthalte in Florenz, [&hellip;]<\/p>\n","protected":false},"author":4,"featured_media":0,"parent":0,"menu_order":-1,"comment_status":"closed","ping_status":"closed","template":"","meta":{"inline_featured_image":false,"footnotes":""},"class_list":["post-3562","page","type-page","status-publish","hentry"],"yoast_head":"<!-- This site is optimized with the Yoast SEO plugin v27.2 - https:\/\/yoast.com\/product\/yoast-seo-wordpress\/ -->\n<title>JUGENDSPRACHREISEN | Linguaviva Educational Group<\/title>\n<meta name=\"description\" content=\"Sind Sie auf der Suche nach einem anregenden und umfassenden Italienisch-Sprachurlaub mit einem Programm, das speziell f\u00fcr junge Leute entwickelt wurde? W\u00e4hlen Sie eine der Linguaviva-Studienreisen f\u00fcr Sch\u00fcler zwischen 14 und 17 Jahren.\" \/>\n<meta name=\"robots\" content=\"index, follow, max-snippet:-1, max-image-preview:large, max-video-preview:-1\" \/>\n<link rel=\"canonical\" href=\"https:\/\/linguavivagroup.com\/de\/jugendsprachreisen\/\" \/>\n<meta property=\"og:locale\" content=\"de_DE\" \/>\n<meta property=\"og:type\" content=\"article\" \/>\n<meta property=\"og:title\" content=\"JUGENDSPRACHREISEN | Linguaviva Educational Group\" \/>\n<meta property=\"og:description\" content=\"Sind Sie auf der Suche nach einem anregenden und umfassenden Italienisch-Sprachurlaub mit einem Programm, das speziell f\u00fcr junge Leute entwickelt wurde? W\u00e4hlen Sie eine der Linguaviva-Studienreisen f\u00fcr Sch\u00fcler zwischen 14 und 17 Jahren.\" \/>\n<meta property=\"og:url\" content=\"https:\/\/linguavivagroup.com\/de\/jugendsprachreisen\/\" \/>\n<meta property=\"og:site_name\" content=\"Linguaviva Educational Group\" \/>\n<meta property=\"article:modified_time\" content=\"2025-08-06T14:10:38+00:00\" \/>\n<meta property=\"og:image\" content=\"https:\/\/linguavivagroup.com\/wp-content\/uploads\/2023\/04\/Educational-group.jpg\" \/>\n\t<meta property=\"og:image:width\" content=\"1920\" \/>\n\t<meta property=\"og:image:height\" content=\"923\" \/>\n\t<meta property=\"og:image:type\" content=\"image\/jpeg\" \/>\n<meta name=\"twitter:card\" content=\"summary_large_image\" \/>\n<meta name=\"twitter:label1\" content=\"Gesch\u00e4tzte Lesezeit\" \/>\n\t<meta name=\"twitter:data1\" content=\"3\u00a0Minuten\" \/>\n<script type=\"application\/ld+json\" class=\"yoast-schema-graph\">{\"@context\":\"https:\/\/schema.org\",\"@graph\":[{\"@type\":\"WebPage\",\"@id\":\"https:\/\/linguavivagroup.com\/de\/jugendsprachreisen\/\",\"url\":\"https:\/\/linguavivagroup.com\/de\/jugendsprachreisen\/\",\"name\":\"JUGENDSPRACHREISEN | Linguaviva Educational Group\",\"isPartOf\":{\"@id\":\"https:\/\/linguavivagroup.com\/de\/#website\"},\"datePublished\":\"2023-07-25T13:20:11+00:00\",\"dateModified\":\"2025-08-06T14:10:38+00:00\",\"description\":\"Sind Sie auf der Suche nach einem anregenden und umfassenden Italienisch-Sprachurlaub mit einem Programm, das speziell f\u00fcr junge Leute entwickelt wurde? W\u00e4hlen Sie eine der Linguaviva-Studienreisen f\u00fcr Sch\u00fcler zwischen 14 und 17 Jahren.\",\"breadcrumb\":{\"@id\":\"https:\/\/linguavivagroup.com\/de\/jugendsprachreisen\/#breadcrumb\"},\"inLanguage\":\"de\",\"potentialAction\":[{\"@type\":\"ReadAction\",\"target\":[\"https:\/\/linguavivagroup.com\/de\/jugendsprachreisen\/\"]}]},{\"@type\":\"BreadcrumbList\",\"@id\":\"https:\/\/linguavivagroup.com\/de\/jugendsprachreisen\/#breadcrumb\",\"itemListElement\":[{\"@type\":\"ListItem\",\"position\":1,\"name\":\"Home\",\"item\":\"https:\/\/linguavivagroup.com\/de\/\"},{\"@type\":\"ListItem\",\"position\":2,\"name\":\"JUGENDSPRACHREISEN\"}]},{\"@type\":\"WebSite\",\"@id\":\"https:\/\/linguavivagroup.com\/de\/#website\",\"url\":\"https:\/\/linguavivagroup.com\/de\/\",\"name\":\"Linguaviva Educational Group\",\"description\":\"Study and learn italian in italy\",\"publisher\":{\"@id\":\"https:\/\/linguavivagroup.com\/de\/#organization\"},\"potentialAction\":[{\"@type\":\"SearchAction\",\"target\":{\"@type\":\"EntryPoint\",\"urlTemplate\":\"https:\/\/linguavivagroup.com\/de\/?s={search_term_string}\"},\"query-input\":{\"@type\":\"PropertyValueSpecification\",\"valueRequired\":true,\"valueName\":\"search_term_string\"}}],\"inLanguage\":\"de\"},{\"@type\":\"Organization\",\"@id\":\"https:\/\/linguavivagroup.com\/de\/#organization\",\"name\":\"Linguaviva Educational Group\",\"url\":\"https:\/\/linguavivagroup.com\/de\/\",\"logo\":{\"@type\":\"ImageObject\",\"inLanguage\":\"de\",\"@id\":\"https:\/\/linguavivagroup.com\/de\/#\/schema\/logo\/image\/\",\"url\":\"https:\/\/linguavivagroup.com\/wp-content\/uploads\/2026\/03\/logo-linguaviva-bianco-50-260.png\",\"contentUrl\":\"https:\/\/linguavivagroup.com\/wp-content\/uploads\/2026\/03\/logo-linguaviva-bianco-50-260.png\",\"width\":260,\"height\":48,\"caption\":\"Linguaviva Educational Group\"},\"image\":{\"@id\":\"https:\/\/linguavivagroup.com\/de\/#\/schema\/logo\/image\/\"}}]}<\/script>\n<!-- \/ Yoast SEO plugin. -->","yoast_head_json":{"title":"JUGENDSPRACHREISEN | Linguaviva Educational Group","description":"Sind Sie auf der Suche nach einem anregenden und umfassenden Italienisch-Sprachurlaub mit einem Programm, das speziell f\u00fcr junge Leute entwickelt wurde? W\u00e4hlen Sie eine der Linguaviva-Studienreisen f\u00fcr Sch\u00fcler zwischen 14 und 17 Jahren.","robots":{"index":"index","follow":"follow","max-snippet":"max-snippet:-1","max-image-preview":"max-image-preview:large","max-video-preview":"max-video-preview:-1"},"canonical":"https:\/\/linguavivagroup.com\/de\/jugendsprachreisen\/","og_locale":"de_DE","og_type":"article","og_title":"JUGENDSPRACHREISEN | Linguaviva Educational Group","og_description":"Sind Sie auf der Suche nach einem anregenden und umfassenden Italienisch-Sprachurlaub mit einem Programm, das speziell f\u00fcr junge Leute entwickelt wurde? W\u00e4hlen Sie eine der Linguaviva-Studienreisen f\u00fcr Sch\u00fcler zwischen 14 und 17 Jahren.","og_url":"https:\/\/linguavivagroup.com\/de\/jugendsprachreisen\/","og_site_name":"Linguaviva Educational Group","article_modified_time":"2025-08-06T14:10:38+00:00","og_image":[{"width":1920,"height":923,"url":"https:\/\/linguavivagroup.com\/wp-content\/uploads\/2023\/04\/Educational-group.jpg","type":"image\/jpeg"}],"twitter_card":"summary_large_image","twitter_misc":{"Gesch\u00e4tzte Lesezeit":"3\u00a0Minuten"},"schema":{"@context":"https:\/\/schema.org","@graph":[{"@type":"WebPage","@id":"https:\/\/linguavivagroup.com\/de\/jugendsprachreisen\/","url":"https:\/\/linguavivagroup.com\/de\/jugendsprachreisen\/","name":"JUGENDSPRACHREISEN | Linguaviva Educational Group","isPartOf":{"@id":"https:\/\/linguavivagroup.com\/de\/#website"},"datePublished":"2023-07-25T13:20:11+00:00","dateModified":"2025-08-06T14:10:38+00:00","description":"Sind Sie auf der Suche nach einem anregenden und umfassenden Italienisch-Sprachurlaub mit einem Programm, das speziell f\u00fcr junge Leute entwickelt wurde? W\u00e4hlen Sie eine der Linguaviva-Studienreisen f\u00fcr Sch\u00fcler zwischen 14 und 17 Jahren.","breadcrumb":{"@id":"https:\/\/linguavivagroup.com\/de\/jugendsprachreisen\/#breadcrumb"},"inLanguage":"de","potentialAction":[{"@type":"ReadAction","target":["https:\/\/linguavivagroup.com\/de\/jugendsprachreisen\/"]}]},{"@type":"BreadcrumbList","@id":"https:\/\/linguavivagroup.com\/de\/jugendsprachreisen\/#breadcrumb","itemListElement":[{"@type":"ListItem","position":1,"name":"Home","item":"https:\/\/linguavivagroup.com\/de\/"},{"@type":"ListItem","position":2,"name":"JUGENDSPRACHREISEN"}]},{"@type":"WebSite","@id":"https:\/\/linguavivagroup.com\/de\/#website","url":"https:\/\/linguavivagroup.com\/de\/","name":"Linguaviva Educational Group","description":"Study and learn italian in italy","publisher":{"@id":"https:\/\/linguavivagroup.com\/de\/#organization"},"potentialAction":[{"@type":"SearchAction","target":{"@type":"EntryPoint","urlTemplate":"https:\/\/linguavivagroup.com\/de\/?s={search_term_string}"},"query-input":{"@type":"PropertyValueSpecification","valueRequired":true,"valueName":"search_term_string"}}],"inLanguage":"de"},{"@type":"Organization","@id":"https:\/\/linguavivagroup.com\/de\/#organization","name":"Linguaviva Educational Group","url":"https:\/\/linguavivagroup.com\/de\/","logo":{"@type":"ImageObject","inLanguage":"de","@id":"https:\/\/linguavivagroup.com\/de\/#\/schema\/logo\/image\/","url":"https:\/\/linguavivagroup.com\/wp-content\/uploads\/2026\/03\/logo-linguaviva-bianco-50-260.png","contentUrl":"https:\/\/linguavivagroup.com\/wp-content\/uploads\/2026\/03\/logo-linguaviva-bianco-50-260.png","width":260,"height":48,"caption":"Linguaviva Educational Group"},"image":{"@id":"https:\/\/linguavivagroup.com\/de\/#\/schema\/logo\/image\/"}}]}},"_links":{"self":[{"href":"https:\/\/linguavivagroup.com\/de\/wp-json\/wp\/v2\/pages\/3562","targetHints":{"allow":["GET"]}}],"collection":[{"href":"https:\/\/linguavivagroup.com\/de\/wp-json\/wp\/v2\/pages"}],"about":[{"href":"https:\/\/linguavivagroup.com\/de\/wp-json\/wp\/v2\/types\/page"}],"author":[{"embeddable":true,"href":"https:\/\/linguavivagroup.com\/de\/wp-json\/wp\/v2\/users\/4"}],"replies":[{"embeddable":true,"href":"https:\/\/linguavivagroup.com\/de\/wp-json\/wp\/v2\/comments?post=3562"}],"version-history":[{"count":17,"href":"https:\/\/linguavivagroup.com\/de\/wp-json\/wp\/v2\/pages\/3562\/revisions"}],"predecessor-version":[{"id":15079,"href":"https:\/\/linguavivagroup.com\/de\/wp-json\/wp\/v2\/pages\/3562\/revisions\/15079"}],"wp:attachment":[{"href":"https:\/\/linguavivagroup.com\/de\/wp-json\/wp\/v2\/media?parent=3562"}],"curies":[{"name":"wp","href":"https:\/\/api.w.org\/{rel}","templated":true}]}}