{"id":3568,"date":"2023-07-25T17:49:15","date_gmt":"2023-07-25T15:49:15","guid":{"rendered":"https:\/\/linguavivagroup.com\/?page_id=3568"},"modified":"2025-08-06T16:32:12","modified_gmt":"2025-08-06T14:32:12","slug":"jugendsprachreisen-nach-mailand","status":"publish","type":"page","link":"https:\/\/linguavivagroup.com\/de\/jugendsprachreisen-nach-mailand\/","title":{"rendered":"JUGENDSPRACHREISEN NACH MAILAND"},"content":{"rendered":"<section class=\"wpb-content-wrapper\"><p>[vc_row full_width=&#8220;stretch_row_content_no_spaces&#8220; el_class=&#8220;header-image&#8220;][vc_column][vc_single_image image=&#8220;2521&#8243; img_size=&#8220;full&#8220; el_class=&#8220;img-header-big&#8220;][vc_single_image image=&#8220;2517&#8243; img_size=&#8220;full&#8220; el_class=&#8220;img-header-small&#8220;][\/vc_column][\/vc_row][vc_row el_class=&#8220;sezione&#8220;][vc_column width=&#8220;2\/12&#8243;][\/vc_column][vc_column width=&#8220;8\/12&#8243;][vc_column_text el_class=&#8220;red&#8220;]<\/p>\n<h1 style=\"text-align: center;\">JUGENDSPRACHREISEN NACH MAILAND<\/h1>\n<p>[\/vc_column_text][vc_column_text]Hast Du schon Pl\u00e4ne f\u00fcr den n\u00e4chsten Sommer? Wie w\u00e4re es mit einer Sprachreise nach Mailand? Mit Linguaviva erlebst Du dort die trendige Seite Italiens.[\/vc_column_text][\/vc_column][vc_column width=&#8220;2\/12&#8243;][\/vc_column][\/vc_row][vc_row full_width=&#8220;stretch_row&#8220; gap=&#8220;30&#8243; el_class=&#8220;sezione bg-red&#8220;][vc_column width=&#8220;5\/12&#8243;][vc_column_text el_class=&#8220;white&#8220;]<\/p>\n<h2>ITALIENISCH LERNEN UND STUDIUM PLANEN IN MAILAND<\/h2>\n<p>[\/vc_column_text][vc_column_text el_class=&#8220;white&#8220;]Die studienvorbereitenden Kurse von Linguaviva richten sich an junge Studieninteressierte, die \u00fcber gute Italienisch- oder Englischkenntnisse verf\u00fcgen. Im Kurs kannst Du Deine Sprachkenntnisse in einer immersiven und stimulierenden Lernatmosph\u00e4re weiter verbessern und Dich \u00fcber Studienm\u00f6glichkeiten in Mailand und Italien informieren \u2013 mit Fokus auf ein sp\u00e4teres Universit\u00e4tsstudium in den Bereichen Architektur, Design, Ingenieurwissenschaften und Wirtschaft. Dar\u00fcber hinaus kannst Du w\u00e4hrend des Sprachaufenthalts mit Gleichaltrigen aus aller Welt in Kontakt kommen, Freundschaften schlie\u00dfen und in einer spannenden Umgebung gemeinsam lernen.[\/vc_column_text][vc_btn title=&#8220;&#8220; align=&#8220;right&#8220; el_class=&#8220;btn-arrow-white&#8220; link=&#8220;url:https%3A%2F%2Flinguavivagroup.com%2Fde%2Fkurse%2Fsprachaufenthalte-in-mailand%2F&#8220;][\/vc_column][vc_column width=&#8220;1\/12&#8243;][\/vc_column][vc_column width=&#8220;1\/2&#8243; el_class=&#8220;slideshow slideshow-small&#8220;][vc_images_carousel images=&#8220;2897,2901,2905,2909&#8243; img_size=&#8220;full&#8220; onclick=&#8220;link_no&#8220; wrap=&#8220;yes&#8220;][vc_single_image image=&#8220;311&#8243; img_size=&#8220;full&#8220; el_class=&#8220;square square-small s-top-50 s-right-50&#8243;][vc_single_image image=&#8220;335&#8243; img_size=&#8220;full&#8220; el_class=&#8220;square square-small s-top-50 s-right50&#8243;][vc_single_image image=&#8220;335&#8243; img_size=&#8220;full&#8220; el_class=&#8220;square square-small s-top50 s-right-50&#8243;][vc_single_image image=&#8220;335&#8243; img_size=&#8220;full&#8220; el_class=&#8220;square square-small s-bottom-50 s-left-50&#8243;][\/vc_column][\/vc_row][vc_row full_width=&#8220;stretch_row&#8220; gap=&#8220;30&#8243; el_class=&#8220;sezione bg-red no-padding-bottom&#8220;][vc_column width=&#8220;6\/12&#8243; el_class=&#8220;slideshow slideshow-small&#8220;][vc_images_carousel images=&#8220;2525,2529,2533,2537,2541&#8243; img_size=&#8220;full&#8220; onclick=&#8220;link_no&#8220; wrap=&#8220;yes&#8220;][vc_single_image image=&#8220;311&#8243; img_size=&#8220;full&#8220; el_class=&#8220;square square-small s-bottom-50 s-left-50&#8243;][vc_single_image image=&#8220;335&#8243; img_size=&#8220;full&#8220; el_class=&#8220;square square-small s-bottom-50 s-left50&#8243;][vc_single_image image=&#8220;335&#8243; img_size=&#8220;full&#8220; el_class=&#8220;square square-small s-bottom50 s-left-50&#8243;][vc_single_image image=&#8220;335&#8243; img_size=&#8220;full&#8220; el_class=&#8220;square square-small s-top-50 s-right-50&#8243;][\/vc_column][vc_column width=&#8220;1\/12&#8243;][\/vc_column][vc_column width=&#8220;5\/12&#8243;][vc_column_text el_class=&#8220;white&#8220;]<\/p>\n<h2>MAILAND: EINE STADT F\u00dcR JUNGE MENSCHEN<\/h2>\n<p>[\/vc_column_text][vc_column_text el_class=&#8220;white&#8220;]Mailand, die italienische Stadt der Mode und des Designs, ist ein Top-Ziel f\u00fcr alle jungen Studieninteressierten, die ihre Studienzeit in einer pulsierenden Wirtschaftsmetropole verbringen m\u00f6chten. Die weltoffene Stadt begr\u00fc\u00dft Neuank\u00f6mmlinge mit mitrei\u00dfender Energie und faszinierender Modernit\u00e4t. Beim Spazieren durch die Innenstadt kannst Du den imposanten Mail\u00e4nder Dom und die Galleria Vittorio Emanuele II bewundern und in die mond\u00e4ne Kulisse des Stadtviertels Brera und der Navigli eintauchen. Zudem beherbergt Mailand wichtige Museen und Galerien sowie unz\u00e4hlige M\u00f6glichkeiten, Zeitgen\u00f6ssisches aus Kunst und Kultur zu entdecken.[\/vc_column_text][vc_btn title=&#8220;&#8220; align=&#8220;right&#8220; el_class=&#8220;btn-arrow-white&#8220; link=&#8220;url:https%3A%2F%2Flinguavivagroup.com%2Fde%2Fitalienisch-lernen-in-mailand-italien%2F&#8220;][\/vc_column][\/vc_row][vc_row full_width=&#8220;stretch_row&#8220; gap=&#8220;30&#8243; el_class=&#8220;sezione bg-light-grey&#8220;][vc_column width=&#8220;1\/2&#8243; el_class=&#8220;slideshow slideshow-small&#8220;][\/vc_column][vc_column width=&#8220;1\/12&#8243;][\/vc_column][vc_column width=&#8220;5\/12&#8243;][vc_column_text el_class=&#8220;red&#8220;]<\/p>\n<h2>UNTERK\u00dcNFTE F\u00dcR JUGENDLICHE IN MAILAND<\/h2>\n<p>[\/vc_column_text][vc_column_text]Damit Du Deinen Sprachaufenthalt in Mailand m\u00f6glichst authentisch erlebst und einen Einblick in das italienische Familienleben erhalten kannst, bietet Dir Linguaviva die M\u00f6glichkeit, bei einer einheimischen Gastfamilie zu wohnen. Mit Deinen Gasteltern und -geschwistern sprichst Du auch au\u00dferhalb des Unterrichts Italienisch, lernst mehr \u00fcber italienische und lokale Traditionen und f\u00fchlst Dich in Italien wie zu Hause. Auch Deine Gastfamilie wird sich freuen, mehr \u00fcber Dich und Dein Land zu erfahren. Genau dieser kulturelle Austausch ist ein wichtiger und bereichernder Bestandteil eines Aufenthalts bei einer Gastfamilie und wird dazu beitragen, dass Deine Zeit in Mailand unvergesslich wird.[\/vc_column_text][vc_btn title=&#8220;&#8220; align=&#8220;right&#8220; el_class=&#8220;btn-arrow-red&#8220; link=&#8220;url:https%3A%2F%2Flinguavivagroup.com%2Fde%2Funterkunfte%2Fgastfamilie-in-mailand%2F&#8220;][\/vc_column][\/vc_row][vc_row][vc_column][vc_empty_space height=&#8220;90px&#8220;][\/vc_column][\/vc_row][vc_row full_width=&#8220;stretch_row&#8220; el_class=&#8220;sezione bg-white-blue&#8220;][vc_column width=&#8220;1\/12&#8243;][\/vc_column][vc_column width=&#8220;5\/12&#8243;][vc_column_text el_class=&#8220;white&#8220;]<\/p>\n<h2>PREISE<\/h2>\n<p>[\/vc_column_text][vc_column_text el_class=&#8220;white&#8220;]Hier erf\u00e4hrst Du alle Preise f\u00fcr die Italienischkurse und Sprachreisen von Linguaviva.[\/vc_column_text][vc_btn title=&#8220;&#8220; align=&#8220;right&#8220; el_class=&#8220;btn-arrow-white&#8220; link=&#8220;url:https%3A%2F%2Flinguavivagroup.com%2Fde%2Fpreise%2F&#8220;][\/vc_column][vc_column width=&#8220;1\/2&#8243;][\/vc_column][\/vc_row][vc_row][vc_column][vc_empty_space height=&#8220;90px&#8220;][\/vc_column][\/vc_row][vc_row full_width=&#8220;stretch_row_content_no_spaces&#8220;][vc_column][vc_single_image image=&#8220;8269&#8243; img_size=&#8220;full&#8220; el_class=&#8220;no-margin&#8220;][vc_row_inner el_class=&#8220;text-banner-destination&#8220;][vc_column_inner][vc_column_text]<\/p>\n<h2>ENTDECKE<br \/>\nLIGNANO<\/h2>\n<p>[\/vc_column_text][vc_btn title=&#8220;&#8220; align=&#8220;right&#8220; el_class=&#8220;btn-arrow-white&#8220; link=&#8220;url:https%3A%2F%2Flinguavivagroup.com%2Fde%2Fjugendsprachreisen-nach-lignano%2F&#8220;][vc_raw_html]JTNDc3R5bGUlM0UlMEEuZm9vdGVyLWZvcm0lMjAlN0JkaXNwbGF5JTNBJTIwbm9uZSUzQiU3RCUwQSUzQyUyRnN0eWxlJTNF[\/vc_raw_html][\/vc_column_inner][\/vc_row_inner][\/vc_column][\/vc_row][vc_row full_width=&#8220;stretch_row_content_no_spaces&#8220;][vc_column][vc_single_image image=&#8220;2846&#8243; img_size=&#8220;full&#8220; el_class=&#8220;no-margin&#8220;][vc_row_inner el_class=&#8220;text-banner-destination&#8220;][vc_column_inner][vc_column_text]<\/p>\n<h2>ENTDECKE<br \/>\nFLORENZ<\/h2>\n<p>[\/vc_column_text][vc_btn title=&#8220;&#8220; align=&#8220;right&#8220; el_class=&#8220;btn-arrow-white&#8220; link=&#8220;url:https%3A%2F%2Flinguavivagroup.com%2Fde%2Fjugendsprachreisen-nach-florenz%2F&#8220;][vc_raw_html]JTNDc3R5bGUlM0UlMEEuZm9vdGVyLWZvcm0lMjAlN0JkaXNwbGF5JTNBJTIwbm9uZSUzQiU3RCUwQSUzQyUyRnN0eWxlJTNF[\/vc_raw_html][\/vc_column_inner][\/vc_row_inner][\/vc_column][\/vc_row]<\/p>\n<\/section>","protected":false},"excerpt":{"rendered":"<p>[vc_row full_width=&#8220;stretch_row_content_no_spaces&#8220; el_class=&#8220;header-image&#8220;][vc_column][vc_single_image image=&#8220;2521&#8243; img_size=&#8220;full&#8220; el_class=&#8220;img-header-big&#8220;][vc_single_image image=&#8220;2517&#8243; img_size=&#8220;full&#8220; el_class=&#8220;img-header-small&#8220;][\/vc_column][\/vc_row][vc_row el_class=&#8220;sezione&#8220;][vc_column width=&#8220;2\/12&#8243;][\/vc_column][vc_column width=&#8220;8\/12&#8243;][vc_column_text el_class=&#8220;red&#8220;] JUGENDSPRACHREISEN NACH MAILAND [\/vc_column_text][vc_column_text]Hast Du schon Pl\u00e4ne f\u00fcr den n\u00e4chsten Sommer? Wie w\u00e4re es mit einer Sprachreise nach Mailand? Mit Linguaviva erlebst Du dort die trendige Seite Italiens.[\/vc_column_text][\/vc_column][vc_column width=&#8220;2\/12&#8243;][\/vc_column][\/vc_row][vc_row full_width=&#8220;stretch_row&#8220; gap=&#8220;30&#8243; el_class=&#8220;sezione bg-red&#8220;][vc_column width=&#8220;5\/12&#8243;][vc_column_text el_class=&#8220;white&#8220;] ITALIENISCH LERNEN UND STUDIUM PLANEN IN MAILAND [&hellip;]<\/p>\n","protected":false},"author":4,"featured_media":0,"parent":0,"menu_order":-1,"comment_status":"closed","ping_status":"closed","template":"","meta":{"inline_featured_image":false,"footnotes":""},"class_list":["post-3568","page","type-page","status-publish","hentry"],"yoast_head":"<!-- This site is optimized with the Yoast SEO plugin v27.2 - https:\/\/yoast.com\/product\/yoast-seo-wordpress\/ -->\n<title>JUGENDSPRACHREISEN NACH MAILAND | Linguaviva Educational Group<\/title>\n<meta name=\"description\" content=\"Kommen Sie f\u00fcr Ihren n\u00e4chsten Sommerurlaub nach Mailand, wo Mode, Design und Kultur zusammenkommen, um eine anregende, dynamische und vor allem unterhaltsame Erfahrung zu schaffen.\" \/>\n<meta name=\"robots\" content=\"index, follow, max-snippet:-1, max-image-preview:large, max-video-preview:-1\" \/>\n<link rel=\"canonical\" href=\"https:\/\/linguavivagroup.com\/de\/jugendsprachreisen-nach-mailand\/\" \/>\n<meta property=\"og:locale\" content=\"de_DE\" \/>\n<meta property=\"og:type\" content=\"article\" \/>\n<meta property=\"og:title\" content=\"JUGENDSPRACHREISEN NACH MAILAND | Linguaviva Educational Group\" \/>\n<meta property=\"og:description\" content=\"Kommen Sie f\u00fcr Ihren n\u00e4chsten Sommerurlaub nach Mailand, wo Mode, Design und Kultur zusammenkommen, um eine anregende, dynamische und vor allem unterhaltsame Erfahrung zu schaffen.\" \/>\n<meta property=\"og:url\" content=\"https:\/\/linguavivagroup.com\/de\/jugendsprachreisen-nach-mailand\/\" \/>\n<meta property=\"og:site_name\" content=\"Linguaviva Educational Group\" \/>\n<meta property=\"article:modified_time\" content=\"2025-08-06T14:32:12+00:00\" \/>\n<meta property=\"og:image\" content=\"https:\/\/linguavivagroup.com\/wp-content\/uploads\/2023\/04\/Educational-group.jpg\" \/>\n\t<meta property=\"og:image:width\" content=\"1920\" \/>\n\t<meta property=\"og:image:height\" content=\"923\" \/>\n\t<meta property=\"og:image:type\" content=\"image\/jpeg\" \/>\n<meta name=\"twitter:card\" content=\"summary_large_image\" \/>\n<meta name=\"twitter:label1\" content=\"Gesch\u00e4tzte Lesezeit\" \/>\n\t<meta name=\"twitter:data1\" content=\"7\u00a0Minuten\" \/>\n<script type=\"application\/ld+json\" class=\"yoast-schema-graph\">{\"@context\":\"https:\/\/schema.org\",\"@graph\":[{\"@type\":\"WebPage\",\"@id\":\"https:\/\/linguavivagroup.com\/de\/jugendsprachreisen-nach-mailand\/\",\"url\":\"https:\/\/linguavivagroup.com\/de\/jugendsprachreisen-nach-mailand\/\",\"name\":\"JUGENDSPRACHREISEN NACH MAILAND | Linguaviva Educational Group\",\"isPartOf\":{\"@id\":\"https:\/\/linguavivagroup.com\/de\/#website\"},\"datePublished\":\"2023-07-25T15:49:15+00:00\",\"dateModified\":\"2025-08-06T14:32:12+00:00\",\"description\":\"Kommen Sie f\u00fcr Ihren n\u00e4chsten Sommerurlaub nach Mailand, wo Mode, Design und Kultur zusammenkommen, um eine anregende, dynamische und vor allem unterhaltsame Erfahrung zu schaffen.\",\"breadcrumb\":{\"@id\":\"https:\/\/linguavivagroup.com\/de\/jugendsprachreisen-nach-mailand\/#breadcrumb\"},\"inLanguage\":\"de\",\"potentialAction\":[{\"@type\":\"ReadAction\",\"target\":[\"https:\/\/linguavivagroup.com\/de\/jugendsprachreisen-nach-mailand\/\"]}]},{\"@type\":\"BreadcrumbList\",\"@id\":\"https:\/\/linguavivagroup.com\/de\/jugendsprachreisen-nach-mailand\/#breadcrumb\",\"itemListElement\":[{\"@type\":\"ListItem\",\"position\":1,\"name\":\"Home\",\"item\":\"https:\/\/linguavivagroup.com\/de\/\"},{\"@type\":\"ListItem\",\"position\":2,\"name\":\"JUGENDSPRACHREISEN NACH MAILAND\"}]},{\"@type\":\"WebSite\",\"@id\":\"https:\/\/linguavivagroup.com\/de\/#website\",\"url\":\"https:\/\/linguavivagroup.com\/de\/\",\"name\":\"Linguaviva Educational Group\",\"description\":\"Study and learn italian in italy\",\"publisher\":{\"@id\":\"https:\/\/linguavivagroup.com\/de\/#organization\"},\"potentialAction\":[{\"@type\":\"SearchAction\",\"target\":{\"@type\":\"EntryPoint\",\"urlTemplate\":\"https:\/\/linguavivagroup.com\/de\/?s={search_term_string}\"},\"query-input\":{\"@type\":\"PropertyValueSpecification\",\"valueRequired\":true,\"valueName\":\"search_term_string\"}}],\"inLanguage\":\"de\"},{\"@type\":\"Organization\",\"@id\":\"https:\/\/linguavivagroup.com\/de\/#organization\",\"name\":\"Linguaviva Educational Group\",\"url\":\"https:\/\/linguavivagroup.com\/de\/\",\"logo\":{\"@type\":\"ImageObject\",\"inLanguage\":\"de\",\"@id\":\"https:\/\/linguavivagroup.com\/de\/#\/schema\/logo\/image\/\",\"url\":\"https:\/\/linguavivagroup.com\/wp-content\/uploads\/2026\/03\/logo-linguaviva-bianco-50-260.png\",\"contentUrl\":\"https:\/\/linguavivagroup.com\/wp-content\/uploads\/2026\/03\/logo-linguaviva-bianco-50-260.png\",\"width\":260,\"height\":48,\"caption\":\"Linguaviva Educational Group\"},\"image\":{\"@id\":\"https:\/\/linguavivagroup.com\/de\/#\/schema\/logo\/image\/\"}}]}<\/script>\n<!-- \/ Yoast SEO plugin. -->","yoast_head_json":{"title":"JUGENDSPRACHREISEN NACH MAILAND | Linguaviva Educational Group","description":"Kommen Sie f\u00fcr Ihren n\u00e4chsten Sommerurlaub nach Mailand, wo Mode, Design und Kultur zusammenkommen, um eine anregende, dynamische und vor allem unterhaltsame Erfahrung zu schaffen.","robots":{"index":"index","follow":"follow","max-snippet":"max-snippet:-1","max-image-preview":"max-image-preview:large","max-video-preview":"max-video-preview:-1"},"canonical":"https:\/\/linguavivagroup.com\/de\/jugendsprachreisen-nach-mailand\/","og_locale":"de_DE","og_type":"article","og_title":"JUGENDSPRACHREISEN NACH MAILAND | Linguaviva Educational Group","og_description":"Kommen Sie f\u00fcr Ihren n\u00e4chsten Sommerurlaub nach Mailand, wo Mode, Design und Kultur zusammenkommen, um eine anregende, dynamische und vor allem unterhaltsame Erfahrung zu schaffen.","og_url":"https:\/\/linguavivagroup.com\/de\/jugendsprachreisen-nach-mailand\/","og_site_name":"Linguaviva Educational Group","article_modified_time":"2025-08-06T14:32:12+00:00","og_image":[{"width":1920,"height":923,"url":"https:\/\/linguavivagroup.com\/wp-content\/uploads\/2023\/04\/Educational-group.jpg","type":"image\/jpeg"}],"twitter_card":"summary_large_image","twitter_misc":{"Gesch\u00e4tzte Lesezeit":"7\u00a0Minuten"},"schema":{"@context":"https:\/\/schema.org","@graph":[{"@type":"WebPage","@id":"https:\/\/linguavivagroup.com\/de\/jugendsprachreisen-nach-mailand\/","url":"https:\/\/linguavivagroup.com\/de\/jugendsprachreisen-nach-mailand\/","name":"JUGENDSPRACHREISEN NACH MAILAND | Linguaviva Educational Group","isPartOf":{"@id":"https:\/\/linguavivagroup.com\/de\/#website"},"datePublished":"2023-07-25T15:49:15+00:00","dateModified":"2025-08-06T14:32:12+00:00","description":"Kommen Sie f\u00fcr Ihren n\u00e4chsten Sommerurlaub nach Mailand, wo Mode, Design und Kultur zusammenkommen, um eine anregende, dynamische und vor allem unterhaltsame Erfahrung zu schaffen.","breadcrumb":{"@id":"https:\/\/linguavivagroup.com\/de\/jugendsprachreisen-nach-mailand\/#breadcrumb"},"inLanguage":"de","potentialAction":[{"@type":"ReadAction","target":["https:\/\/linguavivagroup.com\/de\/jugendsprachreisen-nach-mailand\/"]}]},{"@type":"BreadcrumbList","@id":"https:\/\/linguavivagroup.com\/de\/jugendsprachreisen-nach-mailand\/#breadcrumb","itemListElement":[{"@type":"ListItem","position":1,"name":"Home","item":"https:\/\/linguavivagroup.com\/de\/"},{"@type":"ListItem","position":2,"name":"JUGENDSPRACHREISEN NACH MAILAND"}]},{"@type":"WebSite","@id":"https:\/\/linguavivagroup.com\/de\/#website","url":"https:\/\/linguavivagroup.com\/de\/","name":"Linguaviva Educational Group","description":"Study and learn italian in italy","publisher":{"@id":"https:\/\/linguavivagroup.com\/de\/#organization"},"potentialAction":[{"@type":"SearchAction","target":{"@type":"EntryPoint","urlTemplate":"https:\/\/linguavivagroup.com\/de\/?s={search_term_string}"},"query-input":{"@type":"PropertyValueSpecification","valueRequired":true,"valueName":"search_term_string"}}],"inLanguage":"de"},{"@type":"Organization","@id":"https:\/\/linguavivagroup.com\/de\/#organization","name":"Linguaviva Educational Group","url":"https:\/\/linguavivagroup.com\/de\/","logo":{"@type":"ImageObject","inLanguage":"de","@id":"https:\/\/linguavivagroup.com\/de\/#\/schema\/logo\/image\/","url":"https:\/\/linguavivagroup.com\/wp-content\/uploads\/2026\/03\/logo-linguaviva-bianco-50-260.png","contentUrl":"https:\/\/linguavivagroup.com\/wp-content\/uploads\/2026\/03\/logo-linguaviva-bianco-50-260.png","width":260,"height":48,"caption":"Linguaviva Educational Group"},"image":{"@id":"https:\/\/linguavivagroup.com\/de\/#\/schema\/logo\/image\/"}}]}},"_links":{"self":[{"href":"https:\/\/linguavivagroup.com\/de\/wp-json\/wp\/v2\/pages\/3568","targetHints":{"allow":["GET"]}}],"collection":[{"href":"https:\/\/linguavivagroup.com\/de\/wp-json\/wp\/v2\/pages"}],"about":[{"href":"https:\/\/linguavivagroup.com\/de\/wp-json\/wp\/v2\/types\/page"}],"author":[{"embeddable":true,"href":"https:\/\/linguavivagroup.com\/de\/wp-json\/wp\/v2\/users\/4"}],"replies":[{"embeddable":true,"href":"https:\/\/linguavivagroup.com\/de\/wp-json\/wp\/v2\/comments?post=3568"}],"version-history":[{"count":20,"href":"https:\/\/linguavivagroup.com\/de\/wp-json\/wp\/v2\/pages\/3568\/revisions"}],"predecessor-version":[{"id":15098,"href":"https:\/\/linguavivagroup.com\/de\/wp-json\/wp\/v2\/pages\/3568\/revisions\/15098"}],"wp:attachment":[{"href":"https:\/\/linguavivagroup.com\/de\/wp-json\/wp\/v2\/media?parent=3568"}],"curies":[{"name":"wp","href":"https:\/\/api.w.org\/{rel}","templated":true}]}}