{"id":3571,"date":"2023-07-26T09:55:52","date_gmt":"2023-07-26T07:55:52","guid":{"rendered":"https:\/\/linguavivagroup.com\/?page_id=3571"},"modified":"2025-08-06T16:27:09","modified_gmt":"2025-08-06T14:27:09","slug":"jugendsprachreisen-nach-lignano","status":"publish","type":"page","link":"https:\/\/linguavivagroup.com\/de\/jugendsprachreisen-nach-lignano\/","title":{"rendered":"JUGENDSPRACHREISEN NACH LIGNANO"},"content":{"rendered":"<section class=\"wpb-content-wrapper\"><p>[vc_row full_width=&#8220;stretch_row_content_no_spaces&#8220; el_class=&#8220;header-image&#8220;][vc_column][vc_single_image image=&#8220;2925&#8243; img_size=&#8220;full&#8220; el_class=&#8220;img-header-big&#8220;][vc_single_image image=&#8220;2921&#8243; img_size=&#8220;full&#8220; el_class=&#8220;img-header-small&#8220;][\/vc_column][\/vc_row][vc_row el_class=&#8220;sezione&#8220;][vc_column width=&#8220;2\/12&#8243;][\/vc_column][vc_column width=&#8220;8\/12&#8243;][vc_column_text el_class=&#8220;red&#8220;]<\/p>\n<h1 style=\"text-align: center;\">JUGENDSPRACHREISEN NACH LIGNANO<\/h1>\n<p>[\/vc_column_text][vc_column_text]Hast Du schon Pl\u00e4ne f\u00fcr den n\u00e4chsten Sommer? Wie w\u00e4re es mit einer Sprachreise nach Lignano Sabbiadoro? Mit Linguaviva erlebst Du dort den italienischen Sommer mit viel Sonne, Meer und Sport.[\/vc_column_text][\/vc_column][vc_column width=&#8220;2\/12&#8243;][\/vc_column][\/vc_row][vc_row full_width=&#8220;stretch_row&#8220; gap=&#8220;30&#8243; el_class=&#8220;sezione bg-red&#8220;][vc_column width=&#8220;5\/12&#8243;][vc_column_text el_class=&#8220;white&#8220;]<\/p>\n<h2>ITALIENISCH LERNEN UND ITALIEN ERLEBEN IN LIGNANO<\/h2>\n<p>[\/vc_column_text][vc_column_text el_class=&#8220;white&#8220;]Beim Linguaviva Sommercamp in Lignano Sabbiadoro macht Italienischlernen richtig Spa\u00df. Durch interaktives Lernen und Gruppendiskussionen kannst Du Dein Italienisch direkt in einer spannenden Lernumgebung anwenden. Passend zum Freizeitcharakter der Sprachreise sorgt ein umfassendes Programm mit Sport, Ausfl\u00fcgen und Abenteuern unter der Leitung unserer Italienischlehrenden und qualifizierten Betreuenden f\u00fcr gen\u00fcgend Abwechslung und Spa\u00df neben dem Italienischkurs. In Lignano Sabbiadoro erwarten Dich traumhafte Str\u00e4nde, Freizeitparks, die italienische K\u00fcche und leckere Eisdielen \u2013 und nat\u00fcrlich die Italienischkurse von Linguaviva.[\/vc_column_text][vc_btn title=&#8220;&#8220; align=&#8220;right&#8220; el_class=&#8220;btn-arrow-white&#8220; link=&#8220;url:https%3A%2F%2Flinguavivagroup.com%2Fde%2Fkurse%2Fsprachaufenthalte-in-lignano%2F&#8220;][\/vc_column][vc_column width=&#8220;1\/12&#8243;][\/vc_column][vc_column width=&#8220;1\/2&#8243; el_class=&#8220;slideshow slideshow-small&#8220;][vc_images_carousel images=&#8220;2945,2949,2953,2957&#8243; img_size=&#8220;full&#8220; onclick=&#8220;link_no&#8220; wrap=&#8220;yes&#8220;][vc_single_image image=&#8220;311&#8243; img_size=&#8220;full&#8220; el_class=&#8220;square square-small s-top-50 s-right-50&#8243;][vc_single_image image=&#8220;335&#8243; img_size=&#8220;full&#8220; el_class=&#8220;square square-small s-top-50 s-right50&#8243;][vc_single_image image=&#8220;335&#8243; img_size=&#8220;full&#8220; el_class=&#8220;square square-small s-top50 s-right-50&#8243;][vc_single_image image=&#8220;335&#8243; img_size=&#8220;full&#8220; el_class=&#8220;square square-small s-bottom-50 s-left-50&#8243;][\/vc_column][\/vc_row][vc_row full_width=&#8220;stretch_row&#8220; gap=&#8220;30&#8243; el_class=&#8220;sezione bg-red no-padding-bottom&#8220;][vc_column width=&#8220;6\/12&#8243; el_class=&#8220;slideshow slideshow-small&#8220;][vc_images_carousel images=&#8220;2929,2933,2937,2941&#8243; img_size=&#8220;full&#8220; onclick=&#8220;link_no&#8220; wrap=&#8220;yes&#8220;][vc_single_image image=&#8220;311&#8243; img_size=&#8220;full&#8220; el_class=&#8220;square square-small s-bottom-50 s-left-50&#8243;][vc_single_image image=&#8220;335&#8243; img_size=&#8220;full&#8220; el_class=&#8220;square square-small s-bottom-50 s-left50&#8243;][vc_single_image image=&#8220;335&#8243; img_size=&#8220;full&#8220; el_class=&#8220;square square-small s-bottom50 s-left-50&#8243;][vc_single_image image=&#8220;335&#8243; img_size=&#8220;full&#8220; el_class=&#8220;square square-small s-top-50 s-right-50&#8243;][\/vc_column][vc_column width=&#8220;1\/12&#8243;][\/vc_column][vc_column width=&#8220;5\/12&#8243;][vc_column_text el_class=&#8220;white&#8220;]<\/p>\n<h2>LIGNANO: HIER MACHT ITALIENISCHLERNEN SPASS!<\/h2>\n<p>[\/vc_column_text][vc_column_text el_class=&#8220;white&#8220;]Die goldenen Str\u00e4nde und das kristallklare Wasser von Lignano Sabbiadoro, dem beliebtesten Ort an der Adriak\u00fcste, laden zum Sommergenuss ein. Der sch\u00f6ne Badeort ist das perfekte Reiseziel f\u00fcr Jugendsprachreisen, die Italienischlernen mit spannenden Freizeitaktivit\u00e4ten verbinden. Im Meer schwimmen, am Strand Volleyball spielen oder abenteuerliche Ausfl\u00fcge unternehmen \u2013 in Lignano Sabbiadoro ist alles m\u00f6glich. Nach dem Unterricht kannst Du gleich ins Meer springen, Dich im Wasserpark erfrischen oder eine Runde auf dem K\u00fcstenradweg drehen. Den Abend kannst Du in der Innenstadt von Lignano Sabbiadoro mit etwas Shopping, Pizza und leckerem Eis ausklingen lassen. Deine Sprachferien in Italien werden hier garantiert unvergesslich.[\/vc_column_text][vc_btn title=&#8220;&#8220; align=&#8220;right&#8220; el_class=&#8220;btn-arrow-white&#8220; link=&#8220;url:https%3A%2F%2Flinguavivagroup.com%2Fde%2Fitalienisch-lernen-in-lignano-italien%2F&#8220;][\/vc_column][\/vc_row][vc_row full_width=&#8220;stretch_row&#8220; gap=&#8220;30&#8243; el_class=&#8220;sezione bg-light-grey&#8220;][vc_column width=&#8220;1\/2&#8243; el_class=&#8220;slideshow slideshow-small&#8220;][vc_images_carousel images=&#8220;2961,2965,2969&#8243; img_size=&#8220;full&#8220; onclick=&#8220;link_no&#8220; wrap=&#8220;yes&#8220;][\/vc_column][vc_column width=&#8220;1\/12&#8243;][\/vc_column][vc_column width=&#8220;5\/12&#8243;][vc_column_text el_class=&#8220;red&#8220;]<\/p>\n<h2>UNTERK\u00dcNFTE F\u00dcR JUGENDLICHE IN LIGNANO<\/h2>\n<p>[\/vc_column_text][vc_column_text]Die Unterbringung im Wohnheim ist ideal f\u00fcr Jugendliche, die einen Sprachaufenthalt im Linguaviva Sommercamp in Lignano Sabbiadoro verbringen. Das Wohnheim bietet Dir eine komfortable Unterkunft mit Vollpension. Damit ist alles vorhanden, was Du f\u00fcr einen angenehmen und entspannten Aufenthalt brauchst. Die Zimmer sind komfortabel ausgestattet und verf\u00fcgen \u00fcber ein eigenes Bad. Im Wohnheim werden k\u00f6stliche Gerichte serviert, die mit frischen, regionalen Produkten zubereitet werden. Es gibt Gemeinschaftsr\u00e4ume, in denen Du Dich mit den anderen Kursteilnehmenden treffen kannst, und abendliche Animationsprogramme, die f\u00fcr zus\u00e4tzliche Unterhaltung w\u00e4hrend deiner Zeit in Lignano sorgen. Mit Linguaviva kannst Du Deinen Urlaub an der italienischen Adriak\u00fcste in vollen Z\u00fcgen genie\u00dfen \u2013 in einer sicheren und freundlichen Umgebung.[\/vc_column_text][vc_btn title=&#8220;&#8220; align=&#8220;right&#8220; el_class=&#8220;btn-arrow-red&#8220; link=&#8220;url:https%3A%2F%2Flinguavivagroup.com%2Fde%2Funterkunfte%2Fwohnheim%2F&#8220;][\/vc_column][\/vc_row][vc_row][vc_column][vc_empty_space height=&#8220;90px&#8220;][\/vc_column][\/vc_row][vc_row full_width=&#8220;stretch_row&#8220; el_class=&#8220;sezione bg-white-blue&#8220;][vc_column width=&#8220;1\/12&#8243;][\/vc_column][vc_column width=&#8220;5\/12&#8243;][vc_column_text el_class=&#8220;white&#8220;]<\/p>\n<h2>PREISE<\/h2>\n<p>[\/vc_column_text][vc_column_text el_class=&#8220;white&#8220;]Hier erf\u00e4hrst Du alle Preise f\u00fcr die Italienischkurse und Sprachreisen von Linguaviva.[\/vc_column_text][vc_btn title=&#8220;&#8220; align=&#8220;right&#8220; el_class=&#8220;btn-arrow-white&#8220; link=&#8220;url:https%3A%2F%2Flinguavivagroup.com%2Fde%2Fpreise%2F|&#8220;][\/vc_column][vc_column width=&#8220;1\/2&#8243;][\/vc_column][\/vc_row][vc_row][vc_column][vc_empty_space height=&#8220;90px&#8220;][\/vc_column][\/vc_row][vc_row full_width=&#8220;stretch_row_content_no_spaces&#8220;][vc_column][vc_single_image image=&#8220;2846&#8243; img_size=&#8220;full&#8220; el_class=&#8220;no-margin&#8220;][vc_row_inner el_class=&#8220;text-banner-destination&#8220;][vc_column_inner][vc_column_text]<\/p>\n<h2>ENTDECKE<br \/>\nFLORENZ<\/h2>\n<p>[\/vc_column_text][vc_btn title=&#8220;&#8220; align=&#8220;right&#8220; el_class=&#8220;btn-arrow-white&#8220; link=&#8220;url:https%3A%2F%2Flinguavivagroup.com%2Fde%2Fjugendsprachreisen-nach-florenz%2F&#8220;][vc_raw_html]JTNDc3R5bGUlM0UlMEEuZm9vdGVyLWZvcm0lMjAlN0JkaXNwbGF5JTNBJTIwbm9uZSUzQiU3RCUwQSUzQyUyRnN0eWxlJTNF[\/vc_raw_html][\/vc_column_inner][\/vc_row_inner][\/vc_column][\/vc_row][vc_row full_width=&#8220;stretch_row_content_no_spaces&#8220;][vc_column][vc_single_image image=&#8220;8119&#8243; img_size=&#8220;full&#8220; el_class=&#8220;no-margin&#8220;][vc_row_inner el_class=&#8220;text-banner-destination&#8220;][vc_column_inner][vc_column_text]<\/p>\n<h2>ENTDECKE<br \/>\nMAILAND<\/h2>\n<p>[\/vc_column_text][vc_btn title=&#8220;&#8220; align=&#8220;right&#8220; el_class=&#8220;btn-arrow-white&#8220; link=&#8220;url:https%3A%2F%2Flinguavivagroup.com%2Fde%2Fjugendsprachreisen-nach-mailand%2F&#8220;][vc_raw_html]JTNDc3R5bGUlM0UlMEEuZm9vdGVyLWZvcm0lMjAlN0JkaXNwbGF5JTNBJTIwbm9uZSUzQiU3RCUwQSUzQyUyRnN0eWxlJTNF[\/vc_raw_html][\/vc_column_inner][\/vc_row_inner][\/vc_column][\/vc_row]<\/p>\n<\/section>","protected":false},"excerpt":{"rendered":"<p>[vc_row full_width=&#8220;stretch_row_content_no_spaces&#8220; el_class=&#8220;header-image&#8220;][vc_column][vc_single_image image=&#8220;2925&#8243; img_size=&#8220;full&#8220; el_class=&#8220;img-header-big&#8220;][vc_single_image image=&#8220;2921&#8243; img_size=&#8220;full&#8220; el_class=&#8220;img-header-small&#8220;][\/vc_column][\/vc_row][vc_row el_class=&#8220;sezione&#8220;][vc_column width=&#8220;2\/12&#8243;][\/vc_column][vc_column width=&#8220;8\/12&#8243;][vc_column_text el_class=&#8220;red&#8220;] JUGENDSPRACHREISEN NACH LIGNANO [\/vc_column_text][vc_column_text]Hast Du schon Pl\u00e4ne f\u00fcr den n\u00e4chsten Sommer? Wie w\u00e4re es mit einer Sprachreise nach Lignano Sabbiadoro? Mit Linguaviva erlebst Du dort den italienischen Sommer mit viel Sonne, Meer und Sport.[\/vc_column_text][\/vc_column][vc_column width=&#8220;2\/12&#8243;][\/vc_column][\/vc_row][vc_row full_width=&#8220;stretch_row&#8220; gap=&#8220;30&#8243; el_class=&#8220;sezione bg-red&#8220;][vc_column width=&#8220;5\/12&#8243;][vc_column_text el_class=&#8220;white&#8220;] ITALIENISCH [&hellip;]<\/p>\n","protected":false},"author":4,"featured_media":0,"parent":0,"menu_order":-1,"comment_status":"closed","ping_status":"closed","template":"","meta":{"inline_featured_image":false,"footnotes":""},"class_list":["post-3571","page","type-page","status-publish","hentry"],"yoast_head":"<!-- This site is optimized with the Yoast SEO plugin v27.2 - https:\/\/yoast.com\/product\/yoast-seo-wordpress\/ -->\n<title>JUGENDSPRACHREISEN NACH LIGNANO | Linguaviva Educational Group<\/title>\n<meta name=\"description\" content=\"Kommen Sie zu Ihrem n\u00e4chsten Studienaufenthalt nach Lignano Sabbiadoro, wo die Sonne, die feinen Sandstr\u00e4nde und die sanfte Meeresbrise f\u00fcr eine fantastische Studienerfahrung sorgen werden.\" \/>\n<meta name=\"robots\" content=\"index, follow, max-snippet:-1, max-image-preview:large, max-video-preview:-1\" \/>\n<link rel=\"canonical\" href=\"https:\/\/linguavivagroup.com\/de\/jugendsprachreisen-nach-lignano\/\" \/>\n<meta property=\"og:locale\" content=\"de_DE\" \/>\n<meta property=\"og:type\" content=\"article\" \/>\n<meta property=\"og:title\" content=\"JUGENDSPRACHREISEN NACH LIGNANO | Linguaviva Educational Group\" \/>\n<meta property=\"og:description\" content=\"Kommen Sie zu Ihrem n\u00e4chsten Studienaufenthalt nach Lignano Sabbiadoro, wo die Sonne, die feinen Sandstr\u00e4nde und die sanfte Meeresbrise f\u00fcr eine fantastische Studienerfahrung sorgen werden.\" \/>\n<meta property=\"og:url\" content=\"https:\/\/linguavivagroup.com\/de\/jugendsprachreisen-nach-lignano\/\" \/>\n<meta property=\"og:site_name\" content=\"Linguaviva Educational Group\" \/>\n<meta property=\"article:modified_time\" content=\"2025-08-06T14:27:09+00:00\" \/>\n<meta property=\"og:image\" content=\"https:\/\/linguavivagroup.com\/wp-content\/uploads\/2023\/04\/Educational-group.jpg\" \/>\n\t<meta property=\"og:image:width\" content=\"1920\" \/>\n\t<meta property=\"og:image:height\" content=\"923\" \/>\n\t<meta property=\"og:image:type\" content=\"image\/jpeg\" \/>\n<meta name=\"twitter:card\" content=\"summary_large_image\" \/>\n<meta name=\"twitter:label1\" content=\"Gesch\u00e4tzte Lesezeit\" \/>\n\t<meta name=\"twitter:data1\" content=\"7\u00a0Minuten\" \/>\n<script type=\"application\/ld+json\" class=\"yoast-schema-graph\">{\"@context\":\"https:\/\/schema.org\",\"@graph\":[{\"@type\":\"WebPage\",\"@id\":\"https:\/\/linguavivagroup.com\/de\/jugendsprachreisen-nach-lignano\/\",\"url\":\"https:\/\/linguavivagroup.com\/de\/jugendsprachreisen-nach-lignano\/\",\"name\":\"JUGENDSPRACHREISEN NACH LIGNANO | Linguaviva Educational Group\",\"isPartOf\":{\"@id\":\"https:\/\/linguavivagroup.com\/de\/#website\"},\"datePublished\":\"2023-07-26T07:55:52+00:00\",\"dateModified\":\"2025-08-06T14:27:09+00:00\",\"description\":\"Kommen Sie zu Ihrem n\u00e4chsten Studienaufenthalt nach Lignano Sabbiadoro, wo die Sonne, die feinen Sandstr\u00e4nde und die sanfte Meeresbrise f\u00fcr eine fantastische Studienerfahrung sorgen werden.\",\"breadcrumb\":{\"@id\":\"https:\/\/linguavivagroup.com\/de\/jugendsprachreisen-nach-lignano\/#breadcrumb\"},\"inLanguage\":\"de\",\"potentialAction\":[{\"@type\":\"ReadAction\",\"target\":[\"https:\/\/linguavivagroup.com\/de\/jugendsprachreisen-nach-lignano\/\"]}]},{\"@type\":\"BreadcrumbList\",\"@id\":\"https:\/\/linguavivagroup.com\/de\/jugendsprachreisen-nach-lignano\/#breadcrumb\",\"itemListElement\":[{\"@type\":\"ListItem\",\"position\":1,\"name\":\"Home\",\"item\":\"https:\/\/linguavivagroup.com\/de\/\"},{\"@type\":\"ListItem\",\"position\":2,\"name\":\"JUGENDSPRACHREISEN NACH LIGNANO\"}]},{\"@type\":\"WebSite\",\"@id\":\"https:\/\/linguavivagroup.com\/de\/#website\",\"url\":\"https:\/\/linguavivagroup.com\/de\/\",\"name\":\"Linguaviva Educational Group\",\"description\":\"Study and learn italian in italy\",\"publisher\":{\"@id\":\"https:\/\/linguavivagroup.com\/de\/#organization\"},\"potentialAction\":[{\"@type\":\"SearchAction\",\"target\":{\"@type\":\"EntryPoint\",\"urlTemplate\":\"https:\/\/linguavivagroup.com\/de\/?s={search_term_string}\"},\"query-input\":{\"@type\":\"PropertyValueSpecification\",\"valueRequired\":true,\"valueName\":\"search_term_string\"}}],\"inLanguage\":\"de\"},{\"@type\":\"Organization\",\"@id\":\"https:\/\/linguavivagroup.com\/de\/#organization\",\"name\":\"Linguaviva Educational Group\",\"url\":\"https:\/\/linguavivagroup.com\/de\/\",\"logo\":{\"@type\":\"ImageObject\",\"inLanguage\":\"de\",\"@id\":\"https:\/\/linguavivagroup.com\/de\/#\/schema\/logo\/image\/\",\"url\":\"https:\/\/linguavivagroup.com\/wp-content\/uploads\/2026\/03\/logo-linguaviva-bianco-50-260.png\",\"contentUrl\":\"https:\/\/linguavivagroup.com\/wp-content\/uploads\/2026\/03\/logo-linguaviva-bianco-50-260.png\",\"width\":260,\"height\":48,\"caption\":\"Linguaviva Educational Group\"},\"image\":{\"@id\":\"https:\/\/linguavivagroup.com\/de\/#\/schema\/logo\/image\/\"}}]}<\/script>\n<!-- \/ Yoast SEO plugin. -->","yoast_head_json":{"title":"JUGENDSPRACHREISEN NACH LIGNANO | Linguaviva Educational Group","description":"Kommen Sie zu Ihrem n\u00e4chsten Studienaufenthalt nach Lignano Sabbiadoro, wo die Sonne, die feinen Sandstr\u00e4nde und die sanfte Meeresbrise f\u00fcr eine fantastische Studienerfahrung sorgen werden.","robots":{"index":"index","follow":"follow","max-snippet":"max-snippet:-1","max-image-preview":"max-image-preview:large","max-video-preview":"max-video-preview:-1"},"canonical":"https:\/\/linguavivagroup.com\/de\/jugendsprachreisen-nach-lignano\/","og_locale":"de_DE","og_type":"article","og_title":"JUGENDSPRACHREISEN NACH LIGNANO | Linguaviva Educational Group","og_description":"Kommen Sie zu Ihrem n\u00e4chsten Studienaufenthalt nach Lignano Sabbiadoro, wo die Sonne, die feinen Sandstr\u00e4nde und die sanfte Meeresbrise f\u00fcr eine fantastische Studienerfahrung sorgen werden.","og_url":"https:\/\/linguavivagroup.com\/de\/jugendsprachreisen-nach-lignano\/","og_site_name":"Linguaviva Educational Group","article_modified_time":"2025-08-06T14:27:09+00:00","og_image":[{"width":1920,"height":923,"url":"https:\/\/linguavivagroup.com\/wp-content\/uploads\/2023\/04\/Educational-group.jpg","type":"image\/jpeg"}],"twitter_card":"summary_large_image","twitter_misc":{"Gesch\u00e4tzte Lesezeit":"7\u00a0Minuten"},"schema":{"@context":"https:\/\/schema.org","@graph":[{"@type":"WebPage","@id":"https:\/\/linguavivagroup.com\/de\/jugendsprachreisen-nach-lignano\/","url":"https:\/\/linguavivagroup.com\/de\/jugendsprachreisen-nach-lignano\/","name":"JUGENDSPRACHREISEN NACH LIGNANO | Linguaviva Educational Group","isPartOf":{"@id":"https:\/\/linguavivagroup.com\/de\/#website"},"datePublished":"2023-07-26T07:55:52+00:00","dateModified":"2025-08-06T14:27:09+00:00","description":"Kommen Sie zu Ihrem n\u00e4chsten Studienaufenthalt nach Lignano Sabbiadoro, wo die Sonne, die feinen Sandstr\u00e4nde und die sanfte Meeresbrise f\u00fcr eine fantastische Studienerfahrung sorgen werden.","breadcrumb":{"@id":"https:\/\/linguavivagroup.com\/de\/jugendsprachreisen-nach-lignano\/#breadcrumb"},"inLanguage":"de","potentialAction":[{"@type":"ReadAction","target":["https:\/\/linguavivagroup.com\/de\/jugendsprachreisen-nach-lignano\/"]}]},{"@type":"BreadcrumbList","@id":"https:\/\/linguavivagroup.com\/de\/jugendsprachreisen-nach-lignano\/#breadcrumb","itemListElement":[{"@type":"ListItem","position":1,"name":"Home","item":"https:\/\/linguavivagroup.com\/de\/"},{"@type":"ListItem","position":2,"name":"JUGENDSPRACHREISEN NACH LIGNANO"}]},{"@type":"WebSite","@id":"https:\/\/linguavivagroup.com\/de\/#website","url":"https:\/\/linguavivagroup.com\/de\/","name":"Linguaviva Educational Group","description":"Study and learn italian in italy","publisher":{"@id":"https:\/\/linguavivagroup.com\/de\/#organization"},"potentialAction":[{"@type":"SearchAction","target":{"@type":"EntryPoint","urlTemplate":"https:\/\/linguavivagroup.com\/de\/?s={search_term_string}"},"query-input":{"@type":"PropertyValueSpecification","valueRequired":true,"valueName":"search_term_string"}}],"inLanguage":"de"},{"@type":"Organization","@id":"https:\/\/linguavivagroup.com\/de\/#organization","name":"Linguaviva Educational Group","url":"https:\/\/linguavivagroup.com\/de\/","logo":{"@type":"ImageObject","inLanguage":"de","@id":"https:\/\/linguavivagroup.com\/de\/#\/schema\/logo\/image\/","url":"https:\/\/linguavivagroup.com\/wp-content\/uploads\/2026\/03\/logo-linguaviva-bianco-50-260.png","contentUrl":"https:\/\/linguavivagroup.com\/wp-content\/uploads\/2026\/03\/logo-linguaviva-bianco-50-260.png","width":260,"height":48,"caption":"Linguaviva Educational Group"},"image":{"@id":"https:\/\/linguavivagroup.com\/de\/#\/schema\/logo\/image\/"}}]}},"_links":{"self":[{"href":"https:\/\/linguavivagroup.com\/de\/wp-json\/wp\/v2\/pages\/3571","targetHints":{"allow":["GET"]}}],"collection":[{"href":"https:\/\/linguavivagroup.com\/de\/wp-json\/wp\/v2\/pages"}],"about":[{"href":"https:\/\/linguavivagroup.com\/de\/wp-json\/wp\/v2\/types\/page"}],"author":[{"embeddable":true,"href":"https:\/\/linguavivagroup.com\/de\/wp-json\/wp\/v2\/users\/4"}],"replies":[{"embeddable":true,"href":"https:\/\/linguavivagroup.com\/de\/wp-json\/wp\/v2\/comments?post=3571"}],"version-history":[{"count":17,"href":"https:\/\/linguavivagroup.com\/de\/wp-json\/wp\/v2\/pages\/3571\/revisions"}],"predecessor-version":[{"id":15094,"href":"https:\/\/linguavivagroup.com\/de\/wp-json\/wp\/v2\/pages\/3571\/revisions\/15094"}],"wp:attachment":[{"href":"https:\/\/linguavivagroup.com\/de\/wp-json\/wp\/v2\/media?parent=3571"}],"curies":[{"name":"wp","href":"https:\/\/api.w.org\/{rel}","templated":true}]}}