{"id":3583,"date":"2023-07-19T12:09:05","date_gmt":"2023-07-19T10:09:05","guid":{"rendered":"https:\/\/linguavivagroup.com\/?page_id=3583"},"modified":"2025-08-06T17:33:31","modified_gmt":"2025-08-06T15:33:31","slug":"italienisch-lernen-in-italien","status":"publish","type":"page","link":"https:\/\/linguavivagroup.com\/de\/italienisch-lernen-in-italien\/","title":{"rendered":"ZIELE"},"content":{"rendered":"<section class=\"wpb-content-wrapper\"><p>[vc_row full_width=&#8220;stretch_row_content_no_spaces&#8220; el_class=&#8220;header-image&#8220;][vc_column][vc_single_image image=&#8220;1892&#8243; img_size=&#8220;full&#8220; el_class=&#8220;img-header-big&#8220;][vc_single_image image=&#8220;1896&#8243; img_size=&#8220;full&#8220; el_class=&#8220;img-header-small&#8220;][\/vc_column][\/vc_row][vc_row el_class=&#8220;sezione&#8220;][vc_column width=&#8220;2\/12&#8243;][\/vc_column][vc_column width=&#8220;8\/12&#8243;][vc_column_text el_class=&#8220;red&#8220;]<\/p>\n<h1 style=\"text-align: center;\">ITALIENISCH LERNEN IN FLORENZ, MAILAND UND LIGNANO<\/h1>\n<p>[\/vc_column_text][vc_column_text]Du suchst einen Italienischkurs, der unterhaltsam, fundiert und umfassend ist?<br \/>\nLinguaviva bietet Kurse und Sprachaufenthalte f\u00fcr alle Altersgruppen und Sprachniveaus. Mit unseren Sprachreisen erlebst Du den Zauber Italiens. Du lernst die italienische Sprache und tauchst ein in Kunst, Kultur und Dolce Vita.[\/vc_column_text][\/vc_column][vc_column width=&#8220;2\/12&#8243;][\/vc_column][\/vc_row][vc_row full_width=&#8220;stretch_row_content_no_spaces&#8220; equal_height=&#8220;yes&#8220; content_placement=&#8220;middle&#8220; el_class=&#8220;bg-red&#8220;][vc_column width=&#8220;1\/12&#8243;][\/vc_column][vc_column width=&#8220;4\/12&#8243; el_class=&#8220;banner-testo-destinazione&#8220;][vc_column_text el_class=&#8220;white&#8220;]<\/p>\n<h2>ITALIENISCH LERNEN IN DER WIEGE DER RENAISSANCE<\/h2>\n<p>[\/vc_column_text][vc_column_text el_class=&#8220;white&#8220;]Florenz, die Wiege der Renaissance, ist eine Stadt, die man mindestens einmal im Leben besuchen sollte. Diese Stadt mit ihrem au\u00dfergew\u00f6hnlichen k\u00fcnstlerischen Erbe fasziniert und verzaubert. Einst Residenz einer der m\u00e4chtigsten Adelsfamilien des mittelalterlichen Italiens, ist Florenz heute ein Ort der Kunst und Kultur. Hier wurde Dante Alighieri, der Vater der italienischen Sprache, geboren, hier wurde die Oper uraufgef\u00fchrt und hier fand die erste Modenschau Italiens statt.<br \/>\nDie Altstadt von Florenz wurde 1982 von der UNESCO zum Weltkulturerbe erkl\u00e4rt und beherbergt zahlreiche Museen, darunter die ber\u00fchmten Uffizien. In Florenz findet man an jeder Ecke ein St\u00fcck Kunst und Geschichte. Nicht umsonst wird Florenz auch als ein Museum unter freiem Himmel bezeichnet.[\/vc_column_text][vc_btn title=&#8220;&#8220; align=&#8220;right&#8220; el_class=&#8220;btn-arrow-white&#8220; link=&#8220;url:https%3A%2F%2Flinguavivagroup.com%2Fde%2Fitalienisch-lernen-in-florenz-italien%2F&#8220;][\/vc_column][vc_column width=&#8220;1\/12&#8243;][\/vc_column][vc_column width=&#8220;1\/2&#8243;][vc_single_image image=&#8220;5029&#8243; img_size=&#8220;full&#8220; alignment=&#8220;center&#8220; el_class=&#8220;no-margin&#8220;][\/vc_column][\/vc_row][vc_row full_width=&#8220;stretch_row_content_no_spaces&#8220; el_class=&#8220;overflow-visible&#8220;][vc_column][vc_single_image image=&#8220;349&#8243; img_size=&#8220;full&#8220; el_class=&#8220;square square-medium mtop-100 left0&#8243;][vc_single_image image=&#8220;349&#8243; img_size=&#8220;full&#8220; el_class=&#8220;square square-medium top0 left0&#8243;][vc_single_image image=&#8220;349&#8243; img_size=&#8220;full&#8220; el_class=&#8220;square square-medium mtop-100 right0&#8243;][vc_single_image image=&#8220;361&#8243; img_size=&#8220;full&#8220; el_class=&#8220;square square-medium top0 right0&#8243;][\/vc_column][\/vc_row][vc_row full_width=&#8220;stretch_row_content_no_spaces&#8220; equal_height=&#8220;yes&#8220; content_placement=&#8220;middle&#8220; el_class=&#8220;bg-light-grey&#8220;][vc_column width=&#8220;1\/2&#8243;][vc_single_image image=&#8220;5034&#8243; img_size=&#8220;full&#8220; alignment=&#8220;center&#8220; el_class=&#8220;no-margin&#8220;][\/vc_column][vc_column width=&#8220;1\/12&#8243;][\/vc_column][vc_column width=&#8220;4\/12&#8243; el_class=&#8220;banner-testo-destinazione&#8220;][vc_column_text el_class=&#8220;red&#8220;]<\/p>\n<h2>ITALIENISCH LERNEN IN DER MODESTADT ITALIENS<\/h2>\n<p>[\/vc_column_text][vc_column_text]Mailand ist eine Stadt, die fasziniert und verf\u00fchrt. Hier treffen Tradition und Moderne, Vergangenheit und Gegenwart aufeinander. Malerische Gassen, pittoreske Innenh\u00f6fe, bl\u00fchende G\u00e4rten und Parks pr\u00e4gen das Stadtbild.<br \/>\nAls unbestrittene Mode- und Designmetropole beherbergt Mailand mit seinen zahlreichen Museen, Theatern und Kunstgalerien auch eine der lebendigsten Kulturszenen Europas. Der imposante Mail\u00e4nder Dom, das weltber\u00fchmte Opernhaus La Scala und die elegante Basilika Santa Maria delle Grazie, die von der UNESCO zum Weltkulturerbe erkl\u00e4rt wurde, sind nur einige Beispiele.<br \/>\nDie Stadt gilt international als kreatives Herz Italiens und ist mit ihren renommierten Universit\u00e4ten, Kunstakademien und Musikhochschulen ein beliebter Studienort f\u00fcr junge Menschen aus aller Welt.[\/vc_column_text][vc_btn title=&#8220;&#8220; align=&#8220;right&#8220; el_class=&#8220;btn-arrow-red&#8220; link=&#8220;url:https%3A%2F%2Flinguavivagroup.com%2Fde%2Fitalienisch-lernen-in-mailand-italien%2F&#8220;][\/vc_column][vc_column width=&#8220;1\/12&#8243;][\/vc_column][\/vc_row][vc_row full_width=&#8220;stretch_row_content_no_spaces&#8220; el_class=&#8220;overflow-visible&#8220;][vc_column width=&#8220;1\/2&#8243;][vc_single_image image=&#8220;349&#8243; img_size=&#8220;full&#8220; el_class=&#8220;square square-medium mtop-100 right0&#8243;][vc_single_image image=&#8220;319&#8243; img_size=&#8220;full&#8220; el_class=&#8220;square square-medium mtop-50 mright-50&#8243;][\/vc_column][vc_column width=&#8220;1\/2&#8243;][\/vc_column][\/vc_row][vc_row full_width=&#8220;stretch_row_content_no_spaces&#8220; equal_height=&#8220;yes&#8220; content_placement=&#8220;middle&#8220; el_class=&#8220;bg-red&#8220;][vc_column width=&#8220;1\/12&#8243;][\/vc_column][vc_column width=&#8220;4\/12&#8243; el_class=&#8220;banner-testo-destinazione&#8220;][vc_column_text el_class=&#8220;white&#8220;]<\/p>\n<h2>ITALIENISCH LERNEN AN DER ADRIA<\/h2>\n<p>[\/vc_column_text][vc_column_text el_class=&#8220;white&#8220;]Lignano Sabbiadoro, auch als Perle der Adria bezeichnet, ist eine gr\u00fcne Halbinsel, die sich \u00fcber acht Kilometer an der oberen Adriak\u00fcste zwischen Venedig und Triest erstreckt. Lignano Sabbiadoro verdankt seinen Namen den feinen Sandstr\u00e4nden und ist ein beliebter Badeort mit einem reichhaltigen Freizeitangebot.<br \/>\nDie lebhafte Stadt bietet zahlreiche Attraktionen und Erlebnisse und ist ein idealer Ort f\u00fcr einen Sprachaufenthalt in Italien.[\/vc_column_text][vc_btn title=&#8220;&#8220; align=&#8220;right&#8220; el_class=&#8220;btn-arrow-white&#8220; link=&#8220;url:https%3A%2F%2Flinguavivagroup.com%2Fde%2Fitalienisch-lernen-in-lignano-italien%2F&#8220;][\/vc_column][vc_column width=&#8220;1\/12&#8243;][\/vc_column][vc_column width=&#8220;1\/2&#8243;][vc_single_image image=&#8220;5021&#8243; img_size=&#8220;full&#8220; alignment=&#8220;center&#8220; el_class=&#8220;no-margin&#8220;][\/vc_column][\/vc_row][vc_row full_width=&#8220;stretch_row_content_no_spaces&#8220; el_class=&#8220;overflow-visible&#8220;][vc_column][vc_single_image image=&#8220;307&#8243; img_size=&#8220;full&#8220; el_class=&#8220;square square-medium mtop-50 right0&#8243;][\/vc_column][\/vc_row]<\/p>\n<\/section>","protected":false},"excerpt":{"rendered":"<p>[vc_row full_width=&#8220;stretch_row_content_no_spaces&#8220; el_class=&#8220;header-image&#8220;][vc_column][vc_single_image image=&#8220;1892&#8243; img_size=&#8220;full&#8220; el_class=&#8220;img-header-big&#8220;][vc_single_image image=&#8220;1896&#8243; img_size=&#8220;full&#8220; el_class=&#8220;img-header-small&#8220;][\/vc_column][\/vc_row][vc_row el_class=&#8220;sezione&#8220;][vc_column width=&#8220;2\/12&#8243;][\/vc_column][vc_column width=&#8220;8\/12&#8243;][vc_column_text el_class=&#8220;red&#8220;] ITALIENISCH LERNEN IN FLORENZ, MAILAND UND LIGNANO [\/vc_column_text][vc_column_text]Du suchst einen Italienischkurs, der unterhaltsam, fundiert und umfassend ist? Linguaviva bietet Kurse und Sprachaufenthalte f\u00fcr alle Altersgruppen und Sprachniveaus. Mit unseren Sprachreisen erlebst Du den Zauber Italiens. Du lernst die italienische Sprache und tauchst [&hellip;]<\/p>\n","protected":false},"author":4,"featured_media":1896,"parent":0,"menu_order":-1,"comment_status":"closed","ping_status":"closed","template":"","meta":{"inline_featured_image":false,"footnotes":""},"class_list":["post-3583","page","type-page","status-publish","has-post-thumbnail","hentry"],"yoast_head":"<!-- This site is optimized with the Yoast SEO plugin v27.2 - https:\/\/yoast.com\/product\/yoast-seo-wordpress\/ -->\n<title>ZIELE | Linguaviva Educational Group<\/title>\n<meta name=\"description\" content=\"Die Studienprogramme von Linguaviva umfassen Kurse und Erfahrungen f\u00fcr alle Altersgruppen und Niveaus.\" \/>\n<meta name=\"robots\" content=\"index, follow, max-snippet:-1, max-image-preview:large, max-video-preview:-1\" \/>\n<link rel=\"canonical\" href=\"https:\/\/linguavivagroup.com\/de\/italienisch-lernen-in-italien\/\" \/>\n<meta property=\"og:locale\" content=\"de_DE\" \/>\n<meta property=\"og:type\" content=\"article\" \/>\n<meta property=\"og:title\" content=\"ZIELE | Linguaviva Educational Group\" \/>\n<meta property=\"og:description\" content=\"Die Studienprogramme von Linguaviva umfassen Kurse und Erfahrungen f\u00fcr alle Altersgruppen und Niveaus.\" \/>\n<meta property=\"og:url\" content=\"https:\/\/linguavivagroup.com\/de\/italienisch-lernen-in-italien\/\" \/>\n<meta property=\"og:site_name\" content=\"Linguaviva Educational Group\" \/>\n<meta property=\"article:modified_time\" content=\"2025-08-06T15:33:31+00:00\" \/>\n<meta property=\"og:image\" content=\"https:\/\/linguavivagroup.com\/wp-content\/uploads\/2023\/07\/header-mobile-1.png\" \/>\n\t<meta property=\"og:image:width\" content=\"1000\" \/>\n\t<meta property=\"og:image:height\" content=\"1254\" \/>\n\t<meta property=\"og:image:type\" content=\"image\/png\" \/>\n<meta name=\"twitter:card\" content=\"summary_large_image\" \/>\n<meta name=\"twitter:label1\" content=\"Gesch\u00e4tzte Lesezeit\" \/>\n\t<meta name=\"twitter:data1\" content=\"3\u00a0Minuten\" \/>\n<script type=\"application\/ld+json\" class=\"yoast-schema-graph\">{\"@context\":\"https:\/\/schema.org\",\"@graph\":[{\"@type\":\"WebPage\",\"@id\":\"https:\/\/linguavivagroup.com\/de\/italienisch-lernen-in-italien\/\",\"url\":\"https:\/\/linguavivagroup.com\/de\/italienisch-lernen-in-italien\/\",\"name\":\"ZIELE | Linguaviva Educational Group\",\"isPartOf\":{\"@id\":\"https:\/\/linguavivagroup.com\/de\/#website\"},\"primaryImageOfPage\":{\"@id\":\"https:\/\/linguavivagroup.com\/de\/italienisch-lernen-in-italien\/#primaryimage\"},\"image\":{\"@id\":\"https:\/\/linguavivagroup.com\/de\/italienisch-lernen-in-italien\/#primaryimage\"},\"thumbnailUrl\":\"https:\/\/linguavivagroup.com\/wp-content\/uploads\/2023\/07\/header-mobile-1.png\",\"datePublished\":\"2023-07-19T10:09:05+00:00\",\"dateModified\":\"2025-08-06T15:33:31+00:00\",\"description\":\"Die Studienprogramme von Linguaviva umfassen Kurse und Erfahrungen f\u00fcr alle Altersgruppen und Niveaus.\",\"breadcrumb\":{\"@id\":\"https:\/\/linguavivagroup.com\/de\/italienisch-lernen-in-italien\/#breadcrumb\"},\"inLanguage\":\"de\",\"potentialAction\":[{\"@type\":\"ReadAction\",\"target\":[\"https:\/\/linguavivagroup.com\/de\/italienisch-lernen-in-italien\/\"]}]},{\"@type\":\"ImageObject\",\"inLanguage\":\"de\",\"@id\":\"https:\/\/linguavivagroup.com\/de\/italienisch-lernen-in-italien\/#primaryimage\",\"url\":\"https:\/\/linguavivagroup.com\/wp-content\/uploads\/2023\/07\/header-mobile-1.png\",\"contentUrl\":\"https:\/\/linguavivagroup.com\/wp-content\/uploads\/2023\/07\/header-mobile-1.png\",\"width\":1000,\"height\":1254,\"caption\":\"Toskanische H\u00fcgel - mobile\"},{\"@type\":\"BreadcrumbList\",\"@id\":\"https:\/\/linguavivagroup.com\/de\/italienisch-lernen-in-italien\/#breadcrumb\",\"itemListElement\":[{\"@type\":\"ListItem\",\"position\":1,\"name\":\"Home\",\"item\":\"https:\/\/linguavivagroup.com\/de\/\"},{\"@type\":\"ListItem\",\"position\":2,\"name\":\"ZIELE\"}]},{\"@type\":\"WebSite\",\"@id\":\"https:\/\/linguavivagroup.com\/de\/#website\",\"url\":\"https:\/\/linguavivagroup.com\/de\/\",\"name\":\"Linguaviva Educational Group\",\"description\":\"Study and learn italian in italy\",\"publisher\":{\"@id\":\"https:\/\/linguavivagroup.com\/de\/#organization\"},\"potentialAction\":[{\"@type\":\"SearchAction\",\"target\":{\"@type\":\"EntryPoint\",\"urlTemplate\":\"https:\/\/linguavivagroup.com\/de\/?s={search_term_string}\"},\"query-input\":{\"@type\":\"PropertyValueSpecification\",\"valueRequired\":true,\"valueName\":\"search_term_string\"}}],\"inLanguage\":\"de\"},{\"@type\":\"Organization\",\"@id\":\"https:\/\/linguavivagroup.com\/de\/#organization\",\"name\":\"Linguaviva Educational Group\",\"url\":\"https:\/\/linguavivagroup.com\/de\/\",\"logo\":{\"@type\":\"ImageObject\",\"inLanguage\":\"de\",\"@id\":\"https:\/\/linguavivagroup.com\/de\/#\/schema\/logo\/image\/\",\"url\":\"https:\/\/linguavivagroup.com\/wp-content\/uploads\/2026\/03\/logo-linguaviva-bianco-50-260.png\",\"contentUrl\":\"https:\/\/linguavivagroup.com\/wp-content\/uploads\/2026\/03\/logo-linguaviva-bianco-50-260.png\",\"width\":260,\"height\":48,\"caption\":\"Linguaviva Educational Group\"},\"image\":{\"@id\":\"https:\/\/linguavivagroup.com\/de\/#\/schema\/logo\/image\/\"}}]}<\/script>\n<!-- \/ Yoast SEO plugin. -->","yoast_head_json":{"title":"ZIELE | Linguaviva Educational Group","description":"Die Studienprogramme von Linguaviva umfassen Kurse und Erfahrungen f\u00fcr alle Altersgruppen und Niveaus.","robots":{"index":"index","follow":"follow","max-snippet":"max-snippet:-1","max-image-preview":"max-image-preview:large","max-video-preview":"max-video-preview:-1"},"canonical":"https:\/\/linguavivagroup.com\/de\/italienisch-lernen-in-italien\/","og_locale":"de_DE","og_type":"article","og_title":"ZIELE | Linguaviva Educational Group","og_description":"Die Studienprogramme von Linguaviva umfassen Kurse und Erfahrungen f\u00fcr alle Altersgruppen und Niveaus.","og_url":"https:\/\/linguavivagroup.com\/de\/italienisch-lernen-in-italien\/","og_site_name":"Linguaviva Educational Group","article_modified_time":"2025-08-06T15:33:31+00:00","og_image":[{"width":1000,"height":1254,"url":"https:\/\/linguavivagroup.com\/wp-content\/uploads\/2023\/07\/header-mobile-1.png","type":"image\/png"}],"twitter_card":"summary_large_image","twitter_misc":{"Gesch\u00e4tzte Lesezeit":"3\u00a0Minuten"},"schema":{"@context":"https:\/\/schema.org","@graph":[{"@type":"WebPage","@id":"https:\/\/linguavivagroup.com\/de\/italienisch-lernen-in-italien\/","url":"https:\/\/linguavivagroup.com\/de\/italienisch-lernen-in-italien\/","name":"ZIELE | Linguaviva Educational Group","isPartOf":{"@id":"https:\/\/linguavivagroup.com\/de\/#website"},"primaryImageOfPage":{"@id":"https:\/\/linguavivagroup.com\/de\/italienisch-lernen-in-italien\/#primaryimage"},"image":{"@id":"https:\/\/linguavivagroup.com\/de\/italienisch-lernen-in-italien\/#primaryimage"},"thumbnailUrl":"https:\/\/linguavivagroup.com\/wp-content\/uploads\/2023\/07\/header-mobile-1.png","datePublished":"2023-07-19T10:09:05+00:00","dateModified":"2025-08-06T15:33:31+00:00","description":"Die Studienprogramme von Linguaviva umfassen Kurse und Erfahrungen f\u00fcr alle Altersgruppen und Niveaus.","breadcrumb":{"@id":"https:\/\/linguavivagroup.com\/de\/italienisch-lernen-in-italien\/#breadcrumb"},"inLanguage":"de","potentialAction":[{"@type":"ReadAction","target":["https:\/\/linguavivagroup.com\/de\/italienisch-lernen-in-italien\/"]}]},{"@type":"ImageObject","inLanguage":"de","@id":"https:\/\/linguavivagroup.com\/de\/italienisch-lernen-in-italien\/#primaryimage","url":"https:\/\/linguavivagroup.com\/wp-content\/uploads\/2023\/07\/header-mobile-1.png","contentUrl":"https:\/\/linguavivagroup.com\/wp-content\/uploads\/2023\/07\/header-mobile-1.png","width":1000,"height":1254,"caption":"Toskanische H\u00fcgel - mobile"},{"@type":"BreadcrumbList","@id":"https:\/\/linguavivagroup.com\/de\/italienisch-lernen-in-italien\/#breadcrumb","itemListElement":[{"@type":"ListItem","position":1,"name":"Home","item":"https:\/\/linguavivagroup.com\/de\/"},{"@type":"ListItem","position":2,"name":"ZIELE"}]},{"@type":"WebSite","@id":"https:\/\/linguavivagroup.com\/de\/#website","url":"https:\/\/linguavivagroup.com\/de\/","name":"Linguaviva Educational Group","description":"Study and learn italian in italy","publisher":{"@id":"https:\/\/linguavivagroup.com\/de\/#organization"},"potentialAction":[{"@type":"SearchAction","target":{"@type":"EntryPoint","urlTemplate":"https:\/\/linguavivagroup.com\/de\/?s={search_term_string}"},"query-input":{"@type":"PropertyValueSpecification","valueRequired":true,"valueName":"search_term_string"}}],"inLanguage":"de"},{"@type":"Organization","@id":"https:\/\/linguavivagroup.com\/de\/#organization","name":"Linguaviva Educational Group","url":"https:\/\/linguavivagroup.com\/de\/","logo":{"@type":"ImageObject","inLanguage":"de","@id":"https:\/\/linguavivagroup.com\/de\/#\/schema\/logo\/image\/","url":"https:\/\/linguavivagroup.com\/wp-content\/uploads\/2026\/03\/logo-linguaviva-bianco-50-260.png","contentUrl":"https:\/\/linguavivagroup.com\/wp-content\/uploads\/2026\/03\/logo-linguaviva-bianco-50-260.png","width":260,"height":48,"caption":"Linguaviva Educational Group"},"image":{"@id":"https:\/\/linguavivagroup.com\/de\/#\/schema\/logo\/image\/"}}]}},"_links":{"self":[{"href":"https:\/\/linguavivagroup.com\/de\/wp-json\/wp\/v2\/pages\/3583","targetHints":{"allow":["GET"]}}],"collection":[{"href":"https:\/\/linguavivagroup.com\/de\/wp-json\/wp\/v2\/pages"}],"about":[{"href":"https:\/\/linguavivagroup.com\/de\/wp-json\/wp\/v2\/types\/page"}],"author":[{"embeddable":true,"href":"https:\/\/linguavivagroup.com\/de\/wp-json\/wp\/v2\/users\/4"}],"replies":[{"embeddable":true,"href":"https:\/\/linguavivagroup.com\/de\/wp-json\/wp\/v2\/comments?post=3583"}],"version-history":[{"count":13,"href":"https:\/\/linguavivagroup.com\/de\/wp-json\/wp\/v2\/pages\/3583\/revisions"}],"predecessor-version":[{"id":15063,"href":"https:\/\/linguavivagroup.com\/de\/wp-json\/wp\/v2\/pages\/3583\/revisions\/15063"}],"wp:featuredmedia":[{"embeddable":true,"href":"https:\/\/linguavivagroup.com\/de\/wp-json\/wp\/v2\/media\/1896"}],"wp:attachment":[{"href":"https:\/\/linguavivagroup.com\/de\/wp-json\/wp\/v2\/media?parent=3583"}],"curies":[{"name":"wp","href":"https:\/\/api.w.org\/{rel}","templated":true}]}}