{"id":3588,"date":"2023-07-19T12:17:49","date_gmt":"2023-07-19T10:17:49","guid":{"rendered":"https:\/\/linguavivagroup.com\/?page_id=3588"},"modified":"2025-08-06T17:28:37","modified_gmt":"2025-08-06T15:28:37","slug":"italienisch-lernen-in-florenz-italien","status":"publish","type":"page","link":"https:\/\/linguavivagroup.com\/de\/italienisch-lernen-in-florenz-italien\/","title":{"rendered":"Italienisch lernen in Florenz Italien"},"content":{"rendered":"<section class=\"wpb-content-wrapper\"><p>[vc_row full_width=&#8220;stretch_row_content_no_spaces&#8220; el_class=&#8220;header-image&#8220;][vc_column][vc_single_image image=&#8220;1714&#8243; img_size=&#8220;full&#8220; el_class=&#8220;img-header-big&#8220;][vc_single_image image=&#8220;1718&#8243; img_size=&#8220;full&#8220; el_class=&#8220;img-header-small&#8220;][\/vc_column][\/vc_row][vc_row gap=&#8220;30&#8243; el_class=&#8220;sezione&#8220;][vc_column width=&#8220;1\/2&#8243; el_class=&#8220;slideshow slideshow-small&#8220;][vc_images_carousel images=&#8220;1723,1727,1731,1735,1739&#8243; img_size=&#8220;full&#8220; onclick=&#8220;link_no&#8220; wrap=&#8220;yes&#8220;][vc_single_image image=&#8220;311&#8243; img_size=&#8220;full&#8220; el_class=&#8220;square square-small s-top-50 s-left-50&#8243;][vc_single_image image=&#8220;377&#8243; img_size=&#8220;full&#8220; el_class=&#8220;square square-small s-top-50 s-left50&#8243;][vc_single_image image=&#8220;323&#8243; img_size=&#8220;full&#8220; el_class=&#8220;square square-small s-top50 s-left-50&#8243;][vc_single_image image=&#8220;365&#8243; img_size=&#8220;full&#8220; el_class=&#8220;square square-small s-bottom-50 s-right-50&#8243;][\/vc_column][vc_column width=&#8220;1\/12&#8243;][\/vc_column][vc_column width=&#8220;5\/12&#8243;][vc_column_text el_class=&#8220;red&#8220;]<\/p>\n<h1 class=\"h2\">NUR WENIGE SCHRITTE VON DER ALTSTADT VON FLORENZ ENTFERNT<\/h1>\n<p>[\/vc_column_text][vc_column_text]Die Sprachschule Linguaviva liegt im Herzen von Florenz, nur wenige Schritte von den ber\u00fchmten Kunstsch\u00e4tzen der Stadt entfernt. Unsere Sprachschule ist der ideale Ausgangspunkt, um die Stadt auf eigene Faust oder im Rahmen der w\u00f6chentlichen Ausfl\u00fcge und Aktivit\u00e4ten zu erkunden. Bei uns erwartet Dich ein vielf\u00e4ltiges und abwechslungsreiches Kursangebot. Hier kannst Du Italienisch lernen und gleichzeitig die Kunstwerke der gro\u00dfen Meister der Renaissance bewundern. Du besuchst ber\u00fchmte Sehensw\u00fcrdigkeiten und Museen, flanierst entlang der Lungarni und \u00fcber die Ponte Vecchio, genie\u00dft guten Wein und die lokale K\u00fcche.<br \/>\nItalienisch lernen in Florenz mit Linguaviva bedeutet, in die italienische Kultur, Geschichte und Lebensart einzutauchen.[\/vc_column_text][vc_btn title=&#8220;&#8220; align=&#8220;right&#8220; el_class=&#8220;btn-arrow-red&#8220; link=&#8220;url:https%3A%2F%2Flinguavivagroup.com%2Fde%2Fitalienischkurse-in-florenz%2F&#8220;][\/vc_column][\/vc_row][vc_row full_width=&#8220;stretch_row&#8220; gap=&#8220;30&#8243; el_class=&#8220;sezione bg-light-grey&#8220;][vc_column width=&#8220;1\/12&#8243;][\/vc_column][vc_column width=&#8220;10\/12&#8243;][vc_raw_html]JTNDZGl2JTIwY2xhc3MlM0QlMjJ2aWRlby1wYWdlJTIyJTNFJTBBJTIwJTIwJTIwJTIwJTNDdmlkZW8lMjBjb250cm9scyUzRCUyMiUyMiUzRSUwQSUyMCUyMCUyMCUyMCUyMCUyMCUyMCUyMCUzQ3NvdXJjZSUyMHNyYyUzRCUyMmh0dHBzJTNBJTJGJTJGbGluZ3Vhdml2YWdyb3VwLmNvbSUyRndwLWNvbnRlbnQlMkZ0aGVtZXMlMkZsaW5ndWF2aXZhJTJGdmlkZW8lMkZJbXByb3ZlJTIweW91ciUyMEl0YWxpYW4lMjBza2lsbHMlMjBhdCUyMExpbmd1YXZpdmElMjB3aXRoJTIwR28lMjElMjBHbyUyMSUyMEl0YWxpYS5tcDQlMjIlMjB0eXBlJTNEJTIydmlkZW8lMkZtcDQlMjIlM0UlMEElMjAlMjAlMjAlMjAlM0MlMkZ2aWRlbyUzRSUwQSUyMCUyMCUzQyUyRmRpdiUzRQ==[\/vc_raw_html][\/vc_column][vc_column width=&#8220;1\/12&#8243;][\/vc_column][\/vc_row]<\/p>\n<\/section>","protected":false},"excerpt":{"rendered":"<p>[vc_row full_width=&#8220;stretch_row_content_no_spaces&#8220; el_class=&#8220;header-image&#8220;][vc_column][vc_single_image image=&#8220;1714&#8243; img_size=&#8220;full&#8220; el_class=&#8220;img-header-big&#8220;][vc_single_image image=&#8220;1718&#8243; img_size=&#8220;full&#8220; el_class=&#8220;img-header-small&#8220;][\/vc_column][\/vc_row][vc_row gap=&#8220;30&#8243; el_class=&#8220;sezione&#8220;][vc_column width=&#8220;1\/2&#8243; el_class=&#8220;slideshow slideshow-small&#8220;][vc_images_carousel images=&#8220;1723,1727,1731,1735,1739&#8243; img_size=&#8220;full&#8220; onclick=&#8220;link_no&#8220; wrap=&#8220;yes&#8220;][vc_single_image image=&#8220;311&#8243; img_size=&#8220;full&#8220; el_class=&#8220;square square-small s-top-50 s-left-50&#8243;][vc_single_image image=&#8220;377&#8243; img_size=&#8220;full&#8220; el_class=&#8220;square square-small s-top-50 s-left50&#8243;][vc_single_image image=&#8220;323&#8243; img_size=&#8220;full&#8220; el_class=&#8220;square square-small s-top50 s-left-50&#8243;][vc_single_image image=&#8220;365&#8243; img_size=&#8220;full&#8220; el_class=&#8220;square square-small s-bottom-50 s-right-50&#8243;][\/vc_column][vc_column width=&#8220;1\/12&#8243;][\/vc_column][vc_column width=&#8220;5\/12&#8243;][vc_column_text el_class=&#8220;red&#8220;] NUR WENIGE SCHRITTE VON DER ALTSTADT VON FLORENZ ENTFERNT [\/vc_column_text][vc_column_text]Die [&hellip;]<\/p>\n","protected":false},"author":4,"featured_media":1718,"parent":0,"menu_order":-1,"comment_status":"closed","ping_status":"closed","template":"","meta":{"inline_featured_image":false,"footnotes":""},"class_list":["post-3588","page","type-page","status-publish","has-post-thumbnail","hentry"],"yoast_head":"<!-- This site is optimized with the Yoast SEO plugin v27.2 - https:\/\/yoast.com\/product\/yoast-seo-wordpress\/ -->\n<title>Italienisch lernen in Florenz Italien | Linguaviva Educational Group<\/title>\n<meta name=\"description\" content=\"Die Schule Linguaviva befindet sich im Herzen von Florenz, nur einen Steinwurf von den weltber\u00fchmten Sehensw\u00fcrdigkeiten entfernt.\" \/>\n<meta name=\"robots\" content=\"index, follow, max-snippet:-1, max-image-preview:large, max-video-preview:-1\" \/>\n<link rel=\"canonical\" href=\"https:\/\/linguavivagroup.com\/de\/italienisch-lernen-in-florenz-italien\/\" \/>\n<meta property=\"og:locale\" content=\"de_DE\" \/>\n<meta property=\"og:type\" content=\"article\" \/>\n<meta property=\"og:title\" content=\"Italienisch lernen in Florenz Italien | Linguaviva Educational Group\" \/>\n<meta property=\"og:description\" content=\"Die Schule Linguaviva befindet sich im Herzen von Florenz, nur einen Steinwurf von den weltber\u00fchmten Sehensw\u00fcrdigkeiten entfernt.\" \/>\n<meta property=\"og:url\" content=\"https:\/\/linguavivagroup.com\/de\/italienisch-lernen-in-florenz-italien\/\" \/>\n<meta property=\"og:site_name\" content=\"Linguaviva Educational Group\" \/>\n<meta property=\"article:modified_time\" content=\"2025-08-06T15:28:37+00:00\" \/>\n<meta property=\"og:image\" content=\"https:\/\/linguavivagroup.com\/wp-content\/uploads\/2023\/07\/header-mobile.png\" \/>\n\t<meta property=\"og:image:width\" content=\"390\" \/>\n\t<meta property=\"og:image:height\" content=\"489\" \/>\n\t<meta property=\"og:image:type\" content=\"image\/png\" \/>\n<meta name=\"twitter:card\" content=\"summary_large_image\" \/>\n<meta name=\"twitter:label1\" content=\"Gesch\u00e4tzte Lesezeit\" \/>\n\t<meta name=\"twitter:data1\" content=\"1\u00a0Minute\" \/>\n<script type=\"application\/ld+json\" class=\"yoast-schema-graph\">{\"@context\":\"https:\/\/schema.org\",\"@graph\":[{\"@type\":\"WebPage\",\"@id\":\"https:\/\/linguavivagroup.com\/de\/italienisch-lernen-in-florenz-italien\/\",\"url\":\"https:\/\/linguavivagroup.com\/de\/italienisch-lernen-in-florenz-italien\/\",\"name\":\"Italienisch lernen in Florenz Italien | Linguaviva Educational Group\",\"isPartOf\":{\"@id\":\"https:\/\/linguavivagroup.com\/de\/#website\"},\"primaryImageOfPage\":{\"@id\":\"https:\/\/linguavivagroup.com\/de\/italienisch-lernen-in-florenz-italien\/#primaryimage\"},\"image\":{\"@id\":\"https:\/\/linguavivagroup.com\/de\/italienisch-lernen-in-florenz-italien\/#primaryimage\"},\"thumbnailUrl\":\"https:\/\/linguavivagroup.com\/wp-content\/uploads\/2023\/07\/header-mobile.png\",\"datePublished\":\"2023-07-19T10:17:49+00:00\",\"dateModified\":\"2025-08-06T15:28:37+00:00\",\"description\":\"Die Schule Linguaviva befindet sich im Herzen von Florenz, nur einen Steinwurf von den weltber\u00fchmten Sehensw\u00fcrdigkeiten entfernt.\",\"breadcrumb\":{\"@id\":\"https:\/\/linguavivagroup.com\/de\/italienisch-lernen-in-florenz-italien\/#breadcrumb\"},\"inLanguage\":\"de\",\"potentialAction\":[{\"@type\":\"ReadAction\",\"target\":[\"https:\/\/linguavivagroup.com\/de\/italienisch-lernen-in-florenz-italien\/\"]}]},{\"@type\":\"ImageObject\",\"inLanguage\":\"de\",\"@id\":\"https:\/\/linguavivagroup.com\/de\/italienisch-lernen-in-florenz-italien\/#primaryimage\",\"url\":\"https:\/\/linguavivagroup.com\/wp-content\/uploads\/2023\/07\/header-mobile.png\",\"contentUrl\":\"https:\/\/linguavivagroup.com\/wp-content\/uploads\/2023\/07\/header-mobile.png\",\"width\":390,\"height\":489,\"caption\":\"Brunelleschis Kuppel der Kathedrale von Florenz - mobile\"},{\"@type\":\"BreadcrumbList\",\"@id\":\"https:\/\/linguavivagroup.com\/de\/italienisch-lernen-in-florenz-italien\/#breadcrumb\",\"itemListElement\":[{\"@type\":\"ListItem\",\"position\":1,\"name\":\"Home\",\"item\":\"https:\/\/linguavivagroup.com\/de\/\"},{\"@type\":\"ListItem\",\"position\":2,\"name\":\"Italienisch lernen in Florenz Italien\"}]},{\"@type\":\"WebSite\",\"@id\":\"https:\/\/linguavivagroup.com\/de\/#website\",\"url\":\"https:\/\/linguavivagroup.com\/de\/\",\"name\":\"Linguaviva Educational Group\",\"description\":\"Study and learn italian in italy\",\"publisher\":{\"@id\":\"https:\/\/linguavivagroup.com\/de\/#organization\"},\"potentialAction\":[{\"@type\":\"SearchAction\",\"target\":{\"@type\":\"EntryPoint\",\"urlTemplate\":\"https:\/\/linguavivagroup.com\/de\/?s={search_term_string}\"},\"query-input\":{\"@type\":\"PropertyValueSpecification\",\"valueRequired\":true,\"valueName\":\"search_term_string\"}}],\"inLanguage\":\"de\"},{\"@type\":\"Organization\",\"@id\":\"https:\/\/linguavivagroup.com\/de\/#organization\",\"name\":\"Linguaviva Educational Group\",\"url\":\"https:\/\/linguavivagroup.com\/de\/\",\"logo\":{\"@type\":\"ImageObject\",\"inLanguage\":\"de\",\"@id\":\"https:\/\/linguavivagroup.com\/de\/#\/schema\/logo\/image\/\",\"url\":\"https:\/\/linguavivagroup.com\/wp-content\/uploads\/2026\/03\/logo-linguaviva-bianco-50-260.png\",\"contentUrl\":\"https:\/\/linguavivagroup.com\/wp-content\/uploads\/2026\/03\/logo-linguaviva-bianco-50-260.png\",\"width\":260,\"height\":48,\"caption\":\"Linguaviva Educational Group\"},\"image\":{\"@id\":\"https:\/\/linguavivagroup.com\/de\/#\/schema\/logo\/image\/\"}}]}<\/script>\n<!-- \/ Yoast SEO plugin. -->","yoast_head_json":{"title":"Italienisch lernen in Florenz Italien | Linguaviva Educational Group","description":"Die Schule Linguaviva befindet sich im Herzen von Florenz, nur einen Steinwurf von den weltber\u00fchmten Sehensw\u00fcrdigkeiten entfernt.","robots":{"index":"index","follow":"follow","max-snippet":"max-snippet:-1","max-image-preview":"max-image-preview:large","max-video-preview":"max-video-preview:-1"},"canonical":"https:\/\/linguavivagroup.com\/de\/italienisch-lernen-in-florenz-italien\/","og_locale":"de_DE","og_type":"article","og_title":"Italienisch lernen in Florenz Italien | Linguaviva Educational Group","og_description":"Die Schule Linguaviva befindet sich im Herzen von Florenz, nur einen Steinwurf von den weltber\u00fchmten Sehensw\u00fcrdigkeiten entfernt.","og_url":"https:\/\/linguavivagroup.com\/de\/italienisch-lernen-in-florenz-italien\/","og_site_name":"Linguaviva Educational Group","article_modified_time":"2025-08-06T15:28:37+00:00","og_image":[{"width":390,"height":489,"url":"https:\/\/linguavivagroup.com\/wp-content\/uploads\/2023\/07\/header-mobile.png","type":"image\/png"}],"twitter_card":"summary_large_image","twitter_misc":{"Gesch\u00e4tzte Lesezeit":"1\u00a0Minute"},"schema":{"@context":"https:\/\/schema.org","@graph":[{"@type":"WebPage","@id":"https:\/\/linguavivagroup.com\/de\/italienisch-lernen-in-florenz-italien\/","url":"https:\/\/linguavivagroup.com\/de\/italienisch-lernen-in-florenz-italien\/","name":"Italienisch lernen in Florenz Italien | Linguaviva Educational Group","isPartOf":{"@id":"https:\/\/linguavivagroup.com\/de\/#website"},"primaryImageOfPage":{"@id":"https:\/\/linguavivagroup.com\/de\/italienisch-lernen-in-florenz-italien\/#primaryimage"},"image":{"@id":"https:\/\/linguavivagroup.com\/de\/italienisch-lernen-in-florenz-italien\/#primaryimage"},"thumbnailUrl":"https:\/\/linguavivagroup.com\/wp-content\/uploads\/2023\/07\/header-mobile.png","datePublished":"2023-07-19T10:17:49+00:00","dateModified":"2025-08-06T15:28:37+00:00","description":"Die Schule Linguaviva befindet sich im Herzen von Florenz, nur einen Steinwurf von den weltber\u00fchmten Sehensw\u00fcrdigkeiten entfernt.","breadcrumb":{"@id":"https:\/\/linguavivagroup.com\/de\/italienisch-lernen-in-florenz-italien\/#breadcrumb"},"inLanguage":"de","potentialAction":[{"@type":"ReadAction","target":["https:\/\/linguavivagroup.com\/de\/italienisch-lernen-in-florenz-italien\/"]}]},{"@type":"ImageObject","inLanguage":"de","@id":"https:\/\/linguavivagroup.com\/de\/italienisch-lernen-in-florenz-italien\/#primaryimage","url":"https:\/\/linguavivagroup.com\/wp-content\/uploads\/2023\/07\/header-mobile.png","contentUrl":"https:\/\/linguavivagroup.com\/wp-content\/uploads\/2023\/07\/header-mobile.png","width":390,"height":489,"caption":"Brunelleschis Kuppel der Kathedrale von Florenz - mobile"},{"@type":"BreadcrumbList","@id":"https:\/\/linguavivagroup.com\/de\/italienisch-lernen-in-florenz-italien\/#breadcrumb","itemListElement":[{"@type":"ListItem","position":1,"name":"Home","item":"https:\/\/linguavivagroup.com\/de\/"},{"@type":"ListItem","position":2,"name":"Italienisch lernen in Florenz Italien"}]},{"@type":"WebSite","@id":"https:\/\/linguavivagroup.com\/de\/#website","url":"https:\/\/linguavivagroup.com\/de\/","name":"Linguaviva Educational Group","description":"Study and learn italian in italy","publisher":{"@id":"https:\/\/linguavivagroup.com\/de\/#organization"},"potentialAction":[{"@type":"SearchAction","target":{"@type":"EntryPoint","urlTemplate":"https:\/\/linguavivagroup.com\/de\/?s={search_term_string}"},"query-input":{"@type":"PropertyValueSpecification","valueRequired":true,"valueName":"search_term_string"}}],"inLanguage":"de"},{"@type":"Organization","@id":"https:\/\/linguavivagroup.com\/de\/#organization","name":"Linguaviva Educational Group","url":"https:\/\/linguavivagroup.com\/de\/","logo":{"@type":"ImageObject","inLanguage":"de","@id":"https:\/\/linguavivagroup.com\/de\/#\/schema\/logo\/image\/","url":"https:\/\/linguavivagroup.com\/wp-content\/uploads\/2026\/03\/logo-linguaviva-bianco-50-260.png","contentUrl":"https:\/\/linguavivagroup.com\/wp-content\/uploads\/2026\/03\/logo-linguaviva-bianco-50-260.png","width":260,"height":48,"caption":"Linguaviva Educational Group"},"image":{"@id":"https:\/\/linguavivagroup.com\/de\/#\/schema\/logo\/image\/"}}]}},"_links":{"self":[{"href":"https:\/\/linguavivagroup.com\/de\/wp-json\/wp\/v2\/pages\/3588","targetHints":{"allow":["GET"]}}],"collection":[{"href":"https:\/\/linguavivagroup.com\/de\/wp-json\/wp\/v2\/pages"}],"about":[{"href":"https:\/\/linguavivagroup.com\/de\/wp-json\/wp\/v2\/types\/page"}],"author":[{"embeddable":true,"href":"https:\/\/linguavivagroup.com\/de\/wp-json\/wp\/v2\/users\/4"}],"replies":[{"embeddable":true,"href":"https:\/\/linguavivagroup.com\/de\/wp-json\/wp\/v2\/comments?post=3588"}],"version-history":[{"count":10,"href":"https:\/\/linguavivagroup.com\/de\/wp-json\/wp\/v2\/pages\/3588\/revisions"}],"predecessor-version":[{"id":15130,"href":"https:\/\/linguavivagroup.com\/de\/wp-json\/wp\/v2\/pages\/3588\/revisions\/15130"}],"wp:featuredmedia":[{"embeddable":true,"href":"https:\/\/linguavivagroup.com\/de\/wp-json\/wp\/v2\/media\/1718"}],"wp:attachment":[{"href":"https:\/\/linguavivagroup.com\/de\/wp-json\/wp\/v2\/media?parent=3588"}],"curies":[{"name":"wp","href":"https:\/\/api.w.org\/{rel}","templated":true}]}}