{"id":3591,"date":"2023-07-20T12:04:57","date_gmt":"2023-07-20T10:04:57","guid":{"rendered":"https:\/\/linguavivagroup.com\/?page_id=3591"},"modified":"2025-07-14T12:39:58","modified_gmt":"2025-07-14T10:39:58","slug":"italienischkurse-in-florenz","status":"publish","type":"page","link":"https:\/\/linguavivagroup.com\/de\/italienischkurse-in-florenz\/","title":{"rendered":"ITALIENISCHKURSE IN FLORENZ"},"content":{"rendered":"<section class=\"wpb-content-wrapper\"><p>[vc_row full_width=&#8220;stretch_row_content_no_spaces&#8220; el_class=&#8220;header-image&#8220;][vc_column][vc_single_image image=&#8220;2051&#8243; img_size=&#8220;full&#8220; el_class=&#8220;img-header-big&#8220;][vc_single_image image=&#8220;2055&#8243; img_size=&#8220;full&#8220; el_class=&#8220;img-header-small&#8220;][\/vc_column][\/vc_row][vc_row el_class=&#8220;sezione&#8220;][vc_column width=&#8220;2\/12&#8243;][\/vc_column][vc_column width=&#8220;8\/12&#8243;][vc_column_text el_class=&#8220;red&#8220;]<\/p>\n<h1 style=\"text-align: center;\">ITALIENISCHKURSE IN FLORENZ<\/h1>\n<p>[\/vc_column_text][vc_column_text]Unsere Italienisch Sprachschule in Florenz bietet sowohl Kurz- als auch Langzeitkurse f\u00fcr Lernende aller Altersgruppen und Sprachniveaus an, die Italienisch f\u00fcr Studium, Beruf oder einfach aus Leidenschaft lernen oder ihre Italienischkenntnisse verbessern und die italienische Kultur kennenlernen m\u00f6chten. Alle Italienischlehrenden sind muttersprachlich und haben langj\u00e4hrige Erfahrung im Unterrichten von Italienisch als Fremdsprache. Im Kurs wird ausschlie\u00dflich Italienisch gesprochen. Weitere Informationen zu Unterrichtsmethoden, Kurszeiten, Sprachniveaus, Kursprogrammen, Unterrichtsmaterialien, Teilnahmebedingungen, Zertifikaten und Pr\u00fcfungen findest Du hier.[\/vc_column_text][\/vc_column][vc_column width=&#8220;2\/12&#8243;][\/vc_column][\/vc_row][vc_row][vc_column][vc_basic_grid post_type=&#8220;courses&#8220; max_items=&#8220;-1&#8243; gap=&#8220;15&#8243; orderby=&#8220;menu_order&#8220; item=&#8220;508&#8243; initial_loading_animation=&#8220;none&#8220; grid_id=&#8220;vc_gid:1752489579459-3043ebcc-6639-10&#8243; el_class=&#8220;elenco-corsi&#8220; taxonomies=&#8220;37&#8243;][\/vc_column][\/vc_row][vc_row][vc_column][vc_raw_html]JTNDc3R5bGUlM0UlMEEuZm9vdGVyLWZvcm0lMjAlN0JkaXNwbGF5JTNBJTIwbm9uZSUzQiU3RCUwQSUzQyUyRnN0eWxlJTNF[\/vc_raw_html][\/vc_column][\/vc_row]<\/p>\n<\/section>","protected":false},"excerpt":{"rendered":"<p>[vc_row full_width=&#8220;stretch_row_content_no_spaces&#8220; el_class=&#8220;header-image&#8220;][vc_column][vc_single_image image=&#8220;2051&#8243; img_size=&#8220;full&#8220; el_class=&#8220;img-header-big&#8220;][vc_single_image image=&#8220;2055&#8243; img_size=&#8220;full&#8220; el_class=&#8220;img-header-small&#8220;][\/vc_column][\/vc_row][vc_row el_class=&#8220;sezione&#8220;][vc_column width=&#8220;2\/12&#8243;][\/vc_column][vc_column width=&#8220;8\/12&#8243;][vc_column_text el_class=&#8220;red&#8220;] ITALIENISCHKURSE IN FLORENZ [\/vc_column_text][vc_column_text]Unsere Italienisch Sprachschule in Florenz bietet sowohl Kurz- als auch Langzeitkurse f\u00fcr Lernende aller Altersgruppen und Sprachniveaus an, die Italienisch f\u00fcr Studium, Beruf oder einfach aus Leidenschaft lernen oder ihre Italienischkenntnisse verbessern und die italienische Kultur kennenlernen m\u00f6chten. Alle [&hellip;]<\/p>\n","protected":false},"author":4,"featured_media":2088,"parent":0,"menu_order":-1,"comment_status":"closed","ping_status":"closed","template":"","meta":{"inline_featured_image":false,"footnotes":""},"class_list":["post-3591","page","type-page","status-publish","has-post-thumbnail","hentry"],"yoast_head":"<!-- This site is optimized with the Yoast SEO plugin v27.2 - https:\/\/yoast.com\/product\/yoast-seo-wordpress\/ -->\n<title>ITALIENISCHKURSE IN FLORENZ | Linguaviva Educational Group<\/title>\n<meta name=\"description\" content=\"Unsere Schule organisiert Kurz- und Langzeitkurse der italienischen Sprache und Kultur in Florenz, die sowohl f\u00fcr diejenigen geeignet sind, die Italienisch aus kulturellen Gr\u00fcnden lernen wollen, als auch f\u00fcr diejenigen, die studieren oder arbeiten wollen.\" \/>\n<meta name=\"robots\" content=\"index, follow, max-snippet:-1, max-image-preview:large, max-video-preview:-1\" \/>\n<link rel=\"canonical\" href=\"https:\/\/linguavivagroup.com\/de\/italienischkurse-in-florenz\/\" \/>\n<meta property=\"og:locale\" content=\"de_DE\" \/>\n<meta property=\"og:type\" content=\"article\" \/>\n<meta property=\"og:title\" content=\"ITALIENISCHKURSE IN FLORENZ | Linguaviva Educational Group\" \/>\n<meta property=\"og:description\" content=\"Unsere Schule organisiert Kurz- und Langzeitkurse der italienischen Sprache und Kultur in Florenz, die sowohl f\u00fcr diejenigen geeignet sind, die Italienisch aus kulturellen Gr\u00fcnden lernen wollen, als auch f\u00fcr diejenigen, die studieren oder arbeiten wollen.\" \/>\n<meta property=\"og:url\" content=\"https:\/\/linguavivagroup.com\/de\/italienischkurse-in-florenz\/\" \/>\n<meta property=\"og:site_name\" content=\"Linguaviva Educational Group\" \/>\n<meta property=\"article:modified_time\" content=\"2025-07-14T10:39:58+00:00\" \/>\n<meta property=\"og:image\" content=\"https:\/\/linguavivagroup.com\/wp-content\/uploads\/2023\/07\/05-Italianartsf.jpg\" \/>\n\t<meta property=\"og:image:width\" content=\"1000\" \/>\n\t<meta property=\"og:image:height\" content=\"543\" \/>\n\t<meta property=\"og:image:type\" content=\"image\/jpeg\" \/>\n<meta name=\"twitter:card\" content=\"summary_large_image\" \/>\n<meta name=\"twitter:label1\" content=\"Gesch\u00e4tzte Lesezeit\" \/>\n\t<meta name=\"twitter:data1\" content=\"2\u00a0Minuten\" \/>\n<script type=\"application\/ld+json\" class=\"yoast-schema-graph\">{\"@context\":\"https:\/\/schema.org\",\"@graph\":[{\"@type\":\"WebPage\",\"@id\":\"https:\/\/linguavivagroup.com\/de\/italienischkurse-in-florenz\/\",\"url\":\"https:\/\/linguavivagroup.com\/de\/italienischkurse-in-florenz\/\",\"name\":\"ITALIENISCHKURSE IN FLORENZ | Linguaviva Educational Group\",\"isPartOf\":{\"@id\":\"https:\/\/linguavivagroup.com\/de\/#website\"},\"primaryImageOfPage\":{\"@id\":\"https:\/\/linguavivagroup.com\/de\/italienischkurse-in-florenz\/#primaryimage\"},\"image\":{\"@id\":\"https:\/\/linguavivagroup.com\/de\/italienischkurse-in-florenz\/#primaryimage\"},\"thumbnailUrl\":\"https:\/\/linguavivagroup.com\/wp-content\/uploads\/2023\/07\/05-Italianartsf.jpg\",\"datePublished\":\"2023-07-20T10:04:57+00:00\",\"dateModified\":\"2025-07-14T10:39:58+00:00\",\"description\":\"Unsere Schule organisiert Kurz- und Langzeitkurse der italienischen Sprache und Kultur in Florenz, die sowohl f\u00fcr diejenigen geeignet sind, die Italienisch aus kulturellen Gr\u00fcnden lernen wollen, als auch f\u00fcr diejenigen, die studieren oder arbeiten wollen.\",\"breadcrumb\":{\"@id\":\"https:\/\/linguavivagroup.com\/de\/italienischkurse-in-florenz\/#breadcrumb\"},\"inLanguage\":\"de\",\"potentialAction\":[{\"@type\":\"ReadAction\",\"target\":[\"https:\/\/linguavivagroup.com\/de\/italienischkurse-in-florenz\/\"]}]},{\"@type\":\"ImageObject\",\"inLanguage\":\"de\",\"@id\":\"https:\/\/linguavivagroup.com\/de\/italienischkurse-in-florenz\/#primaryimage\",\"url\":\"https:\/\/linguavivagroup.com\/wp-content\/uploads\/2023\/07\/05-Italianartsf.jpg\",\"contentUrl\":\"https:\/\/linguavivagroup.com\/wp-content\/uploads\/2023\/07\/05-Italianartsf.jpg\",\"width\":1000,\"height\":543,\"caption\":\"Studierende im Kunstkurs\"},{\"@type\":\"BreadcrumbList\",\"@id\":\"https:\/\/linguavivagroup.com\/de\/italienischkurse-in-florenz\/#breadcrumb\",\"itemListElement\":[{\"@type\":\"ListItem\",\"position\":1,\"name\":\"Home\",\"item\":\"https:\/\/linguavivagroup.com\/de\/\"},{\"@type\":\"ListItem\",\"position\":2,\"name\":\"ITALIENISCHKURSE IN FLORENZ\"}]},{\"@type\":\"WebSite\",\"@id\":\"https:\/\/linguavivagroup.com\/de\/#website\",\"url\":\"https:\/\/linguavivagroup.com\/de\/\",\"name\":\"Linguaviva Educational Group\",\"description\":\"Study and learn italian in italy\",\"publisher\":{\"@id\":\"https:\/\/linguavivagroup.com\/de\/#organization\"},\"potentialAction\":[{\"@type\":\"SearchAction\",\"target\":{\"@type\":\"EntryPoint\",\"urlTemplate\":\"https:\/\/linguavivagroup.com\/de\/?s={search_term_string}\"},\"query-input\":{\"@type\":\"PropertyValueSpecification\",\"valueRequired\":true,\"valueName\":\"search_term_string\"}}],\"inLanguage\":\"de\"},{\"@type\":\"Organization\",\"@id\":\"https:\/\/linguavivagroup.com\/de\/#organization\",\"name\":\"Linguaviva Educational Group\",\"url\":\"https:\/\/linguavivagroup.com\/de\/\",\"logo\":{\"@type\":\"ImageObject\",\"inLanguage\":\"de\",\"@id\":\"https:\/\/linguavivagroup.com\/de\/#\/schema\/logo\/image\/\",\"url\":\"https:\/\/linguavivagroup.com\/wp-content\/uploads\/2026\/03\/logo-linguaviva-bianco-50-260.png\",\"contentUrl\":\"https:\/\/linguavivagroup.com\/wp-content\/uploads\/2026\/03\/logo-linguaviva-bianco-50-260.png\",\"width\":260,\"height\":48,\"caption\":\"Linguaviva Educational Group\"},\"image\":{\"@id\":\"https:\/\/linguavivagroup.com\/de\/#\/schema\/logo\/image\/\"}}]}<\/script>\n<!-- \/ Yoast SEO plugin. -->","yoast_head_json":{"title":"ITALIENISCHKURSE IN FLORENZ | Linguaviva Educational Group","description":"Unsere Schule organisiert Kurz- und Langzeitkurse der italienischen Sprache und Kultur in Florenz, die sowohl f\u00fcr diejenigen geeignet sind, die Italienisch aus kulturellen Gr\u00fcnden lernen wollen, als auch f\u00fcr diejenigen, die studieren oder arbeiten wollen.","robots":{"index":"index","follow":"follow","max-snippet":"max-snippet:-1","max-image-preview":"max-image-preview:large","max-video-preview":"max-video-preview:-1"},"canonical":"https:\/\/linguavivagroup.com\/de\/italienischkurse-in-florenz\/","og_locale":"de_DE","og_type":"article","og_title":"ITALIENISCHKURSE IN FLORENZ | Linguaviva Educational Group","og_description":"Unsere Schule organisiert Kurz- und Langzeitkurse der italienischen Sprache und Kultur in Florenz, die sowohl f\u00fcr diejenigen geeignet sind, die Italienisch aus kulturellen Gr\u00fcnden lernen wollen, als auch f\u00fcr diejenigen, die studieren oder arbeiten wollen.","og_url":"https:\/\/linguavivagroup.com\/de\/italienischkurse-in-florenz\/","og_site_name":"Linguaviva Educational Group","article_modified_time":"2025-07-14T10:39:58+00:00","og_image":[{"width":1000,"height":543,"url":"https:\/\/linguavivagroup.com\/wp-content\/uploads\/2023\/07\/05-Italianartsf.jpg","type":"image\/jpeg"}],"twitter_card":"summary_large_image","twitter_misc":{"Gesch\u00e4tzte Lesezeit":"2\u00a0Minuten"},"schema":{"@context":"https:\/\/schema.org","@graph":[{"@type":"WebPage","@id":"https:\/\/linguavivagroup.com\/de\/italienischkurse-in-florenz\/","url":"https:\/\/linguavivagroup.com\/de\/italienischkurse-in-florenz\/","name":"ITALIENISCHKURSE IN FLORENZ | Linguaviva Educational Group","isPartOf":{"@id":"https:\/\/linguavivagroup.com\/de\/#website"},"primaryImageOfPage":{"@id":"https:\/\/linguavivagroup.com\/de\/italienischkurse-in-florenz\/#primaryimage"},"image":{"@id":"https:\/\/linguavivagroup.com\/de\/italienischkurse-in-florenz\/#primaryimage"},"thumbnailUrl":"https:\/\/linguavivagroup.com\/wp-content\/uploads\/2023\/07\/05-Italianartsf.jpg","datePublished":"2023-07-20T10:04:57+00:00","dateModified":"2025-07-14T10:39:58+00:00","description":"Unsere Schule organisiert Kurz- und Langzeitkurse der italienischen Sprache und Kultur in Florenz, die sowohl f\u00fcr diejenigen geeignet sind, die Italienisch aus kulturellen Gr\u00fcnden lernen wollen, als auch f\u00fcr diejenigen, die studieren oder arbeiten wollen.","breadcrumb":{"@id":"https:\/\/linguavivagroup.com\/de\/italienischkurse-in-florenz\/#breadcrumb"},"inLanguage":"de","potentialAction":[{"@type":"ReadAction","target":["https:\/\/linguavivagroup.com\/de\/italienischkurse-in-florenz\/"]}]},{"@type":"ImageObject","inLanguage":"de","@id":"https:\/\/linguavivagroup.com\/de\/italienischkurse-in-florenz\/#primaryimage","url":"https:\/\/linguavivagroup.com\/wp-content\/uploads\/2023\/07\/05-Italianartsf.jpg","contentUrl":"https:\/\/linguavivagroup.com\/wp-content\/uploads\/2023\/07\/05-Italianartsf.jpg","width":1000,"height":543,"caption":"Studierende im Kunstkurs"},{"@type":"BreadcrumbList","@id":"https:\/\/linguavivagroup.com\/de\/italienischkurse-in-florenz\/#breadcrumb","itemListElement":[{"@type":"ListItem","position":1,"name":"Home","item":"https:\/\/linguavivagroup.com\/de\/"},{"@type":"ListItem","position":2,"name":"ITALIENISCHKURSE IN FLORENZ"}]},{"@type":"WebSite","@id":"https:\/\/linguavivagroup.com\/de\/#website","url":"https:\/\/linguavivagroup.com\/de\/","name":"Linguaviva Educational Group","description":"Study and learn italian in italy","publisher":{"@id":"https:\/\/linguavivagroup.com\/de\/#organization"},"potentialAction":[{"@type":"SearchAction","target":{"@type":"EntryPoint","urlTemplate":"https:\/\/linguavivagroup.com\/de\/?s={search_term_string}"},"query-input":{"@type":"PropertyValueSpecification","valueRequired":true,"valueName":"search_term_string"}}],"inLanguage":"de"},{"@type":"Organization","@id":"https:\/\/linguavivagroup.com\/de\/#organization","name":"Linguaviva Educational Group","url":"https:\/\/linguavivagroup.com\/de\/","logo":{"@type":"ImageObject","inLanguage":"de","@id":"https:\/\/linguavivagroup.com\/de\/#\/schema\/logo\/image\/","url":"https:\/\/linguavivagroup.com\/wp-content\/uploads\/2026\/03\/logo-linguaviva-bianco-50-260.png","contentUrl":"https:\/\/linguavivagroup.com\/wp-content\/uploads\/2026\/03\/logo-linguaviva-bianco-50-260.png","width":260,"height":48,"caption":"Linguaviva Educational Group"},"image":{"@id":"https:\/\/linguavivagroup.com\/de\/#\/schema\/logo\/image\/"}}]}},"_links":{"self":[{"href":"https:\/\/linguavivagroup.com\/de\/wp-json\/wp\/v2\/pages\/3591","targetHints":{"allow":["GET"]}}],"collection":[{"href":"https:\/\/linguavivagroup.com\/de\/wp-json\/wp\/v2\/pages"}],"about":[{"href":"https:\/\/linguavivagroup.com\/de\/wp-json\/wp\/v2\/types\/page"}],"author":[{"embeddable":true,"href":"https:\/\/linguavivagroup.com\/de\/wp-json\/wp\/v2\/users\/4"}],"replies":[{"embeddable":true,"href":"https:\/\/linguavivagroup.com\/de\/wp-json\/wp\/v2\/comments?post=3591"}],"version-history":[{"count":4,"href":"https:\/\/linguavivagroup.com\/de\/wp-json\/wp\/v2\/pages\/3591\/revisions"}],"predecessor-version":[{"id":14934,"href":"https:\/\/linguavivagroup.com\/de\/wp-json\/wp\/v2\/pages\/3591\/revisions\/14934"}],"wp:featuredmedia":[{"embeddable":true,"href":"https:\/\/linguavivagroup.com\/de\/wp-json\/wp\/v2\/media\/2088"}],"wp:attachment":[{"href":"https:\/\/linguavivagroup.com\/de\/wp-json\/wp\/v2\/media?parent=3591"}],"curies":[{"name":"wp","href":"https:\/\/api.w.org\/{rel}","templated":true}]}}