{"id":3603,"date":"2023-07-19T12:22:09","date_gmt":"2023-07-19T10:22:09","guid":{"rendered":"https:\/\/linguavivagroup.com\/?page_id=3603"},"modified":"2025-08-06T16:30:57","modified_gmt":"2025-08-06T14:30:57","slug":"italienisch-lernen-in-mailand-italien","status":"publish","type":"page","link":"https:\/\/linguavivagroup.com\/de\/italienisch-lernen-in-mailand-italien\/","title":{"rendered":"LINGUADUE: ITALIENISCH SPRACHSCHULE IN MAILAND"},"content":{"rendered":"<section class=\"wpb-content-wrapper\"><p>[vc_row full_width=&#8220;stretch_row_content_no_spaces&#8220; el_class=&#8220;header-image&#8220;][vc_column][vc_single_image image=&#8220;1904&#8243; img_size=&#8220;full&#8220; el_class=&#8220;img-header-big&#8220;][vc_single_image image=&#8220;1909&#8243; img_size=&#8220;full&#8220; el_class=&#8220;img-header-small&#8220;][\/vc_column][\/vc_row][vc_row gap=&#8220;30&#8243; el_class=&#8220;sezione&#8220;][vc_column width=&#8220;1\/2&#8243; el_class=&#8220;slideshow slideshow-small&#8220;][vc_images_carousel images=&#8220;1144,1148,1152,4990,1160&#8243; img_size=&#8220;full&#8220; onclick=&#8220;link_no&#8220; wrap=&#8220;yes&#8220;][vc_single_image image=&#8220;311&#8243; img_size=&#8220;full&#8220; el_class=&#8220;square square-small s-top-50 s-left-50&#8243;][vc_single_image image=&#8220;377&#8243; img_size=&#8220;full&#8220; el_class=&#8220;square square-small s-top-50 s-left50&#8243;][vc_single_image image=&#8220;323&#8243; img_size=&#8220;full&#8220; el_class=&#8220;square square-small s-top50 s-left-50&#8243;][vc_single_image image=&#8220;365&#8243; img_size=&#8220;full&#8220; el_class=&#8220;square square-small s-bottom-50 s-right-50&#8243;][\/vc_column][vc_column width=&#8220;1\/12&#8243;][\/vc_column][vc_column width=&#8220;5\/12&#8243;][vc_column_text el_class=&#8220;red&#8220;]<\/p>\n<h1 class=\"h2\">LINGUADUE: ITALIENISCH SPRACHSCHULE IN MAILAND<\/h1>\n<p>[\/vc_column_text][vc_column_text]Mailand, die Stadt der Mode und des Designs, ist eine pulsierende Metropole mit renommierten Universit\u00e4ten und Kompetenzzentren. Die Wolkenkratzer der Stadt zeugen von st\u00e4ndiger Modernisierung, aber Mailand bietet auch ruhige Orte. Ein Spaziergang entlang der Navigli, ein Aperitif im Stadtviertel Brera, ein Besuch des herrlichen Doms oder des Abendmahls von Leonardo da Vinci sind nur einige der vielen M\u00f6glichkeiten. Mailand zieht mit seiner Lebendigkeit jede und jeden in seinen Bann und ist die ideale Stadt f\u00fcr einen Italienischkurs.<\/p>\n<p>Linguadue, unsere Sprachschule in Mailand, liegt im lebhaften Stadtviertel Navigli, einem der sch\u00f6nsten Viertel der Stadt, nicht weit vom Dom und der Altstadt entfernt. Von hier aus k\u00f6nnen unsere Kursteilnehmenden in das pulsierende Leben Mailands eintauchen und die Sch\u00f6nheiten der Stadt auf sich wirken lassen.<\/p>\n<p>Interessiert, Italienisch zu lernen? Unsere Sprachschule in Mailand \u00f6ffnet Dir das Tor zur italienischen Kultur, Geschichte und Lebensart.[\/vc_column_text][vc_btn title=&#8220;&#8220; align=&#8220;right&#8220; el_class=&#8220;btn-arrow-red&#8220; link=&#8220;url:https%3A%2F%2Flinguavivagroup.com%2Fde%2Fitalienischkurse-in-mailand%2F&#8220;][\/vc_column][\/vc_row][vc_row full_width=&#8220;stretch_row&#8220; gap=&#8220;30&#8243; el_class=&#8220;sezione bg-light-grey&#8220;][vc_column width=&#8220;1\/12&#8243;][\/vc_column][vc_column width=&#8220;10\/12&#8243;][vc_raw_html]JTNDZGl2JTIwY2xhc3MlM0QlMjJ2aWRlby1wYWdlJTIyJTNFJTBBJTIwJTIwJTIwJTIwJTNDdmlkZW8lMjBjb250cm9scyUzRCUyMiUyMiUzRSUwQSUyMCUyMCUyMCUyMCUyMCUyMCUyMCUyMCUzQ3NvdXJjZSUyMHNyYyUzRCUyMmh0dHBzJTNBJTJGJTJGbGluZ3Vhdml2YWdyb3VwLmNvbSUyRndwLWNvbnRlbnQlMkZ0aGVtZXMlMkZsaW5ndWF2aXZhJTJGdmlkZW8lMkZJbnRyb2R1Y2luZyUyMHRoZSUyMEl0YWxpYW4lMjBleHBlcmllbmNlJTIwLSUyMExpbmd1YWR1ZSUyME1pbGFuLm1wNCUyMiUyMHR5cGUlM0QlMjJ2aWRlbyUyRm1wNCUyMiUzRSUwQSUyMCUyMCUyMCUyMCUzQyUyRnZpZGVvJTNFJTBBJTIwJTIwJTNDJTJGZGl2JTNF[\/vc_raw_html][\/vc_column][vc_column width=&#8220;1\/12&#8243;][\/vc_column][\/vc_row]<\/p>\n<\/section>","protected":false},"excerpt":{"rendered":"<p>[vc_row full_width=&#8220;stretch_row_content_no_spaces&#8220; el_class=&#8220;header-image&#8220;][vc_column][vc_single_image image=&#8220;1904&#8243; img_size=&#8220;full&#8220; el_class=&#8220;img-header-big&#8220;][vc_single_image image=&#8220;1909&#8243; img_size=&#8220;full&#8220; el_class=&#8220;img-header-small&#8220;][\/vc_column][\/vc_row][vc_row gap=&#8220;30&#8243; el_class=&#8220;sezione&#8220;][vc_column width=&#8220;1\/2&#8243; el_class=&#8220;slideshow slideshow-small&#8220;][vc_images_carousel images=&#8220;1144,1148,1152,4990,1160&#8243; img_size=&#8220;full&#8220; onclick=&#8220;link_no&#8220; wrap=&#8220;yes&#8220;][vc_single_image image=&#8220;311&#8243; img_size=&#8220;full&#8220; el_class=&#8220;square square-small s-top-50 s-left-50&#8243;][vc_single_image image=&#8220;377&#8243; img_size=&#8220;full&#8220; el_class=&#8220;square square-small s-top-50 s-left50&#8243;][vc_single_image image=&#8220;323&#8243; img_size=&#8220;full&#8220; el_class=&#8220;square square-small s-top50 s-left-50&#8243;][vc_single_image image=&#8220;365&#8243; img_size=&#8220;full&#8220; el_class=&#8220;square square-small s-bottom-50 s-right-50&#8243;][\/vc_column][vc_column width=&#8220;1\/12&#8243;][\/vc_column][vc_column width=&#8220;5\/12&#8243;][vc_column_text el_class=&#8220;red&#8220;] LINGUADUE: ITALIENISCH SPRACHSCHULE IN MAILAND [\/vc_column_text][vc_column_text]Mailand, die Stadt der Mode [&hellip;]<\/p>\n","protected":false},"author":4,"featured_media":1909,"parent":0,"menu_order":-1,"comment_status":"closed","ping_status":"closed","template":"","meta":{"inline_featured_image":false,"footnotes":""},"class_list":["post-3603","page","type-page","status-publish","has-post-thumbnail","hentry"],"yoast_head":"<!-- This site is optimized with the Yoast SEO plugin v27.2 - https:\/\/yoast.com\/product\/yoast-seo-wordpress\/ -->\n<title>LINGUADUE: ITALIENISCH SPRACHSCHULE IN MAILAND | Linguaviva Educational Group<\/title>\n<meta name=\"description\" content=\"Linguadue, unsere Schule in Mailand, befindet sich im lebhaften Navigli-Viertel, einem der reizvollsten Viertel der Stadt, nicht weit vom Dom und dem historischen Zentrum entfernt.\" \/>\n<meta name=\"robots\" content=\"index, follow, max-snippet:-1, max-image-preview:large, max-video-preview:-1\" \/>\n<link rel=\"canonical\" href=\"https:\/\/linguavivagroup.com\/de\/italienisch-lernen-in-mailand-italien\/\" \/>\n<meta property=\"og:locale\" content=\"de_DE\" \/>\n<meta property=\"og:type\" content=\"article\" \/>\n<meta property=\"og:title\" content=\"LINGUADUE: ITALIENISCH SPRACHSCHULE IN MAILAND | Linguaviva Educational Group\" \/>\n<meta property=\"og:description\" content=\"Linguadue, unsere Schule in Mailand, befindet sich im lebhaften Navigli-Viertel, einem der reizvollsten Viertel der Stadt, nicht weit vom Dom und dem historischen Zentrum entfernt.\" \/>\n<meta property=\"og:url\" content=\"https:\/\/linguavivagroup.com\/de\/italienisch-lernen-in-mailand-italien\/\" \/>\n<meta property=\"og:site_name\" content=\"Linguaviva Educational Group\" \/>\n<meta property=\"article:modified_time\" content=\"2025-08-06T14:30:57+00:00\" \/>\n<meta property=\"og:image\" content=\"https:\/\/linguavivagroup.com\/wp-content\/uploads\/2023\/07\/header-mobile-2.png\" \/>\n\t<meta property=\"og:image:width\" content=\"390\" \/>\n\t<meta property=\"og:image:height\" content=\"489\" \/>\n\t<meta property=\"og:image:type\" content=\"image\/png\" \/>\n<meta name=\"twitter:card\" content=\"summary_large_image\" \/>\n<meta name=\"twitter:label1\" content=\"Gesch\u00e4tzte Lesezeit\" \/>\n\t<meta name=\"twitter:data1\" content=\"2\u00a0Minuten\" \/>\n<script type=\"application\/ld+json\" class=\"yoast-schema-graph\">{\"@context\":\"https:\/\/schema.org\",\"@graph\":[{\"@type\":\"WebPage\",\"@id\":\"https:\/\/linguavivagroup.com\/de\/italienisch-lernen-in-mailand-italien\/\",\"url\":\"https:\/\/linguavivagroup.com\/de\/italienisch-lernen-in-mailand-italien\/\",\"name\":\"LINGUADUE: ITALIENISCH SPRACHSCHULE IN MAILAND | Linguaviva Educational Group\",\"isPartOf\":{\"@id\":\"https:\/\/linguavivagroup.com\/de\/#website\"},\"primaryImageOfPage\":{\"@id\":\"https:\/\/linguavivagroup.com\/de\/italienisch-lernen-in-mailand-italien\/#primaryimage\"},\"image\":{\"@id\":\"https:\/\/linguavivagroup.com\/de\/italienisch-lernen-in-mailand-italien\/#primaryimage\"},\"thumbnailUrl\":\"https:\/\/linguavivagroup.com\/wp-content\/uploads\/2023\/07\/header-mobile-2.png\",\"datePublished\":\"2023-07-19T10:22:09+00:00\",\"dateModified\":\"2025-08-06T14:30:57+00:00\",\"description\":\"Linguadue, unsere Schule in Mailand, befindet sich im lebhaften Navigli-Viertel, einem der reizvollsten Viertel der Stadt, nicht weit vom Dom und dem historischen Zentrum entfernt.\",\"breadcrumb\":{\"@id\":\"https:\/\/linguavivagroup.com\/de\/italienisch-lernen-in-mailand-italien\/#breadcrumb\"},\"inLanguage\":\"de\",\"potentialAction\":[{\"@type\":\"ReadAction\",\"target\":[\"https:\/\/linguavivagroup.com\/de\/italienisch-lernen-in-mailand-italien\/\"]}]},{\"@type\":\"ImageObject\",\"inLanguage\":\"de\",\"@id\":\"https:\/\/linguavivagroup.com\/de\/italienisch-lernen-in-mailand-italien\/#primaryimage\",\"url\":\"https:\/\/linguavivagroup.com\/wp-content\/uploads\/2023\/07\/header-mobile-2.png\",\"contentUrl\":\"https:\/\/linguavivagroup.com\/wp-content\/uploads\/2023\/07\/header-mobile-2.png\",\"width\":390,\"height\":489,\"caption\":\"Mail\u00e4nder Dom\"},{\"@type\":\"BreadcrumbList\",\"@id\":\"https:\/\/linguavivagroup.com\/de\/italienisch-lernen-in-mailand-italien\/#breadcrumb\",\"itemListElement\":[{\"@type\":\"ListItem\",\"position\":1,\"name\":\"Home\",\"item\":\"https:\/\/linguavivagroup.com\/de\/\"},{\"@type\":\"ListItem\",\"position\":2,\"name\":\"LINGUADUE: ITALIENISCH SPRACHSCHULE IN MAILAND\"}]},{\"@type\":\"WebSite\",\"@id\":\"https:\/\/linguavivagroup.com\/de\/#website\",\"url\":\"https:\/\/linguavivagroup.com\/de\/\",\"name\":\"Linguaviva Educational Group\",\"description\":\"Study and learn italian in italy\",\"publisher\":{\"@id\":\"https:\/\/linguavivagroup.com\/de\/#organization\"},\"potentialAction\":[{\"@type\":\"SearchAction\",\"target\":{\"@type\":\"EntryPoint\",\"urlTemplate\":\"https:\/\/linguavivagroup.com\/de\/?s={search_term_string}\"},\"query-input\":{\"@type\":\"PropertyValueSpecification\",\"valueRequired\":true,\"valueName\":\"search_term_string\"}}],\"inLanguage\":\"de\"},{\"@type\":\"Organization\",\"@id\":\"https:\/\/linguavivagroup.com\/de\/#organization\",\"name\":\"Linguaviva Educational Group\",\"url\":\"https:\/\/linguavivagroup.com\/de\/\",\"logo\":{\"@type\":\"ImageObject\",\"inLanguage\":\"de\",\"@id\":\"https:\/\/linguavivagroup.com\/de\/#\/schema\/logo\/image\/\",\"url\":\"https:\/\/linguavivagroup.com\/wp-content\/uploads\/2026\/03\/logo-linguaviva-bianco-50-260.png\",\"contentUrl\":\"https:\/\/linguavivagroup.com\/wp-content\/uploads\/2026\/03\/logo-linguaviva-bianco-50-260.png\",\"width\":260,\"height\":48,\"caption\":\"Linguaviva Educational Group\"},\"image\":{\"@id\":\"https:\/\/linguavivagroup.com\/de\/#\/schema\/logo\/image\/\"}}]}<\/script>\n<!-- \/ Yoast SEO plugin. -->","yoast_head_json":{"title":"LINGUADUE: ITALIENISCH SPRACHSCHULE IN MAILAND | Linguaviva Educational Group","description":"Linguadue, unsere Schule in Mailand, befindet sich im lebhaften Navigli-Viertel, einem der reizvollsten Viertel der Stadt, nicht weit vom Dom und dem historischen Zentrum entfernt.","robots":{"index":"index","follow":"follow","max-snippet":"max-snippet:-1","max-image-preview":"max-image-preview:large","max-video-preview":"max-video-preview:-1"},"canonical":"https:\/\/linguavivagroup.com\/de\/italienisch-lernen-in-mailand-italien\/","og_locale":"de_DE","og_type":"article","og_title":"LINGUADUE: ITALIENISCH SPRACHSCHULE IN MAILAND | Linguaviva Educational Group","og_description":"Linguadue, unsere Schule in Mailand, befindet sich im lebhaften Navigli-Viertel, einem der reizvollsten Viertel der Stadt, nicht weit vom Dom und dem historischen Zentrum entfernt.","og_url":"https:\/\/linguavivagroup.com\/de\/italienisch-lernen-in-mailand-italien\/","og_site_name":"Linguaviva Educational Group","article_modified_time":"2025-08-06T14:30:57+00:00","og_image":[{"width":390,"height":489,"url":"https:\/\/linguavivagroup.com\/wp-content\/uploads\/2023\/07\/header-mobile-2.png","type":"image\/png"}],"twitter_card":"summary_large_image","twitter_misc":{"Gesch\u00e4tzte Lesezeit":"2\u00a0Minuten"},"schema":{"@context":"https:\/\/schema.org","@graph":[{"@type":"WebPage","@id":"https:\/\/linguavivagroup.com\/de\/italienisch-lernen-in-mailand-italien\/","url":"https:\/\/linguavivagroup.com\/de\/italienisch-lernen-in-mailand-italien\/","name":"LINGUADUE: ITALIENISCH SPRACHSCHULE IN MAILAND | Linguaviva Educational Group","isPartOf":{"@id":"https:\/\/linguavivagroup.com\/de\/#website"},"primaryImageOfPage":{"@id":"https:\/\/linguavivagroup.com\/de\/italienisch-lernen-in-mailand-italien\/#primaryimage"},"image":{"@id":"https:\/\/linguavivagroup.com\/de\/italienisch-lernen-in-mailand-italien\/#primaryimage"},"thumbnailUrl":"https:\/\/linguavivagroup.com\/wp-content\/uploads\/2023\/07\/header-mobile-2.png","datePublished":"2023-07-19T10:22:09+00:00","dateModified":"2025-08-06T14:30:57+00:00","description":"Linguadue, unsere Schule in Mailand, befindet sich im lebhaften Navigli-Viertel, einem der reizvollsten Viertel der Stadt, nicht weit vom Dom und dem historischen Zentrum entfernt.","breadcrumb":{"@id":"https:\/\/linguavivagroup.com\/de\/italienisch-lernen-in-mailand-italien\/#breadcrumb"},"inLanguage":"de","potentialAction":[{"@type":"ReadAction","target":["https:\/\/linguavivagroup.com\/de\/italienisch-lernen-in-mailand-italien\/"]}]},{"@type":"ImageObject","inLanguage":"de","@id":"https:\/\/linguavivagroup.com\/de\/italienisch-lernen-in-mailand-italien\/#primaryimage","url":"https:\/\/linguavivagroup.com\/wp-content\/uploads\/2023\/07\/header-mobile-2.png","contentUrl":"https:\/\/linguavivagroup.com\/wp-content\/uploads\/2023\/07\/header-mobile-2.png","width":390,"height":489,"caption":"Mail\u00e4nder Dom"},{"@type":"BreadcrumbList","@id":"https:\/\/linguavivagroup.com\/de\/italienisch-lernen-in-mailand-italien\/#breadcrumb","itemListElement":[{"@type":"ListItem","position":1,"name":"Home","item":"https:\/\/linguavivagroup.com\/de\/"},{"@type":"ListItem","position":2,"name":"LINGUADUE: ITALIENISCH SPRACHSCHULE IN MAILAND"}]},{"@type":"WebSite","@id":"https:\/\/linguavivagroup.com\/de\/#website","url":"https:\/\/linguavivagroup.com\/de\/","name":"Linguaviva Educational Group","description":"Study and learn italian in italy","publisher":{"@id":"https:\/\/linguavivagroup.com\/de\/#organization"},"potentialAction":[{"@type":"SearchAction","target":{"@type":"EntryPoint","urlTemplate":"https:\/\/linguavivagroup.com\/de\/?s={search_term_string}"},"query-input":{"@type":"PropertyValueSpecification","valueRequired":true,"valueName":"search_term_string"}}],"inLanguage":"de"},{"@type":"Organization","@id":"https:\/\/linguavivagroup.com\/de\/#organization","name":"Linguaviva Educational Group","url":"https:\/\/linguavivagroup.com\/de\/","logo":{"@type":"ImageObject","inLanguage":"de","@id":"https:\/\/linguavivagroup.com\/de\/#\/schema\/logo\/image\/","url":"https:\/\/linguavivagroup.com\/wp-content\/uploads\/2026\/03\/logo-linguaviva-bianco-50-260.png","contentUrl":"https:\/\/linguavivagroup.com\/wp-content\/uploads\/2026\/03\/logo-linguaviva-bianco-50-260.png","width":260,"height":48,"caption":"Linguaviva Educational Group"},"image":{"@id":"https:\/\/linguavivagroup.com\/de\/#\/schema\/logo\/image\/"}}]}},"_links":{"self":[{"href":"https:\/\/linguavivagroup.com\/de\/wp-json\/wp\/v2\/pages\/3603","targetHints":{"allow":["GET"]}}],"collection":[{"href":"https:\/\/linguavivagroup.com\/de\/wp-json\/wp\/v2\/pages"}],"about":[{"href":"https:\/\/linguavivagroup.com\/de\/wp-json\/wp\/v2\/types\/page"}],"author":[{"embeddable":true,"href":"https:\/\/linguavivagroup.com\/de\/wp-json\/wp\/v2\/users\/4"}],"replies":[{"embeddable":true,"href":"https:\/\/linguavivagroup.com\/de\/wp-json\/wp\/v2\/comments?post=3603"}],"version-history":[{"count":13,"href":"https:\/\/linguavivagroup.com\/de\/wp-json\/wp\/v2\/pages\/3603\/revisions"}],"predecessor-version":[{"id":15131,"href":"https:\/\/linguavivagroup.com\/de\/wp-json\/wp\/v2\/pages\/3603\/revisions\/15131"}],"wp:featuredmedia":[{"embeddable":true,"href":"https:\/\/linguavivagroup.com\/de\/wp-json\/wp\/v2\/media\/1909"}],"wp:attachment":[{"href":"https:\/\/linguavivagroup.com\/de\/wp-json\/wp\/v2\/media?parent=3603"}],"curies":[{"name":"wp","href":"https:\/\/api.w.org\/{rel}","templated":true}]}}