{"id":3609,"date":"2023-07-19T12:30:03","date_gmt":"2023-07-19T10:30:03","guid":{"rendered":"https:\/\/linguavivagroup.com\/?page_id=3609"},"modified":"2025-08-06T17:29:52","modified_gmt":"2025-08-06T15:29:52","slug":"italienisch-lernen-in-lignano-italien","status":"publish","type":"page","link":"https:\/\/linguavivagroup.com\/de\/italienisch-lernen-in-lignano-italien\/","title":{"rendered":"LINGUAVIVA SOMMERCAMP IN LIGNANO"},"content":{"rendered":"<section class=\"wpb-content-wrapper\"><p>[vc_row full_width=&#8220;stretch_row_content_no_spaces&#8220; el_class=&#8220;header-image&#8220;][vc_column][vc_single_image image=&#8220;1749&#8243; img_size=&#8220;full&#8220; el_class=&#8220;img-header-big&#8220;][vc_single_image image=&#8220;1754&#8243; img_size=&#8220;full&#8220; el_class=&#8220;img-header-small&#8220;][\/vc_column][\/vc_row][vc_row gap=&#8220;30&#8243; el_class=&#8220;sezione&#8220;][vc_column width=&#8220;1\/2&#8243; el_class=&#8220;slideshow slideshow-small&#8220;][vc_images_carousel images=&#8220;2340,1762,1766,1770,1774&#8243; img_size=&#8220;full&#8220; onclick=&#8220;link_no&#8220; wrap=&#8220;yes&#8220;][vc_single_image image=&#8220;311&#8243; img_size=&#8220;full&#8220; el_class=&#8220;square square-small s-top-50 s-left-50&#8243;][vc_single_image image=&#8220;377&#8243; img_size=&#8220;full&#8220; el_class=&#8220;square square-small s-top-50 s-left50&#8243;][vc_single_image image=&#8220;323&#8243; img_size=&#8220;full&#8220; el_class=&#8220;square square-small s-top50 s-left-50&#8243;][vc_single_image image=&#8220;365&#8243; img_size=&#8220;full&#8220; el_class=&#8220;square square-small s-bottom-50 s-right-50&#8243;][\/vc_column][vc_column width=&#8220;1\/12&#8243;][\/vc_column][vc_column width=&#8220;5\/12&#8243;][vc_column_text el_class=&#8220;red&#8220;]<\/p>\n<h1 class=\"h2\">LINGUAVIVA SOMMERCAMP IN LIGNANO<\/h1>\n<p>[\/vc_column_text][vc_column_text]Wer an Italien denkt, denkt an antike St\u00e4tten, leckeres Essen, viel Sonne und jede Menge Spa\u00df. Im Linguaviva Sommercamp in Lignano, dem sch\u00f6nsten Badeort der Adria, werden diese Erwartungen nicht entt\u00e4uscht. Lignano, auch die Perle der Adria genannt, ist mit viel Sonne, feinen Sandstr\u00e4nden und einer sanften Meeresbrise der ideale Ort f\u00fcr eine unvergessliche Sprachreise, um Italienisch zu lernen und das Dolce Vita zu genie\u00dfen. Im Linguaviva Sommercamp werden Italienischkurs, Sommer und Spa\u00df zu einer Einheit.[\/vc_column_text][vc_btn title=&#8220;&#8220; align=&#8220;right&#8220; el_class=&#8220;btn-arrow-red&#8220; link=&#8220;url:https%3A%2F%2Flinguavivagroup.com%2Fde%2Fitalienischkurs-in-lignano%2F&#8220;][\/vc_column][\/vc_row]<\/p>\n<\/section>","protected":false},"excerpt":{"rendered":"<p>[vc_row full_width=&#8220;stretch_row_content_no_spaces&#8220; el_class=&#8220;header-image&#8220;][vc_column][vc_single_image image=&#8220;1749&#8243; img_size=&#8220;full&#8220; el_class=&#8220;img-header-big&#8220;][vc_single_image image=&#8220;1754&#8243; img_size=&#8220;full&#8220; el_class=&#8220;img-header-small&#8220;][\/vc_column][\/vc_row][vc_row gap=&#8220;30&#8243; el_class=&#8220;sezione&#8220;][vc_column width=&#8220;1\/2&#8243; el_class=&#8220;slideshow slideshow-small&#8220;][vc_images_carousel images=&#8220;2340,1762,1766,1770,1774&#8243; img_size=&#8220;full&#8220; onclick=&#8220;link_no&#8220; wrap=&#8220;yes&#8220;][vc_single_image image=&#8220;311&#8243; img_size=&#8220;full&#8220; el_class=&#8220;square square-small s-top-50 s-left-50&#8243;][vc_single_image image=&#8220;377&#8243; img_size=&#8220;full&#8220; el_class=&#8220;square square-small s-top-50 s-left50&#8243;][vc_single_image image=&#8220;323&#8243; img_size=&#8220;full&#8220; el_class=&#8220;square square-small s-top50 s-left-50&#8243;][vc_single_image image=&#8220;365&#8243; img_size=&#8220;full&#8220; el_class=&#8220;square square-small s-bottom-50 s-right-50&#8243;][\/vc_column][vc_column width=&#8220;1\/12&#8243;][\/vc_column][vc_column width=&#8220;5\/12&#8243;][vc_column_text el_class=&#8220;red&#8220;] LINGUAVIVA SOMMERCAMP IN LIGNANO [\/vc_column_text][vc_column_text]Wer an Italien denkt, denkt an [&hellip;]<\/p>\n","protected":false},"author":4,"featured_media":1754,"parent":0,"menu_order":-1,"comment_status":"closed","ping_status":"closed","template":"","meta":{"inline_featured_image":false,"footnotes":""},"class_list":["post-3609","page","type-page","status-publish","has-post-thumbnail","hentry"],"yoast_head":"<!-- This site is optimized with the Yoast SEO plugin v27.2 - https:\/\/yoast.com\/product\/yoast-seo-wordpress\/ -->\n<title>LINGUAVIVA SOMMERCAMP IN LIGNANO | Linguaviva Educational Group<\/title>\n<meta name=\"description\" content=\"Lerne Italienisch in unserem Sommer Camp in Lignano.\" \/>\n<meta name=\"robots\" content=\"index, follow, max-snippet:-1, max-image-preview:large, max-video-preview:-1\" \/>\n<link rel=\"canonical\" href=\"https:\/\/linguavivagroup.com\/de\/italienisch-lernen-in-lignano-italien\/\" \/>\n<meta property=\"og:locale\" content=\"de_DE\" \/>\n<meta property=\"og:type\" content=\"article\" \/>\n<meta property=\"og:title\" content=\"LINGUAVIVA SOMMERCAMP IN LIGNANO | Linguaviva Educational Group\" \/>\n<meta property=\"og:description\" content=\"Lerne Italienisch in unserem Sommer Camp in Lignano.\" \/>\n<meta property=\"og:url\" content=\"https:\/\/linguavivagroup.com\/de\/italienisch-lernen-in-lignano-italien\/\" \/>\n<meta property=\"og:site_name\" content=\"Linguaviva Educational Group\" \/>\n<meta property=\"article:modified_time\" content=\"2025-08-06T15:29:52+00:00\" \/>\n<meta property=\"og:image\" content=\"https:\/\/linguavivagroup.com\/wp-content\/uploads\/2023\/07\/header-mobile.jpg\" \/>\n\t<meta property=\"og:image:width\" content=\"390\" \/>\n\t<meta property=\"og:image:height\" content=\"489\" \/>\n\t<meta property=\"og:image:type\" content=\"image\/jpeg\" \/>\n<meta name=\"twitter:card\" content=\"summary_large_image\" \/>\n<meta name=\"twitter:label1\" content=\"Gesch\u00e4tzte Lesezeit\" \/>\n\t<meta name=\"twitter:data1\" content=\"1\u00a0Minute\" \/>\n<script type=\"application\/ld+json\" class=\"yoast-schema-graph\">{\"@context\":\"https:\/\/schema.org\",\"@graph\":[{\"@type\":\"WebPage\",\"@id\":\"https:\/\/linguavivagroup.com\/de\/italienisch-lernen-in-lignano-italien\/\",\"url\":\"https:\/\/linguavivagroup.com\/de\/italienisch-lernen-in-lignano-italien\/\",\"name\":\"LINGUAVIVA SOMMERCAMP IN LIGNANO | Linguaviva Educational Group\",\"isPartOf\":{\"@id\":\"https:\/\/linguavivagroup.com\/de\/#website\"},\"primaryImageOfPage\":{\"@id\":\"https:\/\/linguavivagroup.com\/de\/italienisch-lernen-in-lignano-italien\/#primaryimage\"},\"image\":{\"@id\":\"https:\/\/linguavivagroup.com\/de\/italienisch-lernen-in-lignano-italien\/#primaryimage\"},\"thumbnailUrl\":\"https:\/\/linguavivagroup.com\/wp-content\/uploads\/2023\/07\/header-mobile.jpg\",\"datePublished\":\"2023-07-19T10:30:03+00:00\",\"dateModified\":\"2025-08-06T15:29:52+00:00\",\"description\":\"Lerne Italienisch in unserem Sommer Camp in Lignano.\",\"breadcrumb\":{\"@id\":\"https:\/\/linguavivagroup.com\/de\/italienisch-lernen-in-lignano-italien\/#breadcrumb\"},\"inLanguage\":\"de\",\"potentialAction\":[{\"@type\":\"ReadAction\",\"target\":[\"https:\/\/linguavivagroup.com\/de\/italienisch-lernen-in-lignano-italien\/\"]}]},{\"@type\":\"ImageObject\",\"inLanguage\":\"de\",\"@id\":\"https:\/\/linguavivagroup.com\/de\/italienisch-lernen-in-lignano-italien\/#primaryimage\",\"url\":\"https:\/\/linguavivagroup.com\/wp-content\/uploads\/2023\/07\/header-mobile.jpg\",\"contentUrl\":\"https:\/\/linguavivagroup.com\/wp-content\/uploads\/2023\/07\/header-mobile.jpg\",\"width\":390,\"height\":489,\"caption\":\"Zwei M\u00e4dchen am Strand von Lignano - mobile\"},{\"@type\":\"BreadcrumbList\",\"@id\":\"https:\/\/linguavivagroup.com\/de\/italienisch-lernen-in-lignano-italien\/#breadcrumb\",\"itemListElement\":[{\"@type\":\"ListItem\",\"position\":1,\"name\":\"Home\",\"item\":\"https:\/\/linguavivagroup.com\/de\/\"},{\"@type\":\"ListItem\",\"position\":2,\"name\":\"LINGUAVIVA SOMMERCAMP IN LIGNANO\"}]},{\"@type\":\"WebSite\",\"@id\":\"https:\/\/linguavivagroup.com\/de\/#website\",\"url\":\"https:\/\/linguavivagroup.com\/de\/\",\"name\":\"Linguaviva Educational Group\",\"description\":\"Study and learn italian in italy\",\"publisher\":{\"@id\":\"https:\/\/linguavivagroup.com\/de\/#organization\"},\"potentialAction\":[{\"@type\":\"SearchAction\",\"target\":{\"@type\":\"EntryPoint\",\"urlTemplate\":\"https:\/\/linguavivagroup.com\/de\/?s={search_term_string}\"},\"query-input\":{\"@type\":\"PropertyValueSpecification\",\"valueRequired\":true,\"valueName\":\"search_term_string\"}}],\"inLanguage\":\"de\"},{\"@type\":\"Organization\",\"@id\":\"https:\/\/linguavivagroup.com\/de\/#organization\",\"name\":\"Linguaviva Educational Group\",\"url\":\"https:\/\/linguavivagroup.com\/de\/\",\"logo\":{\"@type\":\"ImageObject\",\"inLanguage\":\"de\",\"@id\":\"https:\/\/linguavivagroup.com\/de\/#\/schema\/logo\/image\/\",\"url\":\"https:\/\/linguavivagroup.com\/wp-content\/uploads\/2026\/03\/logo-linguaviva-bianco-50-260.png\",\"contentUrl\":\"https:\/\/linguavivagroup.com\/wp-content\/uploads\/2026\/03\/logo-linguaviva-bianco-50-260.png\",\"width\":260,\"height\":48,\"caption\":\"Linguaviva Educational Group\"},\"image\":{\"@id\":\"https:\/\/linguavivagroup.com\/de\/#\/schema\/logo\/image\/\"}}]}<\/script>\n<!-- \/ Yoast SEO plugin. -->","yoast_head_json":{"title":"LINGUAVIVA SOMMERCAMP IN LIGNANO | Linguaviva Educational Group","description":"Lerne Italienisch in unserem Sommer Camp in Lignano.","robots":{"index":"index","follow":"follow","max-snippet":"max-snippet:-1","max-image-preview":"max-image-preview:large","max-video-preview":"max-video-preview:-1"},"canonical":"https:\/\/linguavivagroup.com\/de\/italienisch-lernen-in-lignano-italien\/","og_locale":"de_DE","og_type":"article","og_title":"LINGUAVIVA SOMMERCAMP IN LIGNANO | Linguaviva Educational Group","og_description":"Lerne Italienisch in unserem Sommer Camp in Lignano.","og_url":"https:\/\/linguavivagroup.com\/de\/italienisch-lernen-in-lignano-italien\/","og_site_name":"Linguaviva Educational Group","article_modified_time":"2025-08-06T15:29:52+00:00","og_image":[{"width":390,"height":489,"url":"https:\/\/linguavivagroup.com\/wp-content\/uploads\/2023\/07\/header-mobile.jpg","type":"image\/jpeg"}],"twitter_card":"summary_large_image","twitter_misc":{"Gesch\u00e4tzte Lesezeit":"1\u00a0Minute"},"schema":{"@context":"https:\/\/schema.org","@graph":[{"@type":"WebPage","@id":"https:\/\/linguavivagroup.com\/de\/italienisch-lernen-in-lignano-italien\/","url":"https:\/\/linguavivagroup.com\/de\/italienisch-lernen-in-lignano-italien\/","name":"LINGUAVIVA SOMMERCAMP IN LIGNANO | Linguaviva Educational Group","isPartOf":{"@id":"https:\/\/linguavivagroup.com\/de\/#website"},"primaryImageOfPage":{"@id":"https:\/\/linguavivagroup.com\/de\/italienisch-lernen-in-lignano-italien\/#primaryimage"},"image":{"@id":"https:\/\/linguavivagroup.com\/de\/italienisch-lernen-in-lignano-italien\/#primaryimage"},"thumbnailUrl":"https:\/\/linguavivagroup.com\/wp-content\/uploads\/2023\/07\/header-mobile.jpg","datePublished":"2023-07-19T10:30:03+00:00","dateModified":"2025-08-06T15:29:52+00:00","description":"Lerne Italienisch in unserem Sommer Camp in Lignano.","breadcrumb":{"@id":"https:\/\/linguavivagroup.com\/de\/italienisch-lernen-in-lignano-italien\/#breadcrumb"},"inLanguage":"de","potentialAction":[{"@type":"ReadAction","target":["https:\/\/linguavivagroup.com\/de\/italienisch-lernen-in-lignano-italien\/"]}]},{"@type":"ImageObject","inLanguage":"de","@id":"https:\/\/linguavivagroup.com\/de\/italienisch-lernen-in-lignano-italien\/#primaryimage","url":"https:\/\/linguavivagroup.com\/wp-content\/uploads\/2023\/07\/header-mobile.jpg","contentUrl":"https:\/\/linguavivagroup.com\/wp-content\/uploads\/2023\/07\/header-mobile.jpg","width":390,"height":489,"caption":"Zwei M\u00e4dchen am Strand von Lignano - mobile"},{"@type":"BreadcrumbList","@id":"https:\/\/linguavivagroup.com\/de\/italienisch-lernen-in-lignano-italien\/#breadcrumb","itemListElement":[{"@type":"ListItem","position":1,"name":"Home","item":"https:\/\/linguavivagroup.com\/de\/"},{"@type":"ListItem","position":2,"name":"LINGUAVIVA SOMMERCAMP IN LIGNANO"}]},{"@type":"WebSite","@id":"https:\/\/linguavivagroup.com\/de\/#website","url":"https:\/\/linguavivagroup.com\/de\/","name":"Linguaviva Educational Group","description":"Study and learn italian in italy","publisher":{"@id":"https:\/\/linguavivagroup.com\/de\/#organization"},"potentialAction":[{"@type":"SearchAction","target":{"@type":"EntryPoint","urlTemplate":"https:\/\/linguavivagroup.com\/de\/?s={search_term_string}"},"query-input":{"@type":"PropertyValueSpecification","valueRequired":true,"valueName":"search_term_string"}}],"inLanguage":"de"},{"@type":"Organization","@id":"https:\/\/linguavivagroup.com\/de\/#organization","name":"Linguaviva Educational Group","url":"https:\/\/linguavivagroup.com\/de\/","logo":{"@type":"ImageObject","inLanguage":"de","@id":"https:\/\/linguavivagroup.com\/de\/#\/schema\/logo\/image\/","url":"https:\/\/linguavivagroup.com\/wp-content\/uploads\/2026\/03\/logo-linguaviva-bianco-50-260.png","contentUrl":"https:\/\/linguavivagroup.com\/wp-content\/uploads\/2026\/03\/logo-linguaviva-bianco-50-260.png","width":260,"height":48,"caption":"Linguaviva Educational Group"},"image":{"@id":"https:\/\/linguavivagroup.com\/de\/#\/schema\/logo\/image\/"}}]}},"_links":{"self":[{"href":"https:\/\/linguavivagroup.com\/de\/wp-json\/wp\/v2\/pages\/3609","targetHints":{"allow":["GET"]}}],"collection":[{"href":"https:\/\/linguavivagroup.com\/de\/wp-json\/wp\/v2\/pages"}],"about":[{"href":"https:\/\/linguavivagroup.com\/de\/wp-json\/wp\/v2\/types\/page"}],"author":[{"embeddable":true,"href":"https:\/\/linguavivagroup.com\/de\/wp-json\/wp\/v2\/users\/4"}],"replies":[{"embeddable":true,"href":"https:\/\/linguavivagroup.com\/de\/wp-json\/wp\/v2\/comments?post=3609"}],"version-history":[{"count":9,"href":"https:\/\/linguavivagroup.com\/de\/wp-json\/wp\/v2\/pages\/3609\/revisions"}],"predecessor-version":[{"id":15132,"href":"https:\/\/linguavivagroup.com\/de\/wp-json\/wp\/v2\/pages\/3609\/revisions\/15132"}],"wp:featuredmedia":[{"embeddable":true,"href":"https:\/\/linguavivagroup.com\/de\/wp-json\/wp\/v2\/media\/1754"}],"wp:attachment":[{"href":"https:\/\/linguavivagroup.com\/de\/wp-json\/wp\/v2\/media?parent=3609"}],"curies":[{"name":"wp","href":"https:\/\/api.w.org\/{rel}","templated":true}]}}