{"id":3633,"date":"2023-07-19T12:40:52","date_gmt":"2023-07-19T10:40:52","guid":{"rendered":"https:\/\/linguavivagroup.com\/?page_id=3633"},"modified":"2025-08-06T15:44:07","modified_gmt":"2025-08-06T13:44:07","slug":"unterkuenfte","status":"publish","type":"page","link":"https:\/\/linguavivagroup.com\/de\/unterkuenfte\/","title":{"rendered":"UNTERK\u00dcNFTE"},"content":{"rendered":"<section class=\"wpb-content-wrapper\"><p>[vc_row full_width=&#8220;stretch_row_content_no_spaces&#8220; el_class=&#8220;header-image&#8220;][vc_column][vc_single_image image=&#8220;2005&#8243; img_size=&#8220;full&#8220; el_class=&#8220;img-header-big&#8220;][vc_single_image image=&#8220;2009&#8243; img_size=&#8220;full&#8220; el_class=&#8220;img-header-small&#8220;][\/vc_column][\/vc_row][vc_row el_class=&#8220;sezione no-padding-bottom&#8220;][vc_column width=&#8220;2\/12&#8243;][\/vc_column][vc_column width=&#8220;8\/12&#8243;][vc_column_text el_class=&#8220;red&#8220;]<\/p>\n<h1 style=\"text-align: center;\">UNTERKUNFT<\/h1>\n<p>[\/vc_column_text][vc_column_text]Bei einem Sprachaufenthalt in Italien mit Linguaviva kannst Du selbst entscheiden, welche Art von Unterkunft am besten zu Dir passt. Wir bieten Dir eine gro\u00dfe Auswahl und empfehlen Dir nur Unterk\u00fcnfte, die wir pers\u00f6nlich ausgew\u00e4hlt und \u00fcberpr\u00fcft haben.<br \/>\nDu kannst w\u00e4hlen, ob Du in einer Gastfamilie, einer Wohngemeinschaft, einem Appartement oder einem Wohnheim wohnen m\u00f6chtest.[\/vc_column_text][\/vc_column][vc_column width=&#8220;2\/12&#8243;][\/vc_column][\/vc_row][vc_row gap=&#8220;30&#8243; el_class=&#8220;sezione no-padding-top&#8220;][vc_column][vc_column_text el_class=&#8220;filtro red&#8220;]<\/p>\n<h2>LOCATION<\/h2>\n<ul>\n<li class=\"item-firenze\">Florenz<\/li>\n<li class=\"item-milano\">Mailand<\/li>\n<li class=\"item-lignano\">Lignano<\/li>\n<li class=\"item-all active\">All<\/li>\n<\/ul>\n<p>[\/vc_column_text][\/vc_column][\/vc_row][vc_row][vc_column][vc_basic_grid post_type=&#8220;accommodations&#8220; max_items=&#8220;-1&#8243; gap=&#8220;15&#8243; orderby=&#8220;menu_order&#8220; item=&#8220;1247&#8243; initial_loading_animation=&#8220;none&#8220; grid_id=&#8220;vc_gid:1752495130915-5e8e0532-ea22-0&#8243; el_class=&#8220;elenco-corsi elenco-corsi-all&#8220; taxonomies=&#8220;33&#8243;][vc_basic_grid post_type=&#8220;accommodations&#8220; max_items=&#8220;-1&#8243; gap=&#8220;15&#8243; orderby=&#8220;menu_order&#8220; item=&#8220;1247&#8243; initial_loading_animation=&#8220;none&#8220; grid_id=&#8220;vc_gid:1752495130915-68931ecf-c3cf-0&#8243; el_class=&#8220;elenco-corsi elenco-corsi-milano hidden&#8220; taxonomies=&#8220;34&#8243;][vc_basic_grid post_type=&#8220;accommodations&#8220; max_items=&#8220;-1&#8243; gap=&#8220;15&#8243; orderby=&#8220;menu_order&#8220; item=&#8220;1247&#8243; initial_loading_animation=&#8220;none&#8220; grid_id=&#8220;vc_gid:1752495130915-7ed9f5cd-f260-3&#8243; el_class=&#8220;elenco-corsi elenco-corsi-firenze hidden&#8220; taxonomies=&#8220;35&#8243;][vc_basic_grid post_type=&#8220;accommodations&#8220; max_items=&#8220;-1&#8243; gap=&#8220;15&#8243; orderby=&#8220;menu_order&#8220; item=&#8220;1247&#8243; initial_loading_animation=&#8220;none&#8220; grid_id=&#8220;vc_gid:1752495130915-b78890b8-39be-10&#8243; el_class=&#8220;elenco-corsi elenco-corsi-lignano hidden&#8220; taxonomies=&#8220;39&#8243;][vc_raw_js]JTNDc2NyaXB0JTNFJTBBalF1ZXJ5JTI4ZG9jdW1lbnQlMjkucmVhZHklMjhmdW5jdGlvbiUyOCUyOSU3QiUwQSUyMCUyMCUyMCUyMGpRdWVyeSUyOCUyNy5pdGVtLWFsbCUyNyUyOS5jbGljayUyOGZ1bmN0aW9uJTI4JTI5JTIwJTdCJTBBJTIwJTIwJTIwJTIwJTIwJTIwalF1ZXJ5JTI4JTI3LmVsZW5jby1jb3JzaSUyNyUyOS5oaWRlJTI4JTI5JTNCJTBBalF1ZXJ5JTI4JTI3LmVsZW5jby1jb3JzaS1hbGwlMjclMjkuc2hvdyUyOCUyOSUzQiUwQWpRdWVyeSUyOHRoaXMlMjkuYWRkQ2xhc3MlMjglMjdhY3RpdmUlMjclMjklM0IlMEFqUXVlcnklMjh0aGlzJTI5LnNpYmxpbmdzJTI4JTI5LnJlbW92ZUNsYXNzJTI4JTI3YWN0aXZlJTI3JTI5JTNCJTBBJTIwJTIwJTIwJTIwJTdEJTI5JTNCJTBBJTIwJTIwJTIwJTIwalF1ZXJ5JTI4JTI3Lml0ZW0tbWlsYW5vJTI3JTI5LmNsaWNrJTI4ZnVuY3Rpb24lMjglMjklMjAlN0IlMEElMjAlMjAlMjAlMjAlMjAlMjBqUXVlcnklMjglMjcuZWxlbmNvLWNvcnNpJTI3JTI5LmhpZGUlMjglMjklM0IlMEFqUXVlcnklMjglMjcuZWxlbmNvLWNvcnNpLW1pbGFubyUyNyUyOS5zaG93JTI4JTI5JTNCJTBBalF1ZXJ5JTI4dGhpcyUyOS5hZGRDbGFzcyUyOCUyN2FjdGl2ZSUyNyUyOSUzQiUwQWpRdWVyeSUyOHRoaXMlMjkuc2libGluZ3MlMjglMjkucmVtb3ZlQ2xhc3MlMjglMjdhY3RpdmUlMjclMjklM0IlMEElMjAlMjAlMjAlMjAlN0QlMjklM0IlMEElMjAlMjAlMjAlMjBqUXVlcnklMjglMjcuaXRlbS1maXJlbnplJTI3JTI5LmNsaWNrJTI4ZnVuY3Rpb24lMjglMjklMjAlN0IlMEElMjAlMjAlMjAlMjAlMjAlMjBqUXVlcnklMjglMjcuZWxlbmNvLWNvcnNpJTI3JTI5LmhpZGUlMjglMjklM0IlMEFqUXVlcnklMjglMjcuZWxlbmNvLWNvcnNpLWZpcmVuemUlMjclMjkuc2hvdyUyOCUyOSUzQiUwQWpRdWVyeSUyOHRoaXMlMjkuYWRkQ2xhc3MlMjglMjdhY3RpdmUlMjclMjklM0IlMEFqUXVlcnklMjh0aGlzJTI5LnNpYmxpbmdzJTI4JTI5LnJlbW92ZUNsYXNzJTI4JTI3YWN0aXZlJTI3JTI5JTNCJTBBJTIwJTIwJTIwJTIwJTdEJTI5JTNCJTBBJTIwJTIwJTIwJTIwalF1ZXJ5JTI4JTI3Lml0ZW0tbGlnbmFubyUyNyUyOS5jbGljayUyOGZ1bmN0aW9uJTI4JTI5JTIwJTdCJTBBJTIwJTIwJTIwJTIwJTIwalF1ZXJ5JTI4JTI3LmVsZW5jby1jb3JzaSUyNyUyOS5oaWRlJTI4JTI5JTNCJTBBalF1ZXJ5JTI4JTI3LmVsZW5jby1jb3JzaS1saWduYW5vJTI3JTI5LnNob3clMjglMjklM0IlMEFqUXVlcnklMjh0aGlzJTI5LmFkZENsYXNzJTI4JTI3YWN0aXZlJTI3JTI5JTNCJTBBalF1ZXJ5JTI4dGhpcyUyOS5zaWJsaW5ncyUyOCUyOS5yZW1vdmVDbGFzcyUyOCUyN2FjdGl2ZSUyNyUyOSUzQiUwQSUyMCUyMCUyMCUyMCU3RCUyOSUzQiUwQSU3RCUyOSUzQiUwQSUzQyUyRnNjcmlwdCUzRQ==[\/vc_raw_js][\/vc_column][\/vc_row]<\/p>\n<\/section>","protected":false},"excerpt":{"rendered":"<p>[vc_row full_width=&#8220;stretch_row_content_no_spaces&#8220; el_class=&#8220;header-image&#8220;][vc_column][vc_single_image image=&#8220;2005&#8243; img_size=&#8220;full&#8220; el_class=&#8220;img-header-big&#8220;][vc_single_image image=&#8220;2009&#8243; img_size=&#8220;full&#8220; el_class=&#8220;img-header-small&#8220;][\/vc_column][\/vc_row][vc_row el_class=&#8220;sezione no-padding-bottom&#8220;][vc_column width=&#8220;2\/12&#8243;][\/vc_column][vc_column width=&#8220;8\/12&#8243;][vc_column_text el_class=&#8220;red&#8220;] UNTERKUNFT [\/vc_column_text][vc_column_text]Bei einem Sprachaufenthalt in Italien mit Linguaviva kannst Du selbst entscheiden, welche Art von Unterkunft am besten zu Dir passt. Wir bieten Dir eine gro\u00dfe Auswahl und empfehlen Dir nur Unterk\u00fcnfte, die wir pers\u00f6nlich ausgew\u00e4hlt und \u00fcberpr\u00fcft haben. Du kannst [&hellip;]<\/p>\n","protected":false},"author":4,"featured_media":0,"parent":0,"menu_order":-1,"comment_status":"closed","ping_status":"closed","template":"","meta":{"inline_featured_image":false,"footnotes":""},"class_list":["post-3633","page","type-page","status-publish","hentry"],"yoast_head":"<!-- This site is optimized with the Yoast SEO plugin v27.2 - https:\/\/yoast.com\/product\/yoast-seo-wordpress\/ -->\n<title>UNTERK\u00dcNFTE | Linguaviva Educational Group<\/title>\n<meta name=\"description\" content=\"Bei allen Linguaviva-Studienreisen haben Sie die M\u00f6glichkeit, Ihre Unterkunft selbst zu w\u00e4hlen. Wir bieten eine gro\u00dfe Auswahl an Unterk\u00fcnften, die alle von unseren Mitarbeitern pers\u00f6nlich ausgew\u00e4hlt und \u00fcberpr\u00fcft wurden.\" \/>\n<meta name=\"robots\" content=\"index, follow, max-snippet:-1, max-image-preview:large, max-video-preview:-1\" \/>\n<link rel=\"canonical\" href=\"https:\/\/linguavivagroup.com\/de\/unterkuenfte\/\" \/>\n<meta property=\"og:locale\" content=\"de_DE\" \/>\n<meta property=\"og:type\" content=\"article\" \/>\n<meta property=\"og:title\" content=\"UNTERK\u00dcNFTE | Linguaviva Educational Group\" \/>\n<meta property=\"og:description\" content=\"Bei allen Linguaviva-Studienreisen haben Sie die M\u00f6glichkeit, Ihre Unterkunft selbst zu w\u00e4hlen. Wir bieten eine gro\u00dfe Auswahl an Unterk\u00fcnften, die alle von unseren Mitarbeitern pers\u00f6nlich ausgew\u00e4hlt und \u00fcberpr\u00fcft wurden.\" \/>\n<meta property=\"og:url\" content=\"https:\/\/linguavivagroup.com\/de\/unterkuenfte\/\" \/>\n<meta property=\"og:site_name\" content=\"Linguaviva Educational Group\" \/>\n<meta property=\"article:modified_time\" content=\"2025-08-06T13:44:07+00:00\" \/>\n<meta property=\"og:image\" content=\"https:\/\/linguavivagroup.com\/wp-content\/uploads\/2023\/04\/Educational-group.jpg\" \/>\n\t<meta property=\"og:image:width\" content=\"1920\" \/>\n\t<meta property=\"og:image:height\" content=\"923\" \/>\n\t<meta property=\"og:image:type\" content=\"image\/jpeg\" \/>\n<meta name=\"twitter:card\" content=\"summary_large_image\" \/>\n<meta name=\"twitter:label1\" content=\"Gesch\u00e4tzte Lesezeit\" \/>\n\t<meta name=\"twitter:data1\" content=\"1\u00a0Minute\" \/>\n<script type=\"application\/ld+json\" class=\"yoast-schema-graph\">{\"@context\":\"https:\/\/schema.org\",\"@graph\":[{\"@type\":\"WebPage\",\"@id\":\"https:\/\/linguavivagroup.com\/de\/unterkuenfte\/\",\"url\":\"https:\/\/linguavivagroup.com\/de\/unterkuenfte\/\",\"name\":\"UNTERK\u00dcNFTE | Linguaviva Educational Group\",\"isPartOf\":{\"@id\":\"https:\/\/linguavivagroup.com\/de\/#website\"},\"datePublished\":\"2023-07-19T10:40:52+00:00\",\"dateModified\":\"2025-08-06T13:44:07+00:00\",\"description\":\"Bei allen Linguaviva-Studienreisen haben Sie die M\u00f6glichkeit, Ihre Unterkunft selbst zu w\u00e4hlen. Wir bieten eine gro\u00dfe Auswahl an Unterk\u00fcnften, die alle von unseren Mitarbeitern pers\u00f6nlich ausgew\u00e4hlt und \u00fcberpr\u00fcft wurden.\",\"breadcrumb\":{\"@id\":\"https:\/\/linguavivagroup.com\/de\/unterkuenfte\/#breadcrumb\"},\"inLanguage\":\"de\",\"potentialAction\":[{\"@type\":\"ReadAction\",\"target\":[\"https:\/\/linguavivagroup.com\/de\/unterkuenfte\/\"]}]},{\"@type\":\"BreadcrumbList\",\"@id\":\"https:\/\/linguavivagroup.com\/de\/unterkuenfte\/#breadcrumb\",\"itemListElement\":[{\"@type\":\"ListItem\",\"position\":1,\"name\":\"Home\",\"item\":\"https:\/\/linguavivagroup.com\/de\/\"},{\"@type\":\"ListItem\",\"position\":2,\"name\":\"UNTERK\u00dcNFTE\"}]},{\"@type\":\"WebSite\",\"@id\":\"https:\/\/linguavivagroup.com\/de\/#website\",\"url\":\"https:\/\/linguavivagroup.com\/de\/\",\"name\":\"Linguaviva Educational Group\",\"description\":\"Study and learn italian in italy\",\"publisher\":{\"@id\":\"https:\/\/linguavivagroup.com\/de\/#organization\"},\"potentialAction\":[{\"@type\":\"SearchAction\",\"target\":{\"@type\":\"EntryPoint\",\"urlTemplate\":\"https:\/\/linguavivagroup.com\/de\/?s={search_term_string}\"},\"query-input\":{\"@type\":\"PropertyValueSpecification\",\"valueRequired\":true,\"valueName\":\"search_term_string\"}}],\"inLanguage\":\"de\"},{\"@type\":\"Organization\",\"@id\":\"https:\/\/linguavivagroup.com\/de\/#organization\",\"name\":\"Linguaviva Educational Group\",\"url\":\"https:\/\/linguavivagroup.com\/de\/\",\"logo\":{\"@type\":\"ImageObject\",\"inLanguage\":\"de\",\"@id\":\"https:\/\/linguavivagroup.com\/de\/#\/schema\/logo\/image\/\",\"url\":\"https:\/\/linguavivagroup.com\/wp-content\/uploads\/2026\/03\/logo-linguaviva-bianco-50-260.png\",\"contentUrl\":\"https:\/\/linguavivagroup.com\/wp-content\/uploads\/2026\/03\/logo-linguaviva-bianco-50-260.png\",\"width\":260,\"height\":48,\"caption\":\"Linguaviva Educational Group\"},\"image\":{\"@id\":\"https:\/\/linguavivagroup.com\/de\/#\/schema\/logo\/image\/\"}}]}<\/script>\n<!-- \/ Yoast SEO plugin. -->","yoast_head_json":{"title":"UNTERK\u00dcNFTE | Linguaviva Educational Group","description":"Bei allen Linguaviva-Studienreisen haben Sie die M\u00f6glichkeit, Ihre Unterkunft selbst zu w\u00e4hlen. Wir bieten eine gro\u00dfe Auswahl an Unterk\u00fcnften, die alle von unseren Mitarbeitern pers\u00f6nlich ausgew\u00e4hlt und \u00fcberpr\u00fcft wurden.","robots":{"index":"index","follow":"follow","max-snippet":"max-snippet:-1","max-image-preview":"max-image-preview:large","max-video-preview":"max-video-preview:-1"},"canonical":"https:\/\/linguavivagroup.com\/de\/unterkuenfte\/","og_locale":"de_DE","og_type":"article","og_title":"UNTERK\u00dcNFTE | Linguaviva Educational Group","og_description":"Bei allen Linguaviva-Studienreisen haben Sie die M\u00f6glichkeit, Ihre Unterkunft selbst zu w\u00e4hlen. Wir bieten eine gro\u00dfe Auswahl an Unterk\u00fcnften, die alle von unseren Mitarbeitern pers\u00f6nlich ausgew\u00e4hlt und \u00fcberpr\u00fcft wurden.","og_url":"https:\/\/linguavivagroup.com\/de\/unterkuenfte\/","og_site_name":"Linguaviva Educational Group","article_modified_time":"2025-08-06T13:44:07+00:00","og_image":[{"width":1920,"height":923,"url":"https:\/\/linguavivagroup.com\/wp-content\/uploads\/2023\/04\/Educational-group.jpg","type":"image\/jpeg"}],"twitter_card":"summary_large_image","twitter_misc":{"Gesch\u00e4tzte Lesezeit":"1\u00a0Minute"},"schema":{"@context":"https:\/\/schema.org","@graph":[{"@type":"WebPage","@id":"https:\/\/linguavivagroup.com\/de\/unterkuenfte\/","url":"https:\/\/linguavivagroup.com\/de\/unterkuenfte\/","name":"UNTERK\u00dcNFTE | Linguaviva Educational Group","isPartOf":{"@id":"https:\/\/linguavivagroup.com\/de\/#website"},"datePublished":"2023-07-19T10:40:52+00:00","dateModified":"2025-08-06T13:44:07+00:00","description":"Bei allen Linguaviva-Studienreisen haben Sie die M\u00f6glichkeit, Ihre Unterkunft selbst zu w\u00e4hlen. Wir bieten eine gro\u00dfe Auswahl an Unterk\u00fcnften, die alle von unseren Mitarbeitern pers\u00f6nlich ausgew\u00e4hlt und \u00fcberpr\u00fcft wurden.","breadcrumb":{"@id":"https:\/\/linguavivagroup.com\/de\/unterkuenfte\/#breadcrumb"},"inLanguage":"de","potentialAction":[{"@type":"ReadAction","target":["https:\/\/linguavivagroup.com\/de\/unterkuenfte\/"]}]},{"@type":"BreadcrumbList","@id":"https:\/\/linguavivagroup.com\/de\/unterkuenfte\/#breadcrumb","itemListElement":[{"@type":"ListItem","position":1,"name":"Home","item":"https:\/\/linguavivagroup.com\/de\/"},{"@type":"ListItem","position":2,"name":"UNTERK\u00dcNFTE"}]},{"@type":"WebSite","@id":"https:\/\/linguavivagroup.com\/de\/#website","url":"https:\/\/linguavivagroup.com\/de\/","name":"Linguaviva Educational Group","description":"Study and learn italian in italy","publisher":{"@id":"https:\/\/linguavivagroup.com\/de\/#organization"},"potentialAction":[{"@type":"SearchAction","target":{"@type":"EntryPoint","urlTemplate":"https:\/\/linguavivagroup.com\/de\/?s={search_term_string}"},"query-input":{"@type":"PropertyValueSpecification","valueRequired":true,"valueName":"search_term_string"}}],"inLanguage":"de"},{"@type":"Organization","@id":"https:\/\/linguavivagroup.com\/de\/#organization","name":"Linguaviva Educational Group","url":"https:\/\/linguavivagroup.com\/de\/","logo":{"@type":"ImageObject","inLanguage":"de","@id":"https:\/\/linguavivagroup.com\/de\/#\/schema\/logo\/image\/","url":"https:\/\/linguavivagroup.com\/wp-content\/uploads\/2026\/03\/logo-linguaviva-bianco-50-260.png","contentUrl":"https:\/\/linguavivagroup.com\/wp-content\/uploads\/2026\/03\/logo-linguaviva-bianco-50-260.png","width":260,"height":48,"caption":"Linguaviva Educational Group"},"image":{"@id":"https:\/\/linguavivagroup.com\/de\/#\/schema\/logo\/image\/"}}]}},"_links":{"self":[{"href":"https:\/\/linguavivagroup.com\/de\/wp-json\/wp\/v2\/pages\/3633","targetHints":{"allow":["GET"]}}],"collection":[{"href":"https:\/\/linguavivagroup.com\/de\/wp-json\/wp\/v2\/pages"}],"about":[{"href":"https:\/\/linguavivagroup.com\/de\/wp-json\/wp\/v2\/types\/page"}],"author":[{"embeddable":true,"href":"https:\/\/linguavivagroup.com\/de\/wp-json\/wp\/v2\/users\/4"}],"replies":[{"embeddable":true,"href":"https:\/\/linguavivagroup.com\/de\/wp-json\/wp\/v2\/comments?post=3633"}],"version-history":[{"count":5,"href":"https:\/\/linguavivagroup.com\/de\/wp-json\/wp\/v2\/pages\/3633\/revisions"}],"predecessor-version":[{"id":14940,"href":"https:\/\/linguavivagroup.com\/de\/wp-json\/wp\/v2\/pages\/3633\/revisions\/14940"}],"wp:attachment":[{"href":"https:\/\/linguavivagroup.com\/de\/wp-json\/wp\/v2\/media?parent=3633"}],"curies":[{"name":"wp","href":"https:\/\/api.w.org\/{rel}","templated":true}]}}