{"id":3636,"date":"2023-07-21T15:55:06","date_gmt":"2023-07-21T13:55:06","guid":{"rendered":"https:\/\/linguavivagroup.com\/?page_id=3636"},"modified":"2025-08-07T17:49:18","modified_gmt":"2025-08-07T15:49:18","slug":"italienischkurse","status":"publish","type":"page","link":"https:\/\/linguavivagroup.com\/de\/italienischkurse\/","title":{"rendered":"ITALIENISCHKURSE"},"content":{"rendered":"<section class=\"wpb-content-wrapper\"><p>[vc_row full_width=&#8220;stretch_row_content_no_spaces&#8220; el_class=&#8220;header-image&#8220;][vc_column][vc_single_image image=&#8220;1257&#8243; img_size=&#8220;full&#8220; el_class=&#8220;img-header-big&#8220;][vc_single_image image=&#8220;1257&#8243; img_size=&#8220;full&#8220; el_class=&#8220;img-header-small&#8220;][\/vc_column][\/vc_row][vc_row el_class=&#8220;sezione no-padding-bottom&#8220;][vc_column width=&#8220;2\/12&#8243;][\/vc_column][vc_column width=&#8220;8\/12&#8243;][vc_column_text el_class=&#8220;red&#8220;]<\/p>\n<h1 style=\"text-align: center;\">ITALIENISCH LERNEN UND ITALIEN ERLEBEN<\/h1>\n<p>[\/vc_column_text][vc_column_text]In unseren Italienischkursen kannst Du Italienisch lernen und in die italienische Kultur eintauchen.<\/p>\n<p>Wir bieten verschiedene Lernprogramme an. Diese unterscheiden sich in der Anzahl der Unterrichtseinheiten pro Woche, in der Lehrmethode und vor allem im Lernziel. Vom studienvorbereitenden Italienischkurs f\u00fcr ein Universit\u00e4tsstudium in Italien bis zur erlebnisorientierten Sprachreise ist f\u00fcr jede und jeden etwas dabei. Wir bieten auch erlebnisreiche Juniorprogramme an, die den Sprachunterricht mit spannenden Freizeitaktivit\u00e4ten verbinden. Damit unsere Kursteilnehmenden ihr Italienisch weiter \u00fcben k\u00f6nnen, bieten wir auch Onlinekurse an, die sie entweder vor einem Pr\u00e4senzkurs oder im Anschluss daran besuchen k\u00f6nnen.<\/p>\n<p>Welches Angebot passt f\u00fcr Dich am besten?[\/vc_column_text][\/vc_column][vc_column width=&#8220;2\/12&#8243;][\/vc_column][\/vc_row][vc_row gap=&#8220;30&#8243; el_class=&#8220;sezione no-padding-top&#8220;][vc_column][vc_column_text el_class=&#8220;filtro red&#8220;]<\/p>\n<h2>STANDORTE<\/h2>\n<ul>\n<li class=\"item-firenze\">Florenz<\/li>\n<li class=\"item-firenze\">Mailand<\/li>\n<li class=\"item-firenze\">Lignano<\/li>\n<li class=\"item-firenze\">Alle<\/li>\n<\/ul>\n<p>[\/vc_column_text][\/vc_column][\/vc_row][vc_row][vc_column][vc_basic_grid post_type=&#8220;courses&#8220; max_items=&#8220;-1&#8243; gap=&#8220;15&#8243; orderby=&#8220;menu_order&#8220; item=&#8220;1247&#8243; initial_loading_animation=&#8220;none&#8220; grid_id=&#8220;vc_gid:1752224750826-2bf31221-13ea-9&#8243; el_class=&#8220;elenco-corsi elenco-corsi-firenze hidden&#8220; taxonomies=&#8220;40&#8243;][vc_basic_grid post_type=&#8220;courses&#8220; max_items=&#8220;-1&#8243; gap=&#8220;15&#8243; orderby=&#8220;menu_order&#8220; item=&#8220;1247&#8243; initial_loading_animation=&#8220;none&#8220; grid_id=&#8220;vc_gid:1752224750828-d8cb03d4-e6d0-9&#8243; el_class=&#8220;elenco-corsi elenco-corsi-milano hidden&#8220; taxonomies=&#8220;43&#8243;][vc_basic_grid post_type=&#8220;courses&#8220; max_items=&#8220;-1&#8243; gap=&#8220;15&#8243; orderby=&#8220;menu_order&#8220; item=&#8220;1247&#8243; initial_loading_animation=&#8220;none&#8220; grid_id=&#8220;vc_gid:1752224750828-4a27a81c-2cc6-0&#8243; el_class=&#8220;elenco-corsi elenco-corsi-lignano hidden&#8220; taxonomies=&#8220;42&#8243;][vc_basic_grid post_type=&#8220;courses&#8220; max_items=&#8220;-1&#8243; gap=&#8220;15&#8243; orderby=&#8220;menu_order&#8220; item=&#8220;1247&#8243; initial_loading_animation=&#8220;none&#8220; grid_id=&#8220;vc_gid:1752224750828-4db9a399-3241-1&#8243; el_class=&#8220;elenco-corsi elenco-corsi-all&#8220; taxonomies=&#8220;4&#8243;][vc_raw_js]JTNDc2NyaXB0JTNFJTBBalF1ZXJ5JTI4ZG9jdW1lbnQlMjkucmVhZHklMjhmdW5jdGlvbiUyOCUyOSU3QiUwQSUyMCUyMCUyMCUyMGpRdWVyeSUyOCUyNy5pdGVtLWFsbCUyNyUyOS5jbGljayUyOGZ1bmN0aW9uJTI4JTI5JTIwJTdCJTBBJTIwJTIwJTIwJTIwJTIwJTIwalF1ZXJ5JTI4JTI3LmVsZW5jby1jb3JzaSUyNyUyOS5oaWRlJTI4JTI5JTNCJTBBalF1ZXJ5JTI4JTI3LmVsZW5jby1jb3JzaS1hbGwlMjclMjkuc2hvdyUyOCUyOSUzQiUwQWpRdWVyeSUyOHRoaXMlMjkuYWRkQ2xhc3MlMjglMjdhY3RpdmUlMjclMjklM0IlMEFqUXVlcnklMjh0aGlzJTI5LnNpYmxpbmdzJTI4JTI5LnJlbW92ZUNsYXNzJTI4JTI3YWN0aXZlJTI3JTI5JTNCJTBBJTIwJTIwJTIwJTIwJTdEJTI5JTNCJTBBJTIwJTIwJTIwJTIwalF1ZXJ5JTI4JTI3Lml0ZW0tbWlsYW5vJTI3JTI5LmNsaWNrJTI4ZnVuY3Rpb24lMjglMjklMjAlN0IlMEElMjAlMjAlMjAlMjAlMjAlMjBqUXVlcnklMjglMjcuZWxlbmNvLWNvcnNpJTI3JTI5LmhpZGUlMjglMjklM0IlMEFqUXVlcnklMjglMjcuZWxlbmNvLWNvcnNpLW1pbGFubyUyNyUyOS5zaG93JTI4JTI5JTNCJTBBalF1ZXJ5JTI4dGhpcyUyOS5hZGRDbGFzcyUyOCUyN2FjdGl2ZSUyNyUyOSUzQiUwQWpRdWVyeSUyOHRoaXMlMjkuc2libGluZ3MlMjglMjkucmVtb3ZlQ2xhc3MlMjglMjdhY3RpdmUlMjclMjklM0IlMEElMjAlMjAlMjAlMjAlN0QlMjklM0IlMEElMjAlMjAlMjAlMjBqUXVlcnklMjglMjcuaXRlbS1maXJlbnplJTI3JTI5LmNsaWNrJTI4ZnVuY3Rpb24lMjglMjklMjAlN0IlMEElMjAlMjAlMjAlMjAlMjAlMjBqUXVlcnklMjglMjcuZWxlbmNvLWNvcnNpJTI3JTI5LmhpZGUlMjglMjklM0IlMEFqUXVlcnklMjglMjcuZWxlbmNvLWNvcnNpLWZpcmVuemUlMjclMjkuc2hvdyUyOCUyOSUzQiUwQWpRdWVyeSUyOHRoaXMlMjkuYWRkQ2xhc3MlMjglMjdhY3RpdmUlMjclMjklM0IlMEFqUXVlcnklMjh0aGlzJTI5LnNpYmxpbmdzJTI4JTI5LnJlbW92ZUNsYXNzJTI4JTI3YWN0aXZlJTI3JTI5JTNCJTBBJTIwJTIwJTIwJTIwJTdEJTI5JTNCJTBBJTIwJTIwJTIwJTIwalF1ZXJ5JTI4JTI3Lml0ZW0tbGlnbmFubyUyNyUyOS5jbGljayUyOGZ1bmN0aW9uJTI4JTI5JTIwJTdCJTBBJTIwJTIwJTIwJTIwJTIwalF1ZXJ5JTI4JTI3LmVsZW5jby1jb3JzaSUyNyUyOS5oaWRlJTI4JTI5JTNCJTBBalF1ZXJ5JTI4JTI3LmVsZW5jby1jb3JzaS1saWduYW5vJTI3JTI5LnNob3clMjglMjklM0IlMEFqUXVlcnklMjh0aGlzJTI5LmFkZENsYXNzJTI4JTI3YWN0aXZlJTI3JTI5JTNCJTBBalF1ZXJ5JTI4dGhpcyUyOS5zaWJsaW5ncyUyOCUyOS5yZW1vdmVDbGFzcyUyOCUyN2FjdGl2ZSUyNyUyOSUzQiUwQSUyMCUyMCUyMCUyMCU3RCUyOSUzQiUwQSU3RCUyOSUzQiUwQSUzQyUyRnNjcmlwdCUzRQ==[\/vc_raw_js][\/vc_column][\/vc_row][vc_row][vc_column][vc_raw_html]JTNDc3R5bGUlM0UlMEEuZm9vdGVyLWZvcm0lMjAlN0JkaXNwbGF5JTNBJTIwbm9uZSUzQiU3RCUwQSUzQyUyRnN0eWxlJTNF[\/vc_raw_html][\/vc_column][\/vc_row]<\/p>\n<\/section>","protected":false},"excerpt":{"rendered":"<p>[vc_row full_width=&#8220;stretch_row_content_no_spaces&#8220; el_class=&#8220;header-image&#8220;][vc_column][vc_single_image image=&#8220;1257&#8243; img_size=&#8220;full&#8220; el_class=&#8220;img-header-big&#8220;][vc_single_image image=&#8220;1257&#8243; img_size=&#8220;full&#8220; el_class=&#8220;img-header-small&#8220;][\/vc_column][\/vc_row][vc_row el_class=&#8220;sezione no-padding-bottom&#8220;][vc_column width=&#8220;2\/12&#8243;][\/vc_column][vc_column width=&#8220;8\/12&#8243;][vc_column_text el_class=&#8220;red&#8220;] ITALIENISCH LERNEN UND ITALIEN ERLEBEN [\/vc_column_text][vc_column_text]In unseren Italienischkursen kannst Du Italienisch lernen und in die italienische Kultur eintauchen. Wir bieten verschiedene Lernprogramme an. Diese unterscheiden sich in der Anzahl der Unterrichtseinheiten pro Woche, in der Lehrmethode und vor allem im Lernziel. [&hellip;]<\/p>\n","protected":false},"author":4,"featured_media":0,"parent":0,"menu_order":-1,"comment_status":"closed","ping_status":"closed","template":"","meta":{"inline_featured_image":false,"footnotes":""},"class_list":["post-3636","page","type-page","status-publish","hentry"],"yoast_head":"<!-- This site is optimized with the Yoast SEO plugin v27.2 - https:\/\/yoast.com\/product\/yoast-seo-wordpress\/ -->\n<title>ITALIENISCHKURSE | Linguaviva Educational Group<\/title>\n<meta name=\"description\" content=\"Unser vielf\u00e4ltiges Angebot an Italienischkursen kombiniert ein hohes Ma\u00df an sprachlicher und kultureller Ausbildung.\" \/>\n<meta name=\"robots\" content=\"index, follow, max-snippet:-1, max-image-preview:large, max-video-preview:-1\" \/>\n<link rel=\"canonical\" href=\"https:\/\/linguavivagroup.com\/de\/italienischkurse\/\" \/>\n<meta property=\"og:locale\" content=\"de_DE\" \/>\n<meta property=\"og:type\" content=\"article\" \/>\n<meta property=\"og:title\" content=\"ITALIENISCHKURSE | Linguaviva Educational Group\" \/>\n<meta property=\"og:description\" content=\"Unser vielf\u00e4ltiges Angebot an Italienischkursen kombiniert ein hohes Ma\u00df an sprachlicher und kultureller Ausbildung.\" \/>\n<meta property=\"og:url\" content=\"https:\/\/linguavivagroup.com\/de\/italienischkurse\/\" \/>\n<meta property=\"og:site_name\" content=\"Linguaviva Educational Group\" \/>\n<meta property=\"article:modified_time\" content=\"2025-08-07T15:49:18+00:00\" \/>\n<meta property=\"og:image\" content=\"https:\/\/linguavivagroup.com\/wp-content\/uploads\/2023\/04\/Educational-group.jpg\" \/>\n\t<meta property=\"og:image:width\" content=\"1920\" \/>\n\t<meta property=\"og:image:height\" content=\"923\" \/>\n\t<meta property=\"og:image:type\" content=\"image\/jpeg\" \/>\n<meta name=\"twitter:card\" content=\"summary_large_image\" \/>\n<meta name=\"twitter:label1\" content=\"Gesch\u00e4tzte Lesezeit\" \/>\n\t<meta name=\"twitter:data1\" content=\"1\u00a0Minute\" \/>\n<script type=\"application\/ld+json\" class=\"yoast-schema-graph\">{\"@context\":\"https:\/\/schema.org\",\"@graph\":[{\"@type\":\"WebPage\",\"@id\":\"https:\/\/linguavivagroup.com\/de\/italienischkurse\/\",\"url\":\"https:\/\/linguavivagroup.com\/de\/italienischkurse\/\",\"name\":\"ITALIENISCHKURSE | Linguaviva Educational Group\",\"isPartOf\":{\"@id\":\"https:\/\/linguavivagroup.com\/de\/#website\"},\"datePublished\":\"2023-07-21T13:55:06+00:00\",\"dateModified\":\"2025-08-07T15:49:18+00:00\",\"description\":\"Unser vielf\u00e4ltiges Angebot an Italienischkursen kombiniert ein hohes Ma\u00df an sprachlicher und kultureller Ausbildung.\",\"breadcrumb\":{\"@id\":\"https:\/\/linguavivagroup.com\/de\/italienischkurse\/#breadcrumb\"},\"inLanguage\":\"de\",\"potentialAction\":[{\"@type\":\"ReadAction\",\"target\":[\"https:\/\/linguavivagroup.com\/de\/italienischkurse\/\"]}]},{\"@type\":\"BreadcrumbList\",\"@id\":\"https:\/\/linguavivagroup.com\/de\/italienischkurse\/#breadcrumb\",\"itemListElement\":[{\"@type\":\"ListItem\",\"position\":1,\"name\":\"Home\",\"item\":\"https:\/\/linguavivagroup.com\/de\/\"},{\"@type\":\"ListItem\",\"position\":2,\"name\":\"ITALIENISCHKURSE\"}]},{\"@type\":\"WebSite\",\"@id\":\"https:\/\/linguavivagroup.com\/de\/#website\",\"url\":\"https:\/\/linguavivagroup.com\/de\/\",\"name\":\"Linguaviva Educational Group\",\"description\":\"Study and learn italian in italy\",\"publisher\":{\"@id\":\"https:\/\/linguavivagroup.com\/de\/#organization\"},\"potentialAction\":[{\"@type\":\"SearchAction\",\"target\":{\"@type\":\"EntryPoint\",\"urlTemplate\":\"https:\/\/linguavivagroup.com\/de\/?s={search_term_string}\"},\"query-input\":{\"@type\":\"PropertyValueSpecification\",\"valueRequired\":true,\"valueName\":\"search_term_string\"}}],\"inLanguage\":\"de\"},{\"@type\":\"Organization\",\"@id\":\"https:\/\/linguavivagroup.com\/de\/#organization\",\"name\":\"Linguaviva Educational Group\",\"url\":\"https:\/\/linguavivagroup.com\/de\/\",\"logo\":{\"@type\":\"ImageObject\",\"inLanguage\":\"de\",\"@id\":\"https:\/\/linguavivagroup.com\/de\/#\/schema\/logo\/image\/\",\"url\":\"https:\/\/linguavivagroup.com\/wp-content\/uploads\/2026\/03\/logo-linguaviva-bianco-50-260.png\",\"contentUrl\":\"https:\/\/linguavivagroup.com\/wp-content\/uploads\/2026\/03\/logo-linguaviva-bianco-50-260.png\",\"width\":260,\"height\":48,\"caption\":\"Linguaviva Educational Group\"},\"image\":{\"@id\":\"https:\/\/linguavivagroup.com\/de\/#\/schema\/logo\/image\/\"}}]}<\/script>\n<!-- \/ Yoast SEO plugin. -->","yoast_head_json":{"title":"ITALIENISCHKURSE | Linguaviva Educational Group","description":"Unser vielf\u00e4ltiges Angebot an Italienischkursen kombiniert ein hohes Ma\u00df an sprachlicher und kultureller Ausbildung.","robots":{"index":"index","follow":"follow","max-snippet":"max-snippet:-1","max-image-preview":"max-image-preview:large","max-video-preview":"max-video-preview:-1"},"canonical":"https:\/\/linguavivagroup.com\/de\/italienischkurse\/","og_locale":"de_DE","og_type":"article","og_title":"ITALIENISCHKURSE | Linguaviva Educational Group","og_description":"Unser vielf\u00e4ltiges Angebot an Italienischkursen kombiniert ein hohes Ma\u00df an sprachlicher und kultureller Ausbildung.","og_url":"https:\/\/linguavivagroup.com\/de\/italienischkurse\/","og_site_name":"Linguaviva Educational Group","article_modified_time":"2025-08-07T15:49:18+00:00","og_image":[{"width":1920,"height":923,"url":"https:\/\/linguavivagroup.com\/wp-content\/uploads\/2023\/04\/Educational-group.jpg","type":"image\/jpeg"}],"twitter_card":"summary_large_image","twitter_misc":{"Gesch\u00e4tzte Lesezeit":"1\u00a0Minute"},"schema":{"@context":"https:\/\/schema.org","@graph":[{"@type":"WebPage","@id":"https:\/\/linguavivagroup.com\/de\/italienischkurse\/","url":"https:\/\/linguavivagroup.com\/de\/italienischkurse\/","name":"ITALIENISCHKURSE | Linguaviva Educational Group","isPartOf":{"@id":"https:\/\/linguavivagroup.com\/de\/#website"},"datePublished":"2023-07-21T13:55:06+00:00","dateModified":"2025-08-07T15:49:18+00:00","description":"Unser vielf\u00e4ltiges Angebot an Italienischkursen kombiniert ein hohes Ma\u00df an sprachlicher und kultureller Ausbildung.","breadcrumb":{"@id":"https:\/\/linguavivagroup.com\/de\/italienischkurse\/#breadcrumb"},"inLanguage":"de","potentialAction":[{"@type":"ReadAction","target":["https:\/\/linguavivagroup.com\/de\/italienischkurse\/"]}]},{"@type":"BreadcrumbList","@id":"https:\/\/linguavivagroup.com\/de\/italienischkurse\/#breadcrumb","itemListElement":[{"@type":"ListItem","position":1,"name":"Home","item":"https:\/\/linguavivagroup.com\/de\/"},{"@type":"ListItem","position":2,"name":"ITALIENISCHKURSE"}]},{"@type":"WebSite","@id":"https:\/\/linguavivagroup.com\/de\/#website","url":"https:\/\/linguavivagroup.com\/de\/","name":"Linguaviva Educational Group","description":"Study and learn italian in italy","publisher":{"@id":"https:\/\/linguavivagroup.com\/de\/#organization"},"potentialAction":[{"@type":"SearchAction","target":{"@type":"EntryPoint","urlTemplate":"https:\/\/linguavivagroup.com\/de\/?s={search_term_string}"},"query-input":{"@type":"PropertyValueSpecification","valueRequired":true,"valueName":"search_term_string"}}],"inLanguage":"de"},{"@type":"Organization","@id":"https:\/\/linguavivagroup.com\/de\/#organization","name":"Linguaviva Educational Group","url":"https:\/\/linguavivagroup.com\/de\/","logo":{"@type":"ImageObject","inLanguage":"de","@id":"https:\/\/linguavivagroup.com\/de\/#\/schema\/logo\/image\/","url":"https:\/\/linguavivagroup.com\/wp-content\/uploads\/2026\/03\/logo-linguaviva-bianco-50-260.png","contentUrl":"https:\/\/linguavivagroup.com\/wp-content\/uploads\/2026\/03\/logo-linguaviva-bianco-50-260.png","width":260,"height":48,"caption":"Linguaviva Educational Group"},"image":{"@id":"https:\/\/linguavivagroup.com\/de\/#\/schema\/logo\/image\/"}}]}},"_links":{"self":[{"href":"https:\/\/linguavivagroup.com\/de\/wp-json\/wp\/v2\/pages\/3636","targetHints":{"allow":["GET"]}}],"collection":[{"href":"https:\/\/linguavivagroup.com\/de\/wp-json\/wp\/v2\/pages"}],"about":[{"href":"https:\/\/linguavivagroup.com\/de\/wp-json\/wp\/v2\/types\/page"}],"author":[{"embeddable":true,"href":"https:\/\/linguavivagroup.com\/de\/wp-json\/wp\/v2\/users\/4"}],"replies":[{"embeddable":true,"href":"https:\/\/linguavivagroup.com\/de\/wp-json\/wp\/v2\/comments?post=3636"}],"version-history":[{"count":10,"href":"https:\/\/linguavivagroup.com\/de\/wp-json\/wp\/v2\/pages\/3636\/revisions"}],"predecessor-version":[{"id":15140,"href":"https:\/\/linguavivagroup.com\/de\/wp-json\/wp\/v2\/pages\/3636\/revisions\/15140"}],"wp:attachment":[{"href":"https:\/\/linguavivagroup.com\/de\/wp-json\/wp\/v2\/media?parent=3636"}],"curies":[{"name":"wp","href":"https:\/\/api.w.org\/{rel}","templated":true}]}}