{"id":5165,"date":"2023-12-11T14:08:02","date_gmt":"2023-12-11T13:08:02","guid":{"rendered":"https:\/\/linguavivagroup.com\/alloggi-milano\/"},"modified":"2025-08-06T16:08:23","modified_gmt":"2025-08-06T14:08:23","slug":"unterkuenfte-in-mailand","status":"publish","type":"page","link":"https:\/\/linguavivagroup.com\/de\/unterkuenfte-in-mailand\/","title":{"rendered":"UNTERKUNFT IN MAILAND"},"content":{"rendered":"<section class=\"wpb-content-wrapper\"><p>[vc_row full_width=&#8220;stretch_row_content_no_spaces&#8220; el_class=&#8220;header-image&#8220;][vc_column][vc_single_image image=&#8220;5161&#8243; img_size=&#8220;full&#8220; el_class=&#8220;img-header-big&#8220;][vc_single_image image=&#8220;5218&#8243; img_size=&#8220;full&#8220; el_class=&#8220;img-header-small&#8220;][\/vc_column][\/vc_row][vc_row el_class=&#8220;sezione no-padding-bottom&#8220;][vc_column width=&#8220;2\/12&#8243;][\/vc_column][vc_column width=&#8220;8\/12&#8243;][vc_column_text el_class=&#8220;red&#8220;]<\/p>\n<h1 style=\"text-align: center;\">UNTERK\u00dcNFTE IN MAILAND<\/h1>\n<p>[\/vc_column_text][vc_column_text]<\/p>\n<div class=\"flex flex-grow flex-col max-w-full\">\n<div class=\"min-h-[20px] text-message flex flex-col items-start gap-3 whitespace-pre-wrap break-words [.text-message+&amp;]:mt-5 overflow-x-auto\" data-message-author-role=\"assistant\" data-message-id=\"d6987b79-823c-4236-8327-8087a04f7bcb\">\n<div class=\"markdown prose w-full break-words dark:prose-invert light\">\n<p>Mailand, die pulsierende Mode- und Designstadt Italiens, ist einer der Kursorte von Linguaviva f\u00fcr junge Menschen aus aller Welt, die Italienisch in Italien lernen m\u00f6chten. W\u00e4hrend Deiner Sprachreise mit Linguaviva stehen Dir verschiedene Unterkunftsm\u00f6glichkeiten zur Verf\u00fcgung, damit Du Deinen Aufenthalt in Mailand mit maximalem Komfort und ganz nach Deinen Bed\u00fcrfnissen gestalten kannst.<\/p>\n<\/div>\n<\/div>\n<\/div>\n<p>[\/vc_column_text][\/vc_column][vc_column width=&#8220;2\/12&#8243;][\/vc_column][\/vc_row][vc_row][vc_column][vc_empty_space height=&#8220;50px&#8220;][vc_basic_grid post_type=&#8220;accommodations&#8220; max_items=&#8220;-1&#8243; gap=&#8220;15&#8243; orderby=&#8220;menu_order&#8220; item=&#8220;1247&#8243; initial_loading_animation=&#8220;none&#8220; grid_id=&#8220;vc_gid:1752500592769-ed02ccfc-8f6d-4&#8243; el_class=&#8220;elenco-corsi elenco-corsi-milano&#8220; taxonomies=&#8220;34&#8243;][vc_empty_space height=&#8220;50px&#8220;][\/vc_column][\/vc_row]<\/p>\n<\/section>","protected":false},"excerpt":{"rendered":"<p>[vc_row full_width=&#8220;stretch_row_content_no_spaces&#8220; el_class=&#8220;header-image&#8220;][vc_column][vc_single_image image=&#8220;5161&#8243; img_size=&#8220;full&#8220; el_class=&#8220;img-header-big&#8220;][vc_single_image image=&#8220;5218&#8243; img_size=&#8220;full&#8220; el_class=&#8220;img-header-small&#8220;][\/vc_column][\/vc_row][vc_row el_class=&#8220;sezione no-padding-bottom&#8220;][vc_column width=&#8220;2\/12&#8243;][\/vc_column][vc_column width=&#8220;8\/12&#8243;][vc_column_text el_class=&#8220;red&#8220;] UNTERK\u00dcNFTE IN MAILAND [\/vc_column_text][vc_column_text] Mailand, die pulsierende Mode- und Designstadt Italiens, ist einer der Kursorte von Linguaviva f\u00fcr junge Menschen aus aller Welt, die Italienisch in Italien lernen m\u00f6chten. W\u00e4hrend Deiner Sprachreise mit Linguaviva stehen Dir verschiedene Unterkunftsm\u00f6glichkeiten zur Verf\u00fcgung, damit [&hellip;]<\/p>\n","protected":false},"author":2,"featured_media":0,"parent":0,"menu_order":-1,"comment_status":"closed","ping_status":"closed","template":"","meta":{"inline_featured_image":false,"footnotes":""},"class_list":["post-5165","page","type-page","status-publish","hentry"],"yoast_head":"<!-- This site is optimized with the Yoast SEO plugin v27.2 - https:\/\/yoast.com\/product\/yoast-seo-wordpress\/ -->\n<title>UNTERKUNFT IN MAILAND | Linguaviva Educational Group<\/title>\n<meta name=\"description\" content=\"W\u00e4hlen Sie die Unterkunft, die am besten zu Ihren Bed\u00fcrfnissen passt, und machen Sie sich bereit f\u00fcr ein unvergessliches Erlebnis in Mailand.\" \/>\n<meta name=\"robots\" content=\"index, follow, max-snippet:-1, max-image-preview:large, max-video-preview:-1\" \/>\n<link rel=\"canonical\" href=\"https:\/\/linguavivagroup.com\/de\/unterkuenfte-in-mailand\/\" \/>\n<meta property=\"og:locale\" content=\"de_DE\" \/>\n<meta property=\"og:type\" content=\"article\" \/>\n<meta property=\"og:title\" content=\"UNTERKUNFT IN MAILAND | Linguaviva Educational Group\" \/>\n<meta property=\"og:description\" content=\"W\u00e4hlen Sie die Unterkunft, die am besten zu Ihren Bed\u00fcrfnissen passt, und machen Sie sich bereit f\u00fcr ein unvergessliches Erlebnis in Mailand.\" \/>\n<meta property=\"og:url\" content=\"https:\/\/linguavivagroup.com\/de\/unterkuenfte-in-mailand\/\" \/>\n<meta property=\"og:site_name\" content=\"Linguaviva Educational Group\" \/>\n<meta property=\"article:modified_time\" content=\"2025-08-06T14:08:23+00:00\" \/>\n<meta property=\"og:image\" content=\"https:\/\/linguavivagroup.com\/wp-content\/uploads\/2023\/04\/Educational-group.jpg\" \/>\n\t<meta property=\"og:image:width\" content=\"1920\" \/>\n\t<meta property=\"og:image:height\" content=\"923\" \/>\n\t<meta property=\"og:image:type\" content=\"image\/jpeg\" \/>\n<meta name=\"twitter:card\" content=\"summary_large_image\" \/>\n<meta name=\"twitter:label1\" content=\"Gesch\u00e4tzte Lesezeit\" \/>\n\t<meta name=\"twitter:data1\" content=\"1\u00a0Minute\" \/>\n<script type=\"application\/ld+json\" class=\"yoast-schema-graph\">{\"@context\":\"https:\/\/schema.org\",\"@graph\":[{\"@type\":\"WebPage\",\"@id\":\"https:\/\/linguavivagroup.com\/de\/unterkuenfte-in-mailand\/\",\"url\":\"https:\/\/linguavivagroup.com\/de\/unterkuenfte-in-mailand\/\",\"name\":\"UNTERKUNFT IN MAILAND | Linguaviva Educational Group\",\"isPartOf\":{\"@id\":\"https:\/\/linguavivagroup.com\/de\/#website\"},\"datePublished\":\"2023-12-11T13:08:02+00:00\",\"dateModified\":\"2025-08-06T14:08:23+00:00\",\"description\":\"W\u00e4hlen Sie die Unterkunft, die am besten zu Ihren Bed\u00fcrfnissen passt, und machen Sie sich bereit f\u00fcr ein unvergessliches Erlebnis in Mailand.\",\"breadcrumb\":{\"@id\":\"https:\/\/linguavivagroup.com\/de\/unterkuenfte-in-mailand\/#breadcrumb\"},\"inLanguage\":\"de\",\"potentialAction\":[{\"@type\":\"ReadAction\",\"target\":[\"https:\/\/linguavivagroup.com\/de\/unterkuenfte-in-mailand\/\"]}]},{\"@type\":\"BreadcrumbList\",\"@id\":\"https:\/\/linguavivagroup.com\/de\/unterkuenfte-in-mailand\/#breadcrumb\",\"itemListElement\":[{\"@type\":\"ListItem\",\"position\":1,\"name\":\"Home\",\"item\":\"https:\/\/linguavivagroup.com\/de\/\"},{\"@type\":\"ListItem\",\"position\":2,\"name\":\"UNTERKUNFT IN MAILAND\"}]},{\"@type\":\"WebSite\",\"@id\":\"https:\/\/linguavivagroup.com\/de\/#website\",\"url\":\"https:\/\/linguavivagroup.com\/de\/\",\"name\":\"Linguaviva Educational Group\",\"description\":\"Study and learn italian in italy\",\"publisher\":{\"@id\":\"https:\/\/linguavivagroup.com\/de\/#organization\"},\"potentialAction\":[{\"@type\":\"SearchAction\",\"target\":{\"@type\":\"EntryPoint\",\"urlTemplate\":\"https:\/\/linguavivagroup.com\/de\/?s={search_term_string}\"},\"query-input\":{\"@type\":\"PropertyValueSpecification\",\"valueRequired\":true,\"valueName\":\"search_term_string\"}}],\"inLanguage\":\"de\"},{\"@type\":\"Organization\",\"@id\":\"https:\/\/linguavivagroup.com\/de\/#organization\",\"name\":\"Linguaviva Educational Group\",\"url\":\"https:\/\/linguavivagroup.com\/de\/\",\"logo\":{\"@type\":\"ImageObject\",\"inLanguage\":\"de\",\"@id\":\"https:\/\/linguavivagroup.com\/de\/#\/schema\/logo\/image\/\",\"url\":\"https:\/\/linguavivagroup.com\/wp-content\/uploads\/2026\/03\/logo-linguaviva-bianco-50-260.png\",\"contentUrl\":\"https:\/\/linguavivagroup.com\/wp-content\/uploads\/2026\/03\/logo-linguaviva-bianco-50-260.png\",\"width\":260,\"height\":48,\"caption\":\"Linguaviva Educational Group\"},\"image\":{\"@id\":\"https:\/\/linguavivagroup.com\/de\/#\/schema\/logo\/image\/\"}}]}<\/script>\n<!-- \/ Yoast SEO plugin. -->","yoast_head_json":{"title":"UNTERKUNFT IN MAILAND | Linguaviva Educational Group","description":"W\u00e4hlen Sie die Unterkunft, die am besten zu Ihren Bed\u00fcrfnissen passt, und machen Sie sich bereit f\u00fcr ein unvergessliches Erlebnis in Mailand.","robots":{"index":"index","follow":"follow","max-snippet":"max-snippet:-1","max-image-preview":"max-image-preview:large","max-video-preview":"max-video-preview:-1"},"canonical":"https:\/\/linguavivagroup.com\/de\/unterkuenfte-in-mailand\/","og_locale":"de_DE","og_type":"article","og_title":"UNTERKUNFT IN MAILAND | Linguaviva Educational Group","og_description":"W\u00e4hlen Sie die Unterkunft, die am besten zu Ihren Bed\u00fcrfnissen passt, und machen Sie sich bereit f\u00fcr ein unvergessliches Erlebnis in Mailand.","og_url":"https:\/\/linguavivagroup.com\/de\/unterkuenfte-in-mailand\/","og_site_name":"Linguaviva Educational Group","article_modified_time":"2025-08-06T14:08:23+00:00","og_image":[{"width":1920,"height":923,"url":"https:\/\/linguavivagroup.com\/wp-content\/uploads\/2023\/04\/Educational-group.jpg","type":"image\/jpeg"}],"twitter_card":"summary_large_image","twitter_misc":{"Gesch\u00e4tzte Lesezeit":"1\u00a0Minute"},"schema":{"@context":"https:\/\/schema.org","@graph":[{"@type":"WebPage","@id":"https:\/\/linguavivagroup.com\/de\/unterkuenfte-in-mailand\/","url":"https:\/\/linguavivagroup.com\/de\/unterkuenfte-in-mailand\/","name":"UNTERKUNFT IN MAILAND | Linguaviva Educational Group","isPartOf":{"@id":"https:\/\/linguavivagroup.com\/de\/#website"},"datePublished":"2023-12-11T13:08:02+00:00","dateModified":"2025-08-06T14:08:23+00:00","description":"W\u00e4hlen Sie die Unterkunft, die am besten zu Ihren Bed\u00fcrfnissen passt, und machen Sie sich bereit f\u00fcr ein unvergessliches Erlebnis in Mailand.","breadcrumb":{"@id":"https:\/\/linguavivagroup.com\/de\/unterkuenfte-in-mailand\/#breadcrumb"},"inLanguage":"de","potentialAction":[{"@type":"ReadAction","target":["https:\/\/linguavivagroup.com\/de\/unterkuenfte-in-mailand\/"]}]},{"@type":"BreadcrumbList","@id":"https:\/\/linguavivagroup.com\/de\/unterkuenfte-in-mailand\/#breadcrumb","itemListElement":[{"@type":"ListItem","position":1,"name":"Home","item":"https:\/\/linguavivagroup.com\/de\/"},{"@type":"ListItem","position":2,"name":"UNTERKUNFT IN MAILAND"}]},{"@type":"WebSite","@id":"https:\/\/linguavivagroup.com\/de\/#website","url":"https:\/\/linguavivagroup.com\/de\/","name":"Linguaviva Educational Group","description":"Study and learn italian in italy","publisher":{"@id":"https:\/\/linguavivagroup.com\/de\/#organization"},"potentialAction":[{"@type":"SearchAction","target":{"@type":"EntryPoint","urlTemplate":"https:\/\/linguavivagroup.com\/de\/?s={search_term_string}"},"query-input":{"@type":"PropertyValueSpecification","valueRequired":true,"valueName":"search_term_string"}}],"inLanguage":"de"},{"@type":"Organization","@id":"https:\/\/linguavivagroup.com\/de\/#organization","name":"Linguaviva Educational Group","url":"https:\/\/linguavivagroup.com\/de\/","logo":{"@type":"ImageObject","inLanguage":"de","@id":"https:\/\/linguavivagroup.com\/de\/#\/schema\/logo\/image\/","url":"https:\/\/linguavivagroup.com\/wp-content\/uploads\/2026\/03\/logo-linguaviva-bianco-50-260.png","contentUrl":"https:\/\/linguavivagroup.com\/wp-content\/uploads\/2026\/03\/logo-linguaviva-bianco-50-260.png","width":260,"height":48,"caption":"Linguaviva Educational Group"},"image":{"@id":"https:\/\/linguavivagroup.com\/de\/#\/schema\/logo\/image\/"}}]}},"_links":{"self":[{"href":"https:\/\/linguavivagroup.com\/de\/wp-json\/wp\/v2\/pages\/5165","targetHints":{"allow":["GET"]}}],"collection":[{"href":"https:\/\/linguavivagroup.com\/de\/wp-json\/wp\/v2\/pages"}],"about":[{"href":"https:\/\/linguavivagroup.com\/de\/wp-json\/wp\/v2\/types\/page"}],"author":[{"embeddable":true,"href":"https:\/\/linguavivagroup.com\/de\/wp-json\/wp\/v2\/users\/2"}],"replies":[{"embeddable":true,"href":"https:\/\/linguavivagroup.com\/de\/wp-json\/wp\/v2\/comments?post=5165"}],"version-history":[{"count":19,"href":"https:\/\/linguavivagroup.com\/de\/wp-json\/wp\/v2\/pages\/5165\/revisions"}],"predecessor-version":[{"id":14951,"href":"https:\/\/linguavivagroup.com\/de\/wp-json\/wp\/v2\/pages\/5165\/revisions\/14951"}],"wp:attachment":[{"href":"https:\/\/linguavivagroup.com\/de\/wp-json\/wp\/v2\/media?parent=5165"}],"curies":[{"name":"wp","href":"https:\/\/api.w.org\/{rel}","templated":true}]}}