{"id":7691,"date":"2024-01-25T09:02:02","date_gmt":"2024-01-25T08:02:02","guid":{"rendered":"https:\/\/linguavivagroup.com\/?page_id=7691"},"modified":"2025-08-06T16:44:25","modified_gmt":"2025-08-06T14:44:25","slug":"partner-werden","status":"publish","type":"page","link":"https:\/\/linguavivagroup.com\/de\/partner-werden\/","title":{"rendered":"PARTNER WERDEN"},"content":{"rendered":"<section class=\"wpb-content-wrapper\"><p>[vc_row full_width=&#8220;stretch_row_content_no_spaces&#8220; el_class=&#8220;header-image&#8220;][vc_column][vc_single_image image=&#8220;1392&#8243; img_size=&#8220;full&#8220; el_class=&#8220;img-header-big&#8220;][vc_single_image image=&#8220;1392&#8243; img_size=&#8220;full&#8220; el_class=&#8220;img-header-small&#8220;][\/vc_column][\/vc_row][vc_row full_width=&#8220;stretch_row&#8220; el_class=&#8220;sezione bg-light-grey&#8220;][vc_column][vc_column_text el_class=&#8220;red&#8220;]<\/p>\n<h1>PARTNER WERDEN<\/h1>\n<p>[\/vc_column_text][vc_column_text]M\u00f6chtest Du als Partner mit Linguaviva zusammenarbeiten? Bitte f\u00fclle das Formular aus. Wir pr\u00fcfen Deine Bewerbung und setzen uns baldm\u00f6glichst mit Dir in Verbindung.[\/vc_column_text][vc_raw_html]JTNDcCUzRSUzQ3NjcmlwdCUyMGNoYXJzZXQlM0QlMjJ1dGYtOCUyMiUyMHR5cGUlM0QlMjJ0ZXh0JTJGamF2YXNjcmlwdCUyMiUyMHNyYyUzRCUyMiUyRiUyRmpzLWV1MS5oc2Zvcm1zLm5ldCUyRmZvcm1zJTJGZW1iZWQlMkZ2Mi5qcyUyMiUzRSUzQyUyRnNjcmlwdCUzRSUwQSUzQ3NjcmlwdCUzRSUwQSUyMCUyMGhic3B0LmZvcm1zLmNyZWF0ZSUyOCU3QiUwQSUyMCUyMCUyMCUyMHJlZ2lvbiUzQSUyMCUyMmV1MSUyMiUyQyUwQSUyMCUyMCUyMCUyMHBvcnRhbElkJTNBJTIwJTIyMTM5Nzk0OTcyJTIyJTJDJTBBJTIwJTIwJTIwJTIwZm9ybUlkJTNBJTIwJTIyOGVjYTljNDItYzZhNS00ZTc5LTkzNTAtNWM2OTcxMTM0MGQ3JTIyJTBBJTIwJTIwJTdEJTI5JTNCJTBBJTNDJTJGc2NyaXB0JTNFJTNDJTJGcCUzRQ==[\/vc_raw_html][\/vc_column][\/vc_row][vc_row][vc_column][vc_raw_html]JTNDc3R5bGUlM0UlMEEuZm9vdGVyLWZvcm0lMjAlN0IlMEFkaXNwbGF5JTNBJTIwbm9uZSUyMCUyMWltcG9ydGFudCUzQiUwQSU3RCUwQSUzQyUyRnN0eWxlJTNF[\/vc_raw_html][\/vc_column][\/vc_row]<\/p>\n<\/section>","protected":false},"excerpt":{"rendered":"<p>[vc_row full_width=&#8220;stretch_row_content_no_spaces&#8220; el_class=&#8220;header-image&#8220;][vc_column][vc_single_image image=&#8220;1392&#8243; img_size=&#8220;full&#8220; el_class=&#8220;img-header-big&#8220;][vc_single_image image=&#8220;1392&#8243; img_size=&#8220;full&#8220; el_class=&#8220;img-header-small&#8220;][\/vc_column][\/vc_row][vc_row full_width=&#8220;stretch_row&#8220; el_class=&#8220;sezione bg-light-grey&#8220;][vc_column][vc_column_text el_class=&#8220;red&#8220;] PARTNER WERDEN [\/vc_column_text][vc_column_text]M\u00f6chtest Du als Partner mit Linguaviva zusammenarbeiten? Bitte f\u00fclle das Formular aus. Wir pr\u00fcfen Deine Bewerbung und setzen uns baldm\u00f6glichst mit Dir in Verbindung.[\/vc_column_text][vc_raw_html]JTNDcCUzRSUzQ3NjcmlwdCUyMGNoYXJzZXQlM0QlMjJ1dGYtOCUyMiUyMHR5cGUlM0QlMjJ0ZXh0JTJGamF2YXNjcmlwdCUyMiUyMHNyYyUzRCUyMiUyRiUyRmpzLWV1MS5oc2Zvcm1zLm5ldCUyRmZvcm1zJTJGZW1iZWQlMkZ2Mi5qcyUyMiUzRSUzQyUyRnNjcmlwdCUzRSUwQSUzQ3NjcmlwdCUzRSUwQSUyMCUyMGhic3B0LmZvcm1zLmNyZWF0ZSUyOCU3QiUwQSUyMCUyMCUyMCUyMHJlZ2lvbiUzQSUyMCUyMmV1MSUyMiUyQyUwQSUyMCUyMCUyMCUyMHBvcnRhbElkJTNBJTIwJTIyMTM5Nzk0OTcyJTIyJTJDJTBBJTIwJTIwJTIwJTIwZm9ybUlkJTNBJTIwJTIyOGVjYTljNDItYzZhNS00ZTc5LTkzNTAtNWM2OTcxMTM0MGQ3JTIyJTBBJTIwJTIwJTdEJTI5JTNCJTBBJTNDJTJGc2NyaXB0JTNFJTNDJTJGcCUzRQ==[\/vc_raw_html][\/vc_column][\/vc_row][vc_row][vc_column][vc_raw_html]JTNDc3R5bGUlM0UlMEEuZm9vdGVyLWZvcm0lMjAlN0IlMEFkaXNwbGF5JTNBJTIwbm9uZSUyMCUyMWltcG9ydGFudCUzQiUwQSU3RCUwQSUzQyUyRnN0eWxlJTNF[\/vc_raw_html][\/vc_column][\/vc_row]<\/p>\n","protected":false},"author":1,"featured_media":0,"parent":0,"menu_order":-1,"comment_status":"closed","ping_status":"closed","template":"","meta":{"inline_featured_image":false,"footnotes":""},"class_list":["post-7691","page","type-page","status-publish","hentry"],"yoast_head":"<!-- This site is optimized with the Yoast SEO plugin v27.2 - https:\/\/yoast.com\/product\/yoast-seo-wordpress\/ -->\n<title>PARTNER WERDEN | Linguaviva Educational Group<\/title>\n<meta name=\"robots\" content=\"index, follow, max-snippet:-1, max-image-preview:large, max-video-preview:-1\" \/>\n<link rel=\"canonical\" href=\"https:\/\/linguavivagroup.com\/de\/partner-werden\/\" \/>\n<meta property=\"og:locale\" content=\"de_DE\" \/>\n<meta property=\"og:type\" content=\"article\" \/>\n<meta property=\"og:title\" content=\"PARTNER WERDEN | Linguaviva Educational Group\" \/>\n<meta property=\"og:description\" content=\"[vc_row full_width=&#8220;stretch_row_content_no_spaces&#8220; el_class=&#8220;header-image&#8220;][vc_column][vc_single_image image=&#8220;1392&#8243; img_size=&#8220;full&#8220; el_class=&#8220;img-header-big&#8220;][vc_single_image image=&#8220;1392&#8243; img_size=&#8220;full&#8220; el_class=&#8220;img-header-small&#8220;][\/vc_column][\/vc_row][vc_row full_width=&#8220;stretch_row&#8220; el_class=&#8220;sezione bg-light-grey&#8220;][vc_column][vc_column_text el_class=&#8220;red&#8220;] PARTNER WERDEN [\/vc_column_text][vc_column_text]M\u00f6chtest Du als Partner mit Linguaviva zusammenarbeiten? Bitte f\u00fclle das Formular aus. Wir pr\u00fcfen Deine Bewerbung und setzen uns baldm\u00f6glichst mit Dir in Verbindung.[\/vc_column_text][vc_raw_html]JTNDcCUzRSUzQ3NjcmlwdCUyMGNoYXJzZXQlM0QlMjJ1dGYtOCUyMiUyMHR5cGUlM0QlMjJ0ZXh0JTJGamF2YXNjcmlwdCUyMiUyMHNyYyUzRCUyMiUyRiUyRmpzLWV1MS5oc2Zvcm1zLm5ldCUyRmZvcm1zJTJGZW1iZWQlMkZ2Mi5qcyUyMiUzRSUzQyUyRnNjcmlwdCUzRSUwQSUzQ3NjcmlwdCUzRSUwQSUyMCUyMGhic3B0LmZvcm1zLmNyZWF0ZSUyOCU3QiUwQSUyMCUyMCUyMCUyMHJlZ2lvbiUzQSUyMCUyMmV1MSUyMiUyQyUwQSUyMCUyMCUyMCUyMHBvcnRhbElkJTNBJTIwJTIyMTM5Nzk0OTcyJTIyJTJDJTBBJTIwJTIwJTIwJTIwZm9ybUlkJTNBJTIwJTIyOGVjYTljNDItYzZhNS00ZTc5LTkzNTAtNWM2OTcxMTM0MGQ3JTIyJTBBJTIwJTIwJTdEJTI5JTNCJTBBJTNDJTJGc2NyaXB0JTNFJTNDJTJGcCUzRQ==[\/vc_raw_html][\/vc_column][\/vc_row][vc_row][vc_column][vc_raw_html]JTNDc3R5bGUlM0UlMEEuZm9vdGVyLWZvcm0lMjAlN0IlMEFkaXNwbGF5JTNBJTIwbm9uZSUyMCUyMWltcG9ydGFudCUzQiUwQSU3RCUwQSUzQyUyRnN0eWxlJTNF[\/vc_raw_html][\/vc_column][\/vc_row]\" \/>\n<meta property=\"og:url\" content=\"https:\/\/linguavivagroup.com\/de\/partner-werden\/\" \/>\n<meta property=\"og:site_name\" content=\"Linguaviva Educational Group\" \/>\n<meta property=\"article:modified_time\" content=\"2025-08-06T14:44:25+00:00\" \/>\n<meta property=\"og:image\" content=\"https:\/\/linguavivagroup.com\/wp-content\/uploads\/2023\/04\/Educational-group.jpg\" \/>\n\t<meta property=\"og:image:width\" content=\"1920\" \/>\n\t<meta property=\"og:image:height\" content=\"923\" \/>\n\t<meta property=\"og:image:type\" content=\"image\/jpeg\" \/>\n<meta name=\"twitter:card\" content=\"summary_large_image\" \/>\n<meta name=\"twitter:label1\" content=\"Gesch\u00e4tzte Lesezeit\" \/>\n\t<meta name=\"twitter:data1\" content=\"1\u00a0Minute\" \/>\n<script type=\"application\/ld+json\" class=\"yoast-schema-graph\">{\"@context\":\"https:\/\/schema.org\",\"@graph\":[{\"@type\":\"WebPage\",\"@id\":\"https:\/\/linguavivagroup.com\/de\/partner-werden\/\",\"url\":\"https:\/\/linguavivagroup.com\/de\/partner-werden\/\",\"name\":\"PARTNER WERDEN | Linguaviva Educational Group\",\"isPartOf\":{\"@id\":\"https:\/\/linguavivagroup.com\/de\/#website\"},\"datePublished\":\"2024-01-25T08:02:02+00:00\",\"dateModified\":\"2025-08-06T14:44:25+00:00\",\"breadcrumb\":{\"@id\":\"https:\/\/linguavivagroup.com\/de\/partner-werden\/#breadcrumb\"},\"inLanguage\":\"de\",\"potentialAction\":[{\"@type\":\"ReadAction\",\"target\":[\"https:\/\/linguavivagroup.com\/de\/partner-werden\/\"]}]},{\"@type\":\"BreadcrumbList\",\"@id\":\"https:\/\/linguavivagroup.com\/de\/partner-werden\/#breadcrumb\",\"itemListElement\":[{\"@type\":\"ListItem\",\"position\":1,\"name\":\"Home\",\"item\":\"https:\/\/linguavivagroup.com\/de\/\"},{\"@type\":\"ListItem\",\"position\":2,\"name\":\"PARTNER WERDEN\"}]},{\"@type\":\"WebSite\",\"@id\":\"https:\/\/linguavivagroup.com\/de\/#website\",\"url\":\"https:\/\/linguavivagroup.com\/de\/\",\"name\":\"Linguaviva Educational Group\",\"description\":\"Study and learn italian in italy\",\"publisher\":{\"@id\":\"https:\/\/linguavivagroup.com\/de\/#organization\"},\"potentialAction\":[{\"@type\":\"SearchAction\",\"target\":{\"@type\":\"EntryPoint\",\"urlTemplate\":\"https:\/\/linguavivagroup.com\/de\/?s={search_term_string}\"},\"query-input\":{\"@type\":\"PropertyValueSpecification\",\"valueRequired\":true,\"valueName\":\"search_term_string\"}}],\"inLanguage\":\"de\"},{\"@type\":\"Organization\",\"@id\":\"https:\/\/linguavivagroup.com\/de\/#organization\",\"name\":\"Linguaviva Educational Group\",\"url\":\"https:\/\/linguavivagroup.com\/de\/\",\"logo\":{\"@type\":\"ImageObject\",\"inLanguage\":\"de\",\"@id\":\"https:\/\/linguavivagroup.com\/de\/#\/schema\/logo\/image\/\",\"url\":\"https:\/\/linguavivagroup.com\/wp-content\/uploads\/2026\/03\/logo-linguaviva-bianco-50-260.png\",\"contentUrl\":\"https:\/\/linguavivagroup.com\/wp-content\/uploads\/2026\/03\/logo-linguaviva-bianco-50-260.png\",\"width\":260,\"height\":48,\"caption\":\"Linguaviva Educational Group\"},\"image\":{\"@id\":\"https:\/\/linguavivagroup.com\/de\/#\/schema\/logo\/image\/\"}}]}<\/script>\n<!-- \/ Yoast SEO plugin. -->","yoast_head_json":{"title":"PARTNER WERDEN | Linguaviva Educational Group","robots":{"index":"index","follow":"follow","max-snippet":"max-snippet:-1","max-image-preview":"max-image-preview:large","max-video-preview":"max-video-preview:-1"},"canonical":"https:\/\/linguavivagroup.com\/de\/partner-werden\/","og_locale":"de_DE","og_type":"article","og_title":"PARTNER WERDEN | Linguaviva Educational Group","og_description":"[vc_row full_width=&#8220;stretch_row_content_no_spaces&#8220; el_class=&#8220;header-image&#8220;][vc_column][vc_single_image image=&#8220;1392&#8243; img_size=&#8220;full&#8220; el_class=&#8220;img-header-big&#8220;][vc_single_image image=&#8220;1392&#8243; img_size=&#8220;full&#8220; el_class=&#8220;img-header-small&#8220;][\/vc_column][\/vc_row][vc_row full_width=&#8220;stretch_row&#8220; el_class=&#8220;sezione bg-light-grey&#8220;][vc_column][vc_column_text el_class=&#8220;red&#8220;] PARTNER WERDEN [\/vc_column_text][vc_column_text]M\u00f6chtest Du als Partner mit Linguaviva zusammenarbeiten? Bitte f\u00fclle das Formular aus. Wir pr\u00fcfen Deine Bewerbung und setzen uns baldm\u00f6glichst mit Dir in Verbindung.[\/vc_column_text][vc_raw_html]JTNDcCUzRSUzQ3NjcmlwdCUyMGNoYXJzZXQlM0QlMjJ1dGYtOCUyMiUyMHR5cGUlM0QlMjJ0ZXh0JTJGamF2YXNjcmlwdCUyMiUyMHNyYyUzRCUyMiUyRiUyRmpzLWV1MS5oc2Zvcm1zLm5ldCUyRmZvcm1zJTJGZW1iZWQlMkZ2Mi5qcyUyMiUzRSUzQyUyRnNjcmlwdCUzRSUwQSUzQ3NjcmlwdCUzRSUwQSUyMCUyMGhic3B0LmZvcm1zLmNyZWF0ZSUyOCU3QiUwQSUyMCUyMCUyMCUyMHJlZ2lvbiUzQSUyMCUyMmV1MSUyMiUyQyUwQSUyMCUyMCUyMCUyMHBvcnRhbElkJTNBJTIwJTIyMTM5Nzk0OTcyJTIyJTJDJTBBJTIwJTIwJTIwJTIwZm9ybUlkJTNBJTIwJTIyOGVjYTljNDItYzZhNS00ZTc5LTkzNTAtNWM2OTcxMTM0MGQ3JTIyJTBBJTIwJTIwJTdEJTI5JTNCJTBBJTNDJTJGc2NyaXB0JTNFJTNDJTJGcCUzRQ==[\/vc_raw_html][\/vc_column][\/vc_row][vc_row][vc_column][vc_raw_html]JTNDc3R5bGUlM0UlMEEuZm9vdGVyLWZvcm0lMjAlN0IlMEFkaXNwbGF5JTNBJTIwbm9uZSUyMCUyMWltcG9ydGFudCUzQiUwQSU3RCUwQSUzQyUyRnN0eWxlJTNF[\/vc_raw_html][\/vc_column][\/vc_row]","og_url":"https:\/\/linguavivagroup.com\/de\/partner-werden\/","og_site_name":"Linguaviva Educational Group","article_modified_time":"2025-08-06T14:44:25+00:00","og_image":[{"width":1920,"height":923,"url":"https:\/\/linguavivagroup.com\/wp-content\/uploads\/2023\/04\/Educational-group.jpg","type":"image\/jpeg"}],"twitter_card":"summary_large_image","twitter_misc":{"Gesch\u00e4tzte Lesezeit":"1\u00a0Minute"},"schema":{"@context":"https:\/\/schema.org","@graph":[{"@type":"WebPage","@id":"https:\/\/linguavivagroup.com\/de\/partner-werden\/","url":"https:\/\/linguavivagroup.com\/de\/partner-werden\/","name":"PARTNER WERDEN | Linguaviva Educational Group","isPartOf":{"@id":"https:\/\/linguavivagroup.com\/de\/#website"},"datePublished":"2024-01-25T08:02:02+00:00","dateModified":"2025-08-06T14:44:25+00:00","breadcrumb":{"@id":"https:\/\/linguavivagroup.com\/de\/partner-werden\/#breadcrumb"},"inLanguage":"de","potentialAction":[{"@type":"ReadAction","target":["https:\/\/linguavivagroup.com\/de\/partner-werden\/"]}]},{"@type":"BreadcrumbList","@id":"https:\/\/linguavivagroup.com\/de\/partner-werden\/#breadcrumb","itemListElement":[{"@type":"ListItem","position":1,"name":"Home","item":"https:\/\/linguavivagroup.com\/de\/"},{"@type":"ListItem","position":2,"name":"PARTNER WERDEN"}]},{"@type":"WebSite","@id":"https:\/\/linguavivagroup.com\/de\/#website","url":"https:\/\/linguavivagroup.com\/de\/","name":"Linguaviva Educational Group","description":"Study and learn italian in italy","publisher":{"@id":"https:\/\/linguavivagroup.com\/de\/#organization"},"potentialAction":[{"@type":"SearchAction","target":{"@type":"EntryPoint","urlTemplate":"https:\/\/linguavivagroup.com\/de\/?s={search_term_string}"},"query-input":{"@type":"PropertyValueSpecification","valueRequired":true,"valueName":"search_term_string"}}],"inLanguage":"de"},{"@type":"Organization","@id":"https:\/\/linguavivagroup.com\/de\/#organization","name":"Linguaviva Educational Group","url":"https:\/\/linguavivagroup.com\/de\/","logo":{"@type":"ImageObject","inLanguage":"de","@id":"https:\/\/linguavivagroup.com\/de\/#\/schema\/logo\/image\/","url":"https:\/\/linguavivagroup.com\/wp-content\/uploads\/2026\/03\/logo-linguaviva-bianco-50-260.png","contentUrl":"https:\/\/linguavivagroup.com\/wp-content\/uploads\/2026\/03\/logo-linguaviva-bianco-50-260.png","width":260,"height":48,"caption":"Linguaviva Educational Group"},"image":{"@id":"https:\/\/linguavivagroup.com\/de\/#\/schema\/logo\/image\/"}}]}},"_links":{"self":[{"href":"https:\/\/linguavivagroup.com\/de\/wp-json\/wp\/v2\/pages\/7691","targetHints":{"allow":["GET"]}}],"collection":[{"href":"https:\/\/linguavivagroup.com\/de\/wp-json\/wp\/v2\/pages"}],"about":[{"href":"https:\/\/linguavivagroup.com\/de\/wp-json\/wp\/v2\/types\/page"}],"author":[{"embeddable":true,"href":"https:\/\/linguavivagroup.com\/de\/wp-json\/wp\/v2\/users\/1"}],"replies":[{"embeddable":true,"href":"https:\/\/linguavivagroup.com\/de\/wp-json\/wp\/v2\/comments?post=7691"}],"version-history":[{"count":6,"href":"https:\/\/linguavivagroup.com\/de\/wp-json\/wp\/v2\/pages\/7691\/revisions"}],"predecessor-version":[{"id":15106,"href":"https:\/\/linguavivagroup.com\/de\/wp-json\/wp\/v2\/pages\/7691\/revisions\/15106"}],"wp:attachment":[{"href":"https:\/\/linguavivagroup.com\/de\/wp-json\/wp\/v2\/media?parent=7691"}],"curies":[{"name":"wp","href":"https:\/\/api.w.org\/{rel}","templated":true}]}}