{"id":10723,"date":"2024-06-27T15:21:53","date_gmt":"2024-06-27T13:21:53","guid":{"rendered":"https:\/\/linguavivagroup.com\/levels\/"},"modified":"2024-07-08T12:06:43","modified_gmt":"2024-07-08T10:06:43","slug":"niveles","status":"publish","type":"page","link":"https:\/\/linguavivagroup.com\/es\/niveles\/","title":{"rendered":"Niveles"},"content":{"rendered":"<section class=\"wpb-content-wrapper\"><p>[vc_row full_width=\u00bbstretch_row_content_no_spaces\u00bb el_class=\u00bbheader-image\u00bb][vc_column][vc_single_image image=\u00bb10700&#8243; img_size=\u00bbfull\u00bb el_class=\u00bbimg-header-big\u00bb][vc_single_image image=\u00bb10704&#8243; img_size=\u00bbfull\u00bb el_class=\u00bbimg-header-small\u00bb][\/vc_column][\/vc_row][vc_row el_class=\u00bbsezione\u00bb][vc_column width=\u00bb2\/12&#8243;][\/vc_column][vc_column width=\u00bb8\/12&#8243;][vc_column_text el_class=\u00bbred\u00bb]<\/p>\n<h1 style=\"text-align: center;\">NIVELES DE CERTIFICACI\u00d3N<\/h1>\n<p>[\/vc_column_text][vc_column_text]Nuestros niveles completos de aprendizaje te gu\u00edan desde principiante hasta la competencia avanzada, asegurando una experiencia de aprendizaje del italiano personalizada y efectiva. \u00a1Lee la tabla para descubrir las caracter\u00edsticas espec\u00edficas de cada nivel de certificaci\u00f3n![\/vc_column_text][\/vc_column][vc_column width=\u00bb2\/12&#8243;][\/vc_column][\/vc_row][vc_row full_width=\u00bbstretch_row_content\u00bb el_class=\u00bbsezione\u00bb][vc_column][vc_column_text]<\/p>\n<table class=\"table-course table-course-v2 table-course-v3\">\n<tbody>\n<tr>\n<th class=\"title-table white bg-blue\" colspan=\"7\">Niveles de Competencia Ling\u00fc\u00edstica<\/th>\n<\/tr>\n<tr>\n<td class=\"value-key-table\"><strong>Marco Com\u00fan Europeo de Referencia para las Lenguas<\/strong><\/td>\n<td class=\"value-key-table\"><b>Niveles de Linguaviva<\/b><\/td>\n<td class=\"value-key-table\"><b>\u00a0<\/b><\/td>\n<td class=\"value-key-table\"><b>Lecciones<\/b><\/td>\n<td class=\"value-key-table\"><b>Descripci\u00f3n de la Competencia en Italiano<\/b><\/td>\n<td class=\"value-key-table\"><strong>Certificado CILS y PLIDA<\/strong><\/td>\n<td class=\"value-key-table\"><strong>Logros<\/strong><\/td>\n<\/tr>\n<tr>\n<td class=\"title-key-table\" style=\"text-align: center;\" rowspan=\"3\"><strong>C1<\/strong><\/td>\n<td class=\"value-key-table\" style=\"text-align: center;\" rowspan=\"3\">Avanzado<\/td>\n<td style=\"text-align: center;\">12<\/td>\n<td class=\"value-key-table\" style=\"text-align: center;\">80<\/td>\n<td class=\"value-key-table\" style=\"text-align: center;\">No tienes dificultades para entender cualquier tipo de idioma hablado, ya sea en vivo o transmitido. Puedes participar con fluidez en discusiones sobre una amplia variedad de temas y usar expresiones idiom\u00e1ticas y cualquier coloquialismo.<\/td>\n<td class=\"value-key-table\" style=\"text-align: center;\" rowspan=\"3\">CILS 3 PLIDA C1<\/td>\n<td class=\"value-key-table\" style=\"text-align: center;\" rowspan=\"3\">Este nivel es necesario para ingresar al mercado laboral de habla italiana.<\/td>\n<\/tr>\n<tr>\n<td class=\"title-key-table\" style=\"text-align: center;\">11<\/td>\n<td class=\"value-key-table\" style=\"text-align: center;\">\n<div class=\"page\" title=\"Page 5\">\n<div class=\"section\">\n<div class=\"layoutArea\">\n<div class=\"column\">\n<p>80<\/p>\n<\/div>\n<\/div>\n<\/div>\n<\/div>\n<\/td>\n<td class=\"value-key-table\" style=\"text-align: center;\">\n<div class=\"page\" title=\"Page 5\">\n<div class=\"section\">\n<div class=\"layoutArea\">\n<div class=\"column\">\n<p>Puedes participar sin esfuerzo en cualquier conversaci\u00f3n o discusi\u00f3n y tienes un buen nivel de familiaridad con algunas expresiones idiom\u00e1ticas y coloquialismos.<\/p>\n<\/div>\n<\/div>\n<\/div>\n<\/div>\n<\/td>\n<\/tr>\n<tr>\n<td class=\"title-key-table\" style=\"text-align: center;\">10<\/td>\n<td class=\"value-key-table\" style=\"text-align: center;\">\n<div class=\"page\" title=\"Page 5\">\n<div class=\"section\">\n<div class=\"layoutArea\">\n<div class=\"column\">\n<p>80<\/p>\n<\/div>\n<\/div>\n<\/div>\n<\/div>\n<\/td>\n<td class=\"value-key-table\" style=\"text-align: center;\">\n<div class=\"page\" title=\"Page 5\">\n<div class=\"section\">\n<div class=\"layoutArea\">\n<div class=\"column\">\n<p>Puedes formular ideas y opiniones con precisi\u00f3n y relacionar h\u00e1bilmente tu contribuci\u00f3n con la de otros hablantes. Puedes presentar descripciones claras y detalladas de temas complejos. Puedes entender art\u00edculos especializados incluso cuando no est\u00e1n relacionados con tu campo.<\/p>\n<\/div>\n<\/div>\n<\/div>\n<\/div>\n<\/td>\n<\/tr>\n<tr>\n<td class=\"title-key-table\" style=\"text-align: center;\" rowspan=\"3\"><strong>B2<\/strong><\/td>\n<td class=\"value-key-table\" style=\"text-align: center;\" rowspan=\"3\">Intermedio Superior<\/td>\n<td style=\"text-align: center;\">9<\/td>\n<td class=\"value-key-table\" style=\"text-align: center;\">80<\/td>\n<td class=\"value-key-table\" style=\"text-align: center;\">Puedes expresarte con fluidez y espontaneidad sin buscar expresiones de manera evidente. Puedes usar el idioma de manera flexible y efectiva para fines sociales y profesionales. Puedes entender programas de televisi\u00f3n y pel\u00edculas sin demasiado esfuerzo.<\/td>\n<td class=\"value-key-table\" style=\"text-align: center;\" rowspan=\"3\">CILS 2 PLIDA B2<\/td>\n<td class=\"value-key-table\" style=\"text-align: center;\" rowspan=\"3\">Este nivel es necesario para asistir a programas acad\u00e9micos de grado y postgrado.<\/td>\n<\/tr>\n<tr>\n<td class=\"title-key-table\" style=\"text-align: center;\">8<\/td>\n<td class=\"value-key-table\" style=\"text-align: center;\">\n<div class=\"page\" title=\"Page 5\">\n<div class=\"section\">\n<div class=\"layoutArea\">\n<div class=\"column\">\n<p>80<\/p>\n<\/div>\n<\/div>\n<\/div>\n<\/div>\n<\/td>\n<td class=\"value-key-table\" style=\"text-align: center;\">\n<div class=\"page\" title=\"Page 5\">\n<div class=\"section\">\n<div class=\"layoutArea\">\n<div class=\"column\">\n<p>Puedes presentar descripciones claras y detalladas sobre una amplia gama de temas relacionados con tu campo de inter\u00e9s. Puedes explicar un punto de vista sobre un tema actual. Puedes entender la mayor\u00eda de las noticias de televisi\u00f3n, programas de actualidad y la mayor\u00eda de las pel\u00edculas en lenguaje est\u00e1ndar.<\/p>\n<\/div>\n<\/div>\n<\/div>\n<\/div>\n<\/td>\n<\/tr>\n<tr>\n<td class=\"title-key-table\" style=\"text-align: center;\">7<\/td>\n<td class=\"value-key-table\" style=\"text-align: center;\">\n<div class=\"page\" title=\"Page 5\">\n<div class=\"section\">\n<div class=\"layoutArea\">\n<div class=\"column\">\n<p>80<\/p>\n<\/div>\n<\/div>\n<\/div>\n<\/div>\n<\/td>\n<td class=\"value-key-table\" style=\"text-align: center;\">\n<div class=\"page\" title=\"Page 5\">\n<div class=\"section\">\n<div class=\"layoutArea\">\n<div class=\"column\">\n<p>Puedes interactuar con fluidez y espontaneidad con hablantes nativos. Puedes participar activamente en discusiones en contextos familiares, explicando y manteniendo tus puntos de vista.<\/p>\n<\/div>\n<\/div>\n<\/div>\n<\/div>\n<\/td>\n<\/tr>\n<tr>\n<td class=\"title-key-table\" style=\"text-align: center;\" rowspan=\"3\"><strong>B1<\/strong><\/td>\n<td class=\"value-key-table\" style=\"text-align: center;\" rowspan=\"3\">Intermedio<\/td>\n<td style=\"text-align: center;\">6<\/td>\n<td class=\"value-key-table\" style=\"text-align: center;\">80<\/td>\n<td class=\"value-key-table\" style=\"text-align: center;\">Puedes entrar sin preparaci\u00f3n en una conversaci\u00f3n sobre temas familiares y de inter\u00e9s personal. Puedes narrar una historia o relatar la trama de un libro o pel\u00edcula y describir tus reacciones. Puedes entender los puntos principales de muchos programas de radio o televisi\u00f3n sobre temas de actualidad.<\/td>\n<td class=\"value-key-table\" style=\"text-align: center;\" rowspan=\"3\">CILS 1 PLIDA B1<\/td>\n<td class=\"value-key-table\" style=\"text-align: center;\" rowspan=\"3\">Este nivel es necesario para asistir al Programa de Pr\u00e1cticas, al Curso Preparatorio para la Admisi\u00f3n Universitaria, a las Artes Culinarias para profesionales y a los programas vocacionales en Moda y Dise\u00f1o.<\/td>\n<\/tr>\n<tr>\n<td class=\"title-key-table\" style=\"text-align: center;\">5<\/td>\n<td class=\"value-key-table\" style=\"text-align: center;\">\n<div class=\"page\" title=\"Page 5\">\n<div class=\"section\">\n<div class=\"layoutArea\">\n<div class=\"column\">\n<p>80<\/p>\n<\/div>\n<\/div>\n<\/div>\n<\/div>\n<\/td>\n<td class=\"value-key-table\" style=\"text-align: center;\">\n<div class=\"page\" title=\"Page 5\">\n<div class=\"section\">\n<div class=\"layoutArea\">\n<div class=\"column\">\n<p>Puedes enfrentar la mayor\u00eda de las situaciones que probablemente surgir\u00e1n mientras viajas en un \u00e1rea donde se habla el idioma. Puedes entender la mayor\u00eda de las conversaciones sobre temas familiares o de inter\u00e9s personal. Puedes entender los puntos principales de un discurso est\u00e1ndar claro sobre temas familiares como el trabajo, la escuela, el ocio, etc.<\/p>\n<\/div>\n<\/div>\n<\/div>\n<\/div>\n<\/td>\n<\/tr>\n<tr>\n<td class=\"title-key-table\" style=\"text-align: center;\">4<\/td>\n<td class=\"value-key-table\" style=\"text-align: center;\">\n<div class=\"page\" title=\"Page 5\">\n<div class=\"section\">\n<div class=\"layoutArea\">\n<div class=\"column\">\n<p>80<\/p>\n<\/div>\n<\/div>\n<\/div>\n<\/div>\n<\/td>\n<td class=\"value-key-table\" style=\"text-align: center;\">\n<div class=\"page\" title=\"Page 5\">\n<div class=\"section\">\n<div class=\"layoutArea\">\n<div class=\"column\">\n<p>Puedes manejar intercambios sociales muy breves, participar en situaciones comunicativas, aunque generalmente no entiendas lo suficiente como para mantener la conversaci\u00f3n por ti mismo.<\/p>\n<\/div>\n<\/div>\n<\/div>\n<\/div>\n<\/td>\n<\/tr>\n<tr>\n<td class=\"title-key-table\" style=\"text-align: center;\" rowspan=\"2\"><strong>A2<\/strong><\/td>\n<td class=\"value-key-table\" style=\"text-align: center;\" rowspan=\"2\">Elemental<\/td>\n<td style=\"text-align: center;\">3<\/td>\n<td class=\"value-key-table\" style=\"text-align: center;\">80<\/td>\n<td class=\"value-key-table\" style=\"text-align: center;\">Puedes comunicarte en tareas simples y rutinarias que requieren un intercambio directo y simple de informaci\u00f3n sobre temas y actividades familiares. Puedes describir en t\u00e9rminos simples tu familia y otras personas, condiciones de vida y trabajo.<\/td>\n<td class=\"value-key-table\" style=\"text-align: center;\" rowspan=\"2\">CILS A2 PLIDA A2<\/td>\n<td class=\"value-key-table\" style=\"text-align: center;\" rowspan=\"2\">Este nivel es necesario para asistir a cursos pr\u00e1cticos en Artes y Dise\u00f1o, Historia del Arte y Artes Culinarias para aficionados.<\/td>\n<\/tr>\n<tr>\n<td class=\"title-key-table\" style=\"text-align: center;\">2<\/td>\n<td class=\"value-key-table\" style=\"text-align: center;\">\n<div class=\"page\" title=\"Page 5\">\n<div class=\"section\">\n<div class=\"layoutArea\">\n<div class=\"column\">\n<p>80<\/p>\n<\/div>\n<\/div>\n<\/div>\n<\/div>\n<\/td>\n<td class=\"value-key-table\" style=\"text-align: center;\">\n<div class=\"page\" title=\"Page 5\">\n<div class=\"section\">\n<div class=\"layoutArea\">\n<div class=\"column\">\n<p>Puedes usar frases y oraciones simples para describir o pedir algunas cosas. Puedes escribir una postal o mensajes breves y leer textos muy cortos y simples.<\/p>\n<\/div>\n<\/div>\n<\/div>\n<\/div>\n<\/td>\n<\/tr>\n<tr>\n<td class=\"title-key-table\" style=\"text-align: center;\"><strong>A1<\/strong><\/td>\n<td class=\"value-key-table\" style=\"text-align: center;\">Principiante<\/td>\n<td style=\"text-align: center;\">1<\/td>\n<td class=\"value-key-table\" style=\"text-align: center;\">80<\/td>\n<td class=\"value-key-table\" style=\"text-align: center;\">No sabes el idioma o puedes reconocer palabras familiares.<\/td>\n<td class=\"value-key-table\" style=\"text-align: center;\">CILS A1 PLIDA A1<\/td>\n<td class=\"value-key-table\" style=\"text-align: center;\"><\/td>\n<\/tr>\n<\/tbody>\n<\/table>\n<p>[\/vc_column_text][\/vc_column][\/vc_row][vc_row][vc_column][vc_empty_space height=\u00bb90px\u00bb][\/vc_column][\/vc_row]<\/p>\n<\/section>","protected":false},"excerpt":{"rendered":"<p>[vc_row full_width=\u00bbstretch_row_content_no_spaces\u00bb el_class=\u00bbheader-image\u00bb][vc_column][vc_single_image image=\u00bb10700&#8243; img_size=\u00bbfull\u00bb el_class=\u00bbimg-header-big\u00bb][vc_single_image image=\u00bb10704&#8243; img_size=\u00bbfull\u00bb el_class=\u00bbimg-header-small\u00bb][\/vc_column][\/vc_row][vc_row el_class=\u00bbsezione\u00bb][vc_column width=\u00bb2\/12&#8243;][\/vc_column][vc_column width=\u00bb8\/12&#8243;][vc_column_text el_class=\u00bbred\u00bb] NIVELES DE CERTIFICACI\u00d3N [\/vc_column_text][vc_column_text]Nuestros niveles completos de aprendizaje te gu\u00edan desde principiante hasta la competencia avanzada, asegurando una experiencia de aprendizaje del italiano personalizada y efectiva. \u00a1Lee la tabla para descubrir las caracter\u00edsticas espec\u00edficas de cada nivel de certificaci\u00f3n![\/vc_column_text][\/vc_column][vc_column width=\u00bb2\/12&#8243;][\/vc_column][\/vc_row][vc_row full_width=\u00bbstretch_row_content\u00bb el_class=\u00bbsezione\u00bb][vc_column][vc_column_text] [&hellip;]<\/p>\n","protected":false},"author":2,"featured_media":0,"parent":0,"menu_order":-1,"comment_status":"closed","ping_status":"closed","template":"","meta":{"inline_featured_image":false,"footnotes":""},"class_list":["post-10723","page","type-page","status-publish","hentry"],"yoast_head":"<!-- This site is optimized with the Yoast SEO plugin v27.2 - https:\/\/yoast.com\/product\/yoast-seo-wordpress\/ -->\n<title>Summer Courses in Florence | Linguaviva<\/title>\n<meta name=\"description\" content=\"Discover our stimulating and comprehensive Italian language study holiday in Florence that follows a programme specifically designed for young people.\" \/>\n<meta name=\"robots\" content=\"index, follow, max-snippet:-1, max-image-preview:large, max-video-preview:-1\" \/>\n<link rel=\"canonical\" href=\"https:\/\/linguavivagroup.com\/es\/niveles\/\" \/>\n<meta property=\"og:locale\" content=\"es_ES\" \/>\n<meta property=\"og:type\" content=\"article\" \/>\n<meta property=\"og:title\" content=\"Summer Courses in Florence | Linguaviva\" \/>\n<meta property=\"og:description\" content=\"Discover our stimulating and comprehensive Italian language study holiday in Florence that follows a programme specifically designed for young people.\" \/>\n<meta property=\"og:url\" content=\"https:\/\/linguavivagroup.com\/es\/niveles\/\" \/>\n<meta property=\"og:site_name\" content=\"Linguaviva Educational Group\" \/>\n<meta property=\"article:modified_time\" content=\"2024-07-08T10:06:43+00:00\" \/>\n<meta property=\"og:image\" content=\"https:\/\/linguavivagroup.com\/wp-content\/uploads\/2023\/04\/Educational-group.jpg\" \/>\n\t<meta property=\"og:image:width\" content=\"1920\" \/>\n\t<meta property=\"og:image:height\" content=\"923\" \/>\n\t<meta property=\"og:image:type\" content=\"image\/jpeg\" \/>\n<meta name=\"twitter:card\" content=\"summary_large_image\" \/>\n<meta name=\"twitter:label1\" content=\"Tiempo de lectura\" \/>\n\t<meta name=\"twitter:data1\" content=\"3 minutos\" \/>\n<script type=\"application\/ld+json\" class=\"yoast-schema-graph\">{\"@context\":\"https:\/\/schema.org\",\"@graph\":[{\"@type\":\"WebPage\",\"@id\":\"https:\/\/linguavivagroup.com\/es\/niveles\/\",\"url\":\"https:\/\/linguavivagroup.com\/es\/niveles\/\",\"name\":\"Summer Courses in Florence | Linguaviva\",\"isPartOf\":{\"@id\":\"https:\/\/linguavivagroup.com\/es\/#website\"},\"datePublished\":\"2024-06-27T13:21:53+00:00\",\"dateModified\":\"2024-07-08T10:06:43+00:00\",\"description\":\"Discover our stimulating and comprehensive Italian language study holiday in Florence that follows a programme specifically designed for young people.\",\"breadcrumb\":{\"@id\":\"https:\/\/linguavivagroup.com\/es\/niveles\/#breadcrumb\"},\"inLanguage\":\"es\",\"potentialAction\":[{\"@type\":\"ReadAction\",\"target\":[\"https:\/\/linguavivagroup.com\/es\/niveles\/\"]}]},{\"@type\":\"BreadcrumbList\",\"@id\":\"https:\/\/linguavivagroup.com\/es\/niveles\/#breadcrumb\",\"itemListElement\":[{\"@type\":\"ListItem\",\"position\":1,\"name\":\"Home\",\"item\":\"https:\/\/linguavivagroup.com\/es\/\"},{\"@type\":\"ListItem\",\"position\":2,\"name\":\"Niveles\"}]},{\"@type\":\"WebSite\",\"@id\":\"https:\/\/linguavivagroup.com\/es\/#website\",\"url\":\"https:\/\/linguavivagroup.com\/es\/\",\"name\":\"Linguaviva Educational Group\",\"description\":\"Study and learn italian in italy\",\"publisher\":{\"@id\":\"https:\/\/linguavivagroup.com\/es\/#organization\"},\"potentialAction\":[{\"@type\":\"SearchAction\",\"target\":{\"@type\":\"EntryPoint\",\"urlTemplate\":\"https:\/\/linguavivagroup.com\/es\/?s={search_term_string}\"},\"query-input\":{\"@type\":\"PropertyValueSpecification\",\"valueRequired\":true,\"valueName\":\"search_term_string\"}}],\"inLanguage\":\"es\"},{\"@type\":\"Organization\",\"@id\":\"https:\/\/linguavivagroup.com\/es\/#organization\",\"name\":\"Linguaviva Educational Group\",\"url\":\"https:\/\/linguavivagroup.com\/es\/\",\"logo\":{\"@type\":\"ImageObject\",\"inLanguage\":\"es\",\"@id\":\"https:\/\/linguavivagroup.com\/es\/#\/schema\/logo\/image\/\",\"url\":\"https:\/\/linguavivagroup.com\/wp-content\/uploads\/2026\/03\/logo-linguaviva-bianco-50-260.png\",\"contentUrl\":\"https:\/\/linguavivagroup.com\/wp-content\/uploads\/2026\/03\/logo-linguaviva-bianco-50-260.png\",\"width\":260,\"height\":48,\"caption\":\"Linguaviva Educational Group\"},\"image\":{\"@id\":\"https:\/\/linguavivagroup.com\/es\/#\/schema\/logo\/image\/\"}}]}<\/script>\n<!-- \/ Yoast SEO plugin. -->","yoast_head_json":{"title":"Summer Courses in Florence | Linguaviva","description":"Discover our stimulating and comprehensive Italian language study holiday in Florence that follows a programme specifically designed for young people.","robots":{"index":"index","follow":"follow","max-snippet":"max-snippet:-1","max-image-preview":"max-image-preview:large","max-video-preview":"max-video-preview:-1"},"canonical":"https:\/\/linguavivagroup.com\/es\/niveles\/","og_locale":"es_ES","og_type":"article","og_title":"Summer Courses in Florence | Linguaviva","og_description":"Discover our stimulating and comprehensive Italian language study holiday in Florence that follows a programme specifically designed for young people.","og_url":"https:\/\/linguavivagroup.com\/es\/niveles\/","og_site_name":"Linguaviva Educational Group","article_modified_time":"2024-07-08T10:06:43+00:00","og_image":[{"width":1920,"height":923,"url":"https:\/\/linguavivagroup.com\/wp-content\/uploads\/2023\/04\/Educational-group.jpg","type":"image\/jpeg"}],"twitter_card":"summary_large_image","twitter_misc":{"Tiempo de lectura":"3 minutos"},"schema":{"@context":"https:\/\/schema.org","@graph":[{"@type":"WebPage","@id":"https:\/\/linguavivagroup.com\/es\/niveles\/","url":"https:\/\/linguavivagroup.com\/es\/niveles\/","name":"Summer Courses in Florence | Linguaviva","isPartOf":{"@id":"https:\/\/linguavivagroup.com\/es\/#website"},"datePublished":"2024-06-27T13:21:53+00:00","dateModified":"2024-07-08T10:06:43+00:00","description":"Discover our stimulating and comprehensive Italian language study holiday in Florence that follows a programme specifically designed for young people.","breadcrumb":{"@id":"https:\/\/linguavivagroup.com\/es\/niveles\/#breadcrumb"},"inLanguage":"es","potentialAction":[{"@type":"ReadAction","target":["https:\/\/linguavivagroup.com\/es\/niveles\/"]}]},{"@type":"BreadcrumbList","@id":"https:\/\/linguavivagroup.com\/es\/niveles\/#breadcrumb","itemListElement":[{"@type":"ListItem","position":1,"name":"Home","item":"https:\/\/linguavivagroup.com\/es\/"},{"@type":"ListItem","position":2,"name":"Niveles"}]},{"@type":"WebSite","@id":"https:\/\/linguavivagroup.com\/es\/#website","url":"https:\/\/linguavivagroup.com\/es\/","name":"Linguaviva Educational Group","description":"Study and learn italian in italy","publisher":{"@id":"https:\/\/linguavivagroup.com\/es\/#organization"},"potentialAction":[{"@type":"SearchAction","target":{"@type":"EntryPoint","urlTemplate":"https:\/\/linguavivagroup.com\/es\/?s={search_term_string}"},"query-input":{"@type":"PropertyValueSpecification","valueRequired":true,"valueName":"search_term_string"}}],"inLanguage":"es"},{"@type":"Organization","@id":"https:\/\/linguavivagroup.com\/es\/#organization","name":"Linguaviva Educational Group","url":"https:\/\/linguavivagroup.com\/es\/","logo":{"@type":"ImageObject","inLanguage":"es","@id":"https:\/\/linguavivagroup.com\/es\/#\/schema\/logo\/image\/","url":"https:\/\/linguavivagroup.com\/wp-content\/uploads\/2026\/03\/logo-linguaviva-bianco-50-260.png","contentUrl":"https:\/\/linguavivagroup.com\/wp-content\/uploads\/2026\/03\/logo-linguaviva-bianco-50-260.png","width":260,"height":48,"caption":"Linguaviva Educational Group"},"image":{"@id":"https:\/\/linguavivagroup.com\/es\/#\/schema\/logo\/image\/"}}]}},"_links":{"self":[{"href":"https:\/\/linguavivagroup.com\/es\/wp-json\/wp\/v2\/pages\/10723","targetHints":{"allow":["GET"]}}],"collection":[{"href":"https:\/\/linguavivagroup.com\/es\/wp-json\/wp\/v2\/pages"}],"about":[{"href":"https:\/\/linguavivagroup.com\/es\/wp-json\/wp\/v2\/types\/page"}],"author":[{"embeddable":true,"href":"https:\/\/linguavivagroup.com\/es\/wp-json\/wp\/v2\/users\/2"}],"replies":[{"embeddable":true,"href":"https:\/\/linguavivagroup.com\/es\/wp-json\/wp\/v2\/comments?post=10723"}],"version-history":[{"count":5,"href":"https:\/\/linguavivagroup.com\/es\/wp-json\/wp\/v2\/pages\/10723\/revisions"}],"predecessor-version":[{"id":10726,"href":"https:\/\/linguavivagroup.com\/es\/wp-json\/wp\/v2\/pages\/10723\/revisions\/10726"}],"wp:attachment":[{"href":"https:\/\/linguavivagroup.com\/es\/wp-json\/wp\/v2\/media?parent=10723"}],"curies":[{"name":"wp","href":"https:\/\/api.w.org\/{rel}","templated":true}]}}