{"id":3131,"date":"2023-07-19T12:09:05","date_gmt":"2023-07-19T10:09:05","guid":{"rendered":"https:\/\/linguavivagroup.com\/?page_id=3131"},"modified":"2024-04-02T16:03:36","modified_gmt":"2024-04-02T14:03:36","slug":"lugares","status":"publish","type":"page","link":"https:\/\/linguavivagroup.com\/es\/lugares\/","title":{"rendered":"LUGARES"},"content":{"rendered":"<section class=\"wpb-content-wrapper\"><p>[vc_row full_width=\u00bbstretch_row_content_no_spaces\u00bb el_class=\u00bbheader-image\u00bb][vc_column][vc_single_image image=\u00bb1894&#8243; img_size=\u00bbfull\u00bb el_class=\u00bbimg-header-big\u00bb][vc_single_image image=\u00bb1898&#8243; img_size=\u00bbfull\u00bb el_class=\u00bbimg-header-small\u00bb][\/vc_column][\/vc_row][vc_row el_class=\u00bbsezione\u00bb][vc_column width=\u00bb2\/12&#8243;][\/vc_column][vc_column width=\u00bb8\/12&#8243;][vc_column_text el_class=\u00bbred\u00bb]<\/p>\n<h1 style=\"text-align: center;\">APRENDER ITALIANO EN ITALIA EN FLORENCIA, MIL\u00c1N O LIGNANO<\/h1>\n<p>[\/vc_column_text][vc_column_text]\u00bfBuscas un programa de italiano estimulante, detallado y completo?<br \/>\nLos programas de estudio de Linguaviva incluyen cursos y experiencias para todas las edades y niveles. Vive la magia de Italia, aprende el idioma y sum\u00e9rgete en el arte, la cultura y el ocio.[\/vc_column_text][\/vc_column][vc_column width=\u00bb2\/12&#8243;][\/vc_column][\/vc_row][vc_row full_width=\u00bbstretch_row_content_no_spaces\u00bb equal_height=\u00bbyes\u00bb content_placement=\u00bbmiddle\u00bb el_class=\u00bbbg-red\u00bb][vc_column width=\u00bb1\/12&#8243;][\/vc_column][vc_column width=\u00bb4\/12&#8243; el_class=\u00bbbanner-testo-destinazione\u00bb][vc_column_text el_class=\u00bbwhite\u00bb]<\/p>\n<h2>APRENDE ITALIANO EN LA<br \/>\nCUNA DEL RENACIMIENTO<\/h2>\n<p>[\/vc_column_text][vc_column_text el_class=\u00bbwhite\u00bb]Florencia, cuna del Renacimiento, es una ciudad que tienes que visitar al menos una vez en la vida, un lugar que sorprende por su extraordinaria belleza art\u00edstica. Florencia, ciudad de noble pasado, posee un incre\u00edble patrimonio art\u00edstico e hist\u00f3rico. Dante Alighieri, padre de la lengua italiana, naci\u00f3 en Florencia, al igual que la \u00f3pera y el primer desfile de moda italiano.<br \/>\nTodo ello sin olvidar el centro hist\u00f3rico de Florencia, declarado Patrimonio de la Humanidad por la UNESCO en 1982, que alberga numerosos museos, entre ellos la famosa Galer\u00eda de los Uffizi. La belleza de Florencia est\u00e1 presente en todos los rincones, hasta tal punto que la ciudad se ha ganado el t\u00edtulo de Museo al aire libre.[\/vc_column_text][vc_btn title=\u00bb\u00bb align=\u00bbright\u00bb el_class=\u00bbbtn-arrow-white\u00bb link=\u00bburl:https%3A%2F%2Flinguavivagroup.com%2Fes%2Flugares-florencia%2F\u00bb][\/vc_column][vc_column width=\u00bb1\/12&#8243;][\/vc_column][vc_column width=\u00bb1\/2&#8243;][vc_single_image image=\u00bb5031&#8243; img_size=\u00bbfull\u00bb alignment=\u00bbcenter\u00bb el_class=\u00bbno-margin\u00bb][\/vc_column][\/vc_row][vc_row full_width=\u00bbstretch_row_content_no_spaces\u00bb el_class=\u00bboverflow-visible\u00bb][vc_column][vc_single_image image=\u00bb351&#8243; img_size=\u00bbfull\u00bb el_class=\u00bbsquare square-medium mtop-100 left0&#8243;][vc_single_image image=\u00bb351&#8243; img_size=\u00bbfull\u00bb el_class=\u00bbsquare square-medium top0 left0&#8243;][vc_single_image image=\u00bb351&#8243; img_size=\u00bbfull\u00bb el_class=\u00bbsquare square-medium mtop-100 right0&#8243;][vc_single_image image=\u00bb363&#8243; img_size=\u00bbfull\u00bb el_class=\u00bbsquare square-medium top0 right0&#8243;][\/vc_column][\/vc_row][vc_row full_width=\u00bbstretch_row_content_no_spaces\u00bb equal_height=\u00bbyes\u00bb content_placement=\u00bbmiddle\u00bb el_class=\u00bbbg-light-grey\u00bb][vc_column width=\u00bb1\/2&#8243;][vc_single_image image=\u00bb5036&#8243; img_size=\u00bbfull\u00bb alignment=\u00bbcenter\u00bb el_class=\u00bbno-margin\u00bb][\/vc_column][vc_column width=\u00bb1\/12&#8243;][\/vc_column][vc_column width=\u00bb4\/12&#8243; el_class=\u00bbbanner-testo-destinazione\u00bb][vc_column_text el_class=\u00bbred\u00bb]<\/p>\n<h2>APRENDE ITALIANO EN LA CAPITAL DE LA MODA<\/h2>\n<p>[\/vc_column_text][vc_column_text]Mil\u00e1n es una ciudad que sorprende y embelesa. Es original y fascinante, alberga rec\u00f3nditos rincones, pintorescos patios, frondosos jardines y parques y las t\u00edpicas casas enrejadas. En todos ellos conviven en completa armon\u00eda lo antiguo y lo moderno, el pasado y el presente.<br \/>\nMil\u00e1n, capital indiscutible de la moda y el dise\u00f1o, alberga una de las escenas culturales m\u00e1s animadas de Europa gracias a sus numerosos museos, teatros y galer\u00edas de arte. El famoso Duomo de Mil\u00e1n, el mundialmente conocido teatro de La Scala y la elegante bas\u00edlica de Santa Maria delle Grazie, declarada Patrimonio de la Humanidad por la UNESCO, son solo algunos ejemplos.<br \/>\nLa ciudad, reconocida a nivel internacional como el centro creativo de Italia, gracias a sus prestigiosas universidades, academias y conservatorios, es uno de los lugares de estudio preferidos por j\u00f3venes de todo el mundo.[\/vc_column_text][vc_btn title=\u00bb\u00bb align=\u00bbright\u00bb el_class=\u00bbbtn-arrow-red\u00bb link=\u00bburl:https%3A%2F%2Flinguavivagroup.com%2Fes%2Flugares-milan%2F\u00bb][\/vc_column][vc_column width=\u00bb1\/12&#8243;][\/vc_column][\/vc_row][vc_row full_width=\u00bbstretch_row_content_no_spaces\u00bb el_class=\u00bboverflow-visible\u00bb][vc_column width=\u00bb1\/2&#8243;][vc_single_image image=\u00bb351&#8243; img_size=\u00bbfull\u00bb el_class=\u00bbsquare square-medium mtop-100 right0&#8243;][vc_single_image image=\u00bb321&#8243; img_size=\u00bbfull\u00bb el_class=\u00bbsquare square-medium mtop-50 mright-50&#8243;][\/vc_column][vc_column width=\u00bb1\/2&#8243;][\/vc_column][\/vc_row][vc_row full_width=\u00bbstretch_row_content_no_spaces\u00bb equal_height=\u00bbyes\u00bb content_placement=\u00bbmiddle\u00bb el_class=\u00bbbg-red\u00bb][vc_column width=\u00bb1\/12&#8243;][\/vc_column][vc_column width=\u00bb4\/12&#8243; el_class=\u00bbbanner-testo-destinazione\u00bb][vc_column_text el_class=\u00bbwhite\u00bb]<\/p>\n<h2>APRENDE ITALIANO EN LA PERLA DEL ADRIATICO<\/h2>\n<p>[\/vc_column_text][vc_column_text el_class=\u00bbwhite\u00bb]Lignano Sabbiadoro, apodada la Perla del Adri\u00e1tico, es una verde pen\u00ednsula de m\u00e1s de 8\u00a0kil\u00f3metros en la costa del Alto Adri\u00e1tico, entre Venecia y Trieste. Lignano Sabbiadoro, que debe su nombre a su playa de arena fina y suave, es un conocido lugar de veraneo en el que se pueden practicar numerosas actividades.<br \/>\nCon su animado ambiente, la ciudad ofrece un sinf\u00edn de lugares que visitar y experiencias y es un destino ideal para estudiar y divertirse. Lignano Sabbiadoro: el destino perfecto para tu curso de italiano.[\/vc_column_text][vc_btn title=\u00bb\u00bb align=\u00bbright\u00bb el_class=\u00bbbtn-arrow-white\u00bb link=\u00bburl:https%3A%2F%2Flinguavivagroup.com%2Fes%2Flugares-lignano%2F\u00bb][\/vc_column][vc_column width=\u00bb1\/12&#8243;][\/vc_column][vc_column width=\u00bb1\/2&#8243;][vc_single_image image=\u00bb5023&#8243; img_size=\u00bbfull\u00bb alignment=\u00bbcenter\u00bb el_class=\u00bbno-margin\u00bb][\/vc_column][\/vc_row][vc_row full_width=\u00bbstretch_row_content_no_spaces\u00bb el_class=\u00bboverflow-visible\u00bb][vc_column][vc_single_image image=\u00bb309&#8243; img_size=\u00bbfull\u00bb el_class=\u00bbsquare square-medium mtop-50 right0&#8243;][\/vc_column][\/vc_row]<\/p>\n<\/section>","protected":false},"excerpt":{"rendered":"<p>[vc_row full_width=\u00bbstretch_row_content_no_spaces\u00bb el_class=\u00bbheader-image\u00bb][vc_column][vc_single_image image=\u00bb1894&#8243; img_size=\u00bbfull\u00bb el_class=\u00bbimg-header-big\u00bb][vc_single_image image=\u00bb1898&#8243; img_size=\u00bbfull\u00bb el_class=\u00bbimg-header-small\u00bb][\/vc_column][\/vc_row][vc_row el_class=\u00bbsezione\u00bb][vc_column width=\u00bb2\/12&#8243;][\/vc_column][vc_column width=\u00bb8\/12&#8243;][vc_column_text el_class=\u00bbred\u00bb] APRENDER ITALIANO EN ITALIA EN FLORENCIA, MIL\u00c1N O LIGNANO [\/vc_column_text][vc_column_text]\u00bfBuscas un programa de italiano estimulante, detallado y completo? Los programas de estudio de Linguaviva incluyen cursos y experiencias para todas las edades y niveles. Vive la magia de Italia, aprende el idioma [&hellip;]<\/p>\n","protected":false},"author":3,"featured_media":1898,"parent":0,"menu_order":-1,"comment_status":"closed","ping_status":"closed","template":"","meta":{"inline_featured_image":false,"footnotes":""},"class_list":["post-3131","page","type-page","status-publish","has-post-thumbnail","hentry"],"yoast_head":"<!-- This site is optimized with the Yoast SEO plugin v27.2 - https:\/\/yoast.com\/product\/yoast-seo-wordpress\/ -->\n<title>LUGARES | Linguaviva Educational Group<\/title>\n<meta name=\"description\" content=\"Los programas de estudio de Linguaviva incluyen cursos y experiencias para todas las edades y niveles.\" \/>\n<meta name=\"robots\" content=\"index, follow, max-snippet:-1, max-image-preview:large, max-video-preview:-1\" \/>\n<link rel=\"canonical\" href=\"https:\/\/linguavivagroup.com\/es\/lugares\/\" \/>\n<meta property=\"og:locale\" content=\"es_ES\" \/>\n<meta property=\"og:type\" content=\"article\" \/>\n<meta property=\"og:title\" content=\"LUGARES | Linguaviva Educational Group\" \/>\n<meta property=\"og:description\" content=\"Los programas de estudio de Linguaviva incluyen cursos y experiencias para todas las edades y niveles.\" \/>\n<meta property=\"og:url\" content=\"https:\/\/linguavivagroup.com\/es\/lugares\/\" \/>\n<meta property=\"og:site_name\" content=\"Linguaviva Educational Group\" \/>\n<meta property=\"article:modified_time\" content=\"2024-04-02T14:03:36+00:00\" \/>\n<meta property=\"og:image\" content=\"https:\/\/linguavivagroup.com\/wp-content\/uploads\/2023\/07\/header-mobile-1.png\" \/>\n\t<meta property=\"og:image:width\" content=\"1000\" \/>\n\t<meta property=\"og:image:height\" content=\"1254\" \/>\n\t<meta property=\"og:image:type\" content=\"image\/png\" \/>\n<meta name=\"twitter:card\" content=\"summary_large_image\" \/>\n<meta name=\"twitter:label1\" content=\"Tiempo de lectura\" \/>\n\t<meta name=\"twitter:data1\" content=\"3 minutos\" \/>\n<script type=\"application\/ld+json\" class=\"yoast-schema-graph\">{\"@context\":\"https:\/\/schema.org\",\"@graph\":[{\"@type\":\"WebPage\",\"@id\":\"https:\/\/linguavivagroup.com\/es\/lugares\/\",\"url\":\"https:\/\/linguavivagroup.com\/es\/lugares\/\",\"name\":\"LUGARES | Linguaviva Educational Group\",\"isPartOf\":{\"@id\":\"https:\/\/linguavivagroup.com\/es\/#website\"},\"primaryImageOfPage\":{\"@id\":\"https:\/\/linguavivagroup.com\/es\/lugares\/#primaryimage\"},\"image\":{\"@id\":\"https:\/\/linguavivagroup.com\/es\/lugares\/#primaryimage\"},\"thumbnailUrl\":\"https:\/\/linguavivagroup.com\/wp-content\/uploads\/2023\/07\/header-mobile-1.png\",\"datePublished\":\"2023-07-19T10:09:05+00:00\",\"dateModified\":\"2024-04-02T14:03:36+00:00\",\"description\":\"Los programas de estudio de Linguaviva incluyen cursos y experiencias para todas las edades y niveles.\",\"breadcrumb\":{\"@id\":\"https:\/\/linguavivagroup.com\/es\/lugares\/#breadcrumb\"},\"inLanguage\":\"es\",\"potentialAction\":[{\"@type\":\"ReadAction\",\"target\":[\"https:\/\/linguavivagroup.com\/es\/lugares\/\"]}]},{\"@type\":\"ImageObject\",\"inLanguage\":\"es\",\"@id\":\"https:\/\/linguavivagroup.com\/es\/lugares\/#primaryimage\",\"url\":\"https:\/\/linguavivagroup.com\/wp-content\/uploads\/2023\/07\/header-mobile-1.png\",\"contentUrl\":\"https:\/\/linguavivagroup.com\/wp-content\/uploads\/2023\/07\/header-mobile-1.png\",\"width\":1000,\"height\":1254,\"caption\":\"colinas toscanas - mobile\"},{\"@type\":\"BreadcrumbList\",\"@id\":\"https:\/\/linguavivagroup.com\/es\/lugares\/#breadcrumb\",\"itemListElement\":[{\"@type\":\"ListItem\",\"position\":1,\"name\":\"Home\",\"item\":\"https:\/\/linguavivagroup.com\/es\/\"},{\"@type\":\"ListItem\",\"position\":2,\"name\":\"LUGARES\"}]},{\"@type\":\"WebSite\",\"@id\":\"https:\/\/linguavivagroup.com\/es\/#website\",\"url\":\"https:\/\/linguavivagroup.com\/es\/\",\"name\":\"Linguaviva Educational Group\",\"description\":\"Study and learn italian in italy\",\"publisher\":{\"@id\":\"https:\/\/linguavivagroup.com\/es\/#organization\"},\"potentialAction\":[{\"@type\":\"SearchAction\",\"target\":{\"@type\":\"EntryPoint\",\"urlTemplate\":\"https:\/\/linguavivagroup.com\/es\/?s={search_term_string}\"},\"query-input\":{\"@type\":\"PropertyValueSpecification\",\"valueRequired\":true,\"valueName\":\"search_term_string\"}}],\"inLanguage\":\"es\"},{\"@type\":\"Organization\",\"@id\":\"https:\/\/linguavivagroup.com\/es\/#organization\",\"name\":\"Linguaviva Educational Group\",\"url\":\"https:\/\/linguavivagroup.com\/es\/\",\"logo\":{\"@type\":\"ImageObject\",\"inLanguage\":\"es\",\"@id\":\"https:\/\/linguavivagroup.com\/es\/#\/schema\/logo\/image\/\",\"url\":\"https:\/\/linguavivagroup.com\/wp-content\/uploads\/2026\/03\/logo-linguaviva-bianco-50-260.png\",\"contentUrl\":\"https:\/\/linguavivagroup.com\/wp-content\/uploads\/2026\/03\/logo-linguaviva-bianco-50-260.png\",\"width\":260,\"height\":48,\"caption\":\"Linguaviva Educational Group\"},\"image\":{\"@id\":\"https:\/\/linguavivagroup.com\/es\/#\/schema\/logo\/image\/\"}}]}<\/script>\n<!-- \/ Yoast SEO plugin. -->","yoast_head_json":{"title":"LUGARES | Linguaviva Educational Group","description":"Los programas de estudio de Linguaviva incluyen cursos y experiencias para todas las edades y niveles.","robots":{"index":"index","follow":"follow","max-snippet":"max-snippet:-1","max-image-preview":"max-image-preview:large","max-video-preview":"max-video-preview:-1"},"canonical":"https:\/\/linguavivagroup.com\/es\/lugares\/","og_locale":"es_ES","og_type":"article","og_title":"LUGARES | Linguaviva Educational Group","og_description":"Los programas de estudio de Linguaviva incluyen cursos y experiencias para todas las edades y niveles.","og_url":"https:\/\/linguavivagroup.com\/es\/lugares\/","og_site_name":"Linguaviva Educational Group","article_modified_time":"2024-04-02T14:03:36+00:00","og_image":[{"width":1000,"height":1254,"url":"https:\/\/linguavivagroup.com\/wp-content\/uploads\/2023\/07\/header-mobile-1.png","type":"image\/png"}],"twitter_card":"summary_large_image","twitter_misc":{"Tiempo de lectura":"3 minutos"},"schema":{"@context":"https:\/\/schema.org","@graph":[{"@type":"WebPage","@id":"https:\/\/linguavivagroup.com\/es\/lugares\/","url":"https:\/\/linguavivagroup.com\/es\/lugares\/","name":"LUGARES | Linguaviva Educational Group","isPartOf":{"@id":"https:\/\/linguavivagroup.com\/es\/#website"},"primaryImageOfPage":{"@id":"https:\/\/linguavivagroup.com\/es\/lugares\/#primaryimage"},"image":{"@id":"https:\/\/linguavivagroup.com\/es\/lugares\/#primaryimage"},"thumbnailUrl":"https:\/\/linguavivagroup.com\/wp-content\/uploads\/2023\/07\/header-mobile-1.png","datePublished":"2023-07-19T10:09:05+00:00","dateModified":"2024-04-02T14:03:36+00:00","description":"Los programas de estudio de Linguaviva incluyen cursos y experiencias para todas las edades y niveles.","breadcrumb":{"@id":"https:\/\/linguavivagroup.com\/es\/lugares\/#breadcrumb"},"inLanguage":"es","potentialAction":[{"@type":"ReadAction","target":["https:\/\/linguavivagroup.com\/es\/lugares\/"]}]},{"@type":"ImageObject","inLanguage":"es","@id":"https:\/\/linguavivagroup.com\/es\/lugares\/#primaryimage","url":"https:\/\/linguavivagroup.com\/wp-content\/uploads\/2023\/07\/header-mobile-1.png","contentUrl":"https:\/\/linguavivagroup.com\/wp-content\/uploads\/2023\/07\/header-mobile-1.png","width":1000,"height":1254,"caption":"colinas toscanas - mobile"},{"@type":"BreadcrumbList","@id":"https:\/\/linguavivagroup.com\/es\/lugares\/#breadcrumb","itemListElement":[{"@type":"ListItem","position":1,"name":"Home","item":"https:\/\/linguavivagroup.com\/es\/"},{"@type":"ListItem","position":2,"name":"LUGARES"}]},{"@type":"WebSite","@id":"https:\/\/linguavivagroup.com\/es\/#website","url":"https:\/\/linguavivagroup.com\/es\/","name":"Linguaviva Educational Group","description":"Study and learn italian in italy","publisher":{"@id":"https:\/\/linguavivagroup.com\/es\/#organization"},"potentialAction":[{"@type":"SearchAction","target":{"@type":"EntryPoint","urlTemplate":"https:\/\/linguavivagroup.com\/es\/?s={search_term_string}"},"query-input":{"@type":"PropertyValueSpecification","valueRequired":true,"valueName":"search_term_string"}}],"inLanguage":"es"},{"@type":"Organization","@id":"https:\/\/linguavivagroup.com\/es\/#organization","name":"Linguaviva Educational Group","url":"https:\/\/linguavivagroup.com\/es\/","logo":{"@type":"ImageObject","inLanguage":"es","@id":"https:\/\/linguavivagroup.com\/es\/#\/schema\/logo\/image\/","url":"https:\/\/linguavivagroup.com\/wp-content\/uploads\/2026\/03\/logo-linguaviva-bianco-50-260.png","contentUrl":"https:\/\/linguavivagroup.com\/wp-content\/uploads\/2026\/03\/logo-linguaviva-bianco-50-260.png","width":260,"height":48,"caption":"Linguaviva Educational Group"},"image":{"@id":"https:\/\/linguavivagroup.com\/es\/#\/schema\/logo\/image\/"}}]}},"_links":{"self":[{"href":"https:\/\/linguavivagroup.com\/es\/wp-json\/wp\/v2\/pages\/3131","targetHints":{"allow":["GET"]}}],"collection":[{"href":"https:\/\/linguavivagroup.com\/es\/wp-json\/wp\/v2\/pages"}],"about":[{"href":"https:\/\/linguavivagroup.com\/es\/wp-json\/wp\/v2\/types\/page"}],"author":[{"embeddable":true,"href":"https:\/\/linguavivagroup.com\/es\/wp-json\/wp\/v2\/users\/3"}],"replies":[{"embeddable":true,"href":"https:\/\/linguavivagroup.com\/es\/wp-json\/wp\/v2\/comments?post=3131"}],"version-history":[{"count":10,"href":"https:\/\/linguavivagroup.com\/es\/wp-json\/wp\/v2\/pages\/3131\/revisions"}],"predecessor-version":[{"id":7899,"href":"https:\/\/linguavivagroup.com\/es\/wp-json\/wp\/v2\/pages\/3131\/revisions\/7899"}],"wp:featuredmedia":[{"embeddable":true,"href":"https:\/\/linguavivagroup.com\/es\/wp-json\/wp\/v2\/media\/1898"}],"wp:attachment":[{"href":"https:\/\/linguavivagroup.com\/es\/wp-json\/wp\/v2\/media?parent=3131"}],"curies":[{"name":"wp","href":"https:\/\/api.w.org\/{rel}","templated":true}]}}