{"id":3219,"date":"2023-07-19T12:17:49","date_gmt":"2023-07-19T10:17:49","guid":{"rendered":"https:\/\/linguavivagroup.com\/?page_id=3219"},"modified":"2024-04-02T15:47:28","modified_gmt":"2024-04-02T13:47:28","slug":"lugares-florencia","status":"publish","type":"page","link":"https:\/\/linguavivagroup.com\/es\/lugares-florencia\/","title":{"rendered":"LUGARES FLORENCIA"},"content":{"rendered":"<section class=\"wpb-content-wrapper\"><p>[vc_row full_width=\u00bbstretch_row_content_no_spaces\u00bb el_class=\u00bbheader-image\u00bb][vc_column][vc_single_image image=\u00bb1716&#8243; img_size=\u00bbfull\u00bb el_class=\u00bbimg-header-big\u00bb][vc_single_image image=\u00bb1720&#8243; img_size=\u00bbfull\u00bb el_class=\u00bbimg-header-small\u00bb][\/vc_column][\/vc_row][vc_row gap=\u00bb30&#8243; el_class=\u00bbsezione\u00bb][vc_column width=\u00bb1\/2&#8243; el_class=\u00bbslideshow slideshow-small\u00bb][vc_images_carousel images=\u00bb1725,1729,1733,1737,1741&#8243; img_size=\u00bbfull\u00bb onclick=\u00bblink_no\u00bb wrap=\u00bbyes\u00bb][vc_single_image image=\u00bb313&#8243; img_size=\u00bbfull\u00bb el_class=\u00bbsquare square-small s-top-50 s-left-50&#8243;][vc_single_image image=\u00bb379&#8243; img_size=\u00bbfull\u00bb el_class=\u00bbsquare square-small s-top-50 s-left50&#8243;][vc_single_image image=\u00bb325&#8243; img_size=\u00bbfull\u00bb el_class=\u00bbsquare square-small s-top50 s-left-50&#8243;][vc_single_image image=\u00bb367&#8243; img_size=\u00bbfull\u00bb el_class=\u00bbsquare square-small s-bottom-50 s-right-50&#8243;][\/vc_column][vc_column width=\u00bb1\/12&#8243;][\/vc_column][vc_column width=\u00bb5\/12&#8243;][vc_column_text el_class=\u00bbred\u00bb]<\/p>\n<h1 class=\"h2\">LA ESCUELA DE ITALIANO AL LADO DEL CENTRO DE FLORENCIA<\/h1>\n<p>[\/vc_column_text][vc_column_text]La escuela Linguaviva se sit\u00faa en el coraz\u00f3n de Florencia, muy cerca de algunos de los monumentos m\u00e1s emblem\u00e1ticos, conocidos en todo el mundo. El centro ser\u00e1 el punto de partida para descubrir la ciudad por tu cuenta o aprovechar las visitas guiadas y actividades que ofrecemos todas las semanas. El objetivo de nuestra escuela es ofrecer una experiencia completa. Con nosotros aprender\u00e1s italiano a la vez que descubrir\u00e1s las obras de arte de los artistas m\u00e1s importantes del Renacimiento. Visitar\u00e1s los monumentos m\u00e1s conocidos y prestigiosos museos, pasear\u00e1s por los Lungarni y por el Ponte Vecchio, disfrutar\u00e1s de un buen vino y probar\u00e1s la cocina de la zona.<br \/>\nAprender italiano en Florencia con Linguaviva ser\u00e1 tu puerta de entrada a la cultura, la historia y la filosof\u00eda italianas.[\/vc_column_text][vc_btn title=\u00bb\u00bb align=\u00bbright\u00bb el_class=\u00bbbtn-arrow-red\u00bb link=\u00bburl:https%3A%2F%2Flinguavivagroup.com%2Fes%2Fcursos-de-italiano-en-florencia%2F\u00bb][\/vc_column][\/vc_row][vc_row full_width=\u00bbstretch_row\u00bb gap=\u00bb30&#8243; el_class=\u00bbsezione bg-light-grey\u00bb][vc_column width=\u00bb1\/12&#8243;][\/vc_column][vc_column width=\u00bb10\/12&#8243;][vc_raw_html]JTNDZGl2JTIwY2xhc3MlM0QlMjJ2aWRlby1wYWdlJTIyJTNFJTBBJTIwJTIwJTIwJTIwJTNDdmlkZW8lMjBjb250cm9scyUzRCUyMiUyMiUzRSUwQSUyMCUyMCUyMCUyMCUyMCUyMCUyMCUyMCUzQ3NvdXJjZSUyMHNyYyUzRCUyMmh0dHBzJTNBJTJGJTJGbGluZ3Vhdml2YWdyb3VwLmNvbSUyRndwLWNvbnRlbnQlMkZ0aGVtZXMlMkZsaW5ndWF2aXZhJTJGdmlkZW8lMkZJbXByb3ZlJTIweW91ciUyMEl0YWxpYW4lMjBza2lsbHMlMjBhdCUyMExpbmd1YXZpdmElMjB3aXRoJTIwR28lMjElMjBHbyUyMSUyMEl0YWxpYS5tcDQlMjIlMjB0eXBlJTNEJTIydmlkZW8lMkZtcDQlMjIlM0UlMEElMjAlMjAlMjAlMjAlM0MlMkZ2aWRlbyUzRSUwQSUyMCUyMCUzQyUyRmRpdiUzRQ==[\/vc_raw_html][\/vc_column][vc_column width=\u00bb1\/12&#8243;][\/vc_column][\/vc_row]<\/p>\n<\/section>","protected":false},"excerpt":{"rendered":"<p>[vc_row full_width=\u00bbstretch_row_content_no_spaces\u00bb el_class=\u00bbheader-image\u00bb][vc_column][vc_single_image image=\u00bb1716&#8243; img_size=\u00bbfull\u00bb el_class=\u00bbimg-header-big\u00bb][vc_single_image image=\u00bb1720&#8243; img_size=\u00bbfull\u00bb el_class=\u00bbimg-header-small\u00bb][\/vc_column][\/vc_row][vc_row gap=\u00bb30&#8243; el_class=\u00bbsezione\u00bb][vc_column width=\u00bb1\/2&#8243; el_class=\u00bbslideshow slideshow-small\u00bb][vc_images_carousel images=\u00bb1725,1729,1733,1737,1741&#8243; img_size=\u00bbfull\u00bb onclick=\u00bblink_no\u00bb wrap=\u00bbyes\u00bb][vc_single_image image=\u00bb313&#8243; img_size=\u00bbfull\u00bb el_class=\u00bbsquare square-small s-top-50 s-left-50&#8243;][vc_single_image image=\u00bb379&#8243; img_size=\u00bbfull\u00bb el_class=\u00bbsquare square-small s-top-50 s-left50&#8243;][vc_single_image image=\u00bb325&#8243; img_size=\u00bbfull\u00bb el_class=\u00bbsquare square-small s-top50 s-left-50&#8243;][vc_single_image image=\u00bb367&#8243; img_size=\u00bbfull\u00bb el_class=\u00bbsquare square-small s-bottom-50 s-right-50&#8243;][\/vc_column][vc_column width=\u00bb1\/12&#8243;][\/vc_column][vc_column width=\u00bb5\/12&#8243;][vc_column_text el_class=\u00bbred\u00bb] LA ESCUELA DE ITALIANO AL LADO DEL CENTRO DE FLORENCIA [&hellip;]<\/p>\n","protected":false},"author":4,"featured_media":1720,"parent":0,"menu_order":-1,"comment_status":"closed","ping_status":"closed","template":"","meta":{"inline_featured_image":false,"footnotes":""},"class_list":["post-3219","page","type-page","status-publish","has-post-thumbnail","hentry"],"yoast_head":"<!-- This site is optimized with the Yoast SEO plugin v27.2 - https:\/\/yoast.com\/product\/yoast-seo-wordpress\/ -->\n<title>LUGARES FLORENCIA | Linguaviva Educational Group<\/title>\n<meta name=\"description\" content=\"La escuela Linguaviva se sit\u00faa en el coraz\u00f3n de Florencia, muy cerca de algunos de los monumentos m\u00e1s emblem\u00e1ticos, conocidos en todo el mundo.\" \/>\n<meta name=\"robots\" content=\"index, follow, max-snippet:-1, max-image-preview:large, max-video-preview:-1\" \/>\n<link rel=\"canonical\" href=\"https:\/\/linguavivagroup.com\/es\/lugares-florencia\/\" \/>\n<meta property=\"og:locale\" content=\"es_ES\" \/>\n<meta property=\"og:type\" content=\"article\" \/>\n<meta property=\"og:title\" content=\"LUGARES FLORENCIA | Linguaviva Educational Group\" \/>\n<meta property=\"og:description\" content=\"La escuela Linguaviva se sit\u00faa en el coraz\u00f3n de Florencia, muy cerca de algunos de los monumentos m\u00e1s emblem\u00e1ticos, conocidos en todo el mundo.\" \/>\n<meta property=\"og:url\" content=\"https:\/\/linguavivagroup.com\/es\/lugares-florencia\/\" \/>\n<meta property=\"og:site_name\" content=\"Linguaviva Educational Group\" \/>\n<meta property=\"article:modified_time\" content=\"2024-04-02T13:47:28+00:00\" \/>\n<meta property=\"og:image\" content=\"https:\/\/linguavivagroup.com\/wp-content\/uploads\/2023\/07\/header-mobile.png\" \/>\n\t<meta property=\"og:image:width\" content=\"390\" \/>\n\t<meta property=\"og:image:height\" content=\"489\" \/>\n\t<meta property=\"og:image:type\" content=\"image\/png\" \/>\n<meta name=\"twitter:card\" content=\"summary_large_image\" \/>\n<meta name=\"twitter:label1\" content=\"Tiempo de lectura\" \/>\n\t<meta name=\"twitter:data1\" content=\"2 minutos\" \/>\n<script type=\"application\/ld+json\" class=\"yoast-schema-graph\">{\"@context\":\"https:\/\/schema.org\",\"@graph\":[{\"@type\":\"WebPage\",\"@id\":\"https:\/\/linguavivagroup.com\/es\/lugares-florencia\/\",\"url\":\"https:\/\/linguavivagroup.com\/es\/lugares-florencia\/\",\"name\":\"LUGARES FLORENCIA | Linguaviva Educational Group\",\"isPartOf\":{\"@id\":\"https:\/\/linguavivagroup.com\/es\/#website\"},\"primaryImageOfPage\":{\"@id\":\"https:\/\/linguavivagroup.com\/es\/lugares-florencia\/#primaryimage\"},\"image\":{\"@id\":\"https:\/\/linguavivagroup.com\/es\/lugares-florencia\/#primaryimage\"},\"thumbnailUrl\":\"https:\/\/linguavivagroup.com\/wp-content\/uploads\/2023\/07\/header-mobile.png\",\"datePublished\":\"2023-07-19T10:17:49+00:00\",\"dateModified\":\"2024-04-02T13:47:28+00:00\",\"description\":\"La escuela Linguaviva se sit\u00faa en el coraz\u00f3n de Florencia, muy cerca de algunos de los monumentos m\u00e1s emblem\u00e1ticos, conocidos en todo el mundo.\",\"breadcrumb\":{\"@id\":\"https:\/\/linguavivagroup.com\/es\/lugares-florencia\/#breadcrumb\"},\"inLanguage\":\"es\",\"potentialAction\":[{\"@type\":\"ReadAction\",\"target\":[\"https:\/\/linguavivagroup.com\/es\/lugares-florencia\/\"]}]},{\"@type\":\"ImageObject\",\"inLanguage\":\"es\",\"@id\":\"https:\/\/linguavivagroup.com\/es\/lugares-florencia\/#primaryimage\",\"url\":\"https:\/\/linguavivagroup.com\/wp-content\/uploads\/2023\/07\/header-mobile.png\",\"contentUrl\":\"https:\/\/linguavivagroup.com\/wp-content\/uploads\/2023\/07\/header-mobile.png\",\"width\":390,\"height\":489,\"caption\":\"C\u00fapula de Brunelleschi Catedral de Florencia - mobile\"},{\"@type\":\"BreadcrumbList\",\"@id\":\"https:\/\/linguavivagroup.com\/es\/lugares-florencia\/#breadcrumb\",\"itemListElement\":[{\"@type\":\"ListItem\",\"position\":1,\"name\":\"Home\",\"item\":\"https:\/\/linguavivagroup.com\/es\/\"},{\"@type\":\"ListItem\",\"position\":2,\"name\":\"LUGARES FLORENCIA\"}]},{\"@type\":\"WebSite\",\"@id\":\"https:\/\/linguavivagroup.com\/es\/#website\",\"url\":\"https:\/\/linguavivagroup.com\/es\/\",\"name\":\"Linguaviva Educational Group\",\"description\":\"Study and learn italian in italy\",\"publisher\":{\"@id\":\"https:\/\/linguavivagroup.com\/es\/#organization\"},\"potentialAction\":[{\"@type\":\"SearchAction\",\"target\":{\"@type\":\"EntryPoint\",\"urlTemplate\":\"https:\/\/linguavivagroup.com\/es\/?s={search_term_string}\"},\"query-input\":{\"@type\":\"PropertyValueSpecification\",\"valueRequired\":true,\"valueName\":\"search_term_string\"}}],\"inLanguage\":\"es\"},{\"@type\":\"Organization\",\"@id\":\"https:\/\/linguavivagroup.com\/es\/#organization\",\"name\":\"Linguaviva Educational Group\",\"url\":\"https:\/\/linguavivagroup.com\/es\/\",\"logo\":{\"@type\":\"ImageObject\",\"inLanguage\":\"es\",\"@id\":\"https:\/\/linguavivagroup.com\/es\/#\/schema\/logo\/image\/\",\"url\":\"https:\/\/linguavivagroup.com\/wp-content\/uploads\/2026\/03\/logo-linguaviva-bianco-50-260.png\",\"contentUrl\":\"https:\/\/linguavivagroup.com\/wp-content\/uploads\/2026\/03\/logo-linguaviva-bianco-50-260.png\",\"width\":260,\"height\":48,\"caption\":\"Linguaviva Educational Group\"},\"image\":{\"@id\":\"https:\/\/linguavivagroup.com\/es\/#\/schema\/logo\/image\/\"}}]}<\/script>\n<!-- \/ Yoast SEO plugin. -->","yoast_head_json":{"title":"LUGARES FLORENCIA | Linguaviva Educational Group","description":"La escuela Linguaviva se sit\u00faa en el coraz\u00f3n de Florencia, muy cerca de algunos de los monumentos m\u00e1s emblem\u00e1ticos, conocidos en todo el mundo.","robots":{"index":"index","follow":"follow","max-snippet":"max-snippet:-1","max-image-preview":"max-image-preview:large","max-video-preview":"max-video-preview:-1"},"canonical":"https:\/\/linguavivagroup.com\/es\/lugares-florencia\/","og_locale":"es_ES","og_type":"article","og_title":"LUGARES FLORENCIA | Linguaviva Educational Group","og_description":"La escuela Linguaviva se sit\u00faa en el coraz\u00f3n de Florencia, muy cerca de algunos de los monumentos m\u00e1s emblem\u00e1ticos, conocidos en todo el mundo.","og_url":"https:\/\/linguavivagroup.com\/es\/lugares-florencia\/","og_site_name":"Linguaviva Educational Group","article_modified_time":"2024-04-02T13:47:28+00:00","og_image":[{"width":390,"height":489,"url":"https:\/\/linguavivagroup.com\/wp-content\/uploads\/2023\/07\/header-mobile.png","type":"image\/png"}],"twitter_card":"summary_large_image","twitter_misc":{"Tiempo de lectura":"2 minutos"},"schema":{"@context":"https:\/\/schema.org","@graph":[{"@type":"WebPage","@id":"https:\/\/linguavivagroup.com\/es\/lugares-florencia\/","url":"https:\/\/linguavivagroup.com\/es\/lugares-florencia\/","name":"LUGARES FLORENCIA | Linguaviva Educational Group","isPartOf":{"@id":"https:\/\/linguavivagroup.com\/es\/#website"},"primaryImageOfPage":{"@id":"https:\/\/linguavivagroup.com\/es\/lugares-florencia\/#primaryimage"},"image":{"@id":"https:\/\/linguavivagroup.com\/es\/lugares-florencia\/#primaryimage"},"thumbnailUrl":"https:\/\/linguavivagroup.com\/wp-content\/uploads\/2023\/07\/header-mobile.png","datePublished":"2023-07-19T10:17:49+00:00","dateModified":"2024-04-02T13:47:28+00:00","description":"La escuela Linguaviva se sit\u00faa en el coraz\u00f3n de Florencia, muy cerca de algunos de los monumentos m\u00e1s emblem\u00e1ticos, conocidos en todo el mundo.","breadcrumb":{"@id":"https:\/\/linguavivagroup.com\/es\/lugares-florencia\/#breadcrumb"},"inLanguage":"es","potentialAction":[{"@type":"ReadAction","target":["https:\/\/linguavivagroup.com\/es\/lugares-florencia\/"]}]},{"@type":"ImageObject","inLanguage":"es","@id":"https:\/\/linguavivagroup.com\/es\/lugares-florencia\/#primaryimage","url":"https:\/\/linguavivagroup.com\/wp-content\/uploads\/2023\/07\/header-mobile.png","contentUrl":"https:\/\/linguavivagroup.com\/wp-content\/uploads\/2023\/07\/header-mobile.png","width":390,"height":489,"caption":"C\u00fapula de Brunelleschi Catedral de Florencia - mobile"},{"@type":"BreadcrumbList","@id":"https:\/\/linguavivagroup.com\/es\/lugares-florencia\/#breadcrumb","itemListElement":[{"@type":"ListItem","position":1,"name":"Home","item":"https:\/\/linguavivagroup.com\/es\/"},{"@type":"ListItem","position":2,"name":"LUGARES FLORENCIA"}]},{"@type":"WebSite","@id":"https:\/\/linguavivagroup.com\/es\/#website","url":"https:\/\/linguavivagroup.com\/es\/","name":"Linguaviva Educational Group","description":"Study and learn italian in italy","publisher":{"@id":"https:\/\/linguavivagroup.com\/es\/#organization"},"potentialAction":[{"@type":"SearchAction","target":{"@type":"EntryPoint","urlTemplate":"https:\/\/linguavivagroup.com\/es\/?s={search_term_string}"},"query-input":{"@type":"PropertyValueSpecification","valueRequired":true,"valueName":"search_term_string"}}],"inLanguage":"es"},{"@type":"Organization","@id":"https:\/\/linguavivagroup.com\/es\/#organization","name":"Linguaviva Educational Group","url":"https:\/\/linguavivagroup.com\/es\/","logo":{"@type":"ImageObject","inLanguage":"es","@id":"https:\/\/linguavivagroup.com\/es\/#\/schema\/logo\/image\/","url":"https:\/\/linguavivagroup.com\/wp-content\/uploads\/2026\/03\/logo-linguaviva-bianco-50-260.png","contentUrl":"https:\/\/linguavivagroup.com\/wp-content\/uploads\/2026\/03\/logo-linguaviva-bianco-50-260.png","width":260,"height":48,"caption":"Linguaviva Educational Group"},"image":{"@id":"https:\/\/linguavivagroup.com\/es\/#\/schema\/logo\/image\/"}}]}},"_links":{"self":[{"href":"https:\/\/linguavivagroup.com\/es\/wp-json\/wp\/v2\/pages\/3219","targetHints":{"allow":["GET"]}}],"collection":[{"href":"https:\/\/linguavivagroup.com\/es\/wp-json\/wp\/v2\/pages"}],"about":[{"href":"https:\/\/linguavivagroup.com\/es\/wp-json\/wp\/v2\/types\/page"}],"author":[{"embeddable":true,"href":"https:\/\/linguavivagroup.com\/es\/wp-json\/wp\/v2\/users\/4"}],"replies":[{"embeddable":true,"href":"https:\/\/linguavivagroup.com\/es\/wp-json\/wp\/v2\/comments?post=3219"}],"version-history":[{"count":7,"href":"https:\/\/linguavivagroup.com\/es\/wp-json\/wp\/v2\/pages\/3219\/revisions"}],"predecessor-version":[{"id":9872,"href":"https:\/\/linguavivagroup.com\/es\/wp-json\/wp\/v2\/pages\/3219\/revisions\/9872"}],"wp:featuredmedia":[{"embeddable":true,"href":"https:\/\/linguavivagroup.com\/es\/wp-json\/wp\/v2\/media\/1720"}],"wp:attachment":[{"href":"https:\/\/linguavivagroup.com\/es\/wp-json\/wp\/v2\/media?parent=3219"}],"curies":[{"name":"wp","href":"https:\/\/api.w.org\/{rel}","templated":true}]}}