{"id":3225,"date":"2023-07-19T12:22:09","date_gmt":"2023-07-19T10:22:09","guid":{"rendered":"https:\/\/linguavivagroup.com\/?page_id=3225"},"modified":"2024-04-02T16:08:43","modified_gmt":"2024-04-02T14:08:43","slug":"lugares-milan","status":"publish","type":"page","link":"https:\/\/linguavivagroup.com\/es\/lugares-milan\/","title":{"rendered":"LUGARES MIL\u00c1N"},"content":{"rendered":"<section class=\"wpb-content-wrapper\"><p>[vc_row full_width=\u00bbstretch_row_content_no_spaces\u00bb el_class=\u00bbheader-image\u00bb][vc_column][vc_single_image image=\u00bb1906&#8243; img_size=\u00bbfull\u00bb el_class=\u00bbimg-header-big\u00bb][vc_single_image image=\u00bb1911&#8243; img_size=\u00bbfull\u00bb el_class=\u00bbimg-header-small\u00bb][\/vc_column][\/vc_row][vc_row gap=\u00bb30&#8243; el_class=\u00bbsezione\u00bb][vc_column width=\u00bb1\/2&#8243; el_class=\u00bbslideshow slideshow-small\u00bb][vc_images_carousel images=\u00bb1146,1150,1154,4992,1162&#8243; img_size=\u00bbfull\u00bb onclick=\u00bblink_no\u00bb wrap=\u00bbyes\u00bb][vc_single_image image=\u00bb313&#8243; img_size=\u00bbfull\u00bb el_class=\u00bbsquare square-small s-top-50 s-left-50&#8243;][vc_single_image image=\u00bb379&#8243; img_size=\u00bbfull\u00bb el_class=\u00bbsquare square-small s-top-50 s-left50&#8243;][vc_single_image image=\u00bb325&#8243; img_size=\u00bbfull\u00bb el_class=\u00bbsquare square-small s-top50 s-left-50&#8243;][vc_single_image image=\u00bb367&#8243; img_size=\u00bbfull\u00bb el_class=\u00bbsquare square-small s-bottom-50 s-right-50&#8243;][\/vc_column][vc_column width=\u00bb1\/12&#8243;][\/vc_column][vc_column width=\u00bb5\/12&#8243;][vc_column_text el_class=\u00bbred\u00bb]<\/p>\n<h1 class=\"h2\">LINGUADUE: ESCUELA DE ITALIANO EN EL CENTRO DE MIL\u00c1N<\/h1>\n<p>[\/vc_column_text][vc_column_text]Mil\u00e1n es la capital de la moda y el dise\u00f1o, una ciudad fren\u00e9tica con sus prestigiosas universidades y centros de investigaci\u00f3n, sus rascacielos, y siempre lista para la innovaci\u00f3n. Aunque tambi\u00e9n sabe ir m\u00e1s despacio con un paseo por los Navigli, un aperitivo en el barrio de Brera o una visita al Duomo o a la \u00daltima Cena de Leonardo da Vinci. Mil\u00e1n es la ciudad ideal para un curso de italiano, porque conquista a todo el mundo con su vivacidad.<\/p>\n<p>Linguadue, nuestra escuela de Mil\u00e1n, est\u00e1 situada en el animado barrio de los Navigli, una de las zonas con m\u00e1s encanto de la ciudad, no lejos del Duomo y del centro hist\u00f3rico. Su estrat\u00e9gica ubicaci\u00f3n te permitir\u00e1 sumergirte de lleno en la animada vida de Mil\u00e1n y descubrir la belleza de la ciudad.<\/p>\n<p>Aprende italiano con Linguaviva, cuya escuela de Mil\u00e1n ser\u00e1 tu puerta de entrada a la cultura, la historia y la filosof\u00eda italianas.[\/vc_column_text][vc_btn title=\u00bb\u00bb align=\u00bbright\u00bb el_class=\u00bbbtn-arrow-red\u00bb link=\u00bburl:https%3A%2F%2Flinguavivagroup.com%2Fes%2Fcursos-de-italiano-en-milan%2F\u00bb][\/vc_column][\/vc_row][vc_row full_width=\u00bbstretch_row\u00bb gap=\u00bb30&#8243; el_class=\u00bbsezione bg-light-grey\u00bb][vc_column width=\u00bb1\/12&#8243;][\/vc_column][vc_column width=\u00bb10\/12&#8243;][vc_raw_html]JTNDZGl2JTIwY2xhc3MlM0QlMjJ2aWRlby1wYWdlJTIyJTNFJTBBJTIwJTIwJTIwJTIwJTNDdmlkZW8lMjBjb250cm9scyUzRCUyMiUyMiUzRSUwQSUyMCUyMCUyMCUyMCUyMCUyMCUyMCUyMCUzQ3NvdXJjZSUyMHNyYyUzRCUyMmh0dHBzJTNBJTJGJTJGbGluZ3Vhdml2YWdyb3VwLmNvbSUyRndwLWNvbnRlbnQlMkZ0aGVtZXMlMkZsaW5ndWF2aXZhJTJGdmlkZW8lMkZJbnRyb2R1Y2luZyUyMHRoZSUyMEl0YWxpYW4lMjBleHBlcmllbmNlJTIwLSUyMExpbmd1YWR1ZSUyME1pbGFuLm1wNCUyMiUyMHR5cGUlM0QlMjJ2aWRlbyUyRm1wNCUyMiUzRSUwQSUyMCUyMCUyMCUyMCUzQyUyRnZpZGVvJTNFJTBBJTIwJTIwJTNDJTJGZGl2JTNF[\/vc_raw_html][\/vc_column][vc_column width=\u00bb1\/12&#8243;][\/vc_column][\/vc_row]<\/p>\n<\/section>","protected":false},"excerpt":{"rendered":"<p>[vc_row full_width=\u00bbstretch_row_content_no_spaces\u00bb el_class=\u00bbheader-image\u00bb][vc_column][vc_single_image image=\u00bb1906&#8243; img_size=\u00bbfull\u00bb el_class=\u00bbimg-header-big\u00bb][vc_single_image image=\u00bb1911&#8243; img_size=\u00bbfull\u00bb el_class=\u00bbimg-header-small\u00bb][\/vc_column][\/vc_row][vc_row gap=\u00bb30&#8243; el_class=\u00bbsezione\u00bb][vc_column width=\u00bb1\/2&#8243; el_class=\u00bbslideshow slideshow-small\u00bb][vc_images_carousel images=\u00bb1146,1150,1154,4992,1162&#8243; img_size=\u00bbfull\u00bb onclick=\u00bblink_no\u00bb wrap=\u00bbyes\u00bb][vc_single_image image=\u00bb313&#8243; img_size=\u00bbfull\u00bb el_class=\u00bbsquare square-small s-top-50 s-left-50&#8243;][vc_single_image image=\u00bb379&#8243; img_size=\u00bbfull\u00bb el_class=\u00bbsquare square-small s-top-50 s-left50&#8243;][vc_single_image image=\u00bb325&#8243; img_size=\u00bbfull\u00bb el_class=\u00bbsquare square-small s-top50 s-left-50&#8243;][vc_single_image image=\u00bb367&#8243; img_size=\u00bbfull\u00bb el_class=\u00bbsquare square-small s-bottom-50 s-right-50&#8243;][\/vc_column][vc_column width=\u00bb1\/12&#8243;][\/vc_column][vc_column width=\u00bb5\/12&#8243;][vc_column_text el_class=\u00bbred\u00bb] LINGUADUE: ESCUELA DE ITALIANO EN EL CENTRO DE MIL\u00c1N [\/vc_column_text][vc_column_text]Mil\u00e1n [&hellip;]<\/p>\n","protected":false},"author":4,"featured_media":1911,"parent":0,"menu_order":-1,"comment_status":"closed","ping_status":"closed","template":"","meta":{"inline_featured_image":false,"footnotes":""},"class_list":["post-3225","page","type-page","status-publish","has-post-thumbnail","hentry"],"yoast_head":"<!-- This site is optimized with the Yoast SEO plugin v27.2 - https:\/\/yoast.com\/product\/yoast-seo-wordpress\/ -->\n<title>LUGARES MIL\u00c1N | Linguaviva Educational Group<\/title>\n<meta name=\"description\" content=\"Linguadue, nuestra escuela de Mil\u00e1n, est\u00e1 situada en el animado barrio de los Navigli, una de las zonas con m\u00e1s encanto de la ciudad, no lejos del Duomo y del centro hist\u00f3rico.\" \/>\n<meta name=\"robots\" content=\"index, follow, max-snippet:-1, max-image-preview:large, max-video-preview:-1\" \/>\n<link rel=\"canonical\" href=\"https:\/\/linguavivagroup.com\/es\/lugares-milan\/\" \/>\n<meta property=\"og:locale\" content=\"es_ES\" \/>\n<meta property=\"og:type\" content=\"article\" \/>\n<meta property=\"og:title\" content=\"LUGARES MIL\u00c1N | Linguaviva Educational Group\" \/>\n<meta property=\"og:description\" content=\"Linguadue, nuestra escuela de Mil\u00e1n, est\u00e1 situada en el animado barrio de los Navigli, una de las zonas con m\u00e1s encanto de la ciudad, no lejos del Duomo y del centro hist\u00f3rico.\" \/>\n<meta property=\"og:url\" content=\"https:\/\/linguavivagroup.com\/es\/lugares-milan\/\" \/>\n<meta property=\"og:site_name\" content=\"Linguaviva Educational Group\" \/>\n<meta property=\"article:modified_time\" content=\"2024-04-02T14:08:43+00:00\" \/>\n<meta property=\"og:image\" content=\"https:\/\/linguavivagroup.com\/wp-content\/uploads\/2023\/07\/header-mobile-2.png\" \/>\n\t<meta property=\"og:image:width\" content=\"390\" \/>\n\t<meta property=\"og:image:height\" content=\"489\" \/>\n\t<meta property=\"og:image:type\" content=\"image\/png\" \/>\n<meta name=\"twitter:card\" content=\"summary_large_image\" \/>\n<meta name=\"twitter:label1\" content=\"Tiempo de lectura\" \/>\n\t<meta name=\"twitter:data1\" content=\"2 minutos\" \/>\n<script type=\"application\/ld+json\" class=\"yoast-schema-graph\">{\"@context\":\"https:\/\/schema.org\",\"@graph\":[{\"@type\":\"WebPage\",\"@id\":\"https:\/\/linguavivagroup.com\/es\/lugares-milan\/\",\"url\":\"https:\/\/linguavivagroup.com\/es\/lugares-milan\/\",\"name\":\"LUGARES MIL\u00c1N | Linguaviva Educational Group\",\"isPartOf\":{\"@id\":\"https:\/\/linguavivagroup.com\/es\/#website\"},\"primaryImageOfPage\":{\"@id\":\"https:\/\/linguavivagroup.com\/es\/lugares-milan\/#primaryimage\"},\"image\":{\"@id\":\"https:\/\/linguavivagroup.com\/es\/lugares-milan\/#primaryimage\"},\"thumbnailUrl\":\"https:\/\/linguavivagroup.com\/wp-content\/uploads\/2023\/07\/header-mobile-2.png\",\"datePublished\":\"2023-07-19T10:22:09+00:00\",\"dateModified\":\"2024-04-02T14:08:43+00:00\",\"description\":\"Linguadue, nuestra escuela de Mil\u00e1n, est\u00e1 situada en el animado barrio de los Navigli, una de las zonas con m\u00e1s encanto de la ciudad, no lejos del Duomo y del centro hist\u00f3rico.\",\"breadcrumb\":{\"@id\":\"https:\/\/linguavivagroup.com\/es\/lugares-milan\/#breadcrumb\"},\"inLanguage\":\"es\",\"potentialAction\":[{\"@type\":\"ReadAction\",\"target\":[\"https:\/\/linguavivagroup.com\/es\/lugares-milan\/\"]}]},{\"@type\":\"ImageObject\",\"inLanguage\":\"es\",\"@id\":\"https:\/\/linguavivagroup.com\/es\/lugares-milan\/#primaryimage\",\"url\":\"https:\/\/linguavivagroup.com\/wp-content\/uploads\/2023\/07\/header-mobile-2.png\",\"contentUrl\":\"https:\/\/linguavivagroup.com\/wp-content\/uploads\/2023\/07\/header-mobile-2.png\",\"width\":390,\"height\":489,\"caption\":\"Catedral de Mil\u00e1n\"},{\"@type\":\"BreadcrumbList\",\"@id\":\"https:\/\/linguavivagroup.com\/es\/lugares-milan\/#breadcrumb\",\"itemListElement\":[{\"@type\":\"ListItem\",\"position\":1,\"name\":\"Home\",\"item\":\"https:\/\/linguavivagroup.com\/es\/\"},{\"@type\":\"ListItem\",\"position\":2,\"name\":\"LUGARES MIL\u00c1N\"}]},{\"@type\":\"WebSite\",\"@id\":\"https:\/\/linguavivagroup.com\/es\/#website\",\"url\":\"https:\/\/linguavivagroup.com\/es\/\",\"name\":\"Linguaviva Educational Group\",\"description\":\"Study and learn italian in italy\",\"publisher\":{\"@id\":\"https:\/\/linguavivagroup.com\/es\/#organization\"},\"potentialAction\":[{\"@type\":\"SearchAction\",\"target\":{\"@type\":\"EntryPoint\",\"urlTemplate\":\"https:\/\/linguavivagroup.com\/es\/?s={search_term_string}\"},\"query-input\":{\"@type\":\"PropertyValueSpecification\",\"valueRequired\":true,\"valueName\":\"search_term_string\"}}],\"inLanguage\":\"es\"},{\"@type\":\"Organization\",\"@id\":\"https:\/\/linguavivagroup.com\/es\/#organization\",\"name\":\"Linguaviva Educational Group\",\"url\":\"https:\/\/linguavivagroup.com\/es\/\",\"logo\":{\"@type\":\"ImageObject\",\"inLanguage\":\"es\",\"@id\":\"https:\/\/linguavivagroup.com\/es\/#\/schema\/logo\/image\/\",\"url\":\"https:\/\/linguavivagroup.com\/wp-content\/uploads\/2026\/03\/logo-linguaviva-bianco-50-260.png\",\"contentUrl\":\"https:\/\/linguavivagroup.com\/wp-content\/uploads\/2026\/03\/logo-linguaviva-bianco-50-260.png\",\"width\":260,\"height\":48,\"caption\":\"Linguaviva Educational Group\"},\"image\":{\"@id\":\"https:\/\/linguavivagroup.com\/es\/#\/schema\/logo\/image\/\"}}]}<\/script>\n<!-- \/ Yoast SEO plugin. -->","yoast_head_json":{"title":"LUGARES MIL\u00c1N | Linguaviva Educational Group","description":"Linguadue, nuestra escuela de Mil\u00e1n, est\u00e1 situada en el animado barrio de los Navigli, una de las zonas con m\u00e1s encanto de la ciudad, no lejos del Duomo y del centro hist\u00f3rico.","robots":{"index":"index","follow":"follow","max-snippet":"max-snippet:-1","max-image-preview":"max-image-preview:large","max-video-preview":"max-video-preview:-1"},"canonical":"https:\/\/linguavivagroup.com\/es\/lugares-milan\/","og_locale":"es_ES","og_type":"article","og_title":"LUGARES MIL\u00c1N | Linguaviva Educational Group","og_description":"Linguadue, nuestra escuela de Mil\u00e1n, est\u00e1 situada en el animado barrio de los Navigli, una de las zonas con m\u00e1s encanto de la ciudad, no lejos del Duomo y del centro hist\u00f3rico.","og_url":"https:\/\/linguavivagroup.com\/es\/lugares-milan\/","og_site_name":"Linguaviva Educational Group","article_modified_time":"2024-04-02T14:08:43+00:00","og_image":[{"width":390,"height":489,"url":"https:\/\/linguavivagroup.com\/wp-content\/uploads\/2023\/07\/header-mobile-2.png","type":"image\/png"}],"twitter_card":"summary_large_image","twitter_misc":{"Tiempo de lectura":"2 minutos"},"schema":{"@context":"https:\/\/schema.org","@graph":[{"@type":"WebPage","@id":"https:\/\/linguavivagroup.com\/es\/lugares-milan\/","url":"https:\/\/linguavivagroup.com\/es\/lugares-milan\/","name":"LUGARES MIL\u00c1N | Linguaviva Educational Group","isPartOf":{"@id":"https:\/\/linguavivagroup.com\/es\/#website"},"primaryImageOfPage":{"@id":"https:\/\/linguavivagroup.com\/es\/lugares-milan\/#primaryimage"},"image":{"@id":"https:\/\/linguavivagroup.com\/es\/lugares-milan\/#primaryimage"},"thumbnailUrl":"https:\/\/linguavivagroup.com\/wp-content\/uploads\/2023\/07\/header-mobile-2.png","datePublished":"2023-07-19T10:22:09+00:00","dateModified":"2024-04-02T14:08:43+00:00","description":"Linguadue, nuestra escuela de Mil\u00e1n, est\u00e1 situada en el animado barrio de los Navigli, una de las zonas con m\u00e1s encanto de la ciudad, no lejos del Duomo y del centro hist\u00f3rico.","breadcrumb":{"@id":"https:\/\/linguavivagroup.com\/es\/lugares-milan\/#breadcrumb"},"inLanguage":"es","potentialAction":[{"@type":"ReadAction","target":["https:\/\/linguavivagroup.com\/es\/lugares-milan\/"]}]},{"@type":"ImageObject","inLanguage":"es","@id":"https:\/\/linguavivagroup.com\/es\/lugares-milan\/#primaryimage","url":"https:\/\/linguavivagroup.com\/wp-content\/uploads\/2023\/07\/header-mobile-2.png","contentUrl":"https:\/\/linguavivagroup.com\/wp-content\/uploads\/2023\/07\/header-mobile-2.png","width":390,"height":489,"caption":"Catedral de Mil\u00e1n"},{"@type":"BreadcrumbList","@id":"https:\/\/linguavivagroup.com\/es\/lugares-milan\/#breadcrumb","itemListElement":[{"@type":"ListItem","position":1,"name":"Home","item":"https:\/\/linguavivagroup.com\/es\/"},{"@type":"ListItem","position":2,"name":"LUGARES MIL\u00c1N"}]},{"@type":"WebSite","@id":"https:\/\/linguavivagroup.com\/es\/#website","url":"https:\/\/linguavivagroup.com\/es\/","name":"Linguaviva Educational Group","description":"Study and learn italian in italy","publisher":{"@id":"https:\/\/linguavivagroup.com\/es\/#organization"},"potentialAction":[{"@type":"SearchAction","target":{"@type":"EntryPoint","urlTemplate":"https:\/\/linguavivagroup.com\/es\/?s={search_term_string}"},"query-input":{"@type":"PropertyValueSpecification","valueRequired":true,"valueName":"search_term_string"}}],"inLanguage":"es"},{"@type":"Organization","@id":"https:\/\/linguavivagroup.com\/es\/#organization","name":"Linguaviva Educational Group","url":"https:\/\/linguavivagroup.com\/es\/","logo":{"@type":"ImageObject","inLanguage":"es","@id":"https:\/\/linguavivagroup.com\/es\/#\/schema\/logo\/image\/","url":"https:\/\/linguavivagroup.com\/wp-content\/uploads\/2026\/03\/logo-linguaviva-bianco-50-260.png","contentUrl":"https:\/\/linguavivagroup.com\/wp-content\/uploads\/2026\/03\/logo-linguaviva-bianco-50-260.png","width":260,"height":48,"caption":"Linguaviva Educational Group"},"image":{"@id":"https:\/\/linguavivagroup.com\/es\/#\/schema\/logo\/image\/"}}]}},"_links":{"self":[{"href":"https:\/\/linguavivagroup.com\/es\/wp-json\/wp\/v2\/pages\/3225","targetHints":{"allow":["GET"]}}],"collection":[{"href":"https:\/\/linguavivagroup.com\/es\/wp-json\/wp\/v2\/pages"}],"about":[{"href":"https:\/\/linguavivagroup.com\/es\/wp-json\/wp\/v2\/types\/page"}],"author":[{"embeddable":true,"href":"https:\/\/linguavivagroup.com\/es\/wp-json\/wp\/v2\/users\/4"}],"replies":[{"embeddable":true,"href":"https:\/\/linguavivagroup.com\/es\/wp-json\/wp\/v2\/comments?post=3225"}],"version-history":[{"count":10,"href":"https:\/\/linguavivagroup.com\/es\/wp-json\/wp\/v2\/pages\/3225\/revisions"}],"predecessor-version":[{"id":9875,"href":"https:\/\/linguavivagroup.com\/es\/wp-json\/wp\/v2\/pages\/3225\/revisions\/9875"}],"wp:featuredmedia":[{"embeddable":true,"href":"https:\/\/linguavivagroup.com\/es\/wp-json\/wp\/v2\/media\/1911"}],"wp:attachment":[{"href":"https:\/\/linguavivagroup.com\/es\/wp-json\/wp\/v2\/media?parent=3225"}],"curies":[{"name":"wp","href":"https:\/\/api.w.org\/{rel}","templated":true}]}}