{"id":3231,"date":"2023-07-19T12:30:03","date_gmt":"2023-07-19T10:30:03","guid":{"rendered":"https:\/\/linguavivagroup.com\/?page_id=3231"},"modified":"2024-04-03T08:12:06","modified_gmt":"2024-04-03T06:12:06","slug":"lugares-lignano","status":"publish","type":"page","link":"https:\/\/linguavivagroup.com\/es\/lugares-lignano\/","title":{"rendered":"LUGARES LIGNANO"},"content":{"rendered":"<section class=\"wpb-content-wrapper\"><p>[vc_row full_width=\u00bbstretch_row_content_no_spaces\u00bb el_class=\u00bbheader-image\u00bb][vc_column][vc_single_image image=\u00bb1751&#8243; img_size=\u00bbfull\u00bb el_class=\u00bbimg-header-big\u00bb][vc_single_image image=\u00bb1756&#8243; img_size=\u00bbfull\u00bb el_class=\u00bbimg-header-small\u00bb][\/vc_column][\/vc_row][vc_row gap=\u00bb30&#8243; el_class=\u00bbsezione\u00bb][vc_column width=\u00bb1\/2&#8243; el_class=\u00bbslideshow slideshow-small\u00bb][vc_images_carousel images=\u00bb1764,1768,1772,1776,2342&#8243; img_size=\u00bbfull\u00bb onclick=\u00bblink_no\u00bb wrap=\u00bbyes\u00bb][vc_single_image image=\u00bb313&#8243; img_size=\u00bbfull\u00bb el_class=\u00bbsquare square-small s-top-50 s-left-50&#8243;][vc_single_image image=\u00bb379&#8243; img_size=\u00bbfull\u00bb el_class=\u00bbsquare square-small s-top-50 s-left50&#8243;][vc_single_image image=\u00bb325&#8243; img_size=\u00bbfull\u00bb el_class=\u00bbsquare square-small s-top50 s-left-50&#8243;][vc_single_image image=\u00bb367&#8243; img_size=\u00bbfull\u00bb el_class=\u00bbsquare square-small s-bottom-50 s-right-50&#8243;][\/vc_column][vc_column width=\u00bb1\/12&#8243;][\/vc_column][vc_column width=\u00bb5\/12&#8243;][vc_column_text el_class=\u00bbred\u00bb]<\/p>\n<h1 class=\"h2\">CAMPAMENTO DE VERANO LINGUAVIVA EN LIGNANO, ITALIA<\/h1>\n<p>[\/vc_column_text][vc_column_text]Al pensar en Italia, nuestra mente viaja a lugares hist\u00f3ricos, una gastronom\u00eda que nos hace la boca agua, mucho sol e igual diversi\u00f3n. Precisamente todo eso te espera en el campamento de verano Linguaviva de Lignano, la Perla del Adri\u00e1tico. Aqu\u00ed podr\u00e1s disfrutar del sol, las playas de arena fina y la suave brisa marina. Porque Lignano es un destino para vivir y descubrir mientras aprendes italiano en el nuevo entorno que te proporciona este campamento de verano. Disfrutar\u00e1s de estudio, diversi\u00f3n y relajaci\u00f3n en el campamento de verano de Linguaviva.[\/vc_column_text][vc_btn title=\u00bb\u00bb align=\u00bbright\u00bb el_class=\u00bbbtn-arrow-red\u00bb link=\u00bburl:https%3A%2F%2Flinguavivagroup.com%2Fes%2Fcurso-de-italiano-en-lignano%2F\u00bb][\/vc_column][\/vc_row]<\/p>\n<\/section>","protected":false},"excerpt":{"rendered":"<p>[vc_row full_width=\u00bbstretch_row_content_no_spaces\u00bb el_class=\u00bbheader-image\u00bb][vc_column][vc_single_image image=\u00bb1751&#8243; img_size=\u00bbfull\u00bb el_class=\u00bbimg-header-big\u00bb][vc_single_image image=\u00bb1756&#8243; img_size=\u00bbfull\u00bb el_class=\u00bbimg-header-small\u00bb][\/vc_column][\/vc_row][vc_row gap=\u00bb30&#8243; el_class=\u00bbsezione\u00bb][vc_column width=\u00bb1\/2&#8243; el_class=\u00bbslideshow slideshow-small\u00bb][vc_images_carousel images=\u00bb1764,1768,1772,1776,2342&#8243; img_size=\u00bbfull\u00bb onclick=\u00bblink_no\u00bb wrap=\u00bbyes\u00bb][vc_single_image image=\u00bb313&#8243; img_size=\u00bbfull\u00bb el_class=\u00bbsquare square-small s-top-50 s-left-50&#8243;][vc_single_image image=\u00bb379&#8243; img_size=\u00bbfull\u00bb el_class=\u00bbsquare square-small s-top-50 s-left50&#8243;][vc_single_image image=\u00bb325&#8243; img_size=\u00bbfull\u00bb el_class=\u00bbsquare square-small s-top50 s-left-50&#8243;][vc_single_image image=\u00bb367&#8243; img_size=\u00bbfull\u00bb el_class=\u00bbsquare square-small s-bottom-50 s-right-50&#8243;][\/vc_column][vc_column width=\u00bb1\/12&#8243;][\/vc_column][vc_column width=\u00bb5\/12&#8243;][vc_column_text el_class=\u00bbred\u00bb] CAMPAMENTO DE VERANO LINGUAVIVA EN LIGNANO, ITALIA [\/vc_column_text][vc_column_text]Al pensar en [&hellip;]<\/p>\n","protected":false},"author":4,"featured_media":1756,"parent":0,"menu_order":-1,"comment_status":"closed","ping_status":"closed","template":"","meta":{"inline_featured_image":false,"footnotes":""},"class_list":["post-3231","page","type-page","status-publish","has-post-thumbnail","hentry"],"yoast_head":"<!-- This site is optimized with the Yoast SEO plugin v27.2 - https:\/\/yoast.com\/product\/yoast-seo-wordpress\/ -->\n<title>LUGARES LIGNANO | Linguaviva Educational Group<\/title>\n<meta name=\"description\" content=\"Aprende italiano en nuestro Campamento de Verano en Lignano.\" \/>\n<meta name=\"robots\" content=\"index, follow, max-snippet:-1, max-image-preview:large, max-video-preview:-1\" \/>\n<link rel=\"canonical\" href=\"https:\/\/linguavivagroup.com\/es\/lugares-lignano\/\" \/>\n<meta property=\"og:locale\" content=\"es_ES\" \/>\n<meta property=\"og:type\" content=\"article\" \/>\n<meta property=\"og:title\" content=\"LUGARES LIGNANO | Linguaviva Educational Group\" \/>\n<meta property=\"og:description\" content=\"Aprende italiano en nuestro Campamento de Verano en Lignano.\" \/>\n<meta property=\"og:url\" content=\"https:\/\/linguavivagroup.com\/es\/lugares-lignano\/\" \/>\n<meta property=\"og:site_name\" content=\"Linguaviva Educational Group\" \/>\n<meta property=\"article:modified_time\" content=\"2024-04-03T06:12:06+00:00\" \/>\n<meta property=\"og:image\" content=\"https:\/\/linguavivagroup.com\/wp-content\/uploads\/2023\/07\/header-mobile.jpg\" \/>\n\t<meta property=\"og:image:width\" content=\"390\" \/>\n\t<meta property=\"og:image:height\" content=\"489\" \/>\n\t<meta property=\"og:image:type\" content=\"image\/jpeg\" \/>\n<meta name=\"twitter:card\" content=\"summary_large_image\" \/>\n<meta name=\"twitter:label1\" content=\"Tiempo de lectura\" \/>\n\t<meta name=\"twitter:data1\" content=\"2 minutos\" \/>\n<script type=\"application\/ld+json\" class=\"yoast-schema-graph\">{\"@context\":\"https:\/\/schema.org\",\"@graph\":[{\"@type\":\"WebPage\",\"@id\":\"https:\/\/linguavivagroup.com\/es\/lugares-lignano\/\",\"url\":\"https:\/\/linguavivagroup.com\/es\/lugares-lignano\/\",\"name\":\"LUGARES LIGNANO | Linguaviva Educational Group\",\"isPartOf\":{\"@id\":\"https:\/\/linguavivagroup.com\/es\/#website\"},\"primaryImageOfPage\":{\"@id\":\"https:\/\/linguavivagroup.com\/es\/lugares-lignano\/#primaryimage\"},\"image\":{\"@id\":\"https:\/\/linguavivagroup.com\/es\/lugares-lignano\/#primaryimage\"},\"thumbnailUrl\":\"https:\/\/linguavivagroup.com\/wp-content\/uploads\/2023\/07\/header-mobile.jpg\",\"datePublished\":\"2023-07-19T10:30:03+00:00\",\"dateModified\":\"2024-04-03T06:12:06+00:00\",\"description\":\"Aprende italiano en nuestro Campamento de Verano en Lignano.\",\"breadcrumb\":{\"@id\":\"https:\/\/linguavivagroup.com\/es\/lugares-lignano\/#breadcrumb\"},\"inLanguage\":\"es\",\"potentialAction\":[{\"@type\":\"ReadAction\",\"target\":[\"https:\/\/linguavivagroup.com\/es\/lugares-lignano\/\"]}]},{\"@type\":\"ImageObject\",\"inLanguage\":\"es\",\"@id\":\"https:\/\/linguavivagroup.com\/es\/lugares-lignano\/#primaryimage\",\"url\":\"https:\/\/linguavivagroup.com\/wp-content\/uploads\/2023\/07\/header-mobile.jpg\",\"contentUrl\":\"https:\/\/linguavivagroup.com\/wp-content\/uploads\/2023\/07\/header-mobile.jpg\",\"width\":390,\"height\":489,\"caption\":\"Dos chicas en la playa de Lignano - mobile\"},{\"@type\":\"BreadcrumbList\",\"@id\":\"https:\/\/linguavivagroup.com\/es\/lugares-lignano\/#breadcrumb\",\"itemListElement\":[{\"@type\":\"ListItem\",\"position\":1,\"name\":\"Home\",\"item\":\"https:\/\/linguavivagroup.com\/es\/\"},{\"@type\":\"ListItem\",\"position\":2,\"name\":\"LUGARES LIGNANO\"}]},{\"@type\":\"WebSite\",\"@id\":\"https:\/\/linguavivagroup.com\/es\/#website\",\"url\":\"https:\/\/linguavivagroup.com\/es\/\",\"name\":\"Linguaviva Educational Group\",\"description\":\"Study and learn italian in italy\",\"publisher\":{\"@id\":\"https:\/\/linguavivagroup.com\/es\/#organization\"},\"potentialAction\":[{\"@type\":\"SearchAction\",\"target\":{\"@type\":\"EntryPoint\",\"urlTemplate\":\"https:\/\/linguavivagroup.com\/es\/?s={search_term_string}\"},\"query-input\":{\"@type\":\"PropertyValueSpecification\",\"valueRequired\":true,\"valueName\":\"search_term_string\"}}],\"inLanguage\":\"es\"},{\"@type\":\"Organization\",\"@id\":\"https:\/\/linguavivagroup.com\/es\/#organization\",\"name\":\"Linguaviva Educational Group\",\"url\":\"https:\/\/linguavivagroup.com\/es\/\",\"logo\":{\"@type\":\"ImageObject\",\"inLanguage\":\"es\",\"@id\":\"https:\/\/linguavivagroup.com\/es\/#\/schema\/logo\/image\/\",\"url\":\"https:\/\/linguavivagroup.com\/wp-content\/uploads\/2026\/03\/logo-linguaviva-bianco-50-260.png\",\"contentUrl\":\"https:\/\/linguavivagroup.com\/wp-content\/uploads\/2026\/03\/logo-linguaviva-bianco-50-260.png\",\"width\":260,\"height\":48,\"caption\":\"Linguaviva Educational Group\"},\"image\":{\"@id\":\"https:\/\/linguavivagroup.com\/es\/#\/schema\/logo\/image\/\"}}]}<\/script>\n<!-- \/ Yoast SEO plugin. -->","yoast_head_json":{"title":"LUGARES LIGNANO | Linguaviva Educational Group","description":"Aprende italiano en nuestro Campamento de Verano en Lignano.","robots":{"index":"index","follow":"follow","max-snippet":"max-snippet:-1","max-image-preview":"max-image-preview:large","max-video-preview":"max-video-preview:-1"},"canonical":"https:\/\/linguavivagroup.com\/es\/lugares-lignano\/","og_locale":"es_ES","og_type":"article","og_title":"LUGARES LIGNANO | Linguaviva Educational Group","og_description":"Aprende italiano en nuestro Campamento de Verano en Lignano.","og_url":"https:\/\/linguavivagroup.com\/es\/lugares-lignano\/","og_site_name":"Linguaviva Educational Group","article_modified_time":"2024-04-03T06:12:06+00:00","og_image":[{"width":390,"height":489,"url":"https:\/\/linguavivagroup.com\/wp-content\/uploads\/2023\/07\/header-mobile.jpg","type":"image\/jpeg"}],"twitter_card":"summary_large_image","twitter_misc":{"Tiempo de lectura":"2 minutos"},"schema":{"@context":"https:\/\/schema.org","@graph":[{"@type":"WebPage","@id":"https:\/\/linguavivagroup.com\/es\/lugares-lignano\/","url":"https:\/\/linguavivagroup.com\/es\/lugares-lignano\/","name":"LUGARES LIGNANO | Linguaviva Educational Group","isPartOf":{"@id":"https:\/\/linguavivagroup.com\/es\/#website"},"primaryImageOfPage":{"@id":"https:\/\/linguavivagroup.com\/es\/lugares-lignano\/#primaryimage"},"image":{"@id":"https:\/\/linguavivagroup.com\/es\/lugares-lignano\/#primaryimage"},"thumbnailUrl":"https:\/\/linguavivagroup.com\/wp-content\/uploads\/2023\/07\/header-mobile.jpg","datePublished":"2023-07-19T10:30:03+00:00","dateModified":"2024-04-03T06:12:06+00:00","description":"Aprende italiano en nuestro Campamento de Verano en Lignano.","breadcrumb":{"@id":"https:\/\/linguavivagroup.com\/es\/lugares-lignano\/#breadcrumb"},"inLanguage":"es","potentialAction":[{"@type":"ReadAction","target":["https:\/\/linguavivagroup.com\/es\/lugares-lignano\/"]}]},{"@type":"ImageObject","inLanguage":"es","@id":"https:\/\/linguavivagroup.com\/es\/lugares-lignano\/#primaryimage","url":"https:\/\/linguavivagroup.com\/wp-content\/uploads\/2023\/07\/header-mobile.jpg","contentUrl":"https:\/\/linguavivagroup.com\/wp-content\/uploads\/2023\/07\/header-mobile.jpg","width":390,"height":489,"caption":"Dos chicas en la playa de Lignano - mobile"},{"@type":"BreadcrumbList","@id":"https:\/\/linguavivagroup.com\/es\/lugares-lignano\/#breadcrumb","itemListElement":[{"@type":"ListItem","position":1,"name":"Home","item":"https:\/\/linguavivagroup.com\/es\/"},{"@type":"ListItem","position":2,"name":"LUGARES LIGNANO"}]},{"@type":"WebSite","@id":"https:\/\/linguavivagroup.com\/es\/#website","url":"https:\/\/linguavivagroup.com\/es\/","name":"Linguaviva Educational Group","description":"Study and learn italian in italy","publisher":{"@id":"https:\/\/linguavivagroup.com\/es\/#organization"},"potentialAction":[{"@type":"SearchAction","target":{"@type":"EntryPoint","urlTemplate":"https:\/\/linguavivagroup.com\/es\/?s={search_term_string}"},"query-input":{"@type":"PropertyValueSpecification","valueRequired":true,"valueName":"search_term_string"}}],"inLanguage":"es"},{"@type":"Organization","@id":"https:\/\/linguavivagroup.com\/es\/#organization","name":"Linguaviva Educational Group","url":"https:\/\/linguavivagroup.com\/es\/","logo":{"@type":"ImageObject","inLanguage":"es","@id":"https:\/\/linguavivagroup.com\/es\/#\/schema\/logo\/image\/","url":"https:\/\/linguavivagroup.com\/wp-content\/uploads\/2026\/03\/logo-linguaviva-bianco-50-260.png","contentUrl":"https:\/\/linguavivagroup.com\/wp-content\/uploads\/2026\/03\/logo-linguaviva-bianco-50-260.png","width":260,"height":48,"caption":"Linguaviva Educational Group"},"image":{"@id":"https:\/\/linguavivagroup.com\/es\/#\/schema\/logo\/image\/"}}]}},"_links":{"self":[{"href":"https:\/\/linguavivagroup.com\/es\/wp-json\/wp\/v2\/pages\/3231","targetHints":{"allow":["GET"]}}],"collection":[{"href":"https:\/\/linguavivagroup.com\/es\/wp-json\/wp\/v2\/pages"}],"about":[{"href":"https:\/\/linguavivagroup.com\/es\/wp-json\/wp\/v2\/types\/page"}],"author":[{"embeddable":true,"href":"https:\/\/linguavivagroup.com\/es\/wp-json\/wp\/v2\/users\/4"}],"replies":[{"embeddable":true,"href":"https:\/\/linguavivagroup.com\/es\/wp-json\/wp\/v2\/comments?post=3231"}],"version-history":[{"count":5,"href":"https:\/\/linguavivagroup.com\/es\/wp-json\/wp\/v2\/pages\/3231\/revisions"}],"predecessor-version":[{"id":7897,"href":"https:\/\/linguavivagroup.com\/es\/wp-json\/wp\/v2\/pages\/3231\/revisions\/7897"}],"wp:featuredmedia":[{"embeddable":true,"href":"https:\/\/linguavivagroup.com\/es\/wp-json\/wp\/v2\/media\/1756"}],"wp:attachment":[{"href":"https:\/\/linguavivagroup.com\/es\/wp-json\/wp\/v2\/media?parent=3231"}],"curies":[{"name":"wp","href":"https:\/\/api.w.org\/{rel}","templated":true}]}}