{"id":3234,"date":"2023-07-20T12:23:08","date_gmt":"2023-07-20T10:23:08","guid":{"rendered":"https:\/\/linguavivagroup.com\/?page_id=3234"},"modified":"2024-04-02T14:09:27","modified_gmt":"2024-04-02T12:09:27","slug":"curso-de-italiano-en-lignano","status":"publish","type":"page","link":"https:\/\/linguavivagroup.com\/es\/curso-de-italiano-en-lignano\/","title":{"rendered":"CURSO DE ITALIANO EN LIGNANO"},"content":{"rendered":"<section class=\"wpb-content-wrapper\"><p>[vc_row full_width=\u00bbstretch_row_content_no_spaces\u00bb el_class=\u00bbheader-image\u00bb][vc_column][vc_single_image image=\u00bb2073&#8243; img_size=\u00bbfull\u00bb el_class=\u00bbimg-header-big\u00bb][vc_single_image image=\u00bb2077&#8243; img_size=\u00bbfull\u00bb el_class=\u00bbimg-header-small\u00bb][\/vc_column][\/vc_row][vc_row el_class=\u00bbsezione\u00bb][vc_column width=\u00bb2\/12&#8243;][\/vc_column][vc_column width=\u00bb8\/12&#8243;][vc_column_text el_class=\u00bbred\u00bb]<\/p>\n<h1 style=\"text-align: center;\">CURSO DE ITALIANO EN LIGNANO<\/h1>\n<p>[\/vc_column_text][vc_column_text]El curso de verano en Lignano organizado por Linguaviva representa una oportunidad \u00fanica para descubrir una de las mejores localidades mar\u00edtimas de Italia. El programa se desarrolla en un pueblo situado en un inmenso pinar con una zona residencial, un restaurante, una playa privada bien equipada y, sobre todo, muchas instalaciones deportivas a disposici\u00f3n de los hu\u00e9spedes.<br \/>\nLignano es sin\u00f3nimo de playas con magn\u00edficos servicios, parques de atracciones, cocina italiana, deliciosas helader\u00edas y, por supuesto, el alto nivel educativo de Linguaviva, con clases din\u00e1micas y entretenidas.<br \/>\nLas clases de italiano son impartidas por profesores nativos, especializados en la ense\u00f1anza del idioma a estudiantes extranjeros y desde el primer d\u00eda solo hablar\u00e1s italiano. Para m\u00e1s informaci\u00f3n sobre nuestro m\u00e9todo de ense\u00f1anza, clases, niveles, programas de ense\u00f1anza, material did\u00e1ctico, instrucciones, diplomas y ex\u00e1menes, haz clic aqu\u00ed.[\/vc_column_text][\/vc_column][vc_column width=\u00bb2\/12&#8243;][\/vc_column][\/vc_row][vc_row][vc_column][vc_basic_grid post_type=\u00bbcourses\u00bb max_items=\u00bb-1&#8243; gap=\u00bb15&#8243; orderby=\u00bbmenu_order\u00bb item=\u00bb508&#8243; initial_loading_animation=\u00bbnone\u00bb grid_id=\u00bbvc_gid:1691578651672-5a9690c0-e497-3&#8243; el_class=\u00bbelenco-corsi\u00bb taxonomies=\u00bb38&#8243;][\/vc_column][\/vc_row][vc_row][vc_column][vc_raw_html]JTNDc3R5bGUlM0UlMEEuZm9vdGVyLWZvcm0lMjAlN0JkaXNwbGF5JTNBJTIwbm9uZSUzQiU3RCUwQSUzQyUyRnN0eWxlJTNF[\/vc_raw_html][\/vc_column][\/vc_row]<\/p>\n<\/section>","protected":false},"excerpt":{"rendered":"<p>[vc_row full_width=\u00bbstretch_row_content_no_spaces\u00bb el_class=\u00bbheader-image\u00bb][vc_column][vc_single_image image=\u00bb2073&#8243; img_size=\u00bbfull\u00bb el_class=\u00bbimg-header-big\u00bb][vc_single_image image=\u00bb2077&#8243; img_size=\u00bbfull\u00bb el_class=\u00bbimg-header-small\u00bb][\/vc_column][\/vc_row][vc_row el_class=\u00bbsezione\u00bb][vc_column width=\u00bb2\/12&#8243;][\/vc_column][vc_column width=\u00bb8\/12&#8243;][vc_column_text el_class=\u00bbred\u00bb] CURSO DE ITALIANO EN LIGNANO [\/vc_column_text][vc_column_text]El curso de verano en Lignano organizado por Linguaviva representa una oportunidad \u00fanica para descubrir una de las mejores localidades mar\u00edtimas de Italia. El programa se desarrolla en un pueblo situado en un inmenso pinar con una [&hellip;]<\/p>\n","protected":false},"author":4,"featured_media":2082,"parent":0,"menu_order":-1,"comment_status":"closed","ping_status":"closed","template":"","meta":{"inline_featured_image":false,"footnotes":""},"class_list":["post-3234","page","type-page","status-publish","has-post-thumbnail","hentry"],"yoast_head":"<!-- This site is optimized with the Yoast SEO plugin v27.2 - https:\/\/yoast.com\/product\/yoast-seo-wordpress\/ -->\n<title>CURSO DE ITALIANO EN LIGNANO | Linguaviva Educational Group<\/title>\n<meta name=\"description\" content=\"El curso de verano en Lignano organizado por Linguaviva representa una oportunidad \u00fanica para descubrir una de las mejores localidades mar\u00edtimas de Italia.\" \/>\n<meta name=\"robots\" content=\"index, follow, max-snippet:-1, max-image-preview:large, max-video-preview:-1\" \/>\n<link rel=\"canonical\" href=\"https:\/\/linguavivagroup.com\/es\/curso-de-italiano-en-lignano\/\" \/>\n<meta property=\"og:locale\" content=\"es_ES\" \/>\n<meta property=\"og:type\" content=\"article\" \/>\n<meta property=\"og:title\" content=\"CURSO DE ITALIANO EN LIGNANO | Linguaviva Educational Group\" \/>\n<meta property=\"og:description\" content=\"El curso de verano en Lignano organizado por Linguaviva representa una oportunidad \u00fanica para descubrir una de las mejores localidades mar\u00edtimas de Italia.\" \/>\n<meta property=\"og:url\" content=\"https:\/\/linguavivagroup.com\/es\/curso-de-italiano-en-lignano\/\" \/>\n<meta property=\"og:site_name\" content=\"Linguaviva Educational Group\" \/>\n<meta property=\"article:modified_time\" content=\"2024-04-02T12:09:27+00:00\" \/>\n<meta property=\"og:image\" content=\"https:\/\/linguavivagroup.com\/wp-content\/uploads\/2023\/07\/14-Summerprogfml.jpg\" \/>\n\t<meta property=\"og:image:width\" content=\"1000\" \/>\n\t<meta property=\"og:image:height\" content=\"1000\" \/>\n\t<meta property=\"og:image:type\" content=\"image\/jpeg\" \/>\n<meta name=\"twitter:card\" content=\"summary_large_image\" \/>\n<meta name=\"twitter:label1\" content=\"Tiempo de lectura\" \/>\n\t<meta name=\"twitter:data1\" content=\"2 minutos\" \/>\n<script type=\"application\/ld+json\" class=\"yoast-schema-graph\">{\"@context\":\"https:\/\/schema.org\",\"@graph\":[{\"@type\":\"WebPage\",\"@id\":\"https:\/\/linguavivagroup.com\/es\/curso-de-italiano-en-lignano\/\",\"url\":\"https:\/\/linguavivagroup.com\/es\/curso-de-italiano-en-lignano\/\",\"name\":\"CURSO DE ITALIANO EN LIGNANO | Linguaviva Educational Group\",\"isPartOf\":{\"@id\":\"https:\/\/linguavivagroup.com\/es\/#website\"},\"primaryImageOfPage\":{\"@id\":\"https:\/\/linguavivagroup.com\/es\/curso-de-italiano-en-lignano\/#primaryimage\"},\"image\":{\"@id\":\"https:\/\/linguavivagroup.com\/es\/curso-de-italiano-en-lignano\/#primaryimage\"},\"thumbnailUrl\":\"https:\/\/linguavivagroup.com\/wp-content\/uploads\/2023\/07\/14-Summerprogfml.jpg\",\"datePublished\":\"2023-07-20T10:23:08+00:00\",\"dateModified\":\"2024-04-02T12:09:27+00:00\",\"description\":\"El curso de verano en Lignano organizado por Linguaviva representa una oportunidad \u00fanica para descubrir una de las mejores localidades mar\u00edtimas de Italia.\",\"breadcrumb\":{\"@id\":\"https:\/\/linguavivagroup.com\/es\/curso-de-italiano-en-lignano\/#breadcrumb\"},\"inLanguage\":\"es\",\"potentialAction\":[{\"@type\":\"ReadAction\",\"target\":[\"https:\/\/linguavivagroup.com\/es\/curso-de-italiano-en-lignano\/\"]}]},{\"@type\":\"ImageObject\",\"inLanguage\":\"es\",\"@id\":\"https:\/\/linguavivagroup.com\/es\/curso-de-italiano-en-lignano\/#primaryimage\",\"url\":\"https:\/\/linguavivagroup.com\/wp-content\/uploads\/2023\/07\/14-Summerprogfml.jpg\",\"contentUrl\":\"https:\/\/linguavivagroup.com\/wp-content\/uploads\/2023\/07\/14-Summerprogfml.jpg\",\"width\":1000,\"height\":1000},{\"@type\":\"BreadcrumbList\",\"@id\":\"https:\/\/linguavivagroup.com\/es\/curso-de-italiano-en-lignano\/#breadcrumb\",\"itemListElement\":[{\"@type\":\"ListItem\",\"position\":1,\"name\":\"Home\",\"item\":\"https:\/\/linguavivagroup.com\/es\/\"},{\"@type\":\"ListItem\",\"position\":2,\"name\":\"CURSO DE ITALIANO EN LIGNANO\"}]},{\"@type\":\"WebSite\",\"@id\":\"https:\/\/linguavivagroup.com\/es\/#website\",\"url\":\"https:\/\/linguavivagroup.com\/es\/\",\"name\":\"Linguaviva Educational Group\",\"description\":\"Study and learn italian in italy\",\"publisher\":{\"@id\":\"https:\/\/linguavivagroup.com\/es\/#organization\"},\"potentialAction\":[{\"@type\":\"SearchAction\",\"target\":{\"@type\":\"EntryPoint\",\"urlTemplate\":\"https:\/\/linguavivagroup.com\/es\/?s={search_term_string}\"},\"query-input\":{\"@type\":\"PropertyValueSpecification\",\"valueRequired\":true,\"valueName\":\"search_term_string\"}}],\"inLanguage\":\"es\"},{\"@type\":\"Organization\",\"@id\":\"https:\/\/linguavivagroup.com\/es\/#organization\",\"name\":\"Linguaviva Educational Group\",\"url\":\"https:\/\/linguavivagroup.com\/es\/\",\"logo\":{\"@type\":\"ImageObject\",\"inLanguage\":\"es\",\"@id\":\"https:\/\/linguavivagroup.com\/es\/#\/schema\/logo\/image\/\",\"url\":\"https:\/\/linguavivagroup.com\/wp-content\/uploads\/2026\/03\/logo-linguaviva-bianco-50-260.png\",\"contentUrl\":\"https:\/\/linguavivagroup.com\/wp-content\/uploads\/2026\/03\/logo-linguaviva-bianco-50-260.png\",\"width\":260,\"height\":48,\"caption\":\"Linguaviva Educational Group\"},\"image\":{\"@id\":\"https:\/\/linguavivagroup.com\/es\/#\/schema\/logo\/image\/\"}}]}<\/script>\n<!-- \/ Yoast SEO plugin. -->","yoast_head_json":{"title":"CURSO DE ITALIANO EN LIGNANO | Linguaviva Educational Group","description":"El curso de verano en Lignano organizado por Linguaviva representa una oportunidad \u00fanica para descubrir una de las mejores localidades mar\u00edtimas de Italia.","robots":{"index":"index","follow":"follow","max-snippet":"max-snippet:-1","max-image-preview":"max-image-preview:large","max-video-preview":"max-video-preview:-1"},"canonical":"https:\/\/linguavivagroup.com\/es\/curso-de-italiano-en-lignano\/","og_locale":"es_ES","og_type":"article","og_title":"CURSO DE ITALIANO EN LIGNANO | Linguaviva Educational Group","og_description":"El curso de verano en Lignano organizado por Linguaviva representa una oportunidad \u00fanica para descubrir una de las mejores localidades mar\u00edtimas de Italia.","og_url":"https:\/\/linguavivagroup.com\/es\/curso-de-italiano-en-lignano\/","og_site_name":"Linguaviva Educational Group","article_modified_time":"2024-04-02T12:09:27+00:00","og_image":[{"width":1000,"height":1000,"url":"https:\/\/linguavivagroup.com\/wp-content\/uploads\/2023\/07\/14-Summerprogfml.jpg","type":"image\/jpeg"}],"twitter_card":"summary_large_image","twitter_misc":{"Tiempo de lectura":"2 minutos"},"schema":{"@context":"https:\/\/schema.org","@graph":[{"@type":"WebPage","@id":"https:\/\/linguavivagroup.com\/es\/curso-de-italiano-en-lignano\/","url":"https:\/\/linguavivagroup.com\/es\/curso-de-italiano-en-lignano\/","name":"CURSO DE ITALIANO EN LIGNANO | Linguaviva Educational Group","isPartOf":{"@id":"https:\/\/linguavivagroup.com\/es\/#website"},"primaryImageOfPage":{"@id":"https:\/\/linguavivagroup.com\/es\/curso-de-italiano-en-lignano\/#primaryimage"},"image":{"@id":"https:\/\/linguavivagroup.com\/es\/curso-de-italiano-en-lignano\/#primaryimage"},"thumbnailUrl":"https:\/\/linguavivagroup.com\/wp-content\/uploads\/2023\/07\/14-Summerprogfml.jpg","datePublished":"2023-07-20T10:23:08+00:00","dateModified":"2024-04-02T12:09:27+00:00","description":"El curso de verano en Lignano organizado por Linguaviva representa una oportunidad \u00fanica para descubrir una de las mejores localidades mar\u00edtimas de Italia.","breadcrumb":{"@id":"https:\/\/linguavivagroup.com\/es\/curso-de-italiano-en-lignano\/#breadcrumb"},"inLanguage":"es","potentialAction":[{"@type":"ReadAction","target":["https:\/\/linguavivagroup.com\/es\/curso-de-italiano-en-lignano\/"]}]},{"@type":"ImageObject","inLanguage":"es","@id":"https:\/\/linguavivagroup.com\/es\/curso-de-italiano-en-lignano\/#primaryimage","url":"https:\/\/linguavivagroup.com\/wp-content\/uploads\/2023\/07\/14-Summerprogfml.jpg","contentUrl":"https:\/\/linguavivagroup.com\/wp-content\/uploads\/2023\/07\/14-Summerprogfml.jpg","width":1000,"height":1000},{"@type":"BreadcrumbList","@id":"https:\/\/linguavivagroup.com\/es\/curso-de-italiano-en-lignano\/#breadcrumb","itemListElement":[{"@type":"ListItem","position":1,"name":"Home","item":"https:\/\/linguavivagroup.com\/es\/"},{"@type":"ListItem","position":2,"name":"CURSO DE ITALIANO EN LIGNANO"}]},{"@type":"WebSite","@id":"https:\/\/linguavivagroup.com\/es\/#website","url":"https:\/\/linguavivagroup.com\/es\/","name":"Linguaviva Educational Group","description":"Study and learn italian in italy","publisher":{"@id":"https:\/\/linguavivagroup.com\/es\/#organization"},"potentialAction":[{"@type":"SearchAction","target":{"@type":"EntryPoint","urlTemplate":"https:\/\/linguavivagroup.com\/es\/?s={search_term_string}"},"query-input":{"@type":"PropertyValueSpecification","valueRequired":true,"valueName":"search_term_string"}}],"inLanguage":"es"},{"@type":"Organization","@id":"https:\/\/linguavivagroup.com\/es\/#organization","name":"Linguaviva Educational Group","url":"https:\/\/linguavivagroup.com\/es\/","logo":{"@type":"ImageObject","inLanguage":"es","@id":"https:\/\/linguavivagroup.com\/es\/#\/schema\/logo\/image\/","url":"https:\/\/linguavivagroup.com\/wp-content\/uploads\/2026\/03\/logo-linguaviva-bianco-50-260.png","contentUrl":"https:\/\/linguavivagroup.com\/wp-content\/uploads\/2026\/03\/logo-linguaviva-bianco-50-260.png","width":260,"height":48,"caption":"Linguaviva Educational Group"},"image":{"@id":"https:\/\/linguavivagroup.com\/es\/#\/schema\/logo\/image\/"}}]}},"_links":{"self":[{"href":"https:\/\/linguavivagroup.com\/es\/wp-json\/wp\/v2\/pages\/3234","targetHints":{"allow":["GET"]}}],"collection":[{"href":"https:\/\/linguavivagroup.com\/es\/wp-json\/wp\/v2\/pages"}],"about":[{"href":"https:\/\/linguavivagroup.com\/es\/wp-json\/wp\/v2\/types\/page"}],"author":[{"embeddable":true,"href":"https:\/\/linguavivagroup.com\/es\/wp-json\/wp\/v2\/users\/4"}],"replies":[{"embeddable":true,"href":"https:\/\/linguavivagroup.com\/es\/wp-json\/wp\/v2\/comments?post=3234"}],"version-history":[{"count":3,"href":"https:\/\/linguavivagroup.com\/es\/wp-json\/wp\/v2\/pages\/3234\/revisions"}],"predecessor-version":[{"id":7896,"href":"https:\/\/linguavivagroup.com\/es\/wp-json\/wp\/v2\/pages\/3234\/revisions\/7896"}],"wp:featuredmedia":[{"embeddable":true,"href":"https:\/\/linguavivagroup.com\/es\/wp-json\/wp\/v2\/media\/2082"}],"wp:attachment":[{"href":"https:\/\/linguavivagroup.com\/es\/wp-json\/wp\/v2\/media?parent=3234"}],"curies":[{"name":"wp","href":"https:\/\/api.w.org\/{rel}","templated":true}]}}