{"id":3241,"date":"2023-07-25T15:20:11","date_gmt":"2023-07-25T13:20:11","guid":{"rendered":"https:\/\/linguavivagroup.com\/?page_id=3241"},"modified":"2024-04-02T15:13:44","modified_gmt":"2024-04-02T13:13:44","slug":"curso-de-verano-para-jovenes","status":"publish","type":"page","link":"https:\/\/linguavivagroup.com\/es\/curso-de-verano-para-jovenes\/","title":{"rendered":"CURSO DE VERANO PARA J\u00d3VENES"},"content":{"rendered":"<section class=\"wpb-content-wrapper\"><p>[vc_row full_width=\u00bbstretch_row_content_no_spaces\u00bb el_class=\u00bbheader-image\u00bb][vc_column][vc_single_image image=\u00bb3118&#8243; img_size=\u00bbfull\u00bb el_class=\u00bbimg-header-big\u00bb][vc_single_image image=\u00bb3114&#8243; img_size=\u00bbfull\u00bb el_class=\u00bbimg-header-small\u00bb][\/vc_column][\/vc_row][vc_row el_class=\u00bbsezione\u00bb][vc_column width=\u00bb2\/12&#8243;][\/vc_column][vc_column width=\u00bb8\/12&#8243;][vc_column_text el_class=\u00bbred\u00bb]<\/p>\n<h1 style=\"text-align: center;\">CURSO DE VERANO PARA J\u00d3VENES<\/h1>\n<p>[\/vc_column_text][vc_column_text]\u00bfBuscas un curso de verano estimulante y completo para estudiar italiano siguiendo un programa dise\u00f1ado espec\u00edficamente para j\u00f3venes? Descubre los cursos de verano de Linguaviva para estudiantes de 14 a 17\u00a0a\u00f1os, que se imparten en tres fant\u00e1sticos destinos: Florencia, Mil\u00e1n y Lignano Sabbiadoro.<br \/>\nVive con nosotros tu pr\u00f3ximo curso de verano. \u00a1Te prometemos que ser\u00e1 una experiencia inolvidable![\/vc_column_text][\/vc_column][vc_column width=\u00bb2\/12&#8243;][\/vc_column][\/vc_row][vc_row gap=\u00bb30&#8243; el_class=\u00bbsezione\u00bb][vc_column width=\u00bb1\/3&#8243;][vc_column_text el_class=\u00bbred\u00bb]<\/p>\n<h2>CURSOS<\/h2>\n<p>[\/vc_column_text][vc_column_text]Elige tu pr\u00f3ximo camino educativo.[\/vc_column_text][vc_btn title=\u00bb\u00bb align=\u00bbright\u00bb el_class=\u00bbbtn-arrow-red\u00bb link=\u00bburl:https%3A%2F%2Flinguavivagroup.com%2Fes%2Fcursos-de-lengua-y-cultura-italianas%2F\u00bb][\/vc_column][vc_column width=\u00bb2\/3&#8243;][\/vc_column][\/vc_row][vc_row][vc_column][vc_basic_grid post_type=\u00bbcourses\u00bb max_items=\u00bb-1&#8243; gap=\u00bb15&#8243; orderby=\u00bbmenu_order\u00bb item=\u00bb508&#8243; initial_loading_animation=\u00bbnone\u00bb grid_id=\u00bbvc_gid:1711533366813-ff022680-2d68-5&#8243; el_class=\u00bbelenco-corsi elenco-corsi-red\u00bb taxonomies=\u00bb169&#8243;][\/vc_column][\/vc_row][vc_row full_width=\u00bbstretch_row\u00bb el_class=\u00bbsezione bg-red\u00bb][vc_column][vc_row_inner el_class=\u00bbrow-banner-v2_1&#8243;][vc_column_inner width=\u00bb1\/12&#8243;][\/vc_column_inner][vc_column_inner width=\u00bb6\/12&#8243;][vc_single_image image=\u00bb5069&#8243; img_size=\u00bbfull\u00bb onclick=\u00bbcustom_link\u00bb link=\u00bb#\u00bb el_class=\u00bbimg-hover-zoom\u00bb][\/vc_column_inner][vc_column_inner el_class=\u00bbcol-mleft-40&#8243; width=\u00bb4\/12&#8243;][vc_column_text el_class=\u00bbwhite\u00bb]<\/p>\n<h2>APRENDE ITALIANO Y DIVI\u00c9RTETE EN FLORENCIA<\/h2>\n<p>[\/vc_column_text][\/vc_column_inner][vc_column_inner width=\u00bb1\/12&#8243;][\/vc_column_inner][\/vc_row_inner][vc_row_inner el_class=\u00bbrow-banner-v2_2 no-padding\u00bb][vc_column_inner width=\u00bb1\/12&#8243;][\/vc_column_inner][vc_column_inner width=\u00bb4\/12&#8243;][vc_column_text el_class=\u00bbwhite\u00bb]Florencia, la ciudad del arte y la cultura, ofrece a los j\u00f3venes cursos de verano inolvidables. Aqu\u00ed, el programa de Linguaviva combina las clases de italiano con una serie de actividades art\u00edsticas y culturales dise\u00f1adas para descubrir las maravillas de Florencia y sus alrededores. Durante el curso, los participantes tendr\u00e1n la oportunidad de sumergirse en las riquezas hist\u00f3ricas y art\u00edsticas de la ciudad, visitando museos, admirando obras maestras del arte renacentista y paseando por las fascinantes calles florentinas. Esta experiencia no solo enriquecer\u00e1 tus conocimientos ling\u00fc\u00edsticos, sino que tambi\u00e9n te permitir\u00e1 conocer la cultura italiana en una de las ciudades m\u00e1s maravillosas y fascinantes del mundo: Florencia.[\/vc_column_text][vc_btn title=\u00bb\u00bb align=\u00bbright\u00bb el_class=\u00bbbtn-arrow-white\u00bb link=\u00bburl:https%3A%2F%2Flinguavivagroup.com%2Fes%2Fcurso-de-verano-para-jovenes-en-florencia%2F\u00bb][\/vc_column_inner][vc_column_inner width=\u00bb6\/12&#8243;][vc_single_image image=\u00bb2988&#8243; img_size=\u00bbfull\u00bb onclick=\u00bbcustom_link\u00bb link=\u00bb#\u00bb el_class=\u00bbimg-hover-zoom\u00bb][\/vc_column_inner][vc_column_inner width=\u00bb1\/12&#8243;][\/vc_column_inner][\/vc_row_inner][\/vc_column][\/vc_row][vc_row full_width=\u00bbstretch_row\u00bb el_class=\u00bbsezione bg-light-grey\u00bb][vc_column][vc_row_inner el_class=\u00bbrow-banner-v2_1&#8243;][vc_column_inner width=\u00bb1\/12&#8243;][\/vc_column_inner][vc_column_inner el_class=\u00bbcol-mright-50&#8243; width=\u00bb4\/12&#8243;][vc_column_text el_class=\u00bbred\u00bb]<\/p>\n<h2>APRENDE ITALIANO Y DIVI\u00c9RTETE EN MIL\u00c1N<\/h2>\n<p>[\/vc_column_text][\/vc_column_inner][vc_column_inner width=\u00bb6\/12&#8243;][vc_single_image image=\u00bb5077&#8243; img_size=\u00bbfull\u00bb onclick=\u00bbcustom_link\u00bb link=\u00bb#\u00bb el_class=\u00bbimg-hover-zoom\u00bb][\/vc_column_inner][vc_column_inner width=\u00bb1\/12&#8243;][\/vc_column_inner][\/vc_row_inner][vc_row_inner el_class=\u00bbrow-banner-v2_2 no-padding\u00bb][vc_column_inner width=\u00bb1\/12&#8243;][\/vc_column_inner][vc_column_inner width=\u00bb6\/12&#8243;][vc_single_image image=\u00bb2992&#8243; img_size=\u00bbfull\u00bb onclick=\u00bbcustom_link\u00bb link=\u00bb#\u00bb el_class=\u00bbimg-hover-zoom\u00bb][\/vc_column_inner][vc_column_inner width=\u00bb4\/12&#8243;][vc_column_text]En Mil\u00e1n, la ciudad de la moda, los j\u00f3venes pueden disfrutar de una experiencia \u00fanica. El programa que ofrece Linguaviva combina el aprendizaje del italiano con actividades din\u00e1micas en la capital de la moda. De este modo, los participantes no solo mejorar\u00e1n sus conocimientos ling\u00fc\u00edsticos, sino que tambi\u00e9n recibir\u00e1n una excelente preparaci\u00f3n para posteriores estudios acad\u00e9micos o profesionales. Y es que Mil\u00e1n ofrece numerosas oportunidades para quienes deseen desarrollar su carrera acad\u00e9mica y profesional. Un curso de verano en Mil\u00e1n es sin\u00f3nimo de abrir nuevas perspectivas, ampliar tus posibilidades de futuro y, por supuesto, divertirte mientras descubres una de las ciudades m\u00e1s grandes de Italia.[\/vc_column_text][vc_btn title=\u00bb\u00bb align=\u00bbright\u00bb el_class=\u00bbbtn-arrow-red\u00bb link=\u00bburl:https%3A%2F%2Flinguavivagroup.com%2Fes%2Fcurso-de-verano-para-jovenes-en-milan%2F\u00bb][\/vc_column_inner][vc_column_inner width=\u00bb1\/12&#8243;][\/vc_column_inner][\/vc_row_inner][\/vc_column][\/vc_row][vc_row full_width=\u00bbstretch_row\u00bb el_class=\u00bbsezione bg-red\u00bb][vc_column][vc_row_inner el_class=\u00bbrow-banner-v2_1&#8243;][vc_column_inner width=\u00bb1\/12&#8243;][\/vc_column_inner][vc_column_inner width=\u00bb6\/12&#8243;][vc_single_image image=\u00bb3123&#8243; img_size=\u00bbfull\u00bb onclick=\u00bbcustom_link\u00bb link=\u00bb#\u00bb el_class=\u00bbimg-hover-zoom\u00bb][\/vc_column_inner][vc_column_inner el_class=\u00bbcol-mleft-40&#8243; width=\u00bb4\/12&#8243;][vc_column_text el_class=\u00bbwhite\u00bb]<\/p>\n<h2>APRENDE ITALIANO Y DIVI\u00c9RTETE EN LIGNANO SABBIADORO<\/h2>\n<p>[\/vc_column_text][\/vc_column_inner][vc_column_inner width=\u00bb1\/12&#8243;][\/vc_column_inner][\/vc_row_inner][vc_row_inner el_class=\u00bbrow-banner-v2_2 no-padding\u00bb][vc_column_inner width=\u00bb1\/12&#8243;][\/vc_column_inner][vc_column_inner width=\u00bb4\/12&#8243;][vc_column_text el_class=\u00bbwhite\u00bb]El campamento de verano de Linguaviva en Lignano Sabbiadoro ofrece una experiencia \u00fanica en la que el estudio de idiomas se combina con divertidas actividades deportivas y de ocio en la estupenda playa. Aprender\u00e1s italiano en un ambiente entretenido y relajante mientras te diviertes haciendo nuevos amigos de todo el mundo. Todos los d\u00edas tendr\u00e1s la oportunidad de participar en actividades en la arena, practicar emocionantes deportes acu\u00e1ticos y hacer excursiones por la costa. Es la forma ideal de mejorar tus conocimientos ling\u00fc\u00edsticos y crear recuerdos inolvidables durante tus vacaciones de verano.[\/vc_column_text][vc_btn title=\u00bb\u00bb align=\u00bbright\u00bb el_class=\u00bbbtn-arrow-white\u00bb link=\u00bburl:https%3A%2F%2Flinguavivagroup.com%2Fes%2Fcurso-de-verano-para-jovenes-en-lignano%2F\u00bb][\/vc_column_inner][vc_column_inner width=\u00bb6\/12&#8243;][vc_single_image image=\u00bb5091&#8243; img_size=\u00bbfull\u00bb onclick=\u00bbcustom_link\u00bb link=\u00bb#\u00bb el_class=\u00bbimg-hover-zoom\u00bb][\/vc_column_inner][vc_column_inner width=\u00bb1\/12&#8243;][\/vc_column_inner][\/vc_row_inner][\/vc_column][\/vc_row][vc_row full_width=\u00bbstretch_row\u00bb el_class=\u00bbsezione bg-light-grey no-padding-bottom\u00bb][vc_column width=\u00bb2\/12&#8243;][\/vc_column][vc_column width=\u00bb8\/12&#8243;][vc_column_text el_class=\u00bbred no-margin\u00bb]<\/p>\n<h2 style=\"text-align: center;\">ESCUELA LINGUAVIVA<\/h2>\n<p>[\/vc_column_text][\/vc_column][vc_column width=\u00bb2\/12&#8243;][\/vc_column][\/vc_row][vc_row full_width=\u00bbstretch_row\u00bb el_class=\u00bbsezione bg-light-grey\u00bb][vc_column][vc_row_inner equal_height=\u00bbyes\u00bb gap=\u00bb30&#8243; el_class=\u00bbrow-banner-v2_1&#8243;][vc_column_inner width=\u00bb1\/12&#8243;][\/vc_column_inner][vc_column_inner width=\u00bb6\/12&#8243;][vc_single_image image=\u00bb313&#8243; img_size=\u00bbfull\u00bb el_class=\u00bbsquare square-small s-top-50 s-left-50&#8243;][vc_single_image image=\u00bb337&#8243; img_size=\u00bbfull\u00bb el_class=\u00bbsquare square-small s-top-50 s-left50&#8243;][vc_single_image image=\u00bb367&#8243; img_size=\u00bbfull\u00bb el_class=\u00bbsquare square-small s-top50 s-left-50&#8243;][vc_single_image image=\u00bb379&#8243; img_size=\u00bbfull\u00bb el_class=\u00bbsquare square-small s-bottom-50 s-left-50&#8243;][vc_single_image image=\u00bb1374&#8243; img_size=\u00bbfull\u00bb onclick=\u00bbcustom_link\u00bb link=\u00bb#\u00bb el_class=\u00bbimg-hover-zoom\u00bb][\/vc_column_inner][vc_column_inner width=\u00bb3\/12&#8243;][vc_column_text]Linguaviva fue fundada en Florencia en 1976 con el objetivo de promover el aprendizaje del idioma italiano y todo lo que lo rodea.[\/vc_column_text][\/vc_column_inner][vc_column_inner width=\u00bb2\/12&#8243;][\/vc_column_inner][\/vc_row_inner][vc_row_inner equal_height=\u00bbyes\u00bb gap=\u00bb30&#8243; el_class=\u00bbrow-banner-v2_2 no-padding\u00bb][vc_column_inner width=\u00bb2\/12&#8243;][\/vc_column_inner][vc_column_inner width=\u00bb3\/12&#8243;][vc_column_text]Fuimos una de las primeras escuelas en organizar viajes de estudio que combinan un alto nivel de educaci\u00f3n en idiomas y cultura.[\/vc_column_text][vc_btn title=\u00bb\u00bb align=\u00bbright\u00bb el_class=\u00bbbtn-arrow-dark\u00bb link=\u00bburl:https%3A%2F%2Flinguavivagroup.com%2Fes%2Fsobre-nosotros%2F\u00bb][\/vc_column_inner][vc_column_inner width=\u00bb6\/12&#8243;][vc_single_image image=\u00bb379&#8243; img_size=\u00bbfull\u00bb el_class=\u00bbsquare square-small s-bottom-50 s-right-50&#8243;][vc_single_image image=\u00bb367&#8243; img_size=\u00bbfull\u00bb el_class=\u00bbsquare square-small s-bottom-50 s-right50 z-index-1&#8243;][vc_single_image image=\u00bb367&#8243; img_size=\u00bbfull\u00bb el_class=\u00bbsquare square-small s-bottom50 s-right-50&#8243;][vc_single_image image=\u00bb355&#8243; img_size=\u00bbfull\u00bb el_class=\u00bbsquare square-small s-bottom-50 s-left-50&#8243;][vc_single_image image=\u00bb1378&#8243; img_size=\u00bbfull\u00bb onclick=\u00bbcustom_link\u00bb link=\u00bb#\u00bb el_class=\u00bbimg-hover-zoom\u00bb][\/vc_column_inner][vc_column_inner width=\u00bb1\/12&#8243;][\/vc_column_inner][\/vc_row_inner][\/vc_column][\/vc_row][vc_row full_width=\u00bbstretch_row\u00bb full_height=\u00bbyes\u00bb content_placement=\u00bbmiddle\u00bb el_class=\u00bbparallax-row\u00bb css=\u00bb.vc_custom_1682515566461{background-image: url(https:\/\/linguavivagroup.com\/wp-content\/uploads\/2023\/04\/Experience.jpg?id=488) !important;}\u00bb][vc_column width=\u00bb2\/12&#8243;][\/vc_column][vc_column width=\u00bb8\/12&#8243;][vc_column_text el_class=\u00bbwhite\u00bb]<\/p>\n<h2 style=\"text-align: center;\">EXPERIENCIA ITALIA<\/h2>\n<p>[\/vc_column_text][vc_column_text el_class=\u00bbwhite\u00bb]<\/p>\n<p style=\"text-align: center;\">Descubre el pa\u00eds, la gente y la cultura.<\/p>\n<p>[\/vc_column_text][\/vc_column][vc_column width=\u00bb2\/12&#8243;][\/vc_column][\/vc_row][vc_row][vc_column][vc_empty_space height=\u00bb120px\u00bb][\/vc_column][\/vc_row][vc_row full_width=\u00bbstretch_row_content_no_spaces\u00bb el_class=\u00bboverflow-visible\u00bb][vc_column][vc_single_image image=\u00bb351&#8243; img_size=\u00bbfull\u00bb el_class=\u00bbsquare square-medium mtop-100 left0&#8243;][vc_single_image image=\u00bb351&#8243; img_size=\u00bbfull\u00bb el_class=\u00bbsquare square-medium top0 left0&#8243;][vc_single_image image=\u00bb351&#8243; img_size=\u00bbfull\u00bb el_class=\u00bbsquare square-medium mtop-100 right0&#8243;][vc_single_image image=\u00bb363&#8243; img_size=\u00bbfull\u00bb el_class=\u00bbsquare square-medium top0 right0&#8243;][\/vc_column][\/vc_row][vc_row full_width=\u00bbstretch_row_content_no_spaces\u00bb equal_height=\u00bbyes\u00bb content_placement=\u00bbmiddle\u00bb el_class=\u00bbbg-light-grey\u00bb][vc_column width=\u00bb1\/2&#8243;][vc_single_image image=\u00bb1383&#8243; img_size=\u00bbfull\u00bb alignment=\u00bbcenter\u00bb el_class=\u00bbno-margin img-hover-zoom\u00bb][vc_column_text el_class=\u00bbbanner-corso-title banner-turismo-title bg-red\u00bb]<\/p>\n<h3 style=\"text-align: center;\"><a href=\"https:\/\/linguavivagroup.com\/es\/estudiar-italiano-en-italia\/\">\u00bfBUSCAS PREPARACI\u00d3N UNIVERSITARIA?<\/a><\/h3>\n<p>[\/vc_column_text][\/vc_column][vc_column width=\u00bb1\/2&#8243;][vc_single_image image=\u00bb3002&#8243; img_size=\u00bbfull\u00bb alignment=\u00bbcenter\u00bb el_class=\u00bbno-margin img-hover-zoom\u00bb][vc_column_text el_class=\u00bbbanner-corso-title banner-turismo-title bg-blue\u00bb]<\/p>\n<h3 style=\"text-align: center;\"><a href=\"https:\/\/linguavivagroup.com\/es\/aprende-italiano-y-disfruta-de-italia\/\">\u00bfBUSCAS TURISMO CULTURAL?<\/a><\/h3>\n<p>[\/vc_column_text][\/vc_column][\/vc_row]<\/p>\n<\/section>","protected":false},"excerpt":{"rendered":"<p>[vc_row full_width=\u00bbstretch_row_content_no_spaces\u00bb el_class=\u00bbheader-image\u00bb][vc_column][vc_single_image image=\u00bb3118&#8243; img_size=\u00bbfull\u00bb el_class=\u00bbimg-header-big\u00bb][vc_single_image image=\u00bb3114&#8243; img_size=\u00bbfull\u00bb el_class=\u00bbimg-header-small\u00bb][\/vc_column][\/vc_row][vc_row el_class=\u00bbsezione\u00bb][vc_column width=\u00bb2\/12&#8243;][\/vc_column][vc_column width=\u00bb8\/12&#8243;][vc_column_text el_class=\u00bbred\u00bb] CURSO DE VERANO PARA J\u00d3VENES [\/vc_column_text][vc_column_text]\u00bfBuscas un curso de verano estimulante y completo para estudiar italiano siguiendo un programa dise\u00f1ado espec\u00edficamente para j\u00f3venes? Descubre los cursos de verano de Linguaviva para estudiantes de 14 a 17\u00a0a\u00f1os, que se imparten en tres fant\u00e1sticos [&hellip;]<\/p>\n","protected":false},"author":4,"featured_media":0,"parent":0,"menu_order":-1,"comment_status":"closed","ping_status":"closed","template":"","meta":{"inline_featured_image":false,"footnotes":""},"class_list":["post-3241","page","type-page","status-publish","hentry"],"yoast_head":"<!-- This site is optimized with the Yoast SEO plugin v27.2 - https:\/\/yoast.com\/product\/yoast-seo-wordpress\/ -->\n<title>CURSO DE VERANO PARA J\u00d3VENES | Linguaviva Educational Group<\/title>\n<meta name=\"description\" content=\"\u00bfBuscas un curso de verano estimulante y completo para estudiar italiano siguiendo un programa dise\u00f1ado espec\u00edficamente para j\u00f3venes? Descubre los cursos de verano de Linguaviva para estudiantes de 14 a 17 a\u00f1os.\" \/>\n<meta name=\"robots\" content=\"index, follow, max-snippet:-1, max-image-preview:large, max-video-preview:-1\" \/>\n<link rel=\"canonical\" href=\"https:\/\/linguavivagroup.com\/es\/curso-de-verano-para-jovenes\/\" \/>\n<meta property=\"og:locale\" content=\"es_ES\" \/>\n<meta property=\"og:type\" content=\"article\" \/>\n<meta property=\"og:title\" content=\"CURSO DE VERANO PARA J\u00d3VENES | Linguaviva Educational Group\" \/>\n<meta property=\"og:description\" content=\"\u00bfBuscas un curso de verano estimulante y completo para estudiar italiano siguiendo un programa dise\u00f1ado espec\u00edficamente para j\u00f3venes? Descubre los cursos de verano de Linguaviva para estudiantes de 14 a 17 a\u00f1os.\" \/>\n<meta property=\"og:url\" content=\"https:\/\/linguavivagroup.com\/es\/curso-de-verano-para-jovenes\/\" \/>\n<meta property=\"og:site_name\" content=\"Linguaviva Educational Group\" \/>\n<meta property=\"article:modified_time\" content=\"2024-04-02T13:13:44+00:00\" \/>\n<meta property=\"og:image\" content=\"https:\/\/linguavivagroup.com\/wp-content\/uploads\/2023\/04\/Educational-group.jpg\" \/>\n\t<meta property=\"og:image:width\" content=\"1920\" \/>\n\t<meta property=\"og:image:height\" content=\"923\" \/>\n\t<meta property=\"og:image:type\" content=\"image\/jpeg\" \/>\n<meta name=\"twitter:card\" content=\"summary_large_image\" \/>\n<meta name=\"twitter:label1\" content=\"Tiempo de lectura\" \/>\n\t<meta name=\"twitter:data1\" content=\"4 minutos\" \/>\n<script type=\"application\/ld+json\" class=\"yoast-schema-graph\">{\"@context\":\"https:\/\/schema.org\",\"@graph\":[{\"@type\":\"WebPage\",\"@id\":\"https:\/\/linguavivagroup.com\/es\/curso-de-verano-para-jovenes\/\",\"url\":\"https:\/\/linguavivagroup.com\/es\/curso-de-verano-para-jovenes\/\",\"name\":\"CURSO DE VERANO PARA J\u00d3VENES | Linguaviva Educational Group\",\"isPartOf\":{\"@id\":\"https:\/\/linguavivagroup.com\/es\/#website\"},\"datePublished\":\"2023-07-25T13:20:11+00:00\",\"dateModified\":\"2024-04-02T13:13:44+00:00\",\"description\":\"\u00bfBuscas un curso de verano estimulante y completo para estudiar italiano siguiendo un programa dise\u00f1ado espec\u00edficamente para j\u00f3venes? Descubre los cursos de verano de Linguaviva para estudiantes de 14 a 17 a\u00f1os.\",\"breadcrumb\":{\"@id\":\"https:\/\/linguavivagroup.com\/es\/curso-de-verano-para-jovenes\/#breadcrumb\"},\"inLanguage\":\"es\",\"potentialAction\":[{\"@type\":\"ReadAction\",\"target\":[\"https:\/\/linguavivagroup.com\/es\/curso-de-verano-para-jovenes\/\"]}]},{\"@type\":\"BreadcrumbList\",\"@id\":\"https:\/\/linguavivagroup.com\/es\/curso-de-verano-para-jovenes\/#breadcrumb\",\"itemListElement\":[{\"@type\":\"ListItem\",\"position\":1,\"name\":\"Home\",\"item\":\"https:\/\/linguavivagroup.com\/es\/\"},{\"@type\":\"ListItem\",\"position\":2,\"name\":\"CURSO DE VERANO PARA J\u00d3VENES\"}]},{\"@type\":\"WebSite\",\"@id\":\"https:\/\/linguavivagroup.com\/es\/#website\",\"url\":\"https:\/\/linguavivagroup.com\/es\/\",\"name\":\"Linguaviva Educational Group\",\"description\":\"Study and learn italian in italy\",\"publisher\":{\"@id\":\"https:\/\/linguavivagroup.com\/es\/#organization\"},\"potentialAction\":[{\"@type\":\"SearchAction\",\"target\":{\"@type\":\"EntryPoint\",\"urlTemplate\":\"https:\/\/linguavivagroup.com\/es\/?s={search_term_string}\"},\"query-input\":{\"@type\":\"PropertyValueSpecification\",\"valueRequired\":true,\"valueName\":\"search_term_string\"}}],\"inLanguage\":\"es\"},{\"@type\":\"Organization\",\"@id\":\"https:\/\/linguavivagroup.com\/es\/#organization\",\"name\":\"Linguaviva Educational Group\",\"url\":\"https:\/\/linguavivagroup.com\/es\/\",\"logo\":{\"@type\":\"ImageObject\",\"inLanguage\":\"es\",\"@id\":\"https:\/\/linguavivagroup.com\/es\/#\/schema\/logo\/image\/\",\"url\":\"https:\/\/linguavivagroup.com\/wp-content\/uploads\/2026\/03\/logo-linguaviva-bianco-50-260.png\",\"contentUrl\":\"https:\/\/linguavivagroup.com\/wp-content\/uploads\/2026\/03\/logo-linguaviva-bianco-50-260.png\",\"width\":260,\"height\":48,\"caption\":\"Linguaviva Educational Group\"},\"image\":{\"@id\":\"https:\/\/linguavivagroup.com\/es\/#\/schema\/logo\/image\/\"}}]}<\/script>\n<!-- \/ Yoast SEO plugin. -->","yoast_head_json":{"title":"CURSO DE VERANO PARA J\u00d3VENES | Linguaviva Educational Group","description":"\u00bfBuscas un curso de verano estimulante y completo para estudiar italiano siguiendo un programa dise\u00f1ado espec\u00edficamente para j\u00f3venes? Descubre los cursos de verano de Linguaviva para estudiantes de 14 a 17 a\u00f1os.","robots":{"index":"index","follow":"follow","max-snippet":"max-snippet:-1","max-image-preview":"max-image-preview:large","max-video-preview":"max-video-preview:-1"},"canonical":"https:\/\/linguavivagroup.com\/es\/curso-de-verano-para-jovenes\/","og_locale":"es_ES","og_type":"article","og_title":"CURSO DE VERANO PARA J\u00d3VENES | Linguaviva Educational Group","og_description":"\u00bfBuscas un curso de verano estimulante y completo para estudiar italiano siguiendo un programa dise\u00f1ado espec\u00edficamente para j\u00f3venes? Descubre los cursos de verano de Linguaviva para estudiantes de 14 a 17 a\u00f1os.","og_url":"https:\/\/linguavivagroup.com\/es\/curso-de-verano-para-jovenes\/","og_site_name":"Linguaviva Educational Group","article_modified_time":"2024-04-02T13:13:44+00:00","og_image":[{"width":1920,"height":923,"url":"https:\/\/linguavivagroup.com\/wp-content\/uploads\/2023\/04\/Educational-group.jpg","type":"image\/jpeg"}],"twitter_card":"summary_large_image","twitter_misc":{"Tiempo de lectura":"4 minutos"},"schema":{"@context":"https:\/\/schema.org","@graph":[{"@type":"WebPage","@id":"https:\/\/linguavivagroup.com\/es\/curso-de-verano-para-jovenes\/","url":"https:\/\/linguavivagroup.com\/es\/curso-de-verano-para-jovenes\/","name":"CURSO DE VERANO PARA J\u00d3VENES | Linguaviva Educational Group","isPartOf":{"@id":"https:\/\/linguavivagroup.com\/es\/#website"},"datePublished":"2023-07-25T13:20:11+00:00","dateModified":"2024-04-02T13:13:44+00:00","description":"\u00bfBuscas un curso de verano estimulante y completo para estudiar italiano siguiendo un programa dise\u00f1ado espec\u00edficamente para j\u00f3venes? Descubre los cursos de verano de Linguaviva para estudiantes de 14 a 17 a\u00f1os.","breadcrumb":{"@id":"https:\/\/linguavivagroup.com\/es\/curso-de-verano-para-jovenes\/#breadcrumb"},"inLanguage":"es","potentialAction":[{"@type":"ReadAction","target":["https:\/\/linguavivagroup.com\/es\/curso-de-verano-para-jovenes\/"]}]},{"@type":"BreadcrumbList","@id":"https:\/\/linguavivagroup.com\/es\/curso-de-verano-para-jovenes\/#breadcrumb","itemListElement":[{"@type":"ListItem","position":1,"name":"Home","item":"https:\/\/linguavivagroup.com\/es\/"},{"@type":"ListItem","position":2,"name":"CURSO DE VERANO PARA J\u00d3VENES"}]},{"@type":"WebSite","@id":"https:\/\/linguavivagroup.com\/es\/#website","url":"https:\/\/linguavivagroup.com\/es\/","name":"Linguaviva Educational Group","description":"Study and learn italian in italy","publisher":{"@id":"https:\/\/linguavivagroup.com\/es\/#organization"},"potentialAction":[{"@type":"SearchAction","target":{"@type":"EntryPoint","urlTemplate":"https:\/\/linguavivagroup.com\/es\/?s={search_term_string}"},"query-input":{"@type":"PropertyValueSpecification","valueRequired":true,"valueName":"search_term_string"}}],"inLanguage":"es"},{"@type":"Organization","@id":"https:\/\/linguavivagroup.com\/es\/#organization","name":"Linguaviva Educational Group","url":"https:\/\/linguavivagroup.com\/es\/","logo":{"@type":"ImageObject","inLanguage":"es","@id":"https:\/\/linguavivagroup.com\/es\/#\/schema\/logo\/image\/","url":"https:\/\/linguavivagroup.com\/wp-content\/uploads\/2026\/03\/logo-linguaviva-bianco-50-260.png","contentUrl":"https:\/\/linguavivagroup.com\/wp-content\/uploads\/2026\/03\/logo-linguaviva-bianco-50-260.png","width":260,"height":48,"caption":"Linguaviva Educational Group"},"image":{"@id":"https:\/\/linguavivagroup.com\/es\/#\/schema\/logo\/image\/"}}]}},"_links":{"self":[{"href":"https:\/\/linguavivagroup.com\/es\/wp-json\/wp\/v2\/pages\/3241","targetHints":{"allow":["GET"]}}],"collection":[{"href":"https:\/\/linguavivagroup.com\/es\/wp-json\/wp\/v2\/pages"}],"about":[{"href":"https:\/\/linguavivagroup.com\/es\/wp-json\/wp\/v2\/types\/page"}],"author":[{"embeddable":true,"href":"https:\/\/linguavivagroup.com\/es\/wp-json\/wp\/v2\/users\/4"}],"replies":[{"embeddable":true,"href":"https:\/\/linguavivagroup.com\/es\/wp-json\/wp\/v2\/comments?post=3241"}],"version-history":[{"count":12,"href":"https:\/\/linguavivagroup.com\/es\/wp-json\/wp\/v2\/pages\/3241\/revisions"}],"predecessor-version":[{"id":9805,"href":"https:\/\/linguavivagroup.com\/es\/wp-json\/wp\/v2\/pages\/3241\/revisions\/9805"}],"wp:attachment":[{"href":"https:\/\/linguavivagroup.com\/es\/wp-json\/wp\/v2\/media?parent=3241"}],"curies":[{"name":"wp","href":"https:\/\/api.w.org\/{rel}","templated":true}]}}