{"id":3245,"date":"2023-07-25T15:47:10","date_gmt":"2023-07-25T13:47:10","guid":{"rendered":"https:\/\/linguavivagroup.com\/?page_id=3245"},"modified":"2024-04-02T12:55:56","modified_gmt":"2024-04-02T10:55:56","slug":"aprende-italiano-y-disfruta-de-italia","status":"publish","type":"page","link":"https:\/\/linguavivagroup.com\/es\/aprende-italiano-y-disfruta-de-italia\/","title":{"rendered":"APRENDE ITALIANO Y DISFRUTA DE ITALIA"},"content":{"rendered":"<section class=\"wpb-content-wrapper\"><p>[vc_row full_width=\u00bbstretch_row_content_no_spaces\u00bb el_class=\u00bbheader-image\u00bb][vc_column][vc_single_image image=\u00bb1394&#8243; img_size=\u00bbfull\u00bb el_class=\u00bbimg-header-big\u00bb][vc_single_image image=\u00bb1394&#8243; img_size=\u00bbfull\u00bb el_class=\u00bbimg-header-small\u00bb][\/vc_column][\/vc_row][vc_row el_class=\u00bbsezione\u00bb][vc_column width=\u00bb2\/12&#8243;][\/vc_column][vc_column width=\u00bb8\/12&#8243;][vc_column_text el_class=\u00bbred\u00bb]<\/p>\n<h1 style=\"text-align: center;\">APRENDE ITALIANO Y DISFRUTA DE ITALIA<\/h1>\n<p>[\/vc_column_text][vc_column_text]\u00bfTe gustar\u00eda aprender italiano y sumergirte en la belleza de las fascinantes ciudades de Florencia y Mil\u00e1n? Linguaviva te ofrece la oportunidad de disfrutar de una experiencia de estudio inolvidable en Italia. No importa si prefieres las calles adoquinadas y las obras maestras de Florencia o eres m\u00e1s del ambiente cosmopolita y a la \u00faltima de Mil\u00e1n. Elige nuestros cursos en Florencia o Mil\u00e1n y prep\u00e1rate para una aventura \u00fanica en el coraz\u00f3n de Italia.[\/vc_column_text][\/vc_column][vc_column width=\u00bb2\/12&#8243;][\/vc_column][\/vc_row][vc_row gap=\u00bb30&#8243; el_class=\u00bbsezione\u00bb][vc_column width=\u00bb1\/3&#8243;][vc_column_text el_class=\u00bbred\u00bb]<\/p>\n<h2>CURSOS<\/h2>\n<p>[\/vc_column_text][vc_column_text]Elige tu pr\u00f3ximo camino educativo.[\/vc_column_text][vc_btn title=\u00bb\u00bb align=\u00bbright\u00bb el_class=\u00bbbtn-arrow-red\u00bb link=\u00bburl:https%3A%2F%2Flinguavivagroup.com%2Fes%2Fcursos-de-lengua-y-cultura-italianas%2F\u00bb][\/vc_column][vc_column width=\u00bb2\/3&#8243;][\/vc_column][\/vc_row][vc_row][vc_column][vc_basic_grid post_type=\u00bbcourses\u00bb max_items=\u00bb-1&#8243; gap=\u00bb15&#8243; orderby=\u00bbmenu_order\u00bb item=\u00bb508&#8243; initial_loading_animation=\u00bbnone\u00bb grid_id=\u00bbvc_gid:1711533200347-7d36c868-7958-3&#8243; el_class=\u00bbelenco-corsi elenco-corsi-red\u00bb taxonomies=\u00bb177&#8243;][\/vc_column][\/vc_row][vc_row full_width=\u00bbstretch_row\u00bb el_class=\u00bbsezione bg-red\u00bb][vc_column][vc_row_inner el_class=\u00bbrow-banner-v2_1&#8243;][vc_column_inner width=\u00bb1\/12&#8243;][\/vc_column_inner][vc_column_inner width=\u00bb6\/12&#8243;][vc_single_image image=\u00bb5069&#8243; img_size=\u00bbfull\u00bb onclick=\u00bbcustom_link\u00bb link=\u00bb#\u00bb el_class=\u00bbimg-hover-zoom\u00bb][\/vc_column_inner][vc_column_inner el_class=\u00bbcol-mleft-40&#8243; width=\u00bb4\/12&#8243;][vc_column_text el_class=\u00bbwhite\u00bb]<\/p>\n<h2>CURSOS EN FLORENCIA<\/h2>\n<p>[\/vc_column_text][\/vc_column_inner][vc_column_inner width=\u00bb1\/12&#8243;][\/vc_column_inner][\/vc_row_inner][vc_row_inner el_class=\u00bbrow-banner-v2_2 no-padding\u00bb][vc_column_inner width=\u00bb1\/12&#8243;][\/vc_column_inner][vc_column_inner width=\u00bb4\/12&#8243;][vc_column_text el_class=\u00bbwhite\u00bb]Florencia, la ciudad del arte y la cultura, te da la bienvenida todo el a\u00f1o para un curso inolvidable. Gracias a los programas de Linguaviva, podr\u00e1s sumergirte en el aprendizaje del idioma italiano y descubrir las maravillas de esta fascinante ciudad. Con unas animadas clases y actividades culturales a medida, tendr\u00e1s la oportunidad de explorar los tesoros art\u00edsticos de Florencia, visitar museos de renombre, admirar una arquitectura \u00fanica y respirar el m\u00e1gico ambiente de la ciudad mientras disfrutas de los mejores platos t\u00edpicos italianos. Aprovecha esta extraordinaria oportunidad para mejorar tus conocimientos ling\u00fc\u00edsticos y sumergirte de lleno en la cultura italiana, convirtiendo tu estancia en Florencia en una experiencia \u00fanica y estimulante.[\/vc_column_text][vc_btn title=\u00bb\u00bb align=\u00bbright\u00bb el_class=\u00bbbtn-arrow-white\u00bb link=\u00bburl:https%3A%2F%2Flinguavivagroup.com%2Fes%2Fcursos-en-florencia%2F\u00bb][\/vc_column_inner][vc_column_inner width=\u00bb6\/12&#8243;][vc_single_image image=\u00bb1337&#8243; img_size=\u00bbfull\u00bb onclick=\u00bbcustom_link\u00bb link=\u00bb#\u00bb el_class=\u00bbimg-hover-zoom\u00bb][\/vc_column_inner][vc_column_inner width=\u00bb1\/12&#8243;][\/vc_column_inner][\/vc_row_inner][\/vc_column][\/vc_row][vc_row full_width=\u00bbstretch_row\u00bb el_class=\u00bbsezione bg-light-grey\u00bb][vc_column][vc_row_inner el_class=\u00bbrow-banner-v2_1&#8243;][vc_column_inner width=\u00bb1\/12&#8243;][\/vc_column_inner][vc_column_inner el_class=\u00bbcol-mright-50&#8243; width=\u00bb4\/12&#8243;][vc_column_text el_class=\u00bbred\u00bb]<\/p>\n<h2>CURSOS EN MIL\u00c1N<\/h2>\n<p>[\/vc_column_text][\/vc_column_inner][vc_column_inner width=\u00bb6\/12&#8243;][vc_single_image image=\u00bb5077&#8243; img_size=\u00bbfull\u00bb onclick=\u00bbcustom_link\u00bb link=\u00bb#\u00bb el_class=\u00bbimg-hover-zoom\u00bb][\/vc_column_inner][vc_column_inner width=\u00bb1\/12&#8243;][\/vc_column_inner][\/vc_row_inner][vc_row_inner el_class=\u00bbrow-banner-v2_2 no-padding\u00bb][vc_column_inner width=\u00bb1\/12&#8243;][\/vc_column_inner][vc_column_inner width=\u00bb6\/12&#8243;][vc_single_image image=\u00bb1347&#8243; img_size=\u00bbfull\u00bb onclick=\u00bbcustom_link\u00bb link=\u00bb#\u00bb el_class=\u00bbimg-hover-zoom\u00bb][\/vc_column_inner][vc_column_inner width=\u00bb4\/12&#8243;][vc_column_text]Mil\u00e1n, la animada capital de la moda y el dise\u00f1o, te espera todo el a\u00f1o para una estancia \u00fanica y emocionante. Con los programas de Linguaviva podr\u00e1s sumergirte en el aprendizaje de la lengua italiana y descubrir la energ\u00eda y vitalidad de esta metr\u00f3polis cosmopolita. Adem\u00e1s de las interesantes clases de italiano, tendr\u00e1s la oportunidad de explorar las calles de moda, visitar museos de fama mundial, descubrir el rico patrimonio cultural de la ciudad y saborear la cocina tradicional milanesa. Vive Mil\u00e1n al m\u00e1ximo, enriquece tus conocimientos ling\u00fc\u00edsticos y experimenta la aut\u00e9ntica vida italiana. Tu pr\u00f3ximo curso de idioma te espera.[\/vc_column_text][vc_btn title=\u00bb\u00bb align=\u00bbright\u00bb el_class=\u00bbbtn-arrow-red\u00bb link=\u00bburl:https%3A%2F%2Flinguavivagroup.com%2Fes%2Fcursos-en-milan%2F\u00bb][\/vc_column_inner][vc_column_inner width=\u00bb1\/12&#8243;][\/vc_column_inner][\/vc_row_inner][\/vc_column][\/vc_row][vc_row full_width=\u00bbstretch_row\u00bb el_class=\u00bbsezione bg-light-grey no-padding-bottom\u00bb][vc_column width=\u00bb2\/12&#8243;][\/vc_column][vc_column width=\u00bb8\/12&#8243;][vc_column_text el_class=\u00bbred no-margin\u00bb]<\/p>\n<h2 style=\"text-align: center;\">ESCUELA LINGUAVIVA<\/h2>\n<p>[\/vc_column_text][\/vc_column][vc_column width=\u00bb2\/12&#8243;][\/vc_column][\/vc_row][vc_row full_width=\u00bbstretch_row\u00bb el_class=\u00bbsezione bg-light-grey\u00bb][vc_column][vc_row_inner equal_height=\u00bbyes\u00bb gap=\u00bb30&#8243; el_class=\u00bbrow-banner-v2_1&#8243;][vc_column_inner width=\u00bb1\/12&#8243;][\/vc_column_inner][vc_column_inner width=\u00bb6\/12&#8243;][vc_single_image image=\u00bb313&#8243; img_size=\u00bbfull\u00bb el_class=\u00bbsquare square-small s-top-50 s-left-50&#8243;][vc_single_image image=\u00bb337&#8243; img_size=\u00bbfull\u00bb el_class=\u00bbsquare square-small s-top-50 s-left50&#8243;][vc_single_image image=\u00bb367&#8243; img_size=\u00bbfull\u00bb el_class=\u00bbsquare square-small s-top50 s-left-50&#8243;][vc_single_image image=\u00bb379&#8243; img_size=\u00bbfull\u00bb el_class=\u00bbsquare square-small s-bottom-50 s-left-50&#8243;][vc_single_image image=\u00bb1374&#8243; img_size=\u00bbfull\u00bb onclick=\u00bbcustom_link\u00bb link=\u00bb#\u00bb el_class=\u00bbimg-hover-zoom\u00bb][\/vc_column_inner][vc_column_inner width=\u00bb3\/12&#8243;][vc_column_text]Linguaviva fue fundada en Florencia en 1976 con el objetivo de promover el aprendizaje del idioma italiano y todo lo que lo rodea.[\/vc_column_text][\/vc_column_inner][vc_column_inner width=\u00bb2\/12&#8243;][\/vc_column_inner][\/vc_row_inner][vc_row_inner equal_height=\u00bbyes\u00bb gap=\u00bb30&#8243; el_class=\u00bbrow-banner-v2_2 no-padding\u00bb][vc_column_inner width=\u00bb2\/12&#8243;][\/vc_column_inner][vc_column_inner width=\u00bb3\/12&#8243;][vc_column_text]Fuimos una de las primeras escuelas en organizar viajes de estudio que combinan un alto nivel de educaci\u00f3n en idiomas y cultura.[\/vc_column_text][vc_btn title=\u00bb\u00bb align=\u00bbright\u00bb el_class=\u00bbbtn-arrow-dark\u00bb link=\u00bburl:https%3A%2F%2Flinguavivagroup.com%2Fes%2Fsobre-nosotros%2F\u00bb][\/vc_column_inner][vc_column_inner width=\u00bb6\/12&#8243;][vc_single_image image=\u00bb379&#8243; img_size=\u00bbfull\u00bb el_class=\u00bbsquare square-small s-bottom-50 s-right-50&#8243;][vc_single_image image=\u00bb367&#8243; img_size=\u00bbfull\u00bb el_class=\u00bbsquare square-small s-bottom-50 s-right50 z-index-1&#8243;][vc_single_image image=\u00bb367&#8243; img_size=\u00bbfull\u00bb el_class=\u00bbsquare square-small s-bottom50 s-right-50&#8243;][vc_single_image image=\u00bb355&#8243; img_size=\u00bbfull\u00bb el_class=\u00bbsquare square-small s-bottom-50 s-left-50&#8243;][vc_single_image image=\u00bb1378&#8243; img_size=\u00bbfull\u00bb onclick=\u00bbcustom_link\u00bb link=\u00bb#\u00bb el_class=\u00bbimg-hover-zoom\u00bb][\/vc_column_inner][vc_column_inner width=\u00bb1\/12&#8243;][\/vc_column_inner][\/vc_row_inner][\/vc_column][\/vc_row][vc_row full_width=\u00bbstretch_row\u00bb full_height=\u00bbyes\u00bb content_placement=\u00bbmiddle\u00bb el_class=\u00bbparallax-row\u00bb css=\u00bb.vc_custom_1682515566461{background-image: url(https:\/\/linguavivagroup.com\/wp-content\/uploads\/2023\/04\/Experience.jpg?id=488) !important;}\u00bb][vc_column width=\u00bb2\/12&#8243;][\/vc_column][vc_column width=\u00bb8\/12&#8243;][vc_column_text el_class=\u00bbwhite\u00bb]<\/p>\n<h2 style=\"text-align: center;\">EXPERIENCIA ITALIA<\/h2>\n<p>[\/vc_column_text][vc_column_text el_class=\u00bbwhite\u00bb]<\/p>\n<p style=\"text-align: center;\">Descubre el pa\u00eds, la gente y la cultura.<\/p>\n<p>[\/vc_column_text][\/vc_column][vc_column width=\u00bb2\/12&#8243;][\/vc_column][\/vc_row][vc_row][vc_column][\/vc_column][\/vc_row][vc_row full_width=\u00bbstretch_row_content_no_spaces\u00bb el_class=\u00bbsezione bg-red-blue\u00bb][vc_column width=\u00bb1\/2&#8243; el_class=\u00bbcol-half-color-left\u00bb][vc_column_text el_class=\u00bbwhite\u00bb]<\/p>\n<h2>ACOMODACI\u00d3N<\/h2>\n<p>[\/vc_column_text][vc_column_text el_class=\u00bbwhite\u00bb]Elige el destino de tu pr\u00f3xima experiencia de estudio en Italia.[\/vc_column_text][vc_btn title=\u00bb\u00bb align=\u00bbright\u00bb el_class=\u00bbbtn-arrow-white\u00bb link=\u00bburl:https%3A%2F%2Flinguavivagroup.com%2Fes%2Fnuestros-alojamientos%2F\u00bb][\/vc_column][vc_column width=\u00bb1\/2&#8243; el_class=\u00bbcol-half-color-right\u00bb][vc_column_text el_class=\u00bbwhite\u00bb]<\/p>\n<h2>FEES<\/h2>\n<p>[\/vc_column_text][vc_column_text el_class=\u00bbwhite\u00bb]Descubre los precios de la estancia de estudio en Italia con Linguaviva.[\/vc_column_text][vc_btn title=\u00bb\u00bb align=\u00bbright\u00bb el_class=\u00bbbtn-arrow-white\u00bb link=\u00bburl:https%3A%2F%2Flinguavivagroup.com%2Fes%2Ffees%2F\u00bb][\/vc_column][\/vc_row][vc_row][vc_column][vc_empty_space height=\u00bb120px\u00bb][\/vc_column][\/vc_row][vc_row full_width=\u00bbstretch_row_content_no_spaces\u00bb el_class=\u00bboverflow-visible\u00bb][vc_column][vc_single_image image=\u00bb351&#8243; img_size=\u00bbfull\u00bb el_class=\u00bbsquare square-medium mtop-100 left0&#8243;][vc_single_image image=\u00bb351&#8243; img_size=\u00bbfull\u00bb el_class=\u00bbsquare square-medium top0 left0&#8243;][vc_single_image image=\u00bb351&#8243; img_size=\u00bbfull\u00bb el_class=\u00bbsquare square-medium mtop-100 right0&#8243;][vc_single_image image=\u00bb363&#8243; img_size=\u00bbfull\u00bb el_class=\u00bbsquare square-medium top0 right0&#8243;][\/vc_column][\/vc_row][vc_row full_width=\u00bbstretch_row_content_no_spaces\u00bb equal_height=\u00bbyes\u00bb content_placement=\u00bbmiddle\u00bb el_class=\u00bbbg-light-grey\u00bb][vc_column width=\u00bb1\/2&#8243;][vc_single_image image=\u00bb1383&#8243; img_size=\u00bbfull\u00bb alignment=\u00bbcenter\u00bb el_class=\u00bbno-margin img-hover-zoom\u00bb][vc_column_text el_class=\u00bbbanner-corso-title banner-turismo-title bg-red\u00bb]<\/p>\n<h3 style=\"text-align: center;\"><a href=\"https:\/\/linguavivagroup.com\/es\/estudiar-italiano-en-italia\/\">\u00bfBUSCAS PREPARACI\u00d3N UNIVERSITARIA?<\/a><\/h3>\n<p>[\/vc_column_text][\/vc_column][vc_column width=\u00bb1\/2&#8243;][vc_single_image image=\u00bb1387&#8243; img_size=\u00bbfull\u00bb alignment=\u00bbcenter\u00bb el_class=\u00bbno-margin img-hover-zoom\u00bb][vc_column_text el_class=\u00bbbanner-corso-title banner-turismo-title bg-blue\u00bb]<\/p>\n<h3 style=\"text-align: center;\"><a href=\"https:\/\/linguavivagroup.com\/es\/curso-de-verano-para-jovenes\/\">\u00bfVACACIONES DE ESTUDIO PARA J\u00d3VENES?<\/a><\/h3>\n<p>[\/vc_column_text][\/vc_column][\/vc_row]<\/p>\n<\/section>","protected":false},"excerpt":{"rendered":"<p>[vc_row full_width=\u00bbstretch_row_content_no_spaces\u00bb el_class=\u00bbheader-image\u00bb][vc_column][vc_single_image image=\u00bb1394&#8243; img_size=\u00bbfull\u00bb el_class=\u00bbimg-header-big\u00bb][vc_single_image image=\u00bb1394&#8243; img_size=\u00bbfull\u00bb el_class=\u00bbimg-header-small\u00bb][\/vc_column][\/vc_row][vc_row el_class=\u00bbsezione\u00bb][vc_column width=\u00bb2\/12&#8243;][\/vc_column][vc_column width=\u00bb8\/12&#8243;][vc_column_text el_class=\u00bbred\u00bb] APRENDE ITALIANO Y DISFRUTA DE ITALIA [\/vc_column_text][vc_column_text]\u00bfTe gustar\u00eda aprender italiano y sumergirte en la belleza de las fascinantes ciudades de Florencia y Mil\u00e1n? Linguaviva te ofrece la oportunidad de disfrutar de una experiencia de estudio inolvidable en Italia. No importa si prefieres [&hellip;]<\/p>\n","protected":false},"author":4,"featured_media":0,"parent":0,"menu_order":-1,"comment_status":"closed","ping_status":"closed","template":"","meta":{"inline_featured_image":false,"footnotes":""},"class_list":["post-3245","page","type-page","status-publish","hentry"],"yoast_head":"<!-- This site is optimized with the Yoast SEO plugin v27.2 - https:\/\/yoast.com\/product\/yoast-seo-wordpress\/ -->\n<title>APRENDE ITALIANO Y DISFRUTA DE ITALIA | Linguaviva Educational Group<\/title>\n<meta name=\"description\" content=\"\u00bfTe gustar\u00eda aprender italiano y sumergirte en la belleza de las fascinantes ciudades de Florencia y Mil\u00e1n? Linguaviva te ofrece la oportunidad de disfrutar de una experiencia de estudio inolvidable en Italia.\" \/>\n<meta name=\"robots\" content=\"index, follow, max-snippet:-1, max-image-preview:large, max-video-preview:-1\" \/>\n<link rel=\"canonical\" href=\"https:\/\/linguavivagroup.com\/es\/aprende-italiano-y-disfruta-de-italia\/\" \/>\n<meta property=\"og:locale\" content=\"es_ES\" \/>\n<meta property=\"og:type\" content=\"article\" \/>\n<meta property=\"og:title\" content=\"APRENDE ITALIANO Y DISFRUTA DE ITALIA | Linguaviva Educational Group\" \/>\n<meta property=\"og:description\" content=\"\u00bfTe gustar\u00eda aprender italiano y sumergirte en la belleza de las fascinantes ciudades de Florencia y Mil\u00e1n? Linguaviva te ofrece la oportunidad de disfrutar de una experiencia de estudio inolvidable en Italia.\" \/>\n<meta property=\"og:url\" content=\"https:\/\/linguavivagroup.com\/es\/aprende-italiano-y-disfruta-de-italia\/\" \/>\n<meta property=\"og:site_name\" content=\"Linguaviva Educational Group\" \/>\n<meta property=\"article:modified_time\" content=\"2024-04-02T10:55:56+00:00\" \/>\n<meta property=\"og:image\" content=\"https:\/\/linguavivagroup.com\/wp-content\/uploads\/2023\/04\/Educational-group.jpg\" \/>\n\t<meta property=\"og:image:width\" content=\"1920\" \/>\n\t<meta property=\"og:image:height\" content=\"923\" \/>\n\t<meta property=\"og:image:type\" content=\"image\/jpeg\" \/>\n<meta name=\"twitter:card\" content=\"summary_large_image\" \/>\n<meta name=\"twitter:label1\" content=\"Tiempo de lectura\" \/>\n\t<meta name=\"twitter:data1\" content=\"3 minutos\" \/>\n<script type=\"application\/ld+json\" class=\"yoast-schema-graph\">{\"@context\":\"https:\/\/schema.org\",\"@graph\":[{\"@type\":\"WebPage\",\"@id\":\"https:\/\/linguavivagroup.com\/es\/aprende-italiano-y-disfruta-de-italia\/\",\"url\":\"https:\/\/linguavivagroup.com\/es\/aprende-italiano-y-disfruta-de-italia\/\",\"name\":\"APRENDE ITALIANO Y DISFRUTA DE ITALIA | Linguaviva Educational Group\",\"isPartOf\":{\"@id\":\"https:\/\/linguavivagroup.com\/es\/#website\"},\"datePublished\":\"2023-07-25T13:47:10+00:00\",\"dateModified\":\"2024-04-02T10:55:56+00:00\",\"description\":\"\u00bfTe gustar\u00eda aprender italiano y sumergirte en la belleza de las fascinantes ciudades de Florencia y Mil\u00e1n? Linguaviva te ofrece la oportunidad de disfrutar de una experiencia de estudio inolvidable en Italia.\",\"breadcrumb\":{\"@id\":\"https:\/\/linguavivagroup.com\/es\/aprende-italiano-y-disfruta-de-italia\/#breadcrumb\"},\"inLanguage\":\"es\",\"potentialAction\":[{\"@type\":\"ReadAction\",\"target\":[\"https:\/\/linguavivagroup.com\/es\/aprende-italiano-y-disfruta-de-italia\/\"]}]},{\"@type\":\"BreadcrumbList\",\"@id\":\"https:\/\/linguavivagroup.com\/es\/aprende-italiano-y-disfruta-de-italia\/#breadcrumb\",\"itemListElement\":[{\"@type\":\"ListItem\",\"position\":1,\"name\":\"Home\",\"item\":\"https:\/\/linguavivagroup.com\/es\/\"},{\"@type\":\"ListItem\",\"position\":2,\"name\":\"APRENDE ITALIANO Y DISFRUTA DE ITALIA\"}]},{\"@type\":\"WebSite\",\"@id\":\"https:\/\/linguavivagroup.com\/es\/#website\",\"url\":\"https:\/\/linguavivagroup.com\/es\/\",\"name\":\"Linguaviva Educational Group\",\"description\":\"Study and learn italian in italy\",\"publisher\":{\"@id\":\"https:\/\/linguavivagroup.com\/es\/#organization\"},\"potentialAction\":[{\"@type\":\"SearchAction\",\"target\":{\"@type\":\"EntryPoint\",\"urlTemplate\":\"https:\/\/linguavivagroup.com\/es\/?s={search_term_string}\"},\"query-input\":{\"@type\":\"PropertyValueSpecification\",\"valueRequired\":true,\"valueName\":\"search_term_string\"}}],\"inLanguage\":\"es\"},{\"@type\":\"Organization\",\"@id\":\"https:\/\/linguavivagroup.com\/es\/#organization\",\"name\":\"Linguaviva Educational Group\",\"url\":\"https:\/\/linguavivagroup.com\/es\/\",\"logo\":{\"@type\":\"ImageObject\",\"inLanguage\":\"es\",\"@id\":\"https:\/\/linguavivagroup.com\/es\/#\/schema\/logo\/image\/\",\"url\":\"https:\/\/linguavivagroup.com\/wp-content\/uploads\/2026\/03\/logo-linguaviva-bianco-50-260.png\",\"contentUrl\":\"https:\/\/linguavivagroup.com\/wp-content\/uploads\/2026\/03\/logo-linguaviva-bianco-50-260.png\",\"width\":260,\"height\":48,\"caption\":\"Linguaviva Educational Group\"},\"image\":{\"@id\":\"https:\/\/linguavivagroup.com\/es\/#\/schema\/logo\/image\/\"}}]}<\/script>\n<!-- \/ Yoast SEO plugin. -->","yoast_head_json":{"title":"APRENDE ITALIANO Y DISFRUTA DE ITALIA | Linguaviva Educational Group","description":"\u00bfTe gustar\u00eda aprender italiano y sumergirte en la belleza de las fascinantes ciudades de Florencia y Mil\u00e1n? Linguaviva te ofrece la oportunidad de disfrutar de una experiencia de estudio inolvidable en Italia.","robots":{"index":"index","follow":"follow","max-snippet":"max-snippet:-1","max-image-preview":"max-image-preview:large","max-video-preview":"max-video-preview:-1"},"canonical":"https:\/\/linguavivagroup.com\/es\/aprende-italiano-y-disfruta-de-italia\/","og_locale":"es_ES","og_type":"article","og_title":"APRENDE ITALIANO Y DISFRUTA DE ITALIA | Linguaviva Educational Group","og_description":"\u00bfTe gustar\u00eda aprender italiano y sumergirte en la belleza de las fascinantes ciudades de Florencia y Mil\u00e1n? Linguaviva te ofrece la oportunidad de disfrutar de una experiencia de estudio inolvidable en Italia.","og_url":"https:\/\/linguavivagroup.com\/es\/aprende-italiano-y-disfruta-de-italia\/","og_site_name":"Linguaviva Educational Group","article_modified_time":"2024-04-02T10:55:56+00:00","og_image":[{"width":1920,"height":923,"url":"https:\/\/linguavivagroup.com\/wp-content\/uploads\/2023\/04\/Educational-group.jpg","type":"image\/jpeg"}],"twitter_card":"summary_large_image","twitter_misc":{"Tiempo de lectura":"3 minutos"},"schema":{"@context":"https:\/\/schema.org","@graph":[{"@type":"WebPage","@id":"https:\/\/linguavivagroup.com\/es\/aprende-italiano-y-disfruta-de-italia\/","url":"https:\/\/linguavivagroup.com\/es\/aprende-italiano-y-disfruta-de-italia\/","name":"APRENDE ITALIANO Y DISFRUTA DE ITALIA | Linguaviva Educational Group","isPartOf":{"@id":"https:\/\/linguavivagroup.com\/es\/#website"},"datePublished":"2023-07-25T13:47:10+00:00","dateModified":"2024-04-02T10:55:56+00:00","description":"\u00bfTe gustar\u00eda aprender italiano y sumergirte en la belleza de las fascinantes ciudades de Florencia y Mil\u00e1n? Linguaviva te ofrece la oportunidad de disfrutar de una experiencia de estudio inolvidable en Italia.","breadcrumb":{"@id":"https:\/\/linguavivagroup.com\/es\/aprende-italiano-y-disfruta-de-italia\/#breadcrumb"},"inLanguage":"es","potentialAction":[{"@type":"ReadAction","target":["https:\/\/linguavivagroup.com\/es\/aprende-italiano-y-disfruta-de-italia\/"]}]},{"@type":"BreadcrumbList","@id":"https:\/\/linguavivagroup.com\/es\/aprende-italiano-y-disfruta-de-italia\/#breadcrumb","itemListElement":[{"@type":"ListItem","position":1,"name":"Home","item":"https:\/\/linguavivagroup.com\/es\/"},{"@type":"ListItem","position":2,"name":"APRENDE ITALIANO Y DISFRUTA DE ITALIA"}]},{"@type":"WebSite","@id":"https:\/\/linguavivagroup.com\/es\/#website","url":"https:\/\/linguavivagroup.com\/es\/","name":"Linguaviva Educational Group","description":"Study and learn italian in italy","publisher":{"@id":"https:\/\/linguavivagroup.com\/es\/#organization"},"potentialAction":[{"@type":"SearchAction","target":{"@type":"EntryPoint","urlTemplate":"https:\/\/linguavivagroup.com\/es\/?s={search_term_string}"},"query-input":{"@type":"PropertyValueSpecification","valueRequired":true,"valueName":"search_term_string"}}],"inLanguage":"es"},{"@type":"Organization","@id":"https:\/\/linguavivagroup.com\/es\/#organization","name":"Linguaviva Educational Group","url":"https:\/\/linguavivagroup.com\/es\/","logo":{"@type":"ImageObject","inLanguage":"es","@id":"https:\/\/linguavivagroup.com\/es\/#\/schema\/logo\/image\/","url":"https:\/\/linguavivagroup.com\/wp-content\/uploads\/2026\/03\/logo-linguaviva-bianco-50-260.png","contentUrl":"https:\/\/linguavivagroup.com\/wp-content\/uploads\/2026\/03\/logo-linguaviva-bianco-50-260.png","width":260,"height":48,"caption":"Linguaviva Educational Group"},"image":{"@id":"https:\/\/linguavivagroup.com\/es\/#\/schema\/logo\/image\/"}}]}},"_links":{"self":[{"href":"https:\/\/linguavivagroup.com\/es\/wp-json\/wp\/v2\/pages\/3245","targetHints":{"allow":["GET"]}}],"collection":[{"href":"https:\/\/linguavivagroup.com\/es\/wp-json\/wp\/v2\/pages"}],"about":[{"href":"https:\/\/linguavivagroup.com\/es\/wp-json\/wp\/v2\/types\/page"}],"author":[{"embeddable":true,"href":"https:\/\/linguavivagroup.com\/es\/wp-json\/wp\/v2\/users\/4"}],"replies":[{"embeddable":true,"href":"https:\/\/linguavivagroup.com\/es\/wp-json\/wp\/v2\/comments?post=3245"}],"version-history":[{"count":14,"href":"https:\/\/linguavivagroup.com\/es\/wp-json\/wp\/v2\/pages\/3245\/revisions"}],"predecessor-version":[{"id":9802,"href":"https:\/\/linguavivagroup.com\/es\/wp-json\/wp\/v2\/pages\/3245\/revisions\/9802"}],"wp:attachment":[{"href":"https:\/\/linguavivagroup.com\/es\/wp-json\/wp\/v2\/media?parent=3245"}],"curies":[{"name":"wp","href":"https:\/\/api.w.org\/{rel}","templated":true}]}}