{"id":3249,"date":"2023-07-25T16:15:36","date_gmt":"2023-07-25T14:15:36","guid":{"rendered":"https:\/\/linguavivagroup.com\/?page_id=3249"},"modified":"2024-04-02T15:21:02","modified_gmt":"2024-04-02T13:21:02","slug":"cursos-en-florencia","status":"publish","type":"page","link":"https:\/\/linguavivagroup.com\/es\/cursos-en-florencia\/","title":{"rendered":"CURSOS EN FLORENCIA"},"content":{"rendered":"<section class=\"wpb-content-wrapper\"><p>[vc_row full_width=\u00bbstretch_row_content_no_spaces\u00bb el_class=\u00bbheader-image\u00bb][vc_column][vc_single_image image=\u00bb2595&#8243; img_size=\u00bbfull\u00bb el_class=\u00bbimg-header-big\u00bb][vc_single_image image=\u00bb2599&#8243; img_size=\u00bbfull\u00bb el_class=\u00bbimg-header-small\u00bb][\/vc_column][\/vc_row][vc_row el_class=\u00bbsezione\u00bb][vc_column width=\u00bb2\/12&#8243;][\/vc_column][vc_column width=\u00bb8\/12&#8243;][vc_column_text el_class=\u00bbred\u00bb]<\/p>\n<h1 style=\"text-align: center;\">CURSOS EN FLORENCIA<\/h1>\n<p>[\/vc_column_text][vc_column_text]Descubre Florencia con nosotros. Una ciudad rica en historia y tradici\u00f3n, tanto cultural como ling\u00fc\u00edstica. Vive un emocionante viaje de estudios y d\u00e9jate hechizar por las maravillas atemporales de Florencia mientras aprendes uno de los idiomas m\u00e1s maravillosos del mundo: el italiano.[\/vc_column_text][\/vc_column][vc_column width=\u00bb2\/12&#8243;][\/vc_column][\/vc_row][vc_row full_width=\u00bbstretch_row\u00bb gap=\u00bb30&#8243; el_class=\u00bbsezione bg-red\u00bb][vc_column width=\u00bb5\/12&#8243;][vc_column_text el_class=\u00bbwhite\u00bb]<\/p>\n<h2>CURSOS Y EXPERIENCIAS DE ITALIANO EN FLORENCIA<\/h2>\n<p>[\/vc_column_text][vc_column_text el_class=\u00bbwhite\u00bb]Con Linguaviva podr\u00e1s disfrutar de una experiencia \u00fanica estudiando italiano en Florencia. Ofrecemos una amplia gama de cursos que se adaptan a tus necesidades, tanto si eres principiante absoluto como si deseas perfeccionar tus conocimientos ling\u00fc\u00edsticos. Nuestras entretenidas e interactivas clases te permitir\u00e1n desarrollar tus habilidades de comprensi\u00f3n oral, expresi\u00f3n oral, lectura y escritura, a la vez que te sumerges en la cultura italiana. Adem\u00e1s de las clases en el aula, tendr\u00e1s la oportunidad de participar en excursiones guiadas, talleres art\u00edsticos y culturales, y degustar la deliciosa cocina de la zona. Aprovecha nuestra completa oferta de formaci\u00f3n y descubre hasta qu\u00e9 punto Florencia puede enriquecer tus conocimientos de la lengua italiana.[\/vc_column_text][vc_btn title=\u00bb\u00bb align=\u00bbright\u00bb el_class=\u00bbbtn-arrow-white\u00bb link=\u00bburl:https%3A%2F%2Flinguavivagroup.com%2Fes%2Fcursos-de-italiano-en-florencia%2F\u00bb][\/vc_column][vc_column width=\u00bb1\/12&#8243;][\/vc_column][vc_column width=\u00bb1\/2&#8243; el_class=\u00bbslideshow slideshow-small\u00bb][vc_images_carousel images=\u00bb2619,2623,2627,2631,2635&#8243; img_size=\u00bbfull\u00bb onclick=\u00bblink_no\u00bb wrap=\u00bbyes\u00bb][vc_single_image image=\u00bb313&#8243; img_size=\u00bbfull\u00bb el_class=\u00bbsquare square-small s-top-50 s-right-50&#8243;][vc_single_image image=\u00bb337&#8243; img_size=\u00bbfull\u00bb el_class=\u00bbsquare square-small s-top-50 s-right50&#8243;][vc_single_image image=\u00bb337&#8243; img_size=\u00bbfull\u00bb el_class=\u00bbsquare square-small s-top50 s-right-50&#8243;][vc_single_image image=\u00bb337&#8243; img_size=\u00bbfull\u00bb el_class=\u00bbsquare square-small s-bottom-50 s-left-50&#8243;][\/vc_column][\/vc_row][vc_row full_width=\u00bbstretch_row\u00bb gap=\u00bb30&#8243; el_class=\u00bbsezione bg-red no-padding-bottom\u00bb][vc_column width=\u00bb6\/12&#8243; el_class=\u00bbslideshow slideshow-small\u00bb][vc_images_carousel images=\u00bb2603,2607,2611,2615&#8243; img_size=\u00bbfull\u00bb onclick=\u00bblink_no\u00bb wrap=\u00bbyes\u00bb][vc_single_image image=\u00bb313&#8243; img_size=\u00bbfull\u00bb el_class=\u00bbsquare square-small s-bottom-50 s-left-50&#8243;][vc_single_image image=\u00bb337&#8243; img_size=\u00bbfull\u00bb el_class=\u00bbsquare square-small s-bottom-50 s-left50&#8243;][vc_single_image image=\u00bb337&#8243; img_size=\u00bbfull\u00bb el_class=\u00bbsquare square-small s-bottom50 s-left-50&#8243;][vc_single_image image=\u00bb337&#8243; img_size=\u00bbfull\u00bb el_class=\u00bbsquare square-small s-top-50 s-right-50&#8243;][\/vc_column][vc_column width=\u00bb1\/12&#8243;][\/vc_column][vc_column width=\u00bb5\/12&#8243;][vc_column_text el_class=\u00bbwhite\u00bb]<\/p>\n<h2>FLORENCIA, TU PR\u00d3XIMO DESTINO<\/h2>\n<p>[\/vc_column_text][vc_column_text el_class=\u00bbwhite\u00bb]Florencia, la ciudad del arte y la cultura, hechiza a los visitantes con su belleza atemporal. Paseando por sus calles adoquinadas sentir\u00e1s c\u00f3mo te rodean obras maestras de la arquitectura renacentista y una historia milenaria. Admira la grandeza del Duomo de Santa Maria del Fiore, pi\u00e9rdete entre los tesoros de la Galer\u00eda de los Uffizi y la Accademia, y disfruta de la impresionante vista desde el Ponte Vecchio. Respira la m\u00e1gica atm\u00f3sfera de la Piazza della Signoria y sum\u00e9rgete en la animada vida nocturna de Florencia. Florencia te espera con sus calles impregnadas de arte y cultura, dispuestas a sorprenderte a cada paso.[\/vc_column_text][vc_btn title=\u00bb\u00bb align=\u00bbright\u00bb el_class=\u00bbbtn-arrow-white\u00bb link=\u00bburl:https%3A%2F%2Flinguavivagroup.com%2Fes%2Flugares-florencia%2F\u00bb][\/vc_column][\/vc_row][vc_row full_width=\u00bbstretch_row\u00bb gap=\u00bb30&#8243; el_class=\u00bbsezione bg-light-grey\u00bb][vc_column width=\u00bb1\/2&#8243; el_class=\u00bbslideshow slideshow-small\u00bb][vc_images_carousel images=\u00bb2639,2643,2647,2651&#8243; img_size=\u00bbfull\u00bb onclick=\u00bblink_no\u00bb wrap=\u00bbyes\u00bb][\/vc_column][vc_column width=\u00bb1\/12&#8243;][\/vc_column][vc_column width=\u00bb5\/12&#8243;][vc_column_text el_class=\u00bbred\u00bb]<\/p>\n<h2>ALOJAMIENTO EN FLORENCIA<\/h2>\n<p>[\/vc_column_text][vc_column_text]Linguaviva ofrece varias opciones de alojamiento en Florencia para que tu estancia de estudios sea lo m\u00e1s c\u00f3moda y aut\u00e9ntica posible. Puedes elegir alojarte con familias italianas, sumergi\u00e9ndote de lleno en la cultura de la zona y practicando italiano en un entorno aut\u00e9ntico y acogedor. Si prefieres m\u00e1s independencia, puedes optar por un piso compartido con otros estudiantes internacionales, compartiendo experiencias culturales y practicando el idioma en un entorno estimulante. Para quienes buscan la m\u00e1xima autonom\u00eda, tambi\u00e9n ofrecemos la opci\u00f3n de un piso privado, donde podr\u00e1s disponer de tu propio espacio y experimentar la inmersi\u00f3n en la cultura italiana a tu propio ritmo. Elige el alojamiento que mejor se adapte a tus necesidades y disfruta al m\u00e1ximo de tu estancia de estudios en Florencia.[\/vc_column_text][vc_btn title=\u00bb\u00bb align=\u00bbright\u00bb el_class=\u00bbbtn-arrow-red\u00bb link=\u00bburl:https%3A%2F%2Flinguavivagroup.com%2Fes%2Facomodacion-en-florencia%2F\u00bb][\/vc_column][\/vc_row][vc_row][vc_column][vc_empty_space height=\u00bb90px\u00bb][\/vc_column][\/vc_row][vc_row full_width=\u00bbstretch_row\u00bb el_class=\u00bbsezione bg-white-blue\u00bb][vc_column width=\u00bb1\/12&#8243;][\/vc_column][vc_column width=\u00bb5\/12&#8243;][vc_column_text el_class=\u00bbwhite\u00bb]<\/p>\n<h2>FEES<\/h2>\n<p>[\/vc_column_text][vc_column_text el_class=\u00bbwhite\u00bb]Descubre los precios de la estancia de estudio en Italia con Linguaviva.[\/vc_column_text][vc_btn title=\u00bb\u00bb align=\u00bbright\u00bb el_class=\u00bbbtn-arrow-white\u00bb link=\u00bburl:https%3A%2F%2Flinguavivagroup.com%2Fes%2Ffees%2F\u00bb][\/vc_column][vc_column width=\u00bb1\/2&#8243;][\/vc_column][\/vc_row][vc_row][vc_column][vc_empty_space height=\u00bb90px\u00bb][\/vc_column][\/vc_row][vc_row full_width=\u00bbstretch_row_content_no_spaces\u00bb][vc_column][vc_single_image image=\u00bb1551&#8243; img_size=\u00bbfull\u00bb el_class=\u00bbno-margin\u00bb][vc_row_inner el_class=\u00bbtext-banner-destination\u00bb][vc_column_inner][vc_column_text]<\/p>\n<h2>DESCUBRE<br \/>\nMIL\u00c1N<\/h2>\n<p>[\/vc_column_text][vc_btn title=\u00bb\u00bb align=\u00bbright\u00bb el_class=\u00bbbtn-arrow-white\u00bb link=\u00bburl:https%3A%2F%2Flinguavivagroup.com%2Fes%2Fcursos-en-milan%2F\u00bb][vc_raw_html]JTNDc3R5bGUlM0UlMEEuZm9vdGVyLWZvcm0lMjAlN0JkaXNwbGF5JTNBJTIwbm9uZSUzQiU3RCUwQSUzQyUyRnN0eWxlJTNF[\/vc_raw_html][\/vc_column_inner][\/vc_row_inner][\/vc_column][\/vc_row]<\/p>\n<\/section>","protected":false},"excerpt":{"rendered":"<p>[vc_row full_width=\u00bbstretch_row_content_no_spaces\u00bb el_class=\u00bbheader-image\u00bb][vc_column][vc_single_image image=\u00bb2595&#8243; img_size=\u00bbfull\u00bb el_class=\u00bbimg-header-big\u00bb][vc_single_image image=\u00bb2599&#8243; img_size=\u00bbfull\u00bb el_class=\u00bbimg-header-small\u00bb][\/vc_column][\/vc_row][vc_row el_class=\u00bbsezione\u00bb][vc_column width=\u00bb2\/12&#8243;][\/vc_column][vc_column width=\u00bb8\/12&#8243;][vc_column_text el_class=\u00bbred\u00bb] CURSOS EN FLORENCIA [\/vc_column_text][vc_column_text]Descubre Florencia con nosotros. Una ciudad rica en historia y tradici\u00f3n, tanto cultural como ling\u00fc\u00edstica. Vive un emocionante viaje de estudios y d\u00e9jate hechizar por las maravillas atemporales de Florencia mientras aprendes uno de los idiomas m\u00e1s maravillosos del [&hellip;]<\/p>\n","protected":false},"author":4,"featured_media":0,"parent":0,"menu_order":-1,"comment_status":"closed","ping_status":"closed","template":"","meta":{"inline_featured_image":false,"footnotes":""},"class_list":["post-3249","page","type-page","status-publish","hentry"],"yoast_head":"<!-- This site is optimized with the Yoast SEO plugin v27.2 - https:\/\/yoast.com\/product\/yoast-seo-wordpress\/ -->\n<title>CURSOS EN FLORENCIA | Linguaviva Educational Group<\/title>\n<meta name=\"description\" content=\"Vive un emocionante viaje de estudios y d\u00e9jate hechizar por las maravillas atemporales de Florencia mientras aprendes uno de los idiomas m\u00e1s maravillosos del mundo: el italiano.\" \/>\n<meta name=\"robots\" content=\"index, follow, max-snippet:-1, max-image-preview:large, max-video-preview:-1\" \/>\n<link rel=\"canonical\" href=\"https:\/\/linguavivagroup.com\/es\/cursos-en-florencia\/\" \/>\n<meta property=\"og:locale\" content=\"es_ES\" \/>\n<meta property=\"og:type\" content=\"article\" \/>\n<meta property=\"og:title\" content=\"CURSOS EN FLORENCIA | Linguaviva Educational Group\" \/>\n<meta property=\"og:description\" content=\"Vive un emocionante viaje de estudios y d\u00e9jate hechizar por las maravillas atemporales de Florencia mientras aprendes uno de los idiomas m\u00e1s maravillosos del mundo: el italiano.\" \/>\n<meta property=\"og:url\" content=\"https:\/\/linguavivagroup.com\/es\/cursos-en-florencia\/\" \/>\n<meta property=\"og:site_name\" content=\"Linguaviva Educational Group\" \/>\n<meta property=\"article:modified_time\" content=\"2024-04-02T13:21:02+00:00\" \/>\n<meta property=\"og:image\" content=\"https:\/\/linguavivagroup.com\/wp-content\/uploads\/2023\/04\/Educational-group.jpg\" \/>\n\t<meta property=\"og:image:width\" content=\"1920\" \/>\n\t<meta property=\"og:image:height\" content=\"923\" \/>\n\t<meta property=\"og:image:type\" content=\"image\/jpeg\" \/>\n<meta name=\"twitter:card\" content=\"summary_large_image\" \/>\n<meta name=\"twitter:label1\" content=\"Tiempo de lectura\" \/>\n\t<meta name=\"twitter:data1\" content=\"3 minutos\" \/>\n<script type=\"application\/ld+json\" class=\"yoast-schema-graph\">{\"@context\":\"https:\/\/schema.org\",\"@graph\":[{\"@type\":\"WebPage\",\"@id\":\"https:\/\/linguavivagroup.com\/es\/cursos-en-florencia\/\",\"url\":\"https:\/\/linguavivagroup.com\/es\/cursos-en-florencia\/\",\"name\":\"CURSOS EN FLORENCIA | Linguaviva Educational Group\",\"isPartOf\":{\"@id\":\"https:\/\/linguavivagroup.com\/es\/#website\"},\"datePublished\":\"2023-07-25T14:15:36+00:00\",\"dateModified\":\"2024-04-02T13:21:02+00:00\",\"description\":\"Vive un emocionante viaje de estudios y d\u00e9jate hechizar por las maravillas atemporales de Florencia mientras aprendes uno de los idiomas m\u00e1s maravillosos del mundo: el italiano.\",\"breadcrumb\":{\"@id\":\"https:\/\/linguavivagroup.com\/es\/cursos-en-florencia\/#breadcrumb\"},\"inLanguage\":\"es\",\"potentialAction\":[{\"@type\":\"ReadAction\",\"target\":[\"https:\/\/linguavivagroup.com\/es\/cursos-en-florencia\/\"]}]},{\"@type\":\"BreadcrumbList\",\"@id\":\"https:\/\/linguavivagroup.com\/es\/cursos-en-florencia\/#breadcrumb\",\"itemListElement\":[{\"@type\":\"ListItem\",\"position\":1,\"name\":\"Home\",\"item\":\"https:\/\/linguavivagroup.com\/es\/\"},{\"@type\":\"ListItem\",\"position\":2,\"name\":\"CURSOS EN FLORENCIA\"}]},{\"@type\":\"WebSite\",\"@id\":\"https:\/\/linguavivagroup.com\/es\/#website\",\"url\":\"https:\/\/linguavivagroup.com\/es\/\",\"name\":\"Linguaviva Educational Group\",\"description\":\"Study and learn italian in italy\",\"publisher\":{\"@id\":\"https:\/\/linguavivagroup.com\/es\/#organization\"},\"potentialAction\":[{\"@type\":\"SearchAction\",\"target\":{\"@type\":\"EntryPoint\",\"urlTemplate\":\"https:\/\/linguavivagroup.com\/es\/?s={search_term_string}\"},\"query-input\":{\"@type\":\"PropertyValueSpecification\",\"valueRequired\":true,\"valueName\":\"search_term_string\"}}],\"inLanguage\":\"es\"},{\"@type\":\"Organization\",\"@id\":\"https:\/\/linguavivagroup.com\/es\/#organization\",\"name\":\"Linguaviva Educational Group\",\"url\":\"https:\/\/linguavivagroup.com\/es\/\",\"logo\":{\"@type\":\"ImageObject\",\"inLanguage\":\"es\",\"@id\":\"https:\/\/linguavivagroup.com\/es\/#\/schema\/logo\/image\/\",\"url\":\"https:\/\/linguavivagroup.com\/wp-content\/uploads\/2026\/03\/logo-linguaviva-bianco-50-260.png\",\"contentUrl\":\"https:\/\/linguavivagroup.com\/wp-content\/uploads\/2026\/03\/logo-linguaviva-bianco-50-260.png\",\"width\":260,\"height\":48,\"caption\":\"Linguaviva Educational Group\"},\"image\":{\"@id\":\"https:\/\/linguavivagroup.com\/es\/#\/schema\/logo\/image\/\"}}]}<\/script>\n<!-- \/ Yoast SEO plugin. -->","yoast_head_json":{"title":"CURSOS EN FLORENCIA | Linguaviva Educational Group","description":"Vive un emocionante viaje de estudios y d\u00e9jate hechizar por las maravillas atemporales de Florencia mientras aprendes uno de los idiomas m\u00e1s maravillosos del mundo: el italiano.","robots":{"index":"index","follow":"follow","max-snippet":"max-snippet:-1","max-image-preview":"max-image-preview:large","max-video-preview":"max-video-preview:-1"},"canonical":"https:\/\/linguavivagroup.com\/es\/cursos-en-florencia\/","og_locale":"es_ES","og_type":"article","og_title":"CURSOS EN FLORENCIA | Linguaviva Educational Group","og_description":"Vive un emocionante viaje de estudios y d\u00e9jate hechizar por las maravillas atemporales de Florencia mientras aprendes uno de los idiomas m\u00e1s maravillosos del mundo: el italiano.","og_url":"https:\/\/linguavivagroup.com\/es\/cursos-en-florencia\/","og_site_name":"Linguaviva Educational Group","article_modified_time":"2024-04-02T13:21:02+00:00","og_image":[{"width":1920,"height":923,"url":"https:\/\/linguavivagroup.com\/wp-content\/uploads\/2023\/04\/Educational-group.jpg","type":"image\/jpeg"}],"twitter_card":"summary_large_image","twitter_misc":{"Tiempo de lectura":"3 minutos"},"schema":{"@context":"https:\/\/schema.org","@graph":[{"@type":"WebPage","@id":"https:\/\/linguavivagroup.com\/es\/cursos-en-florencia\/","url":"https:\/\/linguavivagroup.com\/es\/cursos-en-florencia\/","name":"CURSOS EN FLORENCIA | Linguaviva Educational Group","isPartOf":{"@id":"https:\/\/linguavivagroup.com\/es\/#website"},"datePublished":"2023-07-25T14:15:36+00:00","dateModified":"2024-04-02T13:21:02+00:00","description":"Vive un emocionante viaje de estudios y d\u00e9jate hechizar por las maravillas atemporales de Florencia mientras aprendes uno de los idiomas m\u00e1s maravillosos del mundo: el italiano.","breadcrumb":{"@id":"https:\/\/linguavivagroup.com\/es\/cursos-en-florencia\/#breadcrumb"},"inLanguage":"es","potentialAction":[{"@type":"ReadAction","target":["https:\/\/linguavivagroup.com\/es\/cursos-en-florencia\/"]}]},{"@type":"BreadcrumbList","@id":"https:\/\/linguavivagroup.com\/es\/cursos-en-florencia\/#breadcrumb","itemListElement":[{"@type":"ListItem","position":1,"name":"Home","item":"https:\/\/linguavivagroup.com\/es\/"},{"@type":"ListItem","position":2,"name":"CURSOS EN FLORENCIA"}]},{"@type":"WebSite","@id":"https:\/\/linguavivagroup.com\/es\/#website","url":"https:\/\/linguavivagroup.com\/es\/","name":"Linguaviva Educational Group","description":"Study and learn italian in italy","publisher":{"@id":"https:\/\/linguavivagroup.com\/es\/#organization"},"potentialAction":[{"@type":"SearchAction","target":{"@type":"EntryPoint","urlTemplate":"https:\/\/linguavivagroup.com\/es\/?s={search_term_string}"},"query-input":{"@type":"PropertyValueSpecification","valueRequired":true,"valueName":"search_term_string"}}],"inLanguage":"es"},{"@type":"Organization","@id":"https:\/\/linguavivagroup.com\/es\/#organization","name":"Linguaviva Educational Group","url":"https:\/\/linguavivagroup.com\/es\/","logo":{"@type":"ImageObject","inLanguage":"es","@id":"https:\/\/linguavivagroup.com\/es\/#\/schema\/logo\/image\/","url":"https:\/\/linguavivagroup.com\/wp-content\/uploads\/2026\/03\/logo-linguaviva-bianco-50-260.png","contentUrl":"https:\/\/linguavivagroup.com\/wp-content\/uploads\/2026\/03\/logo-linguaviva-bianco-50-260.png","width":260,"height":48,"caption":"Linguaviva Educational Group"},"image":{"@id":"https:\/\/linguavivagroup.com\/es\/#\/schema\/logo\/image\/"}}]}},"_links":{"self":[{"href":"https:\/\/linguavivagroup.com\/es\/wp-json\/wp\/v2\/pages\/3249","targetHints":{"allow":["GET"]}}],"collection":[{"href":"https:\/\/linguavivagroup.com\/es\/wp-json\/wp\/v2\/pages"}],"about":[{"href":"https:\/\/linguavivagroup.com\/es\/wp-json\/wp\/v2\/types\/page"}],"author":[{"embeddable":true,"href":"https:\/\/linguavivagroup.com\/es\/wp-json\/wp\/v2\/users\/4"}],"replies":[{"embeddable":true,"href":"https:\/\/linguavivagroup.com\/es\/wp-json\/wp\/v2\/comments?post=3249"}],"version-history":[{"count":8,"href":"https:\/\/linguavivagroup.com\/es\/wp-json\/wp\/v2\/pages\/3249\/revisions"}],"predecessor-version":[{"id":8404,"href":"https:\/\/linguavivagroup.com\/es\/wp-json\/wp\/v2\/pages\/3249\/revisions\/8404"}],"wp:attachment":[{"href":"https:\/\/linguavivagroup.com\/es\/wp-json\/wp\/v2\/media?parent=3249"}],"curies":[{"name":"wp","href":"https:\/\/api.w.org\/{rel}","templated":true}]}}