{"id":3254,"date":"2023-07-25T16:06:51","date_gmt":"2023-07-25T14:06:51","guid":{"rendered":"https:\/\/linguavivagroup.com\/?page_id=3254"},"modified":"2024-04-02T15:23:35","modified_gmt":"2024-04-02T13:23:35","slug":"cursos-en-milan","status":"publish","type":"page","link":"https:\/\/linguavivagroup.com\/es\/cursos-en-milan\/","title":{"rendered":"CURSOS EN MIL\u00c1N"},"content":{"rendered":"<section class=\"wpb-content-wrapper\"><p>[vc_row full_width=\u00bbstretch_row_content_no_spaces\u00bb el_class=\u00bbheader-image\u00bb][vc_column][vc_single_image image=\u00bb2523&#8243; img_size=\u00bbfull\u00bb el_class=\u00bbimg-header-big\u00bb][vc_single_image image=\u00bb2519&#8243; img_size=\u00bbfull\u00bb el_class=\u00bbimg-header-small\u00bb][\/vc_column][\/vc_row][vc_row el_class=\u00bbsezione\u00bb][vc_column width=\u00bb2\/12&#8243;][\/vc_column][vc_column width=\u00bb8\/12&#8243;][vc_column_text el_class=\u00bbred\u00bb]<\/p>\n<h1 style=\"text-align: center;\">CURSOS EN MIL\u00c1N<\/h1>\n<p>[\/vc_column_text][vc_column_text]\u00danete a nosotros y disfruta de una experiencia de estudio en Mil\u00e1n, una metr\u00f3polis cosmopolita donde el arte, la moda y la cultura se unen para crear un entorno \u00fanico y estimulante. Elige una estancia inolvidable, aprende italiano y descubre el encanto \u00fanico de esta extraordinaria ciudad.[\/vc_column_text][\/vc_column][vc_column width=\u00bb2\/12&#8243;][\/vc_column][\/vc_row][vc_row full_width=\u00bbstretch_row\u00bb gap=\u00bb30&#8243; el_class=\u00bbsezione bg-red\u00bb][vc_column width=\u00bb5\/12&#8243;][vc_column_text el_class=\u00bbwhite\u00bb]<\/p>\n<h2>CURSOS Y EXPERIENCIAS DE ITALIANO EN MIL\u00c1N<\/h2>\n<p>[\/vc_column_text][vc_column_text el_class=\u00bbwhite\u00bb]Linguaviva te ofrece la oportunidad de estudiar italiano en una de las ciudades m\u00e1s din\u00e1micas de Italia, Mil\u00e1n. Nuestros cursos te permitir\u00e1n mejorar tus conocimientos ling\u00fc\u00edsticos de forma eficaz y entretenida. Adem\u00e1s de las clases en el aula, podr\u00e1s participar en actividades culturales a medida, visitas guiadas a museos y galer\u00edas de arte, y descubrir el lado m\u00e1s exclusivo de Mil\u00e1n con experiencias \u00fanicas de moda y dise\u00f1o. Gracias a nuestra innovadora metodolog\u00eda de ense\u00f1anza, aprender\u00e1s italiano de forma divertida y pr\u00e1ctica, sumergi\u00e9ndote de lleno en el animado ambiente de Mil\u00e1n.[\/vc_column_text][vc_btn title=\u00bb\u00bb align=\u00bbright\u00bb el_class=\u00bbbtn-arrow-white\u00bb link=\u00bburl:https%3A%2F%2Flinguavivagroup.com%2Fes%2Fcursos-de-italiano-en-milan%2F\u00bb][\/vc_column][vc_column width=\u00bb1\/12&#8243;][\/vc_column][vc_column width=\u00bb1\/2&#8243; el_class=\u00bbslideshow slideshow-small\u00bb][vc_images_carousel images=\u00bb2547,2551,2555,2559,2563&#8243; img_size=\u00bbfull\u00bb onclick=\u00bblink_no\u00bb wrap=\u00bbyes\u00bb][vc_single_image image=\u00bb313&#8243; img_size=\u00bbfull\u00bb el_class=\u00bbsquare square-small s-top-50 s-right-50&#8243;][vc_single_image image=\u00bb337&#8243; img_size=\u00bbfull\u00bb el_class=\u00bbsquare square-small s-top-50 s-right50&#8243;][vc_single_image image=\u00bb337&#8243; img_size=\u00bbfull\u00bb el_class=\u00bbsquare square-small s-top50 s-right-50&#8243;][vc_single_image image=\u00bb337&#8243; img_size=\u00bbfull\u00bb el_class=\u00bbsquare square-small s-bottom-50 s-left-50&#8243;][\/vc_column][\/vc_row][vc_row full_width=\u00bbstretch_row\u00bb gap=\u00bb30&#8243; el_class=\u00bbsezione bg-red no-padding-bottom\u00bb][vc_column width=\u00bb6\/12&#8243; el_class=\u00bbslideshow slideshow-small\u00bb][vc_images_carousel images=\u00bb2527,2531,2535,2539,2543&#8243; img_size=\u00bbfull\u00bb onclick=\u00bblink_no\u00bb wrap=\u00bbyes\u00bb][vc_single_image image=\u00bb313&#8243; img_size=\u00bbfull\u00bb el_class=\u00bbsquare square-small s-bottom-50 s-left-50&#8243;][vc_single_image image=\u00bb337&#8243; img_size=\u00bbfull\u00bb el_class=\u00bbsquare square-small s-bottom-50 s-left50&#8243;][vc_single_image image=\u00bb337&#8243; img_size=\u00bbfull\u00bb el_class=\u00bbsquare square-small s-bottom50 s-left-50&#8243;][vc_single_image image=\u00bb337&#8243; img_size=\u00bbfull\u00bb el_class=\u00bbsquare square-small s-top-50 s-right-50&#8243;][\/vc_column][vc_column width=\u00bb1\/12&#8243;][\/vc_column][vc_column width=\u00bb5\/12&#8243;][vc_column_text el_class=\u00bbwhite\u00bb]<\/p>\n<h2>MIL\u00c1N, TU PR\u00d3XIMO DESTINO<\/h2>\n<p>[\/vc_column_text][vc_column_text el_class=\u00bbwhite\u00bb]Mil\u00e1n, la capital italiana de la moda y el dise\u00f1o, te espera con su estilo cosmopolita y su animada energ\u00eda. Aqu\u00ed, entre modernos rascacielos y edificios antiguos, podr\u00e1s sumergirte en una mezcla \u00fanica de historia e innovaci\u00f3n. Admira la magnificencia del Duomo, pas\u00e9ate por la Galer\u00eda Vittorio Emanuele II y descubre obras de arte moderno en el barrio de Brera. Disfruta de las tiendas de alta costura de Via Montenapoleone, saborea la cocina milanesa y vive el bullicioso ambiente de la ciudad. Mil\u00e1n es el lugar perfecto para vivir una experiencia urbana y elegante que te dejar\u00e1 sin palabras.[\/vc_column_text][vc_btn title=\u00bb\u00bb align=\u00bbright\u00bb el_class=\u00bbbtn-arrow-white\u00bb link=\u00bburl:https%3A%2F%2Flinguavivagroup.com%2Fes%2Flugares-milan%2F\u00bb][\/vc_column][\/vc_row][vc_row full_width=\u00bbstretch_row\u00bb gap=\u00bb30&#8243; el_class=\u00bbsezione bg-light-grey\u00bb][vc_column width=\u00bb1\/2&#8243; el_class=\u00bbslideshow slideshow-small\u00bb][vc_images_carousel images=\u00bb2567,2571,2575,2579,2583&#8243; img_size=\u00bbfull\u00bb onclick=\u00bblink_no\u00bb wrap=\u00bbyes\u00bb][\/vc_column][vc_column width=\u00bb1\/12&#8243;][\/vc_column][vc_column width=\u00bb5\/12&#8243;][vc_column_text el_class=\u00bbred\u00bb]<\/p>\n<h2>ALOJAMIENTO EN MIL\u00c1N<\/h2>\n<p>[\/vc_column_text][vc_column_text]Ofrecemos varias opciones de alojamiento para que tu estancia sea agradable, c\u00f3moda y se adapte a tus necesidades. Puedes elegir alojarte en Mil\u00e1n con familias italianas, sumergi\u00e9ndote en la cultura de la zona y practicando italiano en un entorno familiar y acogedor. Si prefieres m\u00e1s independencia, tendr\u00e1s la oportunidad de compartir piso con otros estudiantes internacionales, creando v\u00ednculos y compartiendo experiencias \u00fanicas en el animado ambiente milan\u00e9s. Tambi\u00e9n puedes optar por una residencia o un alojamiento en un piso privado, donde dispondr\u00e1s de mayor libertad para explorar la ciudad a tu ritmo. Elige el alojamiento que mejor se adapte a tus preferencias y disfruta al m\u00e1ximo de tu estancia de estudios en Mil\u00e1n.[\/vc_column_text][vc_btn title=\u00bb\u00bb align=\u00bbright\u00bb el_class=\u00bbbtn-arrow-red\u00bb link=\u00bburl:https%3A%2F%2Flinguavivagroup.com%2Fes%2Facomodacion-en-milan%2F\u00bb][\/vc_column][\/vc_row][vc_row][vc_column][vc_empty_space height=\u00bb90px\u00bb][\/vc_column][\/vc_row][vc_row full_width=\u00bbstretch_row\u00bb el_class=\u00bbsezione bg-white-blue\u00bb][vc_column width=\u00bb1\/12&#8243;][\/vc_column][vc_column width=\u00bb5\/12&#8243;][vc_column_text el_class=\u00bbwhite\u00bb]<\/p>\n<h2>FEES<\/h2>\n<p>[\/vc_column_text][vc_column_text el_class=\u00bbwhite\u00bb]Descubre los precios de la estancia de estudio en Italia con Linguaviva.[\/vc_column_text][vc_btn title=\u00bb\u00bb align=\u00bbright\u00bb el_class=\u00bbbtn-arrow-white\u00bb link=\u00bburl:https%3A%2F%2Flinguavivagroup.com%2Fes%2Ffees%2F\u00bb][\/vc_column][vc_column width=\u00bb1\/2&#8243;][\/vc_column][\/vc_row][vc_row][vc_column][vc_empty_space height=\u00bb90px\u00bb][\/vc_column][\/vc_row][vc_row full_width=\u00bbstretch_row_content_no_spaces\u00bb][vc_column][vc_single_image image=\u00bb2788&#8243; img_size=\u00bbfull\u00bb el_class=\u00bbno-margin\u00bb][vc_row_inner el_class=\u00bbtext-banner-destination\u00bb][vc_column_inner][vc_column_text]<\/p>\n<h2>DESCUBRE<br \/>\nFLORENCIA<\/h2>\n<p>[\/vc_column_text][vc_btn title=\u00bb\u00bb align=\u00bbright\u00bb el_class=\u00bbbtn-arrow-white\u00bb link=\u00bburl:https%3A%2F%2Flinguavivagroup.com%2Fde%2Fstudienreisen-nach-florenz%2F\u00bb][vc_raw_html]JTNDc3R5bGUlM0UlMEEuZm9vdGVyLWZvcm0lMjAlN0JkaXNwbGF5JTNBJTIwbm9uZSUzQiU3RCUwQSUzQyUyRnN0eWxlJTNF[\/vc_raw_html][\/vc_column_inner][\/vc_row_inner][\/vc_column][\/vc_row]<\/p>\n<\/section>","protected":false},"excerpt":{"rendered":"<p>[vc_row full_width=\u00bbstretch_row_content_no_spaces\u00bb el_class=\u00bbheader-image\u00bb][vc_column][vc_single_image image=\u00bb2523&#8243; img_size=\u00bbfull\u00bb el_class=\u00bbimg-header-big\u00bb][vc_single_image image=\u00bb2519&#8243; img_size=\u00bbfull\u00bb el_class=\u00bbimg-header-small\u00bb][\/vc_column][\/vc_row][vc_row el_class=\u00bbsezione\u00bb][vc_column width=\u00bb2\/12&#8243;][\/vc_column][vc_column width=\u00bb8\/12&#8243;][vc_column_text el_class=\u00bbred\u00bb] CURSOS EN MIL\u00c1N [\/vc_column_text][vc_column_text]\u00danete a nosotros y disfruta de una experiencia de estudio en Mil\u00e1n, una metr\u00f3polis cosmopolita donde el arte, la moda y la cultura se unen para crear un entorno \u00fanico y estimulante. Elige una estancia inolvidable, aprende italiano y [&hellip;]<\/p>\n","protected":false},"author":4,"featured_media":0,"parent":0,"menu_order":-1,"comment_status":"closed","ping_status":"closed","template":"","meta":{"inline_featured_image":false,"footnotes":""},"class_list":["post-3254","page","type-page","status-publish","hentry"],"yoast_head":"<!-- This site is optimized with the Yoast SEO plugin v27.2 - https:\/\/yoast.com\/product\/yoast-seo-wordpress\/ -->\n<title>CURSOS EN MIL\u00c1N | Linguaviva Educational Group<\/title>\n<meta name=\"description\" content=\"\u00danete a nosotros y disfruta de una experiencia de estudio en Mil\u00e1n, una metr\u00f3polis cosmopolita donde el arte, la moda y la cultura se unen para crear un entorno \u00fanico y estimulante.\" \/>\n<meta name=\"robots\" content=\"index, follow, max-snippet:-1, max-image-preview:large, max-video-preview:-1\" \/>\n<link rel=\"canonical\" href=\"https:\/\/linguavivagroup.com\/es\/cursos-en-milan\/\" \/>\n<meta property=\"og:locale\" content=\"es_ES\" \/>\n<meta property=\"og:type\" content=\"article\" \/>\n<meta property=\"og:title\" content=\"CURSOS EN MIL\u00c1N | Linguaviva Educational Group\" \/>\n<meta property=\"og:description\" content=\"\u00danete a nosotros y disfruta de una experiencia de estudio en Mil\u00e1n, una metr\u00f3polis cosmopolita donde el arte, la moda y la cultura se unen para crear un entorno \u00fanico y estimulante.\" \/>\n<meta property=\"og:url\" content=\"https:\/\/linguavivagroup.com\/es\/cursos-en-milan\/\" \/>\n<meta property=\"og:site_name\" content=\"Linguaviva Educational Group\" \/>\n<meta property=\"article:modified_time\" content=\"2024-04-02T13:23:35+00:00\" \/>\n<meta property=\"og:image\" content=\"https:\/\/linguavivagroup.com\/wp-content\/uploads\/2023\/04\/Educational-group.jpg\" \/>\n\t<meta property=\"og:image:width\" content=\"1920\" \/>\n\t<meta property=\"og:image:height\" content=\"923\" \/>\n\t<meta property=\"og:image:type\" content=\"image\/jpeg\" \/>\n<meta name=\"twitter:card\" content=\"summary_large_image\" \/>\n<meta name=\"twitter:label1\" content=\"Tiempo de lectura\" \/>\n\t<meta name=\"twitter:data1\" content=\"3 minutos\" \/>\n<script type=\"application\/ld+json\" class=\"yoast-schema-graph\">{\"@context\":\"https:\/\/schema.org\",\"@graph\":[{\"@type\":\"WebPage\",\"@id\":\"https:\/\/linguavivagroup.com\/es\/cursos-en-milan\/\",\"url\":\"https:\/\/linguavivagroup.com\/es\/cursos-en-milan\/\",\"name\":\"CURSOS EN MIL\u00c1N | Linguaviva Educational Group\",\"isPartOf\":{\"@id\":\"https:\/\/linguavivagroup.com\/es\/#website\"},\"datePublished\":\"2023-07-25T14:06:51+00:00\",\"dateModified\":\"2024-04-02T13:23:35+00:00\",\"description\":\"\u00danete a nosotros y disfruta de una experiencia de estudio en Mil\u00e1n, una metr\u00f3polis cosmopolita donde el arte, la moda y la cultura se unen para crear un entorno \u00fanico y estimulante.\",\"breadcrumb\":{\"@id\":\"https:\/\/linguavivagroup.com\/es\/cursos-en-milan\/#breadcrumb\"},\"inLanguage\":\"es\",\"potentialAction\":[{\"@type\":\"ReadAction\",\"target\":[\"https:\/\/linguavivagroup.com\/es\/cursos-en-milan\/\"]}]},{\"@type\":\"BreadcrumbList\",\"@id\":\"https:\/\/linguavivagroup.com\/es\/cursos-en-milan\/#breadcrumb\",\"itemListElement\":[{\"@type\":\"ListItem\",\"position\":1,\"name\":\"Home\",\"item\":\"https:\/\/linguavivagroup.com\/es\/\"},{\"@type\":\"ListItem\",\"position\":2,\"name\":\"CURSOS EN MIL\u00c1N\"}]},{\"@type\":\"WebSite\",\"@id\":\"https:\/\/linguavivagroup.com\/es\/#website\",\"url\":\"https:\/\/linguavivagroup.com\/es\/\",\"name\":\"Linguaviva Educational Group\",\"description\":\"Study and learn italian in italy\",\"publisher\":{\"@id\":\"https:\/\/linguavivagroup.com\/es\/#organization\"},\"potentialAction\":[{\"@type\":\"SearchAction\",\"target\":{\"@type\":\"EntryPoint\",\"urlTemplate\":\"https:\/\/linguavivagroup.com\/es\/?s={search_term_string}\"},\"query-input\":{\"@type\":\"PropertyValueSpecification\",\"valueRequired\":true,\"valueName\":\"search_term_string\"}}],\"inLanguage\":\"es\"},{\"@type\":\"Organization\",\"@id\":\"https:\/\/linguavivagroup.com\/es\/#organization\",\"name\":\"Linguaviva Educational Group\",\"url\":\"https:\/\/linguavivagroup.com\/es\/\",\"logo\":{\"@type\":\"ImageObject\",\"inLanguage\":\"es\",\"@id\":\"https:\/\/linguavivagroup.com\/es\/#\/schema\/logo\/image\/\",\"url\":\"https:\/\/linguavivagroup.com\/wp-content\/uploads\/2026\/03\/logo-linguaviva-bianco-50-260.png\",\"contentUrl\":\"https:\/\/linguavivagroup.com\/wp-content\/uploads\/2026\/03\/logo-linguaviva-bianco-50-260.png\",\"width\":260,\"height\":48,\"caption\":\"Linguaviva Educational Group\"},\"image\":{\"@id\":\"https:\/\/linguavivagroup.com\/es\/#\/schema\/logo\/image\/\"}}]}<\/script>\n<!-- \/ Yoast SEO plugin. -->","yoast_head_json":{"title":"CURSOS EN MIL\u00c1N | Linguaviva Educational Group","description":"\u00danete a nosotros y disfruta de una experiencia de estudio en Mil\u00e1n, una metr\u00f3polis cosmopolita donde el arte, la moda y la cultura se unen para crear un entorno \u00fanico y estimulante.","robots":{"index":"index","follow":"follow","max-snippet":"max-snippet:-1","max-image-preview":"max-image-preview:large","max-video-preview":"max-video-preview:-1"},"canonical":"https:\/\/linguavivagroup.com\/es\/cursos-en-milan\/","og_locale":"es_ES","og_type":"article","og_title":"CURSOS EN MIL\u00c1N | Linguaviva Educational Group","og_description":"\u00danete a nosotros y disfruta de una experiencia de estudio en Mil\u00e1n, una metr\u00f3polis cosmopolita donde el arte, la moda y la cultura se unen para crear un entorno \u00fanico y estimulante.","og_url":"https:\/\/linguavivagroup.com\/es\/cursos-en-milan\/","og_site_name":"Linguaviva Educational Group","article_modified_time":"2024-04-02T13:23:35+00:00","og_image":[{"width":1920,"height":923,"url":"https:\/\/linguavivagroup.com\/wp-content\/uploads\/2023\/04\/Educational-group.jpg","type":"image\/jpeg"}],"twitter_card":"summary_large_image","twitter_misc":{"Tiempo de lectura":"3 minutos"},"schema":{"@context":"https:\/\/schema.org","@graph":[{"@type":"WebPage","@id":"https:\/\/linguavivagroup.com\/es\/cursos-en-milan\/","url":"https:\/\/linguavivagroup.com\/es\/cursos-en-milan\/","name":"CURSOS EN MIL\u00c1N | Linguaviva Educational Group","isPartOf":{"@id":"https:\/\/linguavivagroup.com\/es\/#website"},"datePublished":"2023-07-25T14:06:51+00:00","dateModified":"2024-04-02T13:23:35+00:00","description":"\u00danete a nosotros y disfruta de una experiencia de estudio en Mil\u00e1n, una metr\u00f3polis cosmopolita donde el arte, la moda y la cultura se unen para crear un entorno \u00fanico y estimulante.","breadcrumb":{"@id":"https:\/\/linguavivagroup.com\/es\/cursos-en-milan\/#breadcrumb"},"inLanguage":"es","potentialAction":[{"@type":"ReadAction","target":["https:\/\/linguavivagroup.com\/es\/cursos-en-milan\/"]}]},{"@type":"BreadcrumbList","@id":"https:\/\/linguavivagroup.com\/es\/cursos-en-milan\/#breadcrumb","itemListElement":[{"@type":"ListItem","position":1,"name":"Home","item":"https:\/\/linguavivagroup.com\/es\/"},{"@type":"ListItem","position":2,"name":"CURSOS EN MIL\u00c1N"}]},{"@type":"WebSite","@id":"https:\/\/linguavivagroup.com\/es\/#website","url":"https:\/\/linguavivagroup.com\/es\/","name":"Linguaviva Educational Group","description":"Study and learn italian in italy","publisher":{"@id":"https:\/\/linguavivagroup.com\/es\/#organization"},"potentialAction":[{"@type":"SearchAction","target":{"@type":"EntryPoint","urlTemplate":"https:\/\/linguavivagroup.com\/es\/?s={search_term_string}"},"query-input":{"@type":"PropertyValueSpecification","valueRequired":true,"valueName":"search_term_string"}}],"inLanguage":"es"},{"@type":"Organization","@id":"https:\/\/linguavivagroup.com\/es\/#organization","name":"Linguaviva Educational Group","url":"https:\/\/linguavivagroup.com\/es\/","logo":{"@type":"ImageObject","inLanguage":"es","@id":"https:\/\/linguavivagroup.com\/es\/#\/schema\/logo\/image\/","url":"https:\/\/linguavivagroup.com\/wp-content\/uploads\/2026\/03\/logo-linguaviva-bianco-50-260.png","contentUrl":"https:\/\/linguavivagroup.com\/wp-content\/uploads\/2026\/03\/logo-linguaviva-bianco-50-260.png","width":260,"height":48,"caption":"Linguaviva Educational Group"},"image":{"@id":"https:\/\/linguavivagroup.com\/es\/#\/schema\/logo\/image\/"}}]}},"_links":{"self":[{"href":"https:\/\/linguavivagroup.com\/es\/wp-json\/wp\/v2\/pages\/3254","targetHints":{"allow":["GET"]}}],"collection":[{"href":"https:\/\/linguavivagroup.com\/es\/wp-json\/wp\/v2\/pages"}],"about":[{"href":"https:\/\/linguavivagroup.com\/es\/wp-json\/wp\/v2\/types\/page"}],"author":[{"embeddable":true,"href":"https:\/\/linguavivagroup.com\/es\/wp-json\/wp\/v2\/users\/4"}],"replies":[{"embeddable":true,"href":"https:\/\/linguavivagroup.com\/es\/wp-json\/wp\/v2\/comments?post=3254"}],"version-history":[{"count":12,"href":"https:\/\/linguavivagroup.com\/es\/wp-json\/wp\/v2\/pages\/3254\/revisions"}],"predecessor-version":[{"id":8410,"href":"https:\/\/linguavivagroup.com\/es\/wp-json\/wp\/v2\/pages\/3254\/revisions\/8410"}],"wp:attachment":[{"href":"https:\/\/linguavivagroup.com\/es\/wp-json\/wp\/v2\/media?parent=3254"}],"curies":[{"name":"wp","href":"https:\/\/api.w.org\/{rel}","templated":true}]}}