{"id":3268,"date":"2023-07-25T17:49:15","date_gmt":"2023-07-25T15:49:15","guid":{"rendered":"https:\/\/linguavivagroup.com\/?page_id=3268"},"modified":"2024-04-02T15:21:12","modified_gmt":"2024-04-02T13:21:12","slug":"curso-de-verano-para-jovenes-en-milan","status":"publish","type":"page","link":"https:\/\/linguavivagroup.com\/es\/curso-de-verano-para-jovenes-en-milan\/","title":{"rendered":"CURSO DE VERANO PARA J\u00d3VENES EN MIL\u00c1N"},"content":{"rendered":"<section class=\"wpb-content-wrapper\"><p>[vc_row full_width=\u00bbstretch_row_content_no_spaces\u00bb el_class=\u00bbheader-image\u00bb][vc_column][vc_single_image image=\u00bb2523&#8243; img_size=\u00bbfull\u00bb el_class=\u00bbimg-header-big\u00bb][vc_single_image image=\u00bb2519&#8243; img_size=\u00bbfull\u00bb el_class=\u00bbimg-header-small\u00bb][\/vc_column][\/vc_row][vc_row el_class=\u00bbsezione\u00bb][vc_column width=\u00bb2\/12&#8243;][\/vc_column][vc_column width=\u00bb8\/12&#8243;][vc_column_text el_class=\u00bbred\u00bb]<\/p>\n<h1 style=\"text-align: center;\">CURSO DE VERANO PARA J\u00d3VENES EN MIL\u00c1N<\/h1>\n<p>[\/vc_column_text][vc_column_text]\u00danete a nosotros en tu pr\u00f3ximo curso de verano en Mil\u00e1n, donde la moda, el dise\u00f1o y la cultura se unen para crear una experiencia estimulante, din\u00e1mica y, sobre todo, divertida.[\/vc_column_text][\/vc_column][vc_column width=\u00bb2\/12&#8243;][\/vc_column][\/vc_row][vc_row full_width=\u00bbstretch_row\u00bb gap=\u00bb30&#8243; el_class=\u00bbsezione bg-red\u00bb][vc_column width=\u00bb5\/12&#8243;][vc_column_text el_class=\u00bbwhite\u00bb]<\/p>\n<h2>DIVI\u00c9RTETE Y APRENDE ITALIANO EN MIL\u00c1N<\/h2>\n<p>[\/vc_column_text][vc_column_text el_class=\u00bbwhite\u00bb]Nuestra escuela organiza programas de verano en Mil\u00e1n para j\u00f3venes. Nuestros cursos est\u00e1n dise\u00f1ados para proporcionarte una s\u00f3lida base ling\u00fc\u00edstica, a la vez que te permiten explorar la cultura y la historia de Mil\u00e1n. Nuestras divertidas e interactivas clases te ayudar\u00e1n a mejorar tus conocimientos ling\u00fc\u00edsticos, a la vez que las actividades culturales a medida te brindar\u00e1n la oportunidad de descubrir la cultura y las tradiciones milanesas. Mil\u00e1n te ofrece la oportunidad de experimentar la aut\u00e9ntica vida italiana mientras haces nuevos amigos de todo el mundo. Participa en nuestros cursos y vive la experiencia de un aut\u00e9ntico curso de verano.[\/vc_column_text][vc_btn title=\u00bb\u00bb align=\u00bbright\u00bb el_class=\u00bbbtn-arrow-white\u00bb link=\u00bburl:https%3A%2F%2Flinguavivagroup.com%2Fitalian-language-course-in-italy%2Fsummer-programmes-for-juniors-14-17-years-in-milan%2F\u00bb][\/vc_column][vc_column width=\u00bb1\/12&#8243;][\/vc_column][vc_column width=\u00bb1\/2&#8243; el_class=\u00bbslideshow slideshow-small\u00bb][vc_images_carousel images=\u00bb2899,2903,2907,2911&#8243; img_size=\u00bbfull\u00bb onclick=\u00bblink_no\u00bb wrap=\u00bbyes\u00bb][vc_single_image image=\u00bb313&#8243; img_size=\u00bbfull\u00bb el_class=\u00bbsquare square-small s-top-50 s-right-50&#8243;][vc_single_image image=\u00bb337&#8243; img_size=\u00bbfull\u00bb el_class=\u00bbsquare square-small s-top-50 s-right50&#8243;][vc_single_image image=\u00bb337&#8243; img_size=\u00bbfull\u00bb el_class=\u00bbsquare square-small s-top50 s-right-50&#8243;][vc_single_image image=\u00bb337&#8243; img_size=\u00bbfull\u00bb el_class=\u00bbsquare square-small s-bottom-50 s-left-50&#8243;][\/vc_column][\/vc_row][vc_row full_width=\u00bbstretch_row\u00bb gap=\u00bb30&#8243; el_class=\u00bbsezione bg-red no-padding-bottom\u00bb][vc_column width=\u00bb6\/12&#8243; el_class=\u00bbslideshow slideshow-small\u00bb][vc_images_carousel images=\u00bb2527,2531,2535,2539,2543&#8243; img_size=\u00bbfull\u00bb onclick=\u00bblink_no\u00bb wrap=\u00bbyes\u00bb][vc_single_image image=\u00bb313&#8243; img_size=\u00bbfull\u00bb el_class=\u00bbsquare square-small s-bottom-50 s-left-50&#8243;][vc_single_image image=\u00bb337&#8243; img_size=\u00bbfull\u00bb el_class=\u00bbsquare square-small s-bottom-50 s-left50&#8243;][vc_single_image image=\u00bb337&#8243; img_size=\u00bbfull\u00bb el_class=\u00bbsquare square-small s-bottom50 s-left-50&#8243;][vc_single_image image=\u00bb337&#8243; img_size=\u00bbfull\u00bb el_class=\u00bbsquare square-small s-top-50 s-right-50&#8243;][\/vc_column][vc_column width=\u00bb1\/12&#8243;][\/vc_column][vc_column width=\u00bb5\/12&#8243;][vc_column_text el_class=\u00bbwhite\u00bb]<\/p>\n<h2>MIL\u00c1N, UNA CIUDAD PARA LOS J\u00d3VENES<\/h2>\n<p>[\/vc_column_text][vc_column_text el_class=\u00bbwhite\u00bb]Mil\u00e1n, la animada capital de la moda y el dise\u00f1o, es un destino perfecto para j\u00f3venes estudiantes que deseen vivir una experiencia apasionante. Esta ciudad cosmopolita te acoger\u00e1 con su contagiosa energ\u00eda y su fascinante modernidad. Paseando por sus calles, podr\u00e1s admirar la grandeza del Duomo de Mil\u00e1n, explorar la Galer\u00eda Vittorio Emanuele II y sumergirte en el din\u00e1mico ambiente de Brera y los Navigli. Mil\u00e1n tambi\u00e9n alberga importantes centros culturales y art\u00edsticos y ofrece infinitas oportunidades para descubrir el arte contempor\u00e1neo y la innovaci\u00f3n.[\/vc_column_text][vc_btn title=\u00bb\u00bb align=\u00bbright\u00bb el_class=\u00bbbtn-arrow-white\u00bb link=\u00bburl:https%3A%2F%2Flinguavivagroup.com%2Fes%2Flugares-milan%2F\u00bb][\/vc_column][\/vc_row][vc_row full_width=\u00bbstretch_row\u00bb gap=\u00bb30&#8243; el_class=\u00bbsezione bg-light-grey\u00bb][vc_column width=\u00bb1\/2&#8243; el_class=\u00bbslideshow slideshow-small\u00bb][\/vc_column][vc_column width=\u00bb1\/12&#8243;][\/vc_column][vc_column width=\u00bb5\/12&#8243;][vc_column_text el_class=\u00bbred\u00bb]<\/p>\n<h2>ALOJAMIENTO PARA J\u00d3VENES EN MIL\u00c1N<\/h2>\n<p>[\/vc_column_text][vc_column_text]Para garantizar una estancia c\u00f3moda y aut\u00e9ntica, Linguaviva ofrece la opci\u00f3n de alojamiento en familia en Mil\u00e1n a los j\u00f3venes participantes en los cursos de verano. Te alojar\u00e1s con acogedoras familias italianas que te proporcionar\u00e1n un ambiente hogare\u00f1o y te har\u00e1n sentir como en casa. Vivir con una familia te proporcionar\u00e1 la oportunidad de practicar italiano a diario, descubrir tradiciones y sumergirte en la cultura italiana. Formar\u00e1s parte integrante de la familia, crear\u00e1s v\u00ednculos especiales y tendr\u00e1s la oportunidad de compartir experiencias aut\u00e9nticas. El alojamiento en familia es una forma \u00fanica de disfrutar plenamente de tu experiencia en Mil\u00e1n y hacer que tu estancia sea inolvidable.[\/vc_column_text][vc_btn title=\u00bb\u00bb align=\u00bbright\u00bb el_class=\u00bbbtn-arrow-red\u00bb link=\u00bburl:https%3A%2F%2Flinguavivagroup.com%2Fes%2Falojamientos%2Falojamiento-en-familia-en-milan%2F\u00bb][\/vc_column][\/vc_row][vc_row][vc_column][vc_empty_space height=\u00bb90px\u00bb][\/vc_column][\/vc_row][vc_row full_width=\u00bbstretch_row\u00bb el_class=\u00bbsezione bg-white-blue\u00bb][vc_column width=\u00bb1\/12&#8243;][\/vc_column][vc_column width=\u00bb5\/12&#8243;][vc_column_text el_class=\u00bbwhite\u00bb]<\/p>\n<h2>FEES<\/h2>\n<p>[\/vc_column_text][vc_column_text el_class=\u00bbwhite\u00bb]Descubre los precios de la estancia de estudio en Italia con Linguaviva.[\/vc_column_text][vc_btn title=\u00bb\u00bb align=\u00bbright\u00bb el_class=\u00bbbtn-arrow-white\u00bb link=\u00bburl:https%3A%2F%2Flinguavivagroup.com%2Fes%2Ffees%2F\u00bb][\/vc_column][vc_column width=\u00bb1\/2&#8243;][\/vc_column][\/vc_row][vc_row][vc_column][vc_empty_space height=\u00bb90px\u00bb][\/vc_column][\/vc_row][vc_row full_width=\u00bbstretch_row_content_no_spaces\u00bb][vc_column][vc_single_image image=\u00bb2848&#8243; img_size=\u00bbfull\u00bb el_class=\u00bbno-margin\u00bb][vc_row_inner el_class=\u00bbtext-banner-destination\u00bb][vc_column_inner][vc_column_text]<\/p>\n<h2>DESCUBRE<br \/>\nFLORENCIA<\/h2>\n<p>[\/vc_column_text][vc_btn title=\u00bb\u00bb align=\u00bbright\u00bb el_class=\u00bbbtn-arrow-white\u00bb link=\u00bburl:https%3A%2F%2Flinguavivagroup.com%2Fes%2Fcurso-de-verano-para-jovenes-en-florencia%2F\u00bb][vc_raw_html]JTNDc3R5bGUlM0UlMEEuZm9vdGVyLWZvcm0lMjAlN0JkaXNwbGF5JTNBJTIwbm9uZSUzQiU3RCUwQSUzQyUyRnN0eWxlJTNF[\/vc_raw_html][\/vc_column_inner][\/vc_row_inner][\/vc_column][\/vc_row]<\/p>\n<\/section>","protected":false},"excerpt":{"rendered":"<p>[vc_row full_width=\u00bbstretch_row_content_no_spaces\u00bb el_class=\u00bbheader-image\u00bb][vc_column][vc_single_image image=\u00bb2523&#8243; img_size=\u00bbfull\u00bb el_class=\u00bbimg-header-big\u00bb][vc_single_image image=\u00bb2519&#8243; img_size=\u00bbfull\u00bb el_class=\u00bbimg-header-small\u00bb][\/vc_column][\/vc_row][vc_row el_class=\u00bbsezione\u00bb][vc_column width=\u00bb2\/12&#8243;][\/vc_column][vc_column width=\u00bb8\/12&#8243;][vc_column_text el_class=\u00bbred\u00bb] CURSO DE VERANO PARA J\u00d3VENES EN MIL\u00c1N [\/vc_column_text][vc_column_text]\u00danete a nosotros en tu pr\u00f3ximo curso de verano en Mil\u00e1n, donde la moda, el dise\u00f1o y la cultura se unen para crear una experiencia estimulante, din\u00e1mica y, sobre todo, divertida.[\/vc_column_text][\/vc_column][vc_column width=\u00bb2\/12&#8243;][\/vc_column][\/vc_row][vc_row full_width=\u00bbstretch_row\u00bb gap=\u00bb30&#8243; el_class=\u00bbsezione [&hellip;]<\/p>\n","protected":false},"author":4,"featured_media":0,"parent":0,"menu_order":-1,"comment_status":"closed","ping_status":"closed","template":"","meta":{"inline_featured_image":false,"footnotes":""},"class_list":["post-3268","page","type-page","status-publish","hentry"],"yoast_head":"<!-- This site is optimized with the Yoast SEO plugin v27.2 - https:\/\/yoast.com\/product\/yoast-seo-wordpress\/ -->\n<title>CURSO DE VERANO PARA J\u00d3VENES EN MIL\u00c1N | Linguaviva Educational Group<\/title>\n<meta name=\"description\" content=\"\u00danete a nosotros en tu pr\u00f3ximo curso de verano en Mil\u00e1n, donde la moda, el dise\u00f1o y la cultura se unen para crear una experiencia estimulante, din\u00e1mica y, sobre todo, divertida.\" \/>\n<meta name=\"robots\" content=\"index, follow, max-snippet:-1, max-image-preview:large, max-video-preview:-1\" \/>\n<link rel=\"canonical\" href=\"https:\/\/linguavivagroup.com\/es\/curso-de-verano-para-jovenes-en-milan\/\" \/>\n<meta property=\"og:locale\" content=\"es_ES\" \/>\n<meta property=\"og:type\" content=\"article\" \/>\n<meta property=\"og:title\" content=\"CURSO DE VERANO PARA J\u00d3VENES EN MIL\u00c1N | Linguaviva Educational Group\" \/>\n<meta property=\"og:description\" content=\"\u00danete a nosotros en tu pr\u00f3ximo curso de verano en Mil\u00e1n, donde la moda, el dise\u00f1o y la cultura se unen para crear una experiencia estimulante, din\u00e1mica y, sobre todo, divertida.\" \/>\n<meta property=\"og:url\" content=\"https:\/\/linguavivagroup.com\/es\/curso-de-verano-para-jovenes-en-milan\/\" \/>\n<meta property=\"og:site_name\" content=\"Linguaviva Educational Group\" \/>\n<meta property=\"article:modified_time\" content=\"2024-04-02T13:21:12+00:00\" \/>\n<meta property=\"og:image\" content=\"https:\/\/linguavivagroup.com\/wp-content\/uploads\/2023\/04\/Educational-group.jpg\" \/>\n\t<meta property=\"og:image:width\" content=\"1920\" \/>\n\t<meta property=\"og:image:height\" content=\"923\" \/>\n\t<meta property=\"og:image:type\" content=\"image\/jpeg\" \/>\n<meta name=\"twitter:card\" content=\"summary_large_image\" \/>\n<meta name=\"twitter:label1\" content=\"Tiempo de lectura\" \/>\n\t<meta name=\"twitter:data1\" content=\"3 minutos\" \/>\n<script type=\"application\/ld+json\" class=\"yoast-schema-graph\">{\"@context\":\"https:\/\/schema.org\",\"@graph\":[{\"@type\":\"WebPage\",\"@id\":\"https:\/\/linguavivagroup.com\/es\/curso-de-verano-para-jovenes-en-milan\/\",\"url\":\"https:\/\/linguavivagroup.com\/es\/curso-de-verano-para-jovenes-en-milan\/\",\"name\":\"CURSO DE VERANO PARA J\u00d3VENES EN MIL\u00c1N | Linguaviva Educational Group\",\"isPartOf\":{\"@id\":\"https:\/\/linguavivagroup.com\/es\/#website\"},\"datePublished\":\"2023-07-25T15:49:15+00:00\",\"dateModified\":\"2024-04-02T13:21:12+00:00\",\"description\":\"\u00danete a nosotros en tu pr\u00f3ximo curso de verano en Mil\u00e1n, donde la moda, el dise\u00f1o y la cultura se unen para crear una experiencia estimulante, din\u00e1mica y, sobre todo, divertida.\",\"breadcrumb\":{\"@id\":\"https:\/\/linguavivagroup.com\/es\/curso-de-verano-para-jovenes-en-milan\/#breadcrumb\"},\"inLanguage\":\"es\",\"potentialAction\":[{\"@type\":\"ReadAction\",\"target\":[\"https:\/\/linguavivagroup.com\/es\/curso-de-verano-para-jovenes-en-milan\/\"]}]},{\"@type\":\"BreadcrumbList\",\"@id\":\"https:\/\/linguavivagroup.com\/es\/curso-de-verano-para-jovenes-en-milan\/#breadcrumb\",\"itemListElement\":[{\"@type\":\"ListItem\",\"position\":1,\"name\":\"Home\",\"item\":\"https:\/\/linguavivagroup.com\/es\/\"},{\"@type\":\"ListItem\",\"position\":2,\"name\":\"CURSO DE VERANO PARA J\u00d3VENES EN MIL\u00c1N\"}]},{\"@type\":\"WebSite\",\"@id\":\"https:\/\/linguavivagroup.com\/es\/#website\",\"url\":\"https:\/\/linguavivagroup.com\/es\/\",\"name\":\"Linguaviva Educational Group\",\"description\":\"Study and learn italian in italy\",\"publisher\":{\"@id\":\"https:\/\/linguavivagroup.com\/es\/#organization\"},\"potentialAction\":[{\"@type\":\"SearchAction\",\"target\":{\"@type\":\"EntryPoint\",\"urlTemplate\":\"https:\/\/linguavivagroup.com\/es\/?s={search_term_string}\"},\"query-input\":{\"@type\":\"PropertyValueSpecification\",\"valueRequired\":true,\"valueName\":\"search_term_string\"}}],\"inLanguage\":\"es\"},{\"@type\":\"Organization\",\"@id\":\"https:\/\/linguavivagroup.com\/es\/#organization\",\"name\":\"Linguaviva Educational Group\",\"url\":\"https:\/\/linguavivagroup.com\/es\/\",\"logo\":{\"@type\":\"ImageObject\",\"inLanguage\":\"es\",\"@id\":\"https:\/\/linguavivagroup.com\/es\/#\/schema\/logo\/image\/\",\"url\":\"https:\/\/linguavivagroup.com\/wp-content\/uploads\/2026\/03\/logo-linguaviva-bianco-50-260.png\",\"contentUrl\":\"https:\/\/linguavivagroup.com\/wp-content\/uploads\/2026\/03\/logo-linguaviva-bianco-50-260.png\",\"width\":260,\"height\":48,\"caption\":\"Linguaviva Educational Group\"},\"image\":{\"@id\":\"https:\/\/linguavivagroup.com\/es\/#\/schema\/logo\/image\/\"}}]}<\/script>\n<!-- \/ Yoast SEO plugin. -->","yoast_head_json":{"title":"CURSO DE VERANO PARA J\u00d3VENES EN MIL\u00c1N | Linguaviva Educational Group","description":"\u00danete a nosotros en tu pr\u00f3ximo curso de verano en Mil\u00e1n, donde la moda, el dise\u00f1o y la cultura se unen para crear una experiencia estimulante, din\u00e1mica y, sobre todo, divertida.","robots":{"index":"index","follow":"follow","max-snippet":"max-snippet:-1","max-image-preview":"max-image-preview:large","max-video-preview":"max-video-preview:-1"},"canonical":"https:\/\/linguavivagroup.com\/es\/curso-de-verano-para-jovenes-en-milan\/","og_locale":"es_ES","og_type":"article","og_title":"CURSO DE VERANO PARA J\u00d3VENES EN MIL\u00c1N | Linguaviva Educational Group","og_description":"\u00danete a nosotros en tu pr\u00f3ximo curso de verano en Mil\u00e1n, donde la moda, el dise\u00f1o y la cultura se unen para crear una experiencia estimulante, din\u00e1mica y, sobre todo, divertida.","og_url":"https:\/\/linguavivagroup.com\/es\/curso-de-verano-para-jovenes-en-milan\/","og_site_name":"Linguaviva Educational Group","article_modified_time":"2024-04-02T13:21:12+00:00","og_image":[{"width":1920,"height":923,"url":"https:\/\/linguavivagroup.com\/wp-content\/uploads\/2023\/04\/Educational-group.jpg","type":"image\/jpeg"}],"twitter_card":"summary_large_image","twitter_misc":{"Tiempo de lectura":"3 minutos"},"schema":{"@context":"https:\/\/schema.org","@graph":[{"@type":"WebPage","@id":"https:\/\/linguavivagroup.com\/es\/curso-de-verano-para-jovenes-en-milan\/","url":"https:\/\/linguavivagroup.com\/es\/curso-de-verano-para-jovenes-en-milan\/","name":"CURSO DE VERANO PARA J\u00d3VENES EN MIL\u00c1N | Linguaviva Educational Group","isPartOf":{"@id":"https:\/\/linguavivagroup.com\/es\/#website"},"datePublished":"2023-07-25T15:49:15+00:00","dateModified":"2024-04-02T13:21:12+00:00","description":"\u00danete a nosotros en tu pr\u00f3ximo curso de verano en Mil\u00e1n, donde la moda, el dise\u00f1o y la cultura se unen para crear una experiencia estimulante, din\u00e1mica y, sobre todo, divertida.","breadcrumb":{"@id":"https:\/\/linguavivagroup.com\/es\/curso-de-verano-para-jovenes-en-milan\/#breadcrumb"},"inLanguage":"es","potentialAction":[{"@type":"ReadAction","target":["https:\/\/linguavivagroup.com\/es\/curso-de-verano-para-jovenes-en-milan\/"]}]},{"@type":"BreadcrumbList","@id":"https:\/\/linguavivagroup.com\/es\/curso-de-verano-para-jovenes-en-milan\/#breadcrumb","itemListElement":[{"@type":"ListItem","position":1,"name":"Home","item":"https:\/\/linguavivagroup.com\/es\/"},{"@type":"ListItem","position":2,"name":"CURSO DE VERANO PARA J\u00d3VENES EN MIL\u00c1N"}]},{"@type":"WebSite","@id":"https:\/\/linguavivagroup.com\/es\/#website","url":"https:\/\/linguavivagroup.com\/es\/","name":"Linguaviva Educational Group","description":"Study and learn italian in italy","publisher":{"@id":"https:\/\/linguavivagroup.com\/es\/#organization"},"potentialAction":[{"@type":"SearchAction","target":{"@type":"EntryPoint","urlTemplate":"https:\/\/linguavivagroup.com\/es\/?s={search_term_string}"},"query-input":{"@type":"PropertyValueSpecification","valueRequired":true,"valueName":"search_term_string"}}],"inLanguage":"es"},{"@type":"Organization","@id":"https:\/\/linguavivagroup.com\/es\/#organization","name":"Linguaviva Educational Group","url":"https:\/\/linguavivagroup.com\/es\/","logo":{"@type":"ImageObject","inLanguage":"es","@id":"https:\/\/linguavivagroup.com\/es\/#\/schema\/logo\/image\/","url":"https:\/\/linguavivagroup.com\/wp-content\/uploads\/2026\/03\/logo-linguaviva-bianco-50-260.png","contentUrl":"https:\/\/linguavivagroup.com\/wp-content\/uploads\/2026\/03\/logo-linguaviva-bianco-50-260.png","width":260,"height":48,"caption":"Linguaviva Educational Group"},"image":{"@id":"https:\/\/linguavivagroup.com\/es\/#\/schema\/logo\/image\/"}}]}},"_links":{"self":[{"href":"https:\/\/linguavivagroup.com\/es\/wp-json\/wp\/v2\/pages\/3268","targetHints":{"allow":["GET"]}}],"collection":[{"href":"https:\/\/linguavivagroup.com\/es\/wp-json\/wp\/v2\/pages"}],"about":[{"href":"https:\/\/linguavivagroup.com\/es\/wp-json\/wp\/v2\/types\/page"}],"author":[{"embeddable":true,"href":"https:\/\/linguavivagroup.com\/es\/wp-json\/wp\/v2\/users\/4"}],"replies":[{"embeddable":true,"href":"https:\/\/linguavivagroup.com\/es\/wp-json\/wp\/v2\/comments?post=3268"}],"version-history":[{"count":12,"href":"https:\/\/linguavivagroup.com\/es\/wp-json\/wp\/v2\/pages\/3268\/revisions"}],"predecessor-version":[{"id":9819,"href":"https:\/\/linguavivagroup.com\/es\/wp-json\/wp\/v2\/pages\/3268\/revisions\/9819"}],"wp:attachment":[{"href":"https:\/\/linguavivagroup.com\/es\/wp-json\/wp\/v2\/media?parent=3268"}],"curies":[{"name":"wp","href":"https:\/\/api.w.org\/{rel}","templated":true}]}}