{"id":3273,"date":"2023-07-26T09:55:52","date_gmt":"2023-07-26T07:55:52","guid":{"rendered":"https:\/\/linguavivagroup.com\/?page_id=3273"},"modified":"2024-04-02T15:15:08","modified_gmt":"2024-04-02T13:15:08","slug":"curso-de-verano-para-jovenes-en-lignano","status":"publish","type":"page","link":"https:\/\/linguavivagroup.com\/es\/curso-de-verano-para-jovenes-en-lignano\/","title":{"rendered":"CURSO DE VERANO PARA J\u00d3VENES EN LIGNANO"},"content":{"rendered":"<section class=\"wpb-content-wrapper\"><p>[vc_row full_width=\u00bbstretch_row_content_no_spaces\u00bb el_class=\u00bbheader-image\u00bb][vc_column][vc_single_image image=\u00bb2927&#8243; img_size=\u00bbfull\u00bb el_class=\u00bbimg-header-big\u00bb][vc_single_image image=\u00bb2923&#8243; img_size=\u00bbfull\u00bb el_class=\u00bbimg-header-small\u00bb][\/vc_column][\/vc_row][vc_row el_class=\u00bbsezione\u00bb][vc_column width=\u00bb2\/12&#8243;][\/vc_column][vc_column width=\u00bb8\/12&#8243;][vc_column_text el_class=\u00bbred\u00bb]<\/p>\n<h1 style=\"text-align: center;\">CURSO DE VERANO PARA J\u00d3VENES EN LIGNANO<\/h1>\n<p>[\/vc_column_text][vc_column_text]Acomp\u00e1\u00f1anos en tu pr\u00f3ximo curso de verano en Lignano Sabbiadoro, donde el sol, las playas de arena fina y la suave brisa marina te proporcionar\u00e1n una fant\u00e1stica experiencia de estudio.[\/vc_column_text][\/vc_column][vc_column width=\u00bb2\/12&#8243;][\/vc_column][\/vc_row][vc_row full_width=\u00bbstretch_row\u00bb gap=\u00bb30&#8243; el_class=\u00bbsezione bg-red\u00bb][vc_column width=\u00bb5\/12&#8243;][vc_column_text el_class=\u00bbwhite\u00bb]<\/p>\n<h2>DIVI\u00c9RTETE Y APRENDE ITALIANO EN LIGNANO<\/h2>\n<p>[\/vc_column_text][vc_column_text el_class=\u00bbwhite\u00bb]El campamento de verano de Linguaviva en Lignano Sabbiadoro es una oportunidad \u00fanica para aprender italiano de una forma divertida y entretenida. Las clases se imparten en un entorno estimulante donde podr\u00e1s practicar italiano practicando actividades interactivas y creando di\u00e1logos en grupo. Adem\u00e1s de las clases en el aula, tendr\u00e1s la oportunidad de participar en excursiones culturales y experiencias emocionantes. Gracias a una red de profesores altamente cualificados, el campamento de verano de Linguaviva combina una formaci\u00f3n ling\u00fc\u00edstica de alta calidad con numerosas actividades adicionales, incluidos deportes y excursiones supervisadas de cerca. Unas maravillosas playas, parques de atracciones, cocina italiana, deliciosas helader\u00edas y, por supuesto, la mejor formaci\u00f3n de Linguaviva te esperan en el campamento de verano de Lignano Sabbiadoro.[\/vc_column_text][vc_btn title=\u00bb\u00bb align=\u00bbright\u00bb el_class=\u00bbbtn-arrow-white\u00bb link=\u00bburl:https%3A%2F%2Flinguavivagroup.com%2Fes%2Fcursos%2Fcursos-de-verano-de-linguaviva-programa-para-jovenes-en-lignano%2F\u00bb][\/vc_column][vc_column width=\u00bb1\/12&#8243;][\/vc_column][vc_column width=\u00bb1\/2&#8243; el_class=\u00bbslideshow slideshow-small\u00bb][vc_images_carousel images=\u00bb2947,2951,2955,2959&#8243; img_size=\u00bbfull\u00bb onclick=\u00bblink_no\u00bb wrap=\u00bbyes\u00bb][vc_single_image image=\u00bb313&#8243; img_size=\u00bbfull\u00bb el_class=\u00bbsquare square-small s-top-50 s-right-50&#8243;][vc_single_image image=\u00bb337&#8243; img_size=\u00bbfull\u00bb el_class=\u00bbsquare square-small s-top-50 s-right50&#8243;][vc_single_image image=\u00bb337&#8243; img_size=\u00bbfull\u00bb el_class=\u00bbsquare square-small s-top50 s-right-50&#8243;][vc_single_image image=\u00bb337&#8243; img_size=\u00bbfull\u00bb el_class=\u00bbsquare square-small s-bottom-50 s-left-50&#8243;][\/vc_column][\/vc_row][vc_row full_width=\u00bbstretch_row\u00bb gap=\u00bb30&#8243; el_class=\u00bbsezione bg-red no-padding-bottom\u00bb][vc_column width=\u00bb6\/12&#8243; el_class=\u00bbslideshow slideshow-small\u00bb][vc_images_carousel images=\u00bb2931,2935,2939,2943&#8243; img_size=\u00bbfull\u00bb onclick=\u00bblink_no\u00bb wrap=\u00bbyes\u00bb][vc_single_image image=\u00bb313&#8243; img_size=\u00bbfull\u00bb el_class=\u00bbsquare square-small s-bottom-50 s-left-50&#8243;][vc_single_image image=\u00bb337&#8243; img_size=\u00bbfull\u00bb el_class=\u00bbsquare square-small s-bottom-50 s-left50&#8243;][vc_single_image image=\u00bb337&#8243; img_size=\u00bbfull\u00bb el_class=\u00bbsquare square-small s-bottom50 s-left-50&#8243;][vc_single_image image=\u00bb337&#8243; img_size=\u00bbfull\u00bb el_class=\u00bbsquare square-small s-top-50 s-right-50&#8243;][\/vc_column][vc_column width=\u00bb1\/12&#8243;][\/vc_column][vc_column width=\u00bb5\/12&#8243;][vc_column_text el_class=\u00bbwhite\u00bb]<\/p>\n<h2>LIGNANO, VIENTO EN POPA HACIA LA DIVERSI\u00d3N<\/h2>\n<p>[\/vc_column_text][vc_column_text el_class=\u00bbwhite\u00bb]Las playas doradas y el mar cristalino de Lignano Sabbiadoro te esperan. Esta encantadora localidad costera del Adri\u00e1tico es el lugar ideal para pasar tus pr\u00f3ximas vacaciones de verano. Las largas playas de arena invitan a relajarse, con unas aguas tranquilas y templadas perfectas para nadar y divertirse. Gracias a sus numerosas actividades, Lignano Sabbiadoro es un para\u00edso para los j\u00f3venes que buscan aventuras. Divi\u00e9rtete en el parque acu\u00e1tico, date un paseo en bicicleta por el carril bici que recorre la costa o disfruta de una divertida tarde de compras, restaurantes y helader\u00edas t\u00edpicas. Lignano Sabbiadoro te espera con su clima mediterr\u00e1neo y su animado ambiente, dispuesto a regalarte momentos inolvidables.[\/vc_column_text][vc_btn title=\u00bb\u00bb align=\u00bbright\u00bb el_class=\u00bbbtn-arrow-white\u00bb link=\u00bburl:https%3A%2F%2Flinguavivagroup.com%2Fes%2Flugares-lignano%2F\u00bb][\/vc_column][\/vc_row][vc_row full_width=\u00bbstretch_row\u00bb gap=\u00bb30&#8243; el_class=\u00bbsezione bg-light-grey\u00bb][vc_column width=\u00bb1\/2&#8243; el_class=\u00bbslideshow slideshow-small\u00bb][vc_images_carousel images=\u00bb2963,2967,2971&#8243; img_size=\u00bbfull\u00bb onclick=\u00bblink_no\u00bb wrap=\u00bbyes\u00bb][\/vc_column][vc_column width=\u00bb1\/12&#8243;][\/vc_column][vc_column width=\u00bb5\/12&#8243;][vc_column_text el_class=\u00bbred\u00bb]<\/p>\n<h2>ALOJAMIENTO PARA J\u00d3VENES EN LIGNANO<\/h2>\n<p>[\/vc_column_text][vc_column_text]Los j\u00f3venes estudiantes que se decanten por el campamento de verano Linguaviva en Lignano Sabbiadoro dispondr\u00e1n de alojamiento con pensi\u00f3n completa. Te alojar\u00e1s en una residencia totalmente equipada con pensi\u00f3n completa, donde dispondr\u00e1s de todo lo necesario para una estancia agradable y relajante. Las habitaciones son c\u00f3modas y disponen de ba\u00f1o. Adem\u00e1s, podr\u00e1s disfrutar de deliciosas comidas preparadas con productos frescos de la zona. La residencia tambi\u00e9n ofrece zonas comunes para socializar con otros estudiantes y organiza actividades de ocio nocturno para que tu estancia sea a\u00fan m\u00e1s divertida. Garantizamos un entorno seguro y acogedor donde podr\u00e1s disfrutar al m\u00e1ximo de tu experiencia en Lignano Sabbiadoro.[\/vc_column_text][vc_btn title=\u00bb\u00bb align=\u00bbright\u00bb el_class=\u00bbbtn-arrow-red\u00bb link=\u00bburl:https%3A%2F%2Flinguavivagroup.com%2Fes%2Falojamientos%2Falojamiento-en-residencia%2F\u00bb][\/vc_column][\/vc_row][vc_row][vc_column][vc_empty_space height=\u00bb90px\u00bb][\/vc_column][\/vc_row][vc_row full_width=\u00bbstretch_row\u00bb el_class=\u00bbsezione bg-white-blue\u00bb][vc_column width=\u00bb1\/12&#8243;][\/vc_column][vc_column width=\u00bb5\/12&#8243;][vc_column_text el_class=\u00bbwhite\u00bb]<\/p>\n<h2>FEES<\/h2>\n<p>[\/vc_column_text][vc_column_text el_class=\u00bbwhite\u00bb]Descubre los precios de la estancia de estudio en Italia con Linguaviva.[\/vc_column_text][vc_btn title=\u00bb\u00bb align=\u00bbright\u00bb el_class=\u00bbbtn-arrow-white\u00bb link=\u00bburl:https%3A%2F%2Flinguavivagroup.com%2Fes%2Ffees%2F\u00bb][\/vc_column][vc_column width=\u00bb1\/2&#8243;][\/vc_column][\/vc_row][vc_row][vc_column][vc_empty_space height=\u00bb90px\u00bb][\/vc_column][\/vc_row][vc_row full_width=\u00bbstretch_row_content_no_spaces\u00bb][vc_column][vc_single_image image=\u00bb2848&#8243; img_size=\u00bbfull\u00bb el_class=\u00bbno-margin\u00bb][vc_row_inner el_class=\u00bbtext-banner-destination\u00bb][vc_column_inner][vc_column_text]<\/p>\n<h2>DESCUBRE FLORENCIA<\/h2>\n<p>[\/vc_column_text][vc_btn title=\u00bb\u00bb align=\u00bbright\u00bb el_class=\u00bbbtn-arrow-white\u00bb link=\u00bburl:https%3A%2F%2Flinguavivagroup.com%2Fes%2Fcurso-de-verano-para-jovenes-en-florencia%2F\u00bb][vc_raw_html]JTNDc3R5bGUlM0UlMEEuZm9vdGVyLWZvcm0lMjAlN0JkaXNwbGF5JTNBJTIwbm9uZSUzQiU3RCUwQSUzQyUyRnN0eWxlJTNF[\/vc_raw_html][\/vc_column_inner][\/vc_row_inner][\/vc_column][\/vc_row][vc_row full_width=\u00bbstretch_row_content_no_spaces\u00bb][vc_column][vc_single_image image=\u00bb8121&#8243; img_size=\u00bbfull\u00bb el_class=\u00bbno-margin\u00bb][vc_row_inner el_class=\u00bbtext-banner-destination\u00bb][vc_column_inner][vc_column_text]<\/p>\n<h2>DESCUBRE<br \/>\nMIL\u00c1N<\/h2>\n<p>[\/vc_column_text][vc_btn title=\u00bb\u00bb align=\u00bbright\u00bb el_class=\u00bbbtn-arrow-white\u00bb link=\u00bburl:https%3A%2F%2Flinguavivagroup.com%2Fes%2Fcurso-de-verano-para-jovenes-en-milan%2F\u00bb][vc_raw_html]JTNDc3R5bGUlM0UlMEEuZm9vdGVyLWZvcm0lMjAlN0JkaXNwbGF5JTNBJTIwbm9uZSUzQiU3RCUwQSUzQyUyRnN0eWxlJTNF[\/vc_raw_html][\/vc_column_inner][\/vc_row_inner][\/vc_column][\/vc_row]<\/p>\n<\/section>","protected":false},"excerpt":{"rendered":"<p>[vc_row full_width=\u00bbstretch_row_content_no_spaces\u00bb el_class=\u00bbheader-image\u00bb][vc_column][vc_single_image image=\u00bb2927&#8243; img_size=\u00bbfull\u00bb el_class=\u00bbimg-header-big\u00bb][vc_single_image image=\u00bb2923&#8243; img_size=\u00bbfull\u00bb el_class=\u00bbimg-header-small\u00bb][\/vc_column][\/vc_row][vc_row el_class=\u00bbsezione\u00bb][vc_column width=\u00bb2\/12&#8243;][\/vc_column][vc_column width=\u00bb8\/12&#8243;][vc_column_text el_class=\u00bbred\u00bb] CURSO DE VERANO PARA J\u00d3VENES EN LIGNANO [\/vc_column_text][vc_column_text]Acomp\u00e1\u00f1anos en tu pr\u00f3ximo curso de verano en Lignano Sabbiadoro, donde el sol, las playas de arena fina y la suave brisa marina te proporcionar\u00e1n una fant\u00e1stica experiencia de estudio.[\/vc_column_text][\/vc_column][vc_column width=\u00bb2\/12&#8243;][\/vc_column][\/vc_row][vc_row full_width=\u00bbstretch_row\u00bb gap=\u00bb30&#8243; el_class=\u00bbsezione bg-red\u00bb][vc_column [&hellip;]<\/p>\n","protected":false},"author":4,"featured_media":0,"parent":0,"menu_order":-1,"comment_status":"closed","ping_status":"closed","template":"","meta":{"inline_featured_image":false,"footnotes":""},"class_list":["post-3273","page","type-page","status-publish","hentry"],"yoast_head":"<!-- This site is optimized with the Yoast SEO plugin v27.2 - https:\/\/yoast.com\/product\/yoast-seo-wordpress\/ -->\n<title>CURSO DE VERANO PARA J\u00d3VENES EN LIGNANO | Linguaviva Educational Group<\/title>\n<meta name=\"description\" content=\"Acomp\u00e1\u00f1anos en tu pr\u00f3ximo curso de verano en Lignano Sabbiadoro, donde el sol, las playas de arena fina y la suave brisa marina te proporcionar\u00e1n una fant\u00e1stica experiencia de estudio.\" \/>\n<meta name=\"robots\" content=\"index, follow, max-snippet:-1, max-image-preview:large, max-video-preview:-1\" \/>\n<link rel=\"canonical\" href=\"https:\/\/linguavivagroup.com\/es\/curso-de-verano-para-jovenes-en-lignano\/\" \/>\n<meta property=\"og:locale\" content=\"es_ES\" \/>\n<meta property=\"og:type\" content=\"article\" \/>\n<meta property=\"og:title\" content=\"CURSO DE VERANO PARA J\u00d3VENES EN LIGNANO | Linguaviva Educational Group\" \/>\n<meta property=\"og:description\" content=\"Acomp\u00e1\u00f1anos en tu pr\u00f3ximo curso de verano en Lignano Sabbiadoro, donde el sol, las playas de arena fina y la suave brisa marina te proporcionar\u00e1n una fant\u00e1stica experiencia de estudio.\" \/>\n<meta property=\"og:url\" content=\"https:\/\/linguavivagroup.com\/es\/curso-de-verano-para-jovenes-en-lignano\/\" \/>\n<meta property=\"og:site_name\" content=\"Linguaviva Educational Group\" \/>\n<meta property=\"article:modified_time\" content=\"2024-04-02T13:15:08+00:00\" \/>\n<meta property=\"og:image\" content=\"https:\/\/linguavivagroup.com\/wp-content\/uploads\/2023\/04\/Educational-group.jpg\" \/>\n\t<meta property=\"og:image:width\" content=\"1920\" \/>\n\t<meta property=\"og:image:height\" content=\"923\" \/>\n\t<meta property=\"og:image:type\" content=\"image\/jpeg\" \/>\n<meta name=\"twitter:card\" content=\"summary_large_image\" \/>\n<meta name=\"twitter:label1\" content=\"Tiempo de lectura\" \/>\n\t<meta name=\"twitter:data1\" content=\"3 minutos\" \/>\n<script type=\"application\/ld+json\" class=\"yoast-schema-graph\">{\"@context\":\"https:\/\/schema.org\",\"@graph\":[{\"@type\":\"WebPage\",\"@id\":\"https:\/\/linguavivagroup.com\/es\/curso-de-verano-para-jovenes-en-lignano\/\",\"url\":\"https:\/\/linguavivagroup.com\/es\/curso-de-verano-para-jovenes-en-lignano\/\",\"name\":\"CURSO DE VERANO PARA J\u00d3VENES EN LIGNANO | Linguaviva Educational Group\",\"isPartOf\":{\"@id\":\"https:\/\/linguavivagroup.com\/es\/#website\"},\"datePublished\":\"2023-07-26T07:55:52+00:00\",\"dateModified\":\"2024-04-02T13:15:08+00:00\",\"description\":\"Acomp\u00e1\u00f1anos en tu pr\u00f3ximo curso de verano en Lignano Sabbiadoro, donde el sol, las playas de arena fina y la suave brisa marina te proporcionar\u00e1n una fant\u00e1stica experiencia de estudio.\",\"breadcrumb\":{\"@id\":\"https:\/\/linguavivagroup.com\/es\/curso-de-verano-para-jovenes-en-lignano\/#breadcrumb\"},\"inLanguage\":\"es\",\"potentialAction\":[{\"@type\":\"ReadAction\",\"target\":[\"https:\/\/linguavivagroup.com\/es\/curso-de-verano-para-jovenes-en-lignano\/\"]}]},{\"@type\":\"BreadcrumbList\",\"@id\":\"https:\/\/linguavivagroup.com\/es\/curso-de-verano-para-jovenes-en-lignano\/#breadcrumb\",\"itemListElement\":[{\"@type\":\"ListItem\",\"position\":1,\"name\":\"Home\",\"item\":\"https:\/\/linguavivagroup.com\/es\/\"},{\"@type\":\"ListItem\",\"position\":2,\"name\":\"CURSO DE VERANO PARA J\u00d3VENES EN LIGNANO\"}]},{\"@type\":\"WebSite\",\"@id\":\"https:\/\/linguavivagroup.com\/es\/#website\",\"url\":\"https:\/\/linguavivagroup.com\/es\/\",\"name\":\"Linguaviva Educational Group\",\"description\":\"Study and learn italian in italy\",\"publisher\":{\"@id\":\"https:\/\/linguavivagroup.com\/es\/#organization\"},\"potentialAction\":[{\"@type\":\"SearchAction\",\"target\":{\"@type\":\"EntryPoint\",\"urlTemplate\":\"https:\/\/linguavivagroup.com\/es\/?s={search_term_string}\"},\"query-input\":{\"@type\":\"PropertyValueSpecification\",\"valueRequired\":true,\"valueName\":\"search_term_string\"}}],\"inLanguage\":\"es\"},{\"@type\":\"Organization\",\"@id\":\"https:\/\/linguavivagroup.com\/es\/#organization\",\"name\":\"Linguaviva Educational Group\",\"url\":\"https:\/\/linguavivagroup.com\/es\/\",\"logo\":{\"@type\":\"ImageObject\",\"inLanguage\":\"es\",\"@id\":\"https:\/\/linguavivagroup.com\/es\/#\/schema\/logo\/image\/\",\"url\":\"https:\/\/linguavivagroup.com\/wp-content\/uploads\/2026\/03\/logo-linguaviva-bianco-50-260.png\",\"contentUrl\":\"https:\/\/linguavivagroup.com\/wp-content\/uploads\/2026\/03\/logo-linguaviva-bianco-50-260.png\",\"width\":260,\"height\":48,\"caption\":\"Linguaviva Educational Group\"},\"image\":{\"@id\":\"https:\/\/linguavivagroup.com\/es\/#\/schema\/logo\/image\/\"}}]}<\/script>\n<!-- \/ Yoast SEO plugin. -->","yoast_head_json":{"title":"CURSO DE VERANO PARA J\u00d3VENES EN LIGNANO | Linguaviva Educational Group","description":"Acomp\u00e1\u00f1anos en tu pr\u00f3ximo curso de verano en Lignano Sabbiadoro, donde el sol, las playas de arena fina y la suave brisa marina te proporcionar\u00e1n una fant\u00e1stica experiencia de estudio.","robots":{"index":"index","follow":"follow","max-snippet":"max-snippet:-1","max-image-preview":"max-image-preview:large","max-video-preview":"max-video-preview:-1"},"canonical":"https:\/\/linguavivagroup.com\/es\/curso-de-verano-para-jovenes-en-lignano\/","og_locale":"es_ES","og_type":"article","og_title":"CURSO DE VERANO PARA J\u00d3VENES EN LIGNANO | Linguaviva Educational Group","og_description":"Acomp\u00e1\u00f1anos en tu pr\u00f3ximo curso de verano en Lignano Sabbiadoro, donde el sol, las playas de arena fina y la suave brisa marina te proporcionar\u00e1n una fant\u00e1stica experiencia de estudio.","og_url":"https:\/\/linguavivagroup.com\/es\/curso-de-verano-para-jovenes-en-lignano\/","og_site_name":"Linguaviva Educational Group","article_modified_time":"2024-04-02T13:15:08+00:00","og_image":[{"width":1920,"height":923,"url":"https:\/\/linguavivagroup.com\/wp-content\/uploads\/2023\/04\/Educational-group.jpg","type":"image\/jpeg"}],"twitter_card":"summary_large_image","twitter_misc":{"Tiempo de lectura":"3 minutos"},"schema":{"@context":"https:\/\/schema.org","@graph":[{"@type":"WebPage","@id":"https:\/\/linguavivagroup.com\/es\/curso-de-verano-para-jovenes-en-lignano\/","url":"https:\/\/linguavivagroup.com\/es\/curso-de-verano-para-jovenes-en-lignano\/","name":"CURSO DE VERANO PARA J\u00d3VENES EN LIGNANO | Linguaviva Educational Group","isPartOf":{"@id":"https:\/\/linguavivagroup.com\/es\/#website"},"datePublished":"2023-07-26T07:55:52+00:00","dateModified":"2024-04-02T13:15:08+00:00","description":"Acomp\u00e1\u00f1anos en tu pr\u00f3ximo curso de verano en Lignano Sabbiadoro, donde el sol, las playas de arena fina y la suave brisa marina te proporcionar\u00e1n una fant\u00e1stica experiencia de estudio.","breadcrumb":{"@id":"https:\/\/linguavivagroup.com\/es\/curso-de-verano-para-jovenes-en-lignano\/#breadcrumb"},"inLanguage":"es","potentialAction":[{"@type":"ReadAction","target":["https:\/\/linguavivagroup.com\/es\/curso-de-verano-para-jovenes-en-lignano\/"]}]},{"@type":"BreadcrumbList","@id":"https:\/\/linguavivagroup.com\/es\/curso-de-verano-para-jovenes-en-lignano\/#breadcrumb","itemListElement":[{"@type":"ListItem","position":1,"name":"Home","item":"https:\/\/linguavivagroup.com\/es\/"},{"@type":"ListItem","position":2,"name":"CURSO DE VERANO PARA J\u00d3VENES EN LIGNANO"}]},{"@type":"WebSite","@id":"https:\/\/linguavivagroup.com\/es\/#website","url":"https:\/\/linguavivagroup.com\/es\/","name":"Linguaviva Educational Group","description":"Study and learn italian in italy","publisher":{"@id":"https:\/\/linguavivagroup.com\/es\/#organization"},"potentialAction":[{"@type":"SearchAction","target":{"@type":"EntryPoint","urlTemplate":"https:\/\/linguavivagroup.com\/es\/?s={search_term_string}"},"query-input":{"@type":"PropertyValueSpecification","valueRequired":true,"valueName":"search_term_string"}}],"inLanguage":"es"},{"@type":"Organization","@id":"https:\/\/linguavivagroup.com\/es\/#organization","name":"Linguaviva Educational Group","url":"https:\/\/linguavivagroup.com\/es\/","logo":{"@type":"ImageObject","inLanguage":"es","@id":"https:\/\/linguavivagroup.com\/es\/#\/schema\/logo\/image\/","url":"https:\/\/linguavivagroup.com\/wp-content\/uploads\/2026\/03\/logo-linguaviva-bianco-50-260.png","contentUrl":"https:\/\/linguavivagroup.com\/wp-content\/uploads\/2026\/03\/logo-linguaviva-bianco-50-260.png","width":260,"height":48,"caption":"Linguaviva Educational Group"},"image":{"@id":"https:\/\/linguavivagroup.com\/es\/#\/schema\/logo\/image\/"}}]}},"_links":{"self":[{"href":"https:\/\/linguavivagroup.com\/es\/wp-json\/wp\/v2\/pages\/3273","targetHints":{"allow":["GET"]}}],"collection":[{"href":"https:\/\/linguavivagroup.com\/es\/wp-json\/wp\/v2\/pages"}],"about":[{"href":"https:\/\/linguavivagroup.com\/es\/wp-json\/wp\/v2\/types\/page"}],"author":[{"embeddable":true,"href":"https:\/\/linguavivagroup.com\/es\/wp-json\/wp\/v2\/users\/4"}],"replies":[{"embeddable":true,"href":"https:\/\/linguavivagroup.com\/es\/wp-json\/wp\/v2\/comments?post=3273"}],"version-history":[{"count":13,"href":"https:\/\/linguavivagroup.com\/es\/wp-json\/wp\/v2\/pages\/3273\/revisions"}],"predecessor-version":[{"id":9820,"href":"https:\/\/linguavivagroup.com\/es\/wp-json\/wp\/v2\/pages\/3273\/revisions\/9820"}],"wp:attachment":[{"href":"https:\/\/linguavivagroup.com\/es\/wp-json\/wp\/v2\/media?parent=3273"}],"curies":[{"name":"wp","href":"https:\/\/api.w.org\/{rel}","templated":true}]}}