{"id":3281,"date":"2023-07-25T15:55:39","date_gmt":"2023-07-25T13:55:39","guid":{"rendered":"https:\/\/linguavivagroup.com\/?page_id=3281"},"modified":"2024-04-02T12:44:09","modified_gmt":"2024-04-02T10:44:09","slug":"estudiar-italiano-en-italia","status":"publish","type":"page","link":"https:\/\/linguavivagroup.com\/es\/estudiar-italiano-en-italia\/","title":{"rendered":"ESTUDIOS ACAD\u00c9MICOS"},"content":{"rendered":"<section class=\"wpb-content-wrapper\"><p>[vc_row full_width=\u00bbstretch_row_content_no_spaces\u00bb el_class=\u00bbheader-image\u00bb][vc_column][vc_single_image image=\u00bb5187&#8243; img_size=\u00bbfull\u00bb el_class=\u00bbimg-header-big\u00bb][vc_single_image image=\u00bb5235&#8243; img_size=\u00bbfull\u00bb el_class=\u00bbimg-header-small\u00bb][\/vc_column][\/vc_row][vc_row el_class=\u00bbsezione\u00bb][vc_column width=\u00bb2\/12&#8243;][\/vc_column][vc_column width=\u00bb8\/12&#8243;][vc_column_text el_class=\u00bbred\u00bb]<\/p>\n<h1 style=\"text-align: center;\">CURSOS PREPARATORIOS PARA LA UNIVERSIDAD ITALIANA<\/h1>\n<p>[\/vc_column_text][vc_column_text]\u00bfQuieres estudiar italiano y prepararte para ir a una universidad italiana? Linguaviva te ofrece la oportunidad de disfrutar de una experiencia de estudio entretenida y estimulante en Italia. No importa si eliges sumergirte en la cultura art\u00edstica e hist\u00f3rica de Florencia o disfrutar del ambiente moderno y din\u00e1mico de Mil\u00e1n, nuestros cursos te permitir\u00e1n aprender el idioma y adquirir las habilidades necesarias para el entorno acad\u00e9mico italiano.[\/vc_column_text][\/vc_column][vc_column width=\u00bb2\/12&#8243;][\/vc_column][\/vc_row][vc_row gap=\u00bb30&#8243; el_class=\u00bbsezione\u00bb][vc_column width=\u00bb1\/3&#8243;][vc_column_text el_class=\u00bbred\u00bb]<\/p>\n<h2>CURSOS<\/h2>\n<p>[\/vc_column_text][vc_column_text]Elige tu pr\u00f3ximo camino educativo.[\/vc_column_text][vc_btn title=\u00bb\u00bb align=\u00bbright\u00bb el_class=\u00bbbtn-arrow-red\u00bb link=\u00bburl:https%3A%2F%2Flinguavivagroup.com%2Fes%2Fcursos-de-lengua-y-cultura-italianas%2F\u00bb][\/vc_column][vc_column width=\u00bb2\/3&#8243;][\/vc_column][\/vc_row][vc_row][vc_column][vc_basic_grid post_type=\u00bbcourses\u00bb max_items=\u00bb-1&#8243; gap=\u00bb15&#8243; orderby=\u00bbmenu_order\u00bb item=\u00bb508&#8243; initial_loading_animation=\u00bbnone\u00bb grid_id=\u00bbvc_gid:1711532773920-6edfbbb4-a093-8&#8243; el_class=\u00bbelenco-corsi elenco-corsi-red\u00bb taxonomies=\u00bb174&#8243;][\/vc_column][\/vc_row][vc_row full_width=\u00bbstretch_row\u00bb el_class=\u00bbsezione bg-red\u00bb][vc_column][vc_row_inner el_class=\u00bbrow-banner-v2_1&#8243;][vc_column_inner width=\u00bb1\/12&#8243;][\/vc_column_inner][vc_column_inner width=\u00bb6\/12&#8243;][vc_single_image image=\u00bb5069&#8243; img_size=\u00bbfull\u00bb onclick=\u00bbcustom_link\u00bb link=\u00bb#\u00bb el_class=\u00bbimg-hover-zoom\u00bb][\/vc_column_inner][vc_column_inner el_class=\u00bbcol-mleft-40&#8243; width=\u00bb4\/12&#8243;][vc_column_text el_class=\u00bbwhite\u00bb]<\/p>\n<h2>CURSOS Y PREPARACI\u00d3N UNIVERSITARIA EN FLORENCIA<\/h2>\n<p>[\/vc_column_text][\/vc_column_inner][vc_column_inner width=\u00bb1\/12&#8243;][\/vc_column_inner][\/vc_row_inner][vc_row_inner el_class=\u00bbrow-banner-v2_2 no-padding\u00bb][vc_column_inner width=\u00bb1\/12&#8243;][\/vc_column_inner][vc_column_inner width=\u00bb4\/12&#8243;][vc_column_text el_class=\u00bbwhite\u00bb]Florencia, la ciudad del arte y la cultura, te abre sus puertas para un curso inolvidable. Gracias a los programas de Linguaviva, podr\u00e1s sumergirte en el aprendizaje del italiano y descubrir las maravillas de esta fascinante ciudad. Las entretenidas clases y las actividades culturales a medida te brindar\u00e1n la oportunidad de explorar los tesoros art\u00edsticos de Florencia, visitar museos de renombre y admirar una arquitectura \u00fanica. Respirar\u00e1s la m\u00e1gica atm\u00f3sfera de la ciudad mientras te deleitas con los platos tradicionales italianos. Aprovecha esta extraordinaria oportunidad para mejorar tus conocimientos ling\u00fc\u00edsticos y sumergirte de lleno en la cultura italiana. Tu curso en Florencia supondr\u00e1 una experiencia \u00fanica y estimulante que te permitir\u00e1 vivir la ciudad de forma aut\u00e9ntica y apreciar todos sus matices art\u00edsticos e hist\u00f3ricos.[\/vc_column_text][vc_btn title=\u00bb\u00bb align=\u00bbright\u00bb el_class=\u00bbbtn-arrow-white\u00bb link=\u00bburl:https%3A%2F%2Flinguavivagroup.com%2Fes%2Festudia-italiano-en-florencia%2F\u00bb][\/vc_column_inner][vc_column_inner width=\u00bb6\/12&#8243;][vc_single_image image=\u00bb2505&#8243; img_size=\u00bbfull\u00bb onclick=\u00bbcustom_link\u00bb link=\u00bb#\u00bb el_class=\u00bbimg-hover-zoom\u00bb][\/vc_column_inner][vc_column_inner width=\u00bb1\/12&#8243;][\/vc_column_inner][\/vc_row_inner][\/vc_column][\/vc_row][vc_row full_width=\u00bbstretch_row\u00bb el_class=\u00bbsezione bg-light-grey\u00bb][vc_column][vc_row_inner el_class=\u00bbrow-banner-v2_1&#8243;][vc_column_inner width=\u00bb1\/12&#8243;][\/vc_column_inner][vc_column_inner el_class=\u00bbcol-mright-50&#8243; width=\u00bb4\/12&#8243;][vc_column_text el_class=\u00bbred\u00bb]<\/p>\n<h2>CURSOS Y PREPARACI\u00d3N UNIVERSITARIA EN MIL\u00c1N<\/h2>\n<p>[\/vc_column_text][\/vc_column_inner][vc_column_inner width=\u00bb6\/12&#8243;][vc_single_image image=\u00bb5077&#8243; img_size=\u00bbfull\u00bb onclick=\u00bbcustom_link\u00bb link=\u00bb#\u00bb el_class=\u00bbimg-hover-zoom\u00bb][\/vc_column_inner][vc_column_inner width=\u00bb1\/12&#8243;][\/vc_column_inner][\/vc_row_inner][vc_row_inner el_class=\u00bbrow-banner-v2_2 no-padding\u00bb][vc_column_inner width=\u00bb1\/12&#8243;][\/vc_column_inner][vc_column_inner width=\u00bb6\/12&#8243;][vc_single_image image=\u00bb2509&#8243; img_size=\u00bbfull\u00bb onclick=\u00bbcustom_link\u00bb link=\u00bb#\u00bb el_class=\u00bbimg-hover-zoom\u00bb][\/vc_column_inner][vc_column_inner width=\u00bb4\/12&#8243;][vc_column_text]Mil\u00e1n, la ciudad de la moda y el dise\u00f1o, te da la bienvenida para un curso inolvidable. Gracias a los programas de Linguaviva, podr\u00e1s aprender italiano de forma entretenida y estimulante y descubrir la vitalidad y la energ\u00eda de esta ciudad cosmopolita. Mil\u00e1n ofrece muchas oportunidades para enriquecer tu aprendizaje, incluida la posibilidad de visitar museos y exposiciones de arte, degustar la cocina de la zona y divertirte con la vida nocturna de la ciudad. Tambi\u00e9n podr\u00e1s disfrutar de la belleza arquitect\u00f3nica de Mil\u00e1n, que incluye obras renacentistas y modernos rascacielos. No te pierdas la oportunidad de enriquecer tus conocimientos ling\u00fc\u00edsticos y experimentar plenamente la vida milanesa. Elige Mil\u00e1n para tu pr\u00f3xima estancia de estudios y prepara tu futuro universitario en Italia.[\/vc_column_text][vc_btn title=\u00bb\u00bb align=\u00bbright\u00bb el_class=\u00bbbtn-arrow-red\u00bb link=\u00bburl:https%3A%2F%2Flinguavivagroup.com%2Fes%2Funiversita-milano%2F\u00bb][\/vc_column_inner][vc_column_inner width=\u00bb1\/12&#8243;][\/vc_column_inner][\/vc_row_inner][\/vc_column][\/vc_row][vc_row full_width=\u00bbstretch_row\u00bb el_class=\u00bbsezione bg-light-grey no-padding-bottom\u00bb][vc_column width=\u00bb2\/12&#8243;][\/vc_column][vc_column width=\u00bb8\/12&#8243;][vc_column_text el_class=\u00bbred no-margin\u00bb]<\/p>\n<h2 style=\"text-align: center;\">ESCUELA LINGUAVIVA<\/h2>\n<p>[\/vc_column_text][\/vc_column][vc_column width=\u00bb2\/12&#8243;][\/vc_column][\/vc_row][vc_row full_width=\u00bbstretch_row\u00bb el_class=\u00bbsezione bg-light-grey\u00bb][vc_column][vc_row_inner equal_height=\u00bbyes\u00bb gap=\u00bb30&#8243; el_class=\u00bbrow-banner-v2_1&#8243;][vc_column_inner width=\u00bb1\/12&#8243;][\/vc_column_inner][vc_column_inner width=\u00bb6\/12&#8243;][vc_single_image image=\u00bb313&#8243; img_size=\u00bbfull\u00bb el_class=\u00bbsquare square-small s-top-50 s-left-50&#8243;][vc_single_image image=\u00bb337&#8243; img_size=\u00bbfull\u00bb el_class=\u00bbsquare square-small s-top-50 s-left50&#8243;][vc_single_image image=\u00bb367&#8243; img_size=\u00bbfull\u00bb el_class=\u00bbsquare square-small s-top50 s-left-50&#8243;][vc_single_image image=\u00bb379&#8243; img_size=\u00bbfull\u00bb el_class=\u00bbsquare square-small s-bottom-50 s-left-50&#8243;][vc_single_image image=\u00bb1374&#8243; img_size=\u00bbfull\u00bb onclick=\u00bbcustom_link\u00bb link=\u00bb#\u00bb el_class=\u00bbimg-hover-zoom\u00bb][\/vc_column_inner][vc_column_inner width=\u00bb3\/12&#8243;][vc_column_text]Linguaviva fue fundada en Florencia en 1976 con el objetivo de promover el aprendizaje del idioma italiano y todo lo que lo rodea.[\/vc_column_text][\/vc_column_inner][vc_column_inner width=\u00bb2\/12&#8243;][\/vc_column_inner][\/vc_row_inner][vc_row_inner equal_height=\u00bbyes\u00bb gap=\u00bb30&#8243; el_class=\u00bbrow-banner-v2_2 no-padding\u00bb][vc_column_inner width=\u00bb2\/12&#8243;][\/vc_column_inner][vc_column_inner width=\u00bb3\/12&#8243;][vc_column_text]Fuimos una de las primeras escuelas en organizar viajes de estudio que combinan un alto nivel de educaci\u00f3n en idiomas y cultura.[\/vc_column_text][vc_btn title=\u00bb\u00bb align=\u00bbright\u00bb el_class=\u00bbbtn-arrow-dark\u00bb link=\u00bburl:https%3A%2F%2Flinguavivagroup.com%2Fes%2Fsobre-nosotros%2F\u00bb][\/vc_column_inner][vc_column_inner width=\u00bb6\/12&#8243;][vc_single_image image=\u00bb379&#8243; img_size=\u00bbfull\u00bb el_class=\u00bbsquare square-small s-bottom-50 s-right-50&#8243;][vc_single_image image=\u00bb367&#8243; img_size=\u00bbfull\u00bb el_class=\u00bbsquare square-small s-bottom-50 s-right50 z-index-1&#8243;][vc_single_image image=\u00bb367&#8243; img_size=\u00bbfull\u00bb el_class=\u00bbsquare square-small s-bottom50 s-right-50&#8243;][vc_single_image image=\u00bb355&#8243; img_size=\u00bbfull\u00bb el_class=\u00bbsquare square-small s-bottom-50 s-left-50&#8243;][vc_single_image image=\u00bb1378&#8243; img_size=\u00bbfull\u00bb onclick=\u00bbcustom_link\u00bb link=\u00bb#\u00bb el_class=\u00bbimg-hover-zoom\u00bb][\/vc_column_inner][vc_column_inner width=\u00bb1\/12&#8243;][\/vc_column_inner][\/vc_row_inner][\/vc_column][\/vc_row][vc_row full_width=\u00bbstretch_row\u00bb full_height=\u00bbyes\u00bb content_placement=\u00bbmiddle\u00bb el_class=\u00bbparallax-row\u00bb css=\u00bb.vc_custom_1682515566461{background-image: url(https:\/\/linguavivagroup.com\/wp-content\/uploads\/2023\/04\/Experience.jpg?id=488) !important;}\u00bb][vc_column width=\u00bb2\/12&#8243;][\/vc_column][vc_column width=\u00bb8\/12&#8243;][vc_column_text el_class=\u00bbwhite\u00bb]<\/p>\n<h2 style=\"text-align: center;\">EXPERIENCIA ITALIA<\/h2>\n<p>[\/vc_column_text][vc_column_text el_class=\u00bbwhite\u00bb]<\/p>\n<p style=\"text-align: center;\">Descubre el pa\u00eds, la gente y la cultura.<\/p>\n<p>[\/vc_column_text][\/vc_column][vc_column width=\u00bb2\/12&#8243;][\/vc_column][\/vc_row][vc_row][vc_column][\/vc_column][\/vc_row][vc_row full_width=\u00bbstretch_row_content_no_spaces\u00bb el_class=\u00bbsezione bg-red-blue\u00bb][vc_column width=\u00bb1\/2&#8243; el_class=\u00bbcol-half-color-left\u00bb][vc_column_text el_class=\u00bbwhite\u00bb]<\/p>\n<h2>ACOMODACI\u00d3N<\/h2>\n<p>[\/vc_column_text][vc_column_text el_class=\u00bbwhite\u00bb]Elige el destino de tu pr\u00f3xima experiencia de estudio en Italia.[\/vc_column_text][vc_btn title=\u00bb\u00bb align=\u00bbright\u00bb el_class=\u00bbbtn-arrow-white\u00bb link=\u00bburl:https%3A%2F%2Flinguavivagroup.com%2Fes%2Fnuestros-alojamientos%2F\u00bb][\/vc_column][vc_column width=\u00bb1\/2&#8243; el_class=\u00bbcol-half-color-right\u00bb][vc_column_text el_class=\u00bbwhite\u00bb]<\/p>\n<h2>FEES<\/h2>\n<p>[\/vc_column_text][vc_column_text el_class=\u00bbwhite\u00bb]Descubre los precios de la estancia de estudio en Italia con Linguaviva.[\/vc_column_text][vc_btn title=\u00bb\u00bb align=\u00bbright\u00bb el_class=\u00bbbtn-arrow-white\u00bb link=\u00bburl:https%3A%2F%2Flinguavivagroup.com%2Fes%2Ffees%2F\u00bb][\/vc_column][\/vc_row][vc_row][vc_column][vc_empty_space height=\u00bb120px\u00bb][\/vc_column][\/vc_row][vc_row full_width=\u00bbstretch_row_content_no_spaces\u00bb el_class=\u00bboverflow-visible\u00bb][vc_column][vc_single_image image=\u00bb351&#8243; img_size=\u00bbfull\u00bb el_class=\u00bbsquare square-medium mtop-100 left0&#8243;][vc_single_image image=\u00bb351&#8243; img_size=\u00bbfull\u00bb el_class=\u00bbsquare square-medium top0 left0&#8243;][vc_single_image image=\u00bb351&#8243; img_size=\u00bbfull\u00bb el_class=\u00bbsquare square-medium mtop-100 right0&#8243;][vc_single_image image=\u00bb363&#8243; img_size=\u00bbfull\u00bb el_class=\u00bbsquare square-medium top0 right0&#8243;][\/vc_column][\/vc_row][vc_row full_width=\u00bbstretch_row_content_no_spaces\u00bb equal_height=\u00bbyes\u00bb content_placement=\u00bbmiddle\u00bb el_class=\u00bbbg-light-grey\u00bb][vc_column width=\u00bb1\/2&#8243;][vc_single_image image=\u00bb2513&#8243; img_size=\u00bbfull\u00bb alignment=\u00bbcenter\u00bb el_class=\u00bbno-margin img-hover-zoom\u00bb][vc_column_text el_class=\u00bbbanner-corso-title banner-turismo-title bg-red\u00bb]<\/p>\n<h3 style=\"text-align: center;\"><a href=\"https:\/\/linguavivagroup.com\/es\/aprende-italiano-y-disfruta-de-italia\/\">\u00bfBUSCAS TURISMO CULTURAL?<\/a><\/h3>\n<p>[\/vc_column_text][\/vc_column][vc_column width=\u00bb1\/2&#8243;][vc_single_image image=\u00bb1387&#8243; img_size=\u00bbfull\u00bb alignment=\u00bbcenter\u00bb el_class=\u00bbno-margin img-hover-zoom\u00bb][vc_column_text el_class=\u00bbbanner-corso-title banner-turismo-title bg-blue\u00bb]<\/p>\n<h3 style=\"text-align: center;\"><a href=\"https:\/\/linguavivagroup.com\/es\/curso-de-verano-para-jovenes\/\">\u00bfVACACIONES DE ESTUDIO PARA J\u00d3VENES?<\/a><\/h3>\n<p>[\/vc_column_text][\/vc_column][\/vc_row]<\/p>\n<\/section>","protected":false},"excerpt":{"rendered":"<p>[vc_row full_width=\u00bbstretch_row_content_no_spaces\u00bb el_class=\u00bbheader-image\u00bb][vc_column][vc_single_image image=\u00bb5187&#8243; img_size=\u00bbfull\u00bb el_class=\u00bbimg-header-big\u00bb][vc_single_image image=\u00bb5235&#8243; img_size=\u00bbfull\u00bb el_class=\u00bbimg-header-small\u00bb][\/vc_column][\/vc_row][vc_row el_class=\u00bbsezione\u00bb][vc_column width=\u00bb2\/12&#8243;][\/vc_column][vc_column width=\u00bb8\/12&#8243;][vc_column_text el_class=\u00bbred\u00bb] CURSOS PREPARATORIOS PARA LA UNIVERSIDAD ITALIANA [\/vc_column_text][vc_column_text]\u00bfQuieres estudiar italiano y prepararte para ir a una universidad italiana? Linguaviva te ofrece la oportunidad de disfrutar de una experiencia de estudio entretenida y estimulante en Italia. No importa si eliges sumergirte en la cultura [&hellip;]<\/p>\n","protected":false},"author":4,"featured_media":0,"parent":0,"menu_order":-1,"comment_status":"closed","ping_status":"closed","template":"","meta":{"inline_featured_image":false,"footnotes":""},"class_list":["post-3281","page","type-page","status-publish","hentry"],"yoast_head":"<!-- This site is optimized with the Yoast SEO plugin v27.2 - https:\/\/yoast.com\/product\/yoast-seo-wordpress\/ -->\n<title>ESTUDIOS ACAD\u00c9MICOS | Linguaviva Educational Group<\/title>\n<meta name=\"description\" content=\"\u00bfQuieres estudiar italiano y prepararte para ir a una universidad italiana? Linguaviva te ofrece la oportunidad de disfrutar de una experiencia de estudio entretenida y estimulante en Italia.\" \/>\n<meta name=\"robots\" content=\"index, follow, max-snippet:-1, max-image-preview:large, max-video-preview:-1\" \/>\n<link rel=\"canonical\" href=\"https:\/\/linguavivagroup.com\/es\/estudiar-italiano-en-italia\/\" \/>\n<meta property=\"og:locale\" content=\"es_ES\" \/>\n<meta property=\"og:type\" content=\"article\" \/>\n<meta property=\"og:title\" content=\"ESTUDIOS ACAD\u00c9MICOS | Linguaviva Educational Group\" \/>\n<meta property=\"og:description\" content=\"\u00bfQuieres estudiar italiano y prepararte para ir a una universidad italiana? Linguaviva te ofrece la oportunidad de disfrutar de una experiencia de estudio entretenida y estimulante en Italia.\" \/>\n<meta property=\"og:url\" content=\"https:\/\/linguavivagroup.com\/es\/estudiar-italiano-en-italia\/\" \/>\n<meta property=\"og:site_name\" content=\"Linguaviva Educational Group\" \/>\n<meta property=\"article:modified_time\" content=\"2024-04-02T10:44:09+00:00\" \/>\n<meta property=\"og:image\" content=\"https:\/\/linguavivagroup.com\/wp-content\/uploads\/2023\/04\/Educational-group.jpg\" \/>\n\t<meta property=\"og:image:width\" content=\"1920\" \/>\n\t<meta property=\"og:image:height\" content=\"923\" \/>\n\t<meta property=\"og:image:type\" content=\"image\/jpeg\" \/>\n<meta name=\"twitter:card\" content=\"summary_large_image\" \/>\n<meta name=\"twitter:label1\" content=\"Tiempo de lectura\" \/>\n\t<meta name=\"twitter:data1\" content=\"4 minutos\" \/>\n<script type=\"application\/ld+json\" class=\"yoast-schema-graph\">{\"@context\":\"https:\/\/schema.org\",\"@graph\":[{\"@type\":\"WebPage\",\"@id\":\"https:\/\/linguavivagroup.com\/es\/estudiar-italiano-en-italia\/\",\"url\":\"https:\/\/linguavivagroup.com\/es\/estudiar-italiano-en-italia\/\",\"name\":\"ESTUDIOS ACAD\u00c9MICOS | Linguaviva Educational Group\",\"isPartOf\":{\"@id\":\"https:\/\/linguavivagroup.com\/es\/#website\"},\"datePublished\":\"2023-07-25T13:55:39+00:00\",\"dateModified\":\"2024-04-02T10:44:09+00:00\",\"description\":\"\u00bfQuieres estudiar italiano y prepararte para ir a una universidad italiana? Linguaviva te ofrece la oportunidad de disfrutar de una experiencia de estudio entretenida y estimulante en Italia.\",\"breadcrumb\":{\"@id\":\"https:\/\/linguavivagroup.com\/es\/estudiar-italiano-en-italia\/#breadcrumb\"},\"inLanguage\":\"es\",\"potentialAction\":[{\"@type\":\"ReadAction\",\"target\":[\"https:\/\/linguavivagroup.com\/es\/estudiar-italiano-en-italia\/\"]}]},{\"@type\":\"BreadcrumbList\",\"@id\":\"https:\/\/linguavivagroup.com\/es\/estudiar-italiano-en-italia\/#breadcrumb\",\"itemListElement\":[{\"@type\":\"ListItem\",\"position\":1,\"name\":\"Home\",\"item\":\"https:\/\/linguavivagroup.com\/es\/\"},{\"@type\":\"ListItem\",\"position\":2,\"name\":\"ESTUDIOS ACAD\u00c9MICOS\"}]},{\"@type\":\"WebSite\",\"@id\":\"https:\/\/linguavivagroup.com\/es\/#website\",\"url\":\"https:\/\/linguavivagroup.com\/es\/\",\"name\":\"Linguaviva Educational Group\",\"description\":\"Study and learn italian in italy\",\"publisher\":{\"@id\":\"https:\/\/linguavivagroup.com\/es\/#organization\"},\"potentialAction\":[{\"@type\":\"SearchAction\",\"target\":{\"@type\":\"EntryPoint\",\"urlTemplate\":\"https:\/\/linguavivagroup.com\/es\/?s={search_term_string}\"},\"query-input\":{\"@type\":\"PropertyValueSpecification\",\"valueRequired\":true,\"valueName\":\"search_term_string\"}}],\"inLanguage\":\"es\"},{\"@type\":\"Organization\",\"@id\":\"https:\/\/linguavivagroup.com\/es\/#organization\",\"name\":\"Linguaviva Educational Group\",\"url\":\"https:\/\/linguavivagroup.com\/es\/\",\"logo\":{\"@type\":\"ImageObject\",\"inLanguage\":\"es\",\"@id\":\"https:\/\/linguavivagroup.com\/es\/#\/schema\/logo\/image\/\",\"url\":\"https:\/\/linguavivagroup.com\/wp-content\/uploads\/2026\/03\/logo-linguaviva-bianco-50-260.png\",\"contentUrl\":\"https:\/\/linguavivagroup.com\/wp-content\/uploads\/2026\/03\/logo-linguaviva-bianco-50-260.png\",\"width\":260,\"height\":48,\"caption\":\"Linguaviva Educational Group\"},\"image\":{\"@id\":\"https:\/\/linguavivagroup.com\/es\/#\/schema\/logo\/image\/\"}}]}<\/script>\n<!-- \/ Yoast SEO plugin. -->","yoast_head_json":{"title":"ESTUDIOS ACAD\u00c9MICOS | Linguaviva Educational Group","description":"\u00bfQuieres estudiar italiano y prepararte para ir a una universidad italiana? Linguaviva te ofrece la oportunidad de disfrutar de una experiencia de estudio entretenida y estimulante en Italia.","robots":{"index":"index","follow":"follow","max-snippet":"max-snippet:-1","max-image-preview":"max-image-preview:large","max-video-preview":"max-video-preview:-1"},"canonical":"https:\/\/linguavivagroup.com\/es\/estudiar-italiano-en-italia\/","og_locale":"es_ES","og_type":"article","og_title":"ESTUDIOS ACAD\u00c9MICOS | Linguaviva Educational Group","og_description":"\u00bfQuieres estudiar italiano y prepararte para ir a una universidad italiana? Linguaviva te ofrece la oportunidad de disfrutar de una experiencia de estudio entretenida y estimulante en Italia.","og_url":"https:\/\/linguavivagroup.com\/es\/estudiar-italiano-en-italia\/","og_site_name":"Linguaviva Educational Group","article_modified_time":"2024-04-02T10:44:09+00:00","og_image":[{"width":1920,"height":923,"url":"https:\/\/linguavivagroup.com\/wp-content\/uploads\/2023\/04\/Educational-group.jpg","type":"image\/jpeg"}],"twitter_card":"summary_large_image","twitter_misc":{"Tiempo de lectura":"4 minutos"},"schema":{"@context":"https:\/\/schema.org","@graph":[{"@type":"WebPage","@id":"https:\/\/linguavivagroup.com\/es\/estudiar-italiano-en-italia\/","url":"https:\/\/linguavivagroup.com\/es\/estudiar-italiano-en-italia\/","name":"ESTUDIOS ACAD\u00c9MICOS | Linguaviva Educational Group","isPartOf":{"@id":"https:\/\/linguavivagroup.com\/es\/#website"},"datePublished":"2023-07-25T13:55:39+00:00","dateModified":"2024-04-02T10:44:09+00:00","description":"\u00bfQuieres estudiar italiano y prepararte para ir a una universidad italiana? Linguaviva te ofrece la oportunidad de disfrutar de una experiencia de estudio entretenida y estimulante en Italia.","breadcrumb":{"@id":"https:\/\/linguavivagroup.com\/es\/estudiar-italiano-en-italia\/#breadcrumb"},"inLanguage":"es","potentialAction":[{"@type":"ReadAction","target":["https:\/\/linguavivagroup.com\/es\/estudiar-italiano-en-italia\/"]}]},{"@type":"BreadcrumbList","@id":"https:\/\/linguavivagroup.com\/es\/estudiar-italiano-en-italia\/#breadcrumb","itemListElement":[{"@type":"ListItem","position":1,"name":"Home","item":"https:\/\/linguavivagroup.com\/es\/"},{"@type":"ListItem","position":2,"name":"ESTUDIOS ACAD\u00c9MICOS"}]},{"@type":"WebSite","@id":"https:\/\/linguavivagroup.com\/es\/#website","url":"https:\/\/linguavivagroup.com\/es\/","name":"Linguaviva Educational Group","description":"Study and learn italian in italy","publisher":{"@id":"https:\/\/linguavivagroup.com\/es\/#organization"},"potentialAction":[{"@type":"SearchAction","target":{"@type":"EntryPoint","urlTemplate":"https:\/\/linguavivagroup.com\/es\/?s={search_term_string}"},"query-input":{"@type":"PropertyValueSpecification","valueRequired":true,"valueName":"search_term_string"}}],"inLanguage":"es"},{"@type":"Organization","@id":"https:\/\/linguavivagroup.com\/es\/#organization","name":"Linguaviva Educational Group","url":"https:\/\/linguavivagroup.com\/es\/","logo":{"@type":"ImageObject","inLanguage":"es","@id":"https:\/\/linguavivagroup.com\/es\/#\/schema\/logo\/image\/","url":"https:\/\/linguavivagroup.com\/wp-content\/uploads\/2026\/03\/logo-linguaviva-bianco-50-260.png","contentUrl":"https:\/\/linguavivagroup.com\/wp-content\/uploads\/2026\/03\/logo-linguaviva-bianco-50-260.png","width":260,"height":48,"caption":"Linguaviva Educational Group"},"image":{"@id":"https:\/\/linguavivagroup.com\/es\/#\/schema\/logo\/image\/"}}]}},"_links":{"self":[{"href":"https:\/\/linguavivagroup.com\/es\/wp-json\/wp\/v2\/pages\/3281","targetHints":{"allow":["GET"]}}],"collection":[{"href":"https:\/\/linguavivagroup.com\/es\/wp-json\/wp\/v2\/pages"}],"about":[{"href":"https:\/\/linguavivagroup.com\/es\/wp-json\/wp\/v2\/types\/page"}],"author":[{"embeddable":true,"href":"https:\/\/linguavivagroup.com\/es\/wp-json\/wp\/v2\/users\/4"}],"replies":[{"embeddable":true,"href":"https:\/\/linguavivagroup.com\/es\/wp-json\/wp\/v2\/comments?post=3281"}],"version-history":[{"count":17,"href":"https:\/\/linguavivagroup.com\/es\/wp-json\/wp\/v2\/pages\/3281\/revisions"}],"predecessor-version":[{"id":9797,"href":"https:\/\/linguavivagroup.com\/es\/wp-json\/wp\/v2\/pages\/3281\/revisions\/9797"}],"wp:attachment":[{"href":"https:\/\/linguavivagroup.com\/es\/wp-json\/wp\/v2\/media?parent=3281"}],"curies":[{"name":"wp","href":"https:\/\/api.w.org\/{rel}","templated":true}]}}