{"id":3285,"date":"2023-07-25T17:27:29","date_gmt":"2023-07-25T15:27:29","guid":{"rendered":"https:\/\/linguavivagroup.com\/?page_id=3285"},"modified":"2024-04-02T12:36:22","modified_gmt":"2024-04-02T10:36:22","slug":"estudia-italiano-en-florencia","status":"publish","type":"page","link":"https:\/\/linguavivagroup.com\/es\/estudia-italiano-en-florencia\/","title":{"rendered":"ESTUDIA ITALIANO EN FLORENCIA"},"content":{"rendered":"<section class=\"wpb-content-wrapper\"><p>[vc_row full_width=\u00bbstretch_row_content_no_spaces\u00bb el_class=\u00bbheader-image\u00bb][vc_column][vc_single_image image=\u00bb2595&#8243; img_size=\u00bbfull\u00bb el_class=\u00bbimg-header-big\u00bb][vc_single_image image=\u00bb2599&#8243; img_size=\u00bbfull\u00bb el_class=\u00bbimg-header-small\u00bb][\/vc_column][\/vc_row][vc_row el_class=\u00bbsezione\u00bb][vc_column width=\u00bb2\/12&#8243;][\/vc_column][vc_column width=\u00bb8\/12&#8243;][vc_column_text el_class=\u00bbred\u00bb]<\/p>\n<h1 style=\"text-align: center;\">PREPARACION ACADEMICA EN FLORENCIA<\/h1>\n<p>[\/vc_column_text][vc_column_text]Elige Florencia y prep\u00e1rate para la universidad italiana con Linguaviva. Aprender\u00e1s el idioma mientras vives una experiencia inolvidable en una de las ciudades m\u00e1s fascinantes de Europa. Aqu\u00ed podr\u00e1s sumergirte en la cultura, hacer amigos de todo el mundo y alcanzar tus objetivos acad\u00e9micos en una ciudad rica en historia y belleza.[\/vc_column_text][\/vc_column][vc_column width=\u00bb2\/12&#8243;][\/vc_column][\/vc_row][vc_row full_width=\u00bbstretch_row\u00bb gap=\u00bb30&#8243; el_class=\u00bbsezione bg-red\u00bb][vc_column width=\u00bb5\/12&#8243;][vc_column_text el_class=\u00bbwhite\u00bb]<\/p>\n<h2>ALCANZA TUS OBJETIVOS EN FLORENCIA<\/h2>\n<p>[\/vc_column_text][vc_column_text el_class=\u00bbwhite\u00bb]Linguaviva te ofrece una amplia gama de cursos de italiano a medida para ayudarte a alcanzar tus objetivos acad\u00e9micos. Gracias a nuestros profesores cualificados y al enfoque pedag\u00f3gico innovador, podr\u00e1s mejorar tus conocimientos ling\u00fc\u00edsticos, profundizar en la gram\u00e1tica y desarrollar mejores capacidades de comunicaci\u00f3n en italiano. Participa en experiencias culturales \u00fanicas, como visitas a museos, eventos art\u00edsticos y viajes al coraz\u00f3n de la Toscana, y d\u00e9jate inspirar por la riqueza art\u00edstica e hist\u00f3rica de Florencia. Vivir\u00e1s una experiencia aut\u00e9ntica que te preparar\u00e1 plenamente para el \u00e9xito acad\u00e9mico y personal.[\/vc_column_text][vc_btn title=\u00bb\u00bb align=\u00bbright\u00bb el_class=\u00bbbtn-arrow-white\u00bb link=\u00bburl:https%3A%2F%2Flinguavivagroup.com%2Fes%2Fcursos-de-italiano-en-florencia%2F\u00bb][\/vc_column][vc_column width=\u00bb1\/12&#8243;][\/vc_column][vc_column width=\u00bb1\/2&#8243; el_class=\u00bbslideshow slideshow-small\u00bb][vc_images_carousel images=\u00bb2811,2815,2819,2823&#8243; img_size=\u00bbfull\u00bb onclick=\u00bblink_no\u00bb wrap=\u00bbyes\u00bb][vc_single_image image=\u00bb313&#8243; img_size=\u00bbfull\u00bb el_class=\u00bbsquare square-small s-top-50 s-right-50&#8243;][vc_single_image image=\u00bb337&#8243; img_size=\u00bbfull\u00bb el_class=\u00bbsquare square-small s-top-50 s-right50&#8243;][vc_single_image image=\u00bb337&#8243; img_size=\u00bbfull\u00bb el_class=\u00bbsquare square-small s-top50 s-right-50&#8243;][vc_single_image image=\u00bb337&#8243; img_size=\u00bbfull\u00bb el_class=\u00bbsquare square-small s-bottom-50 s-left-50&#8243;][\/vc_column][\/vc_row][vc_row full_width=\u00bbstretch_row\u00bb gap=\u00bb30&#8243; el_class=\u00bbsezione bg-red no-padding-bottom\u00bb][vc_column width=\u00bb6\/12&#8243; el_class=\u00bbslideshow slideshow-small\u00bb][vc_images_carousel images=\u00bb2795,2799,2803,2807&#8243; img_size=\u00bbfull\u00bb onclick=\u00bblink_no\u00bb wrap=\u00bbyes\u00bb][vc_single_image image=\u00bb313&#8243; img_size=\u00bbfull\u00bb el_class=\u00bbsquare square-small s-bottom-50 s-left-50&#8243;][vc_single_image image=\u00bb337&#8243; img_size=\u00bbfull\u00bb el_class=\u00bbsquare square-small s-bottom-50 s-left50&#8243;][vc_single_image image=\u00bb337&#8243; img_size=\u00bbfull\u00bb el_class=\u00bbsquare square-small s-bottom50 s-left-50&#8243;][vc_single_image image=\u00bb337&#8243; img_size=\u00bbfull\u00bb el_class=\u00bbsquare square-small s-top-50 s-right-50&#8243;][\/vc_column][vc_column width=\u00bb1\/12&#8243;][\/vc_column][vc_column width=\u00bb5\/12&#8243;][vc_column_text el_class=\u00bbwhite\u00bb]<\/p>\n<h2>FLORENCIA: UNA CIUDAD ESTUDIANTIL<\/h2>\n<p>[\/vc_column_text][vc_column_text el_class=\u00bbwhite\u00bb]Florencia, una ciudad rica en historia y belleza, te da la bienvenida con su incomparable patrimonio art\u00edstico. De las obras maestras renacentistas de Michelangelo y Leonardo da Vinci a la magnificencia del Duomo y el Ponte Vecchio, Florencia te embelesar\u00e1 con su belleza eterna. La ciudad es un animado centro cultural con museos de renombre, galer\u00edas de arte y un ambiente que inspira creatividad y aprendizaje. Descubre lo mejor del arte, la historia y la cultura italianas mientras te sumerges en esta fascinante ciudad.[\/vc_column_text][vc_btn title=\u00bb\u00bb align=\u00bbright\u00bb el_class=\u00bbbtn-arrow-white\u00bb link=\u00bburl:https%3A%2F%2Flinguavivagroup.com%2Fes%2Flugares-florencia%2F\u00bb][\/vc_column][\/vc_row][vc_row full_width=\u00bbstretch_row\u00bb gap=\u00bb30&#8243; el_class=\u00bbsezione bg-light-grey\u00bb][vc_column width=\u00bb1\/2&#8243; el_class=\u00bbslideshow slideshow-small\u00bb][vc_images_carousel images=\u00bb2827,2831,2835&#8243; img_size=\u00bbfull\u00bb onclick=\u00bblink_no\u00bb wrap=\u00bbyes\u00bb][\/vc_column][vc_column width=\u00bb1\/12&#8243;][\/vc_column][vc_column width=\u00bb5\/12&#8243;][vc_column_text el_class=\u00bbred\u00bb]<\/p>\n<h2>ALOJAMIENTO PARA ESTUDIANTES EN FLORENCIA<\/h2>\n<p>[\/vc_column_text][vc_column_text]Ofrecemos diversas opciones de alojamiento para que tu estancia sea c\u00f3moda y se adapte a tus necesidades. Puedes elegir alojarte con familias italianas, sumergi\u00e9ndote en la rica cultura y practicando italiano en un ambiente familiar y acogedor. Si prefieres un ambiente m\u00e1s sociable, puedes optar por un piso compartido con otros estudiantes internacionales, creando amistades duraderas y compartiendo experiencias \u00fanicas en el coraz\u00f3n de Florencia. Si prefieres total independencia, tambi\u00e9n puedes optar por un piso privado, que te ofrecer\u00e1 la libertad de explorar la ciudad a tu aire. Elige el alojamiento que mejor se adapte a tus preferencias y disfruta de una experiencia din\u00e1mica y completa en la maravillosa Florencia.[\/vc_column_text][vc_btn title=\u00bb\u00bb align=\u00bbright\u00bb el_class=\u00bbbtn-arrow-red\u00bb link=\u00bburl:https%3A%2F%2Flinguavivagroup.com%2Fes%2Facomodacion-en-florencia%2F\u00bb][\/vc_column][\/vc_row][vc_row][vc_column][vc_empty_space height=\u00bb90px\u00bb][\/vc_column][\/vc_row][vc_row full_width=\u00bbstretch_row\u00bb el_class=\u00bbsezione bg-white-blue\u00bb][vc_column width=\u00bb1\/12&#8243;][\/vc_column][vc_column width=\u00bb5\/12&#8243;][vc_column_text el_class=\u00bbwhite\u00bb]<\/p>\n<h2>FEES<\/h2>\n<p>[\/vc_column_text][vc_column_text el_class=\u00bbwhite\u00bb]Descubre los precios de la estancia de estudio en Italia con Linguaviva.[\/vc_column_text][vc_btn title=\u00bb\u00bb align=\u00bbright\u00bb el_class=\u00bbbtn-arrow-white\u00bb link=\u00bburl:https%3A%2F%2Flinguavivagroup.com%2Fes%2Ffees%2F\u00bb][\/vc_column][vc_column width=\u00bb1\/2&#8243;][\/vc_column][\/vc_row][vc_row][vc_column][vc_empty_space height=\u00bb90px\u00bb][\/vc_column][\/vc_row][vc_row full_width=\u00bbstretch_row_content_no_spaces\u00bb][vc_column][vc_single_image image=\u00bb2732&#8243; img_size=\u00bbfull\u00bb el_class=\u00bbno-margin\u00bb][vc_row_inner el_class=\u00bbtext-banner-destination\u00bb][vc_column_inner][vc_column_text]<\/p>\n<h2>DESCUBRE<br \/>\nMIL\u00c1N<\/h2>\n<p>[\/vc_column_text][vc_btn title=\u00bb\u00bb align=\u00bbright\u00bb el_class=\u00bbbtn-arrow-white\u00bb link=\u00bburl:https%3A%2F%2Flinguavivagroup.com%2Fes%2Funiversita-milano%2F\u00bb][vc_raw_html]JTNDc3R5bGUlM0UlMEEuZm9vdGVyLWZvcm0lMjAlN0JkaXNwbGF5JTNBJTIwbm9uZSUzQiU3RCUwQSUzQyUyRnN0eWxlJTNF[\/vc_raw_html][\/vc_column_inner][\/vc_row_inner][\/vc_column][\/vc_row]<\/p>\n<\/section>","protected":false},"excerpt":{"rendered":"<p>[vc_row full_width=\u00bbstretch_row_content_no_spaces\u00bb el_class=\u00bbheader-image\u00bb][vc_column][vc_single_image image=\u00bb2595&#8243; img_size=\u00bbfull\u00bb el_class=\u00bbimg-header-big\u00bb][vc_single_image image=\u00bb2599&#8243; img_size=\u00bbfull\u00bb el_class=\u00bbimg-header-small\u00bb][\/vc_column][\/vc_row][vc_row el_class=\u00bbsezione\u00bb][vc_column width=\u00bb2\/12&#8243;][\/vc_column][vc_column width=\u00bb8\/12&#8243;][vc_column_text el_class=\u00bbred\u00bb] PREPARACION ACADEMICA EN FLORENCIA [\/vc_column_text][vc_column_text]Elige Florencia y prep\u00e1rate para la universidad italiana con Linguaviva. Aprender\u00e1s el idioma mientras vives una experiencia inolvidable en una de las ciudades m\u00e1s fascinantes de Europa. Aqu\u00ed podr\u00e1s sumergirte en la cultura, hacer amigos de todo el [&hellip;]<\/p>\n","protected":false},"author":4,"featured_media":0,"parent":0,"menu_order":-1,"comment_status":"closed","ping_status":"closed","template":"","meta":{"inline_featured_image":false,"footnotes":""},"class_list":["post-3285","page","type-page","status-publish","hentry"],"yoast_head":"<!-- This site is optimized with the Yoast SEO plugin v27.2 - https:\/\/yoast.com\/product\/yoast-seo-wordpress\/ -->\n<title>ESTUDIA ITALIANO EN FLORENCIA | Linguaviva Educational Group<\/title>\n<meta name=\"description\" content=\"Elige Florencia y prep\u00e1rate para la universidad italiana con Linguaviva.\" \/>\n<meta name=\"robots\" content=\"index, follow, max-snippet:-1, max-image-preview:large, max-video-preview:-1\" \/>\n<link rel=\"canonical\" href=\"https:\/\/linguavivagroup.com\/es\/estudia-italiano-en-florencia\/\" \/>\n<meta property=\"og:locale\" content=\"es_ES\" \/>\n<meta property=\"og:type\" content=\"article\" \/>\n<meta property=\"og:title\" content=\"ESTUDIA ITALIANO EN FLORENCIA | Linguaviva Educational Group\" \/>\n<meta property=\"og:description\" content=\"Elige Florencia y prep\u00e1rate para la universidad italiana con Linguaviva.\" \/>\n<meta property=\"og:url\" content=\"https:\/\/linguavivagroup.com\/es\/estudia-italiano-en-florencia\/\" \/>\n<meta property=\"og:site_name\" content=\"Linguaviva Educational Group\" \/>\n<meta property=\"article:modified_time\" content=\"2024-04-02T10:36:22+00:00\" \/>\n<meta property=\"og:image\" content=\"https:\/\/linguavivagroup.com\/wp-content\/uploads\/2023\/04\/Educational-group.jpg\" \/>\n\t<meta property=\"og:image:width\" content=\"1920\" \/>\n\t<meta property=\"og:image:height\" content=\"923\" \/>\n\t<meta property=\"og:image:type\" content=\"image\/jpeg\" \/>\n<meta name=\"twitter:card\" content=\"summary_large_image\" \/>\n<meta name=\"twitter:label1\" content=\"Tiempo de lectura\" \/>\n\t<meta name=\"twitter:data1\" content=\"3 minutos\" \/>\n<script type=\"application\/ld+json\" class=\"yoast-schema-graph\">{\"@context\":\"https:\/\/schema.org\",\"@graph\":[{\"@type\":\"WebPage\",\"@id\":\"https:\/\/linguavivagroup.com\/es\/estudia-italiano-en-florencia\/\",\"url\":\"https:\/\/linguavivagroup.com\/es\/estudia-italiano-en-florencia\/\",\"name\":\"ESTUDIA ITALIANO EN FLORENCIA | Linguaviva Educational Group\",\"isPartOf\":{\"@id\":\"https:\/\/linguavivagroup.com\/es\/#website\"},\"datePublished\":\"2023-07-25T15:27:29+00:00\",\"dateModified\":\"2024-04-02T10:36:22+00:00\",\"description\":\"Elige Florencia y prep\u00e1rate para la universidad italiana con Linguaviva.\",\"breadcrumb\":{\"@id\":\"https:\/\/linguavivagroup.com\/es\/estudia-italiano-en-florencia\/#breadcrumb\"},\"inLanguage\":\"es\",\"potentialAction\":[{\"@type\":\"ReadAction\",\"target\":[\"https:\/\/linguavivagroup.com\/es\/estudia-italiano-en-florencia\/\"]}]},{\"@type\":\"BreadcrumbList\",\"@id\":\"https:\/\/linguavivagroup.com\/es\/estudia-italiano-en-florencia\/#breadcrumb\",\"itemListElement\":[{\"@type\":\"ListItem\",\"position\":1,\"name\":\"Home\",\"item\":\"https:\/\/linguavivagroup.com\/es\/\"},{\"@type\":\"ListItem\",\"position\":2,\"name\":\"ESTUDIA ITALIANO EN FLORENCIA\"}]},{\"@type\":\"WebSite\",\"@id\":\"https:\/\/linguavivagroup.com\/es\/#website\",\"url\":\"https:\/\/linguavivagroup.com\/es\/\",\"name\":\"Linguaviva Educational Group\",\"description\":\"Study and learn italian in italy\",\"publisher\":{\"@id\":\"https:\/\/linguavivagroup.com\/es\/#organization\"},\"potentialAction\":[{\"@type\":\"SearchAction\",\"target\":{\"@type\":\"EntryPoint\",\"urlTemplate\":\"https:\/\/linguavivagroup.com\/es\/?s={search_term_string}\"},\"query-input\":{\"@type\":\"PropertyValueSpecification\",\"valueRequired\":true,\"valueName\":\"search_term_string\"}}],\"inLanguage\":\"es\"},{\"@type\":\"Organization\",\"@id\":\"https:\/\/linguavivagroup.com\/es\/#organization\",\"name\":\"Linguaviva Educational Group\",\"url\":\"https:\/\/linguavivagroup.com\/es\/\",\"logo\":{\"@type\":\"ImageObject\",\"inLanguage\":\"es\",\"@id\":\"https:\/\/linguavivagroup.com\/es\/#\/schema\/logo\/image\/\",\"url\":\"https:\/\/linguavivagroup.com\/wp-content\/uploads\/2026\/03\/logo-linguaviva-bianco-50-260.png\",\"contentUrl\":\"https:\/\/linguavivagroup.com\/wp-content\/uploads\/2026\/03\/logo-linguaviva-bianco-50-260.png\",\"width\":260,\"height\":48,\"caption\":\"Linguaviva Educational Group\"},\"image\":{\"@id\":\"https:\/\/linguavivagroup.com\/es\/#\/schema\/logo\/image\/\"}}]}<\/script>\n<!-- \/ Yoast SEO plugin. -->","yoast_head_json":{"title":"ESTUDIA ITALIANO EN FLORENCIA | Linguaviva Educational Group","description":"Elige Florencia y prep\u00e1rate para la universidad italiana con Linguaviva.","robots":{"index":"index","follow":"follow","max-snippet":"max-snippet:-1","max-image-preview":"max-image-preview:large","max-video-preview":"max-video-preview:-1"},"canonical":"https:\/\/linguavivagroup.com\/es\/estudia-italiano-en-florencia\/","og_locale":"es_ES","og_type":"article","og_title":"ESTUDIA ITALIANO EN FLORENCIA | Linguaviva Educational Group","og_description":"Elige Florencia y prep\u00e1rate para la universidad italiana con Linguaviva.","og_url":"https:\/\/linguavivagroup.com\/es\/estudia-italiano-en-florencia\/","og_site_name":"Linguaviva Educational Group","article_modified_time":"2024-04-02T10:36:22+00:00","og_image":[{"width":1920,"height":923,"url":"https:\/\/linguavivagroup.com\/wp-content\/uploads\/2023\/04\/Educational-group.jpg","type":"image\/jpeg"}],"twitter_card":"summary_large_image","twitter_misc":{"Tiempo de lectura":"3 minutos"},"schema":{"@context":"https:\/\/schema.org","@graph":[{"@type":"WebPage","@id":"https:\/\/linguavivagroup.com\/es\/estudia-italiano-en-florencia\/","url":"https:\/\/linguavivagroup.com\/es\/estudia-italiano-en-florencia\/","name":"ESTUDIA ITALIANO EN FLORENCIA | Linguaviva Educational Group","isPartOf":{"@id":"https:\/\/linguavivagroup.com\/es\/#website"},"datePublished":"2023-07-25T15:27:29+00:00","dateModified":"2024-04-02T10:36:22+00:00","description":"Elige Florencia y prep\u00e1rate para la universidad italiana con Linguaviva.","breadcrumb":{"@id":"https:\/\/linguavivagroup.com\/es\/estudia-italiano-en-florencia\/#breadcrumb"},"inLanguage":"es","potentialAction":[{"@type":"ReadAction","target":["https:\/\/linguavivagroup.com\/es\/estudia-italiano-en-florencia\/"]}]},{"@type":"BreadcrumbList","@id":"https:\/\/linguavivagroup.com\/es\/estudia-italiano-en-florencia\/#breadcrumb","itemListElement":[{"@type":"ListItem","position":1,"name":"Home","item":"https:\/\/linguavivagroup.com\/es\/"},{"@type":"ListItem","position":2,"name":"ESTUDIA ITALIANO EN FLORENCIA"}]},{"@type":"WebSite","@id":"https:\/\/linguavivagroup.com\/es\/#website","url":"https:\/\/linguavivagroup.com\/es\/","name":"Linguaviva Educational Group","description":"Study and learn italian in italy","publisher":{"@id":"https:\/\/linguavivagroup.com\/es\/#organization"},"potentialAction":[{"@type":"SearchAction","target":{"@type":"EntryPoint","urlTemplate":"https:\/\/linguavivagroup.com\/es\/?s={search_term_string}"},"query-input":{"@type":"PropertyValueSpecification","valueRequired":true,"valueName":"search_term_string"}}],"inLanguage":"es"},{"@type":"Organization","@id":"https:\/\/linguavivagroup.com\/es\/#organization","name":"Linguaviva Educational Group","url":"https:\/\/linguavivagroup.com\/es\/","logo":{"@type":"ImageObject","inLanguage":"es","@id":"https:\/\/linguavivagroup.com\/es\/#\/schema\/logo\/image\/","url":"https:\/\/linguavivagroup.com\/wp-content\/uploads\/2026\/03\/logo-linguaviva-bianco-50-260.png","contentUrl":"https:\/\/linguavivagroup.com\/wp-content\/uploads\/2026\/03\/logo-linguaviva-bianco-50-260.png","width":260,"height":48,"caption":"Linguaviva Educational Group"},"image":{"@id":"https:\/\/linguavivagroup.com\/es\/#\/schema\/logo\/image\/"}}]}},"_links":{"self":[{"href":"https:\/\/linguavivagroup.com\/es\/wp-json\/wp\/v2\/pages\/3285","targetHints":{"allow":["GET"]}}],"collection":[{"href":"https:\/\/linguavivagroup.com\/es\/wp-json\/wp\/v2\/pages"}],"about":[{"href":"https:\/\/linguavivagroup.com\/es\/wp-json\/wp\/v2\/types\/page"}],"author":[{"embeddable":true,"href":"https:\/\/linguavivagroup.com\/es\/wp-json\/wp\/v2\/users\/4"}],"replies":[{"embeddable":true,"href":"https:\/\/linguavivagroup.com\/es\/wp-json\/wp\/v2\/comments?post=3285"}],"version-history":[{"count":11,"href":"https:\/\/linguavivagroup.com\/es\/wp-json\/wp\/v2\/pages\/3285\/revisions"}],"predecessor-version":[{"id":8420,"href":"https:\/\/linguavivagroup.com\/es\/wp-json\/wp\/v2\/pages\/3285\/revisions\/8420"}],"wp:attachment":[{"href":"https:\/\/linguavivagroup.com\/es\/wp-json\/wp\/v2\/media?parent=3285"}],"curies":[{"name":"wp","href":"https:\/\/api.w.org\/{rel}","templated":true}]}}