{"id":3289,"date":"2023-07-25T17:11:53","date_gmt":"2023-07-25T15:11:53","guid":{"rendered":"https:\/\/linguavivagroup.com\/?page_id=3289"},"modified":"2024-04-02T12:48:45","modified_gmt":"2024-04-02T10:48:45","slug":"universita-milano","status":"publish","type":"page","link":"https:\/\/linguavivagroup.com\/es\/universita-milano\/","title":{"rendered":"UNIVERSIT\u00c0 &#8211; MILANO"},"content":{"rendered":"<section class=\"wpb-content-wrapper\"><p>[vc_row full_width=\u00bbstretch_row_content_no_spaces\u00bb el_class=\u00bbheader-image\u00bb][vc_column][vc_single_image image=\u00bb2732&#8243; img_size=\u00bbfull\u00bb el_class=\u00bbimg-header-big\u00bb][vc_single_image image=\u00bb2736&#8243; img_size=\u00bbfull\u00bb el_class=\u00bbimg-header-small\u00bb][\/vc_column][\/vc_row][vc_row el_class=\u00bbsezione\u00bb][vc_column width=\u00bb2\/12&#8243;][\/vc_column][vc_column width=\u00bb8\/12&#8243;][vc_column_text el_class=\u00bbred\u00bb]<\/p>\n<h1 style=\"text-align: center;\">PREPARACION ACADEMICA EN MIL\u00c1N<\/h1>\n<p>[\/vc_column_text][vc_column_text]Elige Mil\u00e1n y prep\u00e1rate para la universidad italiana con Linguaviva. Aprender\u00e1s el idioma mientras vives una experiencia inolvidable en una de las ciudades m\u00e1s animadas de Europa. Aqu\u00ed podr\u00e1s sumergirte en la cultura, hacer amigos de todo el mundo y alcanzar tus objetivos acad\u00e9micos en una ciudad llena de oportunidades.[\/vc_column_text][\/vc_column][vc_column width=\u00bb2\/12&#8243;][\/vc_column][\/vc_row][vc_row full_width=\u00bbstretch_row\u00bb gap=\u00bb30&#8243; el_class=\u00bbsezione bg-red\u00bb][vc_column width=\u00bb5\/12&#8243;][vc_column_text el_class=\u00bbwhite\u00bb]<\/p>\n<h2>ALCANZA TUS OBJETIVOS EN MIL\u00c1N<\/h2>\n<p>[\/vc_column_text][vc_column_text el_class=\u00bbwhite\u00bb]Linguaviva te ofrece una amplia gama de cursos de italiano a medida para ayudarte a alcanzar tus objetivos acad\u00e9micos. Gracias a un enfoque din\u00e1mico e interactivo, mejorar\u00e1s tus competencias ling\u00fc\u00edsticas, adquirir\u00e1s una s\u00f3lida base gramatical y desarrollar\u00e1s tu capacidad de comunicaci\u00f3n en italiano. Adem\u00e1s de las clases en el aula, podr\u00e1s participar en experiencias culturales \u00fanicas, como visitas a museos, talleres de dise\u00f1o y moda y eventos que te permitir\u00e1n sumergirte de lleno en la vida milanesa. Vive una experiencia aut\u00e9ntica mientras aprendes italiano en una de las ciudades m\u00e1s din\u00e1micas y estimulantes de Italia.[\/vc_column_text][vc_btn title=\u00bb\u00bb align=\u00bbright\u00bb el_class=\u00bbbtn-arrow-white\u00bb link=\u00bburl:https%3A%2F%2Flinguavivagroup.com%2Fes%2Fcursos%2Fcursos-preparatorios-para-la-universidad-italiana-en-milan%2F\u00bb][\/vc_column][vc_column width=\u00bb1\/12&#8243;][\/vc_column][vc_column width=\u00bb1\/2&#8243; el_class=\u00bbslideshow slideshow-small\u00bb][vc_images_carousel images=\u00bb2760,2764,2768,2772&#8243; img_size=\u00bbfull\u00bb onclick=\u00bblink_no\u00bb wrap=\u00bbyes\u00bb][vc_single_image image=\u00bb313&#8243; img_size=\u00bbfull\u00bb el_class=\u00bbsquare square-small s-top-50 s-right-50&#8243;][vc_single_image image=\u00bb337&#8243; img_size=\u00bbfull\u00bb el_class=\u00bbsquare square-small s-top-50 s-right50&#8243;][vc_single_image image=\u00bb337&#8243; img_size=\u00bbfull\u00bb el_class=\u00bbsquare square-small s-top50 s-right-50&#8243;][vc_single_image image=\u00bb337&#8243; img_size=\u00bbfull\u00bb el_class=\u00bbsquare square-small s-bottom-50 s-left-50&#8243;][\/vc_column][\/vc_row][vc_row full_width=\u00bbstretch_row\u00bb gap=\u00bb30&#8243; el_class=\u00bbsezione bg-red no-padding-bottom\u00bb][vc_column width=\u00bb6\/12&#8243; el_class=\u00bbslideshow slideshow-small\u00bb][vc_images_carousel images=\u00bb2740,2744,2748,2752,2756&#8243; img_size=\u00bbfull\u00bb onclick=\u00bblink_no\u00bb wrap=\u00bbyes\u00bb][vc_single_image image=\u00bb313&#8243; img_size=\u00bbfull\u00bb el_class=\u00bbsquare square-small s-bottom-50 s-left-50&#8243;][vc_single_image image=\u00bb337&#8243; img_size=\u00bbfull\u00bb el_class=\u00bbsquare square-small s-bottom-50 s-left50&#8243;][vc_single_image image=\u00bb337&#8243; img_size=\u00bbfull\u00bb el_class=\u00bbsquare square-small s-bottom50 s-left-50&#8243;][vc_single_image image=\u00bb337&#8243; img_size=\u00bbfull\u00bb el_class=\u00bbsquare square-small s-top-50 s-right-50&#8243;][\/vc_column][vc_column width=\u00bb1\/12&#8243;][\/vc_column][vc_column width=\u00bb5\/12&#8243;][vc_column_text el_class=\u00bbwhite\u00bb]<\/p>\n<h2>MIL\u00c1N, UNA CIUDAD ESTUDIANTIL<\/h2>\n<p>[\/vc_column_text][vc_column_text el_class=\u00bbwhite\u00bb]Mil\u00e1n, una ciudad que te acoger\u00e1 con su mezcla \u00fanica de tradici\u00f3n y modernidad, es el lugar ideal para prepararte para cursar tus estudios en una universidad italiana. Adem\u00e1s de sus maravillas arquitect\u00f3nicas como el Duomo y el Castello Sforzesco, Mil\u00e1n es famosa por ser una de las capitales europeas econ\u00f3micas, de la moda y el dise\u00f1o. Aqu\u00ed encontrar\u00e1s un entorno cosmopolita y din\u00e1mico con una animada escena cultural y un amplio abanico de oportunidades que enriquecer\u00e1n tu formaci\u00f3n acad\u00e9mica. Mil\u00e1n te ofrece lo mejor de ambos mundos: un entorno estimulante para estudiantes y una ciudad llena de oportunidades de estudio y crecimiento personal.[\/vc_column_text][vc_btn title=\u00bb\u00bb align=\u00bbright\u00bb el_class=\u00bbbtn-arrow-white\u00bb link=\u00bburl:https%3A%2F%2Flinguavivagroup.com%2Fes%2Flugares-milan%2F\u00bb][\/vc_column][\/vc_row][vc_row full_width=\u00bbstretch_row\u00bb gap=\u00bb30&#8243; el_class=\u00bbsezione bg-light-grey\u00bb][vc_column width=\u00bb1\/2&#8243; el_class=\u00bbslideshow slideshow-small\u00bb][vc_images_carousel images=\u00bb2776,2780,2784&#8243; img_size=\u00bbfull\u00bb onclick=\u00bblink_no\u00bb wrap=\u00bbyes\u00bb][\/vc_column][vc_column width=\u00bb1\/12&#8243;][\/vc_column][vc_column width=\u00bb5\/12&#8243;][vc_column_text el_class=\u00bbred\u00bb]<\/p>\n<h2>ALOJAMIENTO PARA ESTUDIANTES EN MIL\u00c1N<\/h2>\n<p>[\/vc_column_text][vc_column_text]Ofrecemos varias opciones de alojamiento para que tu estancia sea c\u00f3moda y se adapte a tus necesidades. Si eliges Mil\u00e1n, podr\u00e1s alojarte con familias de acogida italianas, que te ofrecer\u00e1n un ambiente hogare\u00f1o y acogedor para practicar italiano y descubrir la cultura de la zona. Si prefieres m\u00e1s independencia, puedes optar por un piso compartido con otros estudiantes internacionales, con los que crear\u00e1s amistades para toda la vida y compartir\u00e1s experiencias \u00fanicas en el animado ambiente milan\u00e9s. Tambi\u00e9n puedes elegir un piso privado, que te dar\u00e1 libertad para explorar la ciudad a tu ritmo. Si prefieres vivir una experiencia plenamente universitaria, puedes decantarte por alojarte en una residencia de estudiantes, donde tendr\u00e1s la oportunidad de vivir en un entorno din\u00e1mico y compartir tu experiencia con otros estudiantes de todo el mundo.[\/vc_column_text][vc_btn title=\u00bb\u00bb align=\u00bbright\u00bb el_class=\u00bbbtn-arrow-red\u00bb link=\u00bburl:https%3A%2F%2Flinguavivagroup.com%2Fes%2Fnuestros-alojamientos%2F\u00bb][\/vc_column][\/vc_row][vc_row][vc_column][vc_empty_space height=\u00bb90px\u00bb][\/vc_column][\/vc_row][vc_row full_width=\u00bbstretch_row\u00bb el_class=\u00bbsezione bg-white-blue\u00bb][vc_column width=\u00bb1\/12&#8243;][\/vc_column][vc_column width=\u00bb5\/12&#8243;][vc_column_text el_class=\u00bbwhite\u00bb]<\/p>\n<h2>FEES<\/h2>\n<p>[\/vc_column_text][vc_column_text el_class=\u00bbwhite\u00bb]Descubre los precios de la estancia de estudio en Italia con Linguaviava.[\/vc_column_text][vc_btn title=\u00bb\u00bb align=\u00bbright\u00bb el_class=\u00bbbtn-arrow-white\u00bb link=\u00bburl:https%3A%2F%2Flinguavivagroup.com%2Fes%2Ffees%2F\u00bb][\/vc_column][vc_column width=\u00bb1\/2&#8243;][\/vc_column][\/vc_row][vc_row][vc_column][vc_empty_space height=\u00bb90px\u00bb][\/vc_column][\/vc_row][vc_row full_width=\u00bbstretch_row_content_no_spaces\u00bb][vc_column][vc_single_image image=\u00bb2788&#8243; img_size=\u00bbfull\u00bb el_class=\u00bbno-margin\u00bb][vc_row_inner el_class=\u00bbtext-banner-destination\u00bb][vc_column_inner][vc_column_text]<\/p>\n<h2>DESCUBRE<br \/>\nFLORENCIA<\/h2>\n<p>[\/vc_column_text][vc_btn title=\u00bb\u00bb align=\u00bbright\u00bb el_class=\u00bbbtn-arrow-white\u00bb link=\u00bburl:https%3A%2F%2Flinguavivagroup.com%2Fes%2Festudia-italiano-en-florencia%2F\u00bb][vc_raw_html]JTNDc3R5bGUlM0UlMEEuZm9vdGVyLWZvcm0lMjAlN0JkaXNwbGF5JTNBJTIwbm9uZSUzQiU3RCUwQSUzQyUyRnN0eWxlJTNF[\/vc_raw_html][\/vc_column_inner][\/vc_row_inner][\/vc_column][\/vc_row]<\/p>\n<\/section>","protected":false},"excerpt":{"rendered":"<p>[vc_row full_width=\u00bbstretch_row_content_no_spaces\u00bb el_class=\u00bbheader-image\u00bb][vc_column][vc_single_image image=\u00bb2732&#8243; img_size=\u00bbfull\u00bb el_class=\u00bbimg-header-big\u00bb][vc_single_image image=\u00bb2736&#8243; img_size=\u00bbfull\u00bb el_class=\u00bbimg-header-small\u00bb][\/vc_column][\/vc_row][vc_row el_class=\u00bbsezione\u00bb][vc_column width=\u00bb2\/12&#8243;][\/vc_column][vc_column width=\u00bb8\/12&#8243;][vc_column_text el_class=\u00bbred\u00bb] PREPARACION ACADEMICA EN MIL\u00c1N [\/vc_column_text][vc_column_text]Elige Mil\u00e1n y prep\u00e1rate para la universidad italiana con Linguaviva. Aprender\u00e1s el idioma mientras vives una experiencia inolvidable en una de las ciudades m\u00e1s animadas de Europa. Aqu\u00ed podr\u00e1s sumergirte en la cultura, hacer amigos de todo el [&hellip;]<\/p>\n","protected":false},"author":4,"featured_media":0,"parent":0,"menu_order":-1,"comment_status":"closed","ping_status":"closed","template":"","meta":{"inline_featured_image":false,"footnotes":""},"class_list":["post-3289","page","type-page","status-publish","hentry"],"yoast_head":"<!-- This site is optimized with the Yoast SEO plugin v27.2 - https:\/\/yoast.com\/product\/yoast-seo-wordpress\/ -->\n<title>UNIVERSIT\u00c0 - MILANO | Linguaviva Educational Group<\/title>\n<meta name=\"description\" content=\"Elige Mil\u00e1n y prep\u00e1rate para la universidad italiana con Linguaviva. Aprender\u00e1s el idioma mientras vives una experiencia inolvidable en una de las ciudades m\u00e1s animadas de Europa.\" \/>\n<meta name=\"robots\" content=\"index, follow, max-snippet:-1, max-image-preview:large, max-video-preview:-1\" \/>\n<link rel=\"canonical\" href=\"https:\/\/linguavivagroup.com\/es\/universita-milano\/\" \/>\n<meta property=\"og:locale\" content=\"es_ES\" \/>\n<meta property=\"og:type\" content=\"article\" \/>\n<meta property=\"og:title\" content=\"UNIVERSIT\u00c0 - MILANO | Linguaviva Educational Group\" \/>\n<meta property=\"og:description\" content=\"Elige Mil\u00e1n y prep\u00e1rate para la universidad italiana con Linguaviva. Aprender\u00e1s el idioma mientras vives una experiencia inolvidable en una de las ciudades m\u00e1s animadas de Europa.\" \/>\n<meta property=\"og:url\" content=\"https:\/\/linguavivagroup.com\/es\/universita-milano\/\" \/>\n<meta property=\"og:site_name\" content=\"Linguaviva Educational Group\" \/>\n<meta property=\"article:modified_time\" content=\"2024-04-02T10:48:45+00:00\" \/>\n<meta property=\"og:image\" content=\"https:\/\/linguavivagroup.com\/wp-content\/uploads\/2023\/04\/Educational-group.jpg\" \/>\n\t<meta property=\"og:image:width\" content=\"1920\" \/>\n\t<meta property=\"og:image:height\" content=\"923\" \/>\n\t<meta property=\"og:image:type\" content=\"image\/jpeg\" \/>\n<meta name=\"twitter:card\" content=\"summary_large_image\" \/>\n<meta name=\"twitter:label1\" content=\"Tiempo de lectura\" \/>\n\t<meta name=\"twitter:data1\" content=\"3 minutos\" \/>\n<script type=\"application\/ld+json\" class=\"yoast-schema-graph\">{\"@context\":\"https:\/\/schema.org\",\"@graph\":[{\"@type\":\"WebPage\",\"@id\":\"https:\/\/linguavivagroup.com\/es\/universita-milano\/\",\"url\":\"https:\/\/linguavivagroup.com\/es\/universita-milano\/\",\"name\":\"UNIVERSIT\u00c0 - MILANO | Linguaviva Educational Group\",\"isPartOf\":{\"@id\":\"https:\/\/linguavivagroup.com\/es\/#website\"},\"datePublished\":\"2023-07-25T15:11:53+00:00\",\"dateModified\":\"2024-04-02T10:48:45+00:00\",\"description\":\"Elige Mil\u00e1n y prep\u00e1rate para la universidad italiana con Linguaviva. Aprender\u00e1s el idioma mientras vives una experiencia inolvidable en una de las ciudades m\u00e1s animadas de Europa.\",\"breadcrumb\":{\"@id\":\"https:\/\/linguavivagroup.com\/es\/universita-milano\/#breadcrumb\"},\"inLanguage\":\"es\",\"potentialAction\":[{\"@type\":\"ReadAction\",\"target\":[\"https:\/\/linguavivagroup.com\/es\/universita-milano\/\"]}]},{\"@type\":\"BreadcrumbList\",\"@id\":\"https:\/\/linguavivagroup.com\/es\/universita-milano\/#breadcrumb\",\"itemListElement\":[{\"@type\":\"ListItem\",\"position\":1,\"name\":\"Home\",\"item\":\"https:\/\/linguavivagroup.com\/es\/\"},{\"@type\":\"ListItem\",\"position\":2,\"name\":\"UNIVERSIT\u00c0 &#8211; MILANO\"}]},{\"@type\":\"WebSite\",\"@id\":\"https:\/\/linguavivagroup.com\/es\/#website\",\"url\":\"https:\/\/linguavivagroup.com\/es\/\",\"name\":\"Linguaviva Educational Group\",\"description\":\"Study and learn italian in italy\",\"publisher\":{\"@id\":\"https:\/\/linguavivagroup.com\/es\/#organization\"},\"potentialAction\":[{\"@type\":\"SearchAction\",\"target\":{\"@type\":\"EntryPoint\",\"urlTemplate\":\"https:\/\/linguavivagroup.com\/es\/?s={search_term_string}\"},\"query-input\":{\"@type\":\"PropertyValueSpecification\",\"valueRequired\":true,\"valueName\":\"search_term_string\"}}],\"inLanguage\":\"es\"},{\"@type\":\"Organization\",\"@id\":\"https:\/\/linguavivagroup.com\/es\/#organization\",\"name\":\"Linguaviva Educational Group\",\"url\":\"https:\/\/linguavivagroup.com\/es\/\",\"logo\":{\"@type\":\"ImageObject\",\"inLanguage\":\"es\",\"@id\":\"https:\/\/linguavivagroup.com\/es\/#\/schema\/logo\/image\/\",\"url\":\"https:\/\/linguavivagroup.com\/wp-content\/uploads\/2026\/03\/logo-linguaviva-bianco-50-260.png\",\"contentUrl\":\"https:\/\/linguavivagroup.com\/wp-content\/uploads\/2026\/03\/logo-linguaviva-bianco-50-260.png\",\"width\":260,\"height\":48,\"caption\":\"Linguaviva Educational Group\"},\"image\":{\"@id\":\"https:\/\/linguavivagroup.com\/es\/#\/schema\/logo\/image\/\"}}]}<\/script>\n<!-- \/ Yoast SEO plugin. -->","yoast_head_json":{"title":"UNIVERSIT\u00c0 - MILANO | Linguaviva Educational Group","description":"Elige Mil\u00e1n y prep\u00e1rate para la universidad italiana con Linguaviva. Aprender\u00e1s el idioma mientras vives una experiencia inolvidable en una de las ciudades m\u00e1s animadas de Europa.","robots":{"index":"index","follow":"follow","max-snippet":"max-snippet:-1","max-image-preview":"max-image-preview:large","max-video-preview":"max-video-preview:-1"},"canonical":"https:\/\/linguavivagroup.com\/es\/universita-milano\/","og_locale":"es_ES","og_type":"article","og_title":"UNIVERSIT\u00c0 - MILANO | Linguaviva Educational Group","og_description":"Elige Mil\u00e1n y prep\u00e1rate para la universidad italiana con Linguaviva. Aprender\u00e1s el idioma mientras vives una experiencia inolvidable en una de las ciudades m\u00e1s animadas de Europa.","og_url":"https:\/\/linguavivagroup.com\/es\/universita-milano\/","og_site_name":"Linguaviva Educational Group","article_modified_time":"2024-04-02T10:48:45+00:00","og_image":[{"width":1920,"height":923,"url":"https:\/\/linguavivagroup.com\/wp-content\/uploads\/2023\/04\/Educational-group.jpg","type":"image\/jpeg"}],"twitter_card":"summary_large_image","twitter_misc":{"Tiempo de lectura":"3 minutos"},"schema":{"@context":"https:\/\/schema.org","@graph":[{"@type":"WebPage","@id":"https:\/\/linguavivagroup.com\/es\/universita-milano\/","url":"https:\/\/linguavivagroup.com\/es\/universita-milano\/","name":"UNIVERSIT\u00c0 - MILANO | Linguaviva Educational Group","isPartOf":{"@id":"https:\/\/linguavivagroup.com\/es\/#website"},"datePublished":"2023-07-25T15:11:53+00:00","dateModified":"2024-04-02T10:48:45+00:00","description":"Elige Mil\u00e1n y prep\u00e1rate para la universidad italiana con Linguaviva. Aprender\u00e1s el idioma mientras vives una experiencia inolvidable en una de las ciudades m\u00e1s animadas de Europa.","breadcrumb":{"@id":"https:\/\/linguavivagroup.com\/es\/universita-milano\/#breadcrumb"},"inLanguage":"es","potentialAction":[{"@type":"ReadAction","target":["https:\/\/linguavivagroup.com\/es\/universita-milano\/"]}]},{"@type":"BreadcrumbList","@id":"https:\/\/linguavivagroup.com\/es\/universita-milano\/#breadcrumb","itemListElement":[{"@type":"ListItem","position":1,"name":"Home","item":"https:\/\/linguavivagroup.com\/es\/"},{"@type":"ListItem","position":2,"name":"UNIVERSIT\u00c0 &#8211; MILANO"}]},{"@type":"WebSite","@id":"https:\/\/linguavivagroup.com\/es\/#website","url":"https:\/\/linguavivagroup.com\/es\/","name":"Linguaviva Educational Group","description":"Study and learn italian in italy","publisher":{"@id":"https:\/\/linguavivagroup.com\/es\/#organization"},"potentialAction":[{"@type":"SearchAction","target":{"@type":"EntryPoint","urlTemplate":"https:\/\/linguavivagroup.com\/es\/?s={search_term_string}"},"query-input":{"@type":"PropertyValueSpecification","valueRequired":true,"valueName":"search_term_string"}}],"inLanguage":"es"},{"@type":"Organization","@id":"https:\/\/linguavivagroup.com\/es\/#organization","name":"Linguaviva Educational Group","url":"https:\/\/linguavivagroup.com\/es\/","logo":{"@type":"ImageObject","inLanguage":"es","@id":"https:\/\/linguavivagroup.com\/es\/#\/schema\/logo\/image\/","url":"https:\/\/linguavivagroup.com\/wp-content\/uploads\/2026\/03\/logo-linguaviva-bianco-50-260.png","contentUrl":"https:\/\/linguavivagroup.com\/wp-content\/uploads\/2026\/03\/logo-linguaviva-bianco-50-260.png","width":260,"height":48,"caption":"Linguaviva Educational Group"},"image":{"@id":"https:\/\/linguavivagroup.com\/es\/#\/schema\/logo\/image\/"}}]}},"_links":{"self":[{"href":"https:\/\/linguavivagroup.com\/es\/wp-json\/wp\/v2\/pages\/3289","targetHints":{"allow":["GET"]}}],"collection":[{"href":"https:\/\/linguavivagroup.com\/es\/wp-json\/wp\/v2\/pages"}],"about":[{"href":"https:\/\/linguavivagroup.com\/es\/wp-json\/wp\/v2\/types\/page"}],"author":[{"embeddable":true,"href":"https:\/\/linguavivagroup.com\/es\/wp-json\/wp\/v2\/users\/4"}],"replies":[{"embeddable":true,"href":"https:\/\/linguavivagroup.com\/es\/wp-json\/wp\/v2\/comments?post=3289"}],"version-history":[{"count":9,"href":"https:\/\/linguavivagroup.com\/es\/wp-json\/wp\/v2\/pages\/3289\/revisions"}],"predecessor-version":[{"id":8426,"href":"https:\/\/linguavivagroup.com\/es\/wp-json\/wp\/v2\/pages\/3289\/revisions\/8426"}],"wp:attachment":[{"href":"https:\/\/linguavivagroup.com\/es\/wp-json\/wp\/v2\/media?parent=3289"}],"curies":[{"name":"wp","href":"https:\/\/api.w.org\/{rel}","templated":true}]}}