{"id":3331,"date":"2023-07-21T15:55:06","date_gmt":"2023-07-21T13:55:06","guid":{"rendered":"https:\/\/linguavivagroup.com\/?page_id=3331"},"modified":"2024-04-02T14:12:52","modified_gmt":"2024-04-02T12:12:52","slug":"cursos-de-lengua-y-cultura-italianas","status":"publish","type":"page","link":"https:\/\/linguavivagroup.com\/es\/cursos-de-lengua-y-cultura-italianas\/","title":{"rendered":"CURSOS"},"content":{"rendered":"<section class=\"wpb-content-wrapper\"><p>[vc_row full_width=\u00bbstretch_row_content_no_spaces\u00bb el_class=\u00bbheader-image\u00bb][vc_column][vc_single_image image=\u00bb1259&#8243; img_size=\u00bbfull\u00bb el_class=\u00bbimg-header-big\u00bb][vc_single_image image=\u00bb1259&#8243; img_size=\u00bbfull\u00bb el_class=\u00bbimg-header-small\u00bb][\/vc_column][\/vc_row][vc_row el_class=\u00bbsezione no-padding-bottom\u00bb][vc_column width=\u00bb2\/12&#8243;][\/vc_column][vc_column width=\u00bb8\/12&#8243;][vc_column_text el_class=\u00bbred\u00bb]<\/p>\n<h1 style=\"text-align: center;\">CURSOS DE LENGUA Y CULTURA ITALIANAS<\/h1>\n<p>[\/vc_column_text][vc_column_text]Nuestra variedad de cursos de italiano combina la mejor formaci\u00f3n ling\u00fc\u00edstica y cultural.<\/p>\n<p>Los cursos var\u00edan seg\u00fan el n\u00famero de clases semanales, el modo en que se realizan y, sobre todo, el objetivo, que puede ser puramente acad\u00e9mico o m\u00e1s dirigido a vivir una experiencia. Tambi\u00e9n ofrecemos inolvidables programas para adolescentes, que combinan el estudio del idioma con actividades de ocio, y cursos online que se pueden efectuar antes de una estancia en Italia para alcanzar el nivel de idioma deseado o incluso despu\u00e9s para seguir practicando la lengua italiana.<\/p>\n<p>Elige el curso que mejor se adapte a tus necesidades y deseos.[\/vc_column_text][\/vc_column][vc_column width=\u00bb2\/12&#8243;][\/vc_column][\/vc_row][vc_row gap=\u00bb30&#8243; el_class=\u00bbsezione no-padding-top\u00bb][vc_column][vc_column_text el_class=\u00bbfiltro red\u00bb]<\/p>\n<h2>LOCATION<\/h2>\n<ul>\n<li class=\"item-firenze\">Florencia<\/li>\n<li class=\"item-milano\">Mil\u00e1n<\/li>\n<li class=\"item-lignano\">Lignano<\/li>\n<li class=\"item-all active\">All<\/li>\n<\/ul>\n<p>[\/vc_column_text][\/vc_column][\/vc_row][vc_row][vc_column][vc_basic_grid post_type=\u00bbcourses\u00bb max_items=\u00bb-1&#8243; gap=\u00bb15&#8243; orderby=\u00bbmenu_order\u00bb item=\u00bb1247&#8243; initial_loading_animation=\u00bbnone\u00bb grid_id=\u00bbvc_gid:1708423240902-5c9ff50d-e325-6&#8243; el_class=\u00bbelenco-corsi elenco-corsi-firenze hidden\u00bb taxonomies=\u00bb48&#8243;][vc_basic_grid post_type=\u00bbcourses\u00bb max_items=\u00bb-1&#8243; gap=\u00bb15&#8243; orderby=\u00bbmenu_order\u00bb item=\u00bb1247&#8243; initial_loading_animation=\u00bbnone\u00bb grid_id=\u00bbvc_gid:1708423304313-90f26f55-72b9-8&#8243; el_class=\u00bbelenco-corsi elenco-corsi-milano hidden\u00bb taxonomies=\u00bb51&#8243;][vc_basic_grid post_type=\u00bbcourses\u00bb max_items=\u00bb-1&#8243; gap=\u00bb15&#8243; orderby=\u00bbmenu_order\u00bb item=\u00bb1247&#8243; initial_loading_animation=\u00bbnone\u00bb grid_id=\u00bbvc_gid:1708423289645-39217155-3f24-4&#8243; el_class=\u00bbelenco-corsi elenco-corsi-lignano hidden\u00bb taxonomies=\u00bb50&#8243;][vc_basic_grid post_type=\u00bbcourses\u00bb max_items=\u00bb-1&#8243; gap=\u00bb15&#8243; orderby=\u00bbmenu_order\u00bb item=\u00bb1247&#8243; initial_loading_animation=\u00bbnone\u00bb grid_id=\u00bbvc_gid:1708423273170-0b2476cc-37fc-7&#8243; el_class=\u00bbelenco-corsi elenco-corsi-all\u00bb taxonomies=\u00bb4&#8243;][vc_raw_js]JTNDc2NyaXB0JTNFJTBBalF1ZXJ5JTI4ZG9jdW1lbnQlMjkucmVhZHklMjhmdW5jdGlvbiUyOCUyOSU3QiUwQSUyMCUyMCUyMCUyMGpRdWVyeSUyOCUyNy5pdGVtLWFsbCUyNyUyOS5jbGljayUyOGZ1bmN0aW9uJTI4JTI5JTIwJTdCJTBBJTIwJTIwJTIwJTIwJTIwJTIwalF1ZXJ5JTI4JTI3LmVsZW5jby1jb3JzaSUyNyUyOS5oaWRlJTI4JTI5JTNCJTBBalF1ZXJ5JTI4JTI3LmVsZW5jby1jb3JzaS1hbGwlMjclMjkuc2hvdyUyOCUyOSUzQiUwQWpRdWVyeSUyOHRoaXMlMjkuYWRkQ2xhc3MlMjglMjdhY3RpdmUlMjclMjklM0IlMEFqUXVlcnklMjh0aGlzJTI5LnNpYmxpbmdzJTI4JTI5LnJlbW92ZUNsYXNzJTI4JTI3YWN0aXZlJTI3JTI5JTNCJTBBJTIwJTIwJTIwJTIwJTdEJTI5JTNCJTBBJTIwJTIwJTIwJTIwalF1ZXJ5JTI4JTI3Lml0ZW0tbWlsYW5vJTI3JTI5LmNsaWNrJTI4ZnVuY3Rpb24lMjglMjklMjAlN0IlMEElMjAlMjAlMjAlMjAlMjAlMjBqUXVlcnklMjglMjcuZWxlbmNvLWNvcnNpJTI3JTI5LmhpZGUlMjglMjklM0IlMEFqUXVlcnklMjglMjcuZWxlbmNvLWNvcnNpLW1pbGFubyUyNyUyOS5zaG93JTI4JTI5JTNCJTBBalF1ZXJ5JTI4dGhpcyUyOS5hZGRDbGFzcyUyOCUyN2FjdGl2ZSUyNyUyOSUzQiUwQWpRdWVyeSUyOHRoaXMlMjkuc2libGluZ3MlMjglMjkucmVtb3ZlQ2xhc3MlMjglMjdhY3RpdmUlMjclMjklM0IlMEElMjAlMjAlMjAlMjAlN0QlMjklM0IlMEElMjAlMjAlMjAlMjBqUXVlcnklMjglMjcuaXRlbS1maXJlbnplJTI3JTI5LmNsaWNrJTI4ZnVuY3Rpb24lMjglMjklMjAlN0IlMEElMjAlMjAlMjAlMjAlMjAlMjBqUXVlcnklMjglMjcuZWxlbmNvLWNvcnNpJTI3JTI5LmhpZGUlMjglMjklM0IlMEFqUXVlcnklMjglMjcuZWxlbmNvLWNvcnNpLWZpcmVuemUlMjclMjkuc2hvdyUyOCUyOSUzQiUwQWpRdWVyeSUyOHRoaXMlMjkuYWRkQ2xhc3MlMjglMjdhY3RpdmUlMjclMjklM0IlMEFqUXVlcnklMjh0aGlzJTI5LnNpYmxpbmdzJTI4JTI5LnJlbW92ZUNsYXNzJTI4JTI3YWN0aXZlJTI3JTI5JTNCJTBBJTIwJTIwJTIwJTIwJTdEJTI5JTNCJTBBJTIwJTIwJTIwJTIwalF1ZXJ5JTI4JTI3Lml0ZW0tbGlnbmFubyUyNyUyOS5jbGljayUyOGZ1bmN0aW9uJTI4JTI5JTIwJTdCJTBBJTIwJTIwJTIwJTIwJTIwalF1ZXJ5JTI4JTI3LmVsZW5jby1jb3JzaSUyNyUyOS5oaWRlJTI4JTI5JTNCJTBBalF1ZXJ5JTI4JTI3LmVsZW5jby1jb3JzaS1saWduYW5vJTI3JTI5LnNob3clMjglMjklM0IlMEFqUXVlcnklMjh0aGlzJTI5LmFkZENsYXNzJTI4JTI3YWN0aXZlJTI3JTI5JTNCJTBBalF1ZXJ5JTI4dGhpcyUyOS5zaWJsaW5ncyUyOCUyOS5yZW1vdmVDbGFzcyUyOCUyN2FjdGl2ZSUyNyUyOSUzQiUwQSUyMCUyMCUyMCUyMCU3RCUyOSUzQiUwQSU3RCUyOSUzQiUwQSUzQyUyRnNjcmlwdCUzRQ==[\/vc_raw_js][\/vc_column][\/vc_row][vc_row][vc_column][vc_raw_html]JTNDc3R5bGUlM0UlMEEuZm9vdGVyLWZvcm0lMjAlN0JkaXNwbGF5JTNBJTIwbm9uZSUzQiU3RCUwQSUzQyUyRnN0eWxlJTNF[\/vc_raw_html][\/vc_column][\/vc_row]<\/p>\n<\/section>","protected":false},"excerpt":{"rendered":"<p>[vc_row full_width=\u00bbstretch_row_content_no_spaces\u00bb el_class=\u00bbheader-image\u00bb][vc_column][vc_single_image image=\u00bb1259&#8243; img_size=\u00bbfull\u00bb el_class=\u00bbimg-header-big\u00bb][vc_single_image image=\u00bb1259&#8243; img_size=\u00bbfull\u00bb el_class=\u00bbimg-header-small\u00bb][\/vc_column][\/vc_row][vc_row el_class=\u00bbsezione no-padding-bottom\u00bb][vc_column width=\u00bb2\/12&#8243;][\/vc_column][vc_column width=\u00bb8\/12&#8243;][vc_column_text el_class=\u00bbred\u00bb] CURSOS DE LENGUA Y CULTURA ITALIANAS [\/vc_column_text][vc_column_text]Nuestra variedad de cursos de italiano combina la mejor formaci\u00f3n ling\u00fc\u00edstica y cultural. Los cursos var\u00edan seg\u00fan el n\u00famero de clases semanales, el modo en que se realizan y, sobre todo, el objetivo, que puede [&hellip;]<\/p>\n","protected":false},"author":4,"featured_media":0,"parent":0,"menu_order":-1,"comment_status":"closed","ping_status":"closed","template":"","meta":{"inline_featured_image":false,"footnotes":""},"class_list":["post-3331","page","type-page","status-publish","hentry"],"yoast_head":"<!-- This site is optimized with the Yoast SEO plugin v27.2 - https:\/\/yoast.com\/product\/yoast-seo-wordpress\/ -->\n<title>CURSOS | Linguaviva Educational Group<\/title>\n<meta name=\"description\" content=\"Nuestra variedad de cursos de italiano combina la mejor formaci\u00f3n ling\u00fc\u00edstica y cultural.\" \/>\n<meta name=\"robots\" content=\"index, follow, max-snippet:-1, max-image-preview:large, max-video-preview:-1\" \/>\n<link rel=\"canonical\" href=\"https:\/\/linguavivagroup.com\/es\/cursos-de-lengua-y-cultura-italianas\/\" \/>\n<meta property=\"og:locale\" content=\"es_ES\" \/>\n<meta property=\"og:type\" content=\"article\" \/>\n<meta property=\"og:title\" content=\"CURSOS | Linguaviva Educational Group\" \/>\n<meta property=\"og:description\" content=\"Nuestra variedad de cursos de italiano combina la mejor formaci\u00f3n ling\u00fc\u00edstica y cultural.\" \/>\n<meta property=\"og:url\" content=\"https:\/\/linguavivagroup.com\/es\/cursos-de-lengua-y-cultura-italianas\/\" \/>\n<meta property=\"og:site_name\" content=\"Linguaviva Educational Group\" \/>\n<meta property=\"article:modified_time\" content=\"2024-04-02T12:12:52+00:00\" \/>\n<meta property=\"og:image\" content=\"https:\/\/linguavivagroup.com\/wp-content\/uploads\/2023\/04\/Educational-group.jpg\" \/>\n\t<meta property=\"og:image:width\" content=\"1920\" \/>\n\t<meta property=\"og:image:height\" content=\"923\" \/>\n\t<meta property=\"og:image:type\" content=\"image\/jpeg\" \/>\n<meta name=\"twitter:card\" content=\"summary_large_image\" \/>\n<meta name=\"twitter:label1\" content=\"Tiempo de lectura\" \/>\n\t<meta name=\"twitter:data1\" content=\"2 minutos\" \/>\n<script type=\"application\/ld+json\" class=\"yoast-schema-graph\">{\"@context\":\"https:\/\/schema.org\",\"@graph\":[{\"@type\":\"WebPage\",\"@id\":\"https:\/\/linguavivagroup.com\/es\/cursos-de-lengua-y-cultura-italianas\/\",\"url\":\"https:\/\/linguavivagroup.com\/es\/cursos-de-lengua-y-cultura-italianas\/\",\"name\":\"CURSOS | Linguaviva Educational Group\",\"isPartOf\":{\"@id\":\"https:\/\/linguavivagroup.com\/es\/#website\"},\"datePublished\":\"2023-07-21T13:55:06+00:00\",\"dateModified\":\"2024-04-02T12:12:52+00:00\",\"description\":\"Nuestra variedad de cursos de italiano combina la mejor formaci\u00f3n ling\u00fc\u00edstica y cultural.\",\"breadcrumb\":{\"@id\":\"https:\/\/linguavivagroup.com\/es\/cursos-de-lengua-y-cultura-italianas\/#breadcrumb\"},\"inLanguage\":\"es\",\"potentialAction\":[{\"@type\":\"ReadAction\",\"target\":[\"https:\/\/linguavivagroup.com\/es\/cursos-de-lengua-y-cultura-italianas\/\"]}]},{\"@type\":\"BreadcrumbList\",\"@id\":\"https:\/\/linguavivagroup.com\/es\/cursos-de-lengua-y-cultura-italianas\/#breadcrumb\",\"itemListElement\":[{\"@type\":\"ListItem\",\"position\":1,\"name\":\"Home\",\"item\":\"https:\/\/linguavivagroup.com\/es\/\"},{\"@type\":\"ListItem\",\"position\":2,\"name\":\"CURSOS\"}]},{\"@type\":\"WebSite\",\"@id\":\"https:\/\/linguavivagroup.com\/es\/#website\",\"url\":\"https:\/\/linguavivagroup.com\/es\/\",\"name\":\"Linguaviva Educational Group\",\"description\":\"Study and learn italian in italy\",\"publisher\":{\"@id\":\"https:\/\/linguavivagroup.com\/es\/#organization\"},\"potentialAction\":[{\"@type\":\"SearchAction\",\"target\":{\"@type\":\"EntryPoint\",\"urlTemplate\":\"https:\/\/linguavivagroup.com\/es\/?s={search_term_string}\"},\"query-input\":{\"@type\":\"PropertyValueSpecification\",\"valueRequired\":true,\"valueName\":\"search_term_string\"}}],\"inLanguage\":\"es\"},{\"@type\":\"Organization\",\"@id\":\"https:\/\/linguavivagroup.com\/es\/#organization\",\"name\":\"Linguaviva Educational Group\",\"url\":\"https:\/\/linguavivagroup.com\/es\/\",\"logo\":{\"@type\":\"ImageObject\",\"inLanguage\":\"es\",\"@id\":\"https:\/\/linguavivagroup.com\/es\/#\/schema\/logo\/image\/\",\"url\":\"https:\/\/linguavivagroup.com\/wp-content\/uploads\/2026\/03\/logo-linguaviva-bianco-50-260.png\",\"contentUrl\":\"https:\/\/linguavivagroup.com\/wp-content\/uploads\/2026\/03\/logo-linguaviva-bianco-50-260.png\",\"width\":260,\"height\":48,\"caption\":\"Linguaviva Educational Group\"},\"image\":{\"@id\":\"https:\/\/linguavivagroup.com\/es\/#\/schema\/logo\/image\/\"}}]}<\/script>\n<!-- \/ Yoast SEO plugin. -->","yoast_head_json":{"title":"CURSOS | Linguaviva Educational Group","description":"Nuestra variedad de cursos de italiano combina la mejor formaci\u00f3n ling\u00fc\u00edstica y cultural.","robots":{"index":"index","follow":"follow","max-snippet":"max-snippet:-1","max-image-preview":"max-image-preview:large","max-video-preview":"max-video-preview:-1"},"canonical":"https:\/\/linguavivagroup.com\/es\/cursos-de-lengua-y-cultura-italianas\/","og_locale":"es_ES","og_type":"article","og_title":"CURSOS | Linguaviva Educational Group","og_description":"Nuestra variedad de cursos de italiano combina la mejor formaci\u00f3n ling\u00fc\u00edstica y cultural.","og_url":"https:\/\/linguavivagroup.com\/es\/cursos-de-lengua-y-cultura-italianas\/","og_site_name":"Linguaviva Educational Group","article_modified_time":"2024-04-02T12:12:52+00:00","og_image":[{"width":1920,"height":923,"url":"https:\/\/linguavivagroup.com\/wp-content\/uploads\/2023\/04\/Educational-group.jpg","type":"image\/jpeg"}],"twitter_card":"summary_large_image","twitter_misc":{"Tiempo de lectura":"2 minutos"},"schema":{"@context":"https:\/\/schema.org","@graph":[{"@type":"WebPage","@id":"https:\/\/linguavivagroup.com\/es\/cursos-de-lengua-y-cultura-italianas\/","url":"https:\/\/linguavivagroup.com\/es\/cursos-de-lengua-y-cultura-italianas\/","name":"CURSOS | Linguaviva Educational Group","isPartOf":{"@id":"https:\/\/linguavivagroup.com\/es\/#website"},"datePublished":"2023-07-21T13:55:06+00:00","dateModified":"2024-04-02T12:12:52+00:00","description":"Nuestra variedad de cursos de italiano combina la mejor formaci\u00f3n ling\u00fc\u00edstica y cultural.","breadcrumb":{"@id":"https:\/\/linguavivagroup.com\/es\/cursos-de-lengua-y-cultura-italianas\/#breadcrumb"},"inLanguage":"es","potentialAction":[{"@type":"ReadAction","target":["https:\/\/linguavivagroup.com\/es\/cursos-de-lengua-y-cultura-italianas\/"]}]},{"@type":"BreadcrumbList","@id":"https:\/\/linguavivagroup.com\/es\/cursos-de-lengua-y-cultura-italianas\/#breadcrumb","itemListElement":[{"@type":"ListItem","position":1,"name":"Home","item":"https:\/\/linguavivagroup.com\/es\/"},{"@type":"ListItem","position":2,"name":"CURSOS"}]},{"@type":"WebSite","@id":"https:\/\/linguavivagroup.com\/es\/#website","url":"https:\/\/linguavivagroup.com\/es\/","name":"Linguaviva Educational Group","description":"Study and learn italian in italy","publisher":{"@id":"https:\/\/linguavivagroup.com\/es\/#organization"},"potentialAction":[{"@type":"SearchAction","target":{"@type":"EntryPoint","urlTemplate":"https:\/\/linguavivagroup.com\/es\/?s={search_term_string}"},"query-input":{"@type":"PropertyValueSpecification","valueRequired":true,"valueName":"search_term_string"}}],"inLanguage":"es"},{"@type":"Organization","@id":"https:\/\/linguavivagroup.com\/es\/#organization","name":"Linguaviva Educational Group","url":"https:\/\/linguavivagroup.com\/es\/","logo":{"@type":"ImageObject","inLanguage":"es","@id":"https:\/\/linguavivagroup.com\/es\/#\/schema\/logo\/image\/","url":"https:\/\/linguavivagroup.com\/wp-content\/uploads\/2026\/03\/logo-linguaviva-bianco-50-260.png","contentUrl":"https:\/\/linguavivagroup.com\/wp-content\/uploads\/2026\/03\/logo-linguaviva-bianco-50-260.png","width":260,"height":48,"caption":"Linguaviva Educational Group"},"image":{"@id":"https:\/\/linguavivagroup.com\/es\/#\/schema\/logo\/image\/"}}]}},"_links":{"self":[{"href":"https:\/\/linguavivagroup.com\/es\/wp-json\/wp\/v2\/pages\/3331","targetHints":{"allow":["GET"]}}],"collection":[{"href":"https:\/\/linguavivagroup.com\/es\/wp-json\/wp\/v2\/pages"}],"about":[{"href":"https:\/\/linguavivagroup.com\/es\/wp-json\/wp\/v2\/types\/page"}],"author":[{"embeddable":true,"href":"https:\/\/linguavivagroup.com\/es\/wp-json\/wp\/v2\/users\/4"}],"replies":[{"embeddable":true,"href":"https:\/\/linguavivagroup.com\/es\/wp-json\/wp\/v2\/comments?post=3331"}],"version-history":[{"count":6,"href":"https:\/\/linguavivagroup.com\/es\/wp-json\/wp\/v2\/pages\/3331\/revisions"}],"predecessor-version":[{"id":9865,"href":"https:\/\/linguavivagroup.com\/es\/wp-json\/wp\/v2\/pages\/3331\/revisions\/9865"}],"wp:attachment":[{"href":"https:\/\/linguavivagroup.com\/es\/wp-json\/wp\/v2\/media?parent=3331"}],"curies":[{"name":"wp","href":"https:\/\/api.w.org\/{rel}","templated":true}]}}