{"id":4608,"date":"2023-11-16T17:11:53","date_gmt":"2023-11-16T16:11:53","guid":{"rendered":"https:\/\/linguavivagroup.com\/chi-siamo-copy-copy-copy-copy\/"},"modified":"2024-04-02T16:16:36","modified_gmt":"2024-04-02T14:16:36","slug":"nuestros-estudiantes-dicen","status":"publish","type":"page","link":"https:\/\/linguavivagroup.com\/es\/nuestros-estudiantes-dicen\/","title":{"rendered":"Nuestros Estudiantes Dicen"},"content":{"rendered":"<section class=\"wpb-content-wrapper\"><p>[vc_row full_width=\u00bbstretch_row_content_no_spaces\u00bb el_class=\u00bbheader-image\u00bb][vc_column][vc_single_image image=\u00bb4745&#8243; img_size=\u00bbfull\u00bb el_class=\u00bbimg-header-big\u00bb][vc_single_image image=\u00bb4749&#8243; img_size=\u00bbfull\u00bb el_class=\u00bbimg-header-small\u00bb][\/vc_column][\/vc_row][vc_row el_class=\u00bbsezione\u00bb][vc_column width=\u00bb2\/12&#8243;][\/vc_column][vc_column width=\u00bb8\/12&#8243;][vc_column_text el_class=\u00bbred\u00bb]<\/p>\n<h1 style=\"text-align: center;\">NUESTROS ESTUDIANTES DICEN<\/h1>\n<p style=\"text-align: center;\">El sistema anual de evaluaci\u00f3n de calidad de Linguaviva es el resultado de los comentarios de nuestros estudiantes, nuestros agentes asociados y las redes sociales.<\/p>\n<p>[\/vc_column_text][\/vc_column][vc_column width=\u00bb2\/12&#8243;][\/vc_column][\/vc_row][vc_row el_class=\u00bbsezione\u00bb][vc_column width=\u00bb2\/12&#8243;][\/vc_column][vc_column width=\u00bb8\/12&#8243;][vc_single_image image=\u00bb6956&#8243; img_size=\u00bbfull\u00bb alignment=\u00bbcenter\u00bb][\/vc_column][vc_column width=\u00bb2\/12&#8243;][\/vc_column][\/vc_row][vc_row equal_height=\u00bbyes\u00bb content_placement=\u00bbmiddle\u00bb][vc_column width=\u00bb2\/3&#8243;][vc_row_inner][vc_column_inner width=\u00bb1\/12&#8243;][\/vc_column_inner][vc_column_inner width=\u00bb1\/2&#8243;][vc_column_text el_class=\u00bbbanner-recensioni bg-red\u00bb]La mia esperienza a Linguaviva \u00e8 stata molto buona. Ho imparato l\u2019italiano correttamente e allo stesso tempo la cultura, la storia e la cucina italiana.<br \/>\nLinguaviva \u00e8 uno spazio in cui \u00e8 possibile fare amicizia con persone di tutto il mondo anche grazie alle gite e alle attivit\u00e0 che sono fatte in maniera divertente e ben organizzata.<br \/>\nVoglio fare gli auguri al gruppo di Linguaviva perch\u00e9 svolgono un lavoro di qualit\u00e0.<\/p>\n<p><strong>Juan Sebastian &#8211; Colombia &#8211; Standard Course in Florence<br \/>\n<\/strong>[\/vc_column_text][\/vc_column_inner][vc_column_inner width=\u00bb5\/12&#8243;][\/vc_column_inner][\/vc_row_inner][vc_row_inner][vc_column_inner width=\u00bb5\/12&#8243;][\/vc_column_inner][vc_column_inner width=\u00bb1\/2&#8243;][vc_column_text el_class=\u00bbbanner-recensioni bg-blue\u00bb]Questi mesi a Linguaviva sono stata un\u2019esperienza nuova.<br \/>\nNon avevo mai studiato con studenti stranieri e ho potuto conoscere culture molto diverse dalla mia.<br \/>\nFirenze \u00e8 piena di cose meravigliose e lo staff e gli inseganti di Linguaviva sono molto professionali e responsabili.<br \/>\nPenso che venire qui \u00e8 stata la scelta giusta.<\/p>\n<p><strong>Wen Yan &#8211; Cina &#8211; Florence<br \/>\n<\/strong>[\/vc_column_text][\/vc_column_inner][vc_column_inner width=\u00bb1\/12&#8243;][\/vc_column_inner][\/vc_row_inner][\/vc_column][vc_column width=\u00bb1\/3&#8243;][vc_column_text el_class=\u00bbbanner-recensioni bg-dark-blue\u00bb]Durante il tempo che sono stata in Italia studiare a Linguaviva \u00e8 stata una delle migliori esperienze della mia vita!<br \/>\nLa scuola ha ottimi insegnanti e grazie alle attivit\u00e0 del tempo libero ho potuto imparare la cultura italiana.<br \/>\nStudiare a Linguaviva ha reso il mio soggiorno in Italia molto migliore.<\/p>\n<p><strong>Tamires &#8211; Brazil &#8211; Florence<\/strong>[\/vc_column_text][\/vc_column][\/vc_row][vc_row][vc_column width=\u00bb1\/3&#8243;][vc_column_text el_class=\u00bbbanner-recensioni bg-dark-blue\u00bb]Per la prima volta sono andata a Linguadue per 3 mesi. \u00c8 stata l\u2019esperienza incredibile! Tutti gli insegnanti erano professionali con esperienza decennale. Le lezioni hanno incluso l\u2019attivit\u00e0 diversa: comunicazione, ascolto, scrittura, lettura e grammatica; l\u2019atmosfera nella classe era sempre carina, divertente e leggera. Mi \u00e8 piaciuto molto l\u2019accoglienza e la gentilezza della segreteria e degli insegnanti. Aiutavano a risolvere qualsiasi situazione nella vita quotidiana a Milano (incluso la difficolt\u00e0 nel ricevere i permesso di soggiorno).<\/p>\n<p>Perci\u00f2 dopo questo corso sono tornata a Linguadue ancora per 4 mesi.<\/p>\n<p>Dunque ho raggiunto un livello alto di italiano grazie alla professionalit\u00e0 del personale di conseguenza consiglierei Linguadue ai miei amici.<\/p>\n<p><strong>Alena &#8211; Russia &#8211; Milan<br \/>\n<\/strong>[\/vc_column_text][\/vc_column][vc_column width=\u00bb1\/3&#8243;][vc_empty_space height=\u00bb200px\u00bb el_class=\u00bbhidden-xs\u00bb][vc_column_text el_class=\u00bbbanner-recensioni bg-blue\u00bb]Il mio soggiorno a Linguadue \u00e8 stata un\u2019esperienza importante nella mia vita oltre a essere stato un modo meraviglioso di apprendere la lingua italiana.<\/p>\n<p>Vi consiglio vivamente di imparare la lingua italiana a Linguadue perch\u00e9 gli insegnanti hanno un alto livello di istruzione e ci sono tanti servizi per gli studenti compreso il tempo libero e i brevi viaggi in questo grande e bel paese che \u00e8 l\u2019Italia.<\/p>\n<p>Per facilitare il soggiorno degli studenti la scuola fornisce servizi di alloggio che comprendono alloggio e pasti.<\/p>\n<p><strong>Juanita &#8211; Mexico &#8211; Milan<br \/>\n<\/strong>[\/vc_column_text][\/vc_column][vc_column width=\u00bb1\/3&#8243;][vc_column_text el_class=\u00bbbanner-recensioni bg-red\u00bb]Imparare Italiano a Linguadue \u00e8 divertente.<br \/>\nIl tempo si fa rapido perch\u00e9 i professori sono divertenti come le lezioni.<br \/>\nLe pause sono piacevoli perch\u00e9 c\u2019\u00e8 l\u2019opportunit\u00e0 di conoscere studenti di tutto il mondo da cui impari sulla loro cultura.<br \/>\nSe scegliete Milano dovete venire senza dubbio a Linguadue cos\u00ec potrete imparare l\u2019Italiano rapido e in modo divertente.<\/p>\n<p><strong>Valentina &#8211; Colombia &#8211; Milan<br \/>\n<\/strong>[\/vc_column_text][\/vc_column][\/vc_row][vc_row][vc_column][vc_empty_space height=\u00bb35px\u00bb][\/vc_column][\/vc_row]<\/p>\n<\/section>","protected":false},"excerpt":{"rendered":"<p>[vc_row full_width=\u00bbstretch_row_content_no_spaces\u00bb el_class=\u00bbheader-image\u00bb][vc_column][vc_single_image image=\u00bb4745&#8243; img_size=\u00bbfull\u00bb el_class=\u00bbimg-header-big\u00bb][vc_single_image image=\u00bb4749&#8243; img_size=\u00bbfull\u00bb el_class=\u00bbimg-header-small\u00bb][\/vc_column][\/vc_row][vc_row el_class=\u00bbsezione\u00bb][vc_column width=\u00bb2\/12&#8243;][\/vc_column][vc_column width=\u00bb8\/12&#8243;][vc_column_text el_class=\u00bbred\u00bb] NUESTROS ESTUDIANTES DICEN El sistema anual de evaluaci\u00f3n de calidad de Linguaviva es el resultado de los comentarios de nuestros estudiantes, nuestros agentes asociados y las redes sociales. [\/vc_column_text][\/vc_column][vc_column width=\u00bb2\/12&#8243;][\/vc_column][\/vc_row][vc_row el_class=\u00bbsezione\u00bb][vc_column width=\u00bb2\/12&#8243;][\/vc_column][vc_column width=\u00bb8\/12&#8243;][vc_single_image image=\u00bb6956&#8243; img_size=\u00bbfull\u00bb alignment=\u00bbcenter\u00bb][\/vc_column][vc_column width=\u00bb2\/12&#8243;][\/vc_column][\/vc_row][vc_row equal_height=\u00bbyes\u00bb content_placement=\u00bbmiddle\u00bb][vc_column width=\u00bb2\/3&#8243;][vc_row_inner][vc_column_inner width=\u00bb1\/12&#8243;][\/vc_column_inner][vc_column_inner width=\u00bb1\/2&#8243;][vc_column_text [&hellip;]<\/p>\n","protected":false},"author":2,"featured_media":0,"parent":0,"menu_order":-1,"comment_status":"closed","ping_status":"closed","template":"","meta":{"inline_featured_image":false,"footnotes":""},"class_list":["post-4608","page","type-page","status-publish","hentry"],"yoast_head":"<!-- This site is optimized with the Yoast SEO plugin v27.2 - https:\/\/yoast.com\/product\/yoast-seo-wordpress\/ -->\n<title>Nuestros Estudiantes Dicen | Linguaviva Educational Group<\/title>\n<meta name=\"description\" content=\"Descubra o que os nossos alunos dizem sobre n\u00f3s: A Linguaviva assegura que voc\u00ea tenha a melhor experi\u00eancia poss\u00edvel ao aprender italiano.\" \/>\n<meta name=\"robots\" content=\"index, follow, max-snippet:-1, max-image-preview:large, max-video-preview:-1\" \/>\n<link rel=\"canonical\" href=\"https:\/\/linguavivagroup.com\/es\/nuestros-estudiantes-dicen\/\" \/>\n<meta property=\"og:locale\" content=\"es_ES\" \/>\n<meta property=\"og:type\" content=\"article\" \/>\n<meta property=\"og:title\" content=\"Nuestros Estudiantes Dicen | Linguaviva Educational Group\" \/>\n<meta property=\"og:description\" content=\"Descubra o que os nossos alunos dizem sobre n\u00f3s: A Linguaviva assegura que voc\u00ea tenha a melhor experi\u00eancia poss\u00edvel ao aprender italiano.\" \/>\n<meta property=\"og:url\" content=\"https:\/\/linguavivagroup.com\/es\/nuestros-estudiantes-dicen\/\" \/>\n<meta property=\"og:site_name\" content=\"Linguaviva Educational Group\" \/>\n<meta property=\"article:modified_time\" content=\"2024-04-02T14:16:36+00:00\" \/>\n<meta property=\"og:image\" content=\"https:\/\/linguavivagroup.com\/wp-content\/uploads\/2023\/04\/Educational-group.jpg\" \/>\n\t<meta property=\"og:image:width\" content=\"1920\" \/>\n\t<meta property=\"og:image:height\" content=\"923\" \/>\n\t<meta property=\"og:image:type\" content=\"image\/jpeg\" \/>\n<meta name=\"twitter:card\" content=\"summary_large_image\" \/>\n<meta name=\"twitter:label1\" content=\"Tiempo de lectura\" \/>\n\t<meta name=\"twitter:data1\" content=\"3 minutos\" \/>\n<script type=\"application\/ld+json\" class=\"yoast-schema-graph\">{\"@context\":\"https:\/\/schema.org\",\"@graph\":[{\"@type\":\"WebPage\",\"@id\":\"https:\/\/linguavivagroup.com\/es\/nuestros-estudiantes-dicen\/\",\"url\":\"https:\/\/linguavivagroup.com\/es\/nuestros-estudiantes-dicen\/\",\"name\":\"Nuestros Estudiantes Dicen | Linguaviva Educational Group\",\"isPartOf\":{\"@id\":\"https:\/\/linguavivagroup.com\/es\/#website\"},\"datePublished\":\"2023-11-16T16:11:53+00:00\",\"dateModified\":\"2024-04-02T14:16:36+00:00\",\"description\":\"Descubra o que os nossos alunos dizem sobre n\u00f3s: A Linguaviva assegura que voc\u00ea tenha a melhor experi\u00eancia poss\u00edvel ao aprender italiano.\",\"breadcrumb\":{\"@id\":\"https:\/\/linguavivagroup.com\/es\/nuestros-estudiantes-dicen\/#breadcrumb\"},\"inLanguage\":\"es\",\"potentialAction\":[{\"@type\":\"ReadAction\",\"target\":[\"https:\/\/linguavivagroup.com\/es\/nuestros-estudiantes-dicen\/\"]}]},{\"@type\":\"BreadcrumbList\",\"@id\":\"https:\/\/linguavivagroup.com\/es\/nuestros-estudiantes-dicen\/#breadcrumb\",\"itemListElement\":[{\"@type\":\"ListItem\",\"position\":1,\"name\":\"Home\",\"item\":\"https:\/\/linguavivagroup.com\/es\/\"},{\"@type\":\"ListItem\",\"position\":2,\"name\":\"Nuestros Estudiantes Dicen\"}]},{\"@type\":\"WebSite\",\"@id\":\"https:\/\/linguavivagroup.com\/es\/#website\",\"url\":\"https:\/\/linguavivagroup.com\/es\/\",\"name\":\"Linguaviva Educational Group\",\"description\":\"Study and learn italian in italy\",\"publisher\":{\"@id\":\"https:\/\/linguavivagroup.com\/es\/#organization\"},\"potentialAction\":[{\"@type\":\"SearchAction\",\"target\":{\"@type\":\"EntryPoint\",\"urlTemplate\":\"https:\/\/linguavivagroup.com\/es\/?s={search_term_string}\"},\"query-input\":{\"@type\":\"PropertyValueSpecification\",\"valueRequired\":true,\"valueName\":\"search_term_string\"}}],\"inLanguage\":\"es\"},{\"@type\":\"Organization\",\"@id\":\"https:\/\/linguavivagroup.com\/es\/#organization\",\"name\":\"Linguaviva Educational Group\",\"url\":\"https:\/\/linguavivagroup.com\/es\/\",\"logo\":{\"@type\":\"ImageObject\",\"inLanguage\":\"es\",\"@id\":\"https:\/\/linguavivagroup.com\/es\/#\/schema\/logo\/image\/\",\"url\":\"https:\/\/linguavivagroup.com\/wp-content\/uploads\/2026\/03\/logo-linguaviva-bianco-50-260.png\",\"contentUrl\":\"https:\/\/linguavivagroup.com\/wp-content\/uploads\/2026\/03\/logo-linguaviva-bianco-50-260.png\",\"width\":260,\"height\":48,\"caption\":\"Linguaviva Educational Group\"},\"image\":{\"@id\":\"https:\/\/linguavivagroup.com\/es\/#\/schema\/logo\/image\/\"}}]}<\/script>\n<!-- \/ Yoast SEO plugin. -->","yoast_head_json":{"title":"Nuestros Estudiantes Dicen | Linguaviva Educational Group","description":"Descubra o que os nossos alunos dizem sobre n\u00f3s: A Linguaviva assegura que voc\u00ea tenha a melhor experi\u00eancia poss\u00edvel ao aprender italiano.","robots":{"index":"index","follow":"follow","max-snippet":"max-snippet:-1","max-image-preview":"max-image-preview:large","max-video-preview":"max-video-preview:-1"},"canonical":"https:\/\/linguavivagroup.com\/es\/nuestros-estudiantes-dicen\/","og_locale":"es_ES","og_type":"article","og_title":"Nuestros Estudiantes Dicen | Linguaviva Educational Group","og_description":"Descubra o que os nossos alunos dizem sobre n\u00f3s: A Linguaviva assegura que voc\u00ea tenha a melhor experi\u00eancia poss\u00edvel ao aprender italiano.","og_url":"https:\/\/linguavivagroup.com\/es\/nuestros-estudiantes-dicen\/","og_site_name":"Linguaviva Educational Group","article_modified_time":"2024-04-02T14:16:36+00:00","og_image":[{"width":1920,"height":923,"url":"https:\/\/linguavivagroup.com\/wp-content\/uploads\/2023\/04\/Educational-group.jpg","type":"image\/jpeg"}],"twitter_card":"summary_large_image","twitter_misc":{"Tiempo de lectura":"3 minutos"},"schema":{"@context":"https:\/\/schema.org","@graph":[{"@type":"WebPage","@id":"https:\/\/linguavivagroup.com\/es\/nuestros-estudiantes-dicen\/","url":"https:\/\/linguavivagroup.com\/es\/nuestros-estudiantes-dicen\/","name":"Nuestros Estudiantes Dicen | Linguaviva Educational Group","isPartOf":{"@id":"https:\/\/linguavivagroup.com\/es\/#website"},"datePublished":"2023-11-16T16:11:53+00:00","dateModified":"2024-04-02T14:16:36+00:00","description":"Descubra o que os nossos alunos dizem sobre n\u00f3s: A Linguaviva assegura que voc\u00ea tenha a melhor experi\u00eancia poss\u00edvel ao aprender italiano.","breadcrumb":{"@id":"https:\/\/linguavivagroup.com\/es\/nuestros-estudiantes-dicen\/#breadcrumb"},"inLanguage":"es","potentialAction":[{"@type":"ReadAction","target":["https:\/\/linguavivagroup.com\/es\/nuestros-estudiantes-dicen\/"]}]},{"@type":"BreadcrumbList","@id":"https:\/\/linguavivagroup.com\/es\/nuestros-estudiantes-dicen\/#breadcrumb","itemListElement":[{"@type":"ListItem","position":1,"name":"Home","item":"https:\/\/linguavivagroup.com\/es\/"},{"@type":"ListItem","position":2,"name":"Nuestros Estudiantes Dicen"}]},{"@type":"WebSite","@id":"https:\/\/linguavivagroup.com\/es\/#website","url":"https:\/\/linguavivagroup.com\/es\/","name":"Linguaviva Educational Group","description":"Study and learn italian in italy","publisher":{"@id":"https:\/\/linguavivagroup.com\/es\/#organization"},"potentialAction":[{"@type":"SearchAction","target":{"@type":"EntryPoint","urlTemplate":"https:\/\/linguavivagroup.com\/es\/?s={search_term_string}"},"query-input":{"@type":"PropertyValueSpecification","valueRequired":true,"valueName":"search_term_string"}}],"inLanguage":"es"},{"@type":"Organization","@id":"https:\/\/linguavivagroup.com\/es\/#organization","name":"Linguaviva Educational Group","url":"https:\/\/linguavivagroup.com\/es\/","logo":{"@type":"ImageObject","inLanguage":"es","@id":"https:\/\/linguavivagroup.com\/es\/#\/schema\/logo\/image\/","url":"https:\/\/linguavivagroup.com\/wp-content\/uploads\/2026\/03\/logo-linguaviva-bianco-50-260.png","contentUrl":"https:\/\/linguavivagroup.com\/wp-content\/uploads\/2026\/03\/logo-linguaviva-bianco-50-260.png","width":260,"height":48,"caption":"Linguaviva Educational Group"},"image":{"@id":"https:\/\/linguavivagroup.com\/es\/#\/schema\/logo\/image\/"}}]}},"_links":{"self":[{"href":"https:\/\/linguavivagroup.com\/es\/wp-json\/wp\/v2\/pages\/4608","targetHints":{"allow":["GET"]}}],"collection":[{"href":"https:\/\/linguavivagroup.com\/es\/wp-json\/wp\/v2\/pages"}],"about":[{"href":"https:\/\/linguavivagroup.com\/es\/wp-json\/wp\/v2\/types\/page"}],"author":[{"embeddable":true,"href":"https:\/\/linguavivagroup.com\/es\/wp-json\/wp\/v2\/users\/2"}],"replies":[{"embeddable":true,"href":"https:\/\/linguavivagroup.com\/es\/wp-json\/wp\/v2\/comments?post=4608"}],"version-history":[{"count":5,"href":"https:\/\/linguavivagroup.com\/es\/wp-json\/wp\/v2\/pages\/4608\/revisions"}],"predecessor-version":[{"id":8480,"href":"https:\/\/linguavivagroup.com\/es\/wp-json\/wp\/v2\/pages\/4608\/revisions\/8480"}],"wp:attachment":[{"href":"https:\/\/linguavivagroup.com\/es\/wp-json\/wp\/v2\/media?parent=4608"}],"curies":[{"name":"wp","href":"https:\/\/api.w.org\/{rel}","templated":true}]}}