{"id":4629,"date":"2023-11-17T10:54:38","date_gmt":"2023-11-17T09:54:38","guid":{"rendered":"https:\/\/linguavivagroup.com\/chi-siamo-copy-copy-copy-copy-2-copy\/"},"modified":"2025-07-21T14:49:09","modified_gmt":"2025-07-21T12:49:09","slug":"contactenos","status":"publish","type":"page","link":"https:\/\/linguavivagroup.com\/es\/contactenos\/","title":{"rendered":"CONT\u00c1CTENOS"},"content":{"rendered":"<section class=\"wpb-content-wrapper\"><p>[vc_row full_width=\u00bbstretch_row_content_no_spaces\u00bb el_class=\u00bbheader-image\u00bb][vc_column][vc_single_image image=\u00bb4757&#8243; img_size=\u00bbfull\u00bb el_class=\u00bbimg-header-big\u00bb][vc_single_image image=\u00bb4761&#8243; img_size=\u00bbfull\u00bb el_class=\u00bbimg-header-small\u00bb][\/vc_column][\/vc_row][vc_row el_class=\u00bbsezione\u00bb][vc_column][vc_column_text el_class=\u00bbred\u00bb]<\/p>\n<h2 style=\"text-align: center;\">LINGUAVIVA &#8211; FLORENCIA<\/h2>\n<p>[\/vc_column_text][vc_column_text]Via Fiume 17<br \/>\nI-50123 FIRENZE<br \/>\nTel. +39 055 29 43 59 \u2013 055 28 00 16<\/p>\n<p>&nbsp;<\/p>\n<table class=\"clean\" border=\"0\">\n<tbody>\n<tr>\n<td><strong>Informaci\u00f3n General<\/strong><\/td>\n<td><a href=\"mailto:info@linguaviva.it\">info@linguaviva.it<\/a><\/td>\n<td><\/td>\n<\/tr>\n<tr>\n<td><strong>Oficina de Admisiones<\/strong><\/td>\n<td><a href=\"mailto:admissions@linguaviva.it\">admissions@linguaviva.it<\/a><\/td>\n<td><\/td>\n<\/tr>\n<tr>\n<td><strong>Alojamiento<\/strong><\/td>\n<td><a href=\"mailto:accommodation@linguaviva.it\">accommodation@linguaviva.it<\/a><\/td>\n<td><\/td>\n<\/tr>\n<tr>\n<td><strong>Marketing<\/strong><\/td>\n<td><a href=\"mailto:marketing@linguaviva.it\">marketing@linguaviva.it<\/a><\/td>\n<td><\/td>\n<\/tr>\n<tr>\n<td><strong>Contabilidad<\/strong><\/td>\n<td><a href=\"mailto:accounts@linguaviva.it\">accounts@linguaviva.it<\/a><\/td>\n<td><\/td>\n<\/tr>\n<tr>\n<td><strong>Director del Campus de Florencia<\/strong><\/td>\n<td><a href=\"mailto:alevidoni@linguaviva.it\">alevidoni@linguaviva.it<\/a><\/td>\n<td><\/td>\n<\/tr>\n<tr>\n<td><strong>Asesor de Educaci\u00f3n Superior<\/strong><\/td>\n<td><a href=\"mailto:university@linguaviva.it\">university@linguaviva.it<\/a><\/td>\n<td><\/td>\n<\/tr>\n<\/tbody>\n<\/table>\n<p>[\/vc_column_text][\/vc_column][\/vc_row][vc_row][vc_column][vc_empty_space height=\u00bb35px\u00bb][\/vc_column][\/vc_row][vc_row el_class=\u00bbsezione\u00bb][vc_column][vc_column_text el_class=\u00bbred\u00bb]<\/p>\n<h2 style=\"text-align: center;\"><strong>LINGUADUE &#8211; LINGUAVIVA CAMPUS EN MIL\u00c1N<br \/>\n<\/strong><\/h2>\n<p>[\/vc_column_text][vc_column_text]Via Valenza 5<br \/>\nI-20144 MILANO<br \/>\nTel. +39 02 29 51 99 72 \u2013 02 29 51 99 73<\/p>\n<p>&nbsp;<\/p>\n<table class=\"clean\" border=\"0\">\n<tbody>\n<tr>\n<td><strong>Informaci\u00f3n General<\/strong><\/td>\n<td><a href=\"mailto:info@linguadue.com\">info@linguadue.com<\/a><\/td>\n<td><\/td>\n<\/tr>\n<tr>\n<td><strong>Oficina de Admisiones<\/strong><\/td>\n<td><a href=\"mailto:admissions@linguadue.com\">admissions@linguadue.com<\/a><\/td>\n<td><\/td>\n<\/tr>\n<tr>\n<td><strong>Alojamiento<\/strong><\/td>\n<td><a href=\"mailto:accommodation@linguadue.com\">accommodation@linguadue.com<\/a><\/td>\n<td><\/td>\n<\/tr>\n<tr>\n<td><strong>Director del Campus de Mil\u00e1n<\/strong><\/td>\n<td><a href=\"mailto:director@linguadue.com\">director@linguadue.com<\/a><\/td>\n<td><\/td>\n<\/tr>\n<tr>\n<td><strong>Contabilidad<\/strong><\/td>\n<td><a href=\"mailto:accounts@linguadue.com\" target=\"_blank\" rel=\"noopener\">accounts@linguadue.com<\/a><\/td>\n<td><\/td>\n<\/tr>\n<\/tbody>\n<\/table>\n<p>[\/vc_column_text][\/vc_column][\/vc_row][vc_row][vc_column][vc_empty_space height=\u00bb35px\u00bb][\/vc_column][\/vc_row][vc_row el_class=\u00bbsezione\u00bb][vc_column][vc_column_text el_class=\u00bbred\u00bb]<\/p>\n<h2 style=\"text-align: center;\"><strong>ESCUELA DE VERANO LINGUAVIVA PARA J\u00d3VENES &#8211; LIGNANO<\/strong><\/h2>\n<p>[\/vc_column_text][vc_column_text]Viale Centrale 29<br \/>\nI-33054 LIGNANO SABBIADORO<br \/>\nTel. +39 055 28 00 16<\/p>\n<p>&nbsp;<\/p>\n<table class=\"clean\" border=\"0\">\n<tbody>\n<tr>\n<td><strong>Informaci\u00f3n General<\/strong><\/td>\n<td><a href=\"mailto:info@linguaviva.it\">info@linguaviva.it<\/a><\/td>\n<td><\/td>\n<\/tr>\n<tr>\n<td><strong>Oficina de Admisiones<\/strong><\/td>\n<td><a href=\"mailto:admissions@linguaviva.it\">admissions@linguaviva.it<\/a><\/td>\n<td><\/td>\n<\/tr>\n<\/tbody>\n<\/table>\n<p>[\/vc_column_text][\/vc_column][\/vc_row][vc_row][vc_column][vc_empty_space height=\u00bb35px\u00bb][\/vc_column][\/vc_row][vc_row el_class=\u00bbsezione\u00bb][vc_column][vc_column_text el_class=\u00bbred\u00bb]<\/p>\n<h2 style=\"text-align: center;\"><strong>LINGUAVIVA GROUP &#8211; SEDE PRINCIPAL<br \/>\n<\/strong><\/h2>\n<p>[\/vc_column_text][vc_column_text]Via Fiume 17<br \/>\nI-50123 FIRENZE<br \/>\nTel. +39 055 29 43 59 \u2013 055 28 00 16<br \/>\nFax +39 055 28 36 67<\/p>\n<p>&nbsp;<\/p>\n<table class=\"clean\" border=\"0\">\n<tbody>\n<tr>\n<td><strong>CEO and General Manager<\/strong><\/td>\n<td><a href=\"mailto:alevidoni@linguaviva.it\">alevidoni@linguaviva.it<\/a><\/td>\n<td><\/td>\n<\/tr>\n<\/tbody>\n<\/table>\n<p>[\/vc_column_text][\/vc_column][\/vc_row][vc_row full_width=\u00bbstretch_row\u00bb el_class=\u00bbsezione bg-light-grey\u00bb][vc_column][vc_column_text el_class=\u00bbred\u00bb]<\/p>\n<h1>CONT\u00c1CTENOS<\/h1>\n<p>[\/vc_column_text][vc_column_text]\u00bfTe gustar\u00eda aprender el idioma italiano? \u00bfEst\u00e1s considerando un viaje de estudio a Italia? Solicita m\u00e1s informaci\u00f3n sobre los cursos y estancias ofrecidos por Linguaviva.[\/vc_column_text][vc_raw_html]JTNDcCUzRSUzQ3NjcmlwdCUyMGNoYXJzZXQlM0QlMjJ1dGYtOCUyMiUyMHR5cGUlM0QlMjJ0ZXh0JTJGamF2YXNjcmlwdCUyMiUyMHNyYyUzRCUyMiUyRiUyRmpzLWV1MS5oc2Zvcm1zLm5ldCUyRmZvcm1zJTJGZW1iZWQlMkZ2Mi5qcyUyMiUzRSUzQyUyRnNjcmlwdCUzRSUzQ2JyJTIwJTJGJTNFJTBBJTNDc2NyaXB0JTNFJTBBJTIwJTIwaGJzcHQuZm9ybXMuY3JlYXRlJTI4JTdCJTBBJTIwJTIwJTIwJTIwcmVnaW9uJTNBJTIwJTIyZXUxJTIyJTJDJTBBJTIwJTIwJTIwJTIwcG9ydGFsSWQlM0ElMjAlMjIxMzk3OTQ5NzIlMjIlMkMlMEElMjAlMjAlMjAlMjBmb3JtSWQlM0ElMjAlMjJiNjkzMjdjZi1mZTFmLTRhNWEtYWMwOC1jYjFhMmVjOGM0YzYlMjIlMEElMjAlMjAlN0QlMjklM0IlMEElM0MlMkZzY3JpcHQlM0UlM0MlMkZwJTNF[\/vc_raw_html][\/vc_column][\/vc_row][vc_row][vc_column][vc_raw_html]JTNDc3R5bGUlM0UlMEEuZm9vdGVyLWZvcm0lMjAlN0IlMEFkaXNwbGF5JTNBJTIwbm9uZSUyMCUyMWltcG9ydGFudCUzQiUwQSU3RCUwQSUzQyUyRnN0eWxlJTNF[\/vc_raw_html][\/vc_column][\/vc_row]<\/p>\n<\/section>","protected":false},"excerpt":{"rendered":"<p>[vc_row full_width=\u00bbstretch_row_content_no_spaces\u00bb el_class=\u00bbheader-image\u00bb][vc_column][vc_single_image image=\u00bb4757&#8243; img_size=\u00bbfull\u00bb el_class=\u00bbimg-header-big\u00bb][vc_single_image image=\u00bb4761&#8243; img_size=\u00bbfull\u00bb el_class=\u00bbimg-header-small\u00bb][\/vc_column][\/vc_row][vc_row el_class=\u00bbsezione\u00bb][vc_column][vc_column_text el_class=\u00bbred\u00bb] LINGUAVIVA &#8211; FLORENCIA [\/vc_column_text][vc_column_text]Via Fiume 17 I-50123 FIRENZE Tel. +39 055 29 43 59 \u2013 055 28 00 16 &nbsp; Informaci\u00f3n General info@linguaviva.it Oficina de Admisiones admissions@linguaviva.it Alojamiento accommodation@linguaviva.it Marketing marketing@linguaviva.it Contabilidad accounts@linguaviva.it Director del Campus de Florencia alevidoni@linguaviva.it Asesor de Educaci\u00f3n Superior university@linguaviva.it [&hellip;]<\/p>\n","protected":false},"author":2,"featured_media":0,"parent":0,"menu_order":-1,"comment_status":"closed","ping_status":"closed","template":"","meta":{"inline_featured_image":false,"footnotes":""},"class_list":["post-4629","page","type-page","status-publish","hentry"],"yoast_head":"<!-- This site is optimized with the Yoast SEO plugin v27.2 - https:\/\/yoast.com\/product\/yoast-seo-wordpress\/ -->\n<title>Contact Us | Linguaviva<\/title>\n<meta name=\"description\" content=\"Discover how to contact Linguaviva for any information. You can contact Linguaviva via mail, fax, Skype or telephone.\" \/>\n<meta name=\"robots\" content=\"index, follow, max-snippet:-1, max-image-preview:large, max-video-preview:-1\" \/>\n<link rel=\"canonical\" href=\"https:\/\/linguavivagroup.com\/es\/contactenos\/\" \/>\n<meta property=\"og:locale\" content=\"es_ES\" \/>\n<meta property=\"og:type\" content=\"article\" \/>\n<meta property=\"og:title\" content=\"Contact Us | Linguaviva\" \/>\n<meta property=\"og:description\" content=\"Discover how to contact Linguaviva for any information. You can contact Linguaviva via mail, fax, Skype or telephone.\" \/>\n<meta property=\"og:url\" content=\"https:\/\/linguavivagroup.com\/es\/contactenos\/\" \/>\n<meta property=\"og:site_name\" content=\"Linguaviva Educational Group\" \/>\n<meta property=\"article:modified_time\" content=\"2025-07-21T12:49:09+00:00\" \/>\n<meta property=\"og:image\" content=\"https:\/\/linguavivagroup.com\/wp-content\/uploads\/2023\/04\/Educational-group.jpg\" \/>\n\t<meta property=\"og:image:width\" content=\"1920\" \/>\n\t<meta property=\"og:image:height\" content=\"923\" \/>\n\t<meta property=\"og:image:type\" content=\"image\/jpeg\" \/>\n<meta name=\"twitter:card\" content=\"summary_large_image\" \/>\n<meta name=\"twitter:label1\" content=\"Tiempo de lectura\" \/>\n\t<meta name=\"twitter:data1\" content=\"2 minutos\" \/>\n<script type=\"application\/ld+json\" class=\"yoast-schema-graph\">{\"@context\":\"https:\/\/schema.org\",\"@graph\":[{\"@type\":\"WebPage\",\"@id\":\"https:\/\/linguavivagroup.com\/es\/contactenos\/\",\"url\":\"https:\/\/linguavivagroup.com\/es\/contactenos\/\",\"name\":\"Contact Us | Linguaviva\",\"isPartOf\":{\"@id\":\"https:\/\/linguavivagroup.com\/es\/#website\"},\"datePublished\":\"2023-11-17T09:54:38+00:00\",\"dateModified\":\"2025-07-21T12:49:09+00:00\",\"description\":\"Discover how to contact Linguaviva for any information. You can contact Linguaviva via mail, fax, Skype or telephone.\",\"breadcrumb\":{\"@id\":\"https:\/\/linguavivagroup.com\/es\/contactenos\/#breadcrumb\"},\"inLanguage\":\"es\",\"potentialAction\":[{\"@type\":\"ReadAction\",\"target\":[\"https:\/\/linguavivagroup.com\/es\/contactenos\/\"]}]},{\"@type\":\"BreadcrumbList\",\"@id\":\"https:\/\/linguavivagroup.com\/es\/contactenos\/#breadcrumb\",\"itemListElement\":[{\"@type\":\"ListItem\",\"position\":1,\"name\":\"Home\",\"item\":\"https:\/\/linguavivagroup.com\/es\/\"},{\"@type\":\"ListItem\",\"position\":2,\"name\":\"CONT\u00c1CTENOS\"}]},{\"@type\":\"WebSite\",\"@id\":\"https:\/\/linguavivagroup.com\/es\/#website\",\"url\":\"https:\/\/linguavivagroup.com\/es\/\",\"name\":\"Linguaviva Educational Group\",\"description\":\"Study and learn italian in italy\",\"publisher\":{\"@id\":\"https:\/\/linguavivagroup.com\/es\/#organization\"},\"potentialAction\":[{\"@type\":\"SearchAction\",\"target\":{\"@type\":\"EntryPoint\",\"urlTemplate\":\"https:\/\/linguavivagroup.com\/es\/?s={search_term_string}\"},\"query-input\":{\"@type\":\"PropertyValueSpecification\",\"valueRequired\":true,\"valueName\":\"search_term_string\"}}],\"inLanguage\":\"es\"},{\"@type\":\"Organization\",\"@id\":\"https:\/\/linguavivagroup.com\/es\/#organization\",\"name\":\"Linguaviva Educational Group\",\"url\":\"https:\/\/linguavivagroup.com\/es\/\",\"logo\":{\"@type\":\"ImageObject\",\"inLanguage\":\"es\",\"@id\":\"https:\/\/linguavivagroup.com\/es\/#\/schema\/logo\/image\/\",\"url\":\"https:\/\/linguavivagroup.com\/wp-content\/uploads\/2026\/03\/logo-linguaviva-bianco-50-260.png\",\"contentUrl\":\"https:\/\/linguavivagroup.com\/wp-content\/uploads\/2026\/03\/logo-linguaviva-bianco-50-260.png\",\"width\":260,\"height\":48,\"caption\":\"Linguaviva Educational Group\"},\"image\":{\"@id\":\"https:\/\/linguavivagroup.com\/es\/#\/schema\/logo\/image\/\"}}]}<\/script>\n<!-- \/ Yoast SEO plugin. -->","yoast_head_json":{"title":"Contact Us | Linguaviva","description":"Discover how to contact Linguaviva for any information. You can contact Linguaviva via mail, fax, Skype or telephone.","robots":{"index":"index","follow":"follow","max-snippet":"max-snippet:-1","max-image-preview":"max-image-preview:large","max-video-preview":"max-video-preview:-1"},"canonical":"https:\/\/linguavivagroup.com\/es\/contactenos\/","og_locale":"es_ES","og_type":"article","og_title":"Contact Us | Linguaviva","og_description":"Discover how to contact Linguaviva for any information. You can contact Linguaviva via mail, fax, Skype or telephone.","og_url":"https:\/\/linguavivagroup.com\/es\/contactenos\/","og_site_name":"Linguaviva Educational Group","article_modified_time":"2025-07-21T12:49:09+00:00","og_image":[{"width":1920,"height":923,"url":"https:\/\/linguavivagroup.com\/wp-content\/uploads\/2023\/04\/Educational-group.jpg","type":"image\/jpeg"}],"twitter_card":"summary_large_image","twitter_misc":{"Tiempo de lectura":"2 minutos"},"schema":{"@context":"https:\/\/schema.org","@graph":[{"@type":"WebPage","@id":"https:\/\/linguavivagroup.com\/es\/contactenos\/","url":"https:\/\/linguavivagroup.com\/es\/contactenos\/","name":"Contact Us | Linguaviva","isPartOf":{"@id":"https:\/\/linguavivagroup.com\/es\/#website"},"datePublished":"2023-11-17T09:54:38+00:00","dateModified":"2025-07-21T12:49:09+00:00","description":"Discover how to contact Linguaviva for any information. You can contact Linguaviva via mail, fax, Skype or telephone.","breadcrumb":{"@id":"https:\/\/linguavivagroup.com\/es\/contactenos\/#breadcrumb"},"inLanguage":"es","potentialAction":[{"@type":"ReadAction","target":["https:\/\/linguavivagroup.com\/es\/contactenos\/"]}]},{"@type":"BreadcrumbList","@id":"https:\/\/linguavivagroup.com\/es\/contactenos\/#breadcrumb","itemListElement":[{"@type":"ListItem","position":1,"name":"Home","item":"https:\/\/linguavivagroup.com\/es\/"},{"@type":"ListItem","position":2,"name":"CONT\u00c1CTENOS"}]},{"@type":"WebSite","@id":"https:\/\/linguavivagroup.com\/es\/#website","url":"https:\/\/linguavivagroup.com\/es\/","name":"Linguaviva Educational Group","description":"Study and learn italian in italy","publisher":{"@id":"https:\/\/linguavivagroup.com\/es\/#organization"},"potentialAction":[{"@type":"SearchAction","target":{"@type":"EntryPoint","urlTemplate":"https:\/\/linguavivagroup.com\/es\/?s={search_term_string}"},"query-input":{"@type":"PropertyValueSpecification","valueRequired":true,"valueName":"search_term_string"}}],"inLanguage":"es"},{"@type":"Organization","@id":"https:\/\/linguavivagroup.com\/es\/#organization","name":"Linguaviva Educational Group","url":"https:\/\/linguavivagroup.com\/es\/","logo":{"@type":"ImageObject","inLanguage":"es","@id":"https:\/\/linguavivagroup.com\/es\/#\/schema\/logo\/image\/","url":"https:\/\/linguavivagroup.com\/wp-content\/uploads\/2026\/03\/logo-linguaviva-bianco-50-260.png","contentUrl":"https:\/\/linguavivagroup.com\/wp-content\/uploads\/2026\/03\/logo-linguaviva-bianco-50-260.png","width":260,"height":48,"caption":"Linguaviva Educational Group"},"image":{"@id":"https:\/\/linguavivagroup.com\/es\/#\/schema\/logo\/image\/"}}]}},"_links":{"self":[{"href":"https:\/\/linguavivagroup.com\/es\/wp-json\/wp\/v2\/pages\/4629","targetHints":{"allow":["GET"]}}],"collection":[{"href":"https:\/\/linguavivagroup.com\/es\/wp-json\/wp\/v2\/pages"}],"about":[{"href":"https:\/\/linguavivagroup.com\/es\/wp-json\/wp\/v2\/types\/page"}],"author":[{"embeddable":true,"href":"https:\/\/linguavivagroup.com\/es\/wp-json\/wp\/v2\/users\/2"}],"replies":[{"embeddable":true,"href":"https:\/\/linguavivagroup.com\/es\/wp-json\/wp\/v2\/comments?post=4629"}],"version-history":[{"count":19,"href":"https:\/\/linguavivagroup.com\/es\/wp-json\/wp\/v2\/pages\/4629\/revisions"}],"predecessor-version":[{"id":14990,"href":"https:\/\/linguavivagroup.com\/es\/wp-json\/wp\/v2\/pages\/4629\/revisions\/14990"}],"wp:attachment":[{"href":"https:\/\/linguavivagroup.com\/es\/wp-json\/wp\/v2\/media?parent=4629"}],"curies":[{"name":"wp","href":"https:\/\/api.w.org\/{rel}","templated":true}]}}