{"id":5150,"date":"2023-12-11T15:30:51","date_gmt":"2023-12-11T14:30:51","guid":{"rendered":"https:\/\/linguavivagroup.com\/alloggi-firenze\/"},"modified":"2024-04-02T15:28:59","modified_gmt":"2024-04-02T13:28:59","slug":"acomodacion-en-florencia","status":"publish","type":"page","link":"https:\/\/linguavivagroup.com\/es\/acomodacion-en-florencia\/","title":{"rendered":"ACOMODACI\u00d3N EN FLORENCIA"},"content":{"rendered":"<section class=\"wpb-content-wrapper\"><p>[vc_row full_width=\u00bbstretch_row_content_no_spaces\u00bb el_class=\u00bbheader-image\u00bb][vc_column][vc_single_image image=\u00bb5144&#8243; img_size=\u00bbfull\u00bb el_class=\u00bbimg-header-big\u00bb][vc_single_image image=\u00bb5209&#8243; img_size=\u00bbfull\u00bb el_class=\u00bbimg-header-small\u00bb][\/vc_column][\/vc_row][vc_row el_class=\u00bbsezione no-padding-bottom\u00bb][vc_column width=\u00bb2\/12&#8243;][\/vc_column][vc_column width=\u00bb8\/12&#8243;][vc_column_text el_class=\u00bbred\u00bb]<\/p>\n<h1 style=\"text-align: center;\">ACOMODACI\u00d3N EN FLORENCIA<\/h1>\n<p>[\/vc_column_text][vc_column_text]<\/p>\n<div class=\"flex flex-grow flex-col max-w-full\">\n<div class=\"min-h-[20px] text-message flex flex-col items-start gap-3 whitespace-pre-wrap break-words [.text-message+&amp;]:mt-5 overflow-x-auto\" data-message-author-role=\"assistant\" data-message-id=\"d6987b79-823c-4236-8327-8087a04f7bcb\">\n<div class=\"markdown prose w-full break-words dark:prose-invert light\">\n<div class=\"flex flex-grow flex-col max-w-full\">\n<div class=\"min-h-[20px] text-message flex flex-col items-start gap-3 whitespace-pre-wrap break-words [.text-message+&amp;]:mt-5 overflow-x-auto\" data-message-author-role=\"assistant\" data-message-id=\"a020a26c-7c31-435f-9443-a6752ee82807\">\n<div class=\"markdown prose w-full break-words dark:prose-invert light\">\n<p>Florencia, la espl\u00e9ndida ciudad italiana famosa por su historia y arte atemporales, es uno de los destinos ofrecidos por Linguaviva para estudiantes que desean aprender italiano en Italia. Elija el alojamiento que mejor se adapte a sus necesidades y prep\u00e1rese para tener una experiencia \u00fanica en Florencia, sumergi\u00e9ndose en su belleza y el encanto de la lengua italiana.<\/p>\n<\/div>\n<\/div>\n<\/div>\n<\/div>\n<\/div>\n<\/div>\n<p>[\/vc_column_text][\/vc_column][vc_column width=\u00bb2\/12&#8243;][\/vc_column][\/vc_row][vc_row][vc_column][vc_empty_space height=\u00bb50px\u00bb][vc_basic_grid post_type=\u00bbaccommodations\u00bb max_items=\u00bb-1&#8243; gap=\u00bb15&#8243; orderby=\u00bbmenu_order\u00bb item=\u00bb1247&#8243; initial_loading_animation=\u00bbnone\u00bb grid_id=\u00bbvc_gid:1706539017165-379424f8-127d-1&#8243; el_class=\u00bbelenco-corsi elenco-corsi-firenze\u00bb taxonomies=\u00bb35&#8243;][vc_empty_space height=\u00bb50px\u00bb][\/vc_column][\/vc_row]<\/p>\n<\/section>","protected":false},"excerpt":{"rendered":"<p>[vc_row full_width=\u00bbstretch_row_content_no_spaces\u00bb el_class=\u00bbheader-image\u00bb][vc_column][vc_single_image image=\u00bb5144&#8243; img_size=\u00bbfull\u00bb el_class=\u00bbimg-header-big\u00bb][vc_single_image image=\u00bb5209&#8243; img_size=\u00bbfull\u00bb el_class=\u00bbimg-header-small\u00bb][\/vc_column][\/vc_row][vc_row el_class=\u00bbsezione no-padding-bottom\u00bb][vc_column width=\u00bb2\/12&#8243;][\/vc_column][vc_column width=\u00bb8\/12&#8243;][vc_column_text el_class=\u00bbred\u00bb] ACOMODACI\u00d3N EN FLORENCIA [\/vc_column_text][vc_column_text] Florencia, la espl\u00e9ndida ciudad italiana famosa por su historia y arte atemporales, es uno de los destinos ofrecidos por Linguaviva para estudiantes que desean aprender italiano en Italia. Elija el alojamiento que mejor se adapte a sus [&hellip;]<\/p>\n","protected":false},"author":2,"featured_media":0,"parent":0,"menu_order":-1,"comment_status":"closed","ping_status":"closed","template":"","meta":{"inline_featured_image":false,"footnotes":""},"class_list":["post-5150","page","type-page","status-publish","hentry"],"yoast_head":"<!-- This site is optimized with the Yoast SEO plugin v27.2 - https:\/\/yoast.com\/product\/yoast-seo-wordpress\/ -->\n<title>ACOMODACI\u00d3N EN FLORENCIA | Linguaviva Educational Group<\/title>\n<meta name=\"description\" content=\"Elija el alojamiento que mejor se adapte a sus necesidades y prep\u00e1rese para tener una experiencia \u00fanica en Florencia.\" \/>\n<meta name=\"robots\" content=\"index, follow, max-snippet:-1, max-image-preview:large, max-video-preview:-1\" \/>\n<link rel=\"canonical\" href=\"https:\/\/linguavivagroup.com\/es\/acomodacion-en-florencia\/\" \/>\n<meta property=\"og:locale\" content=\"es_ES\" \/>\n<meta property=\"og:type\" content=\"article\" \/>\n<meta property=\"og:title\" content=\"ACOMODACI\u00d3N EN FLORENCIA | Linguaviva Educational Group\" \/>\n<meta property=\"og:description\" content=\"Elija el alojamiento que mejor se adapte a sus necesidades y prep\u00e1rese para tener una experiencia \u00fanica en Florencia.\" \/>\n<meta property=\"og:url\" content=\"https:\/\/linguavivagroup.com\/es\/acomodacion-en-florencia\/\" \/>\n<meta property=\"og:site_name\" content=\"Linguaviva Educational Group\" \/>\n<meta property=\"article:modified_time\" content=\"2024-04-02T13:28:59+00:00\" \/>\n<meta property=\"og:image\" content=\"https:\/\/linguavivagroup.com\/wp-content\/uploads\/2023\/04\/Educational-group.jpg\" \/>\n\t<meta property=\"og:image:width\" content=\"1920\" \/>\n\t<meta property=\"og:image:height\" content=\"923\" \/>\n\t<meta property=\"og:image:type\" content=\"image\/jpeg\" \/>\n<meta name=\"twitter:card\" content=\"summary_large_image\" \/>\n<meta name=\"twitter:label1\" content=\"Tiempo de lectura\" \/>\n\t<meta name=\"twitter:data1\" content=\"1 minuto\" \/>\n<script type=\"application\/ld+json\" class=\"yoast-schema-graph\">{\"@context\":\"https:\/\/schema.org\",\"@graph\":[{\"@type\":\"WebPage\",\"@id\":\"https:\/\/linguavivagroup.com\/es\/acomodacion-en-florencia\/\",\"url\":\"https:\/\/linguavivagroup.com\/es\/acomodacion-en-florencia\/\",\"name\":\"ACOMODACI\u00d3N EN FLORENCIA | Linguaviva Educational Group\",\"isPartOf\":{\"@id\":\"https:\/\/linguavivagroup.com\/es\/#website\"},\"datePublished\":\"2023-12-11T14:30:51+00:00\",\"dateModified\":\"2024-04-02T13:28:59+00:00\",\"description\":\"Elija el alojamiento que mejor se adapte a sus necesidades y prep\u00e1rese para tener una experiencia \u00fanica en Florencia.\",\"breadcrumb\":{\"@id\":\"https:\/\/linguavivagroup.com\/es\/acomodacion-en-florencia\/#breadcrumb\"},\"inLanguage\":\"es\",\"potentialAction\":[{\"@type\":\"ReadAction\",\"target\":[\"https:\/\/linguavivagroup.com\/es\/acomodacion-en-florencia\/\"]}]},{\"@type\":\"BreadcrumbList\",\"@id\":\"https:\/\/linguavivagroup.com\/es\/acomodacion-en-florencia\/#breadcrumb\",\"itemListElement\":[{\"@type\":\"ListItem\",\"position\":1,\"name\":\"Home\",\"item\":\"https:\/\/linguavivagroup.com\/es\/\"},{\"@type\":\"ListItem\",\"position\":2,\"name\":\"ACOMODACI\u00d3N EN FLORENCIA\"}]},{\"@type\":\"WebSite\",\"@id\":\"https:\/\/linguavivagroup.com\/es\/#website\",\"url\":\"https:\/\/linguavivagroup.com\/es\/\",\"name\":\"Linguaviva Educational Group\",\"description\":\"Study and learn italian in italy\",\"publisher\":{\"@id\":\"https:\/\/linguavivagroup.com\/es\/#organization\"},\"potentialAction\":[{\"@type\":\"SearchAction\",\"target\":{\"@type\":\"EntryPoint\",\"urlTemplate\":\"https:\/\/linguavivagroup.com\/es\/?s={search_term_string}\"},\"query-input\":{\"@type\":\"PropertyValueSpecification\",\"valueRequired\":true,\"valueName\":\"search_term_string\"}}],\"inLanguage\":\"es\"},{\"@type\":\"Organization\",\"@id\":\"https:\/\/linguavivagroup.com\/es\/#organization\",\"name\":\"Linguaviva Educational Group\",\"url\":\"https:\/\/linguavivagroup.com\/es\/\",\"logo\":{\"@type\":\"ImageObject\",\"inLanguage\":\"es\",\"@id\":\"https:\/\/linguavivagroup.com\/es\/#\/schema\/logo\/image\/\",\"url\":\"https:\/\/linguavivagroup.com\/wp-content\/uploads\/2026\/03\/logo-linguaviva-bianco-50-260.png\",\"contentUrl\":\"https:\/\/linguavivagroup.com\/wp-content\/uploads\/2026\/03\/logo-linguaviva-bianco-50-260.png\",\"width\":260,\"height\":48,\"caption\":\"Linguaviva Educational Group\"},\"image\":{\"@id\":\"https:\/\/linguavivagroup.com\/es\/#\/schema\/logo\/image\/\"}}]}<\/script>\n<!-- \/ Yoast SEO plugin. -->","yoast_head_json":{"title":"ACOMODACI\u00d3N EN FLORENCIA | Linguaviva Educational Group","description":"Elija el alojamiento que mejor se adapte a sus necesidades y prep\u00e1rese para tener una experiencia \u00fanica en Florencia.","robots":{"index":"index","follow":"follow","max-snippet":"max-snippet:-1","max-image-preview":"max-image-preview:large","max-video-preview":"max-video-preview:-1"},"canonical":"https:\/\/linguavivagroup.com\/es\/acomodacion-en-florencia\/","og_locale":"es_ES","og_type":"article","og_title":"ACOMODACI\u00d3N EN FLORENCIA | Linguaviva Educational Group","og_description":"Elija el alojamiento que mejor se adapte a sus necesidades y prep\u00e1rese para tener una experiencia \u00fanica en Florencia.","og_url":"https:\/\/linguavivagroup.com\/es\/acomodacion-en-florencia\/","og_site_name":"Linguaviva Educational Group","article_modified_time":"2024-04-02T13:28:59+00:00","og_image":[{"width":1920,"height":923,"url":"https:\/\/linguavivagroup.com\/wp-content\/uploads\/2023\/04\/Educational-group.jpg","type":"image\/jpeg"}],"twitter_card":"summary_large_image","twitter_misc":{"Tiempo de lectura":"1 minuto"},"schema":{"@context":"https:\/\/schema.org","@graph":[{"@type":"WebPage","@id":"https:\/\/linguavivagroup.com\/es\/acomodacion-en-florencia\/","url":"https:\/\/linguavivagroup.com\/es\/acomodacion-en-florencia\/","name":"ACOMODACI\u00d3N EN FLORENCIA | Linguaviva Educational Group","isPartOf":{"@id":"https:\/\/linguavivagroup.com\/es\/#website"},"datePublished":"2023-12-11T14:30:51+00:00","dateModified":"2024-04-02T13:28:59+00:00","description":"Elija el alojamiento que mejor se adapte a sus necesidades y prep\u00e1rese para tener una experiencia \u00fanica en Florencia.","breadcrumb":{"@id":"https:\/\/linguavivagroup.com\/es\/acomodacion-en-florencia\/#breadcrumb"},"inLanguage":"es","potentialAction":[{"@type":"ReadAction","target":["https:\/\/linguavivagroup.com\/es\/acomodacion-en-florencia\/"]}]},{"@type":"BreadcrumbList","@id":"https:\/\/linguavivagroup.com\/es\/acomodacion-en-florencia\/#breadcrumb","itemListElement":[{"@type":"ListItem","position":1,"name":"Home","item":"https:\/\/linguavivagroup.com\/es\/"},{"@type":"ListItem","position":2,"name":"ACOMODACI\u00d3N EN FLORENCIA"}]},{"@type":"WebSite","@id":"https:\/\/linguavivagroup.com\/es\/#website","url":"https:\/\/linguavivagroup.com\/es\/","name":"Linguaviva Educational Group","description":"Study and learn italian in italy","publisher":{"@id":"https:\/\/linguavivagroup.com\/es\/#organization"},"potentialAction":[{"@type":"SearchAction","target":{"@type":"EntryPoint","urlTemplate":"https:\/\/linguavivagroup.com\/es\/?s={search_term_string}"},"query-input":{"@type":"PropertyValueSpecification","valueRequired":true,"valueName":"search_term_string"}}],"inLanguage":"es"},{"@type":"Organization","@id":"https:\/\/linguavivagroup.com\/es\/#organization","name":"Linguaviva Educational Group","url":"https:\/\/linguavivagroup.com\/es\/","logo":{"@type":"ImageObject","inLanguage":"es","@id":"https:\/\/linguavivagroup.com\/es\/#\/schema\/logo\/image\/","url":"https:\/\/linguavivagroup.com\/wp-content\/uploads\/2026\/03\/logo-linguaviva-bianco-50-260.png","contentUrl":"https:\/\/linguavivagroup.com\/wp-content\/uploads\/2026\/03\/logo-linguaviva-bianco-50-260.png","width":260,"height":48,"caption":"Linguaviva Educational Group"},"image":{"@id":"https:\/\/linguavivagroup.com\/es\/#\/schema\/logo\/image\/"}}]}},"_links":{"self":[{"href":"https:\/\/linguavivagroup.com\/es\/wp-json\/wp\/v2\/pages\/5150","targetHints":{"allow":["GET"]}}],"collection":[{"href":"https:\/\/linguavivagroup.com\/es\/wp-json\/wp\/v2\/pages"}],"about":[{"href":"https:\/\/linguavivagroup.com\/es\/wp-json\/wp\/v2\/types\/page"}],"author":[{"embeddable":true,"href":"https:\/\/linguavivagroup.com\/es\/wp-json\/wp\/v2\/users\/2"}],"replies":[{"embeddable":true,"href":"https:\/\/linguavivagroup.com\/es\/wp-json\/wp\/v2\/comments?post=5150"}],"version-history":[{"count":11,"href":"https:\/\/linguavivagroup.com\/es\/wp-json\/wp\/v2\/pages\/5150\/revisions"}],"predecessor-version":[{"id":8053,"href":"https:\/\/linguavivagroup.com\/es\/wp-json\/wp\/v2\/pages\/5150\/revisions\/8053"}],"wp:attachment":[{"href":"https:\/\/linguavivagroup.com\/es\/wp-json\/wp\/v2\/media?parent=5150"}],"curies":[{"name":"wp","href":"https:\/\/api.w.org\/{rel}","templated":true}]}}