{"id":15189,"date":"2023-07-19T12:17:49","date_gmt":"2023-07-19T10:17:49","guid":{"rendered":"https:\/\/linguavivagroup.com\/italian-language-school-in-florence\/"},"modified":"2025-10-03T12:53:36","modified_gmt":"2025-10-03T10:53:36","slug":"scuola-di-lingua-italiana-a-firenze","status":"publish","type":"page","link":"https:\/\/linguavivagroup.com\/it\/scuola-di-lingua-italiana-a-firenze\/","title":{"rendered":"DESTINAZIONI FIRENZE"},"content":{"rendered":"<section class=\"wpb-content-wrapper\"><p>[vc_row full_width=&#8221;stretch_row_content_no_spaces&#8221; el_class=&#8221;header-image&#8221;][vc_column][vc_single_image image=&#8221;15190&#8243; img_size=&#8221;full&#8221; el_class=&#8221;img-header-big&#8221;][vc_single_image image=&#8221;15191&#8243; img_size=&#8221;full&#8221; el_class=&#8221;img-header-small&#8221;][\/vc_column][\/vc_row][vc_row gap=&#8221;30&#8243; el_class=&#8221;sezione&#8221;][vc_column width=&#8221;1\/2&#8243; el_class=&#8221;slideshow slideshow-small&#8221;][vc_images_carousel images=&#8221;15192,15193,15194,15195,15196&#8243; img_size=&#8221;full&#8221; onclick=&#8221;link_no&#8221; wrap=&#8221;yes&#8221;][vc_single_image image=&#8221;310&#8243; img_size=&#8221;full&#8221; el_class=&#8221;square square-small s-top-50 s-left-50&#8243;][vc_single_image image=&#8221;376&#8243; img_size=&#8221;full&#8221; el_class=&#8221;square square-small s-top-50 s-left50&#8243;][vc_single_image image=&#8221;322&#8243; img_size=&#8221;full&#8221; el_class=&#8221;square square-small s-top50 s-left-50&#8243;][vc_single_image image=&#8221;364&#8243; img_size=&#8221;full&#8221; el_class=&#8221;square square-small s-bottom-50 s-right-50&#8243;][\/vc_column][vc_column width=&#8221;1\/12&#8243;][\/vc_column][vc_column width=&#8221;5\/12&#8243;][vc_column_text el_class=&#8221;red&#8221;]<\/p>\n<h1 class=\"h2\">UNA SCUOLA DI LINGUA ITALIANA A DUE PASSI DAL CUORE DI FIRENZE<\/h1>\n<p>[\/vc_column_text][vc_column_text]La scuola di lingua di Linguaviva si trova nel cuore di Firenze, a due passi dai monumenti iconici e conosciuti in tutto il mondo. \u00c8 il punto di partenza ideale per esplorare la citt\u00e0 in autonomia o attraverso visite guidate e attivit\u00e0 settimanali.<\/p>\n<p>La nostra scuola offre un\u2019esperienza completa: imparerai l\u2019italiano ammirando capolavori di alcuni dei pi\u00f9 grandi artisti del Rinascimento, visiterai attrazioni celebri e musei prestigiosi, passeggerai lungo i Lungarni e sul Ponte Vecchio, assaporerai ottimo vino e la cucina locale.<\/p>\n<p>Studiare l\u2019italiano a Firenze con Linguaviva \u00e8 una porta d\u2019accesso alla cultura, alla storia e alla filosofia italiana.[\/vc_column_text][vc_btn title=&#8221;&#8221; align=&#8221;right&#8221; el_class=&#8221;btn-arrow-red&#8221; link=&#8221;url:https%3A%2F%2Flinguavivagroup.com%2Fitalian-courses-in-florence%2F|title:DESTINAZIONI%20%E2%80%93%20FIRENZE%20%E2%80%93%20CORSI&#8221;][\/vc_column][\/vc_row][vc_row full_width=&#8221;stretch_row&#8221; gap=&#8221;30&#8243; el_class=&#8221;sezione bg-light-grey&#8221;][vc_column width=&#8221;1\/12&#8243;][\/vc_column][vc_column width=&#8221;10\/12&#8243;][vc_raw_html]JTNDZGl2JTIwY2xhc3MlM0QlMjJ2aWRlby1wYWdlJTIyJTNFJTBBJTIwJTIwJTIwJTIwJTNDdmlkZW8lMjBjb250cm9scyUzRCUyMiUyMiUzRSUwQSUyMCUyMCUyMCUyMCUyMCUyMCUyMCUyMCUzQ3NvdXJjZSUyMHNyYyUzRCUyMmh0dHBzJTNBJTJGJTJGbGluZ3Vhdml2YWdyb3VwLmNvbSUyRndwLWNvbnRlbnQlMkZ0aGVtZXMlMkZsaW5ndWF2aXZhJTJGdmlkZW8lMkZJbXByb3ZlJTIweW91ciUyMEl0YWxpYW4lMjBza2lsbHMlMjBhdCUyMExpbmd1YXZpdmElMjB3aXRoJTIwR28lMjElMjBHbyUyMSUyMEl0YWxpYS5tcDQlMjIlMjB0eXBlJTNEJTIydmlkZW8lMkZtcDQlMjIlM0UlMEElMjAlMjAlMjAlMjAlM0MlMkZ2aWRlbyUzRSUwQSUyMCUyMCUzQyUyRmRpdiUzRQ==[\/vc_raw_html][\/vc_column][vc_column width=&#8221;1\/12&#8243;][\/vc_column][\/vc_row]<\/p>\n<\/section>","protected":false},"excerpt":{"rendered":"<p>[vc_row full_width=&#8221;stretch_row_content_no_spaces&#8221; el_class=&#8221;header-image&#8221;][vc_column][vc_single_image image=&#8221;15190&#8243; img_size=&#8221;full&#8221; el_class=&#8221;img-header-big&#8221;][vc_single_image image=&#8221;15191&#8243; img_size=&#8221;full&#8221; el_class=&#8221;img-header-small&#8221;][\/vc_column][\/vc_row][vc_row gap=&#8221;30&#8243; el_class=&#8221;sezione&#8221;][vc_column width=&#8221;1\/2&#8243; el_class=&#8221;slideshow slideshow-small&#8221;][vc_images_carousel images=&#8221;15192,15193,15194,15195,15196&#8243; img_size=&#8221;full&#8221; onclick=&#8221;link_no&#8221; wrap=&#8221;yes&#8221;][vc_single_image image=&#8221;310&#8243; img_size=&#8221;full&#8221; el_class=&#8221;square square-small s-top-50 s-left-50&#8243;][vc_single_image image=&#8221;376&#8243; img_size=&#8221;full&#8221; el_class=&#8221;square square-small s-top-50 s-left50&#8243;][vc_single_image image=&#8221;322&#8243; img_size=&#8221;full&#8221; el_class=&#8221;square square-small s-top50 s-left-50&#8243;][vc_single_image image=&#8221;364&#8243; img_size=&#8221;full&#8221; el_class=&#8221;square square-small s-bottom-50 s-right-50&#8243;][\/vc_column][vc_column width=&#8221;1\/12&#8243;][\/vc_column][vc_column width=&#8221;5\/12&#8243;][vc_column_text el_class=&#8221;red&#8221;] UNA SCUOLA DI LINGUA ITALIANA A DUE PASSI DAL CUORE [&hellip;]<\/p>\n","protected":false},"author":2,"featured_media":15191,"parent":0,"menu_order":-1,"comment_status":"closed","ping_status":"closed","template":"","meta":{"inline_featured_image":false,"footnotes":""},"class_list":["post-15189","page","type-page","status-publish","has-post-thumbnail","hentry"],"yoast_head":"<!-- This site is optimized with the Yoast SEO plugin v27.2 - https:\/\/yoast.com\/product\/yoast-seo-wordpress\/ -->\n<title>Italian language school in Florence | Linguaviva<\/title>\n<meta name=\"description\" content=\"Learn Italian in our Italian language schools in Florence. Click to get more info.\" \/>\n<meta name=\"robots\" content=\"index, follow, max-snippet:-1, max-image-preview:large, max-video-preview:-1\" \/>\n<link rel=\"canonical\" href=\"https:\/\/linguavivagroup.com\/it\/scuola-di-lingua-italiana-a-firenze\/\" \/>\n<meta property=\"og:locale\" content=\"it_IT\" \/>\n<meta property=\"og:type\" content=\"article\" \/>\n<meta property=\"og:title\" content=\"Italian language school in Florence | Linguaviva\" \/>\n<meta property=\"og:description\" content=\"Learn Italian in our Italian language schools in Florence. Click to get more info.\" \/>\n<meta property=\"og:url\" content=\"https:\/\/linguavivagroup.com\/it\/scuola-di-lingua-italiana-a-firenze\/\" \/>\n<meta property=\"og:site_name\" content=\"Linguaviva Educational Group\" \/>\n<meta property=\"article:modified_time\" content=\"2025-10-03T10:53:36+00:00\" \/>\n<meta property=\"og:image\" content=\"https:\/\/linguavivagroup.com\/wp-content\/uploads\/2023\/07\/header-mobile.png\" \/>\n\t<meta property=\"og:image:width\" content=\"390\" \/>\n\t<meta property=\"og:image:height\" content=\"489\" \/>\n\t<meta property=\"og:image:type\" content=\"image\/png\" \/>\n<meta name=\"twitter:card\" content=\"summary_large_image\" \/>\n<meta name=\"twitter:label1\" content=\"Tempo di lettura stimato\" \/>\n\t<meta name=\"twitter:data1\" content=\"4 minuti\" \/>\n<script type=\"application\/ld+json\" class=\"yoast-schema-graph\">{\"@context\":\"https:\/\/schema.org\",\"@graph\":[{\"@type\":\"WebPage\",\"@id\":\"https:\/\/linguavivagroup.com\/it\/scuola-di-lingua-italiana-a-firenze\/\",\"url\":\"https:\/\/linguavivagroup.com\/it\/scuola-di-lingua-italiana-a-firenze\/\",\"name\":\"Italian language school in Florence | Linguaviva\",\"isPartOf\":{\"@id\":\"https:\/\/linguavivagroup.com\/it\/#website\"},\"primaryImageOfPage\":{\"@id\":\"https:\/\/linguavivagroup.com\/it\/scuola-di-lingua-italiana-a-firenze\/#primaryimage\"},\"image\":{\"@id\":\"https:\/\/linguavivagroup.com\/it\/scuola-di-lingua-italiana-a-firenze\/#primaryimage\"},\"thumbnailUrl\":\"https:\/\/linguavivagroup.com\/wp-content\/uploads\/2023\/07\/header-mobile.png\",\"datePublished\":\"2023-07-19T10:17:49+00:00\",\"dateModified\":\"2025-10-03T10:53:36+00:00\",\"description\":\"Learn Italian in our Italian language schools in Florence. Click to get more info.\",\"breadcrumb\":{\"@id\":\"https:\/\/linguavivagroup.com\/it\/scuola-di-lingua-italiana-a-firenze\/#breadcrumb\"},\"inLanguage\":\"it-IT\",\"potentialAction\":[{\"@type\":\"ReadAction\",\"target\":[\"https:\/\/linguavivagroup.com\/it\/scuola-di-lingua-italiana-a-firenze\/\"]}]},{\"@type\":\"ImageObject\",\"inLanguage\":\"it-IT\",\"@id\":\"https:\/\/linguavivagroup.com\/it\/scuola-di-lingua-italiana-a-firenze\/#primaryimage\",\"url\":\"https:\/\/linguavivagroup.com\/wp-content\/uploads\/2023\/07\/header-mobile.png\",\"contentUrl\":\"https:\/\/linguavivagroup.com\/wp-content\/uploads\/2023\/07\/header-mobile.png\",\"width\":390,\"height\":489},{\"@type\":\"BreadcrumbList\",\"@id\":\"https:\/\/linguavivagroup.com\/it\/scuola-di-lingua-italiana-a-firenze\/#breadcrumb\",\"itemListElement\":[{\"@type\":\"ListItem\",\"position\":1,\"name\":\"Home\",\"item\":\"https:\/\/linguavivagroup.com\/it\/\"},{\"@type\":\"ListItem\",\"position\":2,\"name\":\"DESTINAZIONI FIRENZE\"}]},{\"@type\":\"WebSite\",\"@id\":\"https:\/\/linguavivagroup.com\/it\/#website\",\"url\":\"https:\/\/linguavivagroup.com\/it\/\",\"name\":\"Linguaviva Educational Group\",\"description\":\"Study and learn italian in italy\",\"publisher\":{\"@id\":\"https:\/\/linguavivagroup.com\/it\/#organization\"},\"potentialAction\":[{\"@type\":\"SearchAction\",\"target\":{\"@type\":\"EntryPoint\",\"urlTemplate\":\"https:\/\/linguavivagroup.com\/it\/?s={search_term_string}\"},\"query-input\":{\"@type\":\"PropertyValueSpecification\",\"valueRequired\":true,\"valueName\":\"search_term_string\"}}],\"inLanguage\":\"it-IT\"},{\"@type\":\"Organization\",\"@id\":\"https:\/\/linguavivagroup.com\/it\/#organization\",\"name\":\"Linguaviva Educational Group\",\"url\":\"https:\/\/linguavivagroup.com\/it\/\",\"logo\":{\"@type\":\"ImageObject\",\"inLanguage\":\"it-IT\",\"@id\":\"https:\/\/linguavivagroup.com\/it\/#\/schema\/logo\/image\/\",\"url\":\"https:\/\/linguavivagroup.com\/wp-content\/uploads\/2026\/03\/logo-linguaviva-bianco-50-260.png\",\"contentUrl\":\"https:\/\/linguavivagroup.com\/wp-content\/uploads\/2026\/03\/logo-linguaviva-bianco-50-260.png\",\"width\":260,\"height\":48,\"caption\":\"Linguaviva Educational Group\"},\"image\":{\"@id\":\"https:\/\/linguavivagroup.com\/it\/#\/schema\/logo\/image\/\"}}]}<\/script>\n<!-- \/ Yoast SEO plugin. -->","yoast_head_json":{"title":"Italian language school in Florence | Linguaviva","description":"Learn Italian in our Italian language schools in Florence. Click to get more info.","robots":{"index":"index","follow":"follow","max-snippet":"max-snippet:-1","max-image-preview":"max-image-preview:large","max-video-preview":"max-video-preview:-1"},"canonical":"https:\/\/linguavivagroup.com\/it\/scuola-di-lingua-italiana-a-firenze\/","og_locale":"it_IT","og_type":"article","og_title":"Italian language school in Florence | Linguaviva","og_description":"Learn Italian in our Italian language schools in Florence. Click to get more info.","og_url":"https:\/\/linguavivagroup.com\/it\/scuola-di-lingua-italiana-a-firenze\/","og_site_name":"Linguaviva Educational Group","article_modified_time":"2025-10-03T10:53:36+00:00","og_image":[{"width":390,"height":489,"url":"https:\/\/linguavivagroup.com\/wp-content\/uploads\/2023\/07\/header-mobile.png","type":"image\/png"}],"twitter_card":"summary_large_image","twitter_misc":{"Tempo di lettura stimato":"4 minuti"},"schema":{"@context":"https:\/\/schema.org","@graph":[{"@type":"WebPage","@id":"https:\/\/linguavivagroup.com\/it\/scuola-di-lingua-italiana-a-firenze\/","url":"https:\/\/linguavivagroup.com\/it\/scuola-di-lingua-italiana-a-firenze\/","name":"Italian language school in Florence | Linguaviva","isPartOf":{"@id":"https:\/\/linguavivagroup.com\/it\/#website"},"primaryImageOfPage":{"@id":"https:\/\/linguavivagroup.com\/it\/scuola-di-lingua-italiana-a-firenze\/#primaryimage"},"image":{"@id":"https:\/\/linguavivagroup.com\/it\/scuola-di-lingua-italiana-a-firenze\/#primaryimage"},"thumbnailUrl":"https:\/\/linguavivagroup.com\/wp-content\/uploads\/2023\/07\/header-mobile.png","datePublished":"2023-07-19T10:17:49+00:00","dateModified":"2025-10-03T10:53:36+00:00","description":"Learn Italian in our Italian language schools in Florence. Click to get more info.","breadcrumb":{"@id":"https:\/\/linguavivagroup.com\/it\/scuola-di-lingua-italiana-a-firenze\/#breadcrumb"},"inLanguage":"it-IT","potentialAction":[{"@type":"ReadAction","target":["https:\/\/linguavivagroup.com\/it\/scuola-di-lingua-italiana-a-firenze\/"]}]},{"@type":"ImageObject","inLanguage":"it-IT","@id":"https:\/\/linguavivagroup.com\/it\/scuola-di-lingua-italiana-a-firenze\/#primaryimage","url":"https:\/\/linguavivagroup.com\/wp-content\/uploads\/2023\/07\/header-mobile.png","contentUrl":"https:\/\/linguavivagroup.com\/wp-content\/uploads\/2023\/07\/header-mobile.png","width":390,"height":489},{"@type":"BreadcrumbList","@id":"https:\/\/linguavivagroup.com\/it\/scuola-di-lingua-italiana-a-firenze\/#breadcrumb","itemListElement":[{"@type":"ListItem","position":1,"name":"Home","item":"https:\/\/linguavivagroup.com\/it\/"},{"@type":"ListItem","position":2,"name":"DESTINAZIONI FIRENZE"}]},{"@type":"WebSite","@id":"https:\/\/linguavivagroup.com\/it\/#website","url":"https:\/\/linguavivagroup.com\/it\/","name":"Linguaviva Educational Group","description":"Study and learn italian in italy","publisher":{"@id":"https:\/\/linguavivagroup.com\/it\/#organization"},"potentialAction":[{"@type":"SearchAction","target":{"@type":"EntryPoint","urlTemplate":"https:\/\/linguavivagroup.com\/it\/?s={search_term_string}"},"query-input":{"@type":"PropertyValueSpecification","valueRequired":true,"valueName":"search_term_string"}}],"inLanguage":"it-IT"},{"@type":"Organization","@id":"https:\/\/linguavivagroup.com\/it\/#organization","name":"Linguaviva Educational Group","url":"https:\/\/linguavivagroup.com\/it\/","logo":{"@type":"ImageObject","inLanguage":"it-IT","@id":"https:\/\/linguavivagroup.com\/it\/#\/schema\/logo\/image\/","url":"https:\/\/linguavivagroup.com\/wp-content\/uploads\/2026\/03\/logo-linguaviva-bianco-50-260.png","contentUrl":"https:\/\/linguavivagroup.com\/wp-content\/uploads\/2026\/03\/logo-linguaviva-bianco-50-260.png","width":260,"height":48,"caption":"Linguaviva Educational Group"},"image":{"@id":"https:\/\/linguavivagroup.com\/it\/#\/schema\/logo\/image\/"}}]}},"_links":{"self":[{"href":"https:\/\/linguavivagroup.com\/it\/wp-json\/wp\/v2\/pages\/15189","targetHints":{"allow":["GET"]}}],"collection":[{"href":"https:\/\/linguavivagroup.com\/it\/wp-json\/wp\/v2\/pages"}],"about":[{"href":"https:\/\/linguavivagroup.com\/it\/wp-json\/wp\/v2\/types\/page"}],"author":[{"embeddable":true,"href":"https:\/\/linguavivagroup.com\/it\/wp-json\/wp\/v2\/users\/2"}],"replies":[{"embeddable":true,"href":"https:\/\/linguavivagroup.com\/it\/wp-json\/wp\/v2\/comments?post=15189"}],"version-history":[{"count":4,"href":"https:\/\/linguavivagroup.com\/it\/wp-json\/wp\/v2\/pages\/15189\/revisions"}],"predecessor-version":[{"id":15200,"href":"https:\/\/linguavivagroup.com\/it\/wp-json\/wp\/v2\/pages\/15189\/revisions\/15200"}],"wp:featuredmedia":[{"embeddable":true,"href":"https:\/\/linguavivagroup.com\/it\/wp-json\/wp\/v2\/media\/15191"}],"wp:attachment":[{"href":"https:\/\/linguavivagroup.com\/it\/wp-json\/wp\/v2\/media?parent=15189"}],"curies":[{"name":"wp","href":"https:\/\/api.w.org\/{rel}","templated":true}]}}