{"id":15202,"date":"2023-07-19T12:22:09","date_gmt":"2023-07-19T10:22:09","guid":{"rendered":"https:\/\/linguavivagroup.com\/italian-language-school-in-milan\/"},"modified":"2025-10-03T12:55:55","modified_gmt":"2025-10-03T10:55:55","slug":"scuola-di-lingua-italiana-a-milano","status":"publish","type":"page","link":"https:\/\/linguavivagroup.com\/it\/scuola-di-lingua-italiana-a-milano\/","title":{"rendered":"Scuola di lingua italiana a Milano"},"content":{"rendered":"<section class=\"wpb-content-wrapper\"><p>[vc_row full_width=&#8221;stretch_row_content_no_spaces&#8221; el_class=&#8221;header-image&#8221;][vc_column][vc_single_image image=&#8221;15203&#8243; img_size=&#8221;full&#8221; el_class=&#8221;img-header-big&#8221;][vc_single_image image=&#8221;15204&#8243; img_size=&#8221;full&#8221; el_class=&#8221;img-header-small&#8221;][\/vc_column][\/vc_row][vc_row gap=&#8221;30&#8243; el_class=&#8221;sezione&#8221;][vc_column width=&#8221;1\/2&#8243; el_class=&#8221;slideshow slideshow-small&#8221;][vc_images_carousel images=&#8221;1143,1147,1151,15205,1159&#8243; img_size=&#8221;full&#8221; onclick=&#8221;link_no&#8221; wrap=&#8221;yes&#8221;][vc_single_image image=&#8221;310&#8243; img_size=&#8221;full&#8221; el_class=&#8221;square square-small s-top-50 s-left-50&#8243;][vc_single_image image=&#8221;376&#8243; img_size=&#8221;full&#8221; el_class=&#8221;square square-small s-top-50 s-left50&#8243;][vc_single_image image=&#8221;322&#8243; img_size=&#8221;full&#8221; el_class=&#8221;square square-small s-top50 s-left-50&#8243;][vc_single_image image=&#8221;364&#8243; img_size=&#8221;full&#8221; el_class=&#8221;square square-small s-bottom-50 s-right-50&#8243;][\/vc_column][vc_column width=&#8221;1\/12&#8243;][\/vc_column][vc_column width=&#8221;5\/12&#8243;][vc_column_text el_class=&#8221;red&#8221;]<\/p>\n<h1 class=\"h2\">LINGUADUE: LA SCUOLA DI LINGUA ITALIANA A MILANO<\/h1>\n<p>[\/vc_column_text][vc_column_text]Milano, capitale della moda e del design, \u00e8 una citt\u00e0 vivace con prestigiose universit\u00e0 e rinomati centri di eccellenza. I suoi grattacieli simboleggiano l\u2019innovazione continua, ma non mancano momenti di tranquillit\u00e0. Passeggia lungo i Navigli, gusta un aperitivo nel quartiere Brera, visita il maestoso Duomo o ammira l\u2019Ultima Cena di Leonardo da Vinci. Milano \u00e8 la citt\u00e0 ideale per un corso di italiano perch\u00e9 conquista tutti con il suo spirito dinamico!<\/p>\n<p>Linguadue, la nostra scuola di Milano, si trova nel vivace quartiere dei Navigli, una delle zone pi\u00f9 affascinanti della citt\u00e0, a poca distanza dal Duomo e dal centro storico. La sua posizione strategica ti permette di immergerti appieno nella vita milanese e di scoprirne tutta la bellezza.<\/p>\n<p>Scegli di imparare l\u2019italiano con Linguaviva. La nostra scuola di Milano \u00e8 una porta d\u2019accesso alla cultura, alla storia e alla filosofia italiana.[\/vc_column_text][vc_btn title=&#8221;&#8221; align=&#8221;right&#8221; el_class=&#8221;btn-arrow-red&#8221; link=&#8221;url:https%3A%2F%2Flinguavivagroup.com%2Fitalian-courses-in-milan%2F|title:DESTINAZIONI%20%E2%80%93%20MILANO%20%E2%80%93%20CORSI&#8221;][\/vc_column][\/vc_row][vc_row full_width=&#8221;stretch_row&#8221; gap=&#8221;30&#8243; el_class=&#8221;sezione bg-light-grey&#8221;][vc_column width=&#8221;1\/12&#8243;][\/vc_column][vc_column width=&#8221;10\/12&#8243;][vc_raw_html]JTNDZGl2JTIwY2xhc3MlM0QlMjJ2aWRlby1wYWdlJTIyJTNFJTBBJTIwJTIwJTIwJTIwJTNDdmlkZW8lMjBjb250cm9scyUzRCUyMiUyMiUzRSUwQSUyMCUyMCUyMCUyMCUyMCUyMCUyMCUyMCUzQ3NvdXJjZSUyMHNyYyUzRCUyMmh0dHBzJTNBJTJGJTJGbGluZ3Vhdml2YWdyb3VwLmNvbSUyRndwLWNvbnRlbnQlMkZ0aGVtZXMlMkZsaW5ndWF2aXZhJTJGdmlkZW8lMkZJbnRyb2R1Y2luZyUyMHRoZSUyMEl0YWxpYW4lMjBleHBlcmllbmNlJTIwLSUyMExpbmd1YWR1ZSUyME1pbGFuLm1wNCUyMiUyMHR5cGUlM0QlMjJ2aWRlbyUyRm1wNCUyMiUzRSUwQSUyMCUyMCUyMCUyMCUzQyUyRnZpZGVvJTNFJTBBJTIwJTIwJTNDJTJGZGl2JTNF[\/vc_raw_html][\/vc_column][vc_column width=&#8221;1\/12&#8243;][\/vc_column][\/vc_row]<\/p>\n<\/section>","protected":false},"excerpt":{"rendered":"<p>[vc_row full_width=&#8221;stretch_row_content_no_spaces&#8221; el_class=&#8221;header-image&#8221;][vc_column][vc_single_image image=&#8221;15203&#8243; img_size=&#8221;full&#8221; el_class=&#8221;img-header-big&#8221;][vc_single_image image=&#8221;15204&#8243; img_size=&#8221;full&#8221; el_class=&#8221;img-header-small&#8221;][\/vc_column][\/vc_row][vc_row gap=&#8221;30&#8243; el_class=&#8221;sezione&#8221;][vc_column width=&#8221;1\/2&#8243; el_class=&#8221;slideshow slideshow-small&#8221;][vc_images_carousel images=&#8221;1143,1147,1151,15205,1159&#8243; img_size=&#8221;full&#8221; onclick=&#8221;link_no&#8221; wrap=&#8221;yes&#8221;][vc_single_image image=&#8221;310&#8243; img_size=&#8221;full&#8221; el_class=&#8221;square square-small s-top-50 s-left-50&#8243;][vc_single_image image=&#8221;376&#8243; img_size=&#8221;full&#8221; el_class=&#8221;square square-small s-top-50 s-left50&#8243;][vc_single_image image=&#8221;322&#8243; img_size=&#8221;full&#8221; el_class=&#8221;square square-small s-top50 s-left-50&#8243;][vc_single_image image=&#8221;364&#8243; img_size=&#8221;full&#8221; el_class=&#8221;square square-small s-bottom-50 s-right-50&#8243;][\/vc_column][vc_column width=&#8221;1\/12&#8243;][\/vc_column][vc_column width=&#8221;5\/12&#8243;][vc_column_text el_class=&#8221;red&#8221;] LINGUADUE: LA SCUOLA DI LINGUA ITALIANA A MILANO [\/vc_column_text][vc_column_text]Milano, capitale [&hellip;]<\/p>\n","protected":false},"author":2,"featured_media":15204,"parent":0,"menu_order":-1,"comment_status":"closed","ping_status":"closed","template":"","meta":{"inline_featured_image":false,"footnotes":""},"class_list":["post-15202","page","type-page","status-publish","has-post-thumbnail","hentry"],"yoast_head":"<!-- This site is optimized with the Yoast SEO plugin v27.2 - https:\/\/yoast.com\/product\/yoast-seo-wordpress\/ -->\n<title>Italian language school in Milan | Linguaviva<\/title>\n<meta name=\"description\" content=\"Learn Italian in our Italian language schools in Milan. Click to get more info.\" \/>\n<meta name=\"robots\" content=\"index, follow, max-snippet:-1, max-image-preview:large, max-video-preview:-1\" \/>\n<link rel=\"canonical\" href=\"https:\/\/linguavivagroup.com\/it\/scuola-di-lingua-italiana-a-milano\/\" \/>\n<meta property=\"og:locale\" content=\"it_IT\" \/>\n<meta property=\"og:type\" content=\"article\" \/>\n<meta property=\"og:title\" content=\"Italian language school in Milan | Linguaviva\" \/>\n<meta property=\"og:description\" content=\"Learn Italian in our Italian language schools in Milan. Click to get more info.\" \/>\n<meta property=\"og:url\" content=\"https:\/\/linguavivagroup.com\/it\/scuola-di-lingua-italiana-a-milano\/\" \/>\n<meta property=\"og:site_name\" content=\"Linguaviva Educational Group\" \/>\n<meta property=\"article:modified_time\" content=\"2025-10-03T10:55:55+00:00\" \/>\n<meta property=\"og:image\" content=\"https:\/\/linguavivagroup.com\/wp-content\/uploads\/2023\/07\/header-mobile-2.png\" \/>\n\t<meta property=\"og:image:width\" content=\"390\" \/>\n\t<meta property=\"og:image:height\" content=\"489\" \/>\n\t<meta property=\"og:image:type\" content=\"image\/png\" \/>\n<meta name=\"twitter:card\" content=\"summary_large_image\" \/>\n<meta name=\"twitter:label1\" content=\"Tempo di lettura stimato\" \/>\n\t<meta name=\"twitter:data1\" content=\"4 minuti\" \/>\n<script type=\"application\/ld+json\" class=\"yoast-schema-graph\">{\"@context\":\"https:\/\/schema.org\",\"@graph\":[{\"@type\":\"WebPage\",\"@id\":\"https:\/\/linguavivagroup.com\/it\/scuola-di-lingua-italiana-a-milano\/\",\"url\":\"https:\/\/linguavivagroup.com\/it\/scuola-di-lingua-italiana-a-milano\/\",\"name\":\"Italian language school in Milan | Linguaviva\",\"isPartOf\":{\"@id\":\"https:\/\/linguavivagroup.com\/it\/#website\"},\"primaryImageOfPage\":{\"@id\":\"https:\/\/linguavivagroup.com\/it\/scuola-di-lingua-italiana-a-milano\/#primaryimage\"},\"image\":{\"@id\":\"https:\/\/linguavivagroup.com\/it\/scuola-di-lingua-italiana-a-milano\/#primaryimage\"},\"thumbnailUrl\":\"https:\/\/linguavivagroup.com\/wp-content\/uploads\/2023\/07\/header-mobile-2.png\",\"datePublished\":\"2023-07-19T10:22:09+00:00\",\"dateModified\":\"2025-10-03T10:55:55+00:00\",\"description\":\"Learn Italian in our Italian language schools in Milan. Click to get more info.\",\"breadcrumb\":{\"@id\":\"https:\/\/linguavivagroup.com\/it\/scuola-di-lingua-italiana-a-milano\/#breadcrumb\"},\"inLanguage\":\"it-IT\",\"potentialAction\":[{\"@type\":\"ReadAction\",\"target\":[\"https:\/\/linguavivagroup.com\/it\/scuola-di-lingua-italiana-a-milano\/\"]}]},{\"@type\":\"ImageObject\",\"inLanguage\":\"it-IT\",\"@id\":\"https:\/\/linguavivagroup.com\/it\/scuola-di-lingua-italiana-a-milano\/#primaryimage\",\"url\":\"https:\/\/linguavivagroup.com\/wp-content\/uploads\/2023\/07\/header-mobile-2.png\",\"contentUrl\":\"https:\/\/linguavivagroup.com\/wp-content\/uploads\/2023\/07\/header-mobile-2.png\",\"width\":390,\"height\":489},{\"@type\":\"BreadcrumbList\",\"@id\":\"https:\/\/linguavivagroup.com\/it\/scuola-di-lingua-italiana-a-milano\/#breadcrumb\",\"itemListElement\":[{\"@type\":\"ListItem\",\"position\":1,\"name\":\"Home\",\"item\":\"https:\/\/linguavivagroup.com\/it\/\"},{\"@type\":\"ListItem\",\"position\":2,\"name\":\"Scuola di lingua italiana a Milano\"}]},{\"@type\":\"WebSite\",\"@id\":\"https:\/\/linguavivagroup.com\/it\/#website\",\"url\":\"https:\/\/linguavivagroup.com\/it\/\",\"name\":\"Linguaviva Educational Group\",\"description\":\"Study and learn italian in italy\",\"publisher\":{\"@id\":\"https:\/\/linguavivagroup.com\/it\/#organization\"},\"potentialAction\":[{\"@type\":\"SearchAction\",\"target\":{\"@type\":\"EntryPoint\",\"urlTemplate\":\"https:\/\/linguavivagroup.com\/it\/?s={search_term_string}\"},\"query-input\":{\"@type\":\"PropertyValueSpecification\",\"valueRequired\":true,\"valueName\":\"search_term_string\"}}],\"inLanguage\":\"it-IT\"},{\"@type\":\"Organization\",\"@id\":\"https:\/\/linguavivagroup.com\/it\/#organization\",\"name\":\"Linguaviva Educational Group\",\"url\":\"https:\/\/linguavivagroup.com\/it\/\",\"logo\":{\"@type\":\"ImageObject\",\"inLanguage\":\"it-IT\",\"@id\":\"https:\/\/linguavivagroup.com\/it\/#\/schema\/logo\/image\/\",\"url\":\"https:\/\/linguavivagroup.com\/wp-content\/uploads\/2026\/03\/logo-linguaviva-bianco-50-260.png\",\"contentUrl\":\"https:\/\/linguavivagroup.com\/wp-content\/uploads\/2026\/03\/logo-linguaviva-bianco-50-260.png\",\"width\":260,\"height\":48,\"caption\":\"Linguaviva Educational Group\"},\"image\":{\"@id\":\"https:\/\/linguavivagroup.com\/it\/#\/schema\/logo\/image\/\"}}]}<\/script>\n<!-- \/ Yoast SEO plugin. -->","yoast_head_json":{"title":"Italian language school in Milan | Linguaviva","description":"Learn Italian in our Italian language schools in Milan. Click to get more info.","robots":{"index":"index","follow":"follow","max-snippet":"max-snippet:-1","max-image-preview":"max-image-preview:large","max-video-preview":"max-video-preview:-1"},"canonical":"https:\/\/linguavivagroup.com\/it\/scuola-di-lingua-italiana-a-milano\/","og_locale":"it_IT","og_type":"article","og_title":"Italian language school in Milan | Linguaviva","og_description":"Learn Italian in our Italian language schools in Milan. Click to get more info.","og_url":"https:\/\/linguavivagroup.com\/it\/scuola-di-lingua-italiana-a-milano\/","og_site_name":"Linguaviva Educational Group","article_modified_time":"2025-10-03T10:55:55+00:00","og_image":[{"width":390,"height":489,"url":"https:\/\/linguavivagroup.com\/wp-content\/uploads\/2023\/07\/header-mobile-2.png","type":"image\/png"}],"twitter_card":"summary_large_image","twitter_misc":{"Tempo di lettura stimato":"4 minuti"},"schema":{"@context":"https:\/\/schema.org","@graph":[{"@type":"WebPage","@id":"https:\/\/linguavivagroup.com\/it\/scuola-di-lingua-italiana-a-milano\/","url":"https:\/\/linguavivagroup.com\/it\/scuola-di-lingua-italiana-a-milano\/","name":"Italian language school in Milan | Linguaviva","isPartOf":{"@id":"https:\/\/linguavivagroup.com\/it\/#website"},"primaryImageOfPage":{"@id":"https:\/\/linguavivagroup.com\/it\/scuola-di-lingua-italiana-a-milano\/#primaryimage"},"image":{"@id":"https:\/\/linguavivagroup.com\/it\/scuola-di-lingua-italiana-a-milano\/#primaryimage"},"thumbnailUrl":"https:\/\/linguavivagroup.com\/wp-content\/uploads\/2023\/07\/header-mobile-2.png","datePublished":"2023-07-19T10:22:09+00:00","dateModified":"2025-10-03T10:55:55+00:00","description":"Learn Italian in our Italian language schools in Milan. Click to get more info.","breadcrumb":{"@id":"https:\/\/linguavivagroup.com\/it\/scuola-di-lingua-italiana-a-milano\/#breadcrumb"},"inLanguage":"it-IT","potentialAction":[{"@type":"ReadAction","target":["https:\/\/linguavivagroup.com\/it\/scuola-di-lingua-italiana-a-milano\/"]}]},{"@type":"ImageObject","inLanguage":"it-IT","@id":"https:\/\/linguavivagroup.com\/it\/scuola-di-lingua-italiana-a-milano\/#primaryimage","url":"https:\/\/linguavivagroup.com\/wp-content\/uploads\/2023\/07\/header-mobile-2.png","contentUrl":"https:\/\/linguavivagroup.com\/wp-content\/uploads\/2023\/07\/header-mobile-2.png","width":390,"height":489},{"@type":"BreadcrumbList","@id":"https:\/\/linguavivagroup.com\/it\/scuola-di-lingua-italiana-a-milano\/#breadcrumb","itemListElement":[{"@type":"ListItem","position":1,"name":"Home","item":"https:\/\/linguavivagroup.com\/it\/"},{"@type":"ListItem","position":2,"name":"Scuola di lingua italiana a Milano"}]},{"@type":"WebSite","@id":"https:\/\/linguavivagroup.com\/it\/#website","url":"https:\/\/linguavivagroup.com\/it\/","name":"Linguaviva Educational Group","description":"Study and learn italian in italy","publisher":{"@id":"https:\/\/linguavivagroup.com\/it\/#organization"},"potentialAction":[{"@type":"SearchAction","target":{"@type":"EntryPoint","urlTemplate":"https:\/\/linguavivagroup.com\/it\/?s={search_term_string}"},"query-input":{"@type":"PropertyValueSpecification","valueRequired":true,"valueName":"search_term_string"}}],"inLanguage":"it-IT"},{"@type":"Organization","@id":"https:\/\/linguavivagroup.com\/it\/#organization","name":"Linguaviva Educational Group","url":"https:\/\/linguavivagroup.com\/it\/","logo":{"@type":"ImageObject","inLanguage":"it-IT","@id":"https:\/\/linguavivagroup.com\/it\/#\/schema\/logo\/image\/","url":"https:\/\/linguavivagroup.com\/wp-content\/uploads\/2026\/03\/logo-linguaviva-bianco-50-260.png","contentUrl":"https:\/\/linguavivagroup.com\/wp-content\/uploads\/2026\/03\/logo-linguaviva-bianco-50-260.png","width":260,"height":48,"caption":"Linguaviva Educational Group"},"image":{"@id":"https:\/\/linguavivagroup.com\/it\/#\/schema\/logo\/image\/"}}]}},"_links":{"self":[{"href":"https:\/\/linguavivagroup.com\/it\/wp-json\/wp\/v2\/pages\/15202","targetHints":{"allow":["GET"]}}],"collection":[{"href":"https:\/\/linguavivagroup.com\/it\/wp-json\/wp\/v2\/pages"}],"about":[{"href":"https:\/\/linguavivagroup.com\/it\/wp-json\/wp\/v2\/types\/page"}],"author":[{"embeddable":true,"href":"https:\/\/linguavivagroup.com\/it\/wp-json\/wp\/v2\/users\/2"}],"replies":[{"embeddable":true,"href":"https:\/\/linguavivagroup.com\/it\/wp-json\/wp\/v2\/comments?post=15202"}],"version-history":[{"count":4,"href":"https:\/\/linguavivagroup.com\/it\/wp-json\/wp\/v2\/pages\/15202\/revisions"}],"predecessor-version":[{"id":15209,"href":"https:\/\/linguavivagroup.com\/it\/wp-json\/wp\/v2\/pages\/15202\/revisions\/15209"}],"wp:featuredmedia":[{"embeddable":true,"href":"https:\/\/linguavivagroup.com\/it\/wp-json\/wp\/v2\/media\/15204"}],"wp:attachment":[{"href":"https:\/\/linguavivagroup.com\/it\/wp-json\/wp\/v2\/media?parent=15202"}],"curies":[{"name":"wp","href":"https:\/\/api.w.org\/{rel}","templated":true}]}}