{"id":15224,"date":"2023-07-19T12:09:05","date_gmt":"2023-07-19T10:09:05","guid":{"rendered":"https:\/\/linguavivagroup.com\/italian-language-schools-in-italy\/"},"modified":"2025-10-03T15:12:48","modified_gmt":"2025-10-03T13:12:48","slug":"scuole-di-lingua-italiana-in-italia","status":"publish","type":"page","link":"https:\/\/linguavivagroup.com\/it\/scuole-di-lingua-italiana-in-italia\/","title":{"rendered":"DESTINAZIONI"},"content":{"rendered":"<section class=\"wpb-content-wrapper\"><p>[vc_row full_width=&#8221;stretch_row_content_no_spaces&#8221; el_class=&#8221;header-image&#8221;][vc_column][vc_single_image image=&#8221;15225&#8243; img_size=&#8221;full&#8221; el_class=&#8221;img-header-big&#8221;][vc_single_image image=&#8221;15226&#8243; img_size=&#8221;full&#8221; el_class=&#8221;img-header-small&#8221;][\/vc_column][\/vc_row][vc_row el_class=&#8221;sezione&#8221;][vc_column width=&#8221;2\/12&#8243;][\/vc_column][vc_column width=&#8221;8\/12&#8243;][vc_column_text el_class=&#8221;red&#8221;]<\/p>\n<h1 style=\"text-align: center;\">IMPARA L\u2019ITALIANO A FIRENZE, MILANO E LIGNANO CON LINGUAVIVA<\/h1>\n<p>[\/vc_column_text][vc_column_text]Sei alla ricerca di un programma di lingua italiana coinvolgente, completo e approfondito?<br \/>\nI programmi di studio Linguaviva includono corsi ed esperienze per tutte le et\u00e0 e per ogni livello. Vivi la magia dell\u2019Italia, impara la lingua e immergiti nell\u2019arte, nella cultura e nella bella vita.[\/vc_column_text][\/vc_column][vc_column width=&#8221;2\/12&#8243;][\/vc_column][\/vc_row][vc_row full_width=&#8221;stretch_row_content_no_spaces&#8221; equal_height=&#8221;yes&#8221; content_placement=&#8221;middle&#8221; el_class=&#8221;bg-red&#8221;][vc_column width=&#8221;1\/12&#8243;][\/vc_column][vc_column width=&#8221;4\/12&#8243; el_class=&#8221;banner-testo-destinazione&#8221;][vc_column_text el_class=&#8221;white&#8221;]<\/p>\n<h2>IMPARA L\u2019ITALIANO<br \/>\nNELLA CULLA<br \/>\nDEL RINASCIMENTO<\/h2>\n<p>[\/vc_column_text][vc_column_text el_class=&#8221;white&#8221;]Firenze, culla del Rinascimento, \u00e8 una citt\u00e0 che bisogna visitare almeno una volta nella vita. Sorprende e affascina con la sua straordinaria bellezza artistica. Con un passato nobile, Firenze vanta un incredibile patrimonio storico e artistico. Qui sono nati Dante Alighieri, padre della lingua italiana, l\u2019opera lirica e la prima sfilata di moda italiana!<\/p>\n<p>Da non dimenticare il centro storico di Firenze, dichiarato Patrimonio dell\u2019Umanit\u00e0 UNESCO nel 1982, che ospita numerosi musei, tra cui la celebre Galleria degli Uffizi. La bellezza di Firenze \u00e8 ovunque, tanto che la citt\u00e0 si \u00e8 guadagnata il titolo di \u201cMuseo a cielo aperto\u201d.[\/vc_column_text][vc_btn title=&#8221;&#8221; align=&#8221;right&#8221; el_class=&#8221;btn-arrow-white&#8221; link=&#8221;url:https%3A%2F%2Flinguavivagroup.com%2Fit%2Fscuola-di-lingua-italiana-a-firenze%2F|title:DESTINAZIONE%20FIRENZE&#8221;][\/vc_column][vc_column width=&#8221;1\/12&#8243;][\/vc_column][vc_column width=&#8221;1\/2&#8243;][vc_single_image image=&#8221;15228&#8243; img_size=&#8221;full&#8221; alignment=&#8221;center&#8221; el_class=&#8221;no-margin&#8221;][\/vc_column][\/vc_row][vc_row full_width=&#8221;stretch_row_content_no_spaces&#8221; el_class=&#8221;overflow-visible&#8221;][vc_column][vc_single_image image=&#8221;348&#8243; img_size=&#8221;full&#8221; el_class=&#8221;square square-medium mtop-100 left0&#8243;][vc_single_image image=&#8221;348&#8243; img_size=&#8221;full&#8221; el_class=&#8221;square square-medium top0 left0&#8243;][vc_single_image image=&#8221;348&#8243; img_size=&#8221;full&#8221; el_class=&#8221;square square-medium mtop-100 right0&#8243;][vc_single_image image=&#8221;360&#8243; img_size=&#8221;full&#8221; el_class=&#8221;square square-medium top0 right0&#8243;][\/vc_column][\/vc_row][vc_row full_width=&#8221;stretch_row_content_no_spaces&#8221; equal_height=&#8221;yes&#8221; content_placement=&#8221;middle&#8221; el_class=&#8221;bg-light-grey&#8221;][vc_column width=&#8221;1\/2&#8243;][vc_single_image image=&#8221;15229&#8243; img_size=&#8221;full&#8221; alignment=&#8221;center&#8221; el_class=&#8221;no-margin&#8221;][\/vc_column][vc_column width=&#8221;1\/12&#8243;][\/vc_column][vc_column width=&#8221;4\/12&#8243; el_class=&#8221;banner-testo-destinazione&#8221;][vc_column_text el_class=&#8221;red&#8221;]<\/p>\n<h2>IMPARA L\u2019ITALIANO<br data-start=\"19\" data-end=\"22\" \/>NELLA CAPITALE<br data-start=\"36\" data-end=\"39\" \/>DELLA MODA<\/h2>\n<p>[\/vc_column_text][vc_column_text]Milano \u00e8 una citt\u00e0 affascinante e sorprendente. Con i suoi angoli nascosti, i cortili pittoreschi, i giardini profumati e i parchi, \u00e8 un luogo in cui antico e moderno, passato e presente convivono in perfetta armonia.<\/p>\n<p>Indiscussa capitale della moda e del design, Milano ospita una delle scene culturali pi\u00f9 vivaci d\u2019Europa, grazie alla ricchezza di musei, teatri e gallerie d\u2019arte. Il celebre Duomo, la rinomata Scala e l\u2019elegante Basilica di Santa Maria delle Grazie (sito UNESCO) sono solo alcuni esempi del suo patrimonio.<\/p>\n<p>Riconosciuta a livello internazionale come cuore creativo d\u2019Italia, grazie alle sue prestigiose universit\u00e0, accademie e conservatori, la citt\u00e0 \u00e8 una meta ambita dagli studenti di tutto il mondo.[\/vc_column_text][vc_btn title=&#8221;&#8221; align=&#8221;right&#8221; el_class=&#8221;btn-arrow-red&#8221; link=&#8221;url:https%3A%2F%2Flinguavivagroup.com%2Fit%2Fscuola-di-lingua-italiana-a-milano%2F|title:DESTINAZIONE%20MILANO&#8221;][\/vc_column][vc_column width=&#8221;1\/12&#8243;][\/vc_column][\/vc_row][vc_row full_width=&#8221;stretch_row_content_no_spaces&#8221; el_class=&#8221;overflow-visible&#8221;][vc_column width=&#8221;1\/2&#8243;][vc_single_image image=&#8221;348&#8243; img_size=&#8221;full&#8221; el_class=&#8221;square square-medium mtop-100 right0&#8243;][vc_single_image image=&#8221;318&#8243; img_size=&#8221;full&#8221; el_class=&#8221;square square-medium mtop-50 mright-50&#8243;][\/vc_column][vc_column width=&#8221;1\/2&#8243;][\/vc_column][\/vc_row][vc_row full_width=&#8221;stretch_row_content_no_spaces&#8221; equal_height=&#8221;yes&#8221; content_placement=&#8221;middle&#8221; el_class=&#8221;bg-red&#8221;][vc_column width=&#8221;1\/12&#8243;][\/vc_column][vc_column width=&#8221;4\/12&#8243; el_class=&#8221;banner-testo-destinazione&#8221;][vc_column_text el_class=&#8221;white&#8221;]<\/p>\n<h2>IMPARA L\u2019ITALIANO<br \/>\nNELLA PERLA<br \/>\nDELL\u2019ADRIATICO<\/h2>\n<p>[\/vc_column_text][vc_column_text el_class=&#8221;white&#8221;]Soprannominata la Perla dell\u2019Adriatico, Lignano Sabbiadoro \u00e8 una penisola verde che si estende per oltre otto chilometri sulla costa dell\u2019Alto Adriatico, tra Venezia e Trieste. Prende il nome dalle sue spiagge di sabbia fine e dorata ed \u00e8 una rinomata localit\u00e0 balneare estiva che offre una grande variet\u00e0 di attivit\u00e0.<\/p>\n<p>Con la sua atmosfera vivace, la citt\u00e0 propone innumerevoli attrazioni ed esperienze ed \u00e8 la meta ideale per coniugare studio e divertimento. Lignano Sabbiadoro: la destinazione perfetta per la tua vacanza studio.[\/vc_column_text][vc_btn title=&#8221;&#8221; align=&#8221;right&#8221; el_class=&#8221;btn-arrow-white&#8221; link=&#8221;url:https%3A%2F%2Flinguavivagroup.com%2Fit%2Fcamp-estivo-di-lingua-italiana-in-italia%2F|title:DESTINAZIONE%20LIGNANO&#8221;][\/vc_column][vc_column width=&#8221;1\/12&#8243;][\/vc_column][vc_column width=&#8221;1\/2&#8243;][vc_single_image image=&#8221;15227&#8243; img_size=&#8221;full&#8221; alignment=&#8221;center&#8221; el_class=&#8221;no-margin&#8221;][\/vc_column][\/vc_row][vc_row full_width=&#8221;stretch_row_content_no_spaces&#8221; el_class=&#8221;overflow-visible&#8221;][vc_column][vc_single_image image=&#8221;306&#8243; img_size=&#8221;full&#8221; el_class=&#8221;square square-medium mtop-50 right0&#8243;][\/vc_column][\/vc_row]<\/p>\n<\/section>","protected":false},"excerpt":{"rendered":"<p>[vc_row full_width=&#8221;stretch_row_content_no_spaces&#8221; el_class=&#8221;header-image&#8221;][vc_column][vc_single_image image=&#8221;15225&#8243; img_size=&#8221;full&#8221; el_class=&#8221;img-header-big&#8221;][vc_single_image image=&#8221;15226&#8243; img_size=&#8221;full&#8221; el_class=&#8221;img-header-small&#8221;][\/vc_column][\/vc_row][vc_row el_class=&#8221;sezione&#8221;][vc_column width=&#8221;2\/12&#8243;][\/vc_column][vc_column width=&#8221;8\/12&#8243;][vc_column_text el_class=&#8221;red&#8221;] IMPARA L\u2019ITALIANO A FIRENZE, MILANO E LIGNANO CON LINGUAVIVA [\/vc_column_text][vc_column_text]Sei alla ricerca di un programma di lingua italiana coinvolgente, completo e approfondito? I programmi di studio Linguaviva includono corsi ed esperienze per tutte le et\u00e0 e per ogni livello. Vivi la magia [&hellip;]<\/p>\n","protected":false},"author":2,"featured_media":15226,"parent":0,"menu_order":-1,"comment_status":"closed","ping_status":"closed","template":"","meta":{"inline_featured_image":false,"footnotes":""},"class_list":["post-15224","page","type-page","status-publish","has-post-thumbnail","hentry"],"yoast_head":"<!-- This site is optimized with the Yoast SEO plugin v27.2 - https:\/\/yoast.com\/product\/yoast-seo-wordpress\/ -->\n<title>Italian language schools in Italy | Linguaviva<\/title>\n<meta name=\"description\" content=\"Learn Italian in our Italian language schools in Florence, Milan and Lignano.\" \/>\n<meta name=\"robots\" content=\"index, follow, max-snippet:-1, max-image-preview:large, max-video-preview:-1\" \/>\n<link rel=\"canonical\" href=\"https:\/\/linguavivagroup.com\/it\/scuole-di-lingua-italiana-in-italia\/\" \/>\n<meta property=\"og:locale\" content=\"it_IT\" \/>\n<meta property=\"og:type\" content=\"article\" \/>\n<meta property=\"og:title\" content=\"Italian language schools in Italy | Linguaviva\" \/>\n<meta property=\"og:description\" content=\"Learn Italian in our Italian language schools in Florence, Milan and Lignano.\" \/>\n<meta property=\"og:url\" content=\"https:\/\/linguavivagroup.com\/it\/scuole-di-lingua-italiana-in-italia\/\" \/>\n<meta property=\"og:site_name\" content=\"Linguaviva Educational Group\" \/>\n<meta property=\"article:modified_time\" content=\"2025-10-03T13:12:48+00:00\" \/>\n<meta property=\"og:image\" content=\"https:\/\/linguavivagroup.com\/wp-content\/uploads\/2023\/07\/header-mobile-1.png\" \/>\n\t<meta property=\"og:image:width\" content=\"1000\" \/>\n\t<meta property=\"og:image:height\" content=\"1254\" \/>\n\t<meta property=\"og:image:type\" content=\"image\/png\" \/>\n<meta name=\"twitter:card\" content=\"summary_large_image\" \/>\n<meta name=\"twitter:label1\" content=\"Tempo di lettura stimato\" \/>\n\t<meta name=\"twitter:data1\" content=\"5 minuti\" \/>\n<script type=\"application\/ld+json\" class=\"yoast-schema-graph\">{\"@context\":\"https:\/\/schema.org\",\"@graph\":[{\"@type\":\"WebPage\",\"@id\":\"https:\/\/linguavivagroup.com\/it\/scuole-di-lingua-italiana-in-italia\/\",\"url\":\"https:\/\/linguavivagroup.com\/it\/scuole-di-lingua-italiana-in-italia\/\",\"name\":\"Italian language schools in Italy | Linguaviva\",\"isPartOf\":{\"@id\":\"https:\/\/linguavivagroup.com\/it\/#website\"},\"primaryImageOfPage\":{\"@id\":\"https:\/\/linguavivagroup.com\/it\/scuole-di-lingua-italiana-in-italia\/#primaryimage\"},\"image\":{\"@id\":\"https:\/\/linguavivagroup.com\/it\/scuole-di-lingua-italiana-in-italia\/#primaryimage\"},\"thumbnailUrl\":\"https:\/\/linguavivagroup.com\/wp-content\/uploads\/2023\/07\/header-mobile-1.png\",\"datePublished\":\"2023-07-19T10:09:05+00:00\",\"dateModified\":\"2025-10-03T13:12:48+00:00\",\"description\":\"Learn Italian in our Italian language schools in Florence, Milan and Lignano.\",\"breadcrumb\":{\"@id\":\"https:\/\/linguavivagroup.com\/it\/scuole-di-lingua-italiana-in-italia\/#breadcrumb\"},\"inLanguage\":\"it-IT\",\"potentialAction\":[{\"@type\":\"ReadAction\",\"target\":[\"https:\/\/linguavivagroup.com\/it\/scuole-di-lingua-italiana-in-italia\/\"]}]},{\"@type\":\"ImageObject\",\"inLanguage\":\"it-IT\",\"@id\":\"https:\/\/linguavivagroup.com\/it\/scuole-di-lingua-italiana-in-italia\/#primaryimage\",\"url\":\"https:\/\/linguavivagroup.com\/wp-content\/uploads\/2023\/07\/header-mobile-1.png\",\"contentUrl\":\"https:\/\/linguavivagroup.com\/wp-content\/uploads\/2023\/07\/header-mobile-1.png\",\"width\":1000,\"height\":1254},{\"@type\":\"BreadcrumbList\",\"@id\":\"https:\/\/linguavivagroup.com\/it\/scuole-di-lingua-italiana-in-italia\/#breadcrumb\",\"itemListElement\":[{\"@type\":\"ListItem\",\"position\":1,\"name\":\"Home\",\"item\":\"https:\/\/linguavivagroup.com\/it\/\"},{\"@type\":\"ListItem\",\"position\":2,\"name\":\"DESTINAZIONI\"}]},{\"@type\":\"WebSite\",\"@id\":\"https:\/\/linguavivagroup.com\/it\/#website\",\"url\":\"https:\/\/linguavivagroup.com\/it\/\",\"name\":\"Linguaviva Educational Group\",\"description\":\"Study and learn italian in italy\",\"publisher\":{\"@id\":\"https:\/\/linguavivagroup.com\/it\/#organization\"},\"potentialAction\":[{\"@type\":\"SearchAction\",\"target\":{\"@type\":\"EntryPoint\",\"urlTemplate\":\"https:\/\/linguavivagroup.com\/it\/?s={search_term_string}\"},\"query-input\":{\"@type\":\"PropertyValueSpecification\",\"valueRequired\":true,\"valueName\":\"search_term_string\"}}],\"inLanguage\":\"it-IT\"},{\"@type\":\"Organization\",\"@id\":\"https:\/\/linguavivagroup.com\/it\/#organization\",\"name\":\"Linguaviva Educational Group\",\"url\":\"https:\/\/linguavivagroup.com\/it\/\",\"logo\":{\"@type\":\"ImageObject\",\"inLanguage\":\"it-IT\",\"@id\":\"https:\/\/linguavivagroup.com\/it\/#\/schema\/logo\/image\/\",\"url\":\"https:\/\/linguavivagroup.com\/wp-content\/uploads\/2026\/03\/logo-linguaviva-bianco-50-260.png\",\"contentUrl\":\"https:\/\/linguavivagroup.com\/wp-content\/uploads\/2026\/03\/logo-linguaviva-bianco-50-260.png\",\"width\":260,\"height\":48,\"caption\":\"Linguaviva Educational Group\"},\"image\":{\"@id\":\"https:\/\/linguavivagroup.com\/it\/#\/schema\/logo\/image\/\"}}]}<\/script>\n<!-- \/ Yoast SEO plugin. -->","yoast_head_json":{"title":"Italian language schools in Italy | Linguaviva","description":"Learn Italian in our Italian language schools in Florence, Milan and Lignano.","robots":{"index":"index","follow":"follow","max-snippet":"max-snippet:-1","max-image-preview":"max-image-preview:large","max-video-preview":"max-video-preview:-1"},"canonical":"https:\/\/linguavivagroup.com\/it\/scuole-di-lingua-italiana-in-italia\/","og_locale":"it_IT","og_type":"article","og_title":"Italian language schools in Italy | Linguaviva","og_description":"Learn Italian in our Italian language schools in Florence, Milan and Lignano.","og_url":"https:\/\/linguavivagroup.com\/it\/scuole-di-lingua-italiana-in-italia\/","og_site_name":"Linguaviva Educational Group","article_modified_time":"2025-10-03T13:12:48+00:00","og_image":[{"width":1000,"height":1254,"url":"https:\/\/linguavivagroup.com\/wp-content\/uploads\/2023\/07\/header-mobile-1.png","type":"image\/png"}],"twitter_card":"summary_large_image","twitter_misc":{"Tempo di lettura stimato":"5 minuti"},"schema":{"@context":"https:\/\/schema.org","@graph":[{"@type":"WebPage","@id":"https:\/\/linguavivagroup.com\/it\/scuole-di-lingua-italiana-in-italia\/","url":"https:\/\/linguavivagroup.com\/it\/scuole-di-lingua-italiana-in-italia\/","name":"Italian language schools in Italy | Linguaviva","isPartOf":{"@id":"https:\/\/linguavivagroup.com\/it\/#website"},"primaryImageOfPage":{"@id":"https:\/\/linguavivagroup.com\/it\/scuole-di-lingua-italiana-in-italia\/#primaryimage"},"image":{"@id":"https:\/\/linguavivagroup.com\/it\/scuole-di-lingua-italiana-in-italia\/#primaryimage"},"thumbnailUrl":"https:\/\/linguavivagroup.com\/wp-content\/uploads\/2023\/07\/header-mobile-1.png","datePublished":"2023-07-19T10:09:05+00:00","dateModified":"2025-10-03T13:12:48+00:00","description":"Learn Italian in our Italian language schools in Florence, Milan and Lignano.","breadcrumb":{"@id":"https:\/\/linguavivagroup.com\/it\/scuole-di-lingua-italiana-in-italia\/#breadcrumb"},"inLanguage":"it-IT","potentialAction":[{"@type":"ReadAction","target":["https:\/\/linguavivagroup.com\/it\/scuole-di-lingua-italiana-in-italia\/"]}]},{"@type":"ImageObject","inLanguage":"it-IT","@id":"https:\/\/linguavivagroup.com\/it\/scuole-di-lingua-italiana-in-italia\/#primaryimage","url":"https:\/\/linguavivagroup.com\/wp-content\/uploads\/2023\/07\/header-mobile-1.png","contentUrl":"https:\/\/linguavivagroup.com\/wp-content\/uploads\/2023\/07\/header-mobile-1.png","width":1000,"height":1254},{"@type":"BreadcrumbList","@id":"https:\/\/linguavivagroup.com\/it\/scuole-di-lingua-italiana-in-italia\/#breadcrumb","itemListElement":[{"@type":"ListItem","position":1,"name":"Home","item":"https:\/\/linguavivagroup.com\/it\/"},{"@type":"ListItem","position":2,"name":"DESTINAZIONI"}]},{"@type":"WebSite","@id":"https:\/\/linguavivagroup.com\/it\/#website","url":"https:\/\/linguavivagroup.com\/it\/","name":"Linguaviva Educational Group","description":"Study and learn italian in italy","publisher":{"@id":"https:\/\/linguavivagroup.com\/it\/#organization"},"potentialAction":[{"@type":"SearchAction","target":{"@type":"EntryPoint","urlTemplate":"https:\/\/linguavivagroup.com\/it\/?s={search_term_string}"},"query-input":{"@type":"PropertyValueSpecification","valueRequired":true,"valueName":"search_term_string"}}],"inLanguage":"it-IT"},{"@type":"Organization","@id":"https:\/\/linguavivagroup.com\/it\/#organization","name":"Linguaviva Educational Group","url":"https:\/\/linguavivagroup.com\/it\/","logo":{"@type":"ImageObject","inLanguage":"it-IT","@id":"https:\/\/linguavivagroup.com\/it\/#\/schema\/logo\/image\/","url":"https:\/\/linguavivagroup.com\/wp-content\/uploads\/2026\/03\/logo-linguaviva-bianco-50-260.png","contentUrl":"https:\/\/linguavivagroup.com\/wp-content\/uploads\/2026\/03\/logo-linguaviva-bianco-50-260.png","width":260,"height":48,"caption":"Linguaviva Educational Group"},"image":{"@id":"https:\/\/linguavivagroup.com\/it\/#\/schema\/logo\/image\/"}}]}},"_links":{"self":[{"href":"https:\/\/linguavivagroup.com\/it\/wp-json\/wp\/v2\/pages\/15224","targetHints":{"allow":["GET"]}}],"collection":[{"href":"https:\/\/linguavivagroup.com\/it\/wp-json\/wp\/v2\/pages"}],"about":[{"href":"https:\/\/linguavivagroup.com\/it\/wp-json\/wp\/v2\/types\/page"}],"author":[{"embeddable":true,"href":"https:\/\/linguavivagroup.com\/it\/wp-json\/wp\/v2\/users\/2"}],"replies":[{"embeddable":true,"href":"https:\/\/linguavivagroup.com\/it\/wp-json\/wp\/v2\/comments?post=15224"}],"version-history":[{"count":5,"href":"https:\/\/linguavivagroup.com\/it\/wp-json\/wp\/v2\/pages\/15224\/revisions"}],"predecessor-version":[{"id":15236,"href":"https:\/\/linguavivagroup.com\/it\/wp-json\/wp\/v2\/pages\/15224\/revisions\/15236"}],"wp:featuredmedia":[{"embeddable":true,"href":"https:\/\/linguavivagroup.com\/it\/wp-json\/wp\/v2\/media\/15226"}],"wp:attachment":[{"href":"https:\/\/linguavivagroup.com\/it\/wp-json\/wp\/v2\/media?parent=15224"}],"curies":[{"name":"wp","href":"https:\/\/api.w.org\/{rel}","templated":true}]}}