{"id":10717,"date":"2024-06-27T15:21:53","date_gmt":"2024-06-27T13:21:53","guid":{"rendered":"https:\/\/linguavivagroup.com\/levels\/"},"modified":"2024-07-08T12:06:33","modified_gmt":"2024-07-08T10:06:33","slug":"niveis","status":"publish","type":"page","link":"https:\/\/linguavivagroup.com\/pt-pt\/niveis\/","title":{"rendered":"N\u00edveis"},"content":{"rendered":"<section class=\"wpb-content-wrapper\"><p>[vc_row full_width=&#8221;stretch_row_content_no_spaces&#8221; el_class=&#8221;header-image&#8221;][vc_column][vc_single_image image=&#8221;10699&#8243; img_size=&#8221;full&#8221; el_class=&#8221;img-header-big&#8221;][vc_single_image image=&#8221;10703&#8243; img_size=&#8221;full&#8221; el_class=&#8221;img-header-small&#8221;][\/vc_column][\/vc_row][vc_row el_class=&#8221;sezione&#8221;][vc_column width=&#8221;2\/12&#8243;][\/vc_column][vc_column width=&#8221;8\/12&#8243;][vc_column_text el_class=&#8221;red&#8221;]<\/p>\n<h1 style=\"text-align: center;\">N\u00cdVEIS DE CERTIFICA\u00c7\u00c3O<\/h1>\n<p>[\/vc_column_text][vc_column_text]Nossos n\u00edveis abrangentes de aprendizado guiam voc\u00ea desde o n\u00edvel iniciante at\u00e9 a profici\u00eancia avan\u00e7ada, garantindo uma experi\u00eancia de aprendizado de italiano personalizada e eficaz. Leia a tabela para descobrir as caracter\u00edsticas espec\u00edficas de cada n\u00edvel de certifica\u00e7\u00e3o![\/vc_column_text][\/vc_column][vc_column width=&#8221;2\/12&#8243;][\/vc_column][\/vc_row][vc_row full_width=&#8221;stretch_row_content&#8221; el_class=&#8221;sezione&#8221;][vc_column][vc_column_text]<\/p>\n<table class=\"table-course table-course-v2 table-course-v3\">\n<tbody>\n<tr>\n<th class=\"title-table white bg-blue\" colspan=\"7\">N\u00cdVEIS DE PROFICI\u00caNCIA EM IDIOMAS<\/th>\n<\/tr>\n<tr>\n<td class=\"value-key-table\"><strong>Quadro Europeu Comum de Refer\u00eancia para L\u00ednguas<\/strong><\/td>\n<td class=\"value-key-table\"><b>N\u00edveis da Linguaviva<\/b><\/td>\n<td class=\"value-key-table\"><b>\u00a0<\/b><\/td>\n<td class=\"value-key-table\"><b>Aulas<\/b><\/td>\n<td class=\"value-key-table\"><b>Descri\u00e7\u00e3o de Profici\u00eancia em Italiano<\/b><\/td>\n<td class=\"value-key-table\"><strong>Certificado CILS e PLIDA<\/strong><\/td>\n<td class=\"value-key-table\"><strong>Conquistas<\/strong><\/td>\n<\/tr>\n<tr>\n<td class=\"title-key-table\" style=\"text-align: center;\" rowspan=\"3\"><strong>C1<\/strong><\/td>\n<td class=\"value-key-table\" style=\"text-align: center;\" rowspan=\"3\">Avan\u00e7ado<\/td>\n<td style=\"text-align: center;\">12<\/td>\n<td class=\"value-key-table\" style=\"text-align: center;\">80<\/td>\n<td class=\"value-key-table\" style=\"text-align: center;\">Voc\u00ea n\u00e3o tem dificuldade em entender qualquer tipo de linguagem falada, seja ao vivo ou transmitida. Voc\u00ea pode participar fluentemente de discuss\u00f5es sobre uma ampla variedade de t\u00f3picos e usar express\u00f5es idiom\u00e1ticas e qualquer coloquialismo.<\/td>\n<td class=\"value-key-table\" style=\"text-align: center;\" rowspan=\"3\">CILS 3 PLIDA C1<\/td>\n<td class=\"value-key-table\" style=\"text-align: center;\" rowspan=\"3\">Este n\u00edvel \u00e9 necess\u00e1rio para entrar no mercado de trabalho italiano falante.<\/td>\n<\/tr>\n<tr>\n<td class=\"title-key-table\" style=\"text-align: center;\">11<\/td>\n<td class=\"value-key-table\" style=\"text-align: center;\">\n<div class=\"page\" title=\"Page 5\">\n<div class=\"section\">\n<div class=\"layoutArea\">\n<div class=\"column\">\n<p>80<\/p>\n<\/div>\n<\/div>\n<\/div>\n<\/div>\n<\/td>\n<td class=\"value-key-table\" style=\"text-align: center;\">\n<div class=\"page\" title=\"Page 5\">\n<div class=\"section\">\n<div class=\"layoutArea\">\n<div class=\"column\">\n<p>Voc\u00ea pode participar facilmente de qualquer conversa ou discuss\u00e3o e tem um bom n\u00edvel de familiaridade com algumas express\u00f5es idiom\u00e1ticas e coloquialismos.<\/p>\n<\/div>\n<\/div>\n<\/div>\n<\/div>\n<\/td>\n<\/tr>\n<tr>\n<td class=\"title-key-table\" style=\"text-align: center;\">10<\/td>\n<td class=\"value-key-table\" style=\"text-align: center;\">\n<div class=\"page\" title=\"Page 5\">\n<div class=\"section\">\n<div class=\"layoutArea\">\n<div class=\"column\">\n<p>80<\/p>\n<\/div>\n<\/div>\n<\/div>\n<\/div>\n<\/td>\n<td class=\"value-key-table\" style=\"text-align: center;\">\n<div class=\"page\" title=\"Page 5\">\n<div class=\"section\">\n<div class=\"layoutArea\">\n<div class=\"column\">\n<p>Voc\u00ea pode formular ideias e opini\u00f5es com precis\u00e3o e relacionar habilmente sua contribui\u00e7\u00e3o com a de outros falantes. Voc\u00ea pode apresentar descri\u00e7\u00f5es claras e detalhadas de temas complexos. Voc\u00ea pode entender artigos especializados, mesmo quando n\u00e3o est\u00e3o relacionados ao seu campo.<\/p>\n<\/div>\n<\/div>\n<\/div>\n<\/div>\n<\/td>\n<\/tr>\n<tr>\n<td class=\"title-key-table\" style=\"text-align: center;\" rowspan=\"3\"><strong>B2<\/strong><\/td>\n<td class=\"value-key-table\" style=\"text-align: center;\" rowspan=\"3\">Intermedi\u00e1rio Avan\u00e7ado<\/td>\n<td style=\"text-align: center;\">9<\/td>\n<td class=\"value-key-table\" style=\"text-align: center;\">80<\/td>\n<td class=\"value-key-table\" style=\"text-align: center;\">Voc\u00ea pode se expressar fluentemente e espontaneamente sem procurar express\u00f5es de forma \u00f3bvia. Voc\u00ea pode usar o idioma de maneira flex\u00edvel e eficaz para fins sociais e profissionais. Voc\u00ea pode entender programas de televis\u00e3o e filmes sem muito esfor\u00e7o.<\/td>\n<td class=\"value-key-table\" style=\"text-align: center;\" rowspan=\"3\">CILS 2 PLIDA B2<\/td>\n<td class=\"value-key-table\" style=\"text-align: center;\" rowspan=\"3\">Este n\u00edvel \u00e9 necess\u00e1rio para frequentar programas acad\u00eamicos de gradua\u00e7\u00e3o e p\u00f3s-gradua\u00e7\u00e3o.<\/td>\n<\/tr>\n<tr>\n<td class=\"title-key-table\" style=\"text-align: center;\">8<\/td>\n<td class=\"value-key-table\" style=\"text-align: center;\">\n<div class=\"page\" title=\"Page 5\">\n<div class=\"section\">\n<div class=\"layoutArea\">\n<div class=\"column\">\n<p>80<\/p>\n<\/div>\n<\/div>\n<\/div>\n<\/div>\n<\/td>\n<td class=\"value-key-table\" style=\"text-align: center;\">\n<div class=\"page\" title=\"Page 5\">\n<div class=\"section\">\n<div class=\"layoutArea\">\n<div class=\"column\">\n<p>Voc\u00ea pode apresentar descri\u00e7\u00f5es claras e detalhadas sobre uma ampla gama de assuntos relacionados ao seu campo de interesse. Voc\u00ea pode explicar um ponto de vista sobre uma quest\u00e3o atual. Voc\u00ea pode entender a maioria das not\u00edcias de televis\u00e3o, programas de atualidades e a maioria dos filmes em linguagem padr\u00e3o.<\/p>\n<\/div>\n<\/div>\n<\/div>\n<\/div>\n<\/td>\n<\/tr>\n<tr>\n<td class=\"title-key-table\" style=\"text-align: center;\">7<\/td>\n<td class=\"value-key-table\" style=\"text-align: center;\">\n<div class=\"page\" title=\"Page 5\">\n<div class=\"section\">\n<div class=\"layoutArea\">\n<div class=\"column\">\n<p>80<\/p>\n<\/div>\n<\/div>\n<\/div>\n<\/div>\n<\/td>\n<td class=\"value-key-table\" style=\"text-align: center;\">\n<div class=\"page\" title=\"Page 5\">\n<div class=\"section\">\n<div class=\"layoutArea\">\n<div class=\"column\">\n<p>Voc\u00ea pode interagir com uma certa flu\u00eancia e espontaneidade com falantes nativos. Voc\u00ea pode participar ativamente de discuss\u00f5es em contextos familiares, explicando e sustentando seus pontos de vista.<\/p>\n<\/div>\n<\/div>\n<\/div>\n<\/div>\n<\/td>\n<\/tr>\n<tr>\n<td class=\"title-key-table\" style=\"text-align: center;\" rowspan=\"3\"><strong>B1<\/strong><\/td>\n<td class=\"value-key-table\" style=\"text-align: center;\" rowspan=\"3\">Intermedi\u00e1rio<\/td>\n<td style=\"text-align: center;\">6<\/td>\n<td class=\"value-key-table\" style=\"text-align: center;\">80<\/td>\n<td class=\"value-key-table\" style=\"text-align: center;\">Voc\u00ea pode entrar despreparado em uma conversa sobre t\u00f3picos familiares e de interesse pessoal. Voc\u00ea pode narrar uma hist\u00f3ria ou relatar o enredo de um livro ou filme e descrever suas rea\u00e7\u00f5es. Voc\u00ea pode entender os pontos principais de muitos programas de r\u00e1dio ou TV sobre atualidades.<\/td>\n<td class=\"value-key-table\" style=\"text-align: center;\" rowspan=\"3\">CILS 1 PLIDA B1<\/td>\n<td class=\"value-key-table\" style=\"text-align: center;\" rowspan=\"3\">Este n\u00edvel \u00e9 necess\u00e1rio para participar do Programa de Est\u00e1gio, do Curso Preparat\u00f3rio para Admiss\u00e3o Universit\u00e1ria, das Artes Culin\u00e1rias para profissionais e dos programas vocacionais em Moda e Design.<\/td>\n<\/tr>\n<tr>\n<td class=\"title-key-table\" style=\"text-align: center;\">5<\/td>\n<td class=\"value-key-table\" style=\"text-align: center;\">\n<div class=\"page\" title=\"Page 5\">\n<div class=\"section\">\n<div class=\"layoutArea\">\n<div class=\"column\">\n<p>80<\/p>\n<\/div>\n<\/div>\n<\/div>\n<\/div>\n<\/td>\n<td class=\"value-key-table\" style=\"text-align: center;\">\n<div class=\"page\" title=\"Page 5\">\n<div class=\"section\">\n<div class=\"layoutArea\">\n<div class=\"column\">\n<p>Voc\u00ea consegue lidar com a maioria das situa\u00e7\u00f5es que podem surgir ao viajar em uma \u00e1rea onde o idioma \u00e9 falado. Voc\u00ea entende a maioria das conversas sobre t\u00f3picos familiares ou de interesse pessoal. Voc\u00ea entende os pontos principais de um discurso padr\u00e3o claro sobre assuntos familiares, como trabalho, escola, lazer, etc.<\/p>\n<\/div>\n<\/div>\n<\/div>\n<\/div>\n<\/td>\n<\/tr>\n<tr>\n<td class=\"title-key-table\" style=\"text-align: center;\">4<\/td>\n<td class=\"value-key-table\" style=\"text-align: center;\">\n<div class=\"page\" title=\"Page 5\">\n<div class=\"section\">\n<div class=\"layoutArea\">\n<div class=\"column\">\n<p>80<\/p>\n<\/div>\n<\/div>\n<\/div>\n<\/div>\n<\/td>\n<td class=\"value-key-table\" style=\"text-align: center;\">\n<div class=\"page\" title=\"Page 5\">\n<div class=\"section\">\n<div class=\"layoutArea\">\n<div class=\"column\">\n<p>Voc\u00ea pode lidar com trocas sociais muito breves, participar de uma situa\u00e7\u00e3o comunicativa, embora geralmente n\u00e3o entenda o suficiente para manter a conversa por conta pr\u00f3pria.<\/p>\n<\/div>\n<\/div>\n<\/div>\n<\/div>\n<\/td>\n<\/tr>\n<tr>\n<td class=\"title-key-table\" style=\"text-align: center;\" rowspan=\"2\"><strong>A2<\/strong><\/td>\n<td class=\"value-key-table\" style=\"text-align: center;\" rowspan=\"2\">Elementar<\/td>\n<td style=\"text-align: center;\">3<\/td>\n<td class=\"value-key-table\" style=\"text-align: center;\">80<\/td>\n<td class=\"value-key-table\" style=\"text-align: center;\">Voc\u00ea pode se comunicar em tarefas simples e rotineiras que exigem um interc\u00e2mbio direto e simples de informa\u00e7\u00f5es sobre t\u00f3picos e atividades familiares. Voc\u00ea pode descrever de forma simples sua fam\u00edlia e outras pessoas, condi\u00e7\u00f5es de vida e trabalho.<\/td>\n<td class=\"value-key-table\" style=\"text-align: center;\" rowspan=\"2\">CILS A2 PLIDA A2<\/td>\n<td class=\"value-key-table\" style=\"text-align: center;\" rowspan=\"2\">Este n\u00edvel \u00e9 necess\u00e1rio para frequentar cursos pr\u00e1ticos em Artes &amp; Design, Hist\u00f3ria da Arte e Artes Culin\u00e1rias para amadores.<\/td>\n<\/tr>\n<tr>\n<td class=\"title-key-table\" style=\"text-align: center;\">2<\/td>\n<td class=\"value-key-table\" style=\"text-align: center;\">\n<div class=\"page\" title=\"Page 5\">\n<div class=\"section\">\n<div class=\"layoutArea\">\n<div class=\"column\">\n<p>80<\/p>\n<\/div>\n<\/div>\n<\/div>\n<\/div>\n<\/td>\n<td class=\"value-key-table\" style=\"text-align: center;\">\n<div class=\"page\" title=\"Page 5\">\n<div class=\"section\">\n<div class=\"layoutArea\">\n<div class=\"column\">\n<p>Voc\u00ea pode usar frases e senten\u00e7as simples para descrever ou pedir algumas coisas. Voc\u00ea pode escrever um cart\u00e3o postal ou mensagens breves e ler textos muito curtos e simples.<\/p>\n<\/div>\n<\/div>\n<\/div>\n<\/div>\n<\/td>\n<\/tr>\n<tr>\n<td class=\"title-key-table\" style=\"text-align: center;\"><strong>A1<\/strong><\/td>\n<td class=\"value-key-table\" style=\"text-align: center;\">Iniciante<\/td>\n<td style=\"text-align: center;\">1<\/td>\n<td class=\"value-key-table\" style=\"text-align: center;\">80<\/td>\n<td class=\"value-key-table\" style=\"text-align: center;\">Voc\u00ea n\u00e3o conhece o idioma ou consegue reconhecer palavras familiares.<\/td>\n<td class=\"value-key-table\" style=\"text-align: center;\">CILS A1 PLIDA A1<\/td>\n<td class=\"value-key-table\" style=\"text-align: center;\"><\/td>\n<\/tr>\n<\/tbody>\n<\/table>\n<p>[\/vc_column_text][\/vc_column][\/vc_row][vc_row][vc_column][vc_empty_space height=&#8221;90px&#8221;][\/vc_column][\/vc_row]<\/p>\n<\/section>","protected":false},"excerpt":{"rendered":"<p>[vc_row full_width=&#8221;stretch_row_content_no_spaces&#8221; el_class=&#8221;header-image&#8221;][vc_column][vc_single_image image=&#8221;10699&#8243; img_size=&#8221;full&#8221; el_class=&#8221;img-header-big&#8221;][vc_single_image image=&#8221;10703&#8243; img_size=&#8221;full&#8221; el_class=&#8221;img-header-small&#8221;][\/vc_column][\/vc_row][vc_row el_class=&#8221;sezione&#8221;][vc_column width=&#8221;2\/12&#8243;][\/vc_column][vc_column width=&#8221;8\/12&#8243;][vc_column_text el_class=&#8221;red&#8221;] N\u00cdVEIS DE CERTIFICA\u00c7\u00c3O [\/vc_column_text][vc_column_text]Nossos n\u00edveis abrangentes de aprendizado guiam voc\u00ea desde o n\u00edvel iniciante at\u00e9 a profici\u00eancia avan\u00e7ada, garantindo uma experi\u00eancia de aprendizado de italiano personalizada e eficaz. Leia a tabela para descobrir as caracter\u00edsticas espec\u00edficas de cada n\u00edvel de certifica\u00e7\u00e3o![\/vc_column_text][\/vc_column][vc_column width=&#8221;2\/12&#8243;][\/vc_column][\/vc_row][vc_row [&hellip;]<\/p>\n","protected":false},"author":2,"featured_media":0,"parent":0,"menu_order":-1,"comment_status":"closed","ping_status":"closed","template":"","meta":{"inline_featured_image":false,"footnotes":""},"class_list":["post-10717","page","type-page","status-publish","hentry"],"yoast_head":"<!-- This site is optimized with the Yoast SEO plugin v27.2 - https:\/\/yoast.com\/product\/yoast-seo-wordpress\/ -->\n<title>Summer Courses in Florence | Linguaviva<\/title>\n<meta name=\"description\" content=\"Discover our stimulating and comprehensive Italian language study holiday in Florence that follows a programme specifically designed for young people.\" \/>\n<meta name=\"robots\" content=\"index, follow, max-snippet:-1, max-image-preview:large, max-video-preview:-1\" \/>\n<link rel=\"canonical\" href=\"https:\/\/linguavivagroup.com\/pt-pt\/niveis\/\" \/>\n<meta property=\"og:locale\" content=\"pt_PT\" \/>\n<meta property=\"og:type\" content=\"article\" \/>\n<meta property=\"og:title\" content=\"Summer Courses in Florence | Linguaviva\" \/>\n<meta property=\"og:description\" content=\"Discover our stimulating and comprehensive Italian language study holiday in Florence that follows a programme specifically designed for young people.\" \/>\n<meta property=\"og:url\" content=\"https:\/\/linguavivagroup.com\/pt-pt\/niveis\/\" \/>\n<meta property=\"og:site_name\" content=\"Linguaviva Educational Group\" \/>\n<meta property=\"article:modified_time\" content=\"2024-07-08T10:06:33+00:00\" \/>\n<meta property=\"og:image\" content=\"https:\/\/linguavivagroup.com\/wp-content\/uploads\/2023\/04\/Educational-group.jpg\" \/>\n\t<meta property=\"og:image:width\" content=\"1920\" \/>\n\t<meta property=\"og:image:height\" content=\"923\" \/>\n\t<meta property=\"og:image:type\" content=\"image\/jpeg\" \/>\n<meta name=\"twitter:card\" content=\"summary_large_image\" \/>\n<meta name=\"twitter:label1\" content=\"Tempo estimado de leitura\" \/>\n\t<meta name=\"twitter:data1\" content=\"3 minutos\" \/>\n<script type=\"application\/ld+json\" class=\"yoast-schema-graph\">{\"@context\":\"https:\/\/schema.org\",\"@graph\":[{\"@type\":\"WebPage\",\"@id\":\"https:\/\/linguavivagroup.com\/pt-pt\/niveis\/\",\"url\":\"https:\/\/linguavivagroup.com\/pt-pt\/niveis\/\",\"name\":\"Summer Courses in Florence | Linguaviva\",\"isPartOf\":{\"@id\":\"https:\/\/linguavivagroup.com\/pt-pt\/#website\"},\"datePublished\":\"2024-06-27T13:21:53+00:00\",\"dateModified\":\"2024-07-08T10:06:33+00:00\",\"description\":\"Discover our stimulating and comprehensive Italian language study holiday in Florence that follows a programme specifically designed for young people.\",\"breadcrumb\":{\"@id\":\"https:\/\/linguavivagroup.com\/pt-pt\/niveis\/#breadcrumb\"},\"inLanguage\":\"pt-PT\",\"potentialAction\":[{\"@type\":\"ReadAction\",\"target\":[\"https:\/\/linguavivagroup.com\/pt-pt\/niveis\/\"]}]},{\"@type\":\"BreadcrumbList\",\"@id\":\"https:\/\/linguavivagroup.com\/pt-pt\/niveis\/#breadcrumb\",\"itemListElement\":[{\"@type\":\"ListItem\",\"position\":1,\"name\":\"Home\",\"item\":\"https:\/\/linguavivagroup.com\/pt-pt\/\"},{\"@type\":\"ListItem\",\"position\":2,\"name\":\"N\u00edveis\"}]},{\"@type\":\"WebSite\",\"@id\":\"https:\/\/linguavivagroup.com\/pt-pt\/#website\",\"url\":\"https:\/\/linguavivagroup.com\/pt-pt\/\",\"name\":\"Linguaviva Educational Group\",\"description\":\"Study and learn italian in italy\",\"publisher\":{\"@id\":\"https:\/\/linguavivagroup.com\/pt-pt\/#organization\"},\"potentialAction\":[{\"@type\":\"SearchAction\",\"target\":{\"@type\":\"EntryPoint\",\"urlTemplate\":\"https:\/\/linguavivagroup.com\/pt-pt\/?s={search_term_string}\"},\"query-input\":{\"@type\":\"PropertyValueSpecification\",\"valueRequired\":true,\"valueName\":\"search_term_string\"}}],\"inLanguage\":\"pt-PT\"},{\"@type\":\"Organization\",\"@id\":\"https:\/\/linguavivagroup.com\/pt-pt\/#organization\",\"name\":\"Linguaviva Educational Group\",\"url\":\"https:\/\/linguavivagroup.com\/pt-pt\/\",\"logo\":{\"@type\":\"ImageObject\",\"inLanguage\":\"pt-PT\",\"@id\":\"https:\/\/linguavivagroup.com\/pt-pt\/#\/schema\/logo\/image\/\",\"url\":\"https:\/\/linguavivagroup.com\/wp-content\/uploads\/2026\/03\/logo-linguaviva-bianco-50-260.png\",\"contentUrl\":\"https:\/\/linguavivagroup.com\/wp-content\/uploads\/2026\/03\/logo-linguaviva-bianco-50-260.png\",\"width\":260,\"height\":48,\"caption\":\"Linguaviva Educational Group\"},\"image\":{\"@id\":\"https:\/\/linguavivagroup.com\/pt-pt\/#\/schema\/logo\/image\/\"}}]}<\/script>\n<!-- \/ Yoast SEO plugin. -->","yoast_head_json":{"title":"Summer Courses in Florence | Linguaviva","description":"Discover our stimulating and comprehensive Italian language study holiday in Florence that follows a programme specifically designed for young people.","robots":{"index":"index","follow":"follow","max-snippet":"max-snippet:-1","max-image-preview":"max-image-preview:large","max-video-preview":"max-video-preview:-1"},"canonical":"https:\/\/linguavivagroup.com\/pt-pt\/niveis\/","og_locale":"pt_PT","og_type":"article","og_title":"Summer Courses in Florence | Linguaviva","og_description":"Discover our stimulating and comprehensive Italian language study holiday in Florence that follows a programme specifically designed for young people.","og_url":"https:\/\/linguavivagroup.com\/pt-pt\/niveis\/","og_site_name":"Linguaviva Educational Group","article_modified_time":"2024-07-08T10:06:33+00:00","og_image":[{"width":1920,"height":923,"url":"https:\/\/linguavivagroup.com\/wp-content\/uploads\/2023\/04\/Educational-group.jpg","type":"image\/jpeg"}],"twitter_card":"summary_large_image","twitter_misc":{"Tempo estimado de leitura":"3 minutos"},"schema":{"@context":"https:\/\/schema.org","@graph":[{"@type":"WebPage","@id":"https:\/\/linguavivagroup.com\/pt-pt\/niveis\/","url":"https:\/\/linguavivagroup.com\/pt-pt\/niveis\/","name":"Summer Courses in Florence | Linguaviva","isPartOf":{"@id":"https:\/\/linguavivagroup.com\/pt-pt\/#website"},"datePublished":"2024-06-27T13:21:53+00:00","dateModified":"2024-07-08T10:06:33+00:00","description":"Discover our stimulating and comprehensive Italian language study holiday in Florence that follows a programme specifically designed for young people.","breadcrumb":{"@id":"https:\/\/linguavivagroup.com\/pt-pt\/niveis\/#breadcrumb"},"inLanguage":"pt-PT","potentialAction":[{"@type":"ReadAction","target":["https:\/\/linguavivagroup.com\/pt-pt\/niveis\/"]}]},{"@type":"BreadcrumbList","@id":"https:\/\/linguavivagroup.com\/pt-pt\/niveis\/#breadcrumb","itemListElement":[{"@type":"ListItem","position":1,"name":"Home","item":"https:\/\/linguavivagroup.com\/pt-pt\/"},{"@type":"ListItem","position":2,"name":"N\u00edveis"}]},{"@type":"WebSite","@id":"https:\/\/linguavivagroup.com\/pt-pt\/#website","url":"https:\/\/linguavivagroup.com\/pt-pt\/","name":"Linguaviva Educational Group","description":"Study and learn italian in italy","publisher":{"@id":"https:\/\/linguavivagroup.com\/pt-pt\/#organization"},"potentialAction":[{"@type":"SearchAction","target":{"@type":"EntryPoint","urlTemplate":"https:\/\/linguavivagroup.com\/pt-pt\/?s={search_term_string}"},"query-input":{"@type":"PropertyValueSpecification","valueRequired":true,"valueName":"search_term_string"}}],"inLanguage":"pt-PT"},{"@type":"Organization","@id":"https:\/\/linguavivagroup.com\/pt-pt\/#organization","name":"Linguaviva Educational Group","url":"https:\/\/linguavivagroup.com\/pt-pt\/","logo":{"@type":"ImageObject","inLanguage":"pt-PT","@id":"https:\/\/linguavivagroup.com\/pt-pt\/#\/schema\/logo\/image\/","url":"https:\/\/linguavivagroup.com\/wp-content\/uploads\/2026\/03\/logo-linguaviva-bianco-50-260.png","contentUrl":"https:\/\/linguavivagroup.com\/wp-content\/uploads\/2026\/03\/logo-linguaviva-bianco-50-260.png","width":260,"height":48,"caption":"Linguaviva Educational Group"},"image":{"@id":"https:\/\/linguavivagroup.com\/pt-pt\/#\/schema\/logo\/image\/"}}]}},"_links":{"self":[{"href":"https:\/\/linguavivagroup.com\/pt-pt\/wp-json\/wp\/v2\/pages\/10717","targetHints":{"allow":["GET"]}}],"collection":[{"href":"https:\/\/linguavivagroup.com\/pt-pt\/wp-json\/wp\/v2\/pages"}],"about":[{"href":"https:\/\/linguavivagroup.com\/pt-pt\/wp-json\/wp\/v2\/types\/page"}],"author":[{"embeddable":true,"href":"https:\/\/linguavivagroup.com\/pt-pt\/wp-json\/wp\/v2\/users\/2"}],"replies":[{"embeddable":true,"href":"https:\/\/linguavivagroup.com\/pt-pt\/wp-json\/wp\/v2\/comments?post=10717"}],"version-history":[{"count":5,"href":"https:\/\/linguavivagroup.com\/pt-pt\/wp-json\/wp\/v2\/pages\/10717\/revisions"}],"predecessor-version":[{"id":10722,"href":"https:\/\/linguavivagroup.com\/pt-pt\/wp-json\/wp\/v2\/pages\/10717\/revisions\/10722"}],"wp:attachment":[{"href":"https:\/\/linguavivagroup.com\/pt-pt\/wp-json\/wp\/v2\/media?parent=10717"}],"curies":[{"name":"wp","href":"https:\/\/api.w.org\/{rel}","templated":true}]}}