{"id":3372,"date":"2023-07-25T15:47:10","date_gmt":"2023-07-25T13:47:10","guid":{"rendered":"https:\/\/linguavivagroup.com\/?page_id=3372"},"modified":"2024-04-02T12:55:03","modified_gmt":"2024-04-02T10:55:03","slug":"aprenda-italiano-vivendo-a-italia","status":"publish","type":"page","link":"https:\/\/linguavivagroup.com\/pt-pt\/aprenda-italiano-vivendo-a-italia\/","title":{"rendered":"APRENDA ITALIANO VIVENDO A IT\u00c1LIA"},"content":{"rendered":"<section class=\"wpb-content-wrapper\"><p>[vc_row full_width=&#8221;stretch_row_content_no_spaces&#8221; el_class=&#8221;header-image&#8221;][vc_column][vc_single_image image=&#8221;1393&#8243; img_size=&#8221;full&#8221; el_class=&#8221;img-header-big&#8221;][vc_single_image image=&#8221;1393&#8243; img_size=&#8221;full&#8221; el_class=&#8221;img-header-small&#8221;][\/vc_column][\/vc_row][vc_row el_class=&#8221;sezione&#8221;][vc_column width=&#8221;2\/12&#8243;][\/vc_column][vc_column width=&#8221;8\/12&#8243;][vc_column_text el_class=&#8221;red&#8221;]<\/p>\n<h1 style=\"text-align: center;\">APRENDA ITALIANO VIVENDO A IT\u00c1LIA<\/h1>\n<p>[\/vc_column_text][vc_column_text]Voc\u00ea gostaria de aprender italiano enquanto se deixa envolver pela beleza e pelo fasc\u00ednio das cidades de Floren\u00e7a e Mil\u00e3o? A Linguaviva lhe oferece a oportunidade de viver uma experi\u00eancia de estudo inesquec\u00edvel na It\u00e1lia. Voc\u00ea prefere as ruas de paralelep\u00edpedos e as obras-primas art\u00edsticas de Floren\u00e7a ou a atmosfera cosmopolita e moderna de Mil\u00e3o? Escolha entre as nossas excurs\u00f5es de estudo para Floren\u00e7a e Mil\u00e3o e prepare-se para uma aventura \u00fanica no cora\u00e7\u00e3o da It\u00e1lia.[\/vc_column_text][\/vc_column][vc_column width=&#8221;2\/12&#8243;][\/vc_column][\/vc_row][vc_row gap=&#8221;30&#8243; el_class=&#8221;sezione&#8221;][vc_column width=&#8221;1\/3&#8243;][vc_column_text el_class=&#8221;red&#8221;]<\/p>\n<h2>CURSOS<\/h2>\n<p>[\/vc_column_text][vc_column_text]Escolha o seu pr\u00f3ximo caminho educacional.[\/vc_column_text][vc_btn title=&#8221;&#8221; align=&#8221;right&#8221; el_class=&#8221;btn-arrow-red&#8221; link=&#8221;url:https%3A%2F%2Flinguavivagroup.com%2Fpt-pt%2Fcursos-de-lingua-e-cultura-italiana%2F&#8221;][\/vc_column][vc_column width=&#8221;2\/3&#8243;][\/vc_column][\/vc_row][vc_row][vc_column][vc_basic_grid post_type=&#8221;courses&#8221; max_items=&#8221;-1&#8243; gap=&#8221;15&#8243; orderby=&#8221;menu_order&#8221; item=&#8221;508&#8243; initial_loading_animation=&#8221;none&#8221; grid_id=&#8221;vc_gid:1707899621565-0f762ff6-3ff9-0&#8243; el_class=&#8221;elenco-corsi elenco-corsi-red&#8221; taxonomies=&#8221;178&#8243;][\/vc_column][\/vc_row][vc_row full_width=&#8221;stretch_row&#8221; el_class=&#8221;sezione bg-red&#8221;][vc_column][vc_row_inner el_class=&#8221;row-banner-v2_1&#8243;][vc_column_inner width=&#8221;1\/12&#8243;][\/vc_column_inner][vc_column_inner width=&#8221;6\/12&#8243;][vc_single_image image=&#8221;5068&#8243; img_size=&#8221;full&#8221; onclick=&#8221;custom_link&#8221; link=&#8221;#&#8221; el_class=&#8221;img-hover-zoom&#8221;][\/vc_column_inner][vc_column_inner el_class=&#8221;col-mleft-40&#8243; width=&#8221;4\/12&#8243;][vc_column_text el_class=&#8221;white&#8221;]<\/p>\n<h2>VIAGENS DE ESTUDO PARA FLOREN\u00c7A<\/h2>\n<p>[\/vc_column_text][\/vc_column_inner][vc_column_inner width=&#8221;1\/12&#8243;][\/vc_column_inner][\/vc_row_inner][vc_row_inner el_class=&#8221;row-banner-v2_2 no-padding&#8221;][vc_column_inner width=&#8221;1\/12&#8243;][\/vc_column_inner][vc_column_inner width=&#8221;4\/12&#8243;][vc_column_text el_class=&#8221;white&#8221;]Floren\u00e7a, a cidade da arte e da cultura, lhe d\u00e1 as boas-vindas durante todo o ano para uma viagem de estudo inesquec\u00edvel. Com os programas da Linguaviva, voc\u00ea pode mergulhar no aprendizado do idioma italiano e descobrir as maravilhas dessa cidade fascinante. Por meio de aulas envolventes e atividades culturais personalizadas, voc\u00ea ter\u00e1 a oportunidade de explorar as riquezas art\u00edsticas de Floren\u00e7a, visitar museus renomados, admirar a arquitetura \u00fanica e respirar a atmosfera m\u00e1gica da cidade e, \u00e9 claro, saboreando os pratos t\u00edpicos italianos. Aproveite essa oportunidade extraordin\u00e1ria de aprimorar as suas habilidades no idioma e mergulhar totalmente na cultura italiana, tornando a sua estadia em Floren\u00e7a uma experi\u00eancia \u00fanica e estimulante.[\/vc_column_text][vc_btn title=&#8221;&#8221; align=&#8221;right&#8221; el_class=&#8221;btn-arrow-white&#8221; link=&#8221;url:https%3A%2F%2Flinguavivagroup.com%2Fpt-pt%2Fviagens-de-estudo-para-florenca%2F&#8221;][\/vc_column_inner][vc_column_inner width=&#8221;6\/12&#8243;][vc_single_image image=&#8221;1336&#8243; img_size=&#8221;full&#8221; onclick=&#8221;custom_link&#8221; link=&#8221;#&#8221; el_class=&#8221;img-hover-zoom&#8221;][\/vc_column_inner][vc_column_inner width=&#8221;1\/12&#8243;][\/vc_column_inner][\/vc_row_inner][\/vc_column][\/vc_row][vc_row full_width=&#8221;stretch_row&#8221; el_class=&#8221;sezione bg-light-grey&#8221;][vc_column][vc_row_inner el_class=&#8221;row-banner-v2_1&#8243;][vc_column_inner width=&#8221;1\/12&#8243;][\/vc_column_inner][vc_column_inner el_class=&#8221;col-mright-50&#8243; width=&#8221;4\/12&#8243;][vc_column_text el_class=&#8221;red&#8221;]<\/p>\n<h2>VIAGENS DE ESTUDO PARA MIL\u00c3O<\/h2>\n<p>[\/vc_column_text][\/vc_column_inner][vc_column_inner width=&#8221;6\/12&#8243;][vc_single_image image=&#8221;5076&#8243; img_size=&#8221;full&#8221; onclick=&#8221;custom_link&#8221; link=&#8221;#&#8221; el_class=&#8221;img-hover-zoom&#8221;][\/vc_column_inner][vc_column_inner width=&#8221;1\/12&#8243;][\/vc_column_inner][\/vc_row_inner][vc_row_inner el_class=&#8221;row-banner-v2_2 no-padding&#8221;][vc_column_inner width=&#8221;1\/12&#8243;][\/vc_column_inner][vc_column_inner width=&#8221;6\/12&#8243;][vc_single_image image=&#8221;1346&#8243; img_size=&#8221;full&#8221; onclick=&#8221;custom_link&#8221; link=&#8221;#&#8221; el_class=&#8221;img-hover-zoom&#8221;][\/vc_column_inner][vc_column_inner width=&#8221;4\/12&#8243;][vc_column_text]Mil\u00e3o, a sempre animada capital da moda e do design, espera por voc\u00ea durante todo o ano para uma estadia de estudos exclusiva e emocionante. Ao escolher os programas da Linguaviva, voc\u00ea pode mergulhar no aprendizado do idioma italiano e descobrir a energia e a vitalidade dessa metr\u00f3pole cosmopolita. Al\u00e9m de aulas imersivas de italiano, voc\u00ea ter\u00e1 a oportunidade de explorar as ruas da moda, visitar museus mundialmente famosos, descobrir o rico patrim\u00f4nio cultural da cidade e saborear a tradicional culin\u00e1ria milanesa. Viva Mil\u00e3o ao m\u00e1ximo, aperfei\u00e7oe suas habilidades lingu\u00edsticas e experimente a verdadeira vida italiana. Sua pr\u00f3xima viagem de estudos est\u00e1 esperando por voc\u00ea.[\/vc_column_text][vc_btn title=&#8221;&#8221; align=&#8221;right&#8221; el_class=&#8221;btn-arrow-red&#8221; link=&#8221;url:https%3A%2F%2Flinguavivagroup.com%2Fpt-pt%2Fviagens-de-estudo-para-milao%2F&#8221;][\/vc_column_inner][vc_column_inner width=&#8221;1\/12&#8243;][\/vc_column_inner][\/vc_row_inner][\/vc_column][\/vc_row][vc_row full_width=&#8221;stretch_row&#8221; el_class=&#8221;sezione bg-light-grey no-padding-bottom&#8221;][vc_column width=&#8221;2\/12&#8243;][\/vc_column][vc_column width=&#8221;8\/12&#8243;][vc_column_text el_class=&#8221;red no-margin&#8221;]<\/p>\n<h2 style=\"text-align: center;\">ESCOLA LINGUAVIVA<\/h2>\n<p>[\/vc_column_text][\/vc_column][vc_column width=&#8221;2\/12&#8243;][\/vc_column][\/vc_row][vc_row full_width=&#8221;stretch_row&#8221; el_class=&#8221;sezione bg-light-grey&#8221;][vc_column][vc_row_inner equal_height=&#8221;yes&#8221; gap=&#8221;30&#8243; el_class=&#8221;row-banner-v2_1&#8243;][vc_column_inner width=&#8221;1\/12&#8243;][\/vc_column_inner][vc_column_inner width=&#8221;6\/12&#8243;][vc_single_image image=&#8221;312&#8243; img_size=&#8221;full&#8221; el_class=&#8221;square square-small s-top-50 s-left-50&#8243;][vc_single_image image=&#8221;336&#8243; img_size=&#8221;full&#8221; el_class=&#8221;square square-small s-top-50 s-left50&#8243;][vc_single_image image=&#8221;366&#8243; img_size=&#8221;full&#8221; el_class=&#8221;square square-small s-top50 s-left-50&#8243;][vc_single_image image=&#8221;378&#8243; img_size=&#8221;full&#8221; el_class=&#8221;square square-small s-bottom-50 s-left-50&#8243;][vc_single_image image=&#8221;1373&#8243; img_size=&#8221;full&#8221; onclick=&#8221;custom_link&#8221; link=&#8221;#&#8221; el_class=&#8221;img-hover-zoom&#8221;][\/vc_column_inner][vc_column_inner width=&#8221;3\/12&#8243;][vc_column_text]Linguaviva foi fundada em Floren\u00e7a em 1976 com o objetivo de promover a aprendizagem da l\u00edngua italiana e tudo o que a envolve.[\/vc_column_text][\/vc_column_inner][vc_column_inner width=&#8221;2\/12&#8243;][\/vc_column_inner][\/vc_row_inner][vc_row_inner equal_height=&#8221;yes&#8221; gap=&#8221;30&#8243; el_class=&#8221;row-banner-v2_2 no-padding&#8221;][vc_column_inner width=&#8221;2\/12&#8243;][\/vc_column_inner][vc_column_inner width=&#8221;3\/12&#8243;][vc_column_text]Fomos uma das primeiras escolas a organizar viagens de estudo que combinam educa\u00e7\u00e3o lingu\u00edstica de alto n\u00edvel e cultural.[\/vc_column_text][vc_btn title=&#8221;&#8221; align=&#8221;right&#8221; el_class=&#8221;btn-arrow-dark&#8221; link=&#8221;url:https%3A%2F%2Flinguavivagroup.com%2Fpt-pt%2Fsobre-nos%2F&#8221;][\/vc_column_inner][vc_column_inner width=&#8221;6\/12&#8243;][vc_single_image image=&#8221;378&#8243; img_size=&#8221;full&#8221; el_class=&#8221;square square-small s-bottom-50 s-right-50&#8243;][vc_single_image image=&#8221;366&#8243; img_size=&#8221;full&#8221; el_class=&#8221;square square-small s-bottom-50 s-right50 z-index-1&#8243;][vc_single_image image=&#8221;366&#8243; img_size=&#8221;full&#8221; el_class=&#8221;square square-small s-bottom50 s-right-50&#8243;][vc_single_image image=&#8221;354&#8243; img_size=&#8221;full&#8221; el_class=&#8221;square square-small s-bottom-50 s-left-50&#8243;][vc_single_image image=&#8221;1377&#8243; img_size=&#8221;full&#8221; onclick=&#8221;custom_link&#8221; link=&#8221;#&#8221; el_class=&#8221;img-hover-zoom&#8221;][\/vc_column_inner][vc_column_inner width=&#8221;1\/12&#8243;][\/vc_column_inner][\/vc_row_inner][\/vc_column][\/vc_row][vc_row full_width=&#8221;stretch_row&#8221; full_height=&#8221;yes&#8221; content_placement=&#8221;middle&#8221; el_class=&#8221;parallax-row&#8221; css=&#8221;.vc_custom_1682515566461{background-image: url(https:\/\/linguavivagroup.com\/wp-content\/uploads\/2023\/04\/Experience.jpg?id=488) !important;}&#8221;][vc_column width=&#8221;2\/12&#8243;][\/vc_column][vc_column width=&#8221;8\/12&#8243;][vc_column_text el_class=&#8221;white&#8221;]<\/p>\n<h2 style=\"text-align: center;\">EXPERI\u00caNCIA IT\u00c1LIA<\/h2>\n<p>[\/vc_column_text][vc_column_text el_class=&#8221;white&#8221;]<\/p>\n<p style=\"text-align: center;\">Descubra o pa\u00eds, as pessoas e a cultura.<\/p>\n<p>[\/vc_column_text][\/vc_column][vc_column width=&#8221;2\/12&#8243;][\/vc_column][\/vc_row][vc_row][vc_column][\/vc_column][\/vc_row][vc_row full_width=&#8221;stretch_row_content_no_spaces&#8221; el_class=&#8221;sezione bg-red-blue&#8221;][vc_column width=&#8221;1\/2&#8243; el_class=&#8221;col-half-color-left&#8221;][vc_column_text el_class=&#8221;white&#8221;]<\/p>\n<h2>ACOMODA\u00c7\u00c3O<\/h2>\n<p>[\/vc_column_text][vc_column_text el_class=&#8221;white&#8221;]Escolha o destino da sua pr\u00f3xima experi\u00eancia de estudo na It\u00e1lia.[\/vc_column_text][vc_btn title=&#8221;&#8221; align=&#8221;right&#8221; el_class=&#8221;btn-arrow-white&#8221; link=&#8221;url:https%3A%2F%2Flinguavivagroup.com%2Fpt-pt%2Facomodacao%2F&#8221;][\/vc_column][vc_column width=&#8221;1\/2&#8243; el_class=&#8221;col-half-color-right&#8221;][vc_column_text el_class=&#8221;white&#8221;]<\/p>\n<h2>FEES<\/h2>\n<p>[\/vc_column_text][vc_column_text el_class=&#8221;white&#8221;]<\/p>\n<div class=\"flex flex-grow flex-col max-w-full\">\n<div class=\"min-h-[20px] text-message flex flex-col items-start gap-3 whitespace-pre-wrap break-words [.text-message+&amp;]:mt-5 overflow-x-auto\" data-message-author-role=\"assistant\" data-message-id=\"a965d02d-40cd-497c-8b09-82bb065d70f7\">\n<div class=\"markdown prose w-full break-words dark:prose-invert light\">\n<p>Descubra os pre\u00e7os da estadia de estudo na It\u00e1lia com a Linguaviva.<\/p>\n<\/div>\n<\/div>\n<\/div>\n<p>[\/vc_column_text][vc_btn title=&#8221;&#8221; align=&#8221;right&#8221; el_class=&#8221;btn-arrow-white&#8221; link=&#8221;url:https%3A%2F%2Flinguavivagroup.com%2Fpt-pt%2Ffees%2F&#8221;][\/vc_column][\/vc_row][vc_row][vc_column][vc_empty_space height=&#8221;120px&#8221;][\/vc_column][\/vc_row][vc_row full_width=&#8221;stretch_row_content_no_spaces&#8221; el_class=&#8221;overflow-visible&#8221;][vc_column][vc_single_image image=&#8221;350&#8243; img_size=&#8221;full&#8221; el_class=&#8221;square square-medium mtop-100 left0&#8243;][vc_single_image image=&#8221;350&#8243; img_size=&#8221;full&#8221; el_class=&#8221;square square-medium top0 left0&#8243;][vc_single_image image=&#8221;350&#8243; img_size=&#8221;full&#8221; el_class=&#8221;square square-medium mtop-100 right0&#8243;][vc_single_image image=&#8221;362&#8243; img_size=&#8221;full&#8221; el_class=&#8221;square square-medium top0 right0&#8243;][\/vc_column][\/vc_row][vc_row full_width=&#8221;stretch_row_content_no_spaces&#8221; equal_height=&#8221;yes&#8221; content_placement=&#8221;middle&#8221; el_class=&#8221;bg-light-grey&#8221;][vc_column width=&#8221;1\/2&#8243;][vc_single_image image=&#8221;1382&#8243; img_size=&#8221;full&#8221; alignment=&#8221;center&#8221; el_class=&#8221;no-margin img-hover-zoom&#8221;][vc_column_text el_class=&#8221;banner-corso-title banner-turismo-title bg-red&#8221;]<\/p>\n<h3 style=\"text-align: center;\"><a href=\"https:\/\/linguavivagroup.com\/pt-pt\/estudar-italiano-na-italia\/\">PROCURANDO PREPARA\u00c7\u00c3O UNIVERSIT\u00c1RIA?<\/a><\/h3>\n<p>[\/vc_column_text][\/vc_column][vc_column width=&#8221;1\/2&#8243;][vc_single_image image=&#8221;1386&#8243; img_size=&#8221;full&#8221; alignment=&#8221;center&#8221; el_class=&#8221;no-margin img-hover-zoom&#8221;][vc_column_text el_class=&#8221;banner-corso-title banner-turismo-title bg-blue&#8221;]<\/p>\n<h3 style=\"text-align: center;\"><a href=\"https:\/\/linguavivagroup.com\/pt-pt\/curso-de-ferias-de-verao-para-jovens\/\">PROCURANDO F\u00c9RIAS DE ESTUDO PARA JUNIORES?<\/a><\/h3>\n<p>[\/vc_column_text][\/vc_column][\/vc_row]<\/p>\n<\/section>","protected":false},"excerpt":{"rendered":"<p>[vc_row full_width=&#8221;stretch_row_content_no_spaces&#8221; el_class=&#8221;header-image&#8221;][vc_column][vc_single_image image=&#8221;1393&#8243; img_size=&#8221;full&#8221; el_class=&#8221;img-header-big&#8221;][vc_single_image image=&#8221;1393&#8243; img_size=&#8221;full&#8221; el_class=&#8221;img-header-small&#8221;][\/vc_column][\/vc_row][vc_row el_class=&#8221;sezione&#8221;][vc_column width=&#8221;2\/12&#8243;][\/vc_column][vc_column width=&#8221;8\/12&#8243;][vc_column_text el_class=&#8221;red&#8221;] APRENDA ITALIANO VIVENDO A IT\u00c1LIA [\/vc_column_text][vc_column_text]Voc\u00ea gostaria de aprender italiano enquanto se deixa envolver pela beleza e pelo fasc\u00ednio das cidades de Floren\u00e7a e Mil\u00e3o? A Linguaviva lhe oferece a oportunidade de viver uma experi\u00eancia de estudo inesquec\u00edvel na It\u00e1lia. Voc\u00ea prefere [&hellip;]<\/p>\n","protected":false},"author":4,"featured_media":0,"parent":0,"menu_order":-1,"comment_status":"closed","ping_status":"closed","template":"","meta":{"inline_featured_image":false,"footnotes":""},"class_list":["post-3372","page","type-page","status-publish","hentry"],"yoast_head":"<!-- This site is optimized with the Yoast SEO plugin v27.2 - https:\/\/yoast.com\/product\/yoast-seo-wordpress\/ -->\n<title>APRENDA ITALIANO VIVENDO A IT\u00c1LIA | Linguaviva Educational Group<\/title>\n<meta name=\"description\" content=\"Voc\u00ea gostaria de aprender italiano enquanto se deixa envolver pela beleza e pelo fasc\u00ednio das cidades de Floren\u00e7a e Mil\u00e3o? A Linguaviva lhe oferece a oportunidade de viver uma experi\u00eancia de estudo inesquec\u00edvel na It\u00e1lia.\" \/>\n<meta name=\"robots\" content=\"index, follow, max-snippet:-1, max-image-preview:large, max-video-preview:-1\" \/>\n<link rel=\"canonical\" href=\"https:\/\/linguavivagroup.com\/pt-pt\/aprenda-italiano-vivendo-a-italia\/\" \/>\n<meta property=\"og:locale\" content=\"pt_PT\" \/>\n<meta property=\"og:type\" content=\"article\" \/>\n<meta property=\"og:title\" content=\"APRENDA ITALIANO VIVENDO A IT\u00c1LIA | Linguaviva Educational Group\" \/>\n<meta property=\"og:description\" content=\"Voc\u00ea gostaria de aprender italiano enquanto se deixa envolver pela beleza e pelo fasc\u00ednio das cidades de Floren\u00e7a e Mil\u00e3o? A Linguaviva lhe oferece a oportunidade de viver uma experi\u00eancia de estudo inesquec\u00edvel na It\u00e1lia.\" \/>\n<meta property=\"og:url\" content=\"https:\/\/linguavivagroup.com\/pt-pt\/aprenda-italiano-vivendo-a-italia\/\" \/>\n<meta property=\"og:site_name\" content=\"Linguaviva Educational Group\" \/>\n<meta property=\"article:modified_time\" content=\"2024-04-02T10:55:03+00:00\" \/>\n<meta property=\"og:image\" content=\"https:\/\/linguavivagroup.com\/wp-content\/uploads\/2023\/04\/Educational-group.jpg\" \/>\n\t<meta property=\"og:image:width\" content=\"1920\" \/>\n\t<meta property=\"og:image:height\" content=\"923\" \/>\n\t<meta property=\"og:image:type\" content=\"image\/jpeg\" \/>\n<meta name=\"twitter:card\" content=\"summary_large_image\" \/>\n<meta name=\"twitter:label1\" content=\"Tempo estimado de leitura\" \/>\n\t<meta name=\"twitter:data1\" content=\"3 minutos\" \/>\n<script type=\"application\/ld+json\" class=\"yoast-schema-graph\">{\"@context\":\"https:\/\/schema.org\",\"@graph\":[{\"@type\":\"WebPage\",\"@id\":\"https:\/\/linguavivagroup.com\/pt-pt\/aprenda-italiano-vivendo-a-italia\/\",\"url\":\"https:\/\/linguavivagroup.com\/pt-pt\/aprenda-italiano-vivendo-a-italia\/\",\"name\":\"APRENDA ITALIANO VIVENDO A IT\u00c1LIA | Linguaviva Educational Group\",\"isPartOf\":{\"@id\":\"https:\/\/linguavivagroup.com\/pt-pt\/#website\"},\"datePublished\":\"2023-07-25T13:47:10+00:00\",\"dateModified\":\"2024-04-02T10:55:03+00:00\",\"description\":\"Voc\u00ea gostaria de aprender italiano enquanto se deixa envolver pela beleza e pelo fasc\u00ednio das cidades de Floren\u00e7a e Mil\u00e3o? A Linguaviva lhe oferece a oportunidade de viver uma experi\u00eancia de estudo inesquec\u00edvel na It\u00e1lia.\",\"breadcrumb\":{\"@id\":\"https:\/\/linguavivagroup.com\/pt-pt\/aprenda-italiano-vivendo-a-italia\/#breadcrumb\"},\"inLanguage\":\"pt-PT\",\"potentialAction\":[{\"@type\":\"ReadAction\",\"target\":[\"https:\/\/linguavivagroup.com\/pt-pt\/aprenda-italiano-vivendo-a-italia\/\"]}]},{\"@type\":\"BreadcrumbList\",\"@id\":\"https:\/\/linguavivagroup.com\/pt-pt\/aprenda-italiano-vivendo-a-italia\/#breadcrumb\",\"itemListElement\":[{\"@type\":\"ListItem\",\"position\":1,\"name\":\"Home\",\"item\":\"https:\/\/linguavivagroup.com\/pt-pt\/\"},{\"@type\":\"ListItem\",\"position\":2,\"name\":\"APRENDA ITALIANO VIVENDO A IT\u00c1LIA\"}]},{\"@type\":\"WebSite\",\"@id\":\"https:\/\/linguavivagroup.com\/pt-pt\/#website\",\"url\":\"https:\/\/linguavivagroup.com\/pt-pt\/\",\"name\":\"Linguaviva Educational Group\",\"description\":\"Study and learn italian in italy\",\"publisher\":{\"@id\":\"https:\/\/linguavivagroup.com\/pt-pt\/#organization\"},\"potentialAction\":[{\"@type\":\"SearchAction\",\"target\":{\"@type\":\"EntryPoint\",\"urlTemplate\":\"https:\/\/linguavivagroup.com\/pt-pt\/?s={search_term_string}\"},\"query-input\":{\"@type\":\"PropertyValueSpecification\",\"valueRequired\":true,\"valueName\":\"search_term_string\"}}],\"inLanguage\":\"pt-PT\"},{\"@type\":\"Organization\",\"@id\":\"https:\/\/linguavivagroup.com\/pt-pt\/#organization\",\"name\":\"Linguaviva Educational Group\",\"url\":\"https:\/\/linguavivagroup.com\/pt-pt\/\",\"logo\":{\"@type\":\"ImageObject\",\"inLanguage\":\"pt-PT\",\"@id\":\"https:\/\/linguavivagroup.com\/pt-pt\/#\/schema\/logo\/image\/\",\"url\":\"https:\/\/linguavivagroup.com\/wp-content\/uploads\/2026\/03\/logo-linguaviva-bianco-50-260.png\",\"contentUrl\":\"https:\/\/linguavivagroup.com\/wp-content\/uploads\/2026\/03\/logo-linguaviva-bianco-50-260.png\",\"width\":260,\"height\":48,\"caption\":\"Linguaviva Educational Group\"},\"image\":{\"@id\":\"https:\/\/linguavivagroup.com\/pt-pt\/#\/schema\/logo\/image\/\"}}]}<\/script>\n<!-- \/ Yoast SEO plugin. -->","yoast_head_json":{"title":"APRENDA ITALIANO VIVENDO A IT\u00c1LIA | Linguaviva Educational Group","description":"Voc\u00ea gostaria de aprender italiano enquanto se deixa envolver pela beleza e pelo fasc\u00ednio das cidades de Floren\u00e7a e Mil\u00e3o? A Linguaviva lhe oferece a oportunidade de viver uma experi\u00eancia de estudo inesquec\u00edvel na It\u00e1lia.","robots":{"index":"index","follow":"follow","max-snippet":"max-snippet:-1","max-image-preview":"max-image-preview:large","max-video-preview":"max-video-preview:-1"},"canonical":"https:\/\/linguavivagroup.com\/pt-pt\/aprenda-italiano-vivendo-a-italia\/","og_locale":"pt_PT","og_type":"article","og_title":"APRENDA ITALIANO VIVENDO A IT\u00c1LIA | Linguaviva Educational Group","og_description":"Voc\u00ea gostaria de aprender italiano enquanto se deixa envolver pela beleza e pelo fasc\u00ednio das cidades de Floren\u00e7a e Mil\u00e3o? A Linguaviva lhe oferece a oportunidade de viver uma experi\u00eancia de estudo inesquec\u00edvel na It\u00e1lia.","og_url":"https:\/\/linguavivagroup.com\/pt-pt\/aprenda-italiano-vivendo-a-italia\/","og_site_name":"Linguaviva Educational Group","article_modified_time":"2024-04-02T10:55:03+00:00","og_image":[{"width":1920,"height":923,"url":"https:\/\/linguavivagroup.com\/wp-content\/uploads\/2023\/04\/Educational-group.jpg","type":"image\/jpeg"}],"twitter_card":"summary_large_image","twitter_misc":{"Tempo estimado de leitura":"3 minutos"},"schema":{"@context":"https:\/\/schema.org","@graph":[{"@type":"WebPage","@id":"https:\/\/linguavivagroup.com\/pt-pt\/aprenda-italiano-vivendo-a-italia\/","url":"https:\/\/linguavivagroup.com\/pt-pt\/aprenda-italiano-vivendo-a-italia\/","name":"APRENDA ITALIANO VIVENDO A IT\u00c1LIA | Linguaviva Educational Group","isPartOf":{"@id":"https:\/\/linguavivagroup.com\/pt-pt\/#website"},"datePublished":"2023-07-25T13:47:10+00:00","dateModified":"2024-04-02T10:55:03+00:00","description":"Voc\u00ea gostaria de aprender italiano enquanto se deixa envolver pela beleza e pelo fasc\u00ednio das cidades de Floren\u00e7a e Mil\u00e3o? A Linguaviva lhe oferece a oportunidade de viver uma experi\u00eancia de estudo inesquec\u00edvel na It\u00e1lia.","breadcrumb":{"@id":"https:\/\/linguavivagroup.com\/pt-pt\/aprenda-italiano-vivendo-a-italia\/#breadcrumb"},"inLanguage":"pt-PT","potentialAction":[{"@type":"ReadAction","target":["https:\/\/linguavivagroup.com\/pt-pt\/aprenda-italiano-vivendo-a-italia\/"]}]},{"@type":"BreadcrumbList","@id":"https:\/\/linguavivagroup.com\/pt-pt\/aprenda-italiano-vivendo-a-italia\/#breadcrumb","itemListElement":[{"@type":"ListItem","position":1,"name":"Home","item":"https:\/\/linguavivagroup.com\/pt-pt\/"},{"@type":"ListItem","position":2,"name":"APRENDA ITALIANO VIVENDO A IT\u00c1LIA"}]},{"@type":"WebSite","@id":"https:\/\/linguavivagroup.com\/pt-pt\/#website","url":"https:\/\/linguavivagroup.com\/pt-pt\/","name":"Linguaviva Educational Group","description":"Study and learn italian in italy","publisher":{"@id":"https:\/\/linguavivagroup.com\/pt-pt\/#organization"},"potentialAction":[{"@type":"SearchAction","target":{"@type":"EntryPoint","urlTemplate":"https:\/\/linguavivagroup.com\/pt-pt\/?s={search_term_string}"},"query-input":{"@type":"PropertyValueSpecification","valueRequired":true,"valueName":"search_term_string"}}],"inLanguage":"pt-PT"},{"@type":"Organization","@id":"https:\/\/linguavivagroup.com\/pt-pt\/#organization","name":"Linguaviva Educational Group","url":"https:\/\/linguavivagroup.com\/pt-pt\/","logo":{"@type":"ImageObject","inLanguage":"pt-PT","@id":"https:\/\/linguavivagroup.com\/pt-pt\/#\/schema\/logo\/image\/","url":"https:\/\/linguavivagroup.com\/wp-content\/uploads\/2026\/03\/logo-linguaviva-bianco-50-260.png","contentUrl":"https:\/\/linguavivagroup.com\/wp-content\/uploads\/2026\/03\/logo-linguaviva-bianco-50-260.png","width":260,"height":48,"caption":"Linguaviva Educational Group"},"image":{"@id":"https:\/\/linguavivagroup.com\/pt-pt\/#\/schema\/logo\/image\/"}}]}},"_links":{"self":[{"href":"https:\/\/linguavivagroup.com\/pt-pt\/wp-json\/wp\/v2\/pages\/3372","targetHints":{"allow":["GET"]}}],"collection":[{"href":"https:\/\/linguavivagroup.com\/pt-pt\/wp-json\/wp\/v2\/pages"}],"about":[{"href":"https:\/\/linguavivagroup.com\/pt-pt\/wp-json\/wp\/v2\/types\/page"}],"author":[{"embeddable":true,"href":"https:\/\/linguavivagroup.com\/pt-pt\/wp-json\/wp\/v2\/users\/4"}],"replies":[{"embeddable":true,"href":"https:\/\/linguavivagroup.com\/pt-pt\/wp-json\/wp\/v2\/comments?post=3372"}],"version-history":[{"count":14,"href":"https:\/\/linguavivagroup.com\/pt-pt\/wp-json\/wp\/v2\/pages\/3372\/revisions"}],"predecessor-version":[{"id":8547,"href":"https:\/\/linguavivagroup.com\/pt-pt\/wp-json\/wp\/v2\/pages\/3372\/revisions\/8547"}],"wp:attachment":[{"href":"https:\/\/linguavivagroup.com\/pt-pt\/wp-json\/wp\/v2\/media?parent=3372"}],"curies":[{"name":"wp","href":"https:\/\/api.w.org\/{rel}","templated":true}]}}