{"id":3375,"date":"2023-07-25T16:15:36","date_gmt":"2023-07-25T14:15:36","guid":{"rendered":"https:\/\/linguavivagroup.com\/?page_id=3375"},"modified":"2024-04-02T15:20:08","modified_gmt":"2024-04-02T13:20:08","slug":"viagens-de-estudo-para-florenca","status":"publish","type":"page","link":"https:\/\/linguavivagroup.com\/pt-pt\/viagens-de-estudo-para-florenca\/","title":{"rendered":"VIAGENS DE ESTUDO PARA FLOREN\u00c7A"},"content":{"rendered":"<section class=\"wpb-content-wrapper\"><p>[vc_row full_width=&#8221;stretch_row_content_no_spaces&#8221; el_class=&#8221;header-image&#8221;][vc_column][vc_single_image image=&#8221;2594&#8243; img_size=&#8221;full&#8221; el_class=&#8221;img-header-big&#8221;][vc_single_image image=&#8221;2598&#8243; img_size=&#8221;full&#8221; el_class=&#8221;img-header-small&#8221;][\/vc_column][\/vc_row][vc_row el_class=&#8221;sezione&#8221;][vc_column width=&#8221;2\/12&#8243;][\/vc_column][vc_column width=&#8221;8\/12&#8243;][vc_column_text el_class=&#8221;red&#8221;]<\/p>\n<h1 style=\"text-align: center;\">VIAGENS DE ESTUDO PARA FLOREN\u00c7A<\/h1>\n<p>[\/vc_column_text][vc_column_text]Venha conosco para Floren\u00e7a. Uma cidade rica em hist\u00f3ria e tradi\u00e7\u00e3o, tanto em termos culturais quanto lingu\u00edsticos. Viva a experi\u00eancia de uma viagem de estudos emocionante e encante-se com as maravilhas atemporais de Floren\u00e7a enquanto aprende um dos idiomas mais bonitos do mundo: o italiano.[\/vc_column_text][\/vc_column][vc_column width=&#8221;2\/12&#8243;][\/vc_column][\/vc_row][vc_row full_width=&#8221;stretch_row&#8221; gap=&#8221;30&#8243; el_class=&#8221;sezione bg-red&#8221;][vc_column width=&#8221;5\/12&#8243;][vc_column_text el_class=&#8221;white&#8221;]<\/p>\n<h2>CURSOS DE ITALIANO E EXPERI\u00caNCIAS EM FLOREN\u00c7A<\/h2>\n<p>[\/vc_column_text][vc_column_text el_class=&#8221;white&#8221;]Na Linguaviva, voc\u00ea pode viver uma experi\u00eancia de estudo da l\u00edngua italiana sem igual em Floren\u00e7a. Oferecemos uma ampla variedade de cursos para atender \u00e0s suas necessidades, seja voc\u00ea iniciante ou um falante avan\u00e7ando querendo aperfei\u00e7oar as suas habilidades no idioma. Nossas aulas din\u00e2micas e interativas far\u00e3o voc\u00ea desenvolver habilidades de escuta, fala, leitura e escrita, enquanto mergulha na cultura italiana. Al\u00e9m das aulas em sala de aula, voc\u00ea ter\u00e1 a oportunidade de participar de caminhadas guiadas, oficinas de arte e cultura e saborear a deliciosa culin\u00e1ria local. Aproveite a nossa ampla oferta de cursos e descubra como Floren\u00e7a pode enriquecer os seus conhecimentos do idioma italiano.[\/vc_column_text][vc_btn title=&#8221;&#8221; align=&#8221;right&#8221; el_class=&#8221;btn-arrow-white&#8221; link=&#8221;url:https%3A%2F%2Flinguavivagroup.com%2Fpt-pt%2Fcursos-de-italiano-em-florenca%2F&#8221;][\/vc_column][vc_column width=&#8221;1\/12&#8243;][\/vc_column][vc_column width=&#8221;1\/2&#8243; el_class=&#8221;slideshow slideshow-small&#8221;][vc_images_carousel images=&#8221;2618,2622,2626,2630,2634&#8243; img_size=&#8221;full&#8221; onclick=&#8221;link_no&#8221; wrap=&#8221;yes&#8221;][vc_single_image image=&#8221;312&#8243; img_size=&#8221;full&#8221; el_class=&#8221;square square-small s-top-50 s-right-50&#8243;][vc_single_image image=&#8221;336&#8243; img_size=&#8221;full&#8221; el_class=&#8221;square square-small s-top-50 s-right50&#8243;][vc_single_image image=&#8221;336&#8243; img_size=&#8221;full&#8221; el_class=&#8221;square square-small s-top50 s-right-50&#8243;][vc_single_image image=&#8221;336&#8243; img_size=&#8221;full&#8221; el_class=&#8221;square square-small s-bottom-50 s-left-50&#8243;][\/vc_column][\/vc_row][vc_row full_width=&#8221;stretch_row&#8221; gap=&#8221;30&#8243; el_class=&#8221;sezione bg-red no-padding-bottom&#8221;][vc_column width=&#8221;6\/12&#8243; el_class=&#8221;slideshow slideshow-small&#8221;][vc_images_carousel images=&#8221;2602,2606,2610,2614&#8243; img_size=&#8221;full&#8221; onclick=&#8221;link_no&#8221; wrap=&#8221;yes&#8221;][vc_single_image image=&#8221;312&#8243; img_size=&#8221;full&#8221; el_class=&#8221;square square-small s-bottom-50 s-left-50&#8243;][vc_single_image image=&#8221;336&#8243; img_size=&#8221;full&#8221; el_class=&#8221;square square-small s-bottom-50 s-left50&#8243;][vc_single_image image=&#8221;336&#8243; img_size=&#8221;full&#8221; el_class=&#8221;square square-small s-bottom50 s-left-50&#8243;][vc_single_image image=&#8221;336&#8243; img_size=&#8221;full&#8221; el_class=&#8221;square square-small s-top-50 s-right-50&#8243;][\/vc_column][vc_column width=&#8221;1\/12&#8243;][\/vc_column][vc_column width=&#8221;5\/12&#8243;][vc_column_text el_class=&#8221;white&#8221;]<\/p>\n<h2>FLOREN\u00c7A: SEU PR\u00d3XIMO DESTINO<\/h2>\n<p>[\/vc_column_text][vc_column_text el_class=&#8221;white&#8221;]Floren\u00e7a, a cidade da arte e da cultura, encanta os visitantes com sua beleza eterna. Passeando por suas ruas de paralelep\u00edpedos, voc\u00ea se ver\u00e1 cercado por obras-primas da arquitetura renascentista e uma hist\u00f3ria que remonta a milhares de anos. Admire a grandiosidade da Catedral de Santa Maria del Fiore, perca-se nos tesouros das Galerias Uffizi e Accademia e aprecie a vista de tirar o f\u00f4lego da Ponte Vecchio. Respire a atmosfera m\u00e1gica da Piazza della Signoria e entregue-se \u00e0 animada vida noturna da cidade de Floren\u00e7a. Floren\u00e7a espera por voc\u00ea com ruas repletas de arte e cultura, com uma surpresa a cada esquina.[\/vc_column_text][vc_btn title=&#8221;&#8221; align=&#8221;right&#8221; el_class=&#8221;btn-arrow-white&#8221; link=&#8221;url:https%3A%2F%2Flinguavivagroup.com%2Fpt-pt%2Fdestino-florenca%2F&#8221;][\/vc_column][\/vc_row][vc_row full_width=&#8221;stretch_row&#8221; gap=&#8221;30&#8243; el_class=&#8221;sezione bg-light-grey&#8221;][vc_column width=&#8221;1\/2&#8243; el_class=&#8221;slideshow slideshow-small&#8221;][vc_images_carousel images=&#8221;2638,2642,2646,2650&#8243; img_size=&#8221;full&#8221; onclick=&#8221;link_no&#8221; wrap=&#8221;yes&#8221;][\/vc_column][vc_column width=&#8221;1\/12&#8243;][\/vc_column][vc_column width=&#8221;5\/12&#8243;][vc_column_text el_class=&#8221;red&#8221;]<\/p>\n<h2>ACOMODA\u00c7\u00c3O EM FLOREN\u00c7A<\/h2>\n<p>[\/vc_column_text][vc_column_text]Em Floren\u00e7a, a Linguaviva oferece v\u00e1rias op\u00e7\u00f5es de acomoda\u00e7\u00e3o para voc\u00ea ter uma estadia confort\u00e1vel e aut\u00eantica. Voc\u00ea pode optar por se hospedar em casas de fam\u00edlias italianas, mergulhando totalmente na cultura local e praticando o idioma italiano em um ambiente aut\u00eantico e acolhedor. Se preferir ter mais independ\u00eancia, pode optar por um apartamento compartilhado com outros estudantes internacionais, compartilhando experi\u00eancias culturais e praticando o idioma em um ambiente cheio de vida. Para aqueles que buscam o m\u00e1ximo de autonomia, tamb\u00e9m oferecemos a op\u00e7\u00e3o de um apartamento individual, onde voc\u00ea pode criar o seu pr\u00f3prio espa\u00e7o e viver a experi\u00eancia de imers\u00e3o na cultura italiana no seu pr\u00f3prio ritmo. Escolha a acomoda\u00e7\u00e3o que melhor atenda \u00e0s suas necessidades e aproveite ao m\u00e1ximo sua estadia de estudos em Floren\u00e7a.[\/vc_column_text][vc_btn title=&#8221;&#8221; align=&#8221;right&#8221; el_class=&#8221;btn-arrow-red&#8221; link=&#8221;url:https%3A%2F%2Flinguavivagroup.com%2Fpt-pt%2Facomodacao-em-florenca%2F&#8221;][\/vc_column][\/vc_row][vc_row][vc_column][vc_empty_space height=&#8221;90px&#8221;][\/vc_column][\/vc_row][vc_row full_width=&#8221;stretch_row&#8221; el_class=&#8221;sezione bg-white-blue&#8221;][vc_column width=&#8221;1\/12&#8243;][\/vc_column][vc_column width=&#8221;5\/12&#8243;][vc_column_text el_class=&#8221;white&#8221;]<\/p>\n<h2>FEES<\/h2>\n<p>[\/vc_column_text][vc_column_text el_class=&#8221;white&#8221;]Descubra os pre\u00e7os da estadia de estudo na It\u00e1lia com a Linguaviva.[\/vc_column_text][vc_btn title=&#8221;&#8221; align=&#8221;right&#8221; el_class=&#8221;btn-arrow-white&#8221; link=&#8221;url:https%3A%2F%2Flinguavivagroup.com%2Fpt-pt%2Ffees%2F&#8221;][\/vc_column][vc_column width=&#8221;1\/2&#8243;][\/vc_column][\/vc_row][vc_row][vc_column][vc_empty_space height=&#8221;90px&#8221;][\/vc_column][\/vc_row][vc_row full_width=&#8221;stretch_row_content_no_spaces&#8221;][vc_column][vc_single_image image=&#8221;1550&#8243; img_size=&#8221;full&#8221; el_class=&#8221;no-margin&#8221;][vc_row_inner el_class=&#8221;text-banner-destination&#8221;][vc_column_inner][vc_column_text]<\/p>\n<h2>DESCUBRA<br \/>\nMIL\u00c3O<\/h2>\n<p>[\/vc_column_text][vc_btn title=&#8221;&#8221; align=&#8221;right&#8221; el_class=&#8221;btn-arrow-white&#8221; link=&#8221;url:https%3A%2F%2Flinguavivagroup.com%2Fpt-pt%2Fviagens-de-estudo-para-milao%2F&#8221;][vc_raw_html]JTNDc3R5bGUlM0UlMEEuZm9vdGVyLWZvcm0lMjAlN0JkaXNwbGF5JTNBJTIwbm9uZSUzQiU3RCUwQSUzQyUyRnN0eWxlJTNF[\/vc_raw_html][\/vc_column_inner][\/vc_row_inner][\/vc_column][\/vc_row]<\/p>\n<\/section>","protected":false},"excerpt":{"rendered":"<p>[vc_row full_width=&#8221;stretch_row_content_no_spaces&#8221; el_class=&#8221;header-image&#8221;][vc_column][vc_single_image image=&#8221;2594&#8243; img_size=&#8221;full&#8221; el_class=&#8221;img-header-big&#8221;][vc_single_image image=&#8221;2598&#8243; img_size=&#8221;full&#8221; el_class=&#8221;img-header-small&#8221;][\/vc_column][\/vc_row][vc_row el_class=&#8221;sezione&#8221;][vc_column width=&#8221;2\/12&#8243;][\/vc_column][vc_column width=&#8221;8\/12&#8243;][vc_column_text el_class=&#8221;red&#8221;] VIAGENS DE ESTUDO PARA FLOREN\u00c7A [\/vc_column_text][vc_column_text]Venha conosco para Floren\u00e7a. Uma cidade rica em hist\u00f3ria e tradi\u00e7\u00e3o, tanto em termos culturais quanto lingu\u00edsticos. Viva a experi\u00eancia de uma viagem de estudos emocionante e encante-se com as maravilhas atemporais de Floren\u00e7a enquanto aprende um [&hellip;]<\/p>\n","protected":false},"author":4,"featured_media":0,"parent":0,"menu_order":-1,"comment_status":"closed","ping_status":"closed","template":"","meta":{"inline_featured_image":false,"footnotes":""},"class_list":["post-3375","page","type-page","status-publish","hentry"],"yoast_head":"<!-- This site is optimized with the Yoast SEO plugin v27.2 - https:\/\/yoast.com\/product\/yoast-seo-wordpress\/ -->\n<title>VIAGENS DE ESTUDO PARA FLOREN\u00c7A | Linguaviva Educational Group<\/title>\n<meta name=\"description\" content=\"Viva a experi\u00eancia de uma viagem de estudos emocionante e encante-se com as maravilhas atemporais de Floren\u00e7a enquanto aprende um dos idiomas mais bonitos do mundo: o italiano.\" \/>\n<meta name=\"robots\" content=\"index, follow, max-snippet:-1, max-image-preview:large, max-video-preview:-1\" \/>\n<link rel=\"canonical\" href=\"https:\/\/linguavivagroup.com\/pt-pt\/viagens-de-estudo-para-florenca\/\" \/>\n<meta property=\"og:locale\" content=\"pt_PT\" \/>\n<meta property=\"og:type\" content=\"article\" \/>\n<meta property=\"og:title\" content=\"VIAGENS DE ESTUDO PARA FLOREN\u00c7A | Linguaviva Educational Group\" \/>\n<meta property=\"og:description\" content=\"Viva a experi\u00eancia de uma viagem de estudos emocionante e encante-se com as maravilhas atemporais de Floren\u00e7a enquanto aprende um dos idiomas mais bonitos do mundo: o italiano.\" \/>\n<meta property=\"og:url\" content=\"https:\/\/linguavivagroup.com\/pt-pt\/viagens-de-estudo-para-florenca\/\" \/>\n<meta property=\"og:site_name\" content=\"Linguaviva Educational Group\" \/>\n<meta property=\"article:modified_time\" content=\"2024-04-02T13:20:08+00:00\" \/>\n<meta property=\"og:image\" content=\"https:\/\/linguavivagroup.com\/wp-content\/uploads\/2023\/04\/Educational-group.jpg\" \/>\n\t<meta property=\"og:image:width\" content=\"1920\" \/>\n\t<meta property=\"og:image:height\" content=\"923\" \/>\n\t<meta property=\"og:image:type\" content=\"image\/jpeg\" \/>\n<meta name=\"twitter:card\" content=\"summary_large_image\" \/>\n<meta name=\"twitter:label1\" content=\"Tempo estimado de leitura\" \/>\n\t<meta name=\"twitter:data1\" content=\"3 minutos\" \/>\n<script type=\"application\/ld+json\" class=\"yoast-schema-graph\">{\"@context\":\"https:\/\/schema.org\",\"@graph\":[{\"@type\":\"WebPage\",\"@id\":\"https:\/\/linguavivagroup.com\/pt-pt\/viagens-de-estudo-para-florenca\/\",\"url\":\"https:\/\/linguavivagroup.com\/pt-pt\/viagens-de-estudo-para-florenca\/\",\"name\":\"VIAGENS DE ESTUDO PARA FLOREN\u00c7A | Linguaviva Educational Group\",\"isPartOf\":{\"@id\":\"https:\/\/linguavivagroup.com\/pt-pt\/#website\"},\"datePublished\":\"2023-07-25T14:15:36+00:00\",\"dateModified\":\"2024-04-02T13:20:08+00:00\",\"description\":\"Viva a experi\u00eancia de uma viagem de estudos emocionante e encante-se com as maravilhas atemporais de Floren\u00e7a enquanto aprende um dos idiomas mais bonitos do mundo: o italiano.\",\"breadcrumb\":{\"@id\":\"https:\/\/linguavivagroup.com\/pt-pt\/viagens-de-estudo-para-florenca\/#breadcrumb\"},\"inLanguage\":\"pt-PT\",\"potentialAction\":[{\"@type\":\"ReadAction\",\"target\":[\"https:\/\/linguavivagroup.com\/pt-pt\/viagens-de-estudo-para-florenca\/\"]}]},{\"@type\":\"BreadcrumbList\",\"@id\":\"https:\/\/linguavivagroup.com\/pt-pt\/viagens-de-estudo-para-florenca\/#breadcrumb\",\"itemListElement\":[{\"@type\":\"ListItem\",\"position\":1,\"name\":\"Home\",\"item\":\"https:\/\/linguavivagroup.com\/pt-pt\/\"},{\"@type\":\"ListItem\",\"position\":2,\"name\":\"VIAGENS DE ESTUDO PARA FLOREN\u00c7A\"}]},{\"@type\":\"WebSite\",\"@id\":\"https:\/\/linguavivagroup.com\/pt-pt\/#website\",\"url\":\"https:\/\/linguavivagroup.com\/pt-pt\/\",\"name\":\"Linguaviva Educational Group\",\"description\":\"Study and learn italian in italy\",\"publisher\":{\"@id\":\"https:\/\/linguavivagroup.com\/pt-pt\/#organization\"},\"potentialAction\":[{\"@type\":\"SearchAction\",\"target\":{\"@type\":\"EntryPoint\",\"urlTemplate\":\"https:\/\/linguavivagroup.com\/pt-pt\/?s={search_term_string}\"},\"query-input\":{\"@type\":\"PropertyValueSpecification\",\"valueRequired\":true,\"valueName\":\"search_term_string\"}}],\"inLanguage\":\"pt-PT\"},{\"@type\":\"Organization\",\"@id\":\"https:\/\/linguavivagroup.com\/pt-pt\/#organization\",\"name\":\"Linguaviva Educational Group\",\"url\":\"https:\/\/linguavivagroup.com\/pt-pt\/\",\"logo\":{\"@type\":\"ImageObject\",\"inLanguage\":\"pt-PT\",\"@id\":\"https:\/\/linguavivagroup.com\/pt-pt\/#\/schema\/logo\/image\/\",\"url\":\"https:\/\/linguavivagroup.com\/wp-content\/uploads\/2026\/03\/logo-linguaviva-bianco-50-260.png\",\"contentUrl\":\"https:\/\/linguavivagroup.com\/wp-content\/uploads\/2026\/03\/logo-linguaviva-bianco-50-260.png\",\"width\":260,\"height\":48,\"caption\":\"Linguaviva Educational Group\"},\"image\":{\"@id\":\"https:\/\/linguavivagroup.com\/pt-pt\/#\/schema\/logo\/image\/\"}}]}<\/script>\n<!-- \/ Yoast SEO plugin. -->","yoast_head_json":{"title":"VIAGENS DE ESTUDO PARA FLOREN\u00c7A | Linguaviva Educational Group","description":"Viva a experi\u00eancia de uma viagem de estudos emocionante e encante-se com as maravilhas atemporais de Floren\u00e7a enquanto aprende um dos idiomas mais bonitos do mundo: o italiano.","robots":{"index":"index","follow":"follow","max-snippet":"max-snippet:-1","max-image-preview":"max-image-preview:large","max-video-preview":"max-video-preview:-1"},"canonical":"https:\/\/linguavivagroup.com\/pt-pt\/viagens-de-estudo-para-florenca\/","og_locale":"pt_PT","og_type":"article","og_title":"VIAGENS DE ESTUDO PARA FLOREN\u00c7A | Linguaviva Educational Group","og_description":"Viva a experi\u00eancia de uma viagem de estudos emocionante e encante-se com as maravilhas atemporais de Floren\u00e7a enquanto aprende um dos idiomas mais bonitos do mundo: o italiano.","og_url":"https:\/\/linguavivagroup.com\/pt-pt\/viagens-de-estudo-para-florenca\/","og_site_name":"Linguaviva Educational Group","article_modified_time":"2024-04-02T13:20:08+00:00","og_image":[{"width":1920,"height":923,"url":"https:\/\/linguavivagroup.com\/wp-content\/uploads\/2023\/04\/Educational-group.jpg","type":"image\/jpeg"}],"twitter_card":"summary_large_image","twitter_misc":{"Tempo estimado de leitura":"3 minutos"},"schema":{"@context":"https:\/\/schema.org","@graph":[{"@type":"WebPage","@id":"https:\/\/linguavivagroup.com\/pt-pt\/viagens-de-estudo-para-florenca\/","url":"https:\/\/linguavivagroup.com\/pt-pt\/viagens-de-estudo-para-florenca\/","name":"VIAGENS DE ESTUDO PARA FLOREN\u00c7A | Linguaviva Educational Group","isPartOf":{"@id":"https:\/\/linguavivagroup.com\/pt-pt\/#website"},"datePublished":"2023-07-25T14:15:36+00:00","dateModified":"2024-04-02T13:20:08+00:00","description":"Viva a experi\u00eancia de uma viagem de estudos emocionante e encante-se com as maravilhas atemporais de Floren\u00e7a enquanto aprende um dos idiomas mais bonitos do mundo: o italiano.","breadcrumb":{"@id":"https:\/\/linguavivagroup.com\/pt-pt\/viagens-de-estudo-para-florenca\/#breadcrumb"},"inLanguage":"pt-PT","potentialAction":[{"@type":"ReadAction","target":["https:\/\/linguavivagroup.com\/pt-pt\/viagens-de-estudo-para-florenca\/"]}]},{"@type":"BreadcrumbList","@id":"https:\/\/linguavivagroup.com\/pt-pt\/viagens-de-estudo-para-florenca\/#breadcrumb","itemListElement":[{"@type":"ListItem","position":1,"name":"Home","item":"https:\/\/linguavivagroup.com\/pt-pt\/"},{"@type":"ListItem","position":2,"name":"VIAGENS DE ESTUDO PARA FLOREN\u00c7A"}]},{"@type":"WebSite","@id":"https:\/\/linguavivagroup.com\/pt-pt\/#website","url":"https:\/\/linguavivagroup.com\/pt-pt\/","name":"Linguaviva Educational Group","description":"Study and learn italian in italy","publisher":{"@id":"https:\/\/linguavivagroup.com\/pt-pt\/#organization"},"potentialAction":[{"@type":"SearchAction","target":{"@type":"EntryPoint","urlTemplate":"https:\/\/linguavivagroup.com\/pt-pt\/?s={search_term_string}"},"query-input":{"@type":"PropertyValueSpecification","valueRequired":true,"valueName":"search_term_string"}}],"inLanguage":"pt-PT"},{"@type":"Organization","@id":"https:\/\/linguavivagroup.com\/pt-pt\/#organization","name":"Linguaviva Educational Group","url":"https:\/\/linguavivagroup.com\/pt-pt\/","logo":{"@type":"ImageObject","inLanguage":"pt-PT","@id":"https:\/\/linguavivagroup.com\/pt-pt\/#\/schema\/logo\/image\/","url":"https:\/\/linguavivagroup.com\/wp-content\/uploads\/2026\/03\/logo-linguaviva-bianco-50-260.png","contentUrl":"https:\/\/linguavivagroup.com\/wp-content\/uploads\/2026\/03\/logo-linguaviva-bianco-50-260.png","width":260,"height":48,"caption":"Linguaviva Educational Group"},"image":{"@id":"https:\/\/linguavivagroup.com\/pt-pt\/#\/schema\/logo\/image\/"}}]}},"_links":{"self":[{"href":"https:\/\/linguavivagroup.com\/pt-pt\/wp-json\/wp\/v2\/pages\/3375","targetHints":{"allow":["GET"]}}],"collection":[{"href":"https:\/\/linguavivagroup.com\/pt-pt\/wp-json\/wp\/v2\/pages"}],"about":[{"href":"https:\/\/linguavivagroup.com\/pt-pt\/wp-json\/wp\/v2\/types\/page"}],"author":[{"embeddable":true,"href":"https:\/\/linguavivagroup.com\/pt-pt\/wp-json\/wp\/v2\/users\/4"}],"replies":[{"embeddable":true,"href":"https:\/\/linguavivagroup.com\/pt-pt\/wp-json\/wp\/v2\/comments?post=3375"}],"version-history":[{"count":6,"href":"https:\/\/linguavivagroup.com\/pt-pt\/wp-json\/wp\/v2\/pages\/3375\/revisions"}],"predecessor-version":[{"id":8403,"href":"https:\/\/linguavivagroup.com\/pt-pt\/wp-json\/wp\/v2\/pages\/3375\/revisions\/8403"}],"wp:attachment":[{"href":"https:\/\/linguavivagroup.com\/pt-pt\/wp-json\/wp\/v2\/media?parent=3375"}],"curies":[{"name":"wp","href":"https:\/\/api.w.org\/{rel}","templated":true}]}}