{"id":3378,"date":"2023-07-25T16:06:51","date_gmt":"2023-07-25T14:06:51","guid":{"rendered":"https:\/\/linguavivagroup.com\/?page_id=3378"},"modified":"2024-04-02T15:23:24","modified_gmt":"2024-04-02T13:23:24","slug":"viagens-de-estudo-para-milao","status":"publish","type":"page","link":"https:\/\/linguavivagroup.com\/pt-pt\/viagens-de-estudo-para-milao\/","title":{"rendered":"VIAGENS DE ESTUDO PARA MIL\u00c3O"},"content":{"rendered":"<section class=\"wpb-content-wrapper\"><p>[vc_row full_width=&#8221;stretch_row_content_no_spaces&#8221; el_class=&#8221;header-image&#8221;][vc_column][vc_single_image image=&#8221;2522&#8243; img_size=&#8221;full&#8221; el_class=&#8221;img-header-big&#8221;][vc_single_image image=&#8221;2518&#8243; img_size=&#8221;full&#8221; el_class=&#8221;img-header-small&#8221;][\/vc_column][\/vc_row][vc_row el_class=&#8221;sezione&#8221;][vc_column width=&#8221;2\/12&#8243;][\/vc_column][vc_column width=&#8221;8\/12&#8243;][vc_column_text el_class=&#8221;red&#8221;]<\/p>\n<h1 style=\"text-align: center;\">VIAGENS DE ESTUDO PARA MIL\u00c3O<\/h1>\n<p>[\/vc_column_text][vc_column_text]Venha conosco viver uma experi\u00eancia de estudo em Mil\u00e3o, uma metr\u00f3pole cosmopolita onde arte, moda e cultura se encontram para criar um ambiente din\u00e2mico e exclusivo. Escolha viver uma experi\u00eancia de estudo inesquec\u00edvel, aprenda o idioma italiano e descubra o charme \u00fanico dessa cidade extraordin\u00e1ria.[\/vc_column_text][\/vc_column][vc_column width=&#8221;2\/12&#8243;][\/vc_column][\/vc_row][vc_row full_width=&#8221;stretch_row&#8221; gap=&#8221;30&#8243; el_class=&#8221;sezione bg-red&#8221;][vc_column width=&#8221;5\/12&#8243;][vc_column_text el_class=&#8221;white&#8221;]<\/p>\n<h2>CURSOS DE ITALIANO E EXPERI\u00caNCIAS EM MIL\u00c3O<\/h2>\n<p>[\/vc_column_text][vc_column_text el_class=&#8221;white&#8221;]A Linguaviva oferece a voc\u00ea a oportunidade de estudar o idioma italiano em uma das cidades mais din\u00e2micas da It\u00e1lia: Mil\u00e3o. Com os nossos cursos, voc\u00ea poder\u00e1 aprimorar suas habilidades lingu\u00edsticas de maneira eficaz e cativante. Al\u00e9m das aulas em sala de aula, voc\u00ea pode participar de atividades culturais personalizadas, visitas guiadas a museus e galerias de arte, al\u00e9m de descobrir o lado mais moderno de Mil\u00e3o por meio de experi\u00eancias exclusivas envolvendo moda e design. Com a nossa metodologia de ensino inovadora, voc\u00ea aprender\u00e1 italiano de forma divertida e pr\u00e1tica, enquanto aproveita o clima animado de Mil\u00e3o.[\/vc_column_text][vc_btn title=&#8221;&#8221; align=&#8221;right&#8221; el_class=&#8221;btn-arrow-white&#8221; link=&#8221;url:https%3A%2F%2Flinguavivagroup.com%2Fpt-pt%2Fcursos-de-italiano-em-milao%2F&#8221;][\/vc_column][vc_column width=&#8221;1\/12&#8243;][\/vc_column][vc_column width=&#8221;1\/2&#8243; el_class=&#8221;slideshow slideshow-small&#8221;][vc_images_carousel images=&#8221;2546,2550,2554,2558,2562&#8243; img_size=&#8221;full&#8221; onclick=&#8221;link_no&#8221; wrap=&#8221;yes&#8221;][vc_single_image image=&#8221;312&#8243; img_size=&#8221;full&#8221; el_class=&#8221;square square-small s-top-50 s-right-50&#8243;][vc_single_image image=&#8221;336&#8243; img_size=&#8221;full&#8221; el_class=&#8221;square square-small s-top-50 s-right50&#8243;][vc_single_image image=&#8221;336&#8243; img_size=&#8221;full&#8221; el_class=&#8221;square square-small s-top50 s-right-50&#8243;][vc_single_image image=&#8221;336&#8243; img_size=&#8221;full&#8221; el_class=&#8221;square square-small s-bottom-50 s-left-50&#8243;][\/vc_column][\/vc_row][vc_row full_width=&#8221;stretch_row&#8221; gap=&#8221;30&#8243; el_class=&#8221;sezione bg-red no-padding-bottom&#8221;][vc_column width=&#8221;6\/12&#8243; el_class=&#8221;slideshow slideshow-small&#8221;][vc_images_carousel images=&#8221;2526,2530,2534,2538,2542&#8243; img_size=&#8221;full&#8221; onclick=&#8221;link_no&#8221; wrap=&#8221;yes&#8221;][vc_single_image image=&#8221;312&#8243; img_size=&#8221;full&#8221; el_class=&#8221;square square-small s-bottom-50 s-left-50&#8243;][vc_single_image image=&#8221;336&#8243; img_size=&#8221;full&#8221; el_class=&#8221;square square-small s-bottom-50 s-left50&#8243;][vc_single_image image=&#8221;336&#8243; img_size=&#8221;full&#8221; el_class=&#8221;square square-small s-bottom50 s-left-50&#8243;][vc_single_image image=&#8221;336&#8243; img_size=&#8221;full&#8221; el_class=&#8221;square square-small s-top-50 s-right-50&#8243;][\/vc_column][vc_column width=&#8221;1\/12&#8243;][\/vc_column][vc_column width=&#8221;5\/12&#8243;][vc_column_text el_class=&#8221;white&#8221;]<\/p>\n<h2>MIL\u00c3O: SEU PR\u00d3XIMO DESTINO<\/h2>\n<p>[\/vc_column_text][vc_column_text el_class=&#8221;white&#8221;]Mil\u00e3o, a capital italiana da moda e do design, espera por voc\u00ea com seu estilo cosmopolita e energia cheia de vida. Aqui, entre arranha-c\u00e9us modernos e edif\u00edcios antigos, voc\u00ea mergulhar\u00e1 em uma combina\u00e7\u00e3o \u00fanica de hist\u00f3ria e inova\u00e7\u00e3o. Admire a magnific\u00eancia do Duomo, passeie pela Galleria Vittorio Emanuele II e descubra obras de arte modernas no bairro de Brera. Explore as lojas de alta costura da Via Montenapoleone, saboreie a culin\u00e1ria milanesa e vivencie a atmosfera agitada da cidade. Mil\u00e3o \u00e9 o lugar perfeito para uma experi\u00eancia urbana sofisticada que deixar\u00e1 voc\u00ea sem palavras.[\/vc_column_text][vc_btn title=&#8221;&#8221; align=&#8221;right&#8221; el_class=&#8221;btn-arrow-white&#8221; link=&#8221;url:https%3A%2F%2Flinguavivagroup.com%2Fpt-pt%2Fdestino-milao%2F&#8221;][\/vc_column][\/vc_row][vc_row full_width=&#8221;stretch_row&#8221; gap=&#8221;30&#8243; el_class=&#8221;sezione bg-light-grey&#8221;][vc_column width=&#8221;1\/2&#8243; el_class=&#8221;slideshow slideshow-small&#8221;][vc_images_carousel images=&#8221;2566,2570,2574,2578,2582&#8243; img_size=&#8221;full&#8221; onclick=&#8221;link_no&#8221; wrap=&#8221;yes&#8221;][\/vc_column][vc_column width=&#8221;1\/12&#8243;][\/vc_column][vc_column width=&#8221;5\/12&#8243;][vc_column_text el_class=&#8221;red&#8221;]<\/p>\n<h2>ACOMODA\u00c7\u00c3O EM MIL\u00c3O<\/h2>\n<p>[\/vc_column_text][vc_column_text]Oferecemos v\u00e1rias op\u00e7\u00f5es de acomoda\u00e7\u00e3o para garantir que a sua estadia seja agrad\u00e1vel, confort\u00e1vel e adequada \u00e0s suas necessidades. Ao escolher hospedar com fam\u00edlias italianas em Mil\u00e3o, voc\u00ea mergulhar\u00e1 na cultura local e praticar\u00e1 o idioma italiano em um ambiente familiar e acolhedor. Se quiser uma estadia com mais independ\u00eancia, poder\u00e1 dividir um apartamento com outros estudantes internacionais, criando la\u00e7os e compartilhando experi\u00eancias \u00fanicas na animada atmosfera milanesa. Alternativamente, voc\u00ea tamb\u00e9m pode optar por uma resid\u00eancia ou acomoda\u00e7\u00e3o em apartamento individual, onde ter\u00e1 a liberdade de explorar a cidade no seu pr\u00f3prio ritmo. Escolha a acomoda\u00e7\u00e3o que melhor se adapte \u00e0s suas prefer\u00eancias e aproveite ao m\u00e1ximo seu per\u00edodo de estudos em Mil\u00e3o.[\/vc_column_text][vc_btn title=&#8221;&#8221; align=&#8221;right&#8221; el_class=&#8221;btn-arrow-red&#8221; link=&#8221;url:https%3A%2F%2Flinguavivagroup.com%2Fpt-pt%2Facomodacao-em-milao%2F&#8221;][\/vc_column][\/vc_row][vc_row][vc_column][vc_empty_space height=&#8221;90px&#8221;][\/vc_column][\/vc_row][vc_row full_width=&#8221;stretch_row&#8221; el_class=&#8221;sezione bg-white-blue&#8221;][vc_column width=&#8221;1\/12&#8243;][\/vc_column][vc_column width=&#8221;5\/12&#8243;][vc_column_text el_class=&#8221;white&#8221;]<\/p>\n<h2>FEES<\/h2>\n<p>[\/vc_column_text][vc_column_text el_class=&#8221;white&#8221;]Descubra os pre\u00e7os da estadia de estudo na It\u00e1lia com a Linguaviva.[\/vc_column_text][vc_btn title=&#8221;&#8221; align=&#8221;right&#8221; el_class=&#8221;btn-arrow-white&#8221; link=&#8221;url:https%3A%2F%2Flinguavivagroup.com%2Fpt-pt%2Ffees%2F&#8221;][\/vc_column][vc_column width=&#8221;1\/2&#8243;][\/vc_column][\/vc_row][vc_row][vc_column][vc_empty_space height=&#8221;90px&#8221;][\/vc_column][\/vc_row][vc_row full_width=&#8221;stretch_row_content_no_spaces&#8221;][vc_column][vc_single_image image=&#8221;2787&#8243; img_size=&#8221;full&#8221; el_class=&#8221;no-margin&#8221;][vc_row_inner el_class=&#8221;text-banner-destination&#8221;][vc_column_inner][vc_column_text]<\/p>\n<h2>DESCUBRA<br \/>\nFLOREN\u00c7A<\/h2>\n<p>[\/vc_column_text][vc_btn title=&#8221;&#8221; align=&#8221;right&#8221; el_class=&#8221;btn-arrow-white&#8221; link=&#8221;url:https%3A%2F%2Flinguavivagroup.com%2Fpt-pt%2Fviagens-de-estudo-para-florenca%2F&#8221;][vc_raw_html]JTNDc3R5bGUlM0UlMEEuZm9vdGVyLWZvcm0lMjAlN0JkaXNwbGF5JTNBJTIwbm9uZSUzQiU3RCUwQSUzQyUyRnN0eWxlJTNF[\/vc_raw_html][\/vc_column_inner][\/vc_row_inner][\/vc_column][\/vc_row]<\/p>\n<\/section>","protected":false},"excerpt":{"rendered":"<p>[vc_row full_width=&#8221;stretch_row_content_no_spaces&#8221; el_class=&#8221;header-image&#8221;][vc_column][vc_single_image image=&#8221;2522&#8243; img_size=&#8221;full&#8221; el_class=&#8221;img-header-big&#8221;][vc_single_image image=&#8221;2518&#8243; img_size=&#8221;full&#8221; el_class=&#8221;img-header-small&#8221;][\/vc_column][\/vc_row][vc_row el_class=&#8221;sezione&#8221;][vc_column width=&#8221;2\/12&#8243;][\/vc_column][vc_column width=&#8221;8\/12&#8243;][vc_column_text el_class=&#8221;red&#8221;] VIAGENS DE ESTUDO PARA MIL\u00c3O [\/vc_column_text][vc_column_text]Venha conosco viver uma experi\u00eancia de estudo em Mil\u00e3o, uma metr\u00f3pole cosmopolita onde arte, moda e cultura se encontram para criar um ambiente din\u00e2mico e exclusivo. Escolha viver uma experi\u00eancia de estudo inesquec\u00edvel, aprenda o idioma italiano [&hellip;]<\/p>\n","protected":false},"author":4,"featured_media":0,"parent":0,"menu_order":-1,"comment_status":"closed","ping_status":"closed","template":"","meta":{"inline_featured_image":false,"footnotes":""},"class_list":["post-3378","page","type-page","status-publish","hentry"],"yoast_head":"<!-- This site is optimized with the Yoast SEO plugin v27.2 - https:\/\/yoast.com\/product\/yoast-seo-wordpress\/ -->\n<title>VIAGENS DE ESTUDO PARA MIL\u00c3O | Linguaviva Educational Group<\/title>\n<meta name=\"description\" content=\"Venha conosco viver uma experi\u00eancia de estudo em Mil\u00e3o, uma metr\u00f3pole cosmopolita onde arte, moda e cultura se encontram para criar um ambiente din\u00e2mico e exclusivo.\" \/>\n<meta name=\"robots\" content=\"index, follow, max-snippet:-1, max-image-preview:large, max-video-preview:-1\" \/>\n<link rel=\"canonical\" href=\"https:\/\/linguavivagroup.com\/pt-pt\/viagens-de-estudo-para-milao\/\" \/>\n<meta property=\"og:locale\" content=\"pt_PT\" \/>\n<meta property=\"og:type\" content=\"article\" \/>\n<meta property=\"og:title\" content=\"VIAGENS DE ESTUDO PARA MIL\u00c3O | Linguaviva Educational Group\" \/>\n<meta property=\"og:description\" content=\"Venha conosco viver uma experi\u00eancia de estudo em Mil\u00e3o, uma metr\u00f3pole cosmopolita onde arte, moda e cultura se encontram para criar um ambiente din\u00e2mico e exclusivo.\" \/>\n<meta property=\"og:url\" content=\"https:\/\/linguavivagroup.com\/pt-pt\/viagens-de-estudo-para-milao\/\" \/>\n<meta property=\"og:site_name\" content=\"Linguaviva Educational Group\" \/>\n<meta property=\"article:modified_time\" content=\"2024-04-02T13:23:24+00:00\" \/>\n<meta property=\"og:image\" content=\"https:\/\/linguavivagroup.com\/wp-content\/uploads\/2023\/04\/Educational-group.jpg\" \/>\n\t<meta property=\"og:image:width\" content=\"1920\" \/>\n\t<meta property=\"og:image:height\" content=\"923\" \/>\n\t<meta property=\"og:image:type\" content=\"image\/jpeg\" \/>\n<meta name=\"twitter:card\" content=\"summary_large_image\" \/>\n<meta name=\"twitter:label1\" content=\"Tempo estimado de leitura\" \/>\n\t<meta name=\"twitter:data1\" content=\"3 minutos\" \/>\n<script type=\"application\/ld+json\" class=\"yoast-schema-graph\">{\"@context\":\"https:\/\/schema.org\",\"@graph\":[{\"@type\":\"WebPage\",\"@id\":\"https:\/\/linguavivagroup.com\/pt-pt\/viagens-de-estudo-para-milao\/\",\"url\":\"https:\/\/linguavivagroup.com\/pt-pt\/viagens-de-estudo-para-milao\/\",\"name\":\"VIAGENS DE ESTUDO PARA MIL\u00c3O | Linguaviva Educational Group\",\"isPartOf\":{\"@id\":\"https:\/\/linguavivagroup.com\/pt-pt\/#website\"},\"datePublished\":\"2023-07-25T14:06:51+00:00\",\"dateModified\":\"2024-04-02T13:23:24+00:00\",\"description\":\"Venha conosco viver uma experi\u00eancia de estudo em Mil\u00e3o, uma metr\u00f3pole cosmopolita onde arte, moda e cultura se encontram para criar um ambiente din\u00e2mico e exclusivo.\",\"breadcrumb\":{\"@id\":\"https:\/\/linguavivagroup.com\/pt-pt\/viagens-de-estudo-para-milao\/#breadcrumb\"},\"inLanguage\":\"pt-PT\",\"potentialAction\":[{\"@type\":\"ReadAction\",\"target\":[\"https:\/\/linguavivagroup.com\/pt-pt\/viagens-de-estudo-para-milao\/\"]}]},{\"@type\":\"BreadcrumbList\",\"@id\":\"https:\/\/linguavivagroup.com\/pt-pt\/viagens-de-estudo-para-milao\/#breadcrumb\",\"itemListElement\":[{\"@type\":\"ListItem\",\"position\":1,\"name\":\"Home\",\"item\":\"https:\/\/linguavivagroup.com\/pt-pt\/\"},{\"@type\":\"ListItem\",\"position\":2,\"name\":\"VIAGENS DE ESTUDO PARA MIL\u00c3O\"}]},{\"@type\":\"WebSite\",\"@id\":\"https:\/\/linguavivagroup.com\/pt-pt\/#website\",\"url\":\"https:\/\/linguavivagroup.com\/pt-pt\/\",\"name\":\"Linguaviva Educational Group\",\"description\":\"Study and learn italian in italy\",\"publisher\":{\"@id\":\"https:\/\/linguavivagroup.com\/pt-pt\/#organization\"},\"potentialAction\":[{\"@type\":\"SearchAction\",\"target\":{\"@type\":\"EntryPoint\",\"urlTemplate\":\"https:\/\/linguavivagroup.com\/pt-pt\/?s={search_term_string}\"},\"query-input\":{\"@type\":\"PropertyValueSpecification\",\"valueRequired\":true,\"valueName\":\"search_term_string\"}}],\"inLanguage\":\"pt-PT\"},{\"@type\":\"Organization\",\"@id\":\"https:\/\/linguavivagroup.com\/pt-pt\/#organization\",\"name\":\"Linguaviva Educational Group\",\"url\":\"https:\/\/linguavivagroup.com\/pt-pt\/\",\"logo\":{\"@type\":\"ImageObject\",\"inLanguage\":\"pt-PT\",\"@id\":\"https:\/\/linguavivagroup.com\/pt-pt\/#\/schema\/logo\/image\/\",\"url\":\"https:\/\/linguavivagroup.com\/wp-content\/uploads\/2026\/03\/logo-linguaviva-bianco-50-260.png\",\"contentUrl\":\"https:\/\/linguavivagroup.com\/wp-content\/uploads\/2026\/03\/logo-linguaviva-bianco-50-260.png\",\"width\":260,\"height\":48,\"caption\":\"Linguaviva Educational Group\"},\"image\":{\"@id\":\"https:\/\/linguavivagroup.com\/pt-pt\/#\/schema\/logo\/image\/\"}}]}<\/script>\n<!-- \/ Yoast SEO plugin. -->","yoast_head_json":{"title":"VIAGENS DE ESTUDO PARA MIL\u00c3O | Linguaviva Educational Group","description":"Venha conosco viver uma experi\u00eancia de estudo em Mil\u00e3o, uma metr\u00f3pole cosmopolita onde arte, moda e cultura se encontram para criar um ambiente din\u00e2mico e exclusivo.","robots":{"index":"index","follow":"follow","max-snippet":"max-snippet:-1","max-image-preview":"max-image-preview:large","max-video-preview":"max-video-preview:-1"},"canonical":"https:\/\/linguavivagroup.com\/pt-pt\/viagens-de-estudo-para-milao\/","og_locale":"pt_PT","og_type":"article","og_title":"VIAGENS DE ESTUDO PARA MIL\u00c3O | Linguaviva Educational Group","og_description":"Venha conosco viver uma experi\u00eancia de estudo em Mil\u00e3o, uma metr\u00f3pole cosmopolita onde arte, moda e cultura se encontram para criar um ambiente din\u00e2mico e exclusivo.","og_url":"https:\/\/linguavivagroup.com\/pt-pt\/viagens-de-estudo-para-milao\/","og_site_name":"Linguaviva Educational Group","article_modified_time":"2024-04-02T13:23:24+00:00","og_image":[{"width":1920,"height":923,"url":"https:\/\/linguavivagroup.com\/wp-content\/uploads\/2023\/04\/Educational-group.jpg","type":"image\/jpeg"}],"twitter_card":"summary_large_image","twitter_misc":{"Tempo estimado de leitura":"3 minutos"},"schema":{"@context":"https:\/\/schema.org","@graph":[{"@type":"WebPage","@id":"https:\/\/linguavivagroup.com\/pt-pt\/viagens-de-estudo-para-milao\/","url":"https:\/\/linguavivagroup.com\/pt-pt\/viagens-de-estudo-para-milao\/","name":"VIAGENS DE ESTUDO PARA MIL\u00c3O | Linguaviva Educational Group","isPartOf":{"@id":"https:\/\/linguavivagroup.com\/pt-pt\/#website"},"datePublished":"2023-07-25T14:06:51+00:00","dateModified":"2024-04-02T13:23:24+00:00","description":"Venha conosco viver uma experi\u00eancia de estudo em Mil\u00e3o, uma metr\u00f3pole cosmopolita onde arte, moda e cultura se encontram para criar um ambiente din\u00e2mico e exclusivo.","breadcrumb":{"@id":"https:\/\/linguavivagroup.com\/pt-pt\/viagens-de-estudo-para-milao\/#breadcrumb"},"inLanguage":"pt-PT","potentialAction":[{"@type":"ReadAction","target":["https:\/\/linguavivagroup.com\/pt-pt\/viagens-de-estudo-para-milao\/"]}]},{"@type":"BreadcrumbList","@id":"https:\/\/linguavivagroup.com\/pt-pt\/viagens-de-estudo-para-milao\/#breadcrumb","itemListElement":[{"@type":"ListItem","position":1,"name":"Home","item":"https:\/\/linguavivagroup.com\/pt-pt\/"},{"@type":"ListItem","position":2,"name":"VIAGENS DE ESTUDO PARA MIL\u00c3O"}]},{"@type":"WebSite","@id":"https:\/\/linguavivagroup.com\/pt-pt\/#website","url":"https:\/\/linguavivagroup.com\/pt-pt\/","name":"Linguaviva Educational Group","description":"Study and learn italian in italy","publisher":{"@id":"https:\/\/linguavivagroup.com\/pt-pt\/#organization"},"potentialAction":[{"@type":"SearchAction","target":{"@type":"EntryPoint","urlTemplate":"https:\/\/linguavivagroup.com\/pt-pt\/?s={search_term_string}"},"query-input":{"@type":"PropertyValueSpecification","valueRequired":true,"valueName":"search_term_string"}}],"inLanguage":"pt-PT"},{"@type":"Organization","@id":"https:\/\/linguavivagroup.com\/pt-pt\/#organization","name":"Linguaviva Educational Group","url":"https:\/\/linguavivagroup.com\/pt-pt\/","logo":{"@type":"ImageObject","inLanguage":"pt-PT","@id":"https:\/\/linguavivagroup.com\/pt-pt\/#\/schema\/logo\/image\/","url":"https:\/\/linguavivagroup.com\/wp-content\/uploads\/2026\/03\/logo-linguaviva-bianco-50-260.png","contentUrl":"https:\/\/linguavivagroup.com\/wp-content\/uploads\/2026\/03\/logo-linguaviva-bianco-50-260.png","width":260,"height":48,"caption":"Linguaviva Educational Group"},"image":{"@id":"https:\/\/linguavivagroup.com\/pt-pt\/#\/schema\/logo\/image\/"}}]}},"_links":{"self":[{"href":"https:\/\/linguavivagroup.com\/pt-pt\/wp-json\/wp\/v2\/pages\/3378","targetHints":{"allow":["GET"]}}],"collection":[{"href":"https:\/\/linguavivagroup.com\/pt-pt\/wp-json\/wp\/v2\/pages"}],"about":[{"href":"https:\/\/linguavivagroup.com\/pt-pt\/wp-json\/wp\/v2\/types\/page"}],"author":[{"embeddable":true,"href":"https:\/\/linguavivagroup.com\/pt-pt\/wp-json\/wp\/v2\/users\/4"}],"replies":[{"embeddable":true,"href":"https:\/\/linguavivagroup.com\/pt-pt\/wp-json\/wp\/v2\/comments?post=3378"}],"version-history":[{"count":7,"href":"https:\/\/linguavivagroup.com\/pt-pt\/wp-json\/wp\/v2\/pages\/3378\/revisions"}],"predecessor-version":[{"id":8409,"href":"https:\/\/linguavivagroup.com\/pt-pt\/wp-json\/wp\/v2\/pages\/3378\/revisions\/8409"}],"wp:attachment":[{"href":"https:\/\/linguavivagroup.com\/pt-pt\/wp-json\/wp\/v2\/media?parent=3378"}],"curies":[{"name":"wp","href":"https:\/\/api.w.org\/{rel}","templated":true}]}}