{"id":3381,"date":"2023-07-25T15:55:39","date_gmt":"2023-07-25T13:55:39","guid":{"rendered":"https:\/\/linguavivagroup.com\/?page_id=3381"},"modified":"2024-04-02T12:43:29","modified_gmt":"2024-04-02T10:43:29","slug":"estudar-italiano-na-italia","status":"publish","type":"page","link":"https:\/\/linguavivagroup.com\/pt-pt\/estudar-italiano-na-italia\/","title":{"rendered":"ESTUDOS ACAD\u00caMICOS"},"content":{"rendered":"<section class=\"wpb-content-wrapper\"><p>[vc_row full_width=&#8221;stretch_row_content_no_spaces&#8221; el_class=&#8221;header-image&#8221;][vc_column][vc_single_image image=&#8221;5186&#8243; img_size=&#8221;full&#8221; el_class=&#8221;img-header-big&#8221;][vc_single_image image=&#8221;5234&#8243; img_size=&#8221;full&#8221; el_class=&#8221;img-header-small&#8221;][\/vc_column][\/vc_row][vc_row el_class=&#8221;sezione&#8221;][vc_column width=&#8221;2\/12&#8243;][\/vc_column][vc_column width=&#8221;8\/12&#8243;][vc_column_text el_class=&#8221;red&#8221;]<\/p>\n<h1 style=\"text-align: center;\">CURSOS PREPARAT\u00d3RIOS PARA A UNIVERSIDADE ITALIANA<\/h1>\n<p>[\/vc_column_text][vc_column_text]Quer estudar italiano e se preparar para entrar em uma universidade italiana? A Linguaviva oferece a voc\u00ea a oportunidade de vivenciar uma experi\u00eancia de estudo imersiva e instigante na It\u00e1lia. Voc\u00ea pode escolher entre mergulhar na cultura art\u00edstica e hist\u00f3rica de Floren\u00e7a ou desfrutar da atmosfera moderna e din\u00e2mica de Mil\u00e3o. Em ambos os casos, as viagens de estudo que oferecemos permitir\u00e3o que voc\u00ea aprenda o idioma e adquira as habilidades de que precisar\u00e1 no ambiente acad\u00eamico italiano.[\/vc_column_text][\/vc_column][vc_column width=&#8221;2\/12&#8243;][\/vc_column][\/vc_row][vc_row gap=&#8221;30&#8243; el_class=&#8221;sezione&#8221;][vc_column width=&#8221;1\/3&#8243;][vc_column_text el_class=&#8221;red&#8221;]<\/p>\n<h2>CURSOS<\/h2>\n<p>[\/vc_column_text][vc_column_text]Escolha o seu pr\u00f3ximo caminho educacional.[\/vc_column_text][vc_btn title=&#8221;&#8221; align=&#8221;right&#8221; el_class=&#8221;btn-arrow-red&#8221; link=&#8221;url:https%3A%2F%2Flinguavivagroup.com%2Fpt-pt%2Fcursos-de-lingua-e-cultura-italiana%2F&#8221;][\/vc_column][vc_column width=&#8221;2\/3&#8243;][\/vc_column][\/vc_row][vc_row][vc_column][vc_basic_grid post_type=&#8221;courses&#8221; max_items=&#8221;-1&#8243; gap=&#8221;15&#8243; orderby=&#8221;menu_order&#8221; item=&#8221;508&#8243; initial_loading_animation=&#8221;none&#8221; grid_id=&#8221;vc_gid:1707925742121-4598cbee2ca21b05c064260939586d66-8&#8243; el_class=&#8221;elenco-corsi elenco-corsi-red&#8221; taxonomies=&#8221;172&#8243;][\/vc_column][\/vc_row][vc_row full_width=&#8221;stretch_row&#8221; el_class=&#8221;sezione bg-red&#8221;][vc_column][vc_row_inner el_class=&#8221;row-banner-v2_1&#8243;][vc_column_inner width=&#8221;1\/12&#8243;][\/vc_column_inner][vc_column_inner width=&#8221;6\/12&#8243;][vc_single_image image=&#8221;5068&#8243; img_size=&#8221;full&#8221; onclick=&#8221;custom_link&#8221; link=&#8221;#&#8221; el_class=&#8221;img-hover-zoom&#8221;][\/vc_column_inner][vc_column_inner el_class=&#8221;col-mleft-40&#8243; width=&#8221;4\/12&#8243;][vc_column_text el_class=&#8221;white&#8221;]<\/p>\n<h2>CURSOS E PREPARA\u00c7\u00c3O PARA A UNIVERSIDADE EM FLOREN\u00c7A<\/h2>\n<p>[\/vc_column_text][\/vc_column_inner][vc_column_inner width=&#8221;1\/12&#8243;][\/vc_column_inner][\/vc_row_inner][vc_row_inner el_class=&#8221;row-banner-v2_2 no-padding&#8221;][vc_column_inner width=&#8221;1\/12&#8243;][\/vc_column_inner][vc_column_inner width=&#8221;4\/12&#8243;][vc_column_text el_class=&#8221;white&#8221;]Floren\u00e7a, a cidade da arte e da cultura, abre suas portas para uma viagem de estudos inesquec\u00edvel. Com os programas da Linguaviva, voc\u00ea pode se aprofundar no aprendizado da l\u00edngua italiana e descobrir as maravilhas dessa cidade fascinante. Com aulas din\u00e2micas e atividades culturais personalizadas, voc\u00ea poder\u00e1 explorar as riquezas art\u00edsticas de Floren\u00e7a, visitar museus renomados e admirar sua arquitetura \u00fanica. Voc\u00ea respirar\u00e1 a atmosfera m\u00e1gica da cidade, al\u00e9m de poder se deliciar com pratos italianos tradicionais. Aproveite ao m\u00e1ximo essa oportunidade extraordin\u00e1ria de aprimorar suas habilidades no idioma e mergulhar totalmente na cultura italiana. Sua viagem de estudos para Floren\u00e7a ser\u00e1 uma experi\u00eancia \u00fanica e inspiradora que lhe permitir\u00e1 conhecer a cidade de forma aut\u00eantica e apreciar todas as suas nuances art\u00edsticas e hist\u00f3ricas.[\/vc_column_text][vc_btn title=&#8221;&#8221; align=&#8221;right&#8221; el_class=&#8221;btn-arrow-white&#8221; link=&#8221;url:https%3A%2F%2Flinguavivagroup.com%2Fpt-pt%2Festude-italiano-em-florenca%2F&#8221;][\/vc_column_inner][vc_column_inner width=&#8221;6\/12&#8243;][vc_single_image image=&#8221;2504&#8243; img_size=&#8221;full&#8221; onclick=&#8221;custom_link&#8221; link=&#8221;#&#8221; el_class=&#8221;img-hover-zoom&#8221;][\/vc_column_inner][vc_column_inner width=&#8221;1\/12&#8243;][\/vc_column_inner][\/vc_row_inner][\/vc_column][\/vc_row][vc_row full_width=&#8221;stretch_row&#8221; el_class=&#8221;sezione bg-light-grey&#8221;][vc_column][vc_row_inner el_class=&#8221;row-banner-v2_1&#8243;][vc_column_inner width=&#8221;1\/12&#8243;][\/vc_column_inner][vc_column_inner el_class=&#8221;col-mright-50&#8243; width=&#8221;4\/12&#8243;][vc_column_text el_class=&#8221;red&#8221;]<\/p>\n<h2>CURSOS E PREPARA\u00c7\u00c3O PARA A UNIVERSIDADE EM MIL\u00c3O<\/h2>\n<p>[\/vc_column_text][\/vc_column_inner][vc_column_inner width=&#8221;6\/12&#8243;][vc_single_image image=&#8221;5076&#8243; img_size=&#8221;full&#8221; onclick=&#8221;custom_link&#8221; link=&#8221;#&#8221; el_class=&#8221;img-hover-zoom&#8221;][\/vc_column_inner][vc_column_inner width=&#8221;1\/12&#8243;][\/vc_column_inner][\/vc_row_inner][vc_row_inner el_class=&#8221;row-banner-v2_2 no-padding&#8221;][vc_column_inner width=&#8221;1\/12&#8243;][\/vc_column_inner][vc_column_inner width=&#8221;6\/12&#8243;][vc_single_image image=&#8221;2508&#8243; img_size=&#8221;full&#8221; onclick=&#8221;custom_link&#8221; link=&#8221;#&#8221; el_class=&#8221;img-hover-zoom&#8221;][\/vc_column_inner][vc_column_inner width=&#8221;4\/12&#8243;][vc_column_text]Mil\u00e3o, a cidade da moda e do design, lhe d\u00e1 as boas-vindas para uma viagem de estudos inesquec\u00edvel. Com os programas da Linguaviva, voc\u00ea pode aprender italiano de uma forma din\u00e2mica e estimulante e descobrir a vitalidade e a energia dessa cidade cosmopolita. Mil\u00e3o oferece muitas oportunidades para enriquecer a sua jornada de aprendizado, incluindo a possibilidade de visitar museus e exposi\u00e7\u00f5es de arte, experimentar a culin\u00e1ria local e conhecer a vida noturna da cidade. Voc\u00ea tamb\u00e9m pode apreciar a beleza arquitet\u00f4nica de Mil\u00e3o, desde as obras renascentistas at\u00e9 os modernos arranha-c\u00e9us. N\u00e3o perca a oportunidade de enriquecer suas habilidades lingu\u00edsticas e experimentar a vida milanesa ao m\u00e1ximo. Escolha Mil\u00e3o para a sua pr\u00f3xima estadia de estudos e prepare-se para o seu futuro universit\u00e1rio na It\u00e1lia.[\/vc_column_text][vc_btn title=&#8221;&#8221; align=&#8221;right&#8221; el_class=&#8221;btn-arrow-red&#8221; link=&#8221;url:https%3A%2F%2Flinguavivagroup.com%2Fpt-pt%2Festudar-italiano-em-milao%2F&#8221;][\/vc_column_inner][vc_column_inner width=&#8221;1\/12&#8243;][\/vc_column_inner][\/vc_row_inner][\/vc_column][\/vc_row][vc_row full_width=&#8221;stretch_row&#8221; el_class=&#8221;sezione bg-light-grey no-padding-bottom&#8221;][vc_column width=&#8221;2\/12&#8243;][\/vc_column][vc_column width=&#8221;8\/12&#8243;][vc_column_text el_class=&#8221;red no-margin&#8221;]<\/p>\n<h2 style=\"text-align: center;\">ESCOLA LINGUAVIVA<\/h2>\n<p>[\/vc_column_text][\/vc_column][vc_column width=&#8221;2\/12&#8243;][\/vc_column][\/vc_row][vc_row full_width=&#8221;stretch_row&#8221; el_class=&#8221;sezione bg-light-grey&#8221;][vc_column][vc_row_inner equal_height=&#8221;yes&#8221; gap=&#8221;30&#8243; el_class=&#8221;row-banner-v2_1&#8243;][vc_column_inner width=&#8221;1\/12&#8243;][\/vc_column_inner][vc_column_inner width=&#8221;6\/12&#8243;][vc_single_image image=&#8221;312&#8243; img_size=&#8221;full&#8221; el_class=&#8221;square square-small s-top-50 s-left-50&#8243;][vc_single_image image=&#8221;336&#8243; img_size=&#8221;full&#8221; el_class=&#8221;square square-small s-top-50 s-left50&#8243;][vc_single_image image=&#8221;366&#8243; img_size=&#8221;full&#8221; el_class=&#8221;square square-small s-top50 s-left-50&#8243;][vc_single_image image=&#8221;378&#8243; img_size=&#8221;full&#8221; el_class=&#8221;square square-small s-bottom-50 s-left-50&#8243;][vc_single_image image=&#8221;1373&#8243; img_size=&#8221;full&#8221; onclick=&#8221;custom_link&#8221; link=&#8221;#&#8221; el_class=&#8221;img-hover-zoom&#8221;][\/vc_column_inner][vc_column_inner width=&#8221;3\/12&#8243;][vc_column_text]Linguaviva foi fundada em Floren\u00e7a em 1976 com o objetivo de promover a aprendizagem da l\u00edngua italiana e tudo o que a envolve.[\/vc_column_text][\/vc_column_inner][vc_column_inner width=&#8221;2\/12&#8243;][\/vc_column_inner][\/vc_row_inner][vc_row_inner equal_height=&#8221;yes&#8221; gap=&#8221;30&#8243; el_class=&#8221;row-banner-v2_2 no-padding&#8221;][vc_column_inner width=&#8221;2\/12&#8243;][\/vc_column_inner][vc_column_inner width=&#8221;3\/12&#8243;][vc_column_text]Fomos uma das primeiras escolas a organizar viagens de estudo que combinam educa\u00e7\u00e3o lingu\u00edstica de alto n\u00edvel e cultural.[\/vc_column_text][vc_btn title=&#8221;&#8221; align=&#8221;right&#8221; el_class=&#8221;btn-arrow-dark&#8221; link=&#8221;url:https%3A%2F%2Flinguavivagroup.com%2Fpt-pt%2Fsobre-nos%2F&#8221;][\/vc_column_inner][vc_column_inner width=&#8221;6\/12&#8243;][vc_single_image image=&#8221;378&#8243; img_size=&#8221;full&#8221; el_class=&#8221;square square-small s-bottom-50 s-right-50&#8243;][vc_single_image image=&#8221;366&#8243; img_size=&#8221;full&#8221; el_class=&#8221;square square-small s-bottom-50 s-right50 z-index-1&#8243;][vc_single_image image=&#8221;366&#8243; img_size=&#8221;full&#8221; el_class=&#8221;square square-small s-bottom50 s-right-50&#8243;][vc_single_image image=&#8221;354&#8243; img_size=&#8221;full&#8221; el_class=&#8221;square square-small s-bottom-50 s-left-50&#8243;][vc_single_image image=&#8221;1377&#8243; img_size=&#8221;full&#8221; onclick=&#8221;custom_link&#8221; link=&#8221;#&#8221; el_class=&#8221;img-hover-zoom&#8221;][\/vc_column_inner][vc_column_inner width=&#8221;1\/12&#8243;][\/vc_column_inner][\/vc_row_inner][\/vc_column][\/vc_row][vc_row full_width=&#8221;stretch_row&#8221; full_height=&#8221;yes&#8221; content_placement=&#8221;middle&#8221; el_class=&#8221;parallax-row&#8221; css=&#8221;.vc_custom_1682515566461{background-image: url(https:\/\/linguavivagroup.com\/wp-content\/uploads\/2023\/04\/Experience.jpg?id=488) !important;}&#8221;][vc_column width=&#8221;2\/12&#8243;][\/vc_column][vc_column width=&#8221;8\/12&#8243;][vc_column_text el_class=&#8221;white&#8221;]<\/p>\n<h2 style=\"text-align: center;\">EXPERI\u00caNCIA IT\u00c1LIA<\/h2>\n<p>[\/vc_column_text][vc_column_text el_class=&#8221;white&#8221;]<\/p>\n<p style=\"text-align: center;\">Descubra o pa\u00eds, as pessoas e a cultura<\/p>\n<p>[\/vc_column_text][\/vc_column][vc_column width=&#8221;2\/12&#8243;][\/vc_column][\/vc_row][vc_row][vc_column][\/vc_column][\/vc_row][vc_row full_width=&#8221;stretch_row_content_no_spaces&#8221; el_class=&#8221;sezione bg-red-blue&#8221;][vc_column width=&#8221;1\/2&#8243; el_class=&#8221;col-half-color-left&#8221;][vc_column_text el_class=&#8221;white&#8221;]<\/p>\n<h2>ACOMODA\u00c7\u00c3O<\/h2>\n<p>[\/vc_column_text][vc_column_text el_class=&#8221;white&#8221;]Escolha o destino da sua pr\u00f3xima experi\u00eancia de estudo na It\u00e1lia.[\/vc_column_text][vc_btn title=&#8221;&#8221; align=&#8221;right&#8221; el_class=&#8221;btn-arrow-white&#8221; link=&#8221;url:https%3A%2F%2Flinguavivagroup.com%2Fpt-pt%2Facomodacao%2F&#8221;][\/vc_column][vc_column width=&#8221;1\/2&#8243; el_class=&#8221;col-half-color-right&#8221;][vc_column_text el_class=&#8221;white&#8221;]<\/p>\n<h2>FEES<\/h2>\n<p>[\/vc_column_text][vc_column_text el_class=&#8221;white&#8221;]Descubra os pre\u00e7os da estadia de estudo na It\u00e1lia com a Linguaviva.[\/vc_column_text][vc_btn title=&#8221;&#8221; align=&#8221;right&#8221; el_class=&#8221;btn-arrow-white&#8221; link=&#8221;url:https%3A%2F%2Flinguavivagroup.com%2Fpt-pt%2Ffees%2F&#8221;][\/vc_column][\/vc_row][vc_row][vc_column][vc_empty_space height=&#8221;120px&#8221;][\/vc_column][\/vc_row][vc_row full_width=&#8221;stretch_row_content_no_spaces&#8221; el_class=&#8221;overflow-visible&#8221;][vc_column][vc_single_image image=&#8221;350&#8243; img_size=&#8221;full&#8221; el_class=&#8221;square square-medium mtop-100 left0&#8243;][vc_single_image image=&#8221;350&#8243; img_size=&#8221;full&#8221; el_class=&#8221;square square-medium top0 left0&#8243;][vc_single_image image=&#8221;350&#8243; img_size=&#8221;full&#8221; el_class=&#8221;square square-medium mtop-100 right0&#8243;][vc_single_image image=&#8221;362&#8243; img_size=&#8221;full&#8221; el_class=&#8221;square square-medium top0 right0&#8243;][\/vc_column][\/vc_row][vc_row full_width=&#8221;stretch_row_content_no_spaces&#8221; equal_height=&#8221;yes&#8221; content_placement=&#8221;middle&#8221; el_class=&#8221;bg-light-grey&#8221;][vc_column width=&#8221;1\/2&#8243;][vc_single_image image=&#8221;2512&#8243; img_size=&#8221;full&#8221; alignment=&#8221;center&#8221; el_class=&#8221;no-margin img-hover-zoom&#8221;][vc_column_text el_class=&#8221;banner-corso-title banner-turismo-title bg-red&#8221;]<\/p>\n<h3 style=\"text-align: center;\"><a href=\"https:\/\/linguavivagroup.com\/pt-pt\/aprenda-italiano-vivendo-a-italia\/\">PROCURANDO TURISMO CULTURAL?<\/a><\/h3>\n<p>[\/vc_column_text][\/vc_column][vc_column width=&#8221;1\/2&#8243;][vc_single_image image=&#8221;1386&#8243; img_size=&#8221;full&#8221; alignment=&#8221;center&#8221; el_class=&#8221;no-margin img-hover-zoom&#8221;][vc_column_text el_class=&#8221;banner-corso-title banner-turismo-title bg-blue&#8221;]<\/p>\n<h3 style=\"text-align: center;\"><a href=\"https:\/\/linguavivagroup.com\/pt-pt\/curso-de-ferias-de-verao-para-jovens\/\">PROCURANDO F\u00c9RIAS DE ESTUDO PARA JUNIORES?<\/a><\/h3>\n<p>[\/vc_column_text][\/vc_column][\/vc_row]<\/p>\n<\/section>","protected":false},"excerpt":{"rendered":"<p>[vc_row full_width=&#8221;stretch_row_content_no_spaces&#8221; el_class=&#8221;header-image&#8221;][vc_column][vc_single_image image=&#8221;5186&#8243; img_size=&#8221;full&#8221; el_class=&#8221;img-header-big&#8221;][vc_single_image image=&#8221;5234&#8243; img_size=&#8221;full&#8221; el_class=&#8221;img-header-small&#8221;][\/vc_column][\/vc_row][vc_row el_class=&#8221;sezione&#8221;][vc_column width=&#8221;2\/12&#8243;][\/vc_column][vc_column width=&#8221;8\/12&#8243;][vc_column_text el_class=&#8221;red&#8221;] CURSOS PREPARAT\u00d3RIOS PARA A UNIVERSIDADE ITALIANA [\/vc_column_text][vc_column_text]Quer estudar italiano e se preparar para entrar em uma universidade italiana? A Linguaviva oferece a voc\u00ea a oportunidade de vivenciar uma experi\u00eancia de estudo imersiva e instigante na It\u00e1lia. Voc\u00ea pode escolher entre mergulhar na [&hellip;]<\/p>\n","protected":false},"author":4,"featured_media":0,"parent":0,"menu_order":-1,"comment_status":"closed","ping_status":"closed","template":"","meta":{"inline_featured_image":false,"footnotes":""},"class_list":["post-3381","page","type-page","status-publish","hentry"],"yoast_head":"<!-- This site is optimized with the Yoast SEO plugin v27.2 - https:\/\/yoast.com\/product\/yoast-seo-wordpress\/ -->\n<title>ESTUDOS ACAD\u00caMICOS | Linguaviva Educational Group<\/title>\n<meta name=\"description\" content=\"Quer estudar italiano e se preparar para entrar em uma universidade italiana? A Linguaviva oferece a voc\u00ea a oportunidade de vivenciar uma experi\u00eancia de estudo imersiva e instigante na It\u00e1lia.\" \/>\n<meta name=\"robots\" content=\"index, follow, max-snippet:-1, max-image-preview:large, max-video-preview:-1\" \/>\n<link rel=\"canonical\" href=\"https:\/\/linguavivagroup.com\/pt-pt\/estudar-italiano-na-italia\/\" \/>\n<meta property=\"og:locale\" content=\"pt_PT\" \/>\n<meta property=\"og:type\" content=\"article\" \/>\n<meta property=\"og:title\" content=\"ESTUDOS ACAD\u00caMICOS | Linguaviva Educational Group\" \/>\n<meta property=\"og:description\" content=\"Quer estudar italiano e se preparar para entrar em uma universidade italiana? A Linguaviva oferece a voc\u00ea a oportunidade de vivenciar uma experi\u00eancia de estudo imersiva e instigante na It\u00e1lia.\" \/>\n<meta property=\"og:url\" content=\"https:\/\/linguavivagroup.com\/pt-pt\/estudar-italiano-na-italia\/\" \/>\n<meta property=\"og:site_name\" content=\"Linguaviva Educational Group\" \/>\n<meta property=\"article:modified_time\" content=\"2024-04-02T10:43:29+00:00\" \/>\n<meta property=\"og:image\" content=\"https:\/\/linguavivagroup.com\/wp-content\/uploads\/2023\/04\/Educational-group.jpg\" \/>\n\t<meta property=\"og:image:width\" content=\"1920\" \/>\n\t<meta property=\"og:image:height\" content=\"923\" \/>\n\t<meta property=\"og:image:type\" content=\"image\/jpeg\" \/>\n<meta name=\"twitter:card\" content=\"summary_large_image\" \/>\n<meta name=\"twitter:label1\" content=\"Tempo estimado de leitura\" \/>\n\t<meta name=\"twitter:data1\" content=\"4 minutos\" \/>\n<script type=\"application\/ld+json\" class=\"yoast-schema-graph\">{\"@context\":\"https:\/\/schema.org\",\"@graph\":[{\"@type\":\"WebPage\",\"@id\":\"https:\/\/linguavivagroup.com\/pt-pt\/estudar-italiano-na-italia\/\",\"url\":\"https:\/\/linguavivagroup.com\/pt-pt\/estudar-italiano-na-italia\/\",\"name\":\"ESTUDOS ACAD\u00caMICOS | Linguaviva Educational Group\",\"isPartOf\":{\"@id\":\"https:\/\/linguavivagroup.com\/pt-pt\/#website\"},\"datePublished\":\"2023-07-25T13:55:39+00:00\",\"dateModified\":\"2024-04-02T10:43:29+00:00\",\"description\":\"Quer estudar italiano e se preparar para entrar em uma universidade italiana? A Linguaviva oferece a voc\u00ea a oportunidade de vivenciar uma experi\u00eancia de estudo imersiva e instigante na It\u00e1lia.\",\"breadcrumb\":{\"@id\":\"https:\/\/linguavivagroup.com\/pt-pt\/estudar-italiano-na-italia\/#breadcrumb\"},\"inLanguage\":\"pt-PT\",\"potentialAction\":[{\"@type\":\"ReadAction\",\"target\":[\"https:\/\/linguavivagroup.com\/pt-pt\/estudar-italiano-na-italia\/\"]}]},{\"@type\":\"BreadcrumbList\",\"@id\":\"https:\/\/linguavivagroup.com\/pt-pt\/estudar-italiano-na-italia\/#breadcrumb\",\"itemListElement\":[{\"@type\":\"ListItem\",\"position\":1,\"name\":\"Home\",\"item\":\"https:\/\/linguavivagroup.com\/pt-pt\/\"},{\"@type\":\"ListItem\",\"position\":2,\"name\":\"ESTUDOS ACAD\u00caMICOS\"}]},{\"@type\":\"WebSite\",\"@id\":\"https:\/\/linguavivagroup.com\/pt-pt\/#website\",\"url\":\"https:\/\/linguavivagroup.com\/pt-pt\/\",\"name\":\"Linguaviva Educational Group\",\"description\":\"Study and learn italian in italy\",\"publisher\":{\"@id\":\"https:\/\/linguavivagroup.com\/pt-pt\/#organization\"},\"potentialAction\":[{\"@type\":\"SearchAction\",\"target\":{\"@type\":\"EntryPoint\",\"urlTemplate\":\"https:\/\/linguavivagroup.com\/pt-pt\/?s={search_term_string}\"},\"query-input\":{\"@type\":\"PropertyValueSpecification\",\"valueRequired\":true,\"valueName\":\"search_term_string\"}}],\"inLanguage\":\"pt-PT\"},{\"@type\":\"Organization\",\"@id\":\"https:\/\/linguavivagroup.com\/pt-pt\/#organization\",\"name\":\"Linguaviva Educational Group\",\"url\":\"https:\/\/linguavivagroup.com\/pt-pt\/\",\"logo\":{\"@type\":\"ImageObject\",\"inLanguage\":\"pt-PT\",\"@id\":\"https:\/\/linguavivagroup.com\/pt-pt\/#\/schema\/logo\/image\/\",\"url\":\"https:\/\/linguavivagroup.com\/wp-content\/uploads\/2026\/03\/logo-linguaviva-bianco-50-260.png\",\"contentUrl\":\"https:\/\/linguavivagroup.com\/wp-content\/uploads\/2026\/03\/logo-linguaviva-bianco-50-260.png\",\"width\":260,\"height\":48,\"caption\":\"Linguaviva Educational Group\"},\"image\":{\"@id\":\"https:\/\/linguavivagroup.com\/pt-pt\/#\/schema\/logo\/image\/\"}}]}<\/script>\n<!-- \/ Yoast SEO plugin. -->","yoast_head_json":{"title":"ESTUDOS ACAD\u00caMICOS | Linguaviva Educational Group","description":"Quer estudar italiano e se preparar para entrar em uma universidade italiana? A Linguaviva oferece a voc\u00ea a oportunidade de vivenciar uma experi\u00eancia de estudo imersiva e instigante na It\u00e1lia.","robots":{"index":"index","follow":"follow","max-snippet":"max-snippet:-1","max-image-preview":"max-image-preview:large","max-video-preview":"max-video-preview:-1"},"canonical":"https:\/\/linguavivagroup.com\/pt-pt\/estudar-italiano-na-italia\/","og_locale":"pt_PT","og_type":"article","og_title":"ESTUDOS ACAD\u00caMICOS | Linguaviva Educational Group","og_description":"Quer estudar italiano e se preparar para entrar em uma universidade italiana? A Linguaviva oferece a voc\u00ea a oportunidade de vivenciar uma experi\u00eancia de estudo imersiva e instigante na It\u00e1lia.","og_url":"https:\/\/linguavivagroup.com\/pt-pt\/estudar-italiano-na-italia\/","og_site_name":"Linguaviva Educational Group","article_modified_time":"2024-04-02T10:43:29+00:00","og_image":[{"width":1920,"height":923,"url":"https:\/\/linguavivagroup.com\/wp-content\/uploads\/2023\/04\/Educational-group.jpg","type":"image\/jpeg"}],"twitter_card":"summary_large_image","twitter_misc":{"Tempo estimado de leitura":"4 minutos"},"schema":{"@context":"https:\/\/schema.org","@graph":[{"@type":"WebPage","@id":"https:\/\/linguavivagroup.com\/pt-pt\/estudar-italiano-na-italia\/","url":"https:\/\/linguavivagroup.com\/pt-pt\/estudar-italiano-na-italia\/","name":"ESTUDOS ACAD\u00caMICOS | Linguaviva Educational Group","isPartOf":{"@id":"https:\/\/linguavivagroup.com\/pt-pt\/#website"},"datePublished":"2023-07-25T13:55:39+00:00","dateModified":"2024-04-02T10:43:29+00:00","description":"Quer estudar italiano e se preparar para entrar em uma universidade italiana? A Linguaviva oferece a voc\u00ea a oportunidade de vivenciar uma experi\u00eancia de estudo imersiva e instigante na It\u00e1lia.","breadcrumb":{"@id":"https:\/\/linguavivagroup.com\/pt-pt\/estudar-italiano-na-italia\/#breadcrumb"},"inLanguage":"pt-PT","potentialAction":[{"@type":"ReadAction","target":["https:\/\/linguavivagroup.com\/pt-pt\/estudar-italiano-na-italia\/"]}]},{"@type":"BreadcrumbList","@id":"https:\/\/linguavivagroup.com\/pt-pt\/estudar-italiano-na-italia\/#breadcrumb","itemListElement":[{"@type":"ListItem","position":1,"name":"Home","item":"https:\/\/linguavivagroup.com\/pt-pt\/"},{"@type":"ListItem","position":2,"name":"ESTUDOS ACAD\u00caMICOS"}]},{"@type":"WebSite","@id":"https:\/\/linguavivagroup.com\/pt-pt\/#website","url":"https:\/\/linguavivagroup.com\/pt-pt\/","name":"Linguaviva Educational Group","description":"Study and learn italian in italy","publisher":{"@id":"https:\/\/linguavivagroup.com\/pt-pt\/#organization"},"potentialAction":[{"@type":"SearchAction","target":{"@type":"EntryPoint","urlTemplate":"https:\/\/linguavivagroup.com\/pt-pt\/?s={search_term_string}"},"query-input":{"@type":"PropertyValueSpecification","valueRequired":true,"valueName":"search_term_string"}}],"inLanguage":"pt-PT"},{"@type":"Organization","@id":"https:\/\/linguavivagroup.com\/pt-pt\/#organization","name":"Linguaviva Educational Group","url":"https:\/\/linguavivagroup.com\/pt-pt\/","logo":{"@type":"ImageObject","inLanguage":"pt-PT","@id":"https:\/\/linguavivagroup.com\/pt-pt\/#\/schema\/logo\/image\/","url":"https:\/\/linguavivagroup.com\/wp-content\/uploads\/2026\/03\/logo-linguaviva-bianco-50-260.png","contentUrl":"https:\/\/linguavivagroup.com\/wp-content\/uploads\/2026\/03\/logo-linguaviva-bianco-50-260.png","width":260,"height":48,"caption":"Linguaviva Educational Group"},"image":{"@id":"https:\/\/linguavivagroup.com\/pt-pt\/#\/schema\/logo\/image\/"}}]}},"_links":{"self":[{"href":"https:\/\/linguavivagroup.com\/pt-pt\/wp-json\/wp\/v2\/pages\/3381","targetHints":{"allow":["GET"]}}],"collection":[{"href":"https:\/\/linguavivagroup.com\/pt-pt\/wp-json\/wp\/v2\/pages"}],"about":[{"href":"https:\/\/linguavivagroup.com\/pt-pt\/wp-json\/wp\/v2\/types\/page"}],"author":[{"embeddable":true,"href":"https:\/\/linguavivagroup.com\/pt-pt\/wp-json\/wp\/v2\/users\/4"}],"replies":[{"embeddable":true,"href":"https:\/\/linguavivagroup.com\/pt-pt\/wp-json\/wp\/v2\/comments?post=3381"}],"version-history":[{"count":12,"href":"https:\/\/linguavivagroup.com\/pt-pt\/wp-json\/wp\/v2\/pages\/3381\/revisions"}],"predecessor-version":[{"id":8595,"href":"https:\/\/linguavivagroup.com\/pt-pt\/wp-json\/wp\/v2\/pages\/3381\/revisions\/8595"}],"wp:attachment":[{"href":"https:\/\/linguavivagroup.com\/pt-pt\/wp-json\/wp\/v2\/media?parent=3381"}],"curies":[{"name":"wp","href":"https:\/\/api.w.org\/{rel}","templated":true}]}}