{"id":3385,"date":"2023-07-25T17:27:29","date_gmt":"2023-07-25T15:27:29","guid":{"rendered":"https:\/\/linguavivagroup.com\/?page_id=3385"},"modified":"2024-04-22T09:30:06","modified_gmt":"2024-04-22T07:30:06","slug":"estude-italiano-em-florenca","status":"publish","type":"page","link":"https:\/\/linguavivagroup.com\/pt-pt\/estude-italiano-em-florenca\/","title":{"rendered":"ESTUDE ITALIANO EM FLOREN\u00c7A"},"content":{"rendered":"<section class=\"wpb-content-wrapper\"><p>[vc_row full_width=&#8221;stretch_row_content_no_spaces&#8221; el_class=&#8221;header-image&#8221;][vc_column][vc_single_image image=&#8221;2594&#8243; img_size=&#8221;full&#8221; el_class=&#8221;img-header-big&#8221;][vc_single_image image=&#8221;2598&#8243; img_size=&#8221;full&#8221; el_class=&#8221;img-header-small&#8221;][\/vc_column][\/vc_row][vc_row el_class=&#8221;sezione&#8221;][vc_column width=&#8221;2\/12&#8243;][\/vc_column][vc_column width=&#8221;8\/12&#8243;][vc_column_text el_class=&#8221;red&#8221;]<\/p>\n<h1 style=\"text-align: center;\">PREPARA\u00c7AO ACADEMICA<br \/>\nEM FLOREN\u00c7A<\/h1>\n<p>[\/vc_column_text][vc_column_text]Escolha Floren\u00e7a e prepare-se para a vida universit\u00e1ria na It\u00e1lia com a Linguaviva. Voc\u00ea aprender\u00e1 o idioma enquanto vive uma experi\u00eancia inesquec\u00edvel em uma das cidades mais fascinantes da Europa. Aqui voc\u00ea pode mergulhar na cultura, fazer amigos de todo o mundo e realizar os seus objetivos acad\u00eamicos em uma cidade rica em hist\u00f3ria e beleza.[\/vc_column_text][\/vc_column][vc_column width=&#8221;2\/12&#8243;][\/vc_column][\/vc_row][vc_row full_width=&#8221;stretch_row&#8221; gap=&#8221;30&#8243; el_class=&#8221;sezione bg-red&#8221;][vc_column width=&#8221;5\/12&#8243;][vc_column_text el_class=&#8221;white&#8221;]<\/p>\n<h2>REALIZE OS SEUS OBJETIVOS EM FLOREN\u00c7A<\/h2>\n<p>[\/vc_column_text][vc_column_text el_class=&#8221;white&#8221;]A Linguaviva oferece uma ampla variedade de cursos de italiano personalizados para ajudar voc\u00ea a realizar os seus objetivos acad\u00eamicos. Com professores qualificados e metodologias de ensino inovadoras, voc\u00ea pode aprimorar suas habilidades lingu\u00edsticas, aprofundar a gram\u00e1tica e desenvolver a capacidade de se comunicar em italiano. Participe de experi\u00eancias culturais exclusivas, como passeios a museus, eventos de arte e viagens ao cora\u00e7\u00e3o da Toscana, e inspire-se com a riqueza art\u00edstica e hist\u00f3rica de Floren\u00e7a. Voc\u00ea viver\u00e1 uma experi\u00eancia aut\u00eantica que ser\u00e1 a sua porta de entrada para o seu sucesso acad\u00eamico e pessoal.[\/vc_column_text][vc_btn title=&#8221;&#8221; align=&#8221;right&#8221; el_class=&#8221;btn-arrow-white&#8221; link=&#8221;url:https%3A%2F%2Flinguavivagroup.com%2Fpt-pt%2Fcursos-de-italiano-em-florenca%2F&#8221;][\/vc_column][vc_column width=&#8221;1\/12&#8243;][\/vc_column][vc_column width=&#8221;1\/2&#8243; el_class=&#8221;slideshow slideshow-small&#8221;][vc_images_carousel images=&#8221;2810,2814,2818,2822&#8243; img_size=&#8221;full&#8221; onclick=&#8221;link_no&#8221; wrap=&#8221;yes&#8221;][vc_single_image image=&#8221;312&#8243; img_size=&#8221;full&#8221; el_class=&#8221;square square-small s-top-50 s-right-50&#8243;][vc_single_image image=&#8221;336&#8243; img_size=&#8221;full&#8221; el_class=&#8221;square square-small s-top-50 s-right50&#8243;][vc_single_image image=&#8221;336&#8243; img_size=&#8221;full&#8221; el_class=&#8221;square square-small s-top50 s-right-50&#8243;][vc_single_image image=&#8221;336&#8243; img_size=&#8221;full&#8221; el_class=&#8221;square square-small s-bottom-50 s-left-50&#8243;][\/vc_column][\/vc_row][vc_row full_width=&#8221;stretch_row&#8221; gap=&#8221;30&#8243; el_class=&#8221;sezione bg-red no-padding-bottom&#8221;][vc_column width=&#8221;6\/12&#8243; el_class=&#8221;slideshow slideshow-small&#8221;][vc_images_carousel images=&#8221;2794,2798,2802,2806&#8243; img_size=&#8221;full&#8221; onclick=&#8221;link_no&#8221; wrap=&#8221;yes&#8221;][vc_single_image image=&#8221;312&#8243; img_size=&#8221;full&#8221; el_class=&#8221;square square-small s-bottom-50 s-left-50&#8243;][vc_single_image image=&#8221;336&#8243; img_size=&#8221;full&#8221; el_class=&#8221;square square-small s-bottom-50 s-left50&#8243;][vc_single_image image=&#8221;336&#8243; img_size=&#8221;full&#8221; el_class=&#8221;square square-small s-bottom50 s-left-50&#8243;][vc_single_image image=&#8221;336&#8243; img_size=&#8221;full&#8221; el_class=&#8221;square square-small s-top-50 s-right-50&#8243;][\/vc_column][vc_column width=&#8221;1\/12&#8243;][\/vc_column][vc_column width=&#8221;5\/12&#8243;][vc_column_text el_class=&#8221;white&#8221;]<\/p>\n<h2>FLOREN\u00c7A: UMA CIDADE PERFEITA PARA ESTUDANTES<\/h2>\n<p>[\/vc_column_text][vc_column_text el_class=&#8221;white&#8221;]Rica em hist\u00f3ria e beleza, Floren\u00e7a acolhe os estudantes com seu inigual\u00e1vel patrim\u00f4nio art\u00edstico. Desde as obras-primas renascentistas de Michelangelo e Leonardo da Vinci at\u00e9 a magnific\u00eancia do Duomo e da Ponte Vecchio, Floren\u00e7a encantar\u00e1 a todos com sua beleza eterna. A cidade \u00e9 um centro cultural vibrante, que conta com museus renomados, galerias de arte e uma atmosfera que inspira a criatividade e o aprendizado. Descubra o melhor da arte, da hist\u00f3ria e da cultura italianas vivendo nessa cidade fascinante.[\/vc_column_text][vc_btn title=&#8221;&#8221; align=&#8221;right&#8221; el_class=&#8221;btn-arrow-white&#8221; link=&#8221;url:https%3A%2F%2Flinguavivagroup.com%2Fpt-pt%2Fdestino-florenca%2F&#8221;][\/vc_column][\/vc_row][vc_row full_width=&#8221;stretch_row&#8221; gap=&#8221;30&#8243; el_class=&#8221;sezione bg-light-grey&#8221;][vc_column width=&#8221;1\/2&#8243; el_class=&#8221;slideshow slideshow-small&#8221;][vc_images_carousel images=&#8221;2826,2830,2834&#8243; img_size=&#8221;full&#8221; onclick=&#8221;link_no&#8221; wrap=&#8221;yes&#8221;][\/vc_column][vc_column width=&#8221;1\/12&#8243;][\/vc_column][vc_column width=&#8221;5\/12&#8243;][vc_column_text el_class=&#8221;red&#8221;]<\/p>\n<h2>ALOJAMENTO ESTUDANTIL EM FLOREN\u00c7A<\/h2>\n<p>[\/vc_column_text][vc_column_text]Oferecemos diversas op\u00e7\u00f5es de acomoda\u00e7\u00e3o, para garantir que a sua estadia seja confort\u00e1vel e adequada \u00e0s suas necessidades. Voc\u00ea pode optar por se hospedar em casas de fam\u00edlias italianas, mergulhando na rica cultura local e praticando o italiano em um ambiente familiar e acolhedor. Se quiser um ambiente mais soci\u00e1vel, pode optar por compartilhar um apartamento compartilhado com outros alunos internacionais, onde voc\u00ea criar\u00e1 amizades duradouras e compartilhar\u00e1 belas experi\u00eancias no cora\u00e7\u00e3o de Floren\u00e7a. Alternativamente, se preferir ter independ\u00eancia total, pode optar por um apartamento individual que lhe oferecer\u00e1 a liberdade de explorar a cidade no seu pr\u00f3prio ritmo. Escolha a acomoda\u00e7\u00e3o que melhor se adapte \u00e0s suas prefer\u00eancias e viva uma experi\u00eancia de estudo din\u00e2mica e completa na maravilhosa cidade de Floren\u00e7a.[\/vc_column_text][vc_btn title=&#8221;&#8221; align=&#8221;right&#8221; el_class=&#8221;btn-arrow-red&#8221; link=&#8221;url:https%3A%2F%2Flinguavivagroup.com%2Fpt-pt%2Facomodacao-em-florenca%2F&#8221;][\/vc_column][\/vc_row][vc_row][vc_column][vc_empty_space height=&#8221;90px&#8221;][\/vc_column][\/vc_row][vc_row full_width=&#8221;stretch_row&#8221; el_class=&#8221;sezione bg-white-blue&#8221;][vc_column width=&#8221;1\/12&#8243;][\/vc_column][vc_column width=&#8221;5\/12&#8243;][vc_column_text el_class=&#8221;white&#8221;]<\/p>\n<h2>FEES<\/h2>\n<p>[\/vc_column_text][vc_column_text el_class=&#8221;white&#8221;]Descubra os pre\u00e7os da estadia de estudo na It\u00e1lia com a Linguaviva.[\/vc_column_text][vc_btn title=&#8221;&#8221; align=&#8221;right&#8221; el_class=&#8221;btn-arrow-white&#8221; link=&#8221;url:https%3A%2F%2Flinguavivagroup.com%2Fpt-pt%2Ffees%2F&#8221;][\/vc_column][vc_column width=&#8221;1\/2&#8243;][\/vc_column][\/vc_row][vc_row][vc_column][vc_empty_space height=&#8221;90px&#8221;][\/vc_column][\/vc_row][vc_row full_width=&#8221;stretch_row_content_no_spaces&#8221;][vc_column][vc_single_image image=&#8221;2731&#8243; img_size=&#8221;full&#8221; el_class=&#8221;no-margin&#8221;][vc_row_inner el_class=&#8221;text-banner-destination&#8221;][vc_column_inner][vc_column_text]<\/p>\n<h2>DESCUBRA<br \/>\nMIL\u00c3O<\/h2>\n<p>[\/vc_column_text][vc_btn title=&#8221;&#8221; align=&#8221;right&#8221; el_class=&#8221;btn-arrow-white&#8221; link=&#8221;url:https%3A%2F%2Flinguavivagroup.com%2Fpt-pt%2Festudar-italiano-em-milao%2F&#8221;][vc_raw_html]JTNDc3R5bGUlM0UlMEEuZm9vdGVyLWZvcm0lMjAlN0JkaXNwbGF5JTNBJTIwbm9uZSUzQiU3RCUwQSUzQyUyRnN0eWxlJTNF[\/vc_raw_html][\/vc_column_inner][\/vc_row_inner][\/vc_column][\/vc_row]<\/p>\n<\/section>","protected":false},"excerpt":{"rendered":"<p>[vc_row full_width=&#8221;stretch_row_content_no_spaces&#8221; el_class=&#8221;header-image&#8221;][vc_column][vc_single_image image=&#8221;2594&#8243; img_size=&#8221;full&#8221; el_class=&#8221;img-header-big&#8221;][vc_single_image image=&#8221;2598&#8243; img_size=&#8221;full&#8221; el_class=&#8221;img-header-small&#8221;][\/vc_column][\/vc_row][vc_row el_class=&#8221;sezione&#8221;][vc_column width=&#8221;2\/12&#8243;][\/vc_column][vc_column width=&#8221;8\/12&#8243;][vc_column_text el_class=&#8221;red&#8221;] PREPARA\u00c7AO ACADEMICA EM FLOREN\u00c7A [\/vc_column_text][vc_column_text]Escolha Floren\u00e7a e prepare-se para a vida universit\u00e1ria na It\u00e1lia com a Linguaviva. Voc\u00ea aprender\u00e1 o idioma enquanto vive uma experi\u00eancia inesquec\u00edvel em uma das cidades mais fascinantes da Europa. Aqui voc\u00ea pode mergulhar na cultura, fazer amigos [&hellip;]<\/p>\n","protected":false},"author":4,"featured_media":0,"parent":0,"menu_order":-1,"comment_status":"closed","ping_status":"closed","template":"","meta":{"inline_featured_image":false,"footnotes":""},"class_list":["post-3385","page","type-page","status-publish","hentry"],"yoast_head":"<!-- This site is optimized with the Yoast SEO plugin v27.2 - https:\/\/yoast.com\/product\/yoast-seo-wordpress\/ -->\n<title>ESTUDE ITALIANO EM FLOREN\u00c7A | Linguaviva Educational Group<\/title>\n<meta name=\"description\" content=\"Escolha Floren\u00e7a e prepare-se para a vida universit\u00e1ria na It\u00e1lia com a Linguaviva.\" \/>\n<meta name=\"robots\" content=\"index, follow, max-snippet:-1, max-image-preview:large, max-video-preview:-1\" \/>\n<link rel=\"canonical\" href=\"https:\/\/linguavivagroup.com\/pt-pt\/estude-italiano-em-florenca\/\" \/>\n<meta property=\"og:locale\" content=\"pt_PT\" \/>\n<meta property=\"og:type\" content=\"article\" \/>\n<meta property=\"og:title\" content=\"ESTUDE ITALIANO EM FLOREN\u00c7A | Linguaviva Educational Group\" \/>\n<meta property=\"og:description\" content=\"Escolha Floren\u00e7a e prepare-se para a vida universit\u00e1ria na It\u00e1lia com a Linguaviva.\" \/>\n<meta property=\"og:url\" content=\"https:\/\/linguavivagroup.com\/pt-pt\/estude-italiano-em-florenca\/\" \/>\n<meta property=\"og:site_name\" content=\"Linguaviva Educational Group\" \/>\n<meta property=\"article:modified_time\" content=\"2024-04-22T07:30:06+00:00\" \/>\n<meta property=\"og:image\" content=\"https:\/\/linguavivagroup.com\/wp-content\/uploads\/2023\/04\/Educational-group.jpg\" \/>\n\t<meta property=\"og:image:width\" content=\"1920\" \/>\n\t<meta property=\"og:image:height\" content=\"923\" \/>\n\t<meta property=\"og:image:type\" content=\"image\/jpeg\" \/>\n<meta name=\"twitter:card\" content=\"summary_large_image\" \/>\n<meta name=\"twitter:label1\" content=\"Tempo estimado de leitura\" \/>\n\t<meta name=\"twitter:data1\" content=\"7 minutos\" \/>\n<script type=\"application\/ld+json\" class=\"yoast-schema-graph\">{\"@context\":\"https:\/\/schema.org\",\"@graph\":[{\"@type\":\"WebPage\",\"@id\":\"https:\/\/linguavivagroup.com\/pt-pt\/estude-italiano-em-florenca\/\",\"url\":\"https:\/\/linguavivagroup.com\/pt-pt\/estude-italiano-em-florenca\/\",\"name\":\"ESTUDE ITALIANO EM FLOREN\u00c7A | Linguaviva Educational Group\",\"isPartOf\":{\"@id\":\"https:\/\/linguavivagroup.com\/pt-pt\/#website\"},\"datePublished\":\"2023-07-25T15:27:29+00:00\",\"dateModified\":\"2024-04-22T07:30:06+00:00\",\"description\":\"Escolha Floren\u00e7a e prepare-se para a vida universit\u00e1ria na It\u00e1lia com a Linguaviva.\",\"breadcrumb\":{\"@id\":\"https:\/\/linguavivagroup.com\/pt-pt\/estude-italiano-em-florenca\/#breadcrumb\"},\"inLanguage\":\"pt-PT\",\"potentialAction\":[{\"@type\":\"ReadAction\",\"target\":[\"https:\/\/linguavivagroup.com\/pt-pt\/estude-italiano-em-florenca\/\"]}]},{\"@type\":\"BreadcrumbList\",\"@id\":\"https:\/\/linguavivagroup.com\/pt-pt\/estude-italiano-em-florenca\/#breadcrumb\",\"itemListElement\":[{\"@type\":\"ListItem\",\"position\":1,\"name\":\"Home\",\"item\":\"https:\/\/linguavivagroup.com\/pt-pt\/\"},{\"@type\":\"ListItem\",\"position\":2,\"name\":\"ESTUDE ITALIANO EM FLOREN\u00c7A\"}]},{\"@type\":\"WebSite\",\"@id\":\"https:\/\/linguavivagroup.com\/pt-pt\/#website\",\"url\":\"https:\/\/linguavivagroup.com\/pt-pt\/\",\"name\":\"Linguaviva Educational Group\",\"description\":\"Study and learn italian in italy\",\"publisher\":{\"@id\":\"https:\/\/linguavivagroup.com\/pt-pt\/#organization\"},\"potentialAction\":[{\"@type\":\"SearchAction\",\"target\":{\"@type\":\"EntryPoint\",\"urlTemplate\":\"https:\/\/linguavivagroup.com\/pt-pt\/?s={search_term_string}\"},\"query-input\":{\"@type\":\"PropertyValueSpecification\",\"valueRequired\":true,\"valueName\":\"search_term_string\"}}],\"inLanguage\":\"pt-PT\"},{\"@type\":\"Organization\",\"@id\":\"https:\/\/linguavivagroup.com\/pt-pt\/#organization\",\"name\":\"Linguaviva Educational Group\",\"url\":\"https:\/\/linguavivagroup.com\/pt-pt\/\",\"logo\":{\"@type\":\"ImageObject\",\"inLanguage\":\"pt-PT\",\"@id\":\"https:\/\/linguavivagroup.com\/pt-pt\/#\/schema\/logo\/image\/\",\"url\":\"https:\/\/linguavivagroup.com\/wp-content\/uploads\/2026\/03\/logo-linguaviva-bianco-50-260.png\",\"contentUrl\":\"https:\/\/linguavivagroup.com\/wp-content\/uploads\/2026\/03\/logo-linguaviva-bianco-50-260.png\",\"width\":260,\"height\":48,\"caption\":\"Linguaviva Educational Group\"},\"image\":{\"@id\":\"https:\/\/linguavivagroup.com\/pt-pt\/#\/schema\/logo\/image\/\"}}]}<\/script>\n<!-- \/ Yoast SEO plugin. -->","yoast_head_json":{"title":"ESTUDE ITALIANO EM FLOREN\u00c7A | Linguaviva Educational Group","description":"Escolha Floren\u00e7a e prepare-se para a vida universit\u00e1ria na It\u00e1lia com a Linguaviva.","robots":{"index":"index","follow":"follow","max-snippet":"max-snippet:-1","max-image-preview":"max-image-preview:large","max-video-preview":"max-video-preview:-1"},"canonical":"https:\/\/linguavivagroup.com\/pt-pt\/estude-italiano-em-florenca\/","og_locale":"pt_PT","og_type":"article","og_title":"ESTUDE ITALIANO EM FLOREN\u00c7A | Linguaviva Educational Group","og_description":"Escolha Floren\u00e7a e prepare-se para a vida universit\u00e1ria na It\u00e1lia com a Linguaviva.","og_url":"https:\/\/linguavivagroup.com\/pt-pt\/estude-italiano-em-florenca\/","og_site_name":"Linguaviva Educational Group","article_modified_time":"2024-04-22T07:30:06+00:00","og_image":[{"width":1920,"height":923,"url":"https:\/\/linguavivagroup.com\/wp-content\/uploads\/2023\/04\/Educational-group.jpg","type":"image\/jpeg"}],"twitter_card":"summary_large_image","twitter_misc":{"Tempo estimado de leitura":"7 minutos"},"schema":{"@context":"https:\/\/schema.org","@graph":[{"@type":"WebPage","@id":"https:\/\/linguavivagroup.com\/pt-pt\/estude-italiano-em-florenca\/","url":"https:\/\/linguavivagroup.com\/pt-pt\/estude-italiano-em-florenca\/","name":"ESTUDE ITALIANO EM FLOREN\u00c7A | Linguaviva Educational Group","isPartOf":{"@id":"https:\/\/linguavivagroup.com\/pt-pt\/#website"},"datePublished":"2023-07-25T15:27:29+00:00","dateModified":"2024-04-22T07:30:06+00:00","description":"Escolha Floren\u00e7a e prepare-se para a vida universit\u00e1ria na It\u00e1lia com a Linguaviva.","breadcrumb":{"@id":"https:\/\/linguavivagroup.com\/pt-pt\/estude-italiano-em-florenca\/#breadcrumb"},"inLanguage":"pt-PT","potentialAction":[{"@type":"ReadAction","target":["https:\/\/linguavivagroup.com\/pt-pt\/estude-italiano-em-florenca\/"]}]},{"@type":"BreadcrumbList","@id":"https:\/\/linguavivagroup.com\/pt-pt\/estude-italiano-em-florenca\/#breadcrumb","itemListElement":[{"@type":"ListItem","position":1,"name":"Home","item":"https:\/\/linguavivagroup.com\/pt-pt\/"},{"@type":"ListItem","position":2,"name":"ESTUDE ITALIANO EM FLOREN\u00c7A"}]},{"@type":"WebSite","@id":"https:\/\/linguavivagroup.com\/pt-pt\/#website","url":"https:\/\/linguavivagroup.com\/pt-pt\/","name":"Linguaviva Educational Group","description":"Study and learn italian in italy","publisher":{"@id":"https:\/\/linguavivagroup.com\/pt-pt\/#organization"},"potentialAction":[{"@type":"SearchAction","target":{"@type":"EntryPoint","urlTemplate":"https:\/\/linguavivagroup.com\/pt-pt\/?s={search_term_string}"},"query-input":{"@type":"PropertyValueSpecification","valueRequired":true,"valueName":"search_term_string"}}],"inLanguage":"pt-PT"},{"@type":"Organization","@id":"https:\/\/linguavivagroup.com\/pt-pt\/#organization","name":"Linguaviva Educational Group","url":"https:\/\/linguavivagroup.com\/pt-pt\/","logo":{"@type":"ImageObject","inLanguage":"pt-PT","@id":"https:\/\/linguavivagroup.com\/pt-pt\/#\/schema\/logo\/image\/","url":"https:\/\/linguavivagroup.com\/wp-content\/uploads\/2026\/03\/logo-linguaviva-bianco-50-260.png","contentUrl":"https:\/\/linguavivagroup.com\/wp-content\/uploads\/2026\/03\/logo-linguaviva-bianco-50-260.png","width":260,"height":48,"caption":"Linguaviva Educational Group"},"image":{"@id":"https:\/\/linguavivagroup.com\/pt-pt\/#\/schema\/logo\/image\/"}}]}},"_links":{"self":[{"href":"https:\/\/linguavivagroup.com\/pt-pt\/wp-json\/wp\/v2\/pages\/3385","targetHints":{"allow":["GET"]}}],"collection":[{"href":"https:\/\/linguavivagroup.com\/pt-pt\/wp-json\/wp\/v2\/pages"}],"about":[{"href":"https:\/\/linguavivagroup.com\/pt-pt\/wp-json\/wp\/v2\/types\/page"}],"author":[{"embeddable":true,"href":"https:\/\/linguavivagroup.com\/pt-pt\/wp-json\/wp\/v2\/users\/4"}],"replies":[{"embeddable":true,"href":"https:\/\/linguavivagroup.com\/pt-pt\/wp-json\/wp\/v2\/comments?post=3385"}],"version-history":[{"count":12,"href":"https:\/\/linguavivagroup.com\/pt-pt\/wp-json\/wp\/v2\/pages\/3385\/revisions"}],"predecessor-version":[{"id":9992,"href":"https:\/\/linguavivagroup.com\/pt-pt\/wp-json\/wp\/v2\/pages\/3385\/revisions\/9992"}],"wp:attachment":[{"href":"https:\/\/linguavivagroup.com\/pt-pt\/wp-json\/wp\/v2\/media?parent=3385"}],"curies":[{"name":"wp","href":"https:\/\/api.w.org\/{rel}","templated":true}]}}