{"id":3388,"date":"2023-07-25T17:11:53","date_gmt":"2023-07-25T15:11:53","guid":{"rendered":"https:\/\/linguavivagroup.com\/?page_id=3388"},"modified":"2024-04-22T09:28:43","modified_gmt":"2024-04-22T07:28:43","slug":"estudar-italiano-em-milao","status":"publish","type":"page","link":"https:\/\/linguavivagroup.com\/pt-pt\/estudar-italiano-em-milao\/","title":{"rendered":"ESTUDAR ITALIANO EM MIL\u00c3O"},"content":{"rendered":"<section class=\"wpb-content-wrapper\"><p>[vc_row full_width=&#8221;stretch_row_content_no_spaces&#8221; el_class=&#8221;header-image&#8221;][vc_column][vc_single_image image=&#8221;2731&#8243; img_size=&#8221;full&#8221; el_class=&#8221;img-header-big&#8221;][vc_single_image image=&#8221;2735&#8243; img_size=&#8221;full&#8221; el_class=&#8221;img-header-small&#8221;][\/vc_column][\/vc_row][vc_row el_class=&#8221;sezione&#8221;][vc_column width=&#8221;2\/12&#8243;][\/vc_column][vc_column width=&#8221;8\/12&#8243;][vc_column_text el_class=&#8221;red&#8221;]<\/p>\n<h1 style=\"text-align: center;\">PREPARACAO ACADEMICA<br \/>\nEM MIL\u00c3O<\/h1>\n<p>[\/vc_column_text][vc_column_text]Escolha Mil\u00e3o e prepare-se para a vida universit\u00e1ria na It\u00e1lia com a Linguaviva. Voc\u00ea aprender\u00e1 o idioma enquanto vive uma experi\u00eancia inesquec\u00edvel em uma das cidades mais vibrantes da Europa. Aqui voc\u00ea pode mergulhar na cultura, fazer amigos de todo o mundo e realizar os seus objetivos acad\u00eamicos em uma cidade cheia de oportunidades.[\/vc_column_text][\/vc_column][vc_column width=&#8221;2\/12&#8243;][\/vc_column][\/vc_row][vc_row full_width=&#8221;stretch_row&#8221; gap=&#8221;30&#8243; el_class=&#8221;sezione bg-red&#8221;][vc_column width=&#8221;5\/12&#8243;][vc_column_text el_class=&#8221;white&#8221;]<\/p>\n<h2>ALCANCE SEUS OBJETIVOS EM MIL\u00c3O<\/h2>\n<p>[\/vc_column_text][vc_column_text el_class=&#8221;white&#8221;]A Linguaviva oferece uma ampla variedade de cursos de italiano personalizados para ajudar voc\u00ea a realizar os seus objetivos acad\u00eamicos. Com uma metodologia din\u00e2mica e interativa, voc\u00ea aprimorar\u00e1 suas habilidades no idioma, adquirir\u00e1 uma base gramatical s\u00f3lida e aprimorar\u00e1 sua capacidade de se comunicar em italiano. Al\u00e9m das aulas em sala de aula, voc\u00ea poder\u00e1 participar de experi\u00eancias culturais exclusivas, como visitas a museus, oficinas de design e moda e eventos que proporcionar\u00e3o uma imers\u00e3o total na vida milanesa. Viva uma experi\u00eancia aut\u00eantica enquanto aprende o idioma italiano em uma das cidades mais din\u00e2micas e cheias de vida da It\u00e1lia.[\/vc_column_text][vc_btn title=&#8221;&#8221; align=&#8221;right&#8221; el_class=&#8221;btn-arrow-white&#8221; link=&#8221;url:https%3A%2F%2Flinguavivagroup.com%2Fpt-pt%2Fcursos%2Fcursos-preparatorios-para-a-universidade-italiana-em-milao%2F&#8221;][\/vc_column][vc_column width=&#8221;1\/12&#8243;][\/vc_column][vc_column width=&#8221;1\/2&#8243; el_class=&#8221;slideshow slideshow-small&#8221;][vc_images_carousel images=&#8221;2759,2763,2767,2771&#8243; img_size=&#8221;full&#8221; onclick=&#8221;link_no&#8221; wrap=&#8221;yes&#8221;][vc_single_image image=&#8221;312&#8243; img_size=&#8221;full&#8221; el_class=&#8221;square square-small s-top-50 s-right-50&#8243;][vc_single_image image=&#8221;336&#8243; img_size=&#8221;full&#8221; el_class=&#8221;square square-small s-top-50 s-right50&#8243;][vc_single_image image=&#8221;336&#8243; img_size=&#8221;full&#8221; el_class=&#8221;square square-small s-top50 s-right-50&#8243;][vc_single_image image=&#8221;336&#8243; img_size=&#8221;full&#8221; el_class=&#8221;square square-small s-bottom-50 s-left-50&#8243;][\/vc_column][\/vc_row][vc_row full_width=&#8221;stretch_row&#8221; gap=&#8221;30&#8243; el_class=&#8221;sezione bg-red no-padding-bottom&#8221;][vc_column width=&#8221;6\/12&#8243; el_class=&#8221;slideshow slideshow-small&#8221;][vc_images_carousel images=&#8221;2739,2743,2747,2751,2755&#8243; img_size=&#8221;full&#8221; onclick=&#8221;link_no&#8221; wrap=&#8221;yes&#8221;][vc_single_image image=&#8221;312&#8243; img_size=&#8221;full&#8221; el_class=&#8221;square square-small s-bottom-50 s-left-50&#8243;][vc_single_image image=&#8221;336&#8243; img_size=&#8221;full&#8221; el_class=&#8221;square square-small s-bottom-50 s-left50&#8243;][vc_single_image image=&#8221;336&#8243; img_size=&#8221;full&#8221; el_class=&#8221;square square-small s-bottom50 s-left-50&#8243;][vc_single_image image=&#8221;336&#8243; img_size=&#8221;full&#8221; el_class=&#8221;square square-small s-top-50 s-right-50&#8243;][\/vc_column][vc_column width=&#8221;1\/12&#8243;][\/vc_column][vc_column width=&#8221;5\/12&#8243;][vc_column_text el_class=&#8221;white&#8221;]<\/p>\n<h2>MIL\u00c3O: UMA CIDADE PERFEITA PARA ESTUDANTES<\/h2>\n<p>[\/vc_column_text][vc_column_text el_class=&#8221;white&#8221;]Mil\u00e3o, uma cidade que recebe voc\u00ea de bra\u00e7os abertos com sua combina\u00e7\u00e3o \u00fanica de tradi\u00e7\u00e3o e modernidade, \u00e9 o lugar ideal para voc\u00ea se preparar para frequentar uma universidade italiana. Al\u00e9m das maravilhas arquitet\u00f4nicas, como o Duomo e o Castello Sforzesco, Mil\u00e3o \u00e9 conhecida por ser uma das capitais europeias da moda, do design e dos neg\u00f3cios. Aqui voc\u00ea encontrar\u00e1 um ambiente cosmopolita e vibrante, com um cen\u00e1rio cultural animado e uma infinidade de oportunidades para enriquecer a sua forma\u00e7\u00e3o acad\u00eamica. Mil\u00e3o oferece o melhor dos dois mundos: um ambiente estimulante para estudantes e uma cidade cheia de oportunidades de estudo e crescimento pessoal.[\/vc_column_text][vc_btn title=&#8221;&#8221; align=&#8221;right&#8221; el_class=&#8221;btn-arrow-white&#8221; link=&#8221;url:https%3A%2F%2Flinguavivagroup.com%2Fpt-pt%2Fdestino-milao%2F&#8221;][\/vc_column][\/vc_row][vc_row full_width=&#8221;stretch_row&#8221; gap=&#8221;30&#8243; el_class=&#8221;sezione bg-light-grey&#8221;][vc_column width=&#8221;1\/2&#8243; el_class=&#8221;slideshow slideshow-small&#8221;][vc_images_carousel images=&#8221;2775,2779,2783&#8243; img_size=&#8221;full&#8221; onclick=&#8221;link_no&#8221; wrap=&#8221;yes&#8221;][\/vc_column][vc_column width=&#8221;1\/12&#8243;][\/vc_column][vc_column width=&#8221;5\/12&#8243;][vc_column_text el_class=&#8221;red&#8221;]<\/p>\n<h2>ACOMODA\u00c7\u00c3O PARA ESTUDANTES EM MIL\u00c3O<\/h2>\n<p>[\/vc_column_text][vc_column_text]Oferecemos diversas op\u00e7\u00f5es de acomoda\u00e7\u00e3o para garantir que voc\u00ea tenha uma estadia confort\u00e1vel e adequada. Se escolher Mil\u00e3o, poder\u00e1 se hospedar em casas de fam\u00edlias italianas, que lhe oferecer\u00e3o um ambiente familiar e acolhedor, onde voc\u00ea poder\u00e1 praticar seu italiano e descobrir a cultura local. Se preferir mais independ\u00eancia, pode optar por compartilhar um apartamento com outros estudantes internacionais, criando amizades duradouras e compartilhando experi\u00eancias na animada atmosfera milanesa. Alternativamente, voc\u00ea pode escolher um apartamento individual, em que voc\u00ea ter\u00e1 liberdade para explorar a cidade no seu pr\u00f3prio ritmo. Se quiser ter uma experi\u00eancia completa de como \u00e9 a vida universit\u00e1ria na It\u00e1lia, voc\u00ea pode optar pela acomoda\u00e7\u00e3o em uma resid\u00eancia estudantil, onde ter\u00e1 a oportunidade de viver em um ambiente din\u00e2mico e compartilhar experi\u00eancias com estudantes de todo o mundo.[\/vc_column_text][vc_btn title=&#8221;&#8221; align=&#8221;right&#8221; el_class=&#8221;btn-arrow-red&#8221; link=&#8221;url:https%3A%2F%2Flinguavivagroup.com%2Fpt-pt%2Facomodacao%2F&#8221;][\/vc_column][\/vc_row][vc_row][vc_column][vc_empty_space height=&#8221;90px&#8221;][\/vc_column][\/vc_row][vc_row full_width=&#8221;stretch_row&#8221; el_class=&#8221;sezione bg-white-blue&#8221;][vc_column width=&#8221;1\/12&#8243;][\/vc_column][vc_column width=&#8221;5\/12&#8243;][vc_column_text el_class=&#8221;white&#8221;]<\/p>\n<h2>FEES<\/h2>\n<p>[\/vc_column_text][vc_column_text el_class=&#8221;white&#8221;]Descubra os pre\u00e7os da estadia de estudo na It\u00e1lia com a Linguaviava.[\/vc_column_text][vc_btn title=&#8221;&#8221; align=&#8221;right&#8221; el_class=&#8221;btn-arrow-white&#8221; link=&#8221;url:https%3A%2F%2Flinguavivagroup.com%2Fpt-pt%2Ffees%2F&#8221;][\/vc_column][vc_column width=&#8221;1\/2&#8243;][\/vc_column][\/vc_row][vc_row][vc_column][vc_empty_space height=&#8221;90px&#8221;][\/vc_column][\/vc_row][vc_row full_width=&#8221;stretch_row_content_no_spaces&#8221;][vc_column][vc_single_image image=&#8221;2787&#8243; img_size=&#8221;full&#8221; el_class=&#8221;no-margin&#8221;][vc_row_inner el_class=&#8221;text-banner-destination&#8221;][vc_column_inner][vc_column_text]<\/p>\n<h2>DESCUBRE<br \/>\nFLORENCIA<\/h2>\n<p>[\/vc_column_text][vc_btn title=&#8221;&#8221; align=&#8221;right&#8221; el_class=&#8221;btn-arrow-white&#8221; link=&#8221;url:https%3A%2F%2Flinguavivagroup.com%2Fpt-pt%2Festude-italiano-em-florenca%2F&#8221;][vc_raw_html]JTNDc3R5bGUlM0UlMEEuZm9vdGVyLWZvcm0lMjAlN0JkaXNwbGF5JTNBJTIwbm9uZSUzQiU3RCUwQSUzQyUyRnN0eWxlJTNF[\/vc_raw_html][\/vc_column_inner][\/vc_row_inner][\/vc_column][\/vc_row]<\/p>\n<\/section>","protected":false},"excerpt":{"rendered":"<p>[vc_row full_width=&#8221;stretch_row_content_no_spaces&#8221; el_class=&#8221;header-image&#8221;][vc_column][vc_single_image image=&#8221;2731&#8243; img_size=&#8221;full&#8221; el_class=&#8221;img-header-big&#8221;][vc_single_image image=&#8221;2735&#8243; img_size=&#8221;full&#8221; el_class=&#8221;img-header-small&#8221;][\/vc_column][\/vc_row][vc_row el_class=&#8221;sezione&#8221;][vc_column width=&#8221;2\/12&#8243;][\/vc_column][vc_column width=&#8221;8\/12&#8243;][vc_column_text el_class=&#8221;red&#8221;] PREPARACAO ACADEMICA EM MIL\u00c3O [\/vc_column_text][vc_column_text]Escolha Mil\u00e3o e prepare-se para a vida universit\u00e1ria na It\u00e1lia com a Linguaviva. Voc\u00ea aprender\u00e1 o idioma enquanto vive uma experi\u00eancia inesquec\u00edvel em uma das cidades mais vibrantes da Europa. Aqui voc\u00ea pode mergulhar na cultura, fazer amigos [&hellip;]<\/p>\n","protected":false},"author":4,"featured_media":0,"parent":0,"menu_order":-1,"comment_status":"closed","ping_status":"closed","template":"","meta":{"inline_featured_image":false,"footnotes":""},"class_list":["post-3388","page","type-page","status-publish","hentry"],"yoast_head":"<!-- This site is optimized with the Yoast SEO plugin v27.2 - https:\/\/yoast.com\/product\/yoast-seo-wordpress\/ -->\n<title>ESTUDAR ITALIANO EM MIL\u00c3O | Linguaviva Educational Group<\/title>\n<meta name=\"description\" content=\"Escolha Mil\u00e3o e prepare-se para a vida universit\u00e1ria na It\u00e1lia com a Linguaviva. Voc\u00ea aprender\u00e1 o idioma enquanto vive uma experi\u00eancia inesquec\u00edvel em uma das cidades mais vibrantes da Europa.\" \/>\n<meta name=\"robots\" content=\"index, follow, max-snippet:-1, max-image-preview:large, max-video-preview:-1\" \/>\n<link rel=\"canonical\" href=\"https:\/\/linguavivagroup.com\/pt-pt\/estudar-italiano-em-milao\/\" \/>\n<meta property=\"og:locale\" content=\"pt_PT\" \/>\n<meta property=\"og:type\" content=\"article\" \/>\n<meta property=\"og:title\" content=\"ESTUDAR ITALIANO EM MIL\u00c3O | Linguaviva Educational Group\" \/>\n<meta property=\"og:description\" content=\"Escolha Mil\u00e3o e prepare-se para a vida universit\u00e1ria na It\u00e1lia com a Linguaviva. Voc\u00ea aprender\u00e1 o idioma enquanto vive uma experi\u00eancia inesquec\u00edvel em uma das cidades mais vibrantes da Europa.\" \/>\n<meta property=\"og:url\" content=\"https:\/\/linguavivagroup.com\/pt-pt\/estudar-italiano-em-milao\/\" \/>\n<meta property=\"og:site_name\" content=\"Linguaviva Educational Group\" \/>\n<meta property=\"article:modified_time\" content=\"2024-04-22T07:28:43+00:00\" \/>\n<meta property=\"og:image\" content=\"https:\/\/linguavivagroup.com\/wp-content\/uploads\/2023\/04\/Educational-group.jpg\" \/>\n\t<meta property=\"og:image:width\" content=\"1920\" \/>\n\t<meta property=\"og:image:height\" content=\"923\" \/>\n\t<meta property=\"og:image:type\" content=\"image\/jpeg\" \/>\n<meta name=\"twitter:card\" content=\"summary_large_image\" \/>\n<meta name=\"twitter:label1\" content=\"Tempo estimado de leitura\" \/>\n\t<meta name=\"twitter:data1\" content=\"8 minutos\" \/>\n<script type=\"application\/ld+json\" class=\"yoast-schema-graph\">{\"@context\":\"https:\/\/schema.org\",\"@graph\":[{\"@type\":\"WebPage\",\"@id\":\"https:\/\/linguavivagroup.com\/pt-pt\/estudar-italiano-em-milao\/\",\"url\":\"https:\/\/linguavivagroup.com\/pt-pt\/estudar-italiano-em-milao\/\",\"name\":\"ESTUDAR ITALIANO EM MIL\u00c3O | Linguaviva Educational Group\",\"isPartOf\":{\"@id\":\"https:\/\/linguavivagroup.com\/pt-pt\/#website\"},\"datePublished\":\"2023-07-25T15:11:53+00:00\",\"dateModified\":\"2024-04-22T07:28:43+00:00\",\"description\":\"Escolha Mil\u00e3o e prepare-se para a vida universit\u00e1ria na It\u00e1lia com a Linguaviva. Voc\u00ea aprender\u00e1 o idioma enquanto vive uma experi\u00eancia inesquec\u00edvel em uma das cidades mais vibrantes da Europa.\",\"breadcrumb\":{\"@id\":\"https:\/\/linguavivagroup.com\/pt-pt\/estudar-italiano-em-milao\/#breadcrumb\"},\"inLanguage\":\"pt-PT\",\"potentialAction\":[{\"@type\":\"ReadAction\",\"target\":[\"https:\/\/linguavivagroup.com\/pt-pt\/estudar-italiano-em-milao\/\"]}]},{\"@type\":\"BreadcrumbList\",\"@id\":\"https:\/\/linguavivagroup.com\/pt-pt\/estudar-italiano-em-milao\/#breadcrumb\",\"itemListElement\":[{\"@type\":\"ListItem\",\"position\":1,\"name\":\"Home\",\"item\":\"https:\/\/linguavivagroup.com\/pt-pt\/\"},{\"@type\":\"ListItem\",\"position\":2,\"name\":\"ESTUDAR ITALIANO EM MIL\u00c3O\"}]},{\"@type\":\"WebSite\",\"@id\":\"https:\/\/linguavivagroup.com\/pt-pt\/#website\",\"url\":\"https:\/\/linguavivagroup.com\/pt-pt\/\",\"name\":\"Linguaviva Educational Group\",\"description\":\"Study and learn italian in italy\",\"publisher\":{\"@id\":\"https:\/\/linguavivagroup.com\/pt-pt\/#organization\"},\"potentialAction\":[{\"@type\":\"SearchAction\",\"target\":{\"@type\":\"EntryPoint\",\"urlTemplate\":\"https:\/\/linguavivagroup.com\/pt-pt\/?s={search_term_string}\"},\"query-input\":{\"@type\":\"PropertyValueSpecification\",\"valueRequired\":true,\"valueName\":\"search_term_string\"}}],\"inLanguage\":\"pt-PT\"},{\"@type\":\"Organization\",\"@id\":\"https:\/\/linguavivagroup.com\/pt-pt\/#organization\",\"name\":\"Linguaviva Educational Group\",\"url\":\"https:\/\/linguavivagroup.com\/pt-pt\/\",\"logo\":{\"@type\":\"ImageObject\",\"inLanguage\":\"pt-PT\",\"@id\":\"https:\/\/linguavivagroup.com\/pt-pt\/#\/schema\/logo\/image\/\",\"url\":\"https:\/\/linguavivagroup.com\/wp-content\/uploads\/2026\/03\/logo-linguaviva-bianco-50-260.png\",\"contentUrl\":\"https:\/\/linguavivagroup.com\/wp-content\/uploads\/2026\/03\/logo-linguaviva-bianco-50-260.png\",\"width\":260,\"height\":48,\"caption\":\"Linguaviva Educational Group\"},\"image\":{\"@id\":\"https:\/\/linguavivagroup.com\/pt-pt\/#\/schema\/logo\/image\/\"}}]}<\/script>\n<!-- \/ Yoast SEO plugin. -->","yoast_head_json":{"title":"ESTUDAR ITALIANO EM MIL\u00c3O | Linguaviva Educational Group","description":"Escolha Mil\u00e3o e prepare-se para a vida universit\u00e1ria na It\u00e1lia com a Linguaviva. Voc\u00ea aprender\u00e1 o idioma enquanto vive uma experi\u00eancia inesquec\u00edvel em uma das cidades mais vibrantes da Europa.","robots":{"index":"index","follow":"follow","max-snippet":"max-snippet:-1","max-image-preview":"max-image-preview:large","max-video-preview":"max-video-preview:-1"},"canonical":"https:\/\/linguavivagroup.com\/pt-pt\/estudar-italiano-em-milao\/","og_locale":"pt_PT","og_type":"article","og_title":"ESTUDAR ITALIANO EM MIL\u00c3O | Linguaviva Educational Group","og_description":"Escolha Mil\u00e3o e prepare-se para a vida universit\u00e1ria na It\u00e1lia com a Linguaviva. Voc\u00ea aprender\u00e1 o idioma enquanto vive uma experi\u00eancia inesquec\u00edvel em uma das cidades mais vibrantes da Europa.","og_url":"https:\/\/linguavivagroup.com\/pt-pt\/estudar-italiano-em-milao\/","og_site_name":"Linguaviva Educational Group","article_modified_time":"2024-04-22T07:28:43+00:00","og_image":[{"width":1920,"height":923,"url":"https:\/\/linguavivagroup.com\/wp-content\/uploads\/2023\/04\/Educational-group.jpg","type":"image\/jpeg"}],"twitter_card":"summary_large_image","twitter_misc":{"Tempo estimado de leitura":"8 minutos"},"schema":{"@context":"https:\/\/schema.org","@graph":[{"@type":"WebPage","@id":"https:\/\/linguavivagroup.com\/pt-pt\/estudar-italiano-em-milao\/","url":"https:\/\/linguavivagroup.com\/pt-pt\/estudar-italiano-em-milao\/","name":"ESTUDAR ITALIANO EM MIL\u00c3O | Linguaviva Educational Group","isPartOf":{"@id":"https:\/\/linguavivagroup.com\/pt-pt\/#website"},"datePublished":"2023-07-25T15:11:53+00:00","dateModified":"2024-04-22T07:28:43+00:00","description":"Escolha Mil\u00e3o e prepare-se para a vida universit\u00e1ria na It\u00e1lia com a Linguaviva. Voc\u00ea aprender\u00e1 o idioma enquanto vive uma experi\u00eancia inesquec\u00edvel em uma das cidades mais vibrantes da Europa.","breadcrumb":{"@id":"https:\/\/linguavivagroup.com\/pt-pt\/estudar-italiano-em-milao\/#breadcrumb"},"inLanguage":"pt-PT","potentialAction":[{"@type":"ReadAction","target":["https:\/\/linguavivagroup.com\/pt-pt\/estudar-italiano-em-milao\/"]}]},{"@type":"BreadcrumbList","@id":"https:\/\/linguavivagroup.com\/pt-pt\/estudar-italiano-em-milao\/#breadcrumb","itemListElement":[{"@type":"ListItem","position":1,"name":"Home","item":"https:\/\/linguavivagroup.com\/pt-pt\/"},{"@type":"ListItem","position":2,"name":"ESTUDAR ITALIANO EM MIL\u00c3O"}]},{"@type":"WebSite","@id":"https:\/\/linguavivagroup.com\/pt-pt\/#website","url":"https:\/\/linguavivagroup.com\/pt-pt\/","name":"Linguaviva Educational Group","description":"Study and learn italian in italy","publisher":{"@id":"https:\/\/linguavivagroup.com\/pt-pt\/#organization"},"potentialAction":[{"@type":"SearchAction","target":{"@type":"EntryPoint","urlTemplate":"https:\/\/linguavivagroup.com\/pt-pt\/?s={search_term_string}"},"query-input":{"@type":"PropertyValueSpecification","valueRequired":true,"valueName":"search_term_string"}}],"inLanguage":"pt-PT"},{"@type":"Organization","@id":"https:\/\/linguavivagroup.com\/pt-pt\/#organization","name":"Linguaviva Educational Group","url":"https:\/\/linguavivagroup.com\/pt-pt\/","logo":{"@type":"ImageObject","inLanguage":"pt-PT","@id":"https:\/\/linguavivagroup.com\/pt-pt\/#\/schema\/logo\/image\/","url":"https:\/\/linguavivagroup.com\/wp-content\/uploads\/2026\/03\/logo-linguaviva-bianco-50-260.png","contentUrl":"https:\/\/linguavivagroup.com\/wp-content\/uploads\/2026\/03\/logo-linguaviva-bianco-50-260.png","width":260,"height":48,"caption":"Linguaviva Educational Group"},"image":{"@id":"https:\/\/linguavivagroup.com\/pt-pt\/#\/schema\/logo\/image\/"}}]}},"_links":{"self":[{"href":"https:\/\/linguavivagroup.com\/pt-pt\/wp-json\/wp\/v2\/pages\/3388","targetHints":{"allow":["GET"]}}],"collection":[{"href":"https:\/\/linguavivagroup.com\/pt-pt\/wp-json\/wp\/v2\/pages"}],"about":[{"href":"https:\/\/linguavivagroup.com\/pt-pt\/wp-json\/wp\/v2\/types\/page"}],"author":[{"embeddable":true,"href":"https:\/\/linguavivagroup.com\/pt-pt\/wp-json\/wp\/v2\/users\/4"}],"replies":[{"embeddable":true,"href":"https:\/\/linguavivagroup.com\/pt-pt\/wp-json\/wp\/v2\/comments?post=3388"}],"version-history":[{"count":11,"href":"https:\/\/linguavivagroup.com\/pt-pt\/wp-json\/wp\/v2\/pages\/3388\/revisions"}],"predecessor-version":[{"id":9991,"href":"https:\/\/linguavivagroup.com\/pt-pt\/wp-json\/wp\/v2\/pages\/3388\/revisions\/9991"}],"wp:attachment":[{"href":"https:\/\/linguavivagroup.com\/pt-pt\/wp-json\/wp\/v2\/media?parent=3388"}],"curies":[{"name":"wp","href":"https:\/\/api.w.org\/{rel}","templated":true}]}}