{"id":3391,"date":"2023-07-25T15:20:11","date_gmt":"2023-07-25T13:20:11","guid":{"rendered":"https:\/\/linguavivagroup.com\/?page_id=3391"},"modified":"2024-04-02T15:13:02","modified_gmt":"2024-04-02T13:13:02","slug":"curso-de-ferias-de-verao-para-jovens","status":"publish","type":"page","link":"https:\/\/linguavivagroup.com\/pt-pt\/curso-de-ferias-de-verao-para-jovens\/","title":{"rendered":"CURSO DE F\u00c9RIAS DE VER\u00c3O PARA JOVENS"},"content":{"rendered":"<section class=\"wpb-content-wrapper\"><p>[vc_row full_width=&#8221;stretch_row_content_no_spaces&#8221; el_class=&#8221;header-image&#8221;][vc_column][vc_single_image image=&#8221;3117&#8243; img_size=&#8221;full&#8221; el_class=&#8221;img-header-big&#8221;][vc_single_image image=&#8221;3113&#8243; img_size=&#8221;full&#8221; el_class=&#8221;img-header-small&#8221;][\/vc_column][\/vc_row][vc_row el_class=&#8221;sezione&#8221;][vc_column width=&#8221;2\/12&#8243;][\/vc_column][vc_column width=&#8221;8\/12&#8243;][vc_column_text el_class=&#8221;red&#8221;]<\/p>\n<h1 style=\"text-align: center;\">CURSO DE F\u00c9RIAS DE VER\u00c3O PARA JOVENS<\/h1>\n<p>[\/vc_column_text][vc_column_text]Voc\u00ea est\u00e1 procurando um programa de f\u00e9rias interessante e completo para estudar italiano, seguindo um programa voltado especificamente para jovens? Escolha uma das viagens de estudo da Linguaviva para alunos de 14 a 17 anos, dispon\u00edveis em tr\u00eas destinos fant\u00e1sticos: Floren\u00e7a, Mil\u00e3o e Lignano Sabbiadoro.<br \/>\nVenha passar as suas pr\u00f3ximas f\u00e9rias de ver\u00e3o conosco. Ser\u00e1 uma experi\u00eancia inesquec\u00edvel![\/vc_column_text][\/vc_column][vc_column width=&#8221;2\/12&#8243;][\/vc_column][\/vc_row][vc_row gap=&#8221;30&#8243; el_class=&#8221;sezione&#8221;][vc_column width=&#8221;1\/3&#8243;][vc_column_text el_class=&#8221;red&#8221;]<\/p>\n<h2>CURSOS<\/h2>\n<p>[\/vc_column_text][vc_column_text]Escolha o seu pr\u00f3ximo caminho educacional.[\/vc_column_text][vc_btn title=&#8221;&#8221; align=&#8221;right&#8221; el_class=&#8221;btn-arrow-red&#8221; link=&#8221;url:https%3A%2F%2Flinguavivagroup.com%2Fpt-pt%2Fcursos-de-lingua-e-cultura-italiana%2F&#8221;][\/vc_column][vc_column width=&#8221;2\/3&#8243;][\/vc_column][\/vc_row][vc_row][vc_column][vc_basic_grid post_type=&#8221;courses&#8221; max_items=&#8221;-1&#8243; gap=&#8221;15&#8243; orderby=&#8221;menu_order&#8221; item=&#8221;508&#8243; initial_loading_animation=&#8221;none&#8221; grid_id=&#8221;vc_gid:1707317401074-2683e2f6-09c7-5&#8243; el_class=&#8221;elenco-corsi elenco-corsi-red&#8221; taxonomies=&#8221;168&#8243;][\/vc_column][\/vc_row][vc_row full_width=&#8221;stretch_row&#8221; el_class=&#8221;sezione bg-red&#8221;][vc_column][vc_row_inner el_class=&#8221;row-banner-v2_1&#8243;][vc_column_inner width=&#8221;1\/12&#8243;][\/vc_column_inner][vc_column_inner width=&#8221;6\/12&#8243;][vc_single_image image=&#8221;5068&#8243; img_size=&#8221;full&#8221; onclick=&#8221;custom_link&#8221; link=&#8221;#&#8221; el_class=&#8221;img-hover-zoom&#8221;][\/vc_column_inner][vc_column_inner el_class=&#8221;col-mleft-40&#8243; width=&#8221;4\/12&#8243;][vc_column_text el_class=&#8221;white&#8221;]<\/p>\n<h2>APRENDA ITALIANO E DIVIRTA-SE EM FLOREN\u00c7A<\/h2>\n<p>[\/vc_column_text][\/vc_column_inner][vc_column_inner width=&#8221;1\/12&#8243;][\/vc_column_inner][\/vc_row_inner][vc_row_inner el_class=&#8221;row-banner-v2_2 no-padding&#8221;][vc_column_inner width=&#8221;1\/12&#8243;][\/vc_column_inner][vc_column_inner width=&#8221;4\/12&#8243;][vc_column_text el_class=&#8221;white&#8221;]Em Floren\u00e7a, a cidade da arte e da cultura, os jovens poder\u00e3o curtir f\u00e9rias de ver\u00e3o inesquec\u00edveis. Aqui, o programa Linguaviva combina aulas de italiano com diversas atividades art\u00edsticas e culturais criadas para que eles possam descobrir as maravilhas de Floren\u00e7a e seus arredores. Durante o curso, os alunos ter\u00e3o a oportunidade de mergulhar nas riquezas hist\u00f3ricas e art\u00edsticas da cidade, visitando museus, admirando obras-primas da arte renascentista e passeando pelas fascinantes ruelas florentinas. Essa experi\u00eancia n\u00e3o apenas aprimorar\u00e1 as habilidades no idioma, mas tamb\u00e9m permitir\u00e1 que voc\u00ea conhe\u00e7a a cultura italiana em uma das cidades mais bonitas e fascinantes do mundo: Floren\u00e7a.[\/vc_column_text][vc_btn title=&#8221;&#8221; align=&#8221;right&#8221; el_class=&#8221;btn-arrow-white&#8221; link=&#8221;url:https%3A%2F%2Flinguavivagroup.com%2Fpt-pt%2Fcurso-de-ferias-para-jovens-em-florenca%2F&#8221;][\/vc_column_inner][vc_column_inner width=&#8221;6\/12&#8243;][vc_single_image image=&#8221;2987&#8243; img_size=&#8221;full&#8221; onclick=&#8221;custom_link&#8221; link=&#8221;#&#8221; el_class=&#8221;img-hover-zoom&#8221;][\/vc_column_inner][vc_column_inner width=&#8221;1\/12&#8243;][\/vc_column_inner][\/vc_row_inner][\/vc_column][\/vc_row][vc_row full_width=&#8221;stretch_row&#8221; el_class=&#8221;sezione bg-light-grey&#8221;][vc_column][vc_row_inner el_class=&#8221;row-banner-v2_1&#8243;][vc_column_inner width=&#8221;1\/12&#8243;][\/vc_column_inner][vc_column_inner el_class=&#8221;col-mright-50&#8243; width=&#8221;4\/12&#8243;][vc_column_text el_class=&#8221;red&#8221;]<\/p>\n<h2>APRENDA ITALIANO E DIVIRTA-SE EM MIL\u00c3O<\/h2>\n<p>[\/vc_column_text][\/vc_column_inner][vc_column_inner width=&#8221;6\/12&#8243;][vc_single_image image=&#8221;5076&#8243; img_size=&#8221;full&#8221; onclick=&#8221;custom_link&#8221; link=&#8221;#&#8221; el_class=&#8221;img-hover-zoom&#8221;][\/vc_column_inner][vc_column_inner width=&#8221;1\/12&#8243;][\/vc_column_inner][\/vc_row_inner][vc_row_inner el_class=&#8221;row-banner-v2_2 no-padding&#8221;][vc_column_inner width=&#8221;1\/12&#8243;][\/vc_column_inner][vc_column_inner width=&#8221;6\/12&#8243;][vc_single_image image=&#8221;2991&#8243; img_size=&#8221;full&#8221; onclick=&#8221;custom_link&#8221; link=&#8221;#&#8221; el_class=&#8221;img-hover-zoom&#8221;][\/vc_column_inner][vc_column_inner width=&#8221;4\/12&#8243;][vc_column_text]Em Mil\u00e3o, a cidade da moda, os jovens podem vivenciar uma experi\u00eancia \u00fanica. O programa oferecido pela Linguaviva une o aprendizado do idioma italiano com uma aventura pela din\u00e2mica capital da moda. Al\u00e9m de permitir que os participantes aprimorem suas habilidades lingu\u00edsticas, \u00e9 tamb\u00e9m uma excelente forma de se preparar para estudos acad\u00eamicos ou profissionais no futuro. Mil\u00e3o oferece mesmo in\u00fameras oportunidades para quem deseja se dedicar a carreiras acad\u00eamicas e profissionais. Passar f\u00e9rias de ver\u00e3o em Mil\u00e3o significa se abrir a novos horizontes, expandir possibilidades futuras e, \u00e9 claro, divertir-se descobrindo uma das maiores cidades da It\u00e1lia.[\/vc_column_text][vc_btn title=&#8221;&#8221; align=&#8221;right&#8221; el_class=&#8221;btn-arrow-red&#8221; link=&#8221;url:https%3A%2F%2Flinguavivagroup.com%2Fpt-pt%2Fcurso-de-ferias-para-jovens-em-milao%2F&#8221;][\/vc_column_inner][vc_column_inner width=&#8221;1\/12&#8243;][\/vc_column_inner][\/vc_row_inner][\/vc_column][\/vc_row][vc_row full_width=&#8221;stretch_row&#8221; el_class=&#8221;sezione bg-red&#8221;][vc_column][vc_row_inner el_class=&#8221;row-banner-v2_1&#8243;][vc_column_inner width=&#8221;1\/12&#8243;][\/vc_column_inner][vc_column_inner width=&#8221;6\/12&#8243;][vc_single_image image=&#8221;3122&#8243; img_size=&#8221;full&#8221; onclick=&#8221;custom_link&#8221; link=&#8221;#&#8221; el_class=&#8221;img-hover-zoom&#8221;][\/vc_column_inner][vc_column_inner el_class=&#8221;col-mleft-40&#8243; width=&#8221;4\/12&#8243;][vc_column_text el_class=&#8221;white&#8221;]<\/p>\n<h2>APRENDA ITALIANO E DIVIRTA-SE EM LIGNANO SABBIADORO<\/h2>\n<p>[\/vc_column_text][\/vc_column_inner][vc_column_inner width=&#8221;1\/12&#8243;][\/vc_column_inner][\/vc_row_inner][vc_row_inner el_class=&#8221;row-banner-v2_2 no-padding&#8221;][vc_column_inner width=&#8221;1\/12&#8243;][\/vc_column_inner][vc_column_inner width=&#8221;4\/12&#8243;][vc_column_text el_class=&#8221;white&#8221;]A col\u00f4nia de f\u00e9rias da Linguaviva em Lignano Sabbiadoro oferece uma experi\u00eancia \u00fanica, na qual o estudo do idioma acontecem em paralelo \u00e0 pr\u00e1tica de esportes divertidos e atividades recreativas em uma bela praia. Voc\u00ea aprender\u00e1 italiano em um ambiente instigante e relaxante, enquanto se diverte com novos amigos de todo o mundo. Todos os dias voc\u00ea poder\u00e1 participar de jogos na areia, esportes aqu\u00e1ticos cheios de adrenalina e excurs\u00f5es divertidas ao longo da costa. Essa \u00e9 a maneira perfeita de aprimorar suas habilidades no idioma e criar mem\u00f3rias inesquec\u00edveis durante as f\u00e9rias de ver\u00e3o.[\/vc_column_text][vc_btn title=&#8221;&#8221; align=&#8221;right&#8221; el_class=&#8221;btn-arrow-white&#8221; link=&#8221;url:https%3A%2F%2Flinguavivagroup.com%2Fpt-pt%2Fcurso-de-ferias-para-jovens-em-lignano%2F&#8221;][\/vc_column_inner][vc_column_inner width=&#8221;6\/12&#8243;][vc_single_image image=&#8221;5090&#8243; img_size=&#8221;full&#8221; onclick=&#8221;custom_link&#8221; link=&#8221;#&#8221; el_class=&#8221;img-hover-zoom&#8221;][\/vc_column_inner][vc_column_inner width=&#8221;1\/12&#8243;][\/vc_column_inner][\/vc_row_inner][\/vc_column][\/vc_row][vc_row full_width=&#8221;stretch_row&#8221; el_class=&#8221;sezione bg-light-grey no-padding-bottom&#8221;][vc_column width=&#8221;2\/12&#8243;][\/vc_column][vc_column width=&#8221;8\/12&#8243;][vc_column_text el_class=&#8221;red no-margin&#8221;]<\/p>\n<h2 style=\"text-align: center;\">ESCOLA LINGUAVIVA<\/h2>\n<p>[\/vc_column_text][\/vc_column][vc_column width=&#8221;2\/12&#8243;][\/vc_column][\/vc_row][vc_row full_width=&#8221;stretch_row&#8221; el_class=&#8221;sezione bg-light-grey&#8221;][vc_column][vc_row_inner equal_height=&#8221;yes&#8221; gap=&#8221;30&#8243; el_class=&#8221;row-banner-v2_1&#8243;][vc_column_inner width=&#8221;1\/12&#8243;][\/vc_column_inner][vc_column_inner width=&#8221;6\/12&#8243;][vc_single_image image=&#8221;312&#8243; img_size=&#8221;full&#8221; el_class=&#8221;square square-small s-top-50 s-left-50&#8243;][vc_single_image image=&#8221;336&#8243; img_size=&#8221;full&#8221; el_class=&#8221;square square-small s-top-50 s-left50&#8243;][vc_single_image image=&#8221;366&#8243; img_size=&#8221;full&#8221; el_class=&#8221;square square-small s-top50 s-left-50&#8243;][vc_single_image image=&#8221;378&#8243; img_size=&#8221;full&#8221; el_class=&#8221;square square-small s-bottom-50 s-left-50&#8243;][vc_single_image image=&#8221;1373&#8243; img_size=&#8221;full&#8221; onclick=&#8221;custom_link&#8221; link=&#8221;#&#8221; el_class=&#8221;img-hover-zoom&#8221;][\/vc_column_inner][vc_column_inner width=&#8221;3\/12&#8243;][vc_column_text]Linguaviva foi fundada em Floren\u00e7a em 1976 com o objetivo de promover a aprendizagem da l\u00edngua italiana e tudo o que a envolve.[\/vc_column_text][\/vc_column_inner][vc_column_inner width=&#8221;2\/12&#8243;][\/vc_column_inner][\/vc_row_inner][vc_row_inner equal_height=&#8221;yes&#8221; gap=&#8221;30&#8243; el_class=&#8221;row-banner-v2_2 no-padding&#8221;][vc_column_inner width=&#8221;2\/12&#8243;][\/vc_column_inner][vc_column_inner width=&#8221;3\/12&#8243;][vc_column_text]Fomos uma das primeiras escolas a organizar viagens de estudo que combinam educa\u00e7\u00e3o lingu\u00edstica de alto n\u00edvel e cultural.[\/vc_column_text][vc_btn title=&#8221;&#8221; align=&#8221;right&#8221; el_class=&#8221;btn-arrow-dark&#8221; link=&#8221;url:https%3A%2F%2Flinguavivagroup.com%2Fpt-pt%2Fsobre-nos%2F&#8221;][\/vc_column_inner][vc_column_inner width=&#8221;6\/12&#8243;][vc_single_image image=&#8221;378&#8243; img_size=&#8221;full&#8221; el_class=&#8221;square square-small s-bottom-50 s-right-50&#8243;][vc_single_image image=&#8221;366&#8243; img_size=&#8221;full&#8221; el_class=&#8221;square square-small s-bottom-50 s-right50 z-index-1&#8243;][vc_single_image image=&#8221;366&#8243; img_size=&#8221;full&#8221; el_class=&#8221;square square-small s-bottom50 s-right-50&#8243;][vc_single_image image=&#8221;354&#8243; img_size=&#8221;full&#8221; el_class=&#8221;square square-small s-bottom-50 s-left-50&#8243;][vc_single_image image=&#8221;1377&#8243; img_size=&#8221;full&#8221; onclick=&#8221;custom_link&#8221; link=&#8221;#&#8221; el_class=&#8221;img-hover-zoom&#8221;][\/vc_column_inner][vc_column_inner width=&#8221;1\/12&#8243;][\/vc_column_inner][\/vc_row_inner][\/vc_column][\/vc_row][vc_row full_width=&#8221;stretch_row&#8221; full_height=&#8221;yes&#8221; content_placement=&#8221;middle&#8221; el_class=&#8221;parallax-row&#8221; css=&#8221;.vc_custom_1682515566461{background-image: url(https:\/\/linguavivagroup.com\/wp-content\/uploads\/2023\/04\/Experience.jpg?id=488) !important;}&#8221;][vc_column width=&#8221;2\/12&#8243;][\/vc_column][vc_column width=&#8221;8\/12&#8243;][vc_column_text el_class=&#8221;white&#8221;]<\/p>\n<h2 style=\"text-align: center;\">EXPERI\u00caNCIA IT\u00c1LIA<\/h2>\n<p>[\/vc_column_text][vc_column_text el_class=&#8221;white&#8221;]<\/p>\n<p style=\"text-align: center;\">Descubra o pa\u00eds, as pessoas e a cultura.<\/p>\n<p>[\/vc_column_text][\/vc_column][vc_column width=&#8221;2\/12&#8243;][\/vc_column][\/vc_row][vc_row][vc_column][\/vc_column][\/vc_row][vc_row][vc_column][vc_empty_space height=&#8221;120px&#8221;][\/vc_column][\/vc_row][vc_row full_width=&#8221;stretch_row_content_no_spaces&#8221; el_class=&#8221;overflow-visible&#8221;][vc_column][vc_single_image image=&#8221;350&#8243; img_size=&#8221;full&#8221; el_class=&#8221;square square-medium mtop-100 left0&#8243;][vc_single_image image=&#8221;350&#8243; img_size=&#8221;full&#8221; el_class=&#8221;square square-medium top0 left0&#8243;][vc_single_image image=&#8221;350&#8243; img_size=&#8221;full&#8221; el_class=&#8221;square square-medium mtop-100 right0&#8243;][vc_single_image image=&#8221;362&#8243; img_size=&#8221;full&#8221; el_class=&#8221;square square-medium top0 right0&#8243;][\/vc_column][\/vc_row][vc_row full_width=&#8221;stretch_row_content_no_spaces&#8221; equal_height=&#8221;yes&#8221; content_placement=&#8221;middle&#8221; el_class=&#8221;bg-light-grey&#8221;][vc_column width=&#8221;1\/2&#8243;][vc_single_image image=&#8221;1382&#8243; img_size=&#8221;full&#8221; alignment=&#8221;center&#8221; el_class=&#8221;no-margin img-hover-zoom&#8221;][vc_column_text el_class=&#8221;banner-corso-title banner-turismo-title bg-red&#8221;]<\/p>\n<h3 style=\"text-align: center;\"><a href=\"https:\/\/linguavivagroup.com\/pt-pt\/estudar-italiano-na-italia\/\">PROCURANDO PREPARA\u00c7\u00c3O UNIVERSIT\u00c1RIA?<\/a><\/h3>\n<p>[\/vc_column_text][\/vc_column][vc_column width=&#8221;1\/2&#8243;][vc_single_image image=&#8221;3001&#8243; img_size=&#8221;full&#8221; alignment=&#8221;center&#8221; el_class=&#8221;no-margin img-hover-zoom&#8221;][vc_column_text el_class=&#8221;banner-corso-title banner-turismo-title bg-blue&#8221;]<\/p>\n<h3 style=\"text-align: center;\"><a href=\"https:\/\/linguavivagroup.com\/pt-pt\/aprenda-italiano-vivendo-a-italia\/\">PROCURANDO TURISMO CULTURAL?<\/a><\/h3>\n<p>[\/vc_column_text][\/vc_column][\/vc_row]<\/p>\n<\/section>","protected":false},"excerpt":{"rendered":"<p>[vc_row full_width=&#8221;stretch_row_content_no_spaces&#8221; el_class=&#8221;header-image&#8221;][vc_column][vc_single_image image=&#8221;3117&#8243; img_size=&#8221;full&#8221; el_class=&#8221;img-header-big&#8221;][vc_single_image image=&#8221;3113&#8243; img_size=&#8221;full&#8221; el_class=&#8221;img-header-small&#8221;][\/vc_column][\/vc_row][vc_row el_class=&#8221;sezione&#8221;][vc_column width=&#8221;2\/12&#8243;][\/vc_column][vc_column width=&#8221;8\/12&#8243;][vc_column_text el_class=&#8221;red&#8221;] CURSO DE F\u00c9RIAS DE VER\u00c3O PARA JOVENS [\/vc_column_text][vc_column_text]Voc\u00ea est\u00e1 procurando um programa de f\u00e9rias interessante e completo para estudar italiano, seguindo um programa voltado especificamente para jovens? Escolha uma das viagens de estudo da Linguaviva para alunos de 14 a 17 anos, [&hellip;]<\/p>\n","protected":false},"author":4,"featured_media":0,"parent":0,"menu_order":-1,"comment_status":"closed","ping_status":"closed","template":"","meta":{"inline_featured_image":false,"footnotes":""},"class_list":["post-3391","page","type-page","status-publish","hentry"],"yoast_head":"<!-- This site is optimized with the Yoast SEO plugin v27.2 - https:\/\/yoast.com\/product\/yoast-seo-wordpress\/ -->\n<title>CURSO DE F\u00c9RIAS DE VER\u00c3O PARA JOVENS | Linguaviva Educational Group<\/title>\n<meta name=\"description\" content=\"Voc\u00ea est\u00e1 procurando um programa de f\u00e9rias interessante e completo para estudar italiano, seguindo um programa voltado especificamente para jovens? Escolha uma das viagens de estudo da Linguaviva para alunos de 14 a 17 anos.\" \/>\n<meta name=\"robots\" content=\"index, follow, max-snippet:-1, max-image-preview:large, max-video-preview:-1\" \/>\n<link rel=\"canonical\" href=\"https:\/\/linguavivagroup.com\/pt-pt\/curso-de-ferias-de-verao-para-jovens\/\" \/>\n<meta property=\"og:locale\" content=\"pt_PT\" \/>\n<meta property=\"og:type\" content=\"article\" \/>\n<meta property=\"og:title\" content=\"CURSO DE F\u00c9RIAS DE VER\u00c3O PARA JOVENS | Linguaviva Educational Group\" \/>\n<meta property=\"og:description\" content=\"Voc\u00ea est\u00e1 procurando um programa de f\u00e9rias interessante e completo para estudar italiano, seguindo um programa voltado especificamente para jovens? Escolha uma das viagens de estudo da Linguaviva para alunos de 14 a 17 anos.\" \/>\n<meta property=\"og:url\" content=\"https:\/\/linguavivagroup.com\/pt-pt\/curso-de-ferias-de-verao-para-jovens\/\" \/>\n<meta property=\"og:site_name\" content=\"Linguaviva Educational Group\" \/>\n<meta property=\"article:modified_time\" content=\"2024-04-02T13:13:02+00:00\" \/>\n<meta property=\"og:image\" content=\"https:\/\/linguavivagroup.com\/wp-content\/uploads\/2023\/04\/Educational-group.jpg\" \/>\n\t<meta property=\"og:image:width\" content=\"1920\" \/>\n\t<meta property=\"og:image:height\" content=\"923\" \/>\n\t<meta property=\"og:image:type\" content=\"image\/jpeg\" \/>\n<meta name=\"twitter:card\" content=\"summary_large_image\" \/>\n<meta name=\"twitter:label1\" content=\"Tempo estimado de leitura\" \/>\n\t<meta name=\"twitter:data1\" content=\"4 minutos\" \/>\n<script type=\"application\/ld+json\" class=\"yoast-schema-graph\">{\"@context\":\"https:\/\/schema.org\",\"@graph\":[{\"@type\":\"WebPage\",\"@id\":\"https:\/\/linguavivagroup.com\/pt-pt\/curso-de-ferias-de-verao-para-jovens\/\",\"url\":\"https:\/\/linguavivagroup.com\/pt-pt\/curso-de-ferias-de-verao-para-jovens\/\",\"name\":\"CURSO DE F\u00c9RIAS DE VER\u00c3O PARA JOVENS | Linguaviva Educational Group\",\"isPartOf\":{\"@id\":\"https:\/\/linguavivagroup.com\/pt-pt\/#website\"},\"datePublished\":\"2023-07-25T13:20:11+00:00\",\"dateModified\":\"2024-04-02T13:13:02+00:00\",\"description\":\"Voc\u00ea est\u00e1 procurando um programa de f\u00e9rias interessante e completo para estudar italiano, seguindo um programa voltado especificamente para jovens? Escolha uma das viagens de estudo da Linguaviva para alunos de 14 a 17 anos.\",\"breadcrumb\":{\"@id\":\"https:\/\/linguavivagroup.com\/pt-pt\/curso-de-ferias-de-verao-para-jovens\/#breadcrumb\"},\"inLanguage\":\"pt-PT\",\"potentialAction\":[{\"@type\":\"ReadAction\",\"target\":[\"https:\/\/linguavivagroup.com\/pt-pt\/curso-de-ferias-de-verao-para-jovens\/\"]}]},{\"@type\":\"BreadcrumbList\",\"@id\":\"https:\/\/linguavivagroup.com\/pt-pt\/curso-de-ferias-de-verao-para-jovens\/#breadcrumb\",\"itemListElement\":[{\"@type\":\"ListItem\",\"position\":1,\"name\":\"Home\",\"item\":\"https:\/\/linguavivagroup.com\/pt-pt\/\"},{\"@type\":\"ListItem\",\"position\":2,\"name\":\"CURSO DE F\u00c9RIAS DE VER\u00c3O PARA JOVENS\"}]},{\"@type\":\"WebSite\",\"@id\":\"https:\/\/linguavivagroup.com\/pt-pt\/#website\",\"url\":\"https:\/\/linguavivagroup.com\/pt-pt\/\",\"name\":\"Linguaviva Educational Group\",\"description\":\"Study and learn italian in italy\",\"publisher\":{\"@id\":\"https:\/\/linguavivagroup.com\/pt-pt\/#organization\"},\"potentialAction\":[{\"@type\":\"SearchAction\",\"target\":{\"@type\":\"EntryPoint\",\"urlTemplate\":\"https:\/\/linguavivagroup.com\/pt-pt\/?s={search_term_string}\"},\"query-input\":{\"@type\":\"PropertyValueSpecification\",\"valueRequired\":true,\"valueName\":\"search_term_string\"}}],\"inLanguage\":\"pt-PT\"},{\"@type\":\"Organization\",\"@id\":\"https:\/\/linguavivagroup.com\/pt-pt\/#organization\",\"name\":\"Linguaviva Educational Group\",\"url\":\"https:\/\/linguavivagroup.com\/pt-pt\/\",\"logo\":{\"@type\":\"ImageObject\",\"inLanguage\":\"pt-PT\",\"@id\":\"https:\/\/linguavivagroup.com\/pt-pt\/#\/schema\/logo\/image\/\",\"url\":\"https:\/\/linguavivagroup.com\/wp-content\/uploads\/2026\/03\/logo-linguaviva-bianco-50-260.png\",\"contentUrl\":\"https:\/\/linguavivagroup.com\/wp-content\/uploads\/2026\/03\/logo-linguaviva-bianco-50-260.png\",\"width\":260,\"height\":48,\"caption\":\"Linguaviva Educational Group\"},\"image\":{\"@id\":\"https:\/\/linguavivagroup.com\/pt-pt\/#\/schema\/logo\/image\/\"}}]}<\/script>\n<!-- \/ Yoast SEO plugin. -->","yoast_head_json":{"title":"CURSO DE F\u00c9RIAS DE VER\u00c3O PARA JOVENS | Linguaviva Educational Group","description":"Voc\u00ea est\u00e1 procurando um programa de f\u00e9rias interessante e completo para estudar italiano, seguindo um programa voltado especificamente para jovens? Escolha uma das viagens de estudo da Linguaviva para alunos de 14 a 17 anos.","robots":{"index":"index","follow":"follow","max-snippet":"max-snippet:-1","max-image-preview":"max-image-preview:large","max-video-preview":"max-video-preview:-1"},"canonical":"https:\/\/linguavivagroup.com\/pt-pt\/curso-de-ferias-de-verao-para-jovens\/","og_locale":"pt_PT","og_type":"article","og_title":"CURSO DE F\u00c9RIAS DE VER\u00c3O PARA JOVENS | Linguaviva Educational Group","og_description":"Voc\u00ea est\u00e1 procurando um programa de f\u00e9rias interessante e completo para estudar italiano, seguindo um programa voltado especificamente para jovens? Escolha uma das viagens de estudo da Linguaviva para alunos de 14 a 17 anos.","og_url":"https:\/\/linguavivagroup.com\/pt-pt\/curso-de-ferias-de-verao-para-jovens\/","og_site_name":"Linguaviva Educational Group","article_modified_time":"2024-04-02T13:13:02+00:00","og_image":[{"width":1920,"height":923,"url":"https:\/\/linguavivagroup.com\/wp-content\/uploads\/2023\/04\/Educational-group.jpg","type":"image\/jpeg"}],"twitter_card":"summary_large_image","twitter_misc":{"Tempo estimado de leitura":"4 minutos"},"schema":{"@context":"https:\/\/schema.org","@graph":[{"@type":"WebPage","@id":"https:\/\/linguavivagroup.com\/pt-pt\/curso-de-ferias-de-verao-para-jovens\/","url":"https:\/\/linguavivagroup.com\/pt-pt\/curso-de-ferias-de-verao-para-jovens\/","name":"CURSO DE F\u00c9RIAS DE VER\u00c3O PARA JOVENS | Linguaviva Educational Group","isPartOf":{"@id":"https:\/\/linguavivagroup.com\/pt-pt\/#website"},"datePublished":"2023-07-25T13:20:11+00:00","dateModified":"2024-04-02T13:13:02+00:00","description":"Voc\u00ea est\u00e1 procurando um programa de f\u00e9rias interessante e completo para estudar italiano, seguindo um programa voltado especificamente para jovens? Escolha uma das viagens de estudo da Linguaviva para alunos de 14 a 17 anos.","breadcrumb":{"@id":"https:\/\/linguavivagroup.com\/pt-pt\/curso-de-ferias-de-verao-para-jovens\/#breadcrumb"},"inLanguage":"pt-PT","potentialAction":[{"@type":"ReadAction","target":["https:\/\/linguavivagroup.com\/pt-pt\/curso-de-ferias-de-verao-para-jovens\/"]}]},{"@type":"BreadcrumbList","@id":"https:\/\/linguavivagroup.com\/pt-pt\/curso-de-ferias-de-verao-para-jovens\/#breadcrumb","itemListElement":[{"@type":"ListItem","position":1,"name":"Home","item":"https:\/\/linguavivagroup.com\/pt-pt\/"},{"@type":"ListItem","position":2,"name":"CURSO DE F\u00c9RIAS DE VER\u00c3O PARA JOVENS"}]},{"@type":"WebSite","@id":"https:\/\/linguavivagroup.com\/pt-pt\/#website","url":"https:\/\/linguavivagroup.com\/pt-pt\/","name":"Linguaviva Educational Group","description":"Study and learn italian in italy","publisher":{"@id":"https:\/\/linguavivagroup.com\/pt-pt\/#organization"},"potentialAction":[{"@type":"SearchAction","target":{"@type":"EntryPoint","urlTemplate":"https:\/\/linguavivagroup.com\/pt-pt\/?s={search_term_string}"},"query-input":{"@type":"PropertyValueSpecification","valueRequired":true,"valueName":"search_term_string"}}],"inLanguage":"pt-PT"},{"@type":"Organization","@id":"https:\/\/linguavivagroup.com\/pt-pt\/#organization","name":"Linguaviva Educational Group","url":"https:\/\/linguavivagroup.com\/pt-pt\/","logo":{"@type":"ImageObject","inLanguage":"pt-PT","@id":"https:\/\/linguavivagroup.com\/pt-pt\/#\/schema\/logo\/image\/","url":"https:\/\/linguavivagroup.com\/wp-content\/uploads\/2026\/03\/logo-linguaviva-bianco-50-260.png","contentUrl":"https:\/\/linguavivagroup.com\/wp-content\/uploads\/2026\/03\/logo-linguaviva-bianco-50-260.png","width":260,"height":48,"caption":"Linguaviva Educational Group"},"image":{"@id":"https:\/\/linguavivagroup.com\/pt-pt\/#\/schema\/logo\/image\/"}}]}},"_links":{"self":[{"href":"https:\/\/linguavivagroup.com\/pt-pt\/wp-json\/wp\/v2\/pages\/3391","targetHints":{"allow":["GET"]}}],"collection":[{"href":"https:\/\/linguavivagroup.com\/pt-pt\/wp-json\/wp\/v2\/pages"}],"about":[{"href":"https:\/\/linguavivagroup.com\/pt-pt\/wp-json\/wp\/v2\/types\/page"}],"author":[{"embeddable":true,"href":"https:\/\/linguavivagroup.com\/pt-pt\/wp-json\/wp\/v2\/users\/4"}],"replies":[{"embeddable":true,"href":"https:\/\/linguavivagroup.com\/pt-pt\/wp-json\/wp\/v2\/comments?post=3391"}],"version-history":[{"count":15,"href":"https:\/\/linguavivagroup.com\/pt-pt\/wp-json\/wp\/v2\/pages\/3391\/revisions"}],"predecessor-version":[{"id":8471,"href":"https:\/\/linguavivagroup.com\/pt-pt\/wp-json\/wp\/v2\/pages\/3391\/revisions\/8471"}],"wp:attachment":[{"href":"https:\/\/linguavivagroup.com\/pt-pt\/wp-json\/wp\/v2\/media?parent=3391"}],"curies":[{"name":"wp","href":"https:\/\/api.w.org\/{rel}","templated":true}]}}