{"id":3395,"date":"2023-07-25T17:37:18","date_gmt":"2023-07-25T15:37:18","guid":{"rendered":"https:\/\/linguavivagroup.com\/?page_id=3395"},"modified":"2024-04-02T15:17:51","modified_gmt":"2024-04-02T13:17:51","slug":"curso-de-ferias-para-jovens-em-florenca","status":"publish","type":"page","link":"https:\/\/linguavivagroup.com\/pt-pt\/curso-de-ferias-para-jovens-em-florenca\/","title":{"rendered":"CURSO DE F\u00c9RIAS PARA JOVENS EM FLOREN\u00c7A"},"content":{"rendered":"<section class=\"wpb-content-wrapper\"><p>[vc_row full_width=&#8221;stretch_row_content_no_spaces&#8221; el_class=&#8221;header-image&#8221;][vc_column][vc_single_image image=&#8221;2847&#8243; img_size=&#8221;full&#8221; el_class=&#8221;img-header-big&#8221;][vc_single_image image=&#8221;2843&#8243; img_size=&#8221;full&#8221; el_class=&#8221;img-header-small&#8221;][\/vc_column][\/vc_row][vc_row el_class=&#8221;sezione&#8221;][vc_column width=&#8221;2\/12&#8243;][\/vc_column][vc_column width=&#8221;8\/12&#8243;][vc_column_text el_class=&#8221;red&#8221;]<\/p>\n<h1 style=\"text-align: center;\">CURSO DE F\u00c9RIAS PARA JOVENS EM FLOREN\u00c7A<\/h1>\n<p>[\/vc_column_text][vc_column_text]Venha passar as suas pr\u00f3ximas f\u00e9rias de ver\u00e3o conosco em Floren\u00e7a, onde arte, cultura e estudo se unem para criar uma experi\u00eancia inesquec\u00edvel e divertida.[\/vc_column_text][\/vc_column][vc_column width=&#8221;2\/12&#8243;][\/vc_column][\/vc_row][vc_row full_width=&#8221;stretch_row&#8221; gap=&#8221;30&#8243; el_class=&#8221;sezione bg-red&#8221;][vc_column width=&#8221;5\/12&#8243;][vc_column_text el_class=&#8221;white&#8221;]<\/p>\n<h2>DIVIRTA-SE E APRENDA O IDIOMA EM FLOREN\u00c7A<\/h2>\n<p>[\/vc_column_text][vc_column_text el_class=&#8221;white&#8221;]Nossa escola organiza cursos de ver\u00e3o em Floren\u00e7a para jovens estudantes. Nossos cursos foram criados para dar uma base s\u00f3lida do idioma e, ao mesmo tempo, permitir que voc\u00ea explore a cultura e a hist\u00f3ria de Floren\u00e7a. Nossas aulas envolventes e interativas ajudar\u00e3o voc\u00ea a aprimorar suas habilidades no idioma, enquanto as atividades culturais personalizadas lhe dar\u00e3o a oportunidade de descobrir os tesouros art\u00edsticos da cidade. Voc\u00ea visitar\u00e1 museus renomados, admirar\u00e1 obras-primas de arte e ter\u00e1 experi\u00eancias \u00fanicas que enriquecer\u00e3o a sua forma\u00e7\u00e3o cultural. Al\u00e9m disso, voc\u00ea ter\u00e1 a oportunidade de conhecer alunos internacionais, criando amizades duradouras e aprendendo juntos em um ambiente fascinante.[\/vc_column_text][vc_btn title=&#8221;&#8221; align=&#8221;right&#8221; el_class=&#8221;btn-arrow-white&#8221; link=&#8221;url:https%3A%2F%2Flinguavivagroup.com%2Fpt-pt%2Fcursos%2Festudar-idiomas-nas-ferias-o-programa-para-adolescentes-em-florenca%2F&#8221;][\/vc_column][vc_column width=&#8221;1\/12&#8243;][\/vc_column][vc_column width=&#8221;1\/2&#8243; el_class=&#8221;slideshow slideshow-small&#8221;][vc_images_carousel images=&#8221;2867,2871,2875,2879&#8243; img_size=&#8221;full&#8221; onclick=&#8221;link_no&#8221; wrap=&#8221;yes&#8221;][vc_single_image image=&#8221;312&#8243; img_size=&#8221;full&#8221; el_class=&#8221;square square-small s-top-50 s-right-50&#8243;][vc_single_image image=&#8221;336&#8243; img_size=&#8221;full&#8221; el_class=&#8221;square square-small s-top-50 s-right50&#8243;][vc_single_image image=&#8221;336&#8243; img_size=&#8221;full&#8221; el_class=&#8221;square square-small s-top50 s-right-50&#8243;][vc_single_image image=&#8221;336&#8243; img_size=&#8221;full&#8221; el_class=&#8221;square square-small s-bottom-50 s-left-50&#8243;][\/vc_column][\/vc_row][vc_row full_width=&#8221;stretch_row&#8221; gap=&#8221;30&#8243; el_class=&#8221;sezione bg-red no-padding-bottom&#8221;][vc_column width=&#8221;6\/12&#8243; el_class=&#8221;slideshow slideshow-small&#8221;][vc_images_carousel images=&#8221;2851,2855,2859,2863&#8243; img_size=&#8221;full&#8221; onclick=&#8221;link_no&#8221; wrap=&#8221;yes&#8221;][vc_single_image image=&#8221;312&#8243; img_size=&#8221;full&#8221; el_class=&#8221;square square-small s-bottom-50 s-left-50&#8243;][vc_single_image image=&#8221;336&#8243; img_size=&#8221;full&#8221; el_class=&#8221;square square-small s-bottom-50 s-left50&#8243;][vc_single_image image=&#8221;336&#8243; img_size=&#8221;full&#8221; el_class=&#8221;square square-small s-bottom50 s-left-50&#8243;][vc_single_image image=&#8221;336&#8243; img_size=&#8221;full&#8221; el_class=&#8221;square square-small s-top-50 s-right-50&#8243;][\/vc_column][vc_column width=&#8221;1\/12&#8243;][\/vc_column][vc_column width=&#8221;5\/12&#8243;][vc_column_text el_class=&#8221;white&#8221;]<\/p>\n<h2>FLOREN\u00c7A: UMA CIDADE PERFEITA PARA OS JOVENS<\/h2>\n<p>[\/vc_column_text][vc_column_text el_class=&#8221;white&#8221;]Floren\u00e7a, a cidade da arte e da cultura, \u00e9 o lugar ideal para um curso de f\u00e9rias inesquec\u00edvel para jovens estudantes. Com seus tesouros hist\u00f3ricos e maravilhas arquitet\u00f4nicas, voc\u00ea se apaixonar\u00e1 por Floren\u00e7a desde o primeiro momento. Passeando por suas ruas fascinantes, voc\u00ea poder\u00e1 admirar os majestosos pal\u00e1cios renascentistas, explorar os museus repletos de obras de arte de todos os tempos e mergulhar na atmosfera m\u00e1gica da Piazza della Signoria. Floren\u00e7a, um lugar onde o passado se funde com o presente, far\u00e1 com que voc\u00ea se encante pela sua beleza atemporal.[\/vc_column_text][vc_btn title=&#8221;&#8221; align=&#8221;right&#8221; el_class=&#8221;btn-arrow-white&#8221; link=&#8221;url:https%3A%2F%2Flinguavivagroup.com%2Fpt-pt%2Fdestino-florenca%2F&#8221;][\/vc_column][\/vc_row][vc_row full_width=&#8221;stretch_row&#8221; gap=&#8221;30&#8243; el_class=&#8221;sezione bg-light-grey&#8221;][vc_column width=&#8221;1\/2&#8243; el_class=&#8221;slideshow slideshow-small&#8221;][vc_images_carousel images=&#8221;2883,2887,2891&#8243; img_size=&#8221;full&#8221; onclick=&#8221;link_no&#8221; wrap=&#8221;yes&#8221;][\/vc_column][vc_column width=&#8221;1\/12&#8243;][\/vc_column][vc_column width=&#8221;5\/12&#8243;][vc_column_text el_class=&#8221;red&#8221;]<\/p>\n<h2>ALOJAMENTO PARA JOVENS EM FLOREN\u00c7A<\/h2>\n<p>[\/vc_column_text][vc_column_text]Para garantir uma estadia confort\u00e1vel e aut\u00eantica, a Linguaviva oferece a op\u00e7\u00e3o de acomoda\u00e7\u00e3o em casas de fam\u00edlia em Floren\u00e7a para jovens participantes dos cursos e f\u00e9rias de ver\u00e3o. Voc\u00ea ser\u00e1 recebido por fam\u00edlias italianas acolhedoras que proporcionar\u00e3o um ambiente aconchegante e far\u00e3o com que voc\u00ea se sinta em casa. Ao morar com uma fam\u00edlia local, voc\u00ea ter\u00e1 a oportunidade de praticar o italiano diariamente, descobrir tradi\u00e7\u00f5es e mergulhar na cultura italiana. Voc\u00ea ser\u00e1 parte integrante da fam\u00edlia, criando la\u00e7os especiais e tendo a oportunidade de compartilhar experi\u00eancias aut\u00eanticas. A acomoda\u00e7\u00e3o em casa de fam\u00edlia \u00e9 uma maneira especial de aproveitar ao m\u00e1ximo sua experi\u00eancia de estudo em Floren\u00e7a e tornar sua estada inesquec\u00edvel.[\/vc_column_text][vc_btn title=&#8221;&#8221; align=&#8221;right&#8221; el_class=&#8221;btn-arrow-red&#8221; link=&#8221;url:https%3A%2F%2Flinguavivagroup.com%2Fpt-pt%2Facomodacoes%2Facomodacao-em-casa-de-familia-em-florenca%2F&#8221;][\/vc_column][\/vc_row][vc_row][vc_column][vc_empty_space height=&#8221;90px&#8221;][\/vc_column][\/vc_row][vc_row full_width=&#8221;stretch_row&#8221; el_class=&#8221;sezione bg-white-blue&#8221;][vc_column width=&#8221;1\/12&#8243;][\/vc_column][vc_column width=&#8221;5\/12&#8243;][vc_column_text el_class=&#8221;white&#8221;]<\/p>\n<h2>PRE\u00c7OS<\/h2>\n<p>[\/vc_column_text][vc_column_text el_class=&#8221;white&#8221;]Descubra os pre\u00e7os da estadia de estudo na It\u00e1lia com a Linguaviva.[\/vc_column_text][vc_btn title=&#8221;&#8221; align=&#8221;right&#8221; el_class=&#8221;btn-arrow-white&#8221; link=&#8221;url:https%3A%2F%2Flinguavivagroup.com%2Fpt-pt%2Ffees%2F&#8221;][\/vc_column][vc_column width=&#8221;1\/2&#8243;][\/vc_column][\/vc_row][vc_row][vc_column][vc_empty_space height=&#8221;90px&#8221;][\/vc_column][\/vc_row][vc_row full_width=&#8221;stretch_row_content_no_spaces&#8221;][vc_column][vc_single_image image=&#8221;1550&#8243; img_size=&#8221;full&#8221; el_class=&#8221;no-margin&#8221;][vc_row_inner el_class=&#8221;text-banner-destination&#8221;][vc_column_inner][vc_column_text]<\/p>\n<h2>DESCUBRA<br \/>\nMIL\u00c3O<\/h2>\n<p>[\/vc_column_text][vc_btn title=&#8221;&#8221; align=&#8221;right&#8221; el_class=&#8221;btn-arrow-white&#8221; link=&#8221;url:https%3A%2F%2Flinguavivagroup.com%2Fpt-pt%2Fcurso-de-ferias-para-jovens-em-milao%2F&#8221;][vc_raw_html]JTNDc3R5bGUlM0UlMEEuZm9vdGVyLWZvcm0lMjAlN0JkaXNwbGF5JTNBJTIwbm9uZSUzQiU3RCUwQSUzQyUyRnN0eWxlJTNF[\/vc_raw_html][\/vc_column_inner][\/vc_row_inner][\/vc_column][\/vc_row]<\/p>\n<\/section>","protected":false},"excerpt":{"rendered":"<p>[vc_row full_width=&#8221;stretch_row_content_no_spaces&#8221; el_class=&#8221;header-image&#8221;][vc_column][vc_single_image image=&#8221;2847&#8243; img_size=&#8221;full&#8221; el_class=&#8221;img-header-big&#8221;][vc_single_image image=&#8221;2843&#8243; img_size=&#8221;full&#8221; el_class=&#8221;img-header-small&#8221;][\/vc_column][\/vc_row][vc_row el_class=&#8221;sezione&#8221;][vc_column width=&#8221;2\/12&#8243;][\/vc_column][vc_column width=&#8221;8\/12&#8243;][vc_column_text el_class=&#8221;red&#8221;] CURSO DE F\u00c9RIAS PARA JOVENS EM FLOREN\u00c7A [\/vc_column_text][vc_column_text]Venha passar as suas pr\u00f3ximas f\u00e9rias de ver\u00e3o conosco em Floren\u00e7a, onde arte, cultura e estudo se unem para criar uma experi\u00eancia inesquec\u00edvel e divertida.[\/vc_column_text][\/vc_column][vc_column width=&#8221;2\/12&#8243;][\/vc_column][\/vc_row][vc_row full_width=&#8221;stretch_row&#8221; gap=&#8221;30&#8243; el_class=&#8221;sezione bg-red&#8221;][vc_column width=&#8221;5\/12&#8243;][vc_column_text el_class=&#8221;white&#8221;] DIVIRTA-SE E APRENDA [&hellip;]<\/p>\n","protected":false},"author":4,"featured_media":0,"parent":0,"menu_order":-1,"comment_status":"closed","ping_status":"closed","template":"","meta":{"inline_featured_image":false,"footnotes":""},"class_list":["post-3395","page","type-page","status-publish","hentry"],"yoast_head":"<!-- This site is optimized with the Yoast SEO plugin v27.2 - https:\/\/yoast.com\/product\/yoast-seo-wordpress\/ -->\n<title>CURSO DE F\u00c9RIAS PARA JOVENS EM FLOREN\u00c7A | Linguaviva Educational Group<\/title>\n<meta name=\"description\" content=\"Venha passar as suas pr\u00f3ximas f\u00e9rias de ver\u00e3o conosco em Floren\u00e7a, onde arte, cultura e estudo se unem para criar uma experi\u00eancia inesquec\u00edvel e divertida.\" \/>\n<meta name=\"robots\" content=\"index, follow, max-snippet:-1, max-image-preview:large, max-video-preview:-1\" \/>\n<link rel=\"canonical\" href=\"https:\/\/linguavivagroup.com\/pt-pt\/curso-de-ferias-para-jovens-em-florenca\/\" \/>\n<meta property=\"og:locale\" content=\"pt_PT\" \/>\n<meta property=\"og:type\" content=\"article\" \/>\n<meta property=\"og:title\" content=\"CURSO DE F\u00c9RIAS PARA JOVENS EM FLOREN\u00c7A | Linguaviva Educational Group\" \/>\n<meta property=\"og:description\" content=\"Venha passar as suas pr\u00f3ximas f\u00e9rias de ver\u00e3o conosco em Floren\u00e7a, onde arte, cultura e estudo se unem para criar uma experi\u00eancia inesquec\u00edvel e divertida.\" \/>\n<meta property=\"og:url\" content=\"https:\/\/linguavivagroup.com\/pt-pt\/curso-de-ferias-para-jovens-em-florenca\/\" \/>\n<meta property=\"og:site_name\" content=\"Linguaviva Educational Group\" \/>\n<meta property=\"article:modified_time\" content=\"2024-04-02T13:17:51+00:00\" \/>\n<meta property=\"og:image\" content=\"https:\/\/linguavivagroup.com\/wp-content\/uploads\/2023\/04\/Educational-group.jpg\" \/>\n\t<meta property=\"og:image:width\" content=\"1920\" \/>\n\t<meta property=\"og:image:height\" content=\"923\" \/>\n\t<meta property=\"og:image:type\" content=\"image\/jpeg\" \/>\n<meta name=\"twitter:card\" content=\"summary_large_image\" \/>\n<meta name=\"twitter:label1\" content=\"Tempo estimado de leitura\" \/>\n\t<meta name=\"twitter:data1\" content=\"3 minutos\" \/>\n<script type=\"application\/ld+json\" class=\"yoast-schema-graph\">{\"@context\":\"https:\/\/schema.org\",\"@graph\":[{\"@type\":\"WebPage\",\"@id\":\"https:\/\/linguavivagroup.com\/pt-pt\/curso-de-ferias-para-jovens-em-florenca\/\",\"url\":\"https:\/\/linguavivagroup.com\/pt-pt\/curso-de-ferias-para-jovens-em-florenca\/\",\"name\":\"CURSO DE F\u00c9RIAS PARA JOVENS EM FLOREN\u00c7A | Linguaviva Educational Group\",\"isPartOf\":{\"@id\":\"https:\/\/linguavivagroup.com\/pt-pt\/#website\"},\"datePublished\":\"2023-07-25T15:37:18+00:00\",\"dateModified\":\"2024-04-02T13:17:51+00:00\",\"description\":\"Venha passar as suas pr\u00f3ximas f\u00e9rias de ver\u00e3o conosco em Floren\u00e7a, onde arte, cultura e estudo se unem para criar uma experi\u00eancia inesquec\u00edvel e divertida.\",\"breadcrumb\":{\"@id\":\"https:\/\/linguavivagroup.com\/pt-pt\/curso-de-ferias-para-jovens-em-florenca\/#breadcrumb\"},\"inLanguage\":\"pt-PT\",\"potentialAction\":[{\"@type\":\"ReadAction\",\"target\":[\"https:\/\/linguavivagroup.com\/pt-pt\/curso-de-ferias-para-jovens-em-florenca\/\"]}]},{\"@type\":\"BreadcrumbList\",\"@id\":\"https:\/\/linguavivagroup.com\/pt-pt\/curso-de-ferias-para-jovens-em-florenca\/#breadcrumb\",\"itemListElement\":[{\"@type\":\"ListItem\",\"position\":1,\"name\":\"Home\",\"item\":\"https:\/\/linguavivagroup.com\/pt-pt\/\"},{\"@type\":\"ListItem\",\"position\":2,\"name\":\"CURSO DE F\u00c9RIAS PARA JOVENS EM FLOREN\u00c7A\"}]},{\"@type\":\"WebSite\",\"@id\":\"https:\/\/linguavivagroup.com\/pt-pt\/#website\",\"url\":\"https:\/\/linguavivagroup.com\/pt-pt\/\",\"name\":\"Linguaviva Educational Group\",\"description\":\"Study and learn italian in italy\",\"publisher\":{\"@id\":\"https:\/\/linguavivagroup.com\/pt-pt\/#organization\"},\"potentialAction\":[{\"@type\":\"SearchAction\",\"target\":{\"@type\":\"EntryPoint\",\"urlTemplate\":\"https:\/\/linguavivagroup.com\/pt-pt\/?s={search_term_string}\"},\"query-input\":{\"@type\":\"PropertyValueSpecification\",\"valueRequired\":true,\"valueName\":\"search_term_string\"}}],\"inLanguage\":\"pt-PT\"},{\"@type\":\"Organization\",\"@id\":\"https:\/\/linguavivagroup.com\/pt-pt\/#organization\",\"name\":\"Linguaviva Educational Group\",\"url\":\"https:\/\/linguavivagroup.com\/pt-pt\/\",\"logo\":{\"@type\":\"ImageObject\",\"inLanguage\":\"pt-PT\",\"@id\":\"https:\/\/linguavivagroup.com\/pt-pt\/#\/schema\/logo\/image\/\",\"url\":\"https:\/\/linguavivagroup.com\/wp-content\/uploads\/2026\/03\/logo-linguaviva-bianco-50-260.png\",\"contentUrl\":\"https:\/\/linguavivagroup.com\/wp-content\/uploads\/2026\/03\/logo-linguaviva-bianco-50-260.png\",\"width\":260,\"height\":48,\"caption\":\"Linguaviva Educational Group\"},\"image\":{\"@id\":\"https:\/\/linguavivagroup.com\/pt-pt\/#\/schema\/logo\/image\/\"}}]}<\/script>\n<!-- \/ Yoast SEO plugin. -->","yoast_head_json":{"title":"CURSO DE F\u00c9RIAS PARA JOVENS EM FLOREN\u00c7A | Linguaviva Educational Group","description":"Venha passar as suas pr\u00f3ximas f\u00e9rias de ver\u00e3o conosco em Floren\u00e7a, onde arte, cultura e estudo se unem para criar uma experi\u00eancia inesquec\u00edvel e divertida.","robots":{"index":"index","follow":"follow","max-snippet":"max-snippet:-1","max-image-preview":"max-image-preview:large","max-video-preview":"max-video-preview:-1"},"canonical":"https:\/\/linguavivagroup.com\/pt-pt\/curso-de-ferias-para-jovens-em-florenca\/","og_locale":"pt_PT","og_type":"article","og_title":"CURSO DE F\u00c9RIAS PARA JOVENS EM FLOREN\u00c7A | Linguaviva Educational Group","og_description":"Venha passar as suas pr\u00f3ximas f\u00e9rias de ver\u00e3o conosco em Floren\u00e7a, onde arte, cultura e estudo se unem para criar uma experi\u00eancia inesquec\u00edvel e divertida.","og_url":"https:\/\/linguavivagroup.com\/pt-pt\/curso-de-ferias-para-jovens-em-florenca\/","og_site_name":"Linguaviva Educational Group","article_modified_time":"2024-04-02T13:17:51+00:00","og_image":[{"width":1920,"height":923,"url":"https:\/\/linguavivagroup.com\/wp-content\/uploads\/2023\/04\/Educational-group.jpg","type":"image\/jpeg"}],"twitter_card":"summary_large_image","twitter_misc":{"Tempo estimado de leitura":"3 minutos"},"schema":{"@context":"https:\/\/schema.org","@graph":[{"@type":"WebPage","@id":"https:\/\/linguavivagroup.com\/pt-pt\/curso-de-ferias-para-jovens-em-florenca\/","url":"https:\/\/linguavivagroup.com\/pt-pt\/curso-de-ferias-para-jovens-em-florenca\/","name":"CURSO DE F\u00c9RIAS PARA JOVENS EM FLOREN\u00c7A | Linguaviva Educational Group","isPartOf":{"@id":"https:\/\/linguavivagroup.com\/pt-pt\/#website"},"datePublished":"2023-07-25T15:37:18+00:00","dateModified":"2024-04-02T13:17:51+00:00","description":"Venha passar as suas pr\u00f3ximas f\u00e9rias de ver\u00e3o conosco em Floren\u00e7a, onde arte, cultura e estudo se unem para criar uma experi\u00eancia inesquec\u00edvel e divertida.","breadcrumb":{"@id":"https:\/\/linguavivagroup.com\/pt-pt\/curso-de-ferias-para-jovens-em-florenca\/#breadcrumb"},"inLanguage":"pt-PT","potentialAction":[{"@type":"ReadAction","target":["https:\/\/linguavivagroup.com\/pt-pt\/curso-de-ferias-para-jovens-em-florenca\/"]}]},{"@type":"BreadcrumbList","@id":"https:\/\/linguavivagroup.com\/pt-pt\/curso-de-ferias-para-jovens-em-florenca\/#breadcrumb","itemListElement":[{"@type":"ListItem","position":1,"name":"Home","item":"https:\/\/linguavivagroup.com\/pt-pt\/"},{"@type":"ListItem","position":2,"name":"CURSO DE F\u00c9RIAS PARA JOVENS EM FLOREN\u00c7A"}]},{"@type":"WebSite","@id":"https:\/\/linguavivagroup.com\/pt-pt\/#website","url":"https:\/\/linguavivagroup.com\/pt-pt\/","name":"Linguaviva Educational Group","description":"Study and learn italian in italy","publisher":{"@id":"https:\/\/linguavivagroup.com\/pt-pt\/#organization"},"potentialAction":[{"@type":"SearchAction","target":{"@type":"EntryPoint","urlTemplate":"https:\/\/linguavivagroup.com\/pt-pt\/?s={search_term_string}"},"query-input":{"@type":"PropertyValueSpecification","valueRequired":true,"valueName":"search_term_string"}}],"inLanguage":"pt-PT"},{"@type":"Organization","@id":"https:\/\/linguavivagroup.com\/pt-pt\/#organization","name":"Linguaviva Educational Group","url":"https:\/\/linguavivagroup.com\/pt-pt\/","logo":{"@type":"ImageObject","inLanguage":"pt-PT","@id":"https:\/\/linguavivagroup.com\/pt-pt\/#\/schema\/logo\/image\/","url":"https:\/\/linguavivagroup.com\/wp-content\/uploads\/2026\/03\/logo-linguaviva-bianco-50-260.png","contentUrl":"https:\/\/linguavivagroup.com\/wp-content\/uploads\/2026\/03\/logo-linguaviva-bianco-50-260.png","width":260,"height":48,"caption":"Linguaviva Educational Group"},"image":{"@id":"https:\/\/linguavivagroup.com\/pt-pt\/#\/schema\/logo\/image\/"}}]}},"_links":{"self":[{"href":"https:\/\/linguavivagroup.com\/pt-pt\/wp-json\/wp\/v2\/pages\/3395","targetHints":{"allow":["GET"]}}],"collection":[{"href":"https:\/\/linguavivagroup.com\/pt-pt\/wp-json\/wp\/v2\/pages"}],"about":[{"href":"https:\/\/linguavivagroup.com\/pt-pt\/wp-json\/wp\/v2\/types\/page"}],"author":[{"embeddable":true,"href":"https:\/\/linguavivagroup.com\/pt-pt\/wp-json\/wp\/v2\/users\/4"}],"replies":[{"embeddable":true,"href":"https:\/\/linguavivagroup.com\/pt-pt\/wp-json\/wp\/v2\/comments?post=3395"}],"version-history":[{"count":11,"href":"https:\/\/linguavivagroup.com\/pt-pt\/wp-json\/wp\/v2\/pages\/3395\/revisions"}],"predecessor-version":[{"id":9826,"href":"https:\/\/linguavivagroup.com\/pt-pt\/wp-json\/wp\/v2\/pages\/3395\/revisions\/9826"}],"wp:attachment":[{"href":"https:\/\/linguavivagroup.com\/pt-pt\/wp-json\/wp\/v2\/media?parent=3395"}],"curies":[{"name":"wp","href":"https:\/\/api.w.org\/{rel}","templated":true}]}}