{"id":3398,"date":"2023-07-25T17:49:15","date_gmt":"2023-07-25T15:49:15","guid":{"rendered":"https:\/\/linguavivagroup.com\/?page_id=3398"},"modified":"2024-04-02T15:21:02","modified_gmt":"2024-04-02T13:21:02","slug":"curso-de-ferias-para-jovens-em-milao","status":"publish","type":"page","link":"https:\/\/linguavivagroup.com\/pt-pt\/curso-de-ferias-para-jovens-em-milao\/","title":{"rendered":"CURSO DE F\u00c9RIAS PARA JOVENS EM MIL\u00c3O"},"content":{"rendered":"<section class=\"wpb-content-wrapper\"><p>[vc_row full_width=&#8221;stretch_row_content_no_spaces&#8221; el_class=&#8221;header-image&#8221;][vc_column][vc_single_image image=&#8221;2522&#8243; img_size=&#8221;full&#8221; el_class=&#8221;img-header-big&#8221;][vc_single_image image=&#8221;2518&#8243; img_size=&#8221;full&#8221; el_class=&#8221;img-header-small&#8221;][\/vc_column][\/vc_row][vc_row el_class=&#8221;sezione&#8221;][vc_column width=&#8221;2\/12&#8243;][\/vc_column][vc_column width=&#8221;8\/12&#8243;][vc_column_text el_class=&#8221;red&#8221;]<\/p>\n<h1 style=\"text-align: center;\">CURSO DE F\u00c9RIAS PARA JOVENS EM MIL\u00c3O<\/h1>\n<p>[\/vc_column_text][vc_column_text]Venha passar as suas pr\u00f3ximas f\u00e9rias de ver\u00e3o conosco em Mil\u00e3o, onde moda, design e cultura se unem para criar uma experi\u00eancia rica, din\u00e2mica e, acima de tudo, divertida.[\/vc_column_text][\/vc_column][vc_column width=&#8221;2\/12&#8243;][\/vc_column][\/vc_row][vc_row full_width=&#8221;stretch_row&#8221; gap=&#8221;30&#8243; el_class=&#8221;sezione bg-red&#8221;][vc_column width=&#8221;5\/12&#8243;][vc_column_text el_class=&#8221;white&#8221;]<\/p>\n<h2>DIVIRTA-SE E APRENDA O IDIOMA EM MIL\u00c3O<\/h2>\n<p>[\/vc_column_text][vc_column_text el_class=&#8221;white&#8221;]Nossa escola organiza cursos de ver\u00e3o em Mil\u00e3o para jovens estudantes. Nossos cursos foram criados para dar a voc\u00ea uma base s\u00f3lida do idioma e, ao mesmo tempo, permitir que voc\u00ea explore a cultura e a hist\u00f3ria de Mil\u00e3o. Nossas aulas din\u00e2micas e interativas far\u00e3o voc\u00ea aprimorar suas habilidades no idioma, enquanto as atividades culturais personalizadas lhe dar\u00e3o a oportunidade de descobrir a cultura e as tradi\u00e7\u00f5es milanesas. Mil\u00e3o oferece a possibilidade de vivenciar a verdadeira vida italiana enquanto faz novas amizades com estudantes internacionais de todo o mundo. Participe dos nossos cursos e aproveite as f\u00e9rias de ver\u00e3o para ter uma experi\u00eancia aut\u00eantica e envolvente![\/vc_column_text][vc_btn title=&#8221;&#8221; align=&#8221;right&#8221; el_class=&#8221;btn-arrow-white&#8221; link=&#8221;url:https%3A%2F%2Flinguavivagroup.com%2Fpt-pt%2Fcursos%2Fferias-de-estudo-linguaviva-o-programa-junior-em-milao%2F&#8221;][\/vc_column][vc_column width=&#8221;1\/12&#8243;][\/vc_column][vc_column width=&#8221;1\/2&#8243; el_class=&#8221;slideshow slideshow-small&#8221;][vc_images_carousel images=&#8221;2898,2902,2906,2910&#8243; img_size=&#8221;full&#8221; onclick=&#8221;link_no&#8221; wrap=&#8221;yes&#8221;][vc_single_image image=&#8221;312&#8243; img_size=&#8221;full&#8221; el_class=&#8221;square square-small s-top-50 s-right-50&#8243;][vc_single_image image=&#8221;336&#8243; img_size=&#8221;full&#8221; el_class=&#8221;square square-small s-top-50 s-right50&#8243;][vc_single_image image=&#8221;336&#8243; img_size=&#8221;full&#8221; el_class=&#8221;square square-small s-top50 s-right-50&#8243;][vc_single_image image=&#8221;336&#8243; img_size=&#8221;full&#8221; el_class=&#8221;square square-small s-bottom-50 s-left-50&#8243;][\/vc_column][\/vc_row][vc_row full_width=&#8221;stretch_row&#8221; gap=&#8221;30&#8243; el_class=&#8221;sezione bg-red no-padding-bottom&#8221;][vc_column width=&#8221;6\/12&#8243; el_class=&#8221;slideshow slideshow-small&#8221;][vc_images_carousel images=&#8221;2526,2530,2534,2538,2542&#8243; img_size=&#8221;full&#8221; onclick=&#8221;link_no&#8221; wrap=&#8221;yes&#8221;][vc_single_image image=&#8221;312&#8243; img_size=&#8221;full&#8221; el_class=&#8221;square square-small s-bottom-50 s-left-50&#8243;][vc_single_image image=&#8221;336&#8243; img_size=&#8221;full&#8221; el_class=&#8221;square square-small s-bottom-50 s-left50&#8243;][vc_single_image image=&#8221;336&#8243; img_size=&#8221;full&#8221; el_class=&#8221;square square-small s-bottom50 s-left-50&#8243;][vc_single_image image=&#8221;336&#8243; img_size=&#8221;full&#8221; el_class=&#8221;square square-small s-top-50 s-right-50&#8243;][\/vc_column][vc_column width=&#8221;1\/12&#8243;][\/vc_column][vc_column width=&#8221;5\/12&#8243;][vc_column_text el_class=&#8221;white&#8221;]<\/p>\n<h2>MIL\u00c3O: UMA CIDADE PERFEITA PARA JOVENS<\/h2>\n<p>[\/vc_column_text][vc_column_text el_class=&#8221;white&#8221;]Mil\u00e3o, a vibrante capital da moda e do design, \u00e9 um destino imperd\u00edvel para jovens estudantes que desejam ter uma experi\u00eancia de estudo inspiradora. Essa cidade cosmopolita lhe receber\u00e1 com sua energia contagiante e modernidade fascinante. Caminhando por suas ruas, voc\u00ea poder\u00e1 admirar a grandiosidade da Catedral de Mil\u00e3o, explorar a Galleria Vittorio Emanuele II e mergulhar na atmosfera din\u00e2mica de Brera e Navigli. Mil\u00e3o tamb\u00e9m abriga importantes institui\u00e7\u00f5es culturais e art\u00edsticas e oferece in\u00fameras oportunidades para descobrir a arte contempor\u00e2nea e a inova\u00e7\u00e3o.[\/vc_column_text][vc_btn title=&#8221;&#8221; align=&#8221;right&#8221; el_class=&#8221;btn-arrow-white&#8221; link=&#8221;url:https%3A%2F%2Flinguavivagroup.com%2Fpt-pt%2Fdestino-milao%2F&#8221;][\/vc_column][\/vc_row][vc_row full_width=&#8221;stretch_row&#8221; gap=&#8221;30&#8243; el_class=&#8221;sezione bg-light-grey&#8221;][vc_column width=&#8221;1\/2&#8243; el_class=&#8221;slideshow slideshow-small&#8221;][\/vc_column][vc_column width=&#8221;1\/12&#8243;][\/vc_column][vc_column width=&#8221;5\/12&#8243;][vc_column_text el_class=&#8221;red&#8221;]<\/p>\n<h2>ALOJAMENTO PARA JOVENS EM MIL\u00c3O<\/h2>\n<p>[\/vc_column_text][vc_column_text]Para garantir uma estadia confort\u00e1vel e aut\u00eantica, a Linguaviva oferece a op\u00e7\u00e3o de acomoda\u00e7\u00e3o em casa de fam\u00edlia em Mil\u00e3o para jovens participantes dos cursos de f\u00e9rias de ver\u00e3o. Voc\u00ea ser\u00e1 recebido por fam\u00edlias italianas acolhedoras que proporcionar\u00e3o um ambiente aconchegante e far\u00e3o com que voc\u00ea se sinta em casa. Ao morar com uma fam\u00edlia local, voc\u00ea ter\u00e1 a oportunidade de praticar o italiano diariamente, descobrir tradi\u00e7\u00f5es e mergulhar na cultura italiana. Voc\u00ea ser\u00e1 parte integrante da fam\u00edlia, criando la\u00e7os especiais e tendo a oportunidade de compartilhar experi\u00eancias aut\u00eanticas. A hospedagem em casa de fam\u00edlia \u00e9 uma maneira especial de aproveitar ao m\u00e1ximo sua experi\u00eancia de estudo em Mil\u00e3o e tornar sua estada inesquec\u00edvel.[\/vc_column_text][vc_btn title=&#8221;&#8221; align=&#8221;right&#8221; el_class=&#8221;btn-arrow-red&#8221; link=&#8221;url:https%3A%2F%2Flinguavivagroup.com%2Fpt-pt%2Facomodacoes%2Facomodacao-em-casa-de-familia-em-milao%2F&#8221;][\/vc_column][\/vc_row][vc_row][vc_column][vc_empty_space height=&#8221;90px&#8221;][\/vc_column][\/vc_row][vc_row full_width=&#8221;stretch_row&#8221; el_class=&#8221;sezione bg-white-blue&#8221;][vc_column width=&#8221;1\/12&#8243;][\/vc_column][vc_column width=&#8221;5\/12&#8243;][vc_column_text el_class=&#8221;white&#8221;]<\/p>\n<h2>FEES<\/h2>\n<p>[\/vc_column_text][vc_column_text el_class=&#8221;white&#8221;]Descubra os pre\u00e7os da estadia de estudo na It\u00e1lia com a Linguaviva.[\/vc_column_text][vc_btn title=&#8221;&#8221; align=&#8221;right&#8221; el_class=&#8221;btn-arrow-white&#8221; link=&#8221;url:https%3A%2F%2Flinguavivagroup.com%2Fpt-pt%2Ffees%2F&#8221;][\/vc_column][vc_column width=&#8221;1\/2&#8243;][\/vc_column][\/vc_row][vc_row][vc_column][vc_empty_space height=&#8221;90px&#8221;][\/vc_column][\/vc_row][vc_row full_width=&#8221;stretch_row_content_no_spaces&#8221;][vc_column][vc_single_image image=&#8221;2847&#8243; img_size=&#8221;full&#8221; el_class=&#8221;no-margin&#8221;][vc_row_inner el_class=&#8221;text-banner-destination&#8221;][vc_column_inner][vc_column_text]<\/p>\n<h2>DESCUBRA<br \/>\nFLOREN\u00c7A<\/h2>\n<p>[\/vc_column_text][vc_btn title=&#8221;&#8221; align=&#8221;right&#8221; el_class=&#8221;btn-arrow-white&#8221; link=&#8221;url:https%3A%2F%2Flinguavivagroup.com%2Fpt-pt%2Fcurso-de-ferias-para-jovens-em-florenca%2F&#8221;][vc_raw_html]JTNDc3R5bGUlM0UlMEEuZm9vdGVyLWZvcm0lMjAlN0JkaXNwbGF5JTNBJTIwbm9uZSUzQiU3RCUwQSUzQyUyRnN0eWxlJTNF[\/vc_raw_html][\/vc_column_inner][\/vc_row_inner][\/vc_column][\/vc_row]<\/p>\n<\/section>","protected":false},"excerpt":{"rendered":"<p>[vc_row full_width=&#8221;stretch_row_content_no_spaces&#8221; el_class=&#8221;header-image&#8221;][vc_column][vc_single_image image=&#8221;2522&#8243; img_size=&#8221;full&#8221; el_class=&#8221;img-header-big&#8221;][vc_single_image image=&#8221;2518&#8243; img_size=&#8221;full&#8221; el_class=&#8221;img-header-small&#8221;][\/vc_column][\/vc_row][vc_row el_class=&#8221;sezione&#8221;][vc_column width=&#8221;2\/12&#8243;][\/vc_column][vc_column width=&#8221;8\/12&#8243;][vc_column_text el_class=&#8221;red&#8221;] CURSO DE F\u00c9RIAS PARA JOVENS EM MIL\u00c3O [\/vc_column_text][vc_column_text]Venha passar as suas pr\u00f3ximas f\u00e9rias de ver\u00e3o conosco em Mil\u00e3o, onde moda, design e cultura se unem para criar uma experi\u00eancia rica, din\u00e2mica e, acima de tudo, divertida.[\/vc_column_text][\/vc_column][vc_column width=&#8221;2\/12&#8243;][\/vc_column][\/vc_row][vc_row full_width=&#8221;stretch_row&#8221; gap=&#8221;30&#8243; el_class=&#8221;sezione bg-red&#8221;][vc_column width=&#8221;5\/12&#8243;][vc_column_text [&hellip;]<\/p>\n","protected":false},"author":4,"featured_media":0,"parent":0,"menu_order":-1,"comment_status":"closed","ping_status":"closed","template":"","meta":{"inline_featured_image":false,"footnotes":""},"class_list":["post-3398","page","type-page","status-publish","hentry"],"yoast_head":"<!-- This site is optimized with the Yoast SEO plugin v27.2 - https:\/\/yoast.com\/product\/yoast-seo-wordpress\/ -->\n<title>CURSO DE F\u00c9RIAS PARA JOVENS EM MIL\u00c3O | Linguaviva Educational Group<\/title>\n<meta name=\"description\" content=\"Venha passar as suas pr\u00f3ximas f\u00e9rias de ver\u00e3o conosco em Mil\u00e3o, onde moda, design e cultura se unem para criar uma experi\u00eancia rica, din\u00e2mica e, acima de tudo, divertida.\" \/>\n<meta name=\"robots\" content=\"index, follow, max-snippet:-1, max-image-preview:large, max-video-preview:-1\" \/>\n<link rel=\"canonical\" href=\"https:\/\/linguavivagroup.com\/pt-pt\/curso-de-ferias-para-jovens-em-milao\/\" \/>\n<meta property=\"og:locale\" content=\"pt_PT\" \/>\n<meta property=\"og:type\" content=\"article\" \/>\n<meta property=\"og:title\" content=\"CURSO DE F\u00c9RIAS PARA JOVENS EM MIL\u00c3O | Linguaviva Educational Group\" \/>\n<meta property=\"og:description\" content=\"Venha passar as suas pr\u00f3ximas f\u00e9rias de ver\u00e3o conosco em Mil\u00e3o, onde moda, design e cultura se unem para criar uma experi\u00eancia rica, din\u00e2mica e, acima de tudo, divertida.\" \/>\n<meta property=\"og:url\" content=\"https:\/\/linguavivagroup.com\/pt-pt\/curso-de-ferias-para-jovens-em-milao\/\" \/>\n<meta property=\"og:site_name\" content=\"Linguaviva Educational Group\" \/>\n<meta property=\"article:modified_time\" content=\"2024-04-02T13:21:02+00:00\" \/>\n<meta property=\"og:image\" content=\"https:\/\/linguavivagroup.com\/wp-content\/uploads\/2023\/04\/Educational-group.jpg\" \/>\n\t<meta property=\"og:image:width\" content=\"1920\" \/>\n\t<meta property=\"og:image:height\" content=\"923\" \/>\n\t<meta property=\"og:image:type\" content=\"image\/jpeg\" \/>\n<meta name=\"twitter:card\" content=\"summary_large_image\" \/>\n<meta name=\"twitter:label1\" content=\"Tempo estimado de leitura\" \/>\n\t<meta name=\"twitter:data1\" content=\"3 minutos\" \/>\n<script type=\"application\/ld+json\" class=\"yoast-schema-graph\">{\"@context\":\"https:\/\/schema.org\",\"@graph\":[{\"@type\":\"WebPage\",\"@id\":\"https:\/\/linguavivagroup.com\/pt-pt\/curso-de-ferias-para-jovens-em-milao\/\",\"url\":\"https:\/\/linguavivagroup.com\/pt-pt\/curso-de-ferias-para-jovens-em-milao\/\",\"name\":\"CURSO DE F\u00c9RIAS PARA JOVENS EM MIL\u00c3O | Linguaviva Educational Group\",\"isPartOf\":{\"@id\":\"https:\/\/linguavivagroup.com\/pt-pt\/#website\"},\"datePublished\":\"2023-07-25T15:49:15+00:00\",\"dateModified\":\"2024-04-02T13:21:02+00:00\",\"description\":\"Venha passar as suas pr\u00f3ximas f\u00e9rias de ver\u00e3o conosco em Mil\u00e3o, onde moda, design e cultura se unem para criar uma experi\u00eancia rica, din\u00e2mica e, acima de tudo, divertida.\",\"breadcrumb\":{\"@id\":\"https:\/\/linguavivagroup.com\/pt-pt\/curso-de-ferias-para-jovens-em-milao\/#breadcrumb\"},\"inLanguage\":\"pt-PT\",\"potentialAction\":[{\"@type\":\"ReadAction\",\"target\":[\"https:\/\/linguavivagroup.com\/pt-pt\/curso-de-ferias-para-jovens-em-milao\/\"]}]},{\"@type\":\"BreadcrumbList\",\"@id\":\"https:\/\/linguavivagroup.com\/pt-pt\/curso-de-ferias-para-jovens-em-milao\/#breadcrumb\",\"itemListElement\":[{\"@type\":\"ListItem\",\"position\":1,\"name\":\"Home\",\"item\":\"https:\/\/linguavivagroup.com\/pt-pt\/\"},{\"@type\":\"ListItem\",\"position\":2,\"name\":\"CURSO DE F\u00c9RIAS PARA JOVENS EM MIL\u00c3O\"}]},{\"@type\":\"WebSite\",\"@id\":\"https:\/\/linguavivagroup.com\/pt-pt\/#website\",\"url\":\"https:\/\/linguavivagroup.com\/pt-pt\/\",\"name\":\"Linguaviva Educational Group\",\"description\":\"Study and learn italian in italy\",\"publisher\":{\"@id\":\"https:\/\/linguavivagroup.com\/pt-pt\/#organization\"},\"potentialAction\":[{\"@type\":\"SearchAction\",\"target\":{\"@type\":\"EntryPoint\",\"urlTemplate\":\"https:\/\/linguavivagroup.com\/pt-pt\/?s={search_term_string}\"},\"query-input\":{\"@type\":\"PropertyValueSpecification\",\"valueRequired\":true,\"valueName\":\"search_term_string\"}}],\"inLanguage\":\"pt-PT\"},{\"@type\":\"Organization\",\"@id\":\"https:\/\/linguavivagroup.com\/pt-pt\/#organization\",\"name\":\"Linguaviva Educational Group\",\"url\":\"https:\/\/linguavivagroup.com\/pt-pt\/\",\"logo\":{\"@type\":\"ImageObject\",\"inLanguage\":\"pt-PT\",\"@id\":\"https:\/\/linguavivagroup.com\/pt-pt\/#\/schema\/logo\/image\/\",\"url\":\"https:\/\/linguavivagroup.com\/wp-content\/uploads\/2026\/03\/logo-linguaviva-bianco-50-260.png\",\"contentUrl\":\"https:\/\/linguavivagroup.com\/wp-content\/uploads\/2026\/03\/logo-linguaviva-bianco-50-260.png\",\"width\":260,\"height\":48,\"caption\":\"Linguaviva Educational Group\"},\"image\":{\"@id\":\"https:\/\/linguavivagroup.com\/pt-pt\/#\/schema\/logo\/image\/\"}}]}<\/script>\n<!-- \/ Yoast SEO plugin. -->","yoast_head_json":{"title":"CURSO DE F\u00c9RIAS PARA JOVENS EM MIL\u00c3O | Linguaviva Educational Group","description":"Venha passar as suas pr\u00f3ximas f\u00e9rias de ver\u00e3o conosco em Mil\u00e3o, onde moda, design e cultura se unem para criar uma experi\u00eancia rica, din\u00e2mica e, acima de tudo, divertida.","robots":{"index":"index","follow":"follow","max-snippet":"max-snippet:-1","max-image-preview":"max-image-preview:large","max-video-preview":"max-video-preview:-1"},"canonical":"https:\/\/linguavivagroup.com\/pt-pt\/curso-de-ferias-para-jovens-em-milao\/","og_locale":"pt_PT","og_type":"article","og_title":"CURSO DE F\u00c9RIAS PARA JOVENS EM MIL\u00c3O | Linguaviva Educational Group","og_description":"Venha passar as suas pr\u00f3ximas f\u00e9rias de ver\u00e3o conosco em Mil\u00e3o, onde moda, design e cultura se unem para criar uma experi\u00eancia rica, din\u00e2mica e, acima de tudo, divertida.","og_url":"https:\/\/linguavivagroup.com\/pt-pt\/curso-de-ferias-para-jovens-em-milao\/","og_site_name":"Linguaviva Educational Group","article_modified_time":"2024-04-02T13:21:02+00:00","og_image":[{"width":1920,"height":923,"url":"https:\/\/linguavivagroup.com\/wp-content\/uploads\/2023\/04\/Educational-group.jpg","type":"image\/jpeg"}],"twitter_card":"summary_large_image","twitter_misc":{"Tempo estimado de leitura":"3 minutos"},"schema":{"@context":"https:\/\/schema.org","@graph":[{"@type":"WebPage","@id":"https:\/\/linguavivagroup.com\/pt-pt\/curso-de-ferias-para-jovens-em-milao\/","url":"https:\/\/linguavivagroup.com\/pt-pt\/curso-de-ferias-para-jovens-em-milao\/","name":"CURSO DE F\u00c9RIAS PARA JOVENS EM MIL\u00c3O | Linguaviva Educational Group","isPartOf":{"@id":"https:\/\/linguavivagroup.com\/pt-pt\/#website"},"datePublished":"2023-07-25T15:49:15+00:00","dateModified":"2024-04-02T13:21:02+00:00","description":"Venha passar as suas pr\u00f3ximas f\u00e9rias de ver\u00e3o conosco em Mil\u00e3o, onde moda, design e cultura se unem para criar uma experi\u00eancia rica, din\u00e2mica e, acima de tudo, divertida.","breadcrumb":{"@id":"https:\/\/linguavivagroup.com\/pt-pt\/curso-de-ferias-para-jovens-em-milao\/#breadcrumb"},"inLanguage":"pt-PT","potentialAction":[{"@type":"ReadAction","target":["https:\/\/linguavivagroup.com\/pt-pt\/curso-de-ferias-para-jovens-em-milao\/"]}]},{"@type":"BreadcrumbList","@id":"https:\/\/linguavivagroup.com\/pt-pt\/curso-de-ferias-para-jovens-em-milao\/#breadcrumb","itemListElement":[{"@type":"ListItem","position":1,"name":"Home","item":"https:\/\/linguavivagroup.com\/pt-pt\/"},{"@type":"ListItem","position":2,"name":"CURSO DE F\u00c9RIAS PARA JOVENS EM MIL\u00c3O"}]},{"@type":"WebSite","@id":"https:\/\/linguavivagroup.com\/pt-pt\/#website","url":"https:\/\/linguavivagroup.com\/pt-pt\/","name":"Linguaviva Educational Group","description":"Study and learn italian in italy","publisher":{"@id":"https:\/\/linguavivagroup.com\/pt-pt\/#organization"},"potentialAction":[{"@type":"SearchAction","target":{"@type":"EntryPoint","urlTemplate":"https:\/\/linguavivagroup.com\/pt-pt\/?s={search_term_string}"},"query-input":{"@type":"PropertyValueSpecification","valueRequired":true,"valueName":"search_term_string"}}],"inLanguage":"pt-PT"},{"@type":"Organization","@id":"https:\/\/linguavivagroup.com\/pt-pt\/#organization","name":"Linguaviva Educational Group","url":"https:\/\/linguavivagroup.com\/pt-pt\/","logo":{"@type":"ImageObject","inLanguage":"pt-PT","@id":"https:\/\/linguavivagroup.com\/pt-pt\/#\/schema\/logo\/image\/","url":"https:\/\/linguavivagroup.com\/wp-content\/uploads\/2026\/03\/logo-linguaviva-bianco-50-260.png","contentUrl":"https:\/\/linguavivagroup.com\/wp-content\/uploads\/2026\/03\/logo-linguaviva-bianco-50-260.png","width":260,"height":48,"caption":"Linguaviva Educational Group"},"image":{"@id":"https:\/\/linguavivagroup.com\/pt-pt\/#\/schema\/logo\/image\/"}}]}},"_links":{"self":[{"href":"https:\/\/linguavivagroup.com\/pt-pt\/wp-json\/wp\/v2\/pages\/3398","targetHints":{"allow":["GET"]}}],"collection":[{"href":"https:\/\/linguavivagroup.com\/pt-pt\/wp-json\/wp\/v2\/pages"}],"about":[{"href":"https:\/\/linguavivagroup.com\/pt-pt\/wp-json\/wp\/v2\/types\/page"}],"author":[{"embeddable":true,"href":"https:\/\/linguavivagroup.com\/pt-pt\/wp-json\/wp\/v2\/users\/4"}],"replies":[{"embeddable":true,"href":"https:\/\/linguavivagroup.com\/pt-pt\/wp-json\/wp\/v2\/comments?post=3398"}],"version-history":[{"count":10,"href":"https:\/\/linguavivagroup.com\/pt-pt\/wp-json\/wp\/v2\/pages\/3398\/revisions"}],"predecessor-version":[{"id":9825,"href":"https:\/\/linguavivagroup.com\/pt-pt\/wp-json\/wp\/v2\/pages\/3398\/revisions\/9825"}],"wp:attachment":[{"href":"https:\/\/linguavivagroup.com\/pt-pt\/wp-json\/wp\/v2\/media?parent=3398"}],"curies":[{"name":"wp","href":"https:\/\/api.w.org\/{rel}","templated":true}]}}