{"id":3401,"date":"2023-07-26T09:55:52","date_gmt":"2023-07-26T07:55:52","guid":{"rendered":"https:\/\/linguavivagroup.com\/?page_id=3401"},"modified":"2024-04-02T15:14:43","modified_gmt":"2024-04-02T13:14:43","slug":"curso-de-ferias-para-jovens-em-lignano","status":"publish","type":"page","link":"https:\/\/linguavivagroup.com\/pt-pt\/curso-de-ferias-para-jovens-em-lignano\/","title":{"rendered":"CURSO DE F\u00c9RIAS PARA JOVENS EM LIGNANO"},"content":{"rendered":"<section class=\"wpb-content-wrapper\"><p>[vc_row full_width=&#8221;stretch_row_content_no_spaces&#8221; el_class=&#8221;header-image&#8221;][vc_column][vc_single_image image=&#8221;2926&#8243; img_size=&#8221;full&#8221; el_class=&#8221;img-header-big&#8221;][vc_single_image image=&#8221;2922&#8243; img_size=&#8221;full&#8221; el_class=&#8221;img-header-small&#8221;][\/vc_column][\/vc_row][vc_row el_class=&#8221;sezione&#8221;][vc_column width=&#8221;2\/12&#8243;][\/vc_column][vc_column width=&#8221;8\/12&#8243;][vc_column_text el_class=&#8221;red&#8221;]<\/p>\n<h1 style=\"text-align: center;\">CURSO DE F\u00c9RIAS PARA JOVENS EM LIGNANO<\/h1>\n<p>[\/vc_column_text][vc_column_text]Venha passar as suas pr\u00f3ximas f\u00e9rias de ver\u00e3o conosco em Lignano Sabbiadoro, onde o sol, as praias de areia fina e a brisa suave do mar proporcionar\u00e3o uma experi\u00eancia de estudo fant\u00e1stica.[\/vc_column_text][\/vc_column][vc_column width=&#8221;2\/12&#8243;][\/vc_column][\/vc_row][vc_row full_width=&#8221;stretch_row&#8221; gap=&#8221;30&#8243; el_class=&#8221;sezione bg-red&#8221;][vc_column width=&#8221;5\/12&#8243;][vc_column_text el_class=&#8221;white&#8221;]<\/p>\n<h2>DIVIRTA-SE E APRENDA O IDIOMA EM LIGNANO<\/h2>\n<p>[\/vc_column_text][vc_column_text el_class=&#8221;white&#8221;]A col\u00f4nia de f\u00e9rias de ver\u00e3o da Linguaviva em Lignano Sabbiadoro \u00e9 uma oportunidade \u00fanica de aprender italiano de forma divertida e din\u00e2mica. As aulas acontecem em um ambiente estimulante, onde voc\u00ea pode praticar o italiano por meio de atividades interativas e di\u00e1logos em grupo. Al\u00e9m das aulas em sala de aula, voc\u00ea ter\u00e1 a oportunidade de participar de excurs\u00f5es culturais e experi\u00eancias emocionantes. Com uma rede de professores altamente qualificados, o curso de col\u00f4nia de f\u00e9rias da Linguaviva consegue combinar da melhor forma poss\u00edvel uma forma\u00e7\u00e3o de alto n\u00edvel no idioma com v\u00e1rias atividades extra, como esportes e passeios cuidadosamente supervisionados. Praias com servi\u00e7os excelentes, parques de divers\u00f5es, culin\u00e1ria italiana, deliciosas sorveterias e, \u00e9 claro, a excel\u00eancia do curso da Linguaviva esperam por voc\u00ea na col\u00f4nia de f\u00e9rias de ver\u00e3o de Lignano Sabbiadoro.[\/vc_column_text][vc_btn title=&#8221;&#8221; align=&#8221;right&#8221; el_class=&#8221;btn-arrow-white&#8221; link=&#8221;url:https%3A%2F%2Flinguavivagroup.com%2Fpt-pt%2Fcursos%2Fferias-de-estudo-linguaviva-curso-para-adolescentes-em-lignano%2F&#8221;][\/vc_column][vc_column width=&#8221;1\/12&#8243;][\/vc_column][vc_column width=&#8221;1\/2&#8243; el_class=&#8221;slideshow slideshow-small&#8221;][vc_images_carousel images=&#8221;2946,2950,2954,2958&#8243; img_size=&#8221;full&#8221; onclick=&#8221;link_no&#8221; wrap=&#8221;yes&#8221;][vc_single_image image=&#8221;312&#8243; img_size=&#8221;full&#8221; el_class=&#8221;square square-small s-top-50 s-right-50&#8243;][vc_single_image image=&#8221;336&#8243; img_size=&#8221;full&#8221; el_class=&#8221;square square-small s-top-50 s-right50&#8243;][vc_single_image image=&#8221;336&#8243; img_size=&#8221;full&#8221; el_class=&#8221;square square-small s-top50 s-right-50&#8243;][vc_single_image image=&#8221;336&#8243; img_size=&#8221;full&#8221; el_class=&#8221;square square-small s-bottom-50 s-left-50&#8243;][\/vc_column][\/vc_row][vc_row full_width=&#8221;stretch_row&#8221; gap=&#8221;30&#8243; el_class=&#8221;sezione bg-red no-padding-bottom&#8221;][vc_column width=&#8221;6\/12&#8243; el_class=&#8221;slideshow slideshow-small&#8221;][vc_images_carousel images=&#8221;2930,2934,2938,2942&#8243; img_size=&#8221;full&#8221; onclick=&#8221;link_no&#8221; wrap=&#8221;yes&#8221;][vc_single_image image=&#8221;312&#8243; img_size=&#8221;full&#8221; el_class=&#8221;square square-small s-bottom-50 s-left-50&#8243;][vc_single_image image=&#8221;336&#8243; img_size=&#8221;full&#8221; el_class=&#8221;square square-small s-bottom-50 s-left50&#8243;][vc_single_image image=&#8221;336&#8243; img_size=&#8221;full&#8221; el_class=&#8221;square square-small s-bottom50 s-left-50&#8243;][vc_single_image image=&#8221;336&#8243; img_size=&#8221;full&#8221; el_class=&#8221;square square-small s-top-50 s-right-50&#8243;][\/vc_column][vc_column width=&#8221;1\/12&#8243;][\/vc_column][vc_column width=&#8221;5\/12&#8243;][vc_column_text el_class=&#8221;white&#8221;]<\/p>\n<h2>LIGNANO: DESTINO DE DIVERS\u00c3O<\/h2>\n<p>[\/vc_column_text][vc_column_text el_class=&#8221;white&#8221;]As praias douradas e o mar cristalino de Lignano Sabbiadoro est\u00e3o esperando por voc\u00ea! Esse encantador balne\u00e1rio \u00e0 beira-mar na costa do Adri\u00e1tico \u00e9 o lugar ideal para voc\u00ea passar o seu pr\u00f3ximo ver\u00e3o. As longas faixas de areia convidam voc\u00ea a relaxar, enquanto as \u00e1guas calmas e temperadas s\u00e3o perfeitas para nadar e se divertir. Com atra\u00e7\u00f5es e atividades, Lignano Sabbiadoro \u00e9 um para\u00edso para jovens em busca de aventura. Conhe\u00e7a o parque aqu\u00e1tico, fa\u00e7a um passeio de bicicleta pela ciclovia ou curta a noite fazendo compras, indo a restaurantes e sorveterias t\u00edpicas. Lignano Sabbiadoro espera por voc\u00ea com seu clima mediterr\u00e2neo e clima animado, pronta para proporcionar momentos inesquec\u00edveis.[\/vc_column_text][vc_btn title=&#8221;&#8221; align=&#8221;right&#8221; el_class=&#8221;btn-arrow-white&#8221; link=&#8221;url:https%3A%2F%2Flinguavivagroup.com%2Fpt-pt%2Fdestino-lignano%2F&#8221;][\/vc_column][\/vc_row][vc_row full_width=&#8221;stretch_row&#8221; gap=&#8221;30&#8243; el_class=&#8221;sezione bg-light-grey&#8221;][vc_column width=&#8221;1\/2&#8243; el_class=&#8221;slideshow slideshow-small&#8221;][vc_images_carousel images=&#8221;2962,2966,2970&#8243; img_size=&#8221;full&#8221; onclick=&#8221;link_no&#8221; wrap=&#8221;yes&#8221;][\/vc_column][vc_column width=&#8221;1\/12&#8243;][\/vc_column][vc_column width=&#8221;5\/12&#8243;][vc_column_text el_class=&#8221;red&#8221;]<\/p>\n<h2>ALOJAMENTO PARA JOVENS EM LIGNANO<\/h2>\n<p>[\/vc_column_text][vc_column_text]Para os jovens estudantes que escolhem a col\u00f4nia de f\u00e9rias de ver\u00e3o da Linguaviva em Lignano Sabbiadoro, oferecemos acomoda\u00e7\u00e3o com pens\u00e3o completa. Voc\u00ea se hospedar\u00e1 em uma resid\u00eancia totalmente equipada com pens\u00e3o completa, onde ter\u00e1 tudo o que precisa para uma estadia agrad\u00e1vel e relaxante. Os quartos s\u00e3o confort\u00e1veis e com banheiro privativo, e voc\u00ea poder\u00e1 desfrutar de refei\u00e7\u00f5es deliciosas preparadas com produtos locais frescos. A resid\u00eancia tamb\u00e9m oferece \u00e1reas comuns para socializar com outros alunos e organiza atividades de entretenimento noturno para tornar sua estadia ainda mais divertida. Garantimos um ambiente seguro e acolhedor onde voc\u00ea pode aproveitar ao m\u00e1ximo sua experi\u00eancia em Lignano Sabbiadoro.[\/vc_column_text][vc_btn title=&#8221;&#8221; align=&#8221;right&#8221; el_class=&#8221;btn-arrow-red&#8221; link=&#8221;url:https%3A%2F%2Flinguavivagroup.com%2Fpt-pt%2Facomodacoes%2Facomodacao-residencial%2F&#8221;][\/vc_column][\/vc_row][vc_row][vc_column][vc_empty_space height=&#8221;90px&#8221;][\/vc_column][\/vc_row][vc_row full_width=&#8221;stretch_row&#8221; el_class=&#8221;sezione bg-white-blue&#8221;][vc_column width=&#8221;1\/12&#8243;][\/vc_column][vc_column width=&#8221;5\/12&#8243;][vc_column_text el_class=&#8221;white&#8221;]<\/p>\n<h2>FEES<\/h2>\n<p>[\/vc_column_text][vc_column_text el_class=&#8221;white&#8221;]Descubra os pre\u00e7os da estadia de estudo na It\u00e1lia com a Linguaviva.[\/vc_column_text][vc_btn title=&#8221;&#8221; align=&#8221;right&#8221; el_class=&#8221;btn-arrow-white&#8221; link=&#8221;url:https%3A%2F%2Flinguavivagroup.com%2Fpt-pt%2Ffees%2F&#8221;][\/vc_column][vc_column width=&#8221;1\/2&#8243;][\/vc_column][\/vc_row][vc_row][vc_column][vc_empty_space height=&#8221;90px&#8221;][\/vc_column][\/vc_row][vc_row full_width=&#8221;stretch_row_content_no_spaces&#8221;][vc_column][vc_single_image image=&#8221;2847&#8243; img_size=&#8221;full&#8221; el_class=&#8221;no-margin&#8221;][vc_row_inner el_class=&#8221;text-banner-destination&#8221;][vc_column_inner][vc_column_text]<\/p>\n<h2>DESCUBRA<br \/>\nFLOREN\u00c7A<\/h2>\n<p>[\/vc_column_text][vc_btn title=&#8221;&#8221; align=&#8221;right&#8221; el_class=&#8221;btn-arrow-white&#8221; link=&#8221;url:https%3A%2F%2Flinguavivagroup.com%2Fpt-pt%2Fcurso-de-ferias-para-jovens-em-florenca%2F&#8221;][vc_raw_html]JTNDc3R5bGUlM0UlMEEuZm9vdGVyLWZvcm0lMjAlN0JkaXNwbGF5JTNBJTIwbm9uZSUzQiU3RCUwQSUzQyUyRnN0eWxlJTNF[\/vc_raw_html][\/vc_column_inner][\/vc_row_inner][\/vc_column][\/vc_row][vc_row full_width=&#8221;stretch_row_content_no_spaces&#8221;][vc_column][vc_single_image image=&#8221;8120&#8243; img_size=&#8221;full&#8221; el_class=&#8221;no-margin&#8221;][vc_row_inner el_class=&#8221;text-banner-destination&#8221;][vc_column_inner][vc_column_text]<\/p>\n<h2>DESCUBRA<br \/>\nMIL\u00c3O<\/h2>\n<p>[\/vc_column_text][vc_btn title=&#8221;&#8221; align=&#8221;right&#8221; el_class=&#8221;btn-arrow-white&#8221; link=&#8221;url:https%3A%2F%2Flinguavivagroup.com%2Fpt-pt%2Fcurso-de-ferias-para-jovens-em-milao%2F&#8221;][vc_raw_html]JTNDc3R5bGUlM0UlMEEuZm9vdGVyLWZvcm0lMjAlN0JkaXNwbGF5JTNBJTIwbm9uZSUzQiU3RCUwQSUzQyUyRnN0eWxlJTNF[\/vc_raw_html][\/vc_column_inner][\/vc_row_inner][\/vc_column][\/vc_row]<\/p>\n<\/section>","protected":false},"excerpt":{"rendered":"<p>[vc_row full_width=&#8221;stretch_row_content_no_spaces&#8221; el_class=&#8221;header-image&#8221;][vc_column][vc_single_image image=&#8221;2926&#8243; img_size=&#8221;full&#8221; el_class=&#8221;img-header-big&#8221;][vc_single_image image=&#8221;2922&#8243; img_size=&#8221;full&#8221; el_class=&#8221;img-header-small&#8221;][\/vc_column][\/vc_row][vc_row el_class=&#8221;sezione&#8221;][vc_column width=&#8221;2\/12&#8243;][\/vc_column][vc_column width=&#8221;8\/12&#8243;][vc_column_text el_class=&#8221;red&#8221;] CURSO DE F\u00c9RIAS PARA JOVENS EM LIGNANO [\/vc_column_text][vc_column_text]Venha passar as suas pr\u00f3ximas f\u00e9rias de ver\u00e3o conosco em Lignano Sabbiadoro, onde o sol, as praias de areia fina e a brisa suave do mar proporcionar\u00e3o uma experi\u00eancia de estudo fant\u00e1stica.[\/vc_column_text][\/vc_column][vc_column width=&#8221;2\/12&#8243;][\/vc_column][\/vc_row][vc_row full_width=&#8221;stretch_row&#8221; gap=&#8221;30&#8243; [&hellip;]<\/p>\n","protected":false},"author":4,"featured_media":0,"parent":0,"menu_order":-1,"comment_status":"closed","ping_status":"closed","template":"","meta":{"inline_featured_image":false,"footnotes":""},"class_list":["post-3401","page","type-page","status-publish","hentry"],"yoast_head":"<!-- This site is optimized with the Yoast SEO plugin v27.2 - https:\/\/yoast.com\/product\/yoast-seo-wordpress\/ -->\n<title>CURSO DE F\u00c9RIAS PARA JOVENS EM LIGNANO | Linguaviva Educational Group<\/title>\n<meta name=\"description\" content=\"Venha passar as suas pr\u00f3ximas f\u00e9rias de ver\u00e3o conosco em Lignano Sabbiadoro, onde o sol, as praias de areia fina e a brisa suave do mar proporcionar\u00e3o uma experi\u00eancia de estudo fant\u00e1stica.\" \/>\n<meta name=\"robots\" content=\"index, follow, max-snippet:-1, max-image-preview:large, max-video-preview:-1\" \/>\n<link rel=\"canonical\" href=\"https:\/\/linguavivagroup.com\/pt-pt\/curso-de-ferias-para-jovens-em-lignano\/\" \/>\n<meta property=\"og:locale\" content=\"pt_PT\" \/>\n<meta property=\"og:type\" content=\"article\" \/>\n<meta property=\"og:title\" content=\"CURSO DE F\u00c9RIAS PARA JOVENS EM LIGNANO | Linguaviva Educational Group\" \/>\n<meta property=\"og:description\" content=\"Venha passar as suas pr\u00f3ximas f\u00e9rias de ver\u00e3o conosco em Lignano Sabbiadoro, onde o sol, as praias de areia fina e a brisa suave do mar proporcionar\u00e3o uma experi\u00eancia de estudo fant\u00e1stica.\" \/>\n<meta property=\"og:url\" content=\"https:\/\/linguavivagroup.com\/pt-pt\/curso-de-ferias-para-jovens-em-lignano\/\" \/>\n<meta property=\"og:site_name\" content=\"Linguaviva Educational Group\" \/>\n<meta property=\"article:modified_time\" content=\"2024-04-02T13:14:43+00:00\" \/>\n<meta property=\"og:image\" content=\"https:\/\/linguavivagroup.com\/wp-content\/uploads\/2023\/04\/Educational-group.jpg\" \/>\n\t<meta property=\"og:image:width\" content=\"1920\" \/>\n\t<meta property=\"og:image:height\" content=\"923\" \/>\n\t<meta property=\"og:image:type\" content=\"image\/jpeg\" \/>\n<meta name=\"twitter:card\" content=\"summary_large_image\" \/>\n<meta name=\"twitter:label1\" content=\"Tempo estimado de leitura\" \/>\n\t<meta name=\"twitter:data1\" content=\"3 minutos\" \/>\n<script type=\"application\/ld+json\" class=\"yoast-schema-graph\">{\"@context\":\"https:\/\/schema.org\",\"@graph\":[{\"@type\":\"WebPage\",\"@id\":\"https:\/\/linguavivagroup.com\/pt-pt\/curso-de-ferias-para-jovens-em-lignano\/\",\"url\":\"https:\/\/linguavivagroup.com\/pt-pt\/curso-de-ferias-para-jovens-em-lignano\/\",\"name\":\"CURSO DE F\u00c9RIAS PARA JOVENS EM LIGNANO | Linguaviva Educational Group\",\"isPartOf\":{\"@id\":\"https:\/\/linguavivagroup.com\/pt-pt\/#website\"},\"datePublished\":\"2023-07-26T07:55:52+00:00\",\"dateModified\":\"2024-04-02T13:14:43+00:00\",\"description\":\"Venha passar as suas pr\u00f3ximas f\u00e9rias de ver\u00e3o conosco em Lignano Sabbiadoro, onde o sol, as praias de areia fina e a brisa suave do mar proporcionar\u00e3o uma experi\u00eancia de estudo fant\u00e1stica.\",\"breadcrumb\":{\"@id\":\"https:\/\/linguavivagroup.com\/pt-pt\/curso-de-ferias-para-jovens-em-lignano\/#breadcrumb\"},\"inLanguage\":\"pt-PT\",\"potentialAction\":[{\"@type\":\"ReadAction\",\"target\":[\"https:\/\/linguavivagroup.com\/pt-pt\/curso-de-ferias-para-jovens-em-lignano\/\"]}]},{\"@type\":\"BreadcrumbList\",\"@id\":\"https:\/\/linguavivagroup.com\/pt-pt\/curso-de-ferias-para-jovens-em-lignano\/#breadcrumb\",\"itemListElement\":[{\"@type\":\"ListItem\",\"position\":1,\"name\":\"Home\",\"item\":\"https:\/\/linguavivagroup.com\/pt-pt\/\"},{\"@type\":\"ListItem\",\"position\":2,\"name\":\"CURSO DE F\u00c9RIAS PARA JOVENS EM LIGNANO\"}]},{\"@type\":\"WebSite\",\"@id\":\"https:\/\/linguavivagroup.com\/pt-pt\/#website\",\"url\":\"https:\/\/linguavivagroup.com\/pt-pt\/\",\"name\":\"Linguaviva Educational Group\",\"description\":\"Study and learn italian in italy\",\"publisher\":{\"@id\":\"https:\/\/linguavivagroup.com\/pt-pt\/#organization\"},\"potentialAction\":[{\"@type\":\"SearchAction\",\"target\":{\"@type\":\"EntryPoint\",\"urlTemplate\":\"https:\/\/linguavivagroup.com\/pt-pt\/?s={search_term_string}\"},\"query-input\":{\"@type\":\"PropertyValueSpecification\",\"valueRequired\":true,\"valueName\":\"search_term_string\"}}],\"inLanguage\":\"pt-PT\"},{\"@type\":\"Organization\",\"@id\":\"https:\/\/linguavivagroup.com\/pt-pt\/#organization\",\"name\":\"Linguaviva Educational Group\",\"url\":\"https:\/\/linguavivagroup.com\/pt-pt\/\",\"logo\":{\"@type\":\"ImageObject\",\"inLanguage\":\"pt-PT\",\"@id\":\"https:\/\/linguavivagroup.com\/pt-pt\/#\/schema\/logo\/image\/\",\"url\":\"https:\/\/linguavivagroup.com\/wp-content\/uploads\/2026\/03\/logo-linguaviva-bianco-50-260.png\",\"contentUrl\":\"https:\/\/linguavivagroup.com\/wp-content\/uploads\/2026\/03\/logo-linguaviva-bianco-50-260.png\",\"width\":260,\"height\":48,\"caption\":\"Linguaviva Educational Group\"},\"image\":{\"@id\":\"https:\/\/linguavivagroup.com\/pt-pt\/#\/schema\/logo\/image\/\"}}]}<\/script>\n<!-- \/ Yoast SEO plugin. -->","yoast_head_json":{"title":"CURSO DE F\u00c9RIAS PARA JOVENS EM LIGNANO | Linguaviva Educational Group","description":"Venha passar as suas pr\u00f3ximas f\u00e9rias de ver\u00e3o conosco em Lignano Sabbiadoro, onde o sol, as praias de areia fina e a brisa suave do mar proporcionar\u00e3o uma experi\u00eancia de estudo fant\u00e1stica.","robots":{"index":"index","follow":"follow","max-snippet":"max-snippet:-1","max-image-preview":"max-image-preview:large","max-video-preview":"max-video-preview:-1"},"canonical":"https:\/\/linguavivagroup.com\/pt-pt\/curso-de-ferias-para-jovens-em-lignano\/","og_locale":"pt_PT","og_type":"article","og_title":"CURSO DE F\u00c9RIAS PARA JOVENS EM LIGNANO | Linguaviva Educational Group","og_description":"Venha passar as suas pr\u00f3ximas f\u00e9rias de ver\u00e3o conosco em Lignano Sabbiadoro, onde o sol, as praias de areia fina e a brisa suave do mar proporcionar\u00e3o uma experi\u00eancia de estudo fant\u00e1stica.","og_url":"https:\/\/linguavivagroup.com\/pt-pt\/curso-de-ferias-para-jovens-em-lignano\/","og_site_name":"Linguaviva Educational Group","article_modified_time":"2024-04-02T13:14:43+00:00","og_image":[{"width":1920,"height":923,"url":"https:\/\/linguavivagroup.com\/wp-content\/uploads\/2023\/04\/Educational-group.jpg","type":"image\/jpeg"}],"twitter_card":"summary_large_image","twitter_misc":{"Tempo estimado de leitura":"3 minutos"},"schema":{"@context":"https:\/\/schema.org","@graph":[{"@type":"WebPage","@id":"https:\/\/linguavivagroup.com\/pt-pt\/curso-de-ferias-para-jovens-em-lignano\/","url":"https:\/\/linguavivagroup.com\/pt-pt\/curso-de-ferias-para-jovens-em-lignano\/","name":"CURSO DE F\u00c9RIAS PARA JOVENS EM LIGNANO | Linguaviva Educational Group","isPartOf":{"@id":"https:\/\/linguavivagroup.com\/pt-pt\/#website"},"datePublished":"2023-07-26T07:55:52+00:00","dateModified":"2024-04-02T13:14:43+00:00","description":"Venha passar as suas pr\u00f3ximas f\u00e9rias de ver\u00e3o conosco em Lignano Sabbiadoro, onde o sol, as praias de areia fina e a brisa suave do mar proporcionar\u00e3o uma experi\u00eancia de estudo fant\u00e1stica.","breadcrumb":{"@id":"https:\/\/linguavivagroup.com\/pt-pt\/curso-de-ferias-para-jovens-em-lignano\/#breadcrumb"},"inLanguage":"pt-PT","potentialAction":[{"@type":"ReadAction","target":["https:\/\/linguavivagroup.com\/pt-pt\/curso-de-ferias-para-jovens-em-lignano\/"]}]},{"@type":"BreadcrumbList","@id":"https:\/\/linguavivagroup.com\/pt-pt\/curso-de-ferias-para-jovens-em-lignano\/#breadcrumb","itemListElement":[{"@type":"ListItem","position":1,"name":"Home","item":"https:\/\/linguavivagroup.com\/pt-pt\/"},{"@type":"ListItem","position":2,"name":"CURSO DE F\u00c9RIAS PARA JOVENS EM LIGNANO"}]},{"@type":"WebSite","@id":"https:\/\/linguavivagroup.com\/pt-pt\/#website","url":"https:\/\/linguavivagroup.com\/pt-pt\/","name":"Linguaviva Educational Group","description":"Study and learn italian in italy","publisher":{"@id":"https:\/\/linguavivagroup.com\/pt-pt\/#organization"},"potentialAction":[{"@type":"SearchAction","target":{"@type":"EntryPoint","urlTemplate":"https:\/\/linguavivagroup.com\/pt-pt\/?s={search_term_string}"},"query-input":{"@type":"PropertyValueSpecification","valueRequired":true,"valueName":"search_term_string"}}],"inLanguage":"pt-PT"},{"@type":"Organization","@id":"https:\/\/linguavivagroup.com\/pt-pt\/#organization","name":"Linguaviva Educational Group","url":"https:\/\/linguavivagroup.com\/pt-pt\/","logo":{"@type":"ImageObject","inLanguage":"pt-PT","@id":"https:\/\/linguavivagroup.com\/pt-pt\/#\/schema\/logo\/image\/","url":"https:\/\/linguavivagroup.com\/wp-content\/uploads\/2026\/03\/logo-linguaviva-bianco-50-260.png","contentUrl":"https:\/\/linguavivagroup.com\/wp-content\/uploads\/2026\/03\/logo-linguaviva-bianco-50-260.png","width":260,"height":48,"caption":"Linguaviva Educational Group"},"image":{"@id":"https:\/\/linguavivagroup.com\/pt-pt\/#\/schema\/logo\/image\/"}}]}},"_links":{"self":[{"href":"https:\/\/linguavivagroup.com\/pt-pt\/wp-json\/wp\/v2\/pages\/3401","targetHints":{"allow":["GET"]}}],"collection":[{"href":"https:\/\/linguavivagroup.com\/pt-pt\/wp-json\/wp\/v2\/pages"}],"about":[{"href":"https:\/\/linguavivagroup.com\/pt-pt\/wp-json\/wp\/v2\/types\/page"}],"author":[{"embeddable":true,"href":"https:\/\/linguavivagroup.com\/pt-pt\/wp-json\/wp\/v2\/users\/4"}],"replies":[{"embeddable":true,"href":"https:\/\/linguavivagroup.com\/pt-pt\/wp-json\/wp\/v2\/comments?post=3401"}],"version-history":[{"count":8,"href":"https:\/\/linguavivagroup.com\/pt-pt\/wp-json\/wp\/v2\/pages\/3401\/revisions"}],"predecessor-version":[{"id":8455,"href":"https:\/\/linguavivagroup.com\/pt-pt\/wp-json\/wp\/v2\/pages\/3401\/revisions\/8455"}],"wp:attachment":[{"href":"https:\/\/linguavivagroup.com\/pt-pt\/wp-json\/wp\/v2\/media?parent=3401"}],"curies":[{"name":"wp","href":"https:\/\/api.w.org\/{rel}","templated":true}]}}